{"id":3611,"date":"2021-01-05T13:55:08","date_gmt":"2021-01-05T13:55:08","guid":{"rendered":"https:\/\/cpaptek.ca\/?page_id=3611"},"modified":"2021-08-15T04:38:00","modified_gmt":"2021-08-15T04:38:00","slug":"asthme","status":"publish","type":"page","link":"https:\/\/respiart.ca\/fr\/asthma\/","title":{"rendered":"\u00c9ducation"},"content":{"rendered":"<div class=\"fusion-fullwidth fullwidth-box fusion-builder-row-1 fusion-flex-container nonhundred-percent-fullwidth non-hundred-percent-height-scrolling\" style=\"--awb-border-radius-top-left:0px;--awb-border-radius-top-right:0px;--awb-border-radius-bottom-right:0px;--awb-border-radius-bottom-left:0px;--awb-flex-wrap:wrap;\" ><div class=\"fusion-builder-row fusion-row fusion-flex-align-items-flex-start fusion-flex-content-wrap\" style=\"max-width:1216.8px;margin-left: calc(-4% \/ 2 );margin-right: calc(-4% \/ 2 );\"><div class=\"fusion-layout-column fusion_builder_column fusion-builder-column-0 fusion_builder_column_1_1 1_1 fusion-flex-column\" style=\"--awb-bg-size:cover;--awb-width-large:100%;--awb-margin-top-large:0px;--awb-spacing-right-large:1.92%;--awb-margin-bottom-large:20px;--awb-spacing-left-large:1.92%;--awb-width-medium:100%;--awb-order-medium:0;--awb-spacing-right-medium:1.92%;--awb-spacing-left-medium:1.92%;--awb-width-small:100%;--awb-order-small:0;--awb-spacing-right-small:1.92%;--awb-spacing-left-small:1.92%;\"><div class=\"fusion-column-wrapper fusion-column-has-shadow fusion-flex-justify-content-flex-start fusion-content-layout-column\"><div class=\"fusion-tabs fusion-tabs-1 classic vertical-tabs icon-position-left mobile-mode-accordion\" style=\"--awb-title-border-radius-top-left:0px;--awb-title-border-radius-top-right:0px;--awb-title-border-radius-bottom-right:0px;--awb-title-border-radius-bottom-left:0px;--awb-inactive-color:#f6f6f6;--awb-background-color:#ffffff;--awb-border-color:#ffffff;--awb-active-border-color:#023878;\"><div class=\"nav\"><ul class=\"nav-tabs\" role=\"tablist\" aria-orientation=\"vertical\"><li class=\"active\" role=\"presentation\"><a class=\"tab-link\" data-toggle=\"tab\" role=\"tab\" aria-controls=\"tab-0d572026339835d4792\" aria-selected=\"true\" tabindex=\"0\" id=\"fusion-tab-0d572026339835d4792\" href=\"#tab-0d572026339835d4792\"><h4 class=\"fusion-tab-heading\">Asthme<\/h4><\/a><\/li><li  role=\"presentation\"><a class=\"tab-link\" data-toggle=\"tab\" role=\"tab\" aria-controls=\"tab-eff93657b456caf3d09\" aria-selected=\"false\" tabindex=\"-1\" id=\"fusion-tab-eff93657b456caf3d09\" href=\"#tab-eff93657b456caf3d09\"><h4 class=\"fusion-tab-heading\">MPOC<\/h4><\/a><\/li><li  role=\"presentation\"><a class=\"tab-link\" data-toggle=\"tab\" role=\"tab\" aria-controls=\"tab-4ee9b3fdd6e44d77419\" aria-selected=\"false\" tabindex=\"-1\" id=\"fusion-tab-4ee9b3fdd6e44d77419\" href=\"#tab-4ee9b3fdd6e44d77419\"><h4 class=\"fusion-tab-heading\">Maladie pulmonaire restrictive<\/h4><\/a><\/li><li  role=\"presentation\"><a class=\"tab-link\" data-toggle=\"tab\" role=\"tab\" aria-controls=\"tab-c05b5934b5f3179f177\" aria-selected=\"false\" tabindex=\"-1\" id=\"fusion-tab-c05b5934b5f3179f177\" href=\"#tab-c05b5934b5f3179f177\"><h4 class=\"fusion-tab-heading\">apn\u00e9e du sommeil<\/h4><\/a><\/li><\/ul><\/div><div class=\"tab-content\"><div class=\"nav fusion-mobile-tab-nav\"><ul class=\"nav-tabs\" role=\"tablist\" aria-orientation=\"vertical\"><li class=\"active\" role=\"presentation\"><a class=\"tab-link\" data-toggle=\"tab\" role=\"tab\" aria-controls=\"tab-0d572026339835d4792\" aria-selected=\"true\" tabindex=\"0\" id=\"mobile-fusion-tab-0d572026339835d4792\" href=\"#tab-0d572026339835d4792\"><h4 class=\"fusion-tab-heading\">Asthme<\/h4><\/a><\/li><\/ul><\/div><div class=\"tab-pane fade fusion-clearfix in active\" role=\"tabpanel\" tabindex=\"0\" aria-labelledby=\"fusion-tab-0d572026339835d4792\" id=\"tab-0d572026339835d4792\">\n<p><strong><em>Je suis asthmatique et je fais du sport. Comment savoir si mon essoufflement est normal ou s&#039;il s&#039;agit d&#039;une crise d&#039;asthme ?<\/em><\/strong><\/p>\n<p><strong><em>Je suis souvent essouffl\u00e9. Que faire pour \u00eatre moins essouffl\u00e9 ?<\/em><\/strong><\/p>\n<p><strong><em>Je n&#039;ai jamais eu l&#039;impression que mon asthme \u00e9tait si grave\u00a0?<\/em><\/strong><\/p>\n<p><strong><em>Que puis-je faire pour pr\u00e9venir une crise d&#039;asthme?<\/em><\/strong><\/p>\n<p><strong><em>Je ne sais pas quand je dois prendre mes pompes.<\/em><\/strong><\/p>\n<p><strong><em>Je suis asthmatique et je fais du sport. Comment savoir si mon essoufflement est normal ou s&#039;il s&#039;agit d&#039;une crise d&#039;asthme ?<\/em><\/strong><\/p>\n<p><em>\u00a0<\/em><\/p>\n<p><em>\u00a0<\/em><strong><em>Etapes \u00e0 faire :<\/em><\/strong><\/p>\n<ol>\n<li><em>Appelez votre m\u00e9decin g\u00e9n\u00e9raliste, discutez avec lui de vos situations m\u00e9dicales.<\/em><\/li>\n<li><em>\u00a0et qu&#039;il envoie une ordonnance pour faire de la Spirom\u00e9trie, Votre m\u00e9decin g\u00e9n\u00e9raliste peut vous l&#039;envoyer par Email,<\/em><\/li>\n<li><em>une fois que vous l&#039;avez re\u00e7u, appelez-nous et nous organiserons le test dans les prochaines 72 heures.<\/em><\/li>\n<\/ol>\n<\/div><div class=\"nav fusion-mobile-tab-nav\"><ul class=\"nav-tabs\" role=\"tablist\" aria-orientation=\"vertical\"><li  role=\"presentation\"><a class=\"tab-link\" data-toggle=\"tab\" role=\"tab\" aria-controls=\"tab-eff93657b456caf3d09\" aria-selected=\"false\" tabindex=\"-1\" id=\"mobile-fusion-tab-eff93657b456caf3d09\" href=\"#tab-eff93657b456caf3d09\"><h4 class=\"fusion-tab-heading\">MPOC<\/h4><\/a><\/li><\/ul><\/div><div class=\"tab-pane fade fusion-clearfix\" role=\"tabpanel\" tabindex=\"0\" aria-labelledby=\"fusion-tab-eff93657b456caf3d09\" id=\"tab-eff93657b456caf3d09\">\n<p>La MPOC est l&#039;une des maladies pulmonaires les plus courantes qui rendent la respiration difficile. La MPOC consiste en une combinaison des deux maladies pulmonaires suivantes\u00a0:<\/p>\n<ol>\n<li>Emphys\u00e8me : maladie \u00e9volutive des poumons dans laquelle le tissu pulmonaire est d\u00e9truit<\/li>\n<li>Bronchite chronique : toux de longue dur\u00e9e avec mucus.<\/li>\n<\/ol>\n<p>La MPOC est souvent caus\u00e9e par le tabagisme et les dommages sont permanents m\u00eame apr\u00e8s qu&#039;une personne a cess\u00e9 de fumer. Les principaux sympt\u00f4mes comprennent un essoufflement, des difficult\u00e9s respiratoires, une toux chronique et une poitrine \u00e9largie. La MPOC peut \u00eatre identifi\u00e9e par la spirom\u00e9trie et les tests complets de la fonction pulmonaire. La MPOC est incurable, mais arr\u00eater de fumer ralentira la progression de la maladie. Un traitement suppl\u00e9mentaire peut inclure des m\u00e9dicaments, des vaccins, une r\u00e9adaptation pulmonaire, une oxyg\u00e9noth\u00e9rapie et une intervention chirurgicale.<\/p>\n<\/div><div class=\"nav fusion-mobile-tab-nav\"><ul class=\"nav-tabs\" role=\"tablist\" aria-orientation=\"vertical\"><li  role=\"presentation\"><a class=\"tab-link\" data-toggle=\"tab\" role=\"tab\" aria-controls=\"tab-4ee9b3fdd6e44d77419\" aria-selected=\"false\" tabindex=\"-1\" id=\"mobile-fusion-tab-4ee9b3fdd6e44d77419\" href=\"#tab-4ee9b3fdd6e44d77419\"><h4 class=\"fusion-tab-heading\">Maladie pulmonaire restrictive<\/h4><\/a><\/li><\/ul><\/div><div class=\"tab-pane fade fusion-clearfix\" role=\"tabpanel\" tabindex=\"0\" aria-labelledby=\"fusion-tab-4ee9b3fdd6e44d77419\" id=\"tab-4ee9b3fdd6e44d77419\">\n<p>La maladie pulmonaire restrictive est une maladie pulmonaire qui entra\u00eene une diminution de la capacit\u00e9 d&#039;expansion des poumons (inspiration), ce qui peut rendre difficile l&#039;obtention d&#039;une quantit\u00e9 suffisante d&#039;oxyg\u00e8ne. La maladie pulmonaire restrictive est g\u00e9n\u00e9ralement caus\u00e9e par une cicatrisation (et une raideur subs\u00e9quente) des poumons, qui peuvent \u00eatre le r\u00e9sultat d&#039;une exposition \u00e0 long terme \u00e0 l&#039;amiante, d&#039;une radioth\u00e9rapie ou d&#039;une chimioth\u00e9rapie li\u00e9e \u00e0 un traitement contre le cancer, d&#039;une r\u00e9action allergique aux particules inhal\u00e9es, d&#039;une maladie du tissu conjonctif (telle que la polyarthrite rhumato\u00efde ou lupus), certains m\u00e9dicaments, maladies neuromusculaires, ob\u00e9sit\u00e9, etc. Les principaux sympt\u00f4mes sont l&#039;essoufflement et la toux. La maladie pulmonaire interstitielle est un type de maladie pulmonaire restrictive. La maladie pulmonaire restrictive peut \u00eatre identifi\u00e9e par des tests complets de la fonction pulmonaire, des analyses de sang, une radiographie pulmonaire, une tomodensitom\u00e9trie et une biopsie pulmonaire. Le traitement peut comprendre l&#039;\u00e9vitement des irritants pulmonaires, la r\u00e9adaptation pulmonaire, l&#039;oxyg\u00e9noth\u00e9rapie, les st\u00e9ro\u00efdes, les vaccins ou les bronchodilatateurs si les petites voies respiratoires sont obstru\u00e9es.<\/p>\n<\/div><div class=\"nav fusion-mobile-tab-nav\"><ul class=\"nav-tabs\" role=\"tablist\" aria-orientation=\"vertical\"><li  role=\"presentation\"><a class=\"tab-link\" data-toggle=\"tab\" role=\"tab\" aria-controls=\"tab-c05b5934b5f3179f177\" aria-selected=\"false\" tabindex=\"-1\" id=\"mobile-fusion-tab-c05b5934b5f3179f177\" href=\"#tab-c05b5934b5f3179f177\"><h4 class=\"fusion-tab-heading\">apn\u00e9e du sommeil<\/h4><\/a><\/li><\/ul><\/div><div class=\"tab-pane fade fusion-clearfix\" role=\"tabpanel\" tabindex=\"0\" aria-labelledby=\"fusion-tab-c05b5934b5f3179f177\" id=\"tab-c05b5934b5f3179f177\">\n<h4>apn\u00e9e du sommeil<\/h4>\n<ul>\n<li>L&#039;apn\u00e9e du sommeil augmente le risque de maladie cardiaque, d&#039;hypertension et le risque d&#039;accidents diurnes (comme s&#039;endormir au volant).<\/li>\n<li>Il augmente \u00e9galement le risque de diab\u00e8te (l&#039;apn\u00e9e augmente la r\u00e9sistance \u00e0 l&#039;insuline).<\/li>\n<li>L&#039;exc\u00e8s de poids et le fait d&#039;avoir un grand tour de cou (43 cm ou plus pour les hommes et 40,6 cm ou plus pour les femmes) sont deux facteurs de risque d&#039;apn\u00e9e du sommeil, tandis que l&#039;hypertension et les ant\u00e9c\u00e9dents familiaux d&#039;apn\u00e9e du sommeil sont \u00e9galement des facteurs de risque.<\/li>\n<li>L&#039;apn\u00e9e du sommeil est g\u00e9n\u00e9ralement plus fr\u00e9quente chez les hommes que chez les femmes, mais le risque chez les femmes augmente apr\u00e8s la m\u00e9nopause.<\/li>\n<li>L&#039;apn\u00e9e du sommeil non trait\u00e9e est li\u00e9e \u00e0 des conditions m\u00e9dicales graves, notamment l&#039;hypertension art\u00e9rielle ou des probl\u00e8mes cardiaques, en raison de baisses soudaines du taux d&#039;oxyg\u00e8ne dans le sang, du diab\u00e8te de type 2 et les personnes souffrant d&#039;apn\u00e9e du sommeil sont \u00e9galement plus susceptibles d&#039;avoir des complications avec les m\u00e9dicaments et la chirurgie parce qu&#039;elles sont sujettes aux probl\u00e8mes respiratoires, surtout sous s\u00e9dation.<\/li>\n<li>Les personnes qui prennent des analg\u00e9siques ou des factures de sommeil sont plus susceptibles de souffrir d&#039;apn\u00e9e du sommeil en raison d&#039;une diminution de la respiration et elles ont fortement besoin d&#039;un test de sommeil \u00e0 domicile.<\/li>\n<li>Les personnes qui prennent des relaxants musculaires sont \u00e9galement susceptibles de d\u00e9velopper une apn\u00e9e du sommeil \u00e0 l&#039;effondrement des muscles des voies respiratoires sup\u00e9rieures, ce qui conduit \u00e0 l&#039;OSA.<\/li>\n<li>L&#039;apn\u00e9e du sommeil peut \u00e9galement avoir un impact sur d&#039;autres membres de la famille, avec des ronflements bruyants li\u00e9s \u00e0 la privation de sommeil chez les partenaires.<\/li>\n<li>Le ronflement secondaire est li\u00e9 \u00e0 une foule de probl\u00e8mes de sant\u00e9 pour les partenaires, notamment la perte auditive, l&#039;anxi\u00e9t\u00e9 et les probl\u00e8mes relationnels.<\/li>\n<\/ul>\n<h4>Quels sont les sympt\u00f4mes de l&#039;apn\u00e9e du sommeil ?<\/h4>\n<p>Les signes d&#039;apn\u00e9e du sommeil comprennent\u00a0:<\/p>\n<ul>\n<li>Ronflements forts ou fr\u00e9quents sur le dos ou sur le c\u00f4t\u00e9 (cependant, tous ceux qui ronflent ne souffrent pas d&#039;apn\u00e9e du sommeil)<\/li>\n<li>Pauses silencieuses dans la respiration<\/li>\n<li>Bruits d&#039;\u00e9touffement ou de hal\u00e8tement<\/li>\n<li>Somnolence ou fatigue diurne<\/li>\n<li>Sommeil non r\u00e9parateur<\/li>\n<li>Insomnie<\/li>\n<li>Maux de t\u00eate du matin<\/li>\n<li>Gain de poids<\/li>\n<li>Sautes d&#039;humeur, d\u00e9pression et irritabilit\u00e9<\/li>\n<li>Perte de m\u00e9moire<\/li>\n<\/ul>\n<\/div><\/div><\/div><\/div><\/div><\/div><\/div>","protected":false},"excerpt":{"rendered":"","protected":false},"author":1,"featured_media":0,"parent":0,"menu_order":0,"comment_status":"closed","ping_status":"closed","template":"","meta":{"footnotes":""},"class_list":["post-3611","page","type-page","status-publish","hentry"],"yoast_head":"<!-- This site is optimized with the Yoast SEO plugin v27.5 - https:\/\/yoast.com\/product\/yoast-seo-wordpress\/ -->\n<title>Education | Respiart - Respiratory therapist Montreal<\/title>\n<meta name=\"robots\" content=\"index, follow, max-snippet:-1, max-image-preview:large, max-video-preview:-1\" \/>\n<link rel=\"canonical\" href=\"https:\/\/respiart.ca\/fr\/ar\/\u0627\u0644\u0631\u0628\u0648\/\" \/>\n<meta property=\"og:locale\" content=\"fr_CA\" \/>\n<meta property=\"og:type\" content=\"article\" \/>\n<meta property=\"og:title\" content=\"Education | Respiart - Respiratory therapist Montreal\" \/>\n<meta property=\"og:url\" content=\"https:\/\/respiart.ca\/fr\/ar\/\u0627\u0644\u0631\u0628\u0648\/\" \/>\n<meta property=\"og:site_name\" content=\"Respiart - Respiratory therapist Montreal\" \/>\n<meta property=\"article:modified_time\" content=\"2021-08-15T04:38:00+00:00\" \/>\n<meta name=\"twitter:card\" content=\"summary_large_image\" \/>\n<meta name=\"twitter:label1\" content=\"Estimation du temps de lecture\" \/>\n\t<meta name=\"twitter:data1\" content=\"6 minutes\" \/>\n<script type=\"application\/ld+json\" class=\"yoast-schema-graph\">{\"@context\":\"https:\\\/\\\/schema.org\",\"@graph\":[{\"@type\":\"WebPage\",\"@id\":\"https:\\\/\\\/respiart.ca\\\/ar\\\/%d8%a7%d9%84%d8%b1%d8%a8%d9%88\\\/\",\"url\":\"https:\\\/\\\/respiart.ca\\\/ar\\\/%d8%a7%d9%84%d8%b1%d8%a8%d9%88\\\/\",\"name\":\"Education | Respiart - Respiratory therapist Montreal\",\"isPartOf\":{\"@id\":\"https:\\\/\\\/respiart.ca\\\/ar\\\/#website\"},\"datePublished\":\"2021-01-05T13:55:08+00:00\",\"dateModified\":\"2021-08-15T04:38:00+00:00\",\"breadcrumb\":{\"@id\":\"https:\\\/\\\/respiart.ca\\\/ar\\\/%d8%a7%d9%84%d8%b1%d8%a8%d9%88\\\/#breadcrumb\"},\"inLanguage\":\"fr-CA\",\"potentialAction\":[{\"@type\":\"ReadAction\",\"target\":[\"https:\\\/\\\/respiart.ca\\\/ar\\\/%d8%a7%d9%84%d8%b1%d8%a8%d9%88\\\/\"]}]},{\"@type\":\"BreadcrumbList\",\"@id\":\"https:\\\/\\\/respiart.ca\\\/ar\\\/%d8%a7%d9%84%d8%b1%d8%a8%d9%88\\\/#breadcrumb\",\"itemListElement\":[{\"@type\":\"ListItem\",\"position\":1,\"name\":\"Home\",\"item\":\"https:\\\/\\\/respiart.ca\\\/\"},{\"@type\":\"ListItem\",\"position\":2,\"name\":\"Education\"}]},{\"@type\":\"WebSite\",\"@id\":\"https:\\\/\\\/respiart.ca\\\/ar\\\/#website\",\"url\":\"https:\\\/\\\/respiart.ca\\\/ar\\\/\",\"name\":\"RespiArt - Sleep apnea & CPAPs\",\"description\":\"CPAPs and tests for sleep apnea, asthma, oximetry\",\"publisher\":{\"@id\":\"https:\\\/\\\/respiart.ca\\\/ar\\\/#organization\"},\"potentialAction\":[{\"@type\":\"SearchAction\",\"target\":{\"@type\":\"EntryPoint\",\"urlTemplate\":\"https:\\\/\\\/respiart.ca\\\/ar\\\/?s={search_term_string}\"},\"query-input\":{\"@type\":\"PropertyValueSpecification\",\"valueRequired\":true,\"valueName\":\"search_term_string\"}}],\"inLanguage\":\"fr-CA\"},{\"@type\":\"Organization\",\"@id\":\"https:\\\/\\\/respiart.ca\\\/ar\\\/#organization\",\"name\":\"RespiArt - Sleep apnea & CPAPs\",\"url\":\"https:\\\/\\\/respiart.ca\\\/ar\\\/\",\"logo\":{\"@type\":\"ImageObject\",\"inLanguage\":\"fr-CA\",\"@id\":\"https:\\\/\\\/respiart.ca\\\/ar\\\/#\\\/schema\\\/logo\\\/image\\\/\",\"url\":\"https:\\\/\\\/respiart.ca\\\/wp-content\\\/uploads\\\/2022\\\/05\\\/Respiart-logo-1-e1651540192142.png\",\"contentUrl\":\"https:\\\/\\\/respiart.ca\\\/wp-content\\\/uploads\\\/2022\\\/05\\\/Respiart-logo-1-e1651540192142.png\",\"width\":237,\"height\":61,\"caption\":\"RespiArt - Sleep apnea & CPAPs\"},\"image\":{\"@id\":\"https:\\\/\\\/respiart.ca\\\/ar\\\/#\\\/schema\\\/logo\\\/image\\\/\"}}]}<\/script>\n<!-- \/ Yoast SEO plugin. -->","yoast_head_json":{"title":"\u00c9ducation | Respiart - Inhaloth\u00e9rapeute Montr\u00e9al","robots":{"index":"index","follow":"follow","max-snippet":"max-snippet:-1","max-image-preview":"max-image-preview:large","max-video-preview":"max-video-preview:-1"},"canonical":"https:\/\/respiart.ca\/fr\/ar\/\u0627\u0644\u0631\u0628\u0648\/","og_locale":"fr_CA","og_type":"article","og_title":"Education | Respiart - Respiratory therapist Montreal","og_url":"https:\/\/respiart.ca\/fr\/ar\/\u0627\u0644\u0631\u0628\u0648\/","og_site_name":"Respiart - Respiratory therapist Montreal","article_modified_time":"2021-08-15T04:38:00+00:00","twitter_card":"summary_large_image","twitter_misc":{"Estimation du temps de lecture":"6 minutes"},"schema":{"@context":"https:\/\/schema.org","@graph":[{"@type":"WebPage","@id":"https:\/\/respiart.ca\/ar\/%d8%a7%d9%84%d8%b1%d8%a8%d9%88\/","url":"https:\/\/respiart.ca\/ar\/%d8%a7%d9%84%d8%b1%d8%a8%d9%88\/","name":"\u00c9ducation | Respiart - Inhaloth\u00e9rapeute Montr\u00e9al","isPartOf":{"@id":"https:\/\/respiart.ca\/ar\/#website"},"datePublished":"2021-01-05T13:55:08+00:00","dateModified":"2021-08-15T04:38:00+00:00","breadcrumb":{"@id":"https:\/\/respiart.ca\/ar\/%d8%a7%d9%84%d8%b1%d8%a8%d9%88\/#breadcrumb"},"inLanguage":"fr-CA","potentialAction":[{"@type":"ReadAction","target":["https:\/\/respiart.ca\/ar\/%d8%a7%d9%84%d8%b1%d8%a8%d9%88\/"]}]},{"@type":"BreadcrumbList","@id":"https:\/\/respiart.ca\/ar\/%d8%a7%d9%84%d8%b1%d8%a8%d9%88\/#breadcrumb","itemListElement":[{"@type":"ListItem","position":1,"name":"Home","item":"https:\/\/respiart.ca\/"},{"@type":"ListItem","position":2,"name":"Education"}]},{"@type":"WebSite","@id":"https:\/\/respiart.ca\/ar\/#website","url":"https:\/\/respiart.ca\/ar\/","name":"RespiArt - Apn\u00e9e du sommeil et CPAP","description":"CPAP et tests pour l&#039;apn\u00e9e du sommeil, l&#039;asthme, l&#039;oxym\u00e9trie","publisher":{"@id":"https:\/\/respiart.ca\/ar\/#organization"},"potentialAction":[{"@type":"SearchAction","target":{"@type":"EntryPoint","urlTemplate":"https:\/\/respiart.ca\/ar\/?s={search_term_string}"},"query-input":{"@type":"PropertyValueSpecification","valueRequired":true,"valueName":"search_term_string"}}],"inLanguage":"fr-CA"},{"@type":"Organization","@id":"https:\/\/respiart.ca\/ar\/#organization","name":"RespiArt - Apn\u00e9e du sommeil et CPAP","url":"https:\/\/respiart.ca\/ar\/","logo":{"@type":"ImageObject","inLanguage":"fr-CA","@id":"https:\/\/respiart.ca\/ar\/#\/schema\/logo\/image\/","url":"https:\/\/respiart.ca\/wp-content\/uploads\/2022\/05\/Respiart-logo-1-e1651540192142.png","contentUrl":"https:\/\/respiart.ca\/wp-content\/uploads\/2022\/05\/Respiart-logo-1-e1651540192142.png","width":237,"height":61,"caption":"RespiArt - Sleep apnea & CPAPs"},"image":{"@id":"https:\/\/respiart.ca\/ar\/#\/schema\/logo\/image\/"}}]}},"_links":{"self":[{"href":"https:\/\/respiart.ca\/fr\/wp-json\/wp\/v2\/pages\/3611","targetHints":{"allow":["GET"]}}],"collection":[{"href":"https:\/\/respiart.ca\/fr\/wp-json\/wp\/v2\/pages"}],"about":[{"href":"https:\/\/respiart.ca\/fr\/wp-json\/wp\/v2\/types\/page"}],"author":[{"embeddable":true,"href":"https:\/\/respiart.ca\/fr\/wp-json\/wp\/v2\/users\/1"}],"replies":[{"embeddable":true,"href":"https:\/\/respiart.ca\/fr\/wp-json\/wp\/v2\/comments?post=3611"}],"version-history":[{"count":0,"href":"https:\/\/respiart.ca\/fr\/wp-json\/wp\/v2\/pages\/3611\/revisions"}],"wp:attachment":[{"href":"https:\/\/respiart.ca\/fr\/wp-json\/wp\/v2\/media?parent=3611"}],"curies":[{"name":"wp","href":"https:\/\/api.w.org\/{rel}","templated":true}]}}