{"id":4568,"date":"2023-08-21T19:34:55","date_gmt":"2023-08-21T19:34:55","guid":{"rendered":"http:\/\/f4i.0cc.mytemp.website\/?page_id=4568"},"modified":"2023-08-21T19:34:55","modified_gmt":"2023-08-21T19:34:55","slug":"marques","status":"publish","type":"page","link":"https:\/\/respiart.ca\/fr\/brands\/","title":{"rendered":"Marques"},"content":{"rendered":"<table>\n<thead>\n<tr>\n<th style=\"text-align: center;\">Marque<\/th>\n<th>Description<\/th>\n<th><\/th>\n<\/tr>\n<\/thead>\n<tbody>\n<tr>\n<td><strong><a href=\"http:\/\/respiart.ca\/fr\/categorie-produit\/marques\/inogene\/\">Inogen<\/a><\/strong><\/td>\n<td>Connu pour ses concentrateurs d&#039;oxyg\u00e8ne portables et ses solutions respiratoires.<\/td>\n<td>&nbsp;<\/p>\n<p><img decoding=\"async\" class=\"wp-image-4534 aligncenter\" src=\"http:\/\/respiart.ca\/wp-content\/uploads\/2023\/08\/inogen-vector-logo.png\" alt=\"\" width=\"138\" height=\"80\" srcset=\"https:\/\/respiart.ca\/wp-content\/uploads\/2023\/08\/inogen-vector-logo-18x10.png 18w, https:\/\/respiart.ca\/wp-content\/uploads\/2023\/08\/inogen-vector-logo.png 900w\" sizes=\"(max-width: 138px) 100vw, 138px\" \/><\/td>\n<\/tr>\n<tr>\n<td><strong><a href=\"http:\/\/respiart.ca\/fr\/categorie-produit\/marques\/resmed\/\">ResMed<\/a><\/strong><\/td>\n<td>Fournisseur leader d&#039;appareils de traitement et de gestion de l&#039;apn\u00e9e du sommeil.<\/td>\n<td>&nbsp;<\/p>\n<p><img decoding=\"async\" class=\"wp-image-4535 aligncenter\" src=\"http:\/\/respiart.ca\/wp-content\/uploads\/2023\/08\/ResMed_logo.svg.png\" alt=\"\" width=\"75\" height=\"54\" srcset=\"https:\/\/respiart.ca\/wp-content\/uploads\/2023\/08\/ResMed_logo.svg-18x12.png 18w, https:\/\/respiart.ca\/wp-content\/uploads\/2023\/08\/ResMed_logo.svg-200x145.png 200w, https:\/\/respiart.ca\/wp-content\/uploads\/2023\/08\/ResMed_logo.svg-300x214.png 300w, https:\/\/respiart.ca\/wp-content\/uploads\/2023\/08\/ResMed_logo.svg-400x290.png 400w, https:\/\/respiart.ca\/wp-content\/uploads\/2023\/08\/ResMed_logo.svg-500x363.png 500w, https:\/\/respiart.ca\/wp-content\/uploads\/2023\/08\/ResMed_logo.svg-600x436.png 600w, https:\/\/respiart.ca\/wp-content\/uploads\/2023\/08\/ResMed_logo.svg-768x557.png 768w, https:\/\/respiart.ca\/wp-content\/uploads\/2023\/08\/ResMed_logo.svg-800x581.png 800w, https:\/\/respiart.ca\/wp-content\/uploads\/2023\/08\/ResMed_logo.svg-1024x743.png 1024w, https:\/\/respiart.ca\/wp-content\/uploads\/2023\/08\/ResMed_logo.svg.png 1200w\" sizes=\"(max-width: 75px) 100vw, 75px\" \/><\/td>\n<\/tr>\n<tr>\n<td><strong><a href=\"http:\/\/respiart.ca\/fr\/categorie-produit\/marques\/pecheurpayckel\/\">Fisher&amp;Payckel<\/a><\/strong><\/td>\n<td>Propose des produits de soins respiratoires, notamment des appareils CPAP et des masques.<\/td>\n<td style=\"text-align: center;\"><img decoding=\"async\" class=\"alignnone wp-image-4536\" src=\"http:\/\/respiart.ca\/wp-content\/uploads\/2023\/08\/FPHcare-logo.svg.png\" alt=\"\" width=\"156\" height=\"44\" srcset=\"https:\/\/respiart.ca\/wp-content\/uploads\/2023\/08\/FPHcare-logo.svg-18x5.png 18w, https:\/\/respiart.ca\/wp-content\/uploads\/2023\/08\/FPHcare-logo.svg.png 1280w\" sizes=\"(max-width: 156px) 100vw, 156px\" \/><\/p>\n<p>&nbsp;<\/td>\n<\/tr>\n<tr>\n<td><strong><a href=\"http:\/\/respiart.ca\/fr\/categorie-produit\/marques\/vitalograph\/\">Vitalographe<\/a><\/strong><\/td>\n<td>Sp\u00e9cialis\u00e9 dans les \u00e9quipements de diagnostic pour les soins respiratoires.<\/td>\n<td>&nbsp;<\/p>\n<p><img decoding=\"async\" class=\"wp-image-4537 aligncenter\" src=\"http:\/\/respiart.ca\/wp-content\/uploads\/2023\/08\/vitalograph-logo.png\" alt=\"\" width=\"181\" height=\"72\" srcset=\"https:\/\/respiart.ca\/wp-content\/uploads\/2023\/08\/vitalograph-logo-18x6.png 18w, https:\/\/respiart.ca\/wp-content\/uploads\/2023\/08\/vitalograph-logo.png 720w\" sizes=\"(max-width: 181px) 100vw, 181px\" \/><\/td>\n<\/tr>\n<tr>\n<td><strong><a href=\"http:\/\/respiart.ca\/fr\/categorie-produit\/marques\/niox\/\">NIOX<\/a><\/strong><\/td>\n<td>Se concentre sur la fourniture de solutions pour mesurer les niveaux d&#039;oxyde nitrique dans l&#039;haleine.<\/td>\n<td>&nbsp;<\/p>\n<p><img decoding=\"async\" class=\"wp-image-4539 aligncenter\" src=\"http:\/\/respiart.ca\/wp-content\/uploads\/2023\/08\/logo-crop.png\" alt=\"\" width=\"163\" height=\"52\" srcset=\"https:\/\/respiart.ca\/wp-content\/uploads\/2023\/08\/logo-crop-18x6.png 18w, https:\/\/respiart.ca\/wp-content\/uploads\/2023\/08\/logo-crop-200x64.png 200w, https:\/\/respiart.ca\/wp-content\/uploads\/2023\/08\/logo-crop-300x96.png 300w, https:\/\/respiart.ca\/wp-content\/uploads\/2023\/08\/logo-crop-400x128.png 400w, https:\/\/respiart.ca\/wp-content\/uploads\/2023\/08\/logo-crop-500x160.png 500w, https:\/\/respiart.ca\/wp-content\/uploads\/2023\/08\/logo-crop.png 600w\" sizes=\"(max-width: 163px) 100vw, 163px\" \/><\/td>\n<\/tr>\n<tr>\n<td><strong><a href=\"http:\/\/respiart.ca\/fr\/categorie-produit\/marques\/nox\/\">NOx<\/a><\/strong><\/td>\n<td>Propose des appareils de surveillance du sommeil et des solutions pour les troubles du sommeil.<\/td>\n<td>&nbsp;<\/p>\n<p><img decoding=\"async\" class=\"wp-image-4538 aligncenter\" src=\"http:\/\/respiart.ca\/wp-content\/uploads\/2023\/08\/NoxMedical_logo.png\" alt=\"\" width=\"145\" height=\"43\" \/><\/td>\n<\/tr>\n<tr>\n<td><strong><a href=\"http:\/\/respiart.ca\/fr\/categorie-produit\/marques\/zopec\/\">Zop\u00e9c<\/a><\/strong><\/td>\n<td>Fournit des sauvegardes UPS polyvalentes pour la CPAP et la protection de l&#039;alimentation.<\/td>\n<td>&nbsp;<\/p>\n<p><img decoding=\"async\" class=\"wp-image-4540 aligncenter\" src=\"http:\/\/respiart.ca\/wp-content\/uploads\/2023\/08\/Capture.jpg\" alt=\"\" width=\"131\" height=\"44\" \/><\/td>\n<\/tr>\n<\/tbody>\n<\/table>","protected":false},"excerpt":{"rendered":"<p>Description de la marque Inogen Connu pour ses concentrateurs d&#039;oxyg\u00e8ne portables et ses solutions respiratoires. ResMed Fournisseur leader d&#039;appareils de traitement et de gestion de l&#039;apn\u00e9e du sommeil. Fisher&amp;Payckel Propose des produits de soins respiratoires, notamment des appareils et des masques CPAP. Vitalograph Sp\u00e9cialis\u00e9 dans les \u00e9quipements de diagnostic pour les soins respiratoires. NIOX Se concentre sur la fourniture de solutions pour mesurer les niveaux d&#039;oxyde nitrique dans l&#039;air expir\u00e9.<\/p>","protected":false},"author":1,"featured_media":0,"parent":0,"menu_order":0,"comment_status":"closed","ping_status":"closed","template":"","meta":{"footnotes":""},"class_list":["post-4568","page","type-page","status-publish","hentry"],"yoast_head":"<!-- This site is optimized with the Yoast SEO plugin v27.3 - https:\/\/yoast.com\/product\/yoast-seo-wordpress\/ -->\n<title>Brands | Respiart - Respiratory therapist Montreal<\/title>\n<meta name=\"description\" content=\"Brand Description Inogen Known for portable oxygen concentrators and respiratory solutions. &nbsp; ResMed Leading provider of sleep apnea treatment and\" \/>\n<meta name=\"robots\" content=\"index, follow, max-snippet:-1, max-image-preview:large, max-video-preview:-1\" \/>\n<link rel=\"canonical\" href=\"https:\/\/respiart.ca\/fr\/marques\/\" \/>\n<meta property=\"og:locale\" content=\"fr_CA\" \/>\n<meta property=\"og:type\" content=\"article\" \/>\n<meta property=\"og:title\" content=\"Brands | Respiart - Respiratory therapist Montreal\" \/>\n<meta property=\"og:description\" content=\"Brand Description Inogen Known for portable oxygen concentrators and respiratory solutions. &nbsp; ResMed Leading provider of sleep apnea treatment and\" \/>\n<meta property=\"og:url\" content=\"https:\/\/respiart.ca\/fr\/marques\/\" \/>\n<meta property=\"og:site_name\" content=\"Respiart - Respiratory therapist Montreal\" \/>\n<meta property=\"og:image\" content=\"http:\/\/respiart.ca\/wp-content\/uploads\/2023\/08\/inogen-vector-logo.png\" \/>\n<meta name=\"twitter:card\" content=\"summary_large_image\" \/>\n<meta name=\"twitter:label1\" content=\"Estimation du temps de lecture\" \/>\n\t<meta name=\"twitter:data1\" content=\"2 minutes\" \/>\n<script type=\"application\/ld+json\" class=\"yoast-schema-graph\">{\"@context\":\"https:\\\/\\\/schema.org\",\"@graph\":[{\"@type\":\"WebPage\",\"@id\":\"https:\\\/\\\/respiart.ca\\\/brands\\\/\",\"url\":\"https:\\\/\\\/respiart.ca\\\/brands\\\/\",\"name\":\"Brands | Respiart - Respiratory therapist Montreal\",\"isPartOf\":{\"@id\":\"https:\\\/\\\/respiart.ca\\\/ar\\\/#website\"},\"primaryImageOfPage\":{\"@id\":\"https:\\\/\\\/respiart.ca\\\/brands\\\/#primaryimage\"},\"image\":{\"@id\":\"https:\\\/\\\/respiart.ca\\\/brands\\\/#primaryimage\"},\"thumbnailUrl\":\"http:\\\/\\\/respiart.ca\\\/wp-content\\\/uploads\\\/2023\\\/08\\\/inogen-vector-logo.png\",\"datePublished\":\"2023-08-21T19:34:55+00:00\",\"description\":\"Brand Description Inogen Known for portable oxygen concentrators and respiratory solutions. &nbsp; ResMed Leading provider of sleep apnea treatment and\",\"breadcrumb\":{\"@id\":\"https:\\\/\\\/respiart.ca\\\/brands\\\/#breadcrumb\"},\"inLanguage\":\"fr-CA\",\"potentialAction\":[{\"@type\":\"ReadAction\",\"target\":[\"https:\\\/\\\/respiart.ca\\\/brands\\\/\"]}]},{\"@type\":\"ImageObject\",\"inLanguage\":\"fr-CA\",\"@id\":\"https:\\\/\\\/respiart.ca\\\/brands\\\/#primaryimage\",\"url\":\"http:\\\/\\\/respiart.ca\\\/wp-content\\\/uploads\\\/2023\\\/08\\\/inogen-vector-logo.png\",\"contentUrl\":\"http:\\\/\\\/respiart.ca\\\/wp-content\\\/uploads\\\/2023\\\/08\\\/inogen-vector-logo.png\"},{\"@type\":\"BreadcrumbList\",\"@id\":\"https:\\\/\\\/respiart.ca\\\/brands\\\/#breadcrumb\",\"itemListElement\":[{\"@type\":\"ListItem\",\"position\":1,\"name\":\"Home\",\"item\":\"https:\\\/\\\/respiart.ca\\\/\"},{\"@type\":\"ListItem\",\"position\":2,\"name\":\"Brands\"}]},{\"@type\":\"WebSite\",\"@id\":\"https:\\\/\\\/respiart.ca\\\/ar\\\/#website\",\"url\":\"https:\\\/\\\/respiart.ca\\\/ar\\\/\",\"name\":\"RespiArt - Sleep apnea & CPAPs\",\"description\":\"CPAPs and tests for sleep apnea, asthma, oximetry\",\"publisher\":{\"@id\":\"https:\\\/\\\/respiart.ca\\\/ar\\\/#organization\"},\"potentialAction\":[{\"@type\":\"SearchAction\",\"target\":{\"@type\":\"EntryPoint\",\"urlTemplate\":\"https:\\\/\\\/respiart.ca\\\/ar\\\/?s={search_term_string}\"},\"query-input\":{\"@type\":\"PropertyValueSpecification\",\"valueRequired\":true,\"valueName\":\"search_term_string\"}}],\"inLanguage\":\"fr-CA\"},{\"@type\":\"Organization\",\"@id\":\"https:\\\/\\\/respiart.ca\\\/ar\\\/#organization\",\"name\":\"RespiArt - Sleep apnea & CPAPs\",\"url\":\"https:\\\/\\\/respiart.ca\\\/ar\\\/\",\"logo\":{\"@type\":\"ImageObject\",\"inLanguage\":\"fr-CA\",\"@id\":\"https:\\\/\\\/respiart.ca\\\/ar\\\/#\\\/schema\\\/logo\\\/image\\\/\",\"url\":\"https:\\\/\\\/respiart.ca\\\/wp-content\\\/uploads\\\/2022\\\/05\\\/Respiart-logo-1-e1651540192142.png\",\"contentUrl\":\"https:\\\/\\\/respiart.ca\\\/wp-content\\\/uploads\\\/2022\\\/05\\\/Respiart-logo-1-e1651540192142.png\",\"width\":237,\"height\":61,\"caption\":\"RespiArt - Sleep apnea & CPAPs\"},\"image\":{\"@id\":\"https:\\\/\\\/respiart.ca\\\/ar\\\/#\\\/schema\\\/logo\\\/image\\\/\"}}]}<\/script>\n<!-- \/ Yoast SEO plugin. -->","yoast_head_json":{"title":"Marques | Repiart - Inhaloth\u00e9rapeute Montr\u00e9al","description":"Description de la marque Inogen Connu pour ses concentrateurs d&#039;oxyg\u00e8ne portables et ses solutions respiratoires. ResMed Premier fournisseur de traitement de l&#039;apn\u00e9e du sommeil et","robots":{"index":"index","follow":"follow","max-snippet":"max-snippet:-1","max-image-preview":"max-image-preview:large","max-video-preview":"max-video-preview:-1"},"canonical":"https:\/\/respiart.ca\/fr\/marques\/","og_locale":"fr_CA","og_type":"article","og_title":"Brands | Respiart - Respiratory therapist Montreal","og_description":"Brand Description Inogen Known for portable oxygen concentrators and respiratory solutions. &nbsp; ResMed Leading provider of sleep apnea treatment and","og_url":"https:\/\/respiart.ca\/fr\/marques\/","og_site_name":"Respiart - Respiratory therapist Montreal","og_image":[{"url":"http:\/\/respiart.ca\/wp-content\/uploads\/2023\/08\/inogen-vector-logo.png","type":"","width":"","height":""}],"twitter_card":"summary_large_image","twitter_misc":{"Estimation du temps de lecture":"2 minutes"},"schema":{"@context":"https:\/\/schema.org","@graph":[{"@type":"WebPage","@id":"https:\/\/respiart.ca\/brands\/","url":"https:\/\/respiart.ca\/brands\/","name":"Marques | Repiart - Inhaloth\u00e9rapeute Montr\u00e9al","isPartOf":{"@id":"https:\/\/respiart.ca\/ar\/#website"},"primaryImageOfPage":{"@id":"https:\/\/respiart.ca\/brands\/#primaryimage"},"image":{"@id":"https:\/\/respiart.ca\/brands\/#primaryimage"},"thumbnailUrl":"http:\/\/respiart.ca\/wp-content\/uploads\/2023\/08\/inogen-vector-logo.png","datePublished":"2023-08-21T19:34:55+00:00","description":"Description de la marque Inogen Connu pour ses concentrateurs d&#039;oxyg\u00e8ne portables et ses solutions respiratoires. ResMed Premier fournisseur de traitement de l&#039;apn\u00e9e du sommeil et","breadcrumb":{"@id":"https:\/\/respiart.ca\/brands\/#breadcrumb"},"inLanguage":"fr-CA","potentialAction":[{"@type":"ReadAction","target":["https:\/\/respiart.ca\/brands\/"]}]},{"@type":"ImageObject","inLanguage":"fr-CA","@id":"https:\/\/respiart.ca\/brands\/#primaryimage","url":"http:\/\/respiart.ca\/wp-content\/uploads\/2023\/08\/inogen-vector-logo.png","contentUrl":"http:\/\/respiart.ca\/wp-content\/uploads\/2023\/08\/inogen-vector-logo.png"},{"@type":"BreadcrumbList","@id":"https:\/\/respiart.ca\/brands\/#breadcrumb","itemListElement":[{"@type":"ListItem","position":1,"name":"Home","item":"https:\/\/respiart.ca\/"},{"@type":"ListItem","position":2,"name":"Brands"}]},{"@type":"WebSite","@id":"https:\/\/respiart.ca\/ar\/#website","url":"https:\/\/respiart.ca\/ar\/","name":"RespiArt - Apn\u00e9e du sommeil et CPAP","description":"CPAP et tests pour l&#039;apn\u00e9e du sommeil, l&#039;asthme, l&#039;oxym\u00e9trie","publisher":{"@id":"https:\/\/respiart.ca\/ar\/#organization"},"potentialAction":[{"@type":"SearchAction","target":{"@type":"EntryPoint","urlTemplate":"https:\/\/respiart.ca\/ar\/?s={search_term_string}"},"query-input":{"@type":"PropertyValueSpecification","valueRequired":true,"valueName":"search_term_string"}}],"inLanguage":"fr-CA"},{"@type":"Organization","@id":"https:\/\/respiart.ca\/ar\/#organization","name":"RespiArt - Apn\u00e9e du sommeil et CPAP","url":"https:\/\/respiart.ca\/ar\/","logo":{"@type":"ImageObject","inLanguage":"fr-CA","@id":"https:\/\/respiart.ca\/ar\/#\/schema\/logo\/image\/","url":"https:\/\/respiart.ca\/wp-content\/uploads\/2022\/05\/Respiart-logo-1-e1651540192142.png","contentUrl":"https:\/\/respiart.ca\/wp-content\/uploads\/2022\/05\/Respiart-logo-1-e1651540192142.png","width":237,"height":61,"caption":"RespiArt - Sleep apnea & CPAPs"},"image":{"@id":"https:\/\/respiart.ca\/ar\/#\/schema\/logo\/image\/"}}]}},"_links":{"self":[{"href":"https:\/\/respiart.ca\/fr\/wp-json\/wp\/v2\/pages\/4568","targetHints":{"allow":["GET"]}}],"collection":[{"href":"https:\/\/respiart.ca\/fr\/wp-json\/wp\/v2\/pages"}],"about":[{"href":"https:\/\/respiart.ca\/fr\/wp-json\/wp\/v2\/types\/page"}],"author":[{"embeddable":true,"href":"https:\/\/respiart.ca\/fr\/wp-json\/wp\/v2\/users\/1"}],"replies":[{"embeddable":true,"href":"https:\/\/respiart.ca\/fr\/wp-json\/wp\/v2\/comments?post=4568"}],"version-history":[{"count":0,"href":"https:\/\/respiart.ca\/fr\/wp-json\/wp\/v2\/pages\/4568\/revisions"}],"wp:attachment":[{"href":"https:\/\/respiart.ca\/fr\/wp-json\/wp\/v2\/media?parent=4568"}],"curies":[{"name":"wp","href":"https:\/\/api.w.org\/{rel}","templated":true}]}}