{"id":4762,"date":"2024-11-29T15:58:04","date_gmt":"2024-11-29T15:58:04","guid":{"rendered":"http:\/\/f4i.0cc.mytemp.website\/?page_id=4762"},"modified":"2024-11-29T15:58:04","modified_gmt":"2024-11-29T15:58:04","slug":"equipe","status":"publish","type":"page","link":"https:\/\/respiart.ca\/fr\/team\/","title":{"rendered":"\u00c9quipe"},"content":{"rendered":"<!-- wpshopmart team builder design 1 wrapper -->\r\n\t<div class=\"wpsm_team_1_b_row\" id=\"wpsm_team_1_b_row_4761\">\r\n\t\t<div class=\"wpsm_row\">  \r\n\t\t\t<style>\r\n\t\t\t#wpsm_team_1_b_row_4761 .wpsm_team_1_member_wrapper_inner h3{\r\n\t\t\t\tcolor:#000000 !important;\r\n\t\t\t\tfont-size:20px !important;\r\n\t\t\t\t\t\t\t\t  font-family:'Arial';\r\n\t\t\t\t\t\t\t\t\r\n\t\t\t}\r\n\t\t\t#wpsm_team_1_b_row_4761 .wpsm_team_1_name_divider{\r\n\t\t\t\tbackground-color:#000000 !important;\r\n\t\t\t}\r\n\t\t\t#wpsm_team_1_b_row_4761 .wpsm_team_1_b_desig{\r\n\t\t\t\tcolor:#000000 !important;\r\n\t\t\t\tfont-size:15px !important;\r\n\t\t\t\t\t\t\t\t   font-family:'Arial';\r\n\t\t\t\t\t\t\t}\r\n\t\t\t#wpsm_team_1_b_row_4761 .wpsm_team_1_b_desc{\r\n\t\t\t\tcolor:#000000 !important;\r\n\t\t\t\tfont-size:14px !important;\r\n\t\t\t\t\t\t\t\t   font-family:'Arial';\r\n\t\t\t\t\t\t\t}\r\n\t\t\t#wpsm_team_1_b_row_4761  p{\r\n\t\t\t\tcolor:#000000 !important;\r\n\t\t\t\tfont-size:14px !important;\r\n\t\t\t    \t\t\t\t   font-family:'Arial';\r\n\t\t\t\t\t\t\t\t\r\n\t\t\t}\r\n\t\t\t\r\n\t\t\t#wpsm_team_1_b_row_4761 .wpsm_team_1_social_div a i{\r\n\t\t\t\tcolor:#4f4f4f !important;\r\n\t\t\t\tbackground:#e5e5e5 !important;\r\n\t\t\t}\r\n\t\t\t\t\t\t\r\n\t\t\t<\/style>\r\n\t\t\t\t\t\t \r\n\t\t\t\t\t<div class=\"wpsm_col-md-4 wpsm_col-sm-6 wpsm-col-div wpsm_single_team\">\r\n\t\t\t\t\t\t<div class=\"wpsm_team_1_member_wrapper\">\r\n\t\t\t\t\t\t\t<img decoding=\"async\" class=\"img-responsive wpsm_team_1_mem_img\" src=\"http:\/\/respiart.ca\/wp-content\/uploads\/2025\/01\/2.png\" alt=\"Bruno Auclair\">\r\n\t\t\t\t\t\t\t<div class=\"wpsm_team_1_member_wrapper_inner\">\r\n\t\t\t\t\t\t\t\t<h3>\r\n\t\t\t\t\t\t\t\t\tBruno Auclair\t\t\t\t\t\t\t\t\t<div class=\"wpsm_team_1_name_divider\"><\/div>\r\n\t\t\t\t\t\t\t\t<\/h3>\r\n\t\t\t\t\t\t\t\t<span class=\"wpsm_team_1_b_desig\"> Inhaloth\u00e9rapeute <\/span> \t\t\t\t\t\t\t\t<p class=\"wpsm_team_1_b_desc\"> Bruno est inhaloth\u00e9rapeute depuis 1993, il a eu l&#039;opportunit\u00e9 d&#039;exercer sa profession dans pratiquement tous les domaines, incluant plusieurs ann\u00e9es de suivi de patients souffrant d&#039;apn\u00e9e du sommeil, ainsi que dans l&#039;enseignement et l&#039;analyse d&#039;\u00e9tudes du sommeil. Il a \u00e0 c\u0153ur le bien-\u00eatre de ses clients et s&#039;implique activement dans la progression et le succ\u00e8s de la th\u00e9rapie. <\/p> \t\t\t\t\t\t\t\t<div class=\"wpsm_team_1_social_div\">\r\n\t\t\t\t\t\t\t\t\t<a href=\"#\" target=\"_blank\" title=\"profil facebook\"><i class=\"fa fa-facebook\"><\/i><\/a> \t\t\t\t\t\t\t\t\t<a href=\"#\" target=\"_blank\" title=\"profil Twitter\"><i class=\"fa fa-twitter\"><\/i><\/a>\t\t\t\t\t\t\t\t\t<a href=\"#\" target=\"_blank\" title=\"profil linkedin\"><i class=\"fa fa-linkedin\"><\/i><\/a>\t\t\t\t\t\t\t\t\t<a href=\"#\" target=\"_blank\" title=\"Profil Instagram\"><i class=\"fa fa-instagram\"><\/i><\/a>\t\t\t\t\t\t\t\t<\/div>\r\n\t\t\t\t\t\t\t<\/div>\r\n\t\t\t\t\t\t<\/div>\r\n\t\t\t\t\t<\/div>\r\n\t\t\t\t\t\t\t\t\t\t\t\t\t \r\n\t\t\t\t\t<div class=\"wpsm_col-md-4 wpsm_col-sm-6 wpsm-col-div wpsm_single_team\">\r\n\t\t\t\t\t\t<div class=\"wpsm_team_1_member_wrapper\">\r\n\t\t\t\t\t\t\t<img decoding=\"async\" class=\"img-responsive wpsm_team_1_mem_img\" src=\"http:\/\/respiart.ca\/wp-content\/uploads\/2025\/01\/1.png\" alt=\"Phillip B\u00e9langer\">\r\n\t\t\t\t\t\t\t<div class=\"wpsm_team_1_member_wrapper_inner\">\r\n\t\t\t\t\t\t\t\t<h3>\r\n\t\t\t\t\t\t\t\t\tPhillip B\u00e9langer\t\t\t\t\t\t\t\t\t<div class=\"wpsm_team_1_name_divider\"><\/div>\r\n\t\t\t\t\t\t\t\t<\/h3>\r\n\t\t\t\t\t\t\t\t<span class=\"wpsm_team_1_b_desig\"> Inhaloth\u00e9rapeute <\/span> \t\t\t\t\t\t\t\t<p class=\"wpsm_team_1_b_desc\"> Phillip est inhaloth\u00e9rapeute depuis 12 ans. C&#039;est \u00e0 l&#039;h\u00f4pital Ste-Justine qu&#039;il a eu son premier contact avec les troubles du sommeil. Il a r\u00e9alis\u00e9 \u00e0 quel point nous sous-estimons les effets que le sommeil peut avoir sur l&#039;ensemble du corps. Lui-m\u00eame diagnostiqu\u00e9 d&#039;apn\u00e9e du sommeil, il a une perspective personnelle sur les effets n\u00e9fastes de ce probl\u00e8me sur la vie quotidienne. Il saura vous accompagner \u00e0 toutes les \u00e9tapes du processus. <\/p> \t\t\t\t\t\t\t\t<div class=\"wpsm_team_1_social_div\">\r\n\t\t\t\t\t\t\t\t\t<a href=\"#\" target=\"_blank\" title=\"profil facebook\"><i class=\"fa fa-facebook\"><\/i><\/a> \t\t\t\t\t\t\t\t\t<a href=\"#\" target=\"_blank\" title=\"profil Twitter\"><i class=\"fa fa-twitter\"><\/i><\/a>\t\t\t\t\t\t\t\t\t<a href=\"#\" target=\"_blank\" title=\"profil linkedin\"><i class=\"fa fa-linkedin\"><\/i><\/a>\t\t\t\t\t\t\t\t\t<a href=\"#\" target=\"_blank\" title=\"Profil Instagram\"><i class=\"fa fa-instagram\"><\/i><\/a>\t\t\t\t\t\t\t\t<\/div>\r\n\t\t\t\t\t\t\t<\/div>\r\n\t\t\t\t\t\t<\/div>\r\n\t\t\t\t\t<\/div>\r\n\t\t\t\t\t\t\t\t\t\t\t\t\t \r\n\t\t\t\t\t<div class=\"wpsm_col-md-4 wpsm_col-sm-6 wpsm-col-div wpsm_single_team\">\r\n\t\t\t\t\t\t<div class=\"wpsm_team_1_member_wrapper\">\r\n\t\t\t\t\t\t\t<img decoding=\"async\" class=\"img-responsive wpsm_team_1_mem_img\" src=\"http:\/\/respiart.ca\/wp-content\/uploads\/2025\/02\/unnamed.png\" alt=\"Paul Edmond Junior Brunache\">\r\n\t\t\t\t\t\t\t<div class=\"wpsm_team_1_member_wrapper_inner\">\r\n\t\t\t\t\t\t\t\t<h3>\r\n\t\t\t\t\t\t\t\t\tPaul Edmond Junior Brunache\t\t\t\t\t\t\t\t\t<div class=\"wpsm_team_1_name_divider\"><\/div>\r\n\t\t\t\t\t\t\t\t<\/h3>\r\n\t\t\t\t\t\t\t\t<span class=\"wpsm_team_1_b_desig\"> Inhaloth\u00e9rapeute, <\/span> \t\t\t\t\t\t\t\t<p class=\"wpsm_team_1_b_desc\"> Paul est inhaloth\u00e9rapeute depuis 2013. Il a rapidement acquis de l&#039;exp\u00e9rience en milieu hospitalier, en recherche sur la fibrose kystique et dans un laboratoire du sommeil complexe. Il est reconnu pour sa pr\u00e9cision clinique et son engagement envers la qualit\u00e9 des soins et \u00e9l\u00e8ve les standards en sant\u00e9 respiratoire. <\/p> \t\t\t\t\t\t\t\t<div class=\"wpsm_team_1_social_div\">\r\n\t\t\t\t\t\t\t\t\t\t\t\t\t\t\t\t\t\t\t\t\t\t\t\t\t\t\t\t\t\t\t\t\t\t\t\t\t\t\t\t\t\t\t\t<\/div>\r\n\t\t\t\t\t\t\t<\/div>\r\n\t\t\t\t\t\t<\/div>\r\n\t\t\t\t\t<\/div>\r\n\t\t\t\t\t\t\t\t\t\t\t<\/div>\r\n\t\t\t\t\t\t<div class=\"wpsm_row\">\r\n\t\t\t\t\t\t\t\t\t\t\t\t\t\t \r\n\t\t\t\t\t<div class=\"wpsm_col-md-4 wpsm_col-sm-6 wpsm-col-div wpsm_single_team\">\r\n\t\t\t\t\t\t<div class=\"wpsm_team_1_member_wrapper\">\r\n\t\t\t\t\t\t\t<img decoding=\"async\" class=\"img-responsive wpsm_team_1_mem_img\" src=\"http:\/\/respiart.ca\/wp-content\/uploads\/2025\/02\/unnamed-1.png\" alt=\"Dimitri Mazile\">\r\n\t\t\t\t\t\t\t<div class=\"wpsm_team_1_member_wrapper_inner\">\r\n\t\t\t\t\t\t\t\t<h3>\r\n\t\t\t\t\t\t\t\t\tDimitri Mazile\t\t\t\t\t\t\t\t\t<div class=\"wpsm_team_1_name_divider\"><\/div>\r\n\t\t\t\t\t\t\t\t<\/h3>\r\n\t\t\t\t\t\t\t\t<span class=\"wpsm_team_1_b_desig\"> Inhaloth\u00e9rapeute <\/span> \t\t\t\t\t\t\t\t<p class=\"wpsm_team_1_b_desc\"> Dimitry est inhaloth\u00e9rapeute depuis 2010 en soins m\u00e9dicaux et critiques adultes, p\u00e9diatriques et n\u00e9onatals. Il a pu acqu\u00e9rir une tr\u00e8s bonne exp\u00e9rience, au fil des ann\u00e9es, en travaillant avec des patients pr\u00e9sentant des probl\u00e8mes d&#039;apn\u00e9e du sommeil. Le confort et la satisfaction de ses patients sont ce qu&#039;il recherche \u00e0 chacune de ses rencontres avec ses patients. <\/p> \t\t\t\t\t\t\t\t<div class=\"wpsm_team_1_social_div\">\r\n\t\t\t\t\t\t\t\t\t<a href=\"#\" target=\"_blank\" title=\"profil facebook\"><i class=\"fa fa-facebook\"><\/i><\/a> \t\t\t\t\t\t\t\t\t<a href=\"#\" target=\"_blank\" title=\"profil Twitter\"><i class=\"fa fa-twitter\"><\/i><\/a>\t\t\t\t\t\t\t\t\t<a href=\"#\" target=\"_blank\" title=\"profil linkedin\"><i class=\"fa fa-linkedin\"><\/i><\/a>\t\t\t\t\t\t\t\t\t<a href=\"#\" target=\"_blank\" title=\"Profil Instagram\"><i class=\"fa fa-instagram\"><\/i><\/a>\t\t\t\t\t\t\t\t<\/div>\r\n\t\t\t\t\t\t\t<\/div>\r\n\t\t\t\t\t\t<\/div>\r\n\t\t\t\t\t<\/div>\r\n\t\t\t\t\t\t\t\t\t\t\t\t\t \r\n\t\t\t\t\t<div class=\"wpsm_col-md-4 wpsm_col-sm-6 wpsm-col-div wpsm_single_team\">\r\n\t\t\t\t\t\t<div class=\"wpsm_team_1_member_wrapper\">\r\n\t\t\t\t\t\t\t<img decoding=\"async\" class=\"img-responsive wpsm_team_1_mem_img\" src=\"http:\/\/respiart.ca\/wp-content\/uploads\/2025\/01\/unnamed-scaled.jpg\" alt=\"Almutaz Moualla\">\r\n\t\t\t\t\t\t\t<div class=\"wpsm_team_1_member_wrapper_inner\">\r\n\t\t\t\t\t\t\t\t<h3>\r\n\t\t\t\t\t\t\t\t\tAlmutaz Moualla\t\t\t\t\t\t\t\t\t<div class=\"wpsm_team_1_name_divider\"><\/div>\r\n\t\t\t\t\t\t\t\t<\/h3>\r\n\t\t\t\t\t\t\t\t<span class=\"wpsm_team_1_b_desig\"> Inhaloth\u00e9rapeute, RPSGT, CCSH, BME <\/span> \t\t\t\t\t\t\t\t<p class=\"wpsm_team_1_b_desc\"> Almutaz a obtenu un baccalaur\u00e9at en g\u00e9nie biom\u00e9dical en 2004 de l&#039;Universit\u00e9 de Damas. En 2019, il a obtenu son dipl\u00f4me d&#039;inhaloth\u00e9rapeute du Coll\u00e8ge Vanier de Montr\u00e9al. Il a acquis son exp\u00e9rience dans le domaine du sommeil au laboratoire du sommeil du centre de recherche de l&#039;Universit\u00e9 McGill. Son objectif est d&#039;\u00e9duquer les patients et de les sensibiliser aux troubles du sommeil et \u00e0 l&#039;asthme.  <\/p> \t\t\t\t\t\t\t\t<div class=\"wpsm_team_1_social_div\">\r\n\t\t\t\t\t\t\t\t\t<a href=\"#\" target=\"_blank\" title=\"profil facebook\"><i class=\"fa fa-facebook\"><\/i><\/a> \t\t\t\t\t\t\t\t\t<a href=\"#\" target=\"_blank\" title=\"profil Twitter\"><i class=\"fa fa-twitter\"><\/i><\/a>\t\t\t\t\t\t\t\t\t<a href=\"#\" target=\"_blank\" title=\"profil linkedin\"><i class=\"fa fa-linkedin\"><\/i><\/a>\t\t\t\t\t\t\t\t\t<a href=\"#\" target=\"_blank\" title=\"Profil Instagram\"><i class=\"fa fa-instagram\"><\/i><\/a>\t\t\t\t\t\t\t\t<\/div>\r\n\t\t\t\t\t\t\t<\/div>\r\n\t\t\t\t\t\t<\/div>\r\n\t\t\t\t\t<\/div>\r\n\t\t\t\t\t\t\t\t\t\t\t\t\t \r\n\t\t\t\t\t<div class=\"wpsm_col-md-4 wpsm_col-sm-6 wpsm-col-div wpsm_single_team\">\r\n\t\t\t\t\t\t<div class=\"wpsm_team_1_member_wrapper\">\r\n\t\t\t\t\t\t\t<img decoding=\"async\" class=\"img-responsive wpsm_team_1_mem_img\" src=\"http:\/\/respiart.ca\/wp-content\/uploads\/2026\/01\/IMG_0091-scaled.jpeg\" alt=\"Kamel Oussad\">\r\n\t\t\t\t\t\t\t<div class=\"wpsm_team_1_member_wrapper_inner\">\r\n\t\t\t\t\t\t\t\t<h3>\r\n\t\t\t\t\t\t\t\t\tKamel Oussad\t\t\t\t\t\t\t\t\t<div class=\"wpsm_team_1_name_divider\"><\/div>\r\n\t\t\t\t\t\t\t\t<\/h3>\r\n\t\t\t\t\t\t\t\t<span class=\"wpsm_team_1_b_desig\"> Inhaloth\u00e9rapeute <\/span> \t\t\t\t\t\t\t\t<p class=\"wpsm_team_1_b_desc\"> Kamel Oussad, inhaloth\u00e9rapeute \u00e0 la clinique RespiArt, poss\u00e8de 30 ans d&#039;exp\u00e9rience en th\u00e9rapie respiratoire, en \u00e9ducation th\u00e9rapeutique et en suivi des patients atteints de troubles cardiorespiratoires, notamment l&#039;apn\u00e9e du sommeil. Son approche est humaine, rigoureuse et ax\u00e9e sur l&#039;observance et l&#039;efficacit\u00e9 du traitement.\r\n <\/p> \t\t\t\t\t\t\t\t<div class=\"wpsm_team_1_social_div\">\r\n\t\t\t\t\t\t\t\t\t\t\t\t\t\t\t\t\t\t\t\t\t\t\t\t\t\t\t\t\t\t\t\t\t\t\t\t\t\t\t\t\t\t\t\t<\/div>\r\n\t\t\t\t\t\t\t<\/div>\r\n\t\t\t\t\t\t<\/div>\r\n\t\t\t\t\t<\/div>\r\n\t\t\t\t\t\t\t\t\t\t\t<\/div>\r\n\t\t\t\t\t\t<div class=\"wpsm_row\">\r\n\t\t\t\t\t\t\t\t\t\t\t\t\t\t \r\n\t\t\t\t\t<div class=\"wpsm_col-md-4 wpsm_col-sm-6 wpsm-col-div wpsm_single_team\">\r\n\t\t\t\t\t\t<div class=\"wpsm_team_1_member_wrapper\">\r\n\t\t\t\t\t\t\t<img decoding=\"async\" class=\"img-responsive wpsm_team_1_mem_img\" src=\"https:\/\/respiart.ca\/wp-content\/uploads\/2026\/02\/Joseph.jpg\" alt=\"Joseph\">\r\n\t\t\t\t\t\t\t<div class=\"wpsm_team_1_member_wrapper_inner\">\r\n\t\t\t\t\t\t\t\t<h3>\r\n\t\t\t\t\t\t\t\t\tJoseph\t\t\t\t\t\t\t\t\t<div class=\"wpsm_team_1_name_divider\"><\/div>\r\n\t\t\t\t\t\t\t\t<\/h3>\r\n\t\t\t\t\t\t\t\t<span class=\"wpsm_team_1_b_desig\"> Inhaloth\u00e9rapeute <\/span> \t\t\t\t\t\t\t\t<p class=\"wpsm_team_1_b_desc\"> Bonjour, je m&#039;appelle Joseph. Je suis inhaloth\u00e9rapeute agr\u00e9\u00e9 depuis 2015, dipl\u00f4m\u00e9 du Coll\u00e8ge de Rosemont \u00e0 Montr\u00e9al. J&#039;ai travaill\u00e9 dans divers secteurs de ma profession, notamment en milieu hospitalier, en agence de placement et en salle d&#039;op\u00e9ration. Ces exp\u00e9riences m&#039;ont permis d&#039;acqu\u00e9rir une expertise pr\u00e9cieuse, que je suis heureux de partager avec mes patients. Je poss\u00e8de plus de sept ans d&#039;exp\u00e9rience sp\u00e9cialis\u00e9e dans le traitement de l&#039;apn\u00e9e du sommeil. En tant qu&#039;inhaloth\u00e9rapeute dans une clinique du sommeil, j&#039;accompagne les patients \u00e0 chaque \u00e9tape de leur parcours. Je r\u00e9alise et explique les tests diagnostiques du sommeil, j&#039;\u00e9value les besoins individuels li\u00e9s \u00e0 l&#039;apn\u00e9e du sommeil et je recommande des solutions adapt\u00e9es. Je fournis \u00e9galement des appareils de PPC et leurs accessoires (masques, filtres, tubulures), tout en assurant un suivi personnalis\u00e9 pour optimiser le confort, l&#039;observance du traitement et l&#039;am\u00e9lioration durable de la qualit\u00e9 de vie.\r\n <\/p> \t\t\t\t\t\t\t\t<div class=\"wpsm_team_1_social_div\">\r\n\t\t\t\t\t\t\t\t\t\t\t\t\t\t\t\t\t\t\t\t\t\t\t\t\t\t\t\t\t\t\t\t\t\t\t\t\t\t\t\t\t\t\t\t<\/div>\r\n\t\t\t\t\t\t\t<\/div>\r\n\t\t\t\t\t\t<\/div>\r\n\t\t\t\t\t<\/div>\r\n\t\t\t\t\t\t\t\t\t\t\t\t\r\n\t\t<\/div>\r\n\t<\/div>","protected":false},"excerpt":{"rendered":"","protected":false},"author":1,"featured_media":0,"parent":0,"menu_order":0,"comment_status":"closed","ping_status":"closed","template":"","meta":{"footnotes":""},"class_list":["post-4762","page","type-page","status-publish","hentry"],"yoast_head":"<!-- This site is optimized with the Yoast SEO plugin v27.4 - https:\/\/yoast.com\/product\/yoast-seo-wordpress\/ -->\n<title>Team | Respiart - Respiratory therapist Montreal<\/title>\n<meta name=\"robots\" content=\"index, follow, max-snippet:-1, max-image-preview:large, max-video-preview:-1\" \/>\n<link rel=\"canonical\" href=\"https:\/\/respiart.ca\/fr\/ar\/\u0641\u0631\u064a\u0642\/\" \/>\n<meta property=\"og:locale\" content=\"fr_CA\" \/>\n<meta property=\"og:type\" content=\"article\" \/>\n<meta property=\"og:title\" content=\"Team | Respiart - Respiratory therapist Montreal\" \/>\n<meta property=\"og:url\" content=\"https:\/\/respiart.ca\/fr\/ar\/\u0641\u0631\u064a\u0642\/\" \/>\n<meta property=\"og:site_name\" content=\"Respiart - Respiratory therapist Montreal\" \/>\n<meta name=\"twitter:card\" content=\"summary_large_image\" \/>\n<meta name=\"twitter:label1\" content=\"Estimation du temps de lecture\" \/>\n\t<meta name=\"twitter:data1\" content=\"2 minutes\" \/>\n<script type=\"application\/ld+json\" class=\"yoast-schema-graph\">{\"@context\":\"https:\\\/\\\/schema.org\",\"@graph\":[{\"@type\":\"WebPage\",\"@id\":\"https:\\\/\\\/respiart.ca\\\/ar\\\/%d9%81%d8%b1%d9%8a%d9%82\\\/\",\"url\":\"https:\\\/\\\/respiart.ca\\\/ar\\\/%d9%81%d8%b1%d9%8a%d9%82\\\/\",\"name\":\"Team | Respiart - Respiratory therapist Montreal\",\"isPartOf\":{\"@id\":\"https:\\\/\\\/respiart.ca\\\/ar\\\/#website\"},\"datePublished\":\"2024-11-29T15:58:04+00:00\",\"breadcrumb\":{\"@id\":\"https:\\\/\\\/respiart.ca\\\/ar\\\/%d9%81%d8%b1%d9%8a%d9%82\\\/#breadcrumb\"},\"inLanguage\":\"fr-CA\",\"potentialAction\":[{\"@type\":\"ReadAction\",\"target\":[\"https:\\\/\\\/respiart.ca\\\/ar\\\/%d9%81%d8%b1%d9%8a%d9%82\\\/\"]}]},{\"@type\":\"BreadcrumbList\",\"@id\":\"https:\\\/\\\/respiart.ca\\\/ar\\\/%d9%81%d8%b1%d9%8a%d9%82\\\/#breadcrumb\",\"itemListElement\":[{\"@type\":\"ListItem\",\"position\":1,\"name\":\"Home\",\"item\":\"https:\\\/\\\/respiart.ca\\\/\"},{\"@type\":\"ListItem\",\"position\":2,\"name\":\"Team\"}]},{\"@type\":\"WebSite\",\"@id\":\"https:\\\/\\\/respiart.ca\\\/ar\\\/#website\",\"url\":\"https:\\\/\\\/respiart.ca\\\/ar\\\/\",\"name\":\"RespiArt - Sleep apnea & CPAPs\",\"description\":\"CPAPs and tests for sleep apnea, asthma, oximetry\",\"publisher\":{\"@id\":\"https:\\\/\\\/respiart.ca\\\/ar\\\/#organization\"},\"potentialAction\":[{\"@type\":\"SearchAction\",\"target\":{\"@type\":\"EntryPoint\",\"urlTemplate\":\"https:\\\/\\\/respiart.ca\\\/ar\\\/?s={search_term_string}\"},\"query-input\":{\"@type\":\"PropertyValueSpecification\",\"valueRequired\":true,\"valueName\":\"search_term_string\"}}],\"inLanguage\":\"fr-CA\"},{\"@type\":\"Organization\",\"@id\":\"https:\\\/\\\/respiart.ca\\\/ar\\\/#organization\",\"name\":\"RespiArt - Sleep apnea & CPAPs\",\"url\":\"https:\\\/\\\/respiart.ca\\\/ar\\\/\",\"logo\":{\"@type\":\"ImageObject\",\"inLanguage\":\"fr-CA\",\"@id\":\"https:\\\/\\\/respiart.ca\\\/ar\\\/#\\\/schema\\\/logo\\\/image\\\/\",\"url\":\"https:\\\/\\\/respiart.ca\\\/wp-content\\\/uploads\\\/2022\\\/05\\\/Respiart-logo-1-e1651540192142.png\",\"contentUrl\":\"https:\\\/\\\/respiart.ca\\\/wp-content\\\/uploads\\\/2022\\\/05\\\/Respiart-logo-1-e1651540192142.png\",\"width\":237,\"height\":61,\"caption\":\"RespiArt - Sleep apnea & CPAPs\"},\"image\":{\"@id\":\"https:\\\/\\\/respiart.ca\\\/ar\\\/#\\\/schema\\\/logo\\\/image\\\/\"}}]}<\/script>\n<!-- \/ Yoast SEO plugin. -->","yoast_head_json":{"title":"\u00c9quipe | Respiart - Inhaloth\u00e9rapeute Montr\u00e9al","robots":{"index":"index","follow":"follow","max-snippet":"max-snippet:-1","max-image-preview":"max-image-preview:large","max-video-preview":"max-video-preview:-1"},"canonical":"https:\/\/respiart.ca\/fr\/ar\/\u0641\u0631\u064a\u0642\/","og_locale":"fr_CA","og_type":"article","og_title":"Team | Respiart - Respiratory therapist Montreal","og_url":"https:\/\/respiart.ca\/fr\/ar\/\u0641\u0631\u064a\u0642\/","og_site_name":"Respiart - Respiratory therapist Montreal","twitter_card":"summary_large_image","twitter_misc":{"Estimation du temps de lecture":"2 minutes"},"schema":{"@context":"https:\/\/schema.org","@graph":[{"@type":"WebPage","@id":"https:\/\/respiart.ca\/ar\/%d9%81%d8%b1%d9%8a%d9%82\/","url":"https:\/\/respiart.ca\/ar\/%d9%81%d8%b1%d9%8a%d9%82\/","name":"\u00c9quipe | Respiart - Inhaloth\u00e9rapeute Montr\u00e9al","isPartOf":{"@id":"https:\/\/respiart.ca\/ar\/#website"},"datePublished":"2024-11-29T15:58:04+00:00","breadcrumb":{"@id":"https:\/\/respiart.ca\/ar\/%d9%81%d8%b1%d9%8a%d9%82\/#breadcrumb"},"inLanguage":"fr-CA","potentialAction":[{"@type":"ReadAction","target":["https:\/\/respiart.ca\/ar\/%d9%81%d8%b1%d9%8a%d9%82\/"]}]},{"@type":"BreadcrumbList","@id":"https:\/\/respiart.ca\/ar\/%d9%81%d8%b1%d9%8a%d9%82\/#breadcrumb","itemListElement":[{"@type":"ListItem","position":1,"name":"Home","item":"https:\/\/respiart.ca\/"},{"@type":"ListItem","position":2,"name":"Team"}]},{"@type":"WebSite","@id":"https:\/\/respiart.ca\/ar\/#website","url":"https:\/\/respiart.ca\/ar\/","name":"RespiArt - Apn\u00e9e du sommeil et CPAP","description":"CPAP et tests pour l&#039;apn\u00e9e du sommeil, l&#039;asthme, l&#039;oxym\u00e9trie","publisher":{"@id":"https:\/\/respiart.ca\/ar\/#organization"},"potentialAction":[{"@type":"SearchAction","target":{"@type":"EntryPoint","urlTemplate":"https:\/\/respiart.ca\/ar\/?s={search_term_string}"},"query-input":{"@type":"PropertyValueSpecification","valueRequired":true,"valueName":"search_term_string"}}],"inLanguage":"fr-CA"},{"@type":"Organization","@id":"https:\/\/respiart.ca\/ar\/#organization","name":"RespiArt - Apn\u00e9e du sommeil et CPAP","url":"https:\/\/respiart.ca\/ar\/","logo":{"@type":"ImageObject","inLanguage":"fr-CA","@id":"https:\/\/respiart.ca\/ar\/#\/schema\/logo\/image\/","url":"https:\/\/respiart.ca\/wp-content\/uploads\/2022\/05\/Respiart-logo-1-e1651540192142.png","contentUrl":"https:\/\/respiart.ca\/wp-content\/uploads\/2022\/05\/Respiart-logo-1-e1651540192142.png","width":237,"height":61,"caption":"RespiArt - Sleep apnea & CPAPs"},"image":{"@id":"https:\/\/respiart.ca\/ar\/#\/schema\/logo\/image\/"}}]}},"_links":{"self":[{"href":"https:\/\/respiart.ca\/fr\/wp-json\/wp\/v2\/pages\/4762","targetHints":{"allow":["GET"]}}],"collection":[{"href":"https:\/\/respiart.ca\/fr\/wp-json\/wp\/v2\/pages"}],"about":[{"href":"https:\/\/respiart.ca\/fr\/wp-json\/wp\/v2\/types\/page"}],"author":[{"embeddable":true,"href":"https:\/\/respiart.ca\/fr\/wp-json\/wp\/v2\/users\/1"}],"replies":[{"embeddable":true,"href":"https:\/\/respiart.ca\/fr\/wp-json\/wp\/v2\/comments?post=4762"}],"version-history":[{"count":0,"href":"https:\/\/respiart.ca\/fr\/wp-json\/wp\/v2\/pages\/4762\/revisions"}],"wp:attachment":[{"href":"https:\/\/respiart.ca\/fr\/wp-json\/wp\/v2\/media?parent=4762"}],"curies":[{"name":"wp","href":"https:\/\/api.w.org\/{rel}","templated":true}]}}