{"id":4254,"date":"2022-11-10T22:45:21","date_gmt":"2022-11-10T22:45:21","guid":{"rendered":"http:\/\/f4i.0cc.mytemp.website\/?post_type=product&#038;p=4254"},"modified":"2026-04-23T15:39:13","modified_gmt":"2026-04-23T15:39:13","slug":"concentrateur-d-oxygene-inogen-at-home","status":"publish","type":"product","link":"https:\/\/respiart.ca\/fr\/shop\/inogen-at-home-oxygen-concentrator\/","title":{"rendered":"Concentrateur d&#039;oxyg\u00e8ne \u00e0 domicile Inogen"},"content":{"rendered":"<p>L&#039;une de ses principales caract\u00e9ristiques est son d\u00e9bit \u00e9lev\u00e9, fournissant jusqu&#039;\u00e0 5 litres d&#039;oxyg\u00e8ne par minute (L\/min). Cela le rend id\u00e9al pour les personnes ayant des besoins en oxyg\u00e8ne plus importants, leur permettant de mener une vie active et \u00e9panouissante en toute s\u00e9r\u00e9nit\u00e9. <a href=\"https:\/\/respiart.ca\/fr\/categorie-produit\/oxygene\/concentrateur-doxygene-domestique\/\">oxyg\u00e9noth\u00e9rapie \u00e0 domicile<\/a> est pr\u00e9cis\u00e9ment atteint.<\/p>\n<p>Bien qu&#039;il soit principalement destin\u00e9 \u00e0 un usage domestique, le concentrateur d&#039;oxyg\u00e8ne Inogen At Home est \u00e0 la fois l\u00e9ger et portable. Il comprend des poign\u00e9es de transport int\u00e9gr\u00e9es pour un d\u00e9placement facile dans votre espace de vie, garantissant commodit\u00e9 et flexibilit\u00e9.<\/p>\n<p>Profitez d&#039;un environnement paisible gr\u00e2ce \u00e0 son fonctionnement silencieux. L&#039;appareil fonctionne avec un minimum de bruit, cr\u00e9ant une atmosph\u00e8re calme et sereine pour vous et votre entourage.<\/p>\n<p>L&#039;interface conviviale comprend un \u00e9cran LCD intuitif et des commandes simples, ce qui facilite le r\u00e9glage et l&#039;ajustement de votre d\u00e9bit d&#039;oxyg\u00e8ne. Des indicateurs clairs d\u2019\u00e9tat du syst\u00e8me vous tiennent inform\u00e9 et vous aident \u00e0 r\u00e9soudre facilement tout probl\u00e8me.<\/p>\n<p>L\u2019entretien est sans effort avec le concentrateur d\u2019oxyg\u00e8ne Inogen At Home. Le nettoyage ou le remplacement r\u00e9gulier du filtre, conform\u00e9ment aux directives du fabricant, maintient l&#039;appareil en parfait \u00e9tat. Cette maintenance minimale garantit que vous b\u00e9n\u00e9ficiez du maximum d&#039;avantages avec le moins d&#039;effort, soulignant l&#039;engagement de l&#039;appareil en faveur de la simplicit\u00e9 et de la commodit\u00e9. Fiez-vous au concentrateur d\u2019oxyg\u00e8ne Inogen At Home pour vous accompagner dans votre voyage vers une vie plus saine et plus \u00e9panouissante.<\/p>\n<p><strong>Ce pack comprend\u00a0:<\/strong><\/p>\n<ul>\n<li>Concentrateur d&#039;oxyg\u00e8ne \u00e0 domicile Inogen<\/li>\n<li>Cordon d&#039;alimentation secteur<\/li>\n<li>Manuel de l&#039;Utilisateur<\/li>\n<li>Canule<\/li>\n<\/ul>\n<p><strong>Poids:<\/strong> 18 livres<\/p>\n<h3>3 raisons de choisir uniquement Inogen At Home comme concentrateur d&#039;oxyg\u00e8ne stationnaire.<\/h3>\n<ol>\n<li>Le poids est d&#039;environ 18 livres, soit la moiti\u00e9 du poids des autres concentrateurs domestiques.<\/li>\n<li>Calme, vous permettant de regarder la t\u00e9l\u00e9vision ou de rendre visite \u00e0 des amis avec tr\u00e8s peu de nuisances sonores.<\/li>\n<li>Extr\u00eamement \u00e9conome en \u00e9nergie. \u00c0 un r\u00e9glage de d\u00e9bit de 2, il n&#039;a utilis\u00e9 que 100 W d&#039;\u00e9nergie, comme une ampoule standard de 100 W.<\/li>\n<\/ol>\n<p>&nbsp;<\/p>\n<p><img decoding=\"async\" class=\"alignnone wp-image-4155 size-full\" src=\"http:\/\/respiart.ca\/wp-content\/uploads\/2022\/10\/button1.png\" alt=\"\" width=\"150\" height=\"50\" srcset=\"https:\/\/respiart.ca\/wp-content\/uploads\/2022\/10\/button1-18x6.png 18w, https:\/\/respiart.ca\/wp-content\/uploads\/2022\/10\/button1.png 150w\" sizes=\"(max-width: 150px) 100vw, 150px\" \/> \u00a0\u00a0\u00a0\u00a0\u00a0\u00a0\u00a0\u00a0\u00a0\u00a0\u00a0\u00a0\u00a0\u00a0\u00a0\u00a0\u00a0\u00a0\u00a0\u00a0\u00a0\u00a0\u00a0\u00a0\u00a0\u00a0\u00a0\u00a0\u00a0\u00a0\u00a0\u00a0\u00a0\u00a0\u00a0\u00a0\u00a0\u00a0\u00a0\u00a0\u00a0\u00a0\u00a0\u00a0\u00a0\u00a0\u00a0\u00a0\u00a0\u00a0\u00a0\u00a0\u00a0\u00a0\u00a0\u00a0\u00a0\u00a0\u00a0\u00a0\u00a0\u00a0\u00a0\u00a0\u00a0\u00a0\u00a0\u00a0\u00a0\u00a0\u00a0\u00a0\u00a0\u00a0\u00a0\u00a0\u00a0\u00a0\u00a0 <a href=\"http:\/\/respiart.ca\/fr\/formulaire-de-location\/\"><img decoding=\"async\" class=\"alignnone wp-image-4156 size-thumbnail\" src=\"http:\/\/respiart.ca\/wp-content\/uploads\/2022\/10\/button-150x50.png\" alt=\"\" width=\"150\" height=\"50\" srcset=\"https:\/\/respiart.ca\/wp-content\/uploads\/2022\/10\/button-18x5.png 18w, https:\/\/respiart.ca\/wp-content\/uploads\/2022\/10\/button-150x50.png 150w, https:\/\/respiart.ca\/wp-content\/uploads\/2022\/10\/button.png 166w\" sizes=\"(max-width: 150px) 100vw, 150px\" \/><\/a><\/p>\n<p>Vous cherchez une alternative portable\u00a0? D\u00e9couvrez la <a href=\"https:\/\/respiart.ca\/fr\/magasin\/inogen-one-g5-rove-6-colonnes\/\">Concentrateur d&#039;oxyg\u00e8ne portable Inogen One G5<\/a> pour une th\u00e9rapie nomade.<\/p>","protected":false},"excerpt":{"rendered":"<p>D\u00e9couvrez le concentrateur d&#039;oxyg\u00e8ne Inogen At Home, un dispositif m\u00e9dical haut de gamme con\u00e7u pour fournir <a href=\"https:\/\/respiart.ca\/fr\/categorie-produit\/oxygene\/\">oxyg\u00e8ne suppl\u00e9mentaire<\/a> Ce dispositif est une th\u00e9rapie pour les personnes souffrant de troubles respiratoires. Il extrait et concentre l&#039;oxyg\u00e8ne de l&#039;air ambiant, d\u00e9livrant un flux hautement purifi\u00e9 adapt\u00e9 \u00e0 vos besoins sp\u00e9cifiques. Avec des niveaux de puret\u00e9 d&#039;oxyg\u00e8ne allant de 871 TpT \u00e0 951 TpT, il garantit une respiration facile et riche en oxyg\u00e8ne.<\/p>\n<p>Con\u00e7u pour l&#039;oxyg\u00e9noth\u00e9rapie \u00e0 flux continu, le concentrateur d&#039;oxyg\u00e8ne Inogen At Home offre un approvisionnement constant et ininterrompu en oxyg\u00e8ne 24 heures sur 24. Cela signifie qu\u2019il n\u2019est plus n\u00e9cessaire de d\u00e9pendre des r\u00e9servoirs d\u2019oxyg\u00e8ne ni des tracas li\u00e9s aux remplissages fr\u00e9quents. L&#039;Inogen At Home vous lib\u00e8re, vous permettant de profiter de vos activit\u00e9s quotidiennes sans souci.<\/p>\n<p>&nbsp;<\/p>\n<p><img decoding=\"async\" class=\"alignnone wp-image-4155 size-full\" src=\"http:\/\/respiart.ca\/wp-content\/uploads\/2022\/10\/button1.png\" alt=\"\" width=\"150\" height=\"50\" srcset=\"https:\/\/respiart.ca\/wp-content\/uploads\/2022\/10\/button1-18x6.png 18w, https:\/\/respiart.ca\/wp-content\/uploads\/2022\/10\/button1.png 150w\" sizes=\"(max-width: 150px) 100vw, 150px\" \/> \u00a0\u00a0\u00a0\u00a0\u00a0\u00a0\u00a0\u00a0\u00a0\u00a0\u00a0\u00a0\u00a0\u00a0\u00a0\u00a0\u00a0\u00a0\u00a0\u00a0\u00a0\u00a0\u00a0\u00a0\u00a0\u00a0\u00a0\u00a0\u00a0\u00a0\u00a0\u00a0\u00a0\u00a0\u00a0\u00a0\u00a0\u00a0\u00a0\u00a0\u00a0\u00a0\u00a0\u00a0\u00a0\u00a0\u00a0\u00a0\u00a0\u00a0\u00a0\u00a0\u00a0\u00a0\u00a0\u00a0\u00a0\u00a0\u00a0\u00a0\u00a0\u00a0\u00a0\u00a0\u00a0\u00a0\u00a0\u00a0\u00a0\u00a0\u00a0\u00a0\u00a0\u00a0\u00a0\u00a0\u00a0\u00a0\u00a0 <a href=\"http:\/\/respiart.ca\/fr\/formulaire-de-location\/\"><img decoding=\"async\" class=\"alignnone wp-image-4156 size-thumbnail\" src=\"http:\/\/respiart.ca\/wp-content\/uploads\/2022\/10\/button-150x50.png\" alt=\"\" width=\"150\" height=\"50\" srcset=\"https:\/\/respiart.ca\/wp-content\/uploads\/2022\/10\/button-18x5.png 18w, https:\/\/respiart.ca\/wp-content\/uploads\/2022\/10\/button-150x50.png 150w, https:\/\/respiart.ca\/wp-content\/uploads\/2022\/10\/button.png 166w\" sizes=\"(max-width: 150px) 100vw, 150px\" \/><\/a><\/p>","protected":false},"featured_media":4258,"comment_status":"open","ping_status":"closed","template":"","meta":[],"product_brand":[],"product_cat":[119,107,94],"product_tag":[],"class_list":{"0":"post-4254","1":"product","2":"type-product","3":"status-publish","4":"has-post-thumbnail","6":"product_cat-home-oxygen-concentrator","7":"product_cat-inogen","8":"product_cat-oxygen","10":"first","11":"instock","12":"taxable","13":"shipping-taxable","14":"purchasable","15":"product-type-simple"},"yoast_head":"<!-- This site is optimized with the Yoast SEO plugin v27.5 - https:\/\/yoast.com\/product\/yoast-seo-wordpress\/ -->\n<title>Inogen At Home Oxygen Concentrator | Respiart - Respiratory therapist Montreal<\/title>\n<meta name=\"description\" content=\"Introducing the Inogen At Home Oxygen Concentrator, a top-tier medical device engineered to provide supplemental oxygen therapy for individuals with respiratory conditions. This device extracts and concentrates oxygen from the ambient air, delivering a highly purified stream tailored to meet your specific requirements. With oxygen purity levels ranging from 87% to 95%, it ensures that each breath is both easy and rich in oxygen.  Designed for continuous flow oxygen therapy, the Inogen At Home Oxygen Concentrator offers a steady, uninterrupted supply of oxygen around the clock. This means no more reliance on oxygen tanks or the hassle of frequent refills. The Inogen At Home liberates you, allowing you to enjoy your daily activities without concern.  &nbsp;   \u00a0\u00a0\u00a0\u00a0\u00a0\u00a0\u00a0\u00a0\u00a0\u00a0\u00a0\u00a0\u00a0\u00a0\u00a0\u00a0\u00a0\u00a0\u00a0\u00a0\u00a0\u00a0\u00a0\u00a0\u00a0\u00a0\u00a0\u00a0\u00a0\u00a0\u00a0\u00a0\u00a0\u00a0\u00a0\u00a0\u00a0\u00a0\u00a0\u00a0\u00a0\u00a0\u00a0\u00a0\u00a0\u00a0\u00a0\u00a0\u00a0\u00a0\u00a0\u00a0\u00a0\u00a0\u00a0\u00a0\u00a0\u00a0\u00a0\u00a0\u00a0\u00a0\u00a0\u00a0\u00a0\u00a0\u00a0\u00a0\u00a0\u00a0\u00a0\u00a0\u00a0\u00a0\u00a0\u00a0\u00a0\u00a0\u00a0\" \/>\n<meta name=\"robots\" content=\"index, follow, max-snippet:-1, max-image-preview:large, max-video-preview:-1\" \/>\n<link rel=\"canonical\" href=\"https:\/\/respiart.ca\/fr\/magasin\/concentrateur-d-oxygene-inogen-at-home\/\" \/>\n<meta property=\"og:locale\" content=\"fr_CA\" \/>\n<meta property=\"og:type\" content=\"article\" \/>\n<meta property=\"og:title\" content=\"Inogen At Home Oxygen Concentrator | Respiart - Respiratory therapist Montreal\" \/>\n<meta property=\"og:description\" content=\"Introducing the Inogen At Home Oxygen Concentrator, a top-tier medical device engineered to provide supplemental oxygen therapy for individuals with respiratory conditions. This device extracts and concentrates oxygen from the ambient air, delivering a highly purified stream tailored to meet your specific requirements. With oxygen purity levels ranging from 87% to 95%, it ensures that each breath is both easy and rich in oxygen.  Designed for continuous flow oxygen therapy, the Inogen At Home Oxygen Concentrator offers a steady, uninterrupted supply of oxygen around the clock. This means no more reliance on oxygen tanks or the hassle of frequent refills. The Inogen At Home liberates you, allowing you to enjoy your daily activities without concern.  &nbsp;   \u00a0\u00a0\u00a0\u00a0\u00a0\u00a0\u00a0\u00a0\u00a0\u00a0\u00a0\u00a0\u00a0\u00a0\u00a0\u00a0\u00a0\u00a0\u00a0\u00a0\u00a0\u00a0\u00a0\u00a0\u00a0\u00a0\u00a0\u00a0\u00a0\u00a0\u00a0\u00a0\u00a0\u00a0\u00a0\u00a0\u00a0\u00a0\u00a0\u00a0\u00a0\u00a0\u00a0\u00a0\u00a0\u00a0\u00a0\u00a0\u00a0\u00a0\u00a0\u00a0\u00a0\u00a0\u00a0\u00a0\u00a0\u00a0\u00a0\u00a0\u00a0\u00a0\u00a0\u00a0\u00a0\u00a0\u00a0\u00a0\u00a0\u00a0\u00a0\u00a0\u00a0\u00a0\u00a0\u00a0\u00a0\u00a0\u00a0\" \/>\n<meta property=\"og:url\" content=\"https:\/\/respiart.ca\/fr\/magasin\/concentrateur-d-oxygene-inogen-at-home\/\" \/>\n<meta property=\"og:site_name\" content=\"Respiart - Respiratory therapist Montreal\" \/>\n<meta property=\"article:modified_time\" content=\"2026-04-23T15:39:13+00:00\" \/>\n<meta property=\"og:image\" content=\"https:\/\/respiart.ca\/wp-content\/uploads\/2022\/11\/1.png\" \/>\n\t<meta property=\"og:image:width\" content=\"700\" \/>\n\t<meta property=\"og:image:height\" content=\"700\" \/>\n\t<meta property=\"og:image:type\" content=\"image\/png\" \/>\n<meta name=\"twitter:card\" content=\"summary_large_image\" \/>\n<meta name=\"twitter:label1\" content=\"Estimation du temps de lecture\" \/>\n\t<meta name=\"twitter:data1\" content=\"2 minutes\" \/>\n<script type=\"application\/ld+json\" class=\"yoast-schema-graph\">{\"@context\":\"https:\\\/\\\/schema.org\",\"@graph\":[{\"@type\":\"WebPage\",\"@id\":\"https:\\\/\\\/respiart.ca\\\/shop\\\/inogen-at-home-oxygen-concentrator\\\/\",\"url\":\"https:\\\/\\\/respiart.ca\\\/shop\\\/inogen-at-home-oxygen-concentrator\\\/\",\"name\":\"Inogen At Home Oxygen Concentrator | Respiart - Respiratory therapist Montreal\",\"isPartOf\":{\"@id\":\"https:\\\/\\\/respiart.ca\\\/ar\\\/#website\"},\"primaryImageOfPage\":{\"@id\":\"https:\\\/\\\/respiart.ca\\\/shop\\\/inogen-at-home-oxygen-concentrator\\\/#primaryimage\"},\"image\":{\"@id\":\"https:\\\/\\\/respiart.ca\\\/shop\\\/inogen-at-home-oxygen-concentrator\\\/#primaryimage\"},\"thumbnailUrl\":\"https:\\\/\\\/respiart.ca\\\/wp-content\\\/uploads\\\/2022\\\/11\\\/1.png\",\"datePublished\":\"2022-11-10T22:45:21+00:00\",\"dateModified\":\"2026-04-23T15:39:13+00:00\",\"description\":\"Introducing the Inogen At Home Oxygen Concentrator, a top-tier medical device engineered to provide supplemental oxygen therapy for individuals with respiratory conditions. This device extracts and concentrates oxygen from the ambient air, delivering a highly purified stream tailored to meet your specific requirements. With oxygen purity levels ranging from 87% to 95%, it ensures that each breath is both easy and rich in oxygen. Designed for continuous flow oxygen therapy, the Inogen At Home Oxygen Concentrator offers a steady, uninterrupted supply of oxygen around the clock. This means no more reliance on oxygen tanks or the hassle of frequent refills. The Inogen At Home liberates you, allowing you to enjoy your daily activities without concern. &nbsp; \u00a0\u00a0\u00a0\u00a0\u00a0\u00a0\u00a0\u00a0\u00a0\u00a0\u00a0\u00a0\u00a0\u00a0\u00a0\u00a0\u00a0\u00a0\u00a0\u00a0\u00a0\u00a0\u00a0\u00a0\u00a0\u00a0\u00a0\u00a0\u00a0\u00a0\u00a0\u00a0\u00a0\u00a0\u00a0\u00a0\u00a0\u00a0\u00a0\u00a0\u00a0\u00a0\u00a0\u00a0\u00a0\u00a0\u00a0\u00a0\u00a0\u00a0\u00a0\u00a0\u00a0\u00a0\u00a0\u00a0\u00a0\u00a0\u00a0\u00a0\u00a0\u00a0\u00a0\u00a0\u00a0\u00a0\u00a0\u00a0\u00a0\u00a0\u00a0\u00a0\u00a0\u00a0\u00a0\u00a0\u00a0\u00a0\u00a0\",\"breadcrumb\":{\"@id\":\"https:\\\/\\\/respiart.ca\\\/shop\\\/inogen-at-home-oxygen-concentrator\\\/#breadcrumb\"},\"inLanguage\":\"fr-CA\",\"potentialAction\":[{\"@type\":\"ReadAction\",\"target\":[\"https:\\\/\\\/respiart.ca\\\/shop\\\/inogen-at-home-oxygen-concentrator\\\/\"]}]},{\"@type\":\"ImageObject\",\"inLanguage\":\"fr-CA\",\"@id\":\"https:\\\/\\\/respiart.ca\\\/shop\\\/inogen-at-home-oxygen-concentrator\\\/#primaryimage\",\"url\":\"https:\\\/\\\/respiart.ca\\\/wp-content\\\/uploads\\\/2022\\\/11\\\/1.png\",\"contentUrl\":\"https:\\\/\\\/respiart.ca\\\/wp-content\\\/uploads\\\/2022\\\/11\\\/1.png\",\"width\":700,\"height\":700},{\"@type\":\"BreadcrumbList\",\"@id\":\"https:\\\/\\\/respiart.ca\\\/shop\\\/inogen-at-home-oxygen-concentrator\\\/#breadcrumb\",\"itemListElement\":[{\"@type\":\"ListItem\",\"position\":1,\"name\":\"Home\",\"item\":\"https:\\\/\\\/respiart.ca\\\/\"},{\"@type\":\"ListItem\",\"position\":2,\"name\":\"Shop CPAP\",\"item\":\"https:\\\/\\\/respiart.ca\\\/shop-cpap\\\/\"},{\"@type\":\"ListItem\",\"position\":3,\"name\":\"Inogen At Home Oxygen Concentrator\"}]},{\"@type\":\"WebSite\",\"@id\":\"https:\\\/\\\/respiart.ca\\\/ar\\\/#website\",\"url\":\"https:\\\/\\\/respiart.ca\\\/ar\\\/\",\"name\":\"RespiArt - Sleep apnea & CPAPs\",\"description\":\"CPAPs and tests for sleep apnea, asthma, oximetry\",\"publisher\":{\"@id\":\"https:\\\/\\\/respiart.ca\\\/ar\\\/#organization\"},\"potentialAction\":[{\"@type\":\"SearchAction\",\"target\":{\"@type\":\"EntryPoint\",\"urlTemplate\":\"https:\\\/\\\/respiart.ca\\\/ar\\\/?s={search_term_string}\"},\"query-input\":{\"@type\":\"PropertyValueSpecification\",\"valueRequired\":true,\"valueName\":\"search_term_string\"}}],\"inLanguage\":\"fr-CA\"},{\"@type\":\"Organization\",\"@id\":\"https:\\\/\\\/respiart.ca\\\/ar\\\/#organization\",\"name\":\"RespiArt - Sleep apnea & CPAPs\",\"url\":\"https:\\\/\\\/respiart.ca\\\/ar\\\/\",\"logo\":{\"@type\":\"ImageObject\",\"inLanguage\":\"fr-CA\",\"@id\":\"https:\\\/\\\/respiart.ca\\\/ar\\\/#\\\/schema\\\/logo\\\/image\\\/\",\"url\":\"https:\\\/\\\/respiart.ca\\\/wp-content\\\/uploads\\\/2022\\\/05\\\/Respiart-logo-1-e1651540192142.png\",\"contentUrl\":\"https:\\\/\\\/respiart.ca\\\/wp-content\\\/uploads\\\/2022\\\/05\\\/Respiart-logo-1-e1651540192142.png\",\"width\":237,\"height\":61,\"caption\":\"RespiArt - Sleep apnea & CPAPs\"},\"image\":{\"@id\":\"https:\\\/\\\/respiart.ca\\\/ar\\\/#\\\/schema\\\/logo\\\/image\\\/\"}}]}<\/script>\n<!-- \/ Yoast SEO plugin. -->","yoast_head_json":{"title":"Concentrateur d&#039;oxyg\u00e8ne \u00e0 domicile Inogen | Respiart - Inhaloth\u00e9rapeute Montr\u00e9al","description":"Pr\u00e9sentation du concentrateur d&#039;oxyg\u00e8ne Inogen At Home, un dispositif m\u00e9dical de premier plan con\u00e7u pour fournir une oxyg\u00e9noth\u00e9rapie suppl\u00e9mentaire aux personnes souffrant de probl\u00e8mes respiratoires. Cet appareil extrait et concentre l&#039;oxyg\u00e8ne de l&#039;air ambiant, fournissant un flux hautement purifi\u00e9 adapt\u00e9 \u00e0 vos besoins sp\u00e9cifiques. Avec des niveaux de puret\u00e9 d&#039;oxyg\u00e8ne allant de 87% \u00e0 95%, il garantit que chaque respiration est \u00e0 la fois facile et riche en oxyg\u00e8ne. Con\u00e7u pour l&#039;oxyg\u00e9noth\u00e9rapie \u00e0 flux continu, le concentrateur d&#039;oxyg\u00e8ne Inogen At Home offre un approvisionnement constant et ininterrompu en oxyg\u00e8ne 24 heures sur 24. Cela signifie qu\u2019il n\u2019est plus n\u00e9cessaire de d\u00e9pendre des r\u00e9servoirs d\u2019oxyg\u00e8ne ni des tracas li\u00e9s aux remplissages fr\u00e9quents. L&#039;Inogen At Home vous lib\u00e8re, vous permettant de profiter de vos activit\u00e9s quotidiennes sans souci.  &nbsp;   \u00a0\u00a0\u00a0\u00a0\u00a0\u00a0\u00a0\u00a0\u00a0\u00a0\u00a0\u00a0\u00a0\u00a0\u00a0\u00a0\u00a0\u00a0\u00a0\u00a0\u00a0\u00a0\u00a0\u00a0\u00a0\u00a0\u00a0\u00a0\u00a0\u00a0\u00a0\u00a0\u00a0\u00a0\u00a0\u00a0\u00a0\u00a0\u00a0\u00a0\u00a0\u00a0\u00a0\u00a0\u00a0\u00a0\u00a0\u00a0\u00a0\u00a0\u00a0\u00a0\u00a0\u00a0\u00a0\u00a0\u00a0\u00a0\u00a0\u00a0\u00a0\u00a0\u00a0\u00a0\u00a0\u00a0\u00a0\u00a0\u00a0\u00a0\u00a0\u00a0\u00a0\u00a0\u00a0\u00a0\u00a0\u00a0\u00a0","robots":{"index":"index","follow":"follow","max-snippet":"max-snippet:-1","max-image-preview":"max-image-preview:large","max-video-preview":"max-video-preview:-1"},"canonical":"https:\/\/respiart.ca\/fr\/magasin\/concentrateur-d-oxygene-inogen-at-home\/","og_locale":"fr_CA","og_type":"article","og_title":"Inogen At Home Oxygen Concentrator | Respiart - Respiratory therapist Montreal","og_description":"Introducing the Inogen At Home Oxygen Concentrator, a top-tier medical device engineered to provide supplemental oxygen therapy for individuals with respiratory conditions. This device extracts and concentrates oxygen from the ambient air, delivering a highly purified stream tailored to meet your specific requirements. With oxygen purity levels ranging from 87% to 95%, it ensures that each breath is both easy and rich in oxygen.  Designed for continuous flow oxygen therapy, the Inogen At Home Oxygen Concentrator offers a steady, uninterrupted supply of oxygen around the clock. This means no more reliance on oxygen tanks or the hassle of frequent refills. The Inogen At Home liberates you, allowing you to enjoy your daily activities without concern.  &nbsp;   \u00a0\u00a0\u00a0\u00a0\u00a0\u00a0\u00a0\u00a0\u00a0\u00a0\u00a0\u00a0\u00a0\u00a0\u00a0\u00a0\u00a0\u00a0\u00a0\u00a0\u00a0\u00a0\u00a0\u00a0\u00a0\u00a0\u00a0\u00a0\u00a0\u00a0\u00a0\u00a0\u00a0\u00a0\u00a0\u00a0\u00a0\u00a0\u00a0\u00a0\u00a0\u00a0\u00a0\u00a0\u00a0\u00a0\u00a0\u00a0\u00a0\u00a0\u00a0\u00a0\u00a0\u00a0\u00a0\u00a0\u00a0\u00a0\u00a0\u00a0\u00a0\u00a0\u00a0\u00a0\u00a0\u00a0\u00a0\u00a0\u00a0\u00a0\u00a0\u00a0\u00a0\u00a0\u00a0\u00a0\u00a0\u00a0\u00a0","og_url":"https:\/\/respiart.ca\/fr\/magasin\/concentrateur-d-oxygene-inogen-at-home\/","og_site_name":"Respiart - Respiratory therapist Montreal","article_modified_time":"2026-04-23T15:39:13+00:00","og_image":[{"width":700,"height":700,"url":"https:\/\/respiart.ca\/wp-content\/uploads\/2022\/11\/1.png","type":"image\/png"}],"twitter_card":"summary_large_image","twitter_misc":{"Estimation du temps de lecture":"2 minutes"},"schema":{"@context":"https:\/\/schema.org","@graph":[{"@type":"WebPage","@id":"https:\/\/respiart.ca\/shop\/inogen-at-home-oxygen-concentrator\/","url":"https:\/\/respiart.ca\/shop\/inogen-at-home-oxygen-concentrator\/","name":"Concentrateur d&#039;oxyg\u00e8ne \u00e0 domicile Inogen | Respiart - Inhaloth\u00e9rapeute Montr\u00e9al","isPartOf":{"@id":"https:\/\/respiart.ca\/ar\/#website"},"primaryImageOfPage":{"@id":"https:\/\/respiart.ca\/shop\/inogen-at-home-oxygen-concentrator\/#primaryimage"},"image":{"@id":"https:\/\/respiart.ca\/shop\/inogen-at-home-oxygen-concentrator\/#primaryimage"},"thumbnailUrl":"https:\/\/respiart.ca\/wp-content\/uploads\/2022\/11\/1.png","datePublished":"2022-11-10T22:45:21+00:00","dateModified":"2026-04-23T15:39:13+00:00","description":"Pr\u00e9sentation du concentrateur d&#039;oxyg\u00e8ne Inogen At Home, un dispositif m\u00e9dical de premier plan con\u00e7u pour fournir une oxyg\u00e9noth\u00e9rapie suppl\u00e9mentaire aux personnes souffrant de probl\u00e8mes respiratoires. Cet appareil extrait et concentre l&#039;oxyg\u00e8ne de l&#039;air ambiant, fournissant un flux hautement purifi\u00e9 adapt\u00e9 \u00e0 vos besoins sp\u00e9cifiques. Avec des niveaux de puret\u00e9 d&#039;oxyg\u00e8ne allant de 87% \u00e0 95%, il garantit que chaque respiration est \u00e0 la fois facile et riche en oxyg\u00e8ne. Con\u00e7u pour l&#039;oxyg\u00e9noth\u00e9rapie \u00e0 flux continu, le concentrateur d&#039;oxyg\u00e8ne Inogen At Home offre un approvisionnement constant et ininterrompu en oxyg\u00e8ne 24 heures sur 24. Cela signifie qu\u2019il n\u2019est plus n\u00e9cessaire de d\u00e9pendre des r\u00e9servoirs d\u2019oxyg\u00e8ne ni des tracas li\u00e9s aux remplissages fr\u00e9quents. L&#039;Inogen At Home vous lib\u00e8re, vous permettant de profiter de vos activit\u00e9s quotidiennes sans souci. &nbsp; \u00a0\u00a0\u00a0\u00a0\u00a0\u00a0\u00a0\u00a0\u00a0\u00a0\u00a0\u00a0\u00a0\u00a0\u00a0\u00a0\u00a0\u00a0\u00a0\u00a0\u00a0\u00a0\u00a0\u00a0\u00a0\u00a0\u00a0\u00a0\u00a0\u00a0\u00a0\u00a0\u00a0\u00a0\u00a0\u00a0\u00a0\u00a0\u00a0\u00a0\u00a0\u00a0\u00a0\u00a0\u00a0\u00a0\u00a0\u00a0\u00a0\u00a0\u00a0\u00a0\u00a0\u00a0\u00a0\u00a0\u00a0\u00a0\u00a0\u00a0\u00a0\u00a0\u00a0\u00a0\u00a0\u00a0\u00a0\u00a0\u00a0\u00a0\u00a0\u00a0\u00a0\u00a0\u00a0\u00a0\u00a0\u00a0\u00a0","breadcrumb":{"@id":"https:\/\/respiart.ca\/shop\/inogen-at-home-oxygen-concentrator\/#breadcrumb"},"inLanguage":"fr-CA","potentialAction":[{"@type":"ReadAction","target":["https:\/\/respiart.ca\/shop\/inogen-at-home-oxygen-concentrator\/"]}]},{"@type":"ImageObject","inLanguage":"fr-CA","@id":"https:\/\/respiart.ca\/shop\/inogen-at-home-oxygen-concentrator\/#primaryimage","url":"https:\/\/respiart.ca\/wp-content\/uploads\/2022\/11\/1.png","contentUrl":"https:\/\/respiart.ca\/wp-content\/uploads\/2022\/11\/1.png","width":700,"height":700},{"@type":"BreadcrumbList","@id":"https:\/\/respiart.ca\/shop\/inogen-at-home-oxygen-concentrator\/#breadcrumb","itemListElement":[{"@type":"ListItem","position":1,"name":"Home","item":"https:\/\/respiart.ca\/"},{"@type":"ListItem","position":2,"name":"Shop CPAP","item":"https:\/\/respiart.ca\/shop-cpap\/"},{"@type":"ListItem","position":3,"name":"Inogen At Home Oxygen Concentrator"}]},{"@type":"WebSite","@id":"https:\/\/respiart.ca\/ar\/#website","url":"https:\/\/respiart.ca\/ar\/","name":"RespiArt - Apn\u00e9e du sommeil et CPAP","description":"CPAP et tests pour l&#039;apn\u00e9e du sommeil, l&#039;asthme, l&#039;oxym\u00e9trie","publisher":{"@id":"https:\/\/respiart.ca\/ar\/#organization"},"potentialAction":[{"@type":"SearchAction","target":{"@type":"EntryPoint","urlTemplate":"https:\/\/respiart.ca\/ar\/?s={search_term_string}"},"query-input":{"@type":"PropertyValueSpecification","valueRequired":true,"valueName":"search_term_string"}}],"inLanguage":"fr-CA"},{"@type":"Organization","@id":"https:\/\/respiart.ca\/ar\/#organization","name":"RespiArt - Apn\u00e9e du sommeil et CPAP","url":"https:\/\/respiart.ca\/ar\/","logo":{"@type":"ImageObject","inLanguage":"fr-CA","@id":"https:\/\/respiart.ca\/ar\/#\/schema\/logo\/image\/","url":"https:\/\/respiart.ca\/wp-content\/uploads\/2022\/05\/Respiart-logo-1-e1651540192142.png","contentUrl":"https:\/\/respiart.ca\/wp-content\/uploads\/2022\/05\/Respiart-logo-1-e1651540192142.png","width":237,"height":61,"caption":"RespiArt - Sleep apnea & CPAPs"},"image":{"@id":"https:\/\/respiart.ca\/ar\/#\/schema\/logo\/image\/"}}]}},"_links":{"self":[{"href":"https:\/\/respiart.ca\/fr\/wp-json\/wp\/v2\/product\/4254","targetHints":{"allow":["GET"]}}],"collection":[{"href":"https:\/\/respiart.ca\/fr\/wp-json\/wp\/v2\/product"}],"about":[{"href":"https:\/\/respiart.ca\/fr\/wp-json\/wp\/v2\/types\/product"}],"replies":[{"embeddable":true,"href":"https:\/\/respiart.ca\/fr\/wp-json\/wp\/v2\/comments?post=4254"}],"wp:featuredmedia":[{"embeddable":true,"href":"https:\/\/respiart.ca\/fr\/wp-json\/wp\/v2\/media\/4258"}],"wp:attachment":[{"href":"https:\/\/respiart.ca\/fr\/wp-json\/wp\/v2\/media?parent=4254"}],"wp:term":[{"taxonomy":"product_brand","embeddable":true,"href":"https:\/\/respiart.ca\/fr\/wp-json\/wp\/v2\/product_brand?post=4254"},{"taxonomy":"product_cat","embeddable":true,"href":"https:\/\/respiart.ca\/fr\/wp-json\/wp\/v2\/product_cat?post=4254"},{"taxonomy":"product_tag","embeddable":true,"href":"https:\/\/respiart.ca\/fr\/wp-json\/wp\/v2\/product_tag?post=4254"}],"curies":[{"name":"wp","href":"https:\/\/api.w.org\/{rel}","templated":true}]}}