{"id":4541,"date":"2023-08-21T17:33:27","date_gmt":"2023-08-21T17:33:27","guid":{"rendered":"http:\/\/f4i.0cc.mytemp.website\/?post_type=product&#038;p=4541"},"modified":"2026-04-23T19:25:58","modified_gmt":"2026-04-23T19:25:58","slug":"pack-evora-fit-qui-comprend-toutes-les-tailles-dans-un-pack","status":"publish","type":"product","link":"https:\/\/respiart.ca\/fr\/shop\/evora-fit-pack-that-includes-all-the-sizes-in-one-pack\/","title":{"rendered":"Evora fit pack qui comprend toutes les tailles en un seul pack."},"content":{"rendered":"<div class=\"flex flex-grow flex-col gap-3\">\n<div class=\"min-h-[20px] flex flex-col items-start gap-3 overflow-x-auto whitespace-pre-wrap break-words\">\n<div class=\"markdown prose w-full break-words dark:prose-invert light\">\n<p>Introducing the distinctive Evora <a href=\"https:\/\/respiart.ca\/product-category\/cpap-bipap-mask\/full-face-cpap-mask\/\">full-face<\/a> Mask design featuring headgear enhanced with VentiCool\u2122 Technology, a removable frame-clip, minimal noise emission, secure comfort, and Stability Wings paired with the Floating Seal for unrestricted movement while maintaining comfortable mask positioning, all in a minimalist and snug design.<\/p>\n<p>&nbsp;<\/p>\n<\/div>\n<\/div>\n<\/div>\n","protected":false},"excerpt":{"rendered":"<div id=\"tab-description\" class=\"woocommerce-Tabs-panel woocommerce-Tabs-panel--description panel entry-content active\" role=\"tabpanel\" aria-labelledby=\"tab-title-description\">\n<p><strong>Y compris:<\/strong><br \/>\nUn joint doux con\u00e7u pour s&#039;adapter lors des d\u00e9placements<br \/>\nCasque dot\u00e9 de la technologie unique VentiCool\u2122<br \/>\nUn joint RollFit\u2122 XT pour un ajustement confortable<\/p>\n<p><strong>Le masque int\u00e9gral Evora <a href=\"https:\/\/respiart.ca\/fr\/magasin-cpap\/\">PPC<\/a> Caract\u00e9ristiques du kit d&#039;ajustement de masque\u00a0:<\/strong><\/p>\n<ul>\n<li>Un casque dot\u00e9 d&#039;une technologie de refroidissement unique<\/li>\n<li>Trois tailles de sceau, extra petit, petit \u00e0 moyen et grand inclus pour vous aider \u00e0 vous dimensionner<\/li>\n<li>Bretelles personnalisables pour assurer un ajustement confortable<\/li>\n<li>Clip de cadre amovible<\/li>\n<li>Bruit minimal<\/li>\n<li>Pi\u00e8ces faciles \u00e0 nettoyer<\/li>\n<\/ul>\n<p><strong>Ressources: <\/strong><br \/>\nGuide complet d&#039;utilisation et d&#039;entretien d&#039;Evora\u00a0: <a href=\"https:\/\/resources.fphcare.com\/content\/ui-618441.pdf\" target=\"_blank\" rel=\"noopener\">https:\/\/resources.fphcare.com\/content\/ui-618441.pdf<\/a><br \/>\nFiche technique compl\u00e8te d&#039;Evora\u00a0: <a href=\"https:\/\/resources.fphcare.com\/content\/sui-622065-a.pdf\" target=\"_blank\" rel=\"noopener\">https:\/\/resources.fphcare.com\/content\/sui-622065-a.pdf<\/a><\/p>\n<\/div>","protected":false},"featured_media":4542,"comment_status":"open","ping_status":"closed","template":"","meta":[],"product_brand":[],"product_cat":[90,109,100],"product_tag":[],"class_list":{"0":"post-4541","1":"product","2":"type-product","3":"status-publish","4":"has-post-thumbnail","6":"product_cat-cpap-bipap-mask","7":"product_cat-fisherpayckel","8":"product_cat-full-face-cpap-mask","10":"first","11":"instock","12":"taxable","13":"shipping-taxable","14":"purchasable","15":"product-type-simple"},"yoast_head":"<!-- This site is optimized with the Yoast SEO plugin v27.5 - https:\/\/yoast.com\/product\/yoast-seo-wordpress\/ -->\n<title>Evora fit pack that includes all the sizes in one pack. | Respiart - Respiratory therapist Montreal<\/title>\n<meta name=\"description\" content=\"Including: A gentle seal designed to adapt when moving Headgear with unique VentiCool\u2122 technology A RollFit\u2122 XT seal for a comfortable fit  The Evora Full Face CPAP Mask Fit-Pack Features:   One headgear with unique cooling technology  Three sizes of the seal, extra small, small to medium, and large included to help you size yourself  Customizable straps to ensure a comfortable fit  Removable frame-clip  Minimal noise  Easy-to-clean pieces  Resources:  Evora Full Use and Care Guide: https:\/\/resources.fphcare.com\/content\/ui-618441.pdf Evora Full Specification Sheet: https:\/\/resources.fphcare.com\/content\/sui-622065-a.pdf\" \/>\n<meta name=\"robots\" content=\"index, follow, max-snippet:-1, max-image-preview:large, max-video-preview:-1\" \/>\n<link rel=\"canonical\" href=\"https:\/\/respiart.ca\/fr\/magasin\/pack-evora-fit-qui-comprend-toutes-les-tailles-dans-un-pack\/\" \/>\n<meta property=\"og:locale\" content=\"fr_CA\" \/>\n<meta property=\"og:type\" content=\"article\" \/>\n<meta property=\"og:title\" content=\"Evora fit pack that includes all the sizes in one pack. | Respiart - Respiratory therapist Montreal\" \/>\n<meta property=\"og:description\" content=\"Including: A gentle seal designed to adapt when moving Headgear with unique VentiCool\u2122 technology A RollFit\u2122 XT seal for a comfortable fit  The Evora Full Face CPAP Mask Fit-Pack Features:   One headgear with unique cooling technology  Three sizes of the seal, extra small, small to medium, and large included to help you size yourself  Customizable straps to ensure a comfortable fit  Removable frame-clip  Minimal noise  Easy-to-clean pieces  Resources:  Evora Full Use and Care Guide: https:\/\/resources.fphcare.com\/content\/ui-618441.pdf Evora Full Specification Sheet: https:\/\/resources.fphcare.com\/content\/sui-622065-a.pdf\" \/>\n<meta property=\"og:url\" content=\"https:\/\/respiart.ca\/fr\/magasin\/pack-evora-fit-qui-comprend-toutes-les-tailles-dans-un-pack\/\" \/>\n<meta property=\"og:site_name\" content=\"Respiart - Respiratory therapist Montreal\" \/>\n<meta property=\"article:modified_time\" content=\"2026-04-23T19:25:58+00:00\" \/>\n<meta property=\"og:image\" content=\"https:\/\/respiart.ca\/wp-content\/uploads\/2023\/08\/evora-full-face-cpap-mask-fisher-paykel-fitpack.jpeg\" \/>\n\t<meta property=\"og:image:width\" content=\"1200\" \/>\n\t<meta property=\"og:image:height\" content=\"1200\" \/>\n\t<meta property=\"og:image:type\" content=\"image\/jpeg\" \/>\n<meta name=\"twitter:card\" content=\"summary_large_image\" \/>\n<meta name=\"twitter:label1\" content=\"Estimation du temps de lecture\" \/>\n\t<meta name=\"twitter:data1\" content=\"1 minute\" \/>\n<script type=\"application\/ld+json\" class=\"yoast-schema-graph\">{\"@context\":\"https:\\\/\\\/schema.org\",\"@graph\":[{\"@type\":\"WebPage\",\"@id\":\"https:\\\/\\\/respiart.ca\\\/shop\\\/evora-fit-pack-that-includes-all-the-sizes-in-one-pack\\\/\",\"url\":\"https:\\\/\\\/respiart.ca\\\/shop\\\/evora-fit-pack-that-includes-all-the-sizes-in-one-pack\\\/\",\"name\":\"Evora fit pack that includes all the sizes in one pack. | Respiart - Respiratory therapist Montreal\",\"isPartOf\":{\"@id\":\"https:\\\/\\\/respiart.ca\\\/ar\\\/#website\"},\"primaryImageOfPage\":{\"@id\":\"https:\\\/\\\/respiart.ca\\\/shop\\\/evora-fit-pack-that-includes-all-the-sizes-in-one-pack\\\/#primaryimage\"},\"image\":{\"@id\":\"https:\\\/\\\/respiart.ca\\\/shop\\\/evora-fit-pack-that-includes-all-the-sizes-in-one-pack\\\/#primaryimage\"},\"thumbnailUrl\":\"https:\\\/\\\/respiart.ca\\\/wp-content\\\/uploads\\\/2023\\\/08\\\/evora-full-face-cpap-mask-fisher-paykel-fitpack.jpeg\",\"datePublished\":\"2023-08-21T17:33:27+00:00\",\"dateModified\":\"2026-04-23T19:25:58+00:00\",\"description\":\"Including: A gentle seal designed to adapt when moving Headgear with unique VentiCool\u2122 technology A RollFit\u2122 XT seal for a comfortable fit The Evora Full Face CPAP Mask Fit-Pack Features: One headgear with unique cooling technology Three sizes of the seal, extra small, small to medium, and large included to help you size yourself Customizable straps to ensure a comfortable fit Removable frame-clip Minimal noise Easy-to-clean pieces Resources: Evora Full Use and Care Guide: https:\\\/\\\/resources.fphcare.com\\\/content\\\/ui-618441.pdf Evora Full Specification Sheet: https:\\\/\\\/resources.fphcare.com\\\/content\\\/sui-622065-a.pdf\",\"breadcrumb\":{\"@id\":\"https:\\\/\\\/respiart.ca\\\/shop\\\/evora-fit-pack-that-includes-all-the-sizes-in-one-pack\\\/#breadcrumb\"},\"inLanguage\":\"fr-CA\",\"potentialAction\":[{\"@type\":\"ReadAction\",\"target\":[\"https:\\\/\\\/respiart.ca\\\/shop\\\/evora-fit-pack-that-includes-all-the-sizes-in-one-pack\\\/\"]}]},{\"@type\":\"ImageObject\",\"inLanguage\":\"fr-CA\",\"@id\":\"https:\\\/\\\/respiart.ca\\\/shop\\\/evora-fit-pack-that-includes-all-the-sizes-in-one-pack\\\/#primaryimage\",\"url\":\"https:\\\/\\\/respiart.ca\\\/wp-content\\\/uploads\\\/2023\\\/08\\\/evora-full-face-cpap-mask-fisher-paykel-fitpack.jpeg\",\"contentUrl\":\"https:\\\/\\\/respiart.ca\\\/wp-content\\\/uploads\\\/2023\\\/08\\\/evora-full-face-cpap-mask-fisher-paykel-fitpack.jpeg\",\"width\":1200,\"height\":1200},{\"@type\":\"BreadcrumbList\",\"@id\":\"https:\\\/\\\/respiart.ca\\\/shop\\\/evora-fit-pack-that-includes-all-the-sizes-in-one-pack\\\/#breadcrumb\",\"itemListElement\":[{\"@type\":\"ListItem\",\"position\":1,\"name\":\"Home\",\"item\":\"https:\\\/\\\/respiart.ca\\\/\"},{\"@type\":\"ListItem\",\"position\":2,\"name\":\"Shop CPAP\",\"item\":\"https:\\\/\\\/respiart.ca\\\/shop-cpap\\\/\"},{\"@type\":\"ListItem\",\"position\":3,\"name\":\"Evora fit pack that includes all the sizes in one pack.\"}]},{\"@type\":\"WebSite\",\"@id\":\"https:\\\/\\\/respiart.ca\\\/ar\\\/#website\",\"url\":\"https:\\\/\\\/respiart.ca\\\/ar\\\/\",\"name\":\"RespiArt - Sleep apnea & CPAPs\",\"description\":\"CPAPs and tests for sleep apnea, asthma, oximetry\",\"publisher\":{\"@id\":\"https:\\\/\\\/respiart.ca\\\/ar\\\/#organization\"},\"potentialAction\":[{\"@type\":\"SearchAction\",\"target\":{\"@type\":\"EntryPoint\",\"urlTemplate\":\"https:\\\/\\\/respiart.ca\\\/ar\\\/?s={search_term_string}\"},\"query-input\":{\"@type\":\"PropertyValueSpecification\",\"valueRequired\":true,\"valueName\":\"search_term_string\"}}],\"inLanguage\":\"fr-CA\"},{\"@type\":\"Organization\",\"@id\":\"https:\\\/\\\/respiart.ca\\\/ar\\\/#organization\",\"name\":\"RespiArt - Sleep apnea & CPAPs\",\"url\":\"https:\\\/\\\/respiart.ca\\\/ar\\\/\",\"logo\":{\"@type\":\"ImageObject\",\"inLanguage\":\"fr-CA\",\"@id\":\"https:\\\/\\\/respiart.ca\\\/ar\\\/#\\\/schema\\\/logo\\\/image\\\/\",\"url\":\"https:\\\/\\\/respiart.ca\\\/wp-content\\\/uploads\\\/2022\\\/05\\\/Respiart-logo-1-e1651540192142.png\",\"contentUrl\":\"https:\\\/\\\/respiart.ca\\\/wp-content\\\/uploads\\\/2022\\\/05\\\/Respiart-logo-1-e1651540192142.png\",\"width\":237,\"height\":61,\"caption\":\"RespiArt - Sleep apnea & CPAPs\"},\"image\":{\"@id\":\"https:\\\/\\\/respiart.ca\\\/ar\\\/#\\\/schema\\\/logo\\\/image\\\/\"}}]}<\/script>\n<!-- \/ Yoast SEO plugin. -->","yoast_head_json":{"title":"Pack Evora Fit qui comprend toutes les tailles dans un seul pack. | Repiart - Inhaloth\u00e9rapeute Montr\u00e9al","description":"Comprenant : Un joint doux con\u00e7u pour s&#039;adapter lors du d\u00e9placement Un harnais dot\u00e9 de la technologie unique VentiCool\u2122 Un joint RollFit\u2122 XT pour un ajustement confortable Le pack complet de masques CPAP Evora Caract\u00e9ristiques : Un harnais dot\u00e9 d&#039;une technologie de refroidissement unique Trois tailles de joint, extra petit , petit \u00e0 moyen et grand inclus pour vous aider \u00e0 vous dimensionner Sangles personnalisables pour assurer un ajustement confortable Clip de cadre amovible Bruit minimal Pi\u00e8ces faciles \u00e0 nettoyer Ressources : Guide complet d&#039;utilisation et d&#039;entretien d&#039;Evora : https:\/\/resources.fphcare.com \/content\/ui-618441.pdf Fiche technique compl\u00e8te d&#039;Evora\u00a0: https:\/\/resources.fphcare.com\/content\/sui-622065-a.pdf","robots":{"index":"index","follow":"follow","max-snippet":"max-snippet:-1","max-image-preview":"max-image-preview:large","max-video-preview":"max-video-preview:-1"},"canonical":"https:\/\/respiart.ca\/fr\/magasin\/pack-evora-fit-qui-comprend-toutes-les-tailles-dans-un-pack\/","og_locale":"fr_CA","og_type":"article","og_title":"Evora fit pack that includes all the sizes in one pack. | Respiart - Respiratory therapist Montreal","og_description":"Including: A gentle seal designed to adapt when moving Headgear with unique VentiCool\u2122 technology A RollFit\u2122 XT seal for a comfortable fit  The Evora Full Face CPAP Mask Fit-Pack Features:   One headgear with unique cooling technology  Three sizes of the seal, extra small, small to medium, and large included to help you size yourself  Customizable straps to ensure a comfortable fit  Removable frame-clip  Minimal noise  Easy-to-clean pieces  Resources:  Evora Full Use and Care Guide: https:\/\/resources.fphcare.com\/content\/ui-618441.pdf Evora Full Specification Sheet: https:\/\/resources.fphcare.com\/content\/sui-622065-a.pdf","og_url":"https:\/\/respiart.ca\/fr\/magasin\/pack-evora-fit-qui-comprend-toutes-les-tailles-dans-un-pack\/","og_site_name":"Respiart - Respiratory therapist Montreal","article_modified_time":"2026-04-23T19:25:58+00:00","og_image":[{"width":1200,"height":1200,"url":"https:\/\/respiart.ca\/wp-content\/uploads\/2023\/08\/evora-full-face-cpap-mask-fisher-paykel-fitpack.jpeg","type":"image\/jpeg"}],"twitter_card":"summary_large_image","twitter_misc":{"Estimation du temps de lecture":"1 minute"},"schema":{"@context":"https:\/\/schema.org","@graph":[{"@type":"WebPage","@id":"https:\/\/respiart.ca\/shop\/evora-fit-pack-that-includes-all-the-sizes-in-one-pack\/","url":"https:\/\/respiart.ca\/shop\/evora-fit-pack-that-includes-all-the-sizes-in-one-pack\/","name":"Pack Evora Fit qui comprend toutes les tailles dans un seul pack. | Repiart - Inhaloth\u00e9rapeute Montr\u00e9al","isPartOf":{"@id":"https:\/\/respiart.ca\/ar\/#website"},"primaryImageOfPage":{"@id":"https:\/\/respiart.ca\/shop\/evora-fit-pack-that-includes-all-the-sizes-in-one-pack\/#primaryimage"},"image":{"@id":"https:\/\/respiart.ca\/shop\/evora-fit-pack-that-includes-all-the-sizes-in-one-pack\/#primaryimage"},"thumbnailUrl":"https:\/\/respiart.ca\/wp-content\/uploads\/2023\/08\/evora-full-face-cpap-mask-fisher-paykel-fitpack.jpeg","datePublished":"2023-08-21T17:33:27+00:00","dateModified":"2026-04-23T19:25:58+00:00","description":"Comprenant : Un joint doux con\u00e7u pour s&#039;adapter lors du d\u00e9placement Un harnais dot\u00e9 de la technologie unique VentiCool\u2122 Un joint RollFit\u2122 XT pour un ajustement confortable Le pack complet de masques CPAP Evora Caract\u00e9ristiques : Un harnais dot\u00e9 d&#039;une technologie de refroidissement unique Trois tailles de joint, extra petit , petit \u00e0 moyen et grand inclus pour vous aider \u00e0 vous dimensionner Sangles personnalisables pour assurer un ajustement confortable Clip de cadre amovible Bruit minimal Pi\u00e8ces faciles \u00e0 nettoyer Ressources : Guide complet d&#039;utilisation et d&#039;entretien d&#039;Evora : https:\/\/resources.fphcare.com \/content\/ui-618441.pdf Fiche technique compl\u00e8te d&#039;Evora\u00a0: https:\/\/resources.fphcare.com\/content\/sui-622065-a.pdf","breadcrumb":{"@id":"https:\/\/respiart.ca\/shop\/evora-fit-pack-that-includes-all-the-sizes-in-one-pack\/#breadcrumb"},"inLanguage":"fr-CA","potentialAction":[{"@type":"ReadAction","target":["https:\/\/respiart.ca\/shop\/evora-fit-pack-that-includes-all-the-sizes-in-one-pack\/"]}]},{"@type":"ImageObject","inLanguage":"fr-CA","@id":"https:\/\/respiart.ca\/shop\/evora-fit-pack-that-includes-all-the-sizes-in-one-pack\/#primaryimage","url":"https:\/\/respiart.ca\/wp-content\/uploads\/2023\/08\/evora-full-face-cpap-mask-fisher-paykel-fitpack.jpeg","contentUrl":"https:\/\/respiart.ca\/wp-content\/uploads\/2023\/08\/evora-full-face-cpap-mask-fisher-paykel-fitpack.jpeg","width":1200,"height":1200},{"@type":"BreadcrumbList","@id":"https:\/\/respiart.ca\/shop\/evora-fit-pack-that-includes-all-the-sizes-in-one-pack\/#breadcrumb","itemListElement":[{"@type":"ListItem","position":1,"name":"Home","item":"https:\/\/respiart.ca\/"},{"@type":"ListItem","position":2,"name":"Shop CPAP","item":"https:\/\/respiart.ca\/shop-cpap\/"},{"@type":"ListItem","position":3,"name":"Evora fit pack that includes all the sizes in one pack."}]},{"@type":"WebSite","@id":"https:\/\/respiart.ca\/ar\/#website","url":"https:\/\/respiart.ca\/ar\/","name":"RespiArt - Apn\u00e9e du sommeil et CPAP","description":"CPAP et tests pour l&#039;apn\u00e9e du sommeil, l&#039;asthme, l&#039;oxym\u00e9trie","publisher":{"@id":"https:\/\/respiart.ca\/ar\/#organization"},"potentialAction":[{"@type":"SearchAction","target":{"@type":"EntryPoint","urlTemplate":"https:\/\/respiart.ca\/ar\/?s={search_term_string}"},"query-input":{"@type":"PropertyValueSpecification","valueRequired":true,"valueName":"search_term_string"}}],"inLanguage":"fr-CA"},{"@type":"Organization","@id":"https:\/\/respiart.ca\/ar\/#organization","name":"RespiArt - Apn\u00e9e du sommeil et CPAP","url":"https:\/\/respiart.ca\/ar\/","logo":{"@type":"ImageObject","inLanguage":"fr-CA","@id":"https:\/\/respiart.ca\/ar\/#\/schema\/logo\/image\/","url":"https:\/\/respiart.ca\/wp-content\/uploads\/2022\/05\/Respiart-logo-1-e1651540192142.png","contentUrl":"https:\/\/respiart.ca\/wp-content\/uploads\/2022\/05\/Respiart-logo-1-e1651540192142.png","width":237,"height":61,"caption":"RespiArt - Sleep apnea & CPAPs"},"image":{"@id":"https:\/\/respiart.ca\/ar\/#\/schema\/logo\/image\/"}}]}},"_links":{"self":[{"href":"https:\/\/respiart.ca\/fr\/wp-json\/wp\/v2\/product\/4541","targetHints":{"allow":["GET"]}}],"collection":[{"href":"https:\/\/respiart.ca\/fr\/wp-json\/wp\/v2\/product"}],"about":[{"href":"https:\/\/respiart.ca\/fr\/wp-json\/wp\/v2\/types\/product"}],"replies":[{"embeddable":true,"href":"https:\/\/respiart.ca\/fr\/wp-json\/wp\/v2\/comments?post=4541"}],"wp:featuredmedia":[{"embeddable":true,"href":"https:\/\/respiart.ca\/fr\/wp-json\/wp\/v2\/media\/4542"}],"wp:attachment":[{"href":"https:\/\/respiart.ca\/fr\/wp-json\/wp\/v2\/media?parent=4541"}],"wp:term":[{"taxonomy":"product_brand","embeddable":true,"href":"https:\/\/respiart.ca\/fr\/wp-json\/wp\/v2\/product_brand?post=4541"},{"taxonomy":"product_cat","embeddable":true,"href":"https:\/\/respiart.ca\/fr\/wp-json\/wp\/v2\/product_cat?post=4541"},{"taxonomy":"product_tag","embeddable":true,"href":"https:\/\/respiart.ca\/fr\/wp-json\/wp\/v2\/product_tag?post=4541"}],"curies":[{"name":"wp","href":"https:\/\/api.w.org\/{rel}","templated":true}]}}