{"id":4549,"date":"2023-08-21T17:59:39","date_gmt":"2023-08-21T17:59:39","guid":{"rendered":"http:\/\/f4i.0cc.mytemp.website\/?post_type=product&#038;p=4549"},"modified":"2025-04-28T13:54:10","modified_gmt":"2025-04-28T13:54:10","slug":"brevida-fitpack","status":"publish","type":"product","link":"https:\/\/respiart.ca\/fr\/shop\/brevida-fitpack\/","title":{"rendered":"Brevida Fitpack"},"content":{"rendered":"<div class=\"flex flex-grow flex-col gap-3\">\n<div class=\"min-h-[20px] flex flex-col items-start gap-3 overflow-x-auto whitespace-pre-wrap break-words\">\n<div class=\"markdown prose w-full break-words dark:prose-invert light\">\n<p>Contained within every Brevida Fit Pack, you will discover:<\/p>\n<ul>\n<li>The Brevida Nasal Pillows Mask furnished with an XS-S seal<\/li>\n<li>An alternative M-L seal<\/li>\n<li>A quick reference card<\/li>\n<li>A link to the Brevida fitting video<\/li>\n<li>A comprehensive Use &amp; Care Guide<\/li>\n<\/ul>\n<p>The choice of an appropriate mask seal size significantly influences the success of CPAP therapy. Opt for the mask seal size, whether XS-S or M-L, that provides the optimal fit and the highest comfort level for superior mask performance.<\/p>\n<p>Should you experience discomfort or air leaks that persist, consider trying the alternative seal size, available within the Brevida Fit Pack. Alternatively, seek guidance from your healthcare provider to address any concerns.<\/p>\n<\/div>\n<\/div>\n<\/div>\n","protected":false},"excerpt":{"rendered":"<div class=\"downloads\">\n<div class=\"download collapse-height-js\">\n<div class=\"download-box\">\n<p class=\"title dotdotdot-js\">Guide de d\u00e9sinfection et de st\u00e9rilisation <a class=\"download-icon pdf\" href=\"https:\/\/resources.fphcare.com\/content\/high-level-disinfection-guide-ui-185048234.pdf\" target=\"_blank\" rel=\"noopener\" data-resource-type=\"pdf\">T\u00e9l\u00e9charger <\/a><\/p>\n<\/div>\n<\/div>\n<div class=\"download collapse-height-js\">\n<div class=\"download-box\">\n<p class=\"title dotdotdot-js\">Guide et conseils de montage F&amp;P Brevida <a class=\"download-icon pdf\" href=\"https:\/\/resources.fphcare.com\/content\/brevida-fitting-guide-user-instructions-ui-613108.pdf\" target=\"_blank\" rel=\"noopener\" data-resource-type=\"pdf\">T\u00e9l\u00e9charger <\/a><\/p>\n<\/div>\n<\/div>\n<div class=\"download collapse-height-js\">\n<div class=\"download-box\">\n<p class=\"title dotdotdot-js\">Fiche technique F&amp;P Brevida <a class=\"download-icon pdf\" href=\"https:\/\/resources.fphcare.com\/content\/brevida-specification-sheet-ui-608659.pdf\" target=\"_blank\" rel=\"noopener\" data-resource-type=\"pdf\">T\u00e9l\u00e9charger <\/a><\/p>\n<\/div>\n<\/div>\n<div class=\"download collapse-height-js\">\n<div class=\"download-box\">\n<p class=\"title dotdotdot-js\">Mode d&#039;emploi F&amp;P Brevida <a class=\"download-icon pdf\" href=\"https:\/\/resources.fphcare.com\/content\/brevida-user-instructions-ui-185048407.pdf\" target=\"_blank\" rel=\"noopener\" data-resource-type=\"pdf\">T\u00e9l\u00e9charger <\/a><\/p>\n<\/div>\n<\/div>\n<\/div>","protected":false},"featured_media":4551,"comment_status":"open","ping_status":"closed","template":"","meta":[],"product_brand":[],"product_cat":[109,91],"product_tag":[],"class_list":{"0":"post-4549","1":"product","2":"type-product","3":"status-publish","4":"has-post-thumbnail","6":"product_cat-fisherpayckel","7":"product_cat-nasal-pillow-cpap-mask","9":"first","10":"instock","11":"taxable","12":"shipping-taxable","13":"purchasable","14":"product-type-simple"},"yoast_head":"<!-- This site is optimized with the Yoast SEO plugin v27.3 - https:\/\/yoast.com\/product\/yoast-seo-wordpress\/ -->\n<title>Brevida Fitpack | Respiart - Respiratory therapist Montreal<\/title>\n<meta name=\"description\" content=\"Disinfection and Sterilization Guide Download       F&amp;P Brevida Fitting Guide &amp; Tips Download       F&amp;P Brevida Specification Sheet Download       F&amp;P Brevida User Instructions Download\" \/>\n<meta name=\"robots\" content=\"index, follow, max-snippet:-1, max-image-preview:large, max-video-preview:-1\" \/>\n<link rel=\"canonical\" href=\"https:\/\/respiart.ca\/fr\/magasin\/brevida-fitpack\/\" \/>\n<meta property=\"og:locale\" content=\"fr_CA\" \/>\n<meta property=\"og:type\" content=\"article\" \/>\n<meta property=\"og:title\" content=\"Brevida Fitpack | Respiart - Respiratory therapist Montreal\" \/>\n<meta property=\"og:description\" content=\"Disinfection and Sterilization Guide Download       F&amp;P Brevida Fitting Guide &amp; Tips Download       F&amp;P Brevida Specification Sheet Download       F&amp;P Brevida User Instructions Download\" \/>\n<meta property=\"og:url\" content=\"https:\/\/respiart.ca\/fr\/magasin\/brevida-fitpack\/\" \/>\n<meta property=\"og:site_name\" content=\"Respiart - Respiratory therapist Montreal\" \/>\n<meta property=\"article:modified_time\" content=\"2025-04-28T13:54:10+00:00\" \/>\n<meta property=\"og:image\" content=\"https:\/\/respiart.ca\/wp-content\/uploads\/2023\/08\/Capture-1.jpg\" \/>\n\t<meta property=\"og:image:width\" content=\"707\" \/>\n\t<meta property=\"og:image:height\" content=\"536\" \/>\n\t<meta property=\"og:image:type\" content=\"image\/jpeg\" \/>\n<meta name=\"twitter:card\" content=\"summary_large_image\" \/>\n<meta name=\"twitter:label1\" content=\"Estimation du temps de lecture\" \/>\n\t<meta name=\"twitter:data1\" content=\"1 minute\" \/>\n<script type=\"application\/ld+json\" class=\"yoast-schema-graph\">{\"@context\":\"https:\\\/\\\/schema.org\",\"@graph\":[{\"@type\":\"WebPage\",\"@id\":\"https:\\\/\\\/respiart.ca\\\/shop\\\/brevida-fitpack\\\/\",\"url\":\"https:\\\/\\\/respiart.ca\\\/shop\\\/brevida-fitpack\\\/\",\"name\":\"Brevida Fitpack | Respiart - Respiratory therapist Montreal\",\"isPartOf\":{\"@id\":\"https:\\\/\\\/respiart.ca\\\/ar\\\/#website\"},\"primaryImageOfPage\":{\"@id\":\"https:\\\/\\\/respiart.ca\\\/shop\\\/brevida-fitpack\\\/#primaryimage\"},\"image\":{\"@id\":\"https:\\\/\\\/respiart.ca\\\/shop\\\/brevida-fitpack\\\/#primaryimage\"},\"thumbnailUrl\":\"https:\\\/\\\/respiart.ca\\\/wp-content\\\/uploads\\\/2023\\\/08\\\/Capture-1.jpg\",\"datePublished\":\"2023-08-21T17:59:39+00:00\",\"dateModified\":\"2025-04-28T13:54:10+00:00\",\"description\":\"Disinfection and Sterilization Guide Download F&amp;P Brevida Fitting Guide &amp; Tips Download F&amp;P Brevida Specification Sheet Download F&amp;P Brevida User Instructions Download\",\"breadcrumb\":{\"@id\":\"https:\\\/\\\/respiart.ca\\\/shop\\\/brevida-fitpack\\\/#breadcrumb\"},\"inLanguage\":\"fr-CA\",\"potentialAction\":[{\"@type\":\"ReadAction\",\"target\":[\"https:\\\/\\\/respiart.ca\\\/shop\\\/brevida-fitpack\\\/\"]}]},{\"@type\":\"ImageObject\",\"inLanguage\":\"fr-CA\",\"@id\":\"https:\\\/\\\/respiart.ca\\\/shop\\\/brevida-fitpack\\\/#primaryimage\",\"url\":\"https:\\\/\\\/respiart.ca\\\/wp-content\\\/uploads\\\/2023\\\/08\\\/Capture-1.jpg\",\"contentUrl\":\"https:\\\/\\\/respiart.ca\\\/wp-content\\\/uploads\\\/2023\\\/08\\\/Capture-1.jpg\",\"width\":707,\"height\":536},{\"@type\":\"BreadcrumbList\",\"@id\":\"https:\\\/\\\/respiart.ca\\\/shop\\\/brevida-fitpack\\\/#breadcrumb\",\"itemListElement\":[{\"@type\":\"ListItem\",\"position\":1,\"name\":\"Home\",\"item\":\"https:\\\/\\\/respiart.ca\\\/\"},{\"@type\":\"ListItem\",\"position\":2,\"name\":\"Shop CPAP\",\"item\":\"https:\\\/\\\/respiart.ca\\\/ar\\\/%d9%85%d8%aa%d8%ac%d8%b1-cpap\\\/\"},{\"@type\":\"ListItem\",\"position\":3,\"name\":\"Brevida Fitpack\"}]},{\"@type\":\"WebSite\",\"@id\":\"https:\\\/\\\/respiart.ca\\\/ar\\\/#website\",\"url\":\"https:\\\/\\\/respiart.ca\\\/ar\\\/\",\"name\":\"RespiArt - Sleep apnea & CPAPs\",\"description\":\"CPAPs and tests for sleep apnea, asthma, oximetry\",\"publisher\":{\"@id\":\"https:\\\/\\\/respiart.ca\\\/ar\\\/#organization\"},\"potentialAction\":[{\"@type\":\"SearchAction\",\"target\":{\"@type\":\"EntryPoint\",\"urlTemplate\":\"https:\\\/\\\/respiart.ca\\\/ar\\\/?s={search_term_string}\"},\"query-input\":{\"@type\":\"PropertyValueSpecification\",\"valueRequired\":true,\"valueName\":\"search_term_string\"}}],\"inLanguage\":\"fr-CA\"},{\"@type\":\"Organization\",\"@id\":\"https:\\\/\\\/respiart.ca\\\/ar\\\/#organization\",\"name\":\"RespiArt - Sleep apnea & CPAPs\",\"url\":\"https:\\\/\\\/respiart.ca\\\/ar\\\/\",\"logo\":{\"@type\":\"ImageObject\",\"inLanguage\":\"fr-CA\",\"@id\":\"https:\\\/\\\/respiart.ca\\\/ar\\\/#\\\/schema\\\/logo\\\/image\\\/\",\"url\":\"https:\\\/\\\/respiart.ca\\\/wp-content\\\/uploads\\\/2022\\\/05\\\/Respiart-logo-1-e1651540192142.png\",\"contentUrl\":\"https:\\\/\\\/respiart.ca\\\/wp-content\\\/uploads\\\/2022\\\/05\\\/Respiart-logo-1-e1651540192142.png\",\"width\":237,\"height\":61,\"caption\":\"RespiArt - Sleep apnea & CPAPs\"},\"image\":{\"@id\":\"https:\\\/\\\/respiart.ca\\\/ar\\\/#\\\/schema\\\/logo\\\/image\\\/\"}}]}<\/script>\n<!-- \/ Yoast SEO plugin. -->","yoast_head_json":{"title":"Brevida Fitpack | Repiart - Inhaloth\u00e9rapeute Montr\u00e9al","description":"Disinfection and Sterilization Guide Download       F&amp;P Brevida Fitting Guide &amp; Tips Download       F&amp;P Brevida Specification Sheet Download       F&amp;P Brevida User Instructions Download","robots":{"index":"index","follow":"follow","max-snippet":"max-snippet:-1","max-image-preview":"max-image-preview:large","max-video-preview":"max-video-preview:-1"},"canonical":"https:\/\/respiart.ca\/fr\/magasin\/brevida-fitpack\/","og_locale":"fr_CA","og_type":"article","og_title":"Brevida Fitpack | Respiart - Respiratory therapist Montreal","og_description":"Disinfection and Sterilization Guide Download       F&amp;P Brevida Fitting Guide &amp; Tips Download       F&amp;P Brevida Specification Sheet Download       F&amp;P Brevida User Instructions Download","og_url":"https:\/\/respiart.ca\/fr\/magasin\/brevida-fitpack\/","og_site_name":"Respiart - Respiratory therapist Montreal","article_modified_time":"2025-04-28T13:54:10+00:00","og_image":[{"width":707,"height":536,"url":"https:\/\/respiart.ca\/wp-content\/uploads\/2023\/08\/Capture-1.jpg","type":"image\/jpeg"}],"twitter_card":"summary_large_image","twitter_misc":{"Estimation du temps de lecture":"1 minute"},"schema":{"@context":"https:\/\/schema.org","@graph":[{"@type":"WebPage","@id":"https:\/\/respiart.ca\/shop\/brevida-fitpack\/","url":"https:\/\/respiart.ca\/shop\/brevida-fitpack\/","name":"Brevida Fitpack | Repiart - Inhaloth\u00e9rapeute Montr\u00e9al","isPartOf":{"@id":"https:\/\/respiart.ca\/ar\/#website"},"primaryImageOfPage":{"@id":"https:\/\/respiart.ca\/shop\/brevida-fitpack\/#primaryimage"},"image":{"@id":"https:\/\/respiart.ca\/shop\/brevida-fitpack\/#primaryimage"},"thumbnailUrl":"https:\/\/respiart.ca\/wp-content\/uploads\/2023\/08\/Capture-1.jpg","datePublished":"2023-08-21T17:59:39+00:00","dateModified":"2025-04-28T13:54:10+00:00","description":"Guide de d\u00e9sinfection et de st\u00e9rilisation T\u00e9l\u00e9charger Guide de montage et conseils F&amp;P Brevida T\u00e9l\u00e9charger Fiche technique F&amp;P Brevida T\u00e9l\u00e9charger Instructions d&#039;utilisation F&amp;P Brevida T\u00e9l\u00e9charger","breadcrumb":{"@id":"https:\/\/respiart.ca\/shop\/brevida-fitpack\/#breadcrumb"},"inLanguage":"fr-CA","potentialAction":[{"@type":"ReadAction","target":["https:\/\/respiart.ca\/shop\/brevida-fitpack\/"]}]},{"@type":"ImageObject","inLanguage":"fr-CA","@id":"https:\/\/respiart.ca\/shop\/brevida-fitpack\/#primaryimage","url":"https:\/\/respiart.ca\/wp-content\/uploads\/2023\/08\/Capture-1.jpg","contentUrl":"https:\/\/respiart.ca\/wp-content\/uploads\/2023\/08\/Capture-1.jpg","width":707,"height":536},{"@type":"BreadcrumbList","@id":"https:\/\/respiart.ca\/shop\/brevida-fitpack\/#breadcrumb","itemListElement":[{"@type":"ListItem","position":1,"name":"Home","item":"https:\/\/respiart.ca\/"},{"@type":"ListItem","position":2,"name":"Shop CPAP","item":"https:\/\/respiart.ca\/ar\/%d9%85%d8%aa%d8%ac%d8%b1-cpap\/"},{"@type":"ListItem","position":3,"name":"Brevida Fitpack"}]},{"@type":"WebSite","@id":"https:\/\/respiart.ca\/ar\/#website","url":"https:\/\/respiart.ca\/ar\/","name":"RespiArt - Apn\u00e9e du sommeil et CPAP","description":"CPAP et tests pour l&#039;apn\u00e9e du sommeil, l&#039;asthme, l&#039;oxym\u00e9trie","publisher":{"@id":"https:\/\/respiart.ca\/ar\/#organization"},"potentialAction":[{"@type":"SearchAction","target":{"@type":"EntryPoint","urlTemplate":"https:\/\/respiart.ca\/ar\/?s={search_term_string}"},"query-input":{"@type":"PropertyValueSpecification","valueRequired":true,"valueName":"search_term_string"}}],"inLanguage":"fr-CA"},{"@type":"Organization","@id":"https:\/\/respiart.ca\/ar\/#organization","name":"RespiArt - Apn\u00e9e du sommeil et CPAP","url":"https:\/\/respiart.ca\/ar\/","logo":{"@type":"ImageObject","inLanguage":"fr-CA","@id":"https:\/\/respiart.ca\/ar\/#\/schema\/logo\/image\/","url":"https:\/\/respiart.ca\/wp-content\/uploads\/2022\/05\/Respiart-logo-1-e1651540192142.png","contentUrl":"https:\/\/respiart.ca\/wp-content\/uploads\/2022\/05\/Respiart-logo-1-e1651540192142.png","width":237,"height":61,"caption":"RespiArt - Sleep apnea & CPAPs"},"image":{"@id":"https:\/\/respiart.ca\/ar\/#\/schema\/logo\/image\/"}}]}},"_links":{"self":[{"href":"https:\/\/respiart.ca\/fr\/wp-json\/wp\/v2\/product\/4549","targetHints":{"allow":["GET"]}}],"collection":[{"href":"https:\/\/respiart.ca\/fr\/wp-json\/wp\/v2\/product"}],"about":[{"href":"https:\/\/respiart.ca\/fr\/wp-json\/wp\/v2\/types\/product"}],"replies":[{"embeddable":true,"href":"https:\/\/respiart.ca\/fr\/wp-json\/wp\/v2\/comments?post=4549"}],"wp:featuredmedia":[{"embeddable":true,"href":"https:\/\/respiart.ca\/fr\/wp-json\/wp\/v2\/media\/4551"}],"wp:attachment":[{"href":"https:\/\/respiart.ca\/fr\/wp-json\/wp\/v2\/media?parent=4549"}],"wp:term":[{"taxonomy":"product_brand","embeddable":true,"href":"https:\/\/respiart.ca\/fr\/wp-json\/wp\/v2\/product_brand?post=4549"},{"taxonomy":"product_cat","embeddable":true,"href":"https:\/\/respiart.ca\/fr\/wp-json\/wp\/v2\/product_cat?post=4549"},{"taxonomy":"product_tag","embeddable":true,"href":"https:\/\/respiart.ca\/fr\/wp-json\/wp\/v2\/product_tag?post=4549"}],"curies":[{"name":"wp","href":"https:\/\/api.w.org\/{rel}","templated":true}]}}