{"id":4555,"date":"2023-08-21T18:05:52","date_gmt":"2023-08-21T18:05:52","guid":{"rendered":"http:\/\/f4i.0cc.mytemp.website\/?post_type=product&#038;p=4555"},"modified":"2026-04-24T18:53:50","modified_gmt":"2026-04-24T18:53:50","slug":"fisher-paykel-eson-2-masque-nasal-petit-moyen-grand-2","status":"publish","type":"product","link":"https:\/\/respiart.ca\/fr\/shop\/fisher-paykel-eson-2-nasal-mask-small-medium-large\/","title":{"rendered":"Fisher &amp; Paykel ESON 2 Masque Nasal Petit, Moyen et Grand"},"content":{"rendered":"<div class=\"flex flex-grow flex-col gap-3\">\n<div class=\"min-h-[20px] flex flex-col items-start gap-3 overflow-x-auto whitespace-pre-wrap break-words\">\n<div class=\"markdown prose w-full break-words dark:prose-invert light\">\n<p>Embrace assurance effortlessly with the Eson 2<\/p>\n<p>The Eson 2 Nasal CPAP Mask has been meticulously crafted to address the requirements of both patients and sleep professionals at every crucial juncture of the sleep therapy journey.<\/p>\n<ul>\n<li>RollFit Seal: Aptly named, the unified seal intuitively &#8216;rolls&#8217; along the nasal bridge to auto-adjust, effectively alleviating pressure. The RollFit Technology thus fosters a more comfortable experience.<\/li>\n<li>ErgoFit Headgear: This breathable and ergonomically engineered headgear naturally positions itself high at the rear of the head, allowing for unrestricted movement in various directions.<\/li>\n<li>Easy Frame: A sleek, robust, and compact frame guarantees stability and a clear line of sight. Designed to accommodate all three seal sizes, the Easy-Clip frame attachment streamlines post-cleaning reassembly.<\/li>\n<li>VisiBlue Highlights: These visual cues simplify fitting, disassembly, and reassembly, enhancing the overall user experience.<\/li>\n<\/ul>\n<p>The F&amp;P Eson 2 Nasal CPAP Mask is meticulously designed to enhance adherence, aligning with the desires of patients and their healthcare providers.<\/p>\n<p>Available sizes:<\/p>\n<ul>\n<li>Small<\/li>\n<li>Medium<\/li>\n<li>Large<\/li>\n<li>Fit-Pack (S, M &amp; L cushions)<\/li>\n<\/ul>\n<\/div>\n<\/div>\n<\/div>\n","protected":false},"excerpt":{"rendered":"<div class=\"flex flex-grow flex-col gap-3\">\n<div class=\"min-h-[20px] flex flex-col items-start gap-3 overflow-x-auto whitespace-pre-wrap break-words\">\n<div class=\"markdown prose w-full break-words dark:prose-invert light\">\n<p>Experience confidence effortlessly with the Eson 2 Nasal <a href=\"https:\/\/respiart.ca\/shop-cpap\/\">CPAP<\/a> Mask. Crafted to meet patient and sleep professional needs at every sleep therapy milestone, it features a RollFit Seal for pressure reduction, ErgoFit Headgear for comfortable movement, and an Easy Frame with VisiBlue highlights for intuitive use. The F&amp;P Eson 2 Nasal CPAP Mask is designed to enhance adherence, offering sizes from Small to Large, including a Fit-Pack option.<\/p>\n<\/div>\n<\/div>\n<\/div>\n","protected":false},"featured_media":4556,"comment_status":"open","ping_status":"closed","template":"","meta":[],"product_brand":[],"product_cat":[109,99],"product_tag":[],"class_list":{"0":"post-4555","1":"product","2":"type-product","3":"status-publish","4":"has-post-thumbnail","6":"product_cat-fisherpayckel","7":"product_cat-nasal-cpap-mask","9":"first","10":"instock","11":"taxable","12":"shipping-taxable","13":"purchasable","14":"product-type-variable","15":"has-default-attributes"},"yoast_head":"<!-- This site is optimized with the Yoast SEO plugin v27.5 - https:\/\/yoast.com\/product\/yoast-seo-wordpress\/ -->\n<title>Fisher &amp; Paykel ESON 2 Nasal Mask Small, Medium &amp; Large | Respiart - Respiratory therapist Montreal<\/title>\n<meta name=\"description\" content=\"Experience confidence effortlessly with the Eson 2 Nasal CPAP Mask. Crafted to meet patient and sleep professional needs at every sleep therapy milestone, it features a RollFit Seal for pressure reduction, ErgoFit Headgear for comfortable movement, and an Easy Frame with VisiBlue highlights for intuitive use. The F&amp;P Eson 2 Nasal CPAP Mask is designed to enhance adherence, offering sizes from Small to Large, including a Fit-Pack option.\" \/>\n<meta name=\"robots\" content=\"index, follow, max-snippet:-1, max-image-preview:large, max-video-preview:-1\" \/>\n<link rel=\"canonical\" href=\"https:\/\/respiart.ca\/fr\/magasin\/fisher-paykel-eson-2-masque-nasal-petit-moyen-grand-2\/\" \/>\n<meta property=\"og:locale\" content=\"fr_CA\" \/>\n<meta property=\"og:type\" content=\"article\" \/>\n<meta property=\"og:title\" content=\"Fisher &amp; Paykel ESON 2 Nasal Mask Small, Medium &amp; Large | Respiart - Respiratory therapist Montreal\" \/>\n<meta property=\"og:description\" content=\"Experience confidence effortlessly with the Eson 2 Nasal CPAP Mask. Crafted to meet patient and sleep professional needs at every sleep therapy milestone, it features a RollFit Seal for pressure reduction, ErgoFit Headgear for comfortable movement, and an Easy Frame with VisiBlue highlights for intuitive use. The F&amp;P Eson 2 Nasal CPAP Mask is designed to enhance adherence, offering sizes from Small to Large, including a Fit-Pack option.\" \/>\n<meta property=\"og:url\" content=\"https:\/\/respiart.ca\/fr\/magasin\/fisher-paykel-eson-2-masque-nasal-petit-moyen-grand-2\/\" \/>\n<meta property=\"og:site_name\" content=\"Respiart - Respiratory therapist Montreal\" \/>\n<meta property=\"article:modified_time\" content=\"2026-04-24T18:53:50+00:00\" \/>\n<meta property=\"og:image\" content=\"https:\/\/respiart.ca\/wp-content\/uploads\/2023\/08\/Fisher-Paykel-ESON-2-Nasal-Mask-Small-Medium-Large-CPAP-Mask-Fisher-Paykel_1024x1024@2x.webp\" \/>\n\t<meta property=\"og:image:width\" content=\"475\" \/>\n\t<meta property=\"og:image:height\" content=\"475\" \/>\n\t<meta property=\"og:image:type\" content=\"image\/webp\" \/>\n<meta name=\"twitter:card\" content=\"summary_large_image\" \/>\n<meta name=\"twitter:label1\" content=\"Estimation du temps de lecture\" \/>\n\t<meta name=\"twitter:data1\" content=\"1 minute\" \/>\n<script type=\"application\/ld+json\" class=\"yoast-schema-graph\">{\"@context\":\"https:\\\/\\\/schema.org\",\"@graph\":[{\"@type\":\"WebPage\",\"@id\":\"https:\\\/\\\/respiart.ca\\\/shop\\\/fisher-paykel-eson-2-nasal-mask-small-medium-large\\\/\",\"url\":\"https:\\\/\\\/respiart.ca\\\/shop\\\/fisher-paykel-eson-2-nasal-mask-small-medium-large\\\/\",\"name\":\"Fisher & Paykel ESON 2 Nasal Mask Small, Medium & Large | Respiart - Respiratory therapist Montreal\",\"isPartOf\":{\"@id\":\"https:\\\/\\\/respiart.ca\\\/ar\\\/#website\"},\"primaryImageOfPage\":{\"@id\":\"https:\\\/\\\/respiart.ca\\\/shop\\\/fisher-paykel-eson-2-nasal-mask-small-medium-large\\\/#primaryimage\"},\"image\":{\"@id\":\"https:\\\/\\\/respiart.ca\\\/shop\\\/fisher-paykel-eson-2-nasal-mask-small-medium-large\\\/#primaryimage\"},\"thumbnailUrl\":\"https:\\\/\\\/respiart.ca\\\/wp-content\\\/uploads\\\/2023\\\/08\\\/Fisher-Paykel-ESON-2-Nasal-Mask-Small-Medium-Large-CPAP-Mask-Fisher-Paykel_1024x1024@2x.webp\",\"datePublished\":\"2023-08-21T18:05:52+00:00\",\"dateModified\":\"2026-04-24T18:53:50+00:00\",\"description\":\"Experience confidence effortlessly with the Eson 2 Nasal CPAP Mask. Crafted to meet patient and sleep professional needs at every sleep therapy milestone, it features a RollFit Seal for pressure reduction, ErgoFit Headgear for comfortable movement, and an Easy Frame with VisiBlue highlights for intuitive use. The F&amp;P Eson 2 Nasal CPAP Mask is designed to enhance adherence, offering sizes from Small to Large, including a Fit-Pack option.\",\"breadcrumb\":{\"@id\":\"https:\\\/\\\/respiart.ca\\\/shop\\\/fisher-paykel-eson-2-nasal-mask-small-medium-large\\\/#breadcrumb\"},\"inLanguage\":\"fr-CA\",\"potentialAction\":[{\"@type\":\"ReadAction\",\"target\":[\"https:\\\/\\\/respiart.ca\\\/shop\\\/fisher-paykel-eson-2-nasal-mask-small-medium-large\\\/\"]}]},{\"@type\":\"ImageObject\",\"inLanguage\":\"fr-CA\",\"@id\":\"https:\\\/\\\/respiart.ca\\\/shop\\\/fisher-paykel-eson-2-nasal-mask-small-medium-large\\\/#primaryimage\",\"url\":\"https:\\\/\\\/respiart.ca\\\/wp-content\\\/uploads\\\/2023\\\/08\\\/Fisher-Paykel-ESON-2-Nasal-Mask-Small-Medium-Large-CPAP-Mask-Fisher-Paykel_1024x1024@2x.webp\",\"contentUrl\":\"https:\\\/\\\/respiart.ca\\\/wp-content\\\/uploads\\\/2023\\\/08\\\/Fisher-Paykel-ESON-2-Nasal-Mask-Small-Medium-Large-CPAP-Mask-Fisher-Paykel_1024x1024@2x.webp\",\"width\":475,\"height\":475},{\"@type\":\"BreadcrumbList\",\"@id\":\"https:\\\/\\\/respiart.ca\\\/shop\\\/fisher-paykel-eson-2-nasal-mask-small-medium-large\\\/#breadcrumb\",\"itemListElement\":[{\"@type\":\"ListItem\",\"position\":1,\"name\":\"Home\",\"item\":\"https:\\\/\\\/respiart.ca\\\/\"},{\"@type\":\"ListItem\",\"position\":2,\"name\":\"Shop CPAP\",\"item\":\"https:\\\/\\\/respiart.ca\\\/shop-cpap\\\/\"},{\"@type\":\"ListItem\",\"position\":3,\"name\":\"Fisher &#038; Paykel ESON 2 Nasal Mask Small, Medium &#038; Large\"}]},{\"@type\":\"WebSite\",\"@id\":\"https:\\\/\\\/respiart.ca\\\/ar\\\/#website\",\"url\":\"https:\\\/\\\/respiart.ca\\\/ar\\\/\",\"name\":\"RespiArt - Sleep apnea & CPAPs\",\"description\":\"CPAPs and tests for sleep apnea, asthma, oximetry\",\"publisher\":{\"@id\":\"https:\\\/\\\/respiart.ca\\\/ar\\\/#organization\"},\"potentialAction\":[{\"@type\":\"SearchAction\",\"target\":{\"@type\":\"EntryPoint\",\"urlTemplate\":\"https:\\\/\\\/respiart.ca\\\/ar\\\/?s={search_term_string}\"},\"query-input\":{\"@type\":\"PropertyValueSpecification\",\"valueRequired\":true,\"valueName\":\"search_term_string\"}}],\"inLanguage\":\"fr-CA\"},{\"@type\":\"Organization\",\"@id\":\"https:\\\/\\\/respiart.ca\\\/ar\\\/#organization\",\"name\":\"RespiArt - Sleep apnea & CPAPs\",\"url\":\"https:\\\/\\\/respiart.ca\\\/ar\\\/\",\"logo\":{\"@type\":\"ImageObject\",\"inLanguage\":\"fr-CA\",\"@id\":\"https:\\\/\\\/respiart.ca\\\/ar\\\/#\\\/schema\\\/logo\\\/image\\\/\",\"url\":\"https:\\\/\\\/respiart.ca\\\/wp-content\\\/uploads\\\/2022\\\/05\\\/Respiart-logo-1-e1651540192142.png\",\"contentUrl\":\"https:\\\/\\\/respiart.ca\\\/wp-content\\\/uploads\\\/2022\\\/05\\\/Respiart-logo-1-e1651540192142.png\",\"width\":237,\"height\":61,\"caption\":\"RespiArt - Sleep apnea & CPAPs\"},\"image\":{\"@id\":\"https:\\\/\\\/respiart.ca\\\/ar\\\/#\\\/schema\\\/logo\\\/image\\\/\"}}]}<\/script>\n<!-- \/ Yoast SEO plugin. -->","yoast_head_json":{"title":"Masque nasal Fisher &amp; Paykel ESON 2 petit, moyen et grand | Repiart - Inhaloth\u00e9rapeute Montr\u00e9al","description":"Faites l&#039;exp\u00e9rience de la confiance sans effort avec le masque CPAP nasal Eson 2. Con\u00e7u pour r\u00e9pondre aux besoins des patients et des professionnels du sommeil \u00e0 chaque \u00e9tape de la th\u00e9rapie du sommeil, il est dot\u00e9 d&#039;un joint RollFit pour r\u00e9duire la pression, d&#039;un harnais ErgoFit pour un mouvement confortable et d&#039;un Easy Frame avec des points forts VisiBlue pour une utilisation intuitive. Le masque CPAP nasal F&amp;P Eson 2 est con\u00e7u pour am\u00e9liorer l&#039;adh\u00e9rence, offrant des tailles allant de Small \u00e0 Large, y compris une option Fit-Pack.","robots":{"index":"index","follow":"follow","max-snippet":"max-snippet:-1","max-image-preview":"max-image-preview:large","max-video-preview":"max-video-preview:-1"},"canonical":"https:\/\/respiart.ca\/fr\/magasin\/fisher-paykel-eson-2-masque-nasal-petit-moyen-grand-2\/","og_locale":"fr_CA","og_type":"article","og_title":"Fisher & Paykel ESON 2 Nasal Mask Small, Medium & Large | Respiart - Respiratory therapist Montreal","og_description":"Experience confidence effortlessly with the Eson 2 Nasal CPAP Mask. Crafted to meet patient and sleep professional needs at every sleep therapy milestone, it features a RollFit Seal for pressure reduction, ErgoFit Headgear for comfortable movement, and an Easy Frame with VisiBlue highlights for intuitive use. The F&amp;P Eson 2 Nasal CPAP Mask is designed to enhance adherence, offering sizes from Small to Large, including a Fit-Pack option.","og_url":"https:\/\/respiart.ca\/fr\/magasin\/fisher-paykel-eson-2-masque-nasal-petit-moyen-grand-2\/","og_site_name":"Respiart - Respiratory therapist Montreal","article_modified_time":"2026-04-24T18:53:50+00:00","og_image":[{"width":475,"height":475,"url":"https:\/\/respiart.ca\/wp-content\/uploads\/2023\/08\/Fisher-Paykel-ESON-2-Nasal-Mask-Small-Medium-Large-CPAP-Mask-Fisher-Paykel_1024x1024@2x.webp","type":"image\/webp"}],"twitter_card":"summary_large_image","twitter_misc":{"Estimation du temps de lecture":"1 minute"},"schema":{"@context":"https:\/\/schema.org","@graph":[{"@type":"WebPage","@id":"https:\/\/respiart.ca\/shop\/fisher-paykel-eson-2-nasal-mask-small-medium-large\/","url":"https:\/\/respiart.ca\/shop\/fisher-paykel-eson-2-nasal-mask-small-medium-large\/","name":"Masque nasal Fisher &amp; Paykel ESON 2 petit, moyen et grand | Repiart - Inhaloth\u00e9rapeute Montr\u00e9al","isPartOf":{"@id":"https:\/\/respiart.ca\/ar\/#website"},"primaryImageOfPage":{"@id":"https:\/\/respiart.ca\/shop\/fisher-paykel-eson-2-nasal-mask-small-medium-large\/#primaryimage"},"image":{"@id":"https:\/\/respiart.ca\/shop\/fisher-paykel-eson-2-nasal-mask-small-medium-large\/#primaryimage"},"thumbnailUrl":"https:\/\/respiart.ca\/wp-content\/uploads\/2023\/08\/Fisher-Paykel-ESON-2-Nasal-Mask-Small-Medium-Large-CPAP-Mask-Fisher-Paykel_1024x1024@2x.webp","datePublished":"2023-08-21T18:05:52+00:00","dateModified":"2026-04-24T18:53:50+00:00","description":"Faites l&#039;exp\u00e9rience de la confiance sans effort avec le masque CPAP nasal Eson 2. Con\u00e7u pour r\u00e9pondre aux besoins des patients et des professionnels du sommeil \u00e0 chaque \u00e9tape de la th\u00e9rapie du sommeil, il est dot\u00e9 d&#039;un joint RollFit pour r\u00e9duire la pression, d&#039;un harnais ErgoFit pour un mouvement confortable et d&#039;un Easy Frame avec des points forts VisiBlue pour une utilisation intuitive. Le masque CPAP nasal F&amp;P Eson 2 est con\u00e7u pour am\u00e9liorer l&#039;adh\u00e9rence, offrant des tailles allant de Small \u00e0 Large, y compris une option Fit-Pack.","breadcrumb":{"@id":"https:\/\/respiart.ca\/shop\/fisher-paykel-eson-2-nasal-mask-small-medium-large\/#breadcrumb"},"inLanguage":"fr-CA","potentialAction":[{"@type":"ReadAction","target":["https:\/\/respiart.ca\/shop\/fisher-paykel-eson-2-nasal-mask-small-medium-large\/"]}]},{"@type":"ImageObject","inLanguage":"fr-CA","@id":"https:\/\/respiart.ca\/shop\/fisher-paykel-eson-2-nasal-mask-small-medium-large\/#primaryimage","url":"https:\/\/respiart.ca\/wp-content\/uploads\/2023\/08\/Fisher-Paykel-ESON-2-Nasal-Mask-Small-Medium-Large-CPAP-Mask-Fisher-Paykel_1024x1024@2x.webp","contentUrl":"https:\/\/respiart.ca\/wp-content\/uploads\/2023\/08\/Fisher-Paykel-ESON-2-Nasal-Mask-Small-Medium-Large-CPAP-Mask-Fisher-Paykel_1024x1024@2x.webp","width":475,"height":475},{"@type":"BreadcrumbList","@id":"https:\/\/respiart.ca\/shop\/fisher-paykel-eson-2-nasal-mask-small-medium-large\/#breadcrumb","itemListElement":[{"@type":"ListItem","position":1,"name":"Home","item":"https:\/\/respiart.ca\/"},{"@type":"ListItem","position":2,"name":"Shop CPAP","item":"https:\/\/respiart.ca\/shop-cpap\/"},{"@type":"ListItem","position":3,"name":"Fisher &#038; Paykel ESON 2 Nasal Mask Small, Medium &#038; Large"}]},{"@type":"WebSite","@id":"https:\/\/respiart.ca\/ar\/#website","url":"https:\/\/respiart.ca\/ar\/","name":"RespiArt - Apn\u00e9e du sommeil et CPAP","description":"CPAP et tests pour l&#039;apn\u00e9e du sommeil, l&#039;asthme, l&#039;oxym\u00e9trie","publisher":{"@id":"https:\/\/respiart.ca\/ar\/#organization"},"potentialAction":[{"@type":"SearchAction","target":{"@type":"EntryPoint","urlTemplate":"https:\/\/respiart.ca\/ar\/?s={search_term_string}"},"query-input":{"@type":"PropertyValueSpecification","valueRequired":true,"valueName":"search_term_string"}}],"inLanguage":"fr-CA"},{"@type":"Organization","@id":"https:\/\/respiart.ca\/ar\/#organization","name":"RespiArt - Apn\u00e9e du sommeil et CPAP","url":"https:\/\/respiart.ca\/ar\/","logo":{"@type":"ImageObject","inLanguage":"fr-CA","@id":"https:\/\/respiart.ca\/ar\/#\/schema\/logo\/image\/","url":"https:\/\/respiart.ca\/wp-content\/uploads\/2022\/05\/Respiart-logo-1-e1651540192142.png","contentUrl":"https:\/\/respiart.ca\/wp-content\/uploads\/2022\/05\/Respiart-logo-1-e1651540192142.png","width":237,"height":61,"caption":"RespiArt - Sleep apnea & CPAPs"},"image":{"@id":"https:\/\/respiart.ca\/ar\/#\/schema\/logo\/image\/"}}]}},"_links":{"self":[{"href":"https:\/\/respiart.ca\/fr\/wp-json\/wp\/v2\/product\/4555","targetHints":{"allow":["GET"]}}],"collection":[{"href":"https:\/\/respiart.ca\/fr\/wp-json\/wp\/v2\/product"}],"about":[{"href":"https:\/\/respiart.ca\/fr\/wp-json\/wp\/v2\/types\/product"}],"replies":[{"embeddable":true,"href":"https:\/\/respiart.ca\/fr\/wp-json\/wp\/v2\/comments?post=4555"}],"wp:featuredmedia":[{"embeddable":true,"href":"https:\/\/respiart.ca\/fr\/wp-json\/wp\/v2\/media\/4556"}],"wp:attachment":[{"href":"https:\/\/respiart.ca\/fr\/wp-json\/wp\/v2\/media?parent=4555"}],"wp:term":[{"taxonomy":"product_brand","embeddable":true,"href":"https:\/\/respiart.ca\/fr\/wp-json\/wp\/v2\/product_brand?post=4555"},{"taxonomy":"product_cat","embeddable":true,"href":"https:\/\/respiart.ca\/fr\/wp-json\/wp\/v2\/product_cat?post=4555"},{"taxonomy":"product_tag","embeddable":true,"href":"https:\/\/respiart.ca\/fr\/wp-json\/wp\/v2\/product_tag?post=4555"}],"curies":[{"name":"wp","href":"https:\/\/api.w.org\/{rel}","templated":true}]}}