{"id":4566,"date":"2023-08-21T18:44:52","date_gmt":"2023-08-21T18:44:52","guid":{"rendered":"http:\/\/f4i.0cc.mytemp.website\/?post_type=product&#038;p=4566"},"modified":"2026-04-24T18:18:44","modified_gmt":"2026-04-24T18:18:44","slug":"photons-100-pro-smart-solaire-chargeur","status":"publish","type":"product","link":"https:\/\/respiart.ca\/fr\/shop\/photons-100-pro-smart-solar-charger\/","title":{"rendered":"Chargeur solaire PHOTONS 100 Pro SMART"},"content":{"rendered":"<div class=\"flex flex-grow flex-col gap-3\">\n<div class=\"min-h-[20px] flex flex-col items-start gap-3 overflow-x-auto whitespace-pre-wrap break-words\">\n<div class=\"markdown prose w-full break-words dark:prose-invert light\">\n<p>Introducing the Zopec Photons 100 Pro Solar Charger. (Please note: Each Zopec <a href=\"https:\/\/respiart.ca\/product-category\/cpap-ups-backups\/\">battery<\/a> is accompanied by its dedicated solar charger with indicated full sun charging duration). For instance, the Zopec Explore 40 Lite charger suits Explore Mini and 4000 models (full charge in 3-4 hrs). The Zopec Photons 60 Pro charger is designed for Explore 5500, 5700, 8000, 8200, and Zopec Voyage (full charge in 4-8 hrs). Accommodating the Explore Oxygen, the Zopec Photons 100 Pro achieves a full charge in 10 &#8211; 12 hrs. The Zopec Photons 200 Pro charger caters to Zopec OxygenPro 4XL and 8XL models (full charge in 12 &#8211; 16 hrs). Opt for an upgraded model in cloudier weather for the same charging duration.<\/p>\n<p><strong> <a href=\"http:\/\/respiart.ca\/rent-form\/\"><img decoding=\"async\" class=\"alignnone wp-image-4156 size-thumbnail\" src=\"http:\/\/respiart.ca\/wp-content\/uploads\/2022\/10\/button-150x50.png\" alt=\"\" width=\"150\" height=\"50\" srcset=\"https:\/\/respiart.ca\/wp-content\/uploads\/2022\/10\/button-18x5.png 18w, https:\/\/respiart.ca\/wp-content\/uploads\/2022\/10\/button-150x50.png 150w, https:\/\/respiart.ca\/wp-content\/uploads\/2022\/10\/button.png 166w\" sizes=\"(max-width: 150px) 100vw, 150px\" \/><\/a><\/strong><\/p>\n<\/div>\n<\/div>\n<\/div>\n","protected":false},"excerpt":{"rendered":"<div class=\"flex flex-grow flex-col gap-3\">\n<div class=\"min-h-[20px] flex flex-col items-start gap-3 overflow-x-auto whitespace-pre-wrap break-words\">\n<div class=\"markdown prose w-full break-words dark:prose-invert light\">\n<p>Introducing the Zopec Photons 100 Pro Solar Charger, universally compatible with all Zopec EXPLORE and Zopec VOYAGE Batteries. Boasting rapid 100W DC solar charging, it features advanced Light Absorbing technology to minimize reflection and enhance light absorbance by 40%. With an exceptional 23% conversion efficiency, this lightweight 9.0 lbs. charger folds compactly to dimensions of 24\u201d x 21\u201d x 1.0\u201d when closed and 48&#8243; x 21&#8243; x 0.5&#8243; when open. Built to withstand the elements, it holds an IP67 waterproof and dustproof rating. Equipped with a SMART PD60W USB-C output and a Qualcomm Quick Charge 3.0 USB output, it efficiently charges phones and laptops. Portable with kickstands, the package includes the solar charger and a Type C &#8211; C Cable, backed by a 1-year warranty for utmost quality and reliability.<\/p>\n<p><strong> <a href=\"http:\/\/respiart.ca\/rent-form\/\"><img decoding=\"async\" class=\"alignnone wp-image-4156 size-thumbnail\" src=\"http:\/\/respiart.ca\/wp-content\/uploads\/2022\/10\/button-150x50.png\" alt=\"\" width=\"150\" height=\"50\" srcset=\"https:\/\/respiart.ca\/wp-content\/uploads\/2022\/10\/button-18x5.png 18w, https:\/\/respiart.ca\/wp-content\/uploads\/2022\/10\/button-150x50.png 150w, https:\/\/respiart.ca\/wp-content\/uploads\/2022\/10\/button.png 166w\" sizes=\"(max-width: 150px) 100vw, 150px\" \/><\/a><\/strong><\/p>\n<\/div>\n<\/div>\n<\/div>\n","protected":false},"featured_media":4567,"comment_status":"open","ping_status":"closed","template":"","meta":[],"product_brand":[],"product_cat":[35,113],"product_tag":[],"class_list":{"0":"post-4566","1":"product","2":"type-product","3":"status-publish","4":"has-post-thumbnail","6":"product_cat-accessories","7":"product_cat-zopec","9":"first","10":"instock","11":"sale","12":"taxable","13":"shipping-taxable","14":"purchasable","15":"product-type-simple"},"yoast_head":"<!-- This site is optimized with the Yoast SEO plugin v27.5 - https:\/\/yoast.com\/product\/yoast-seo-wordpress\/ -->\n<title>PHOTONS 100 Pro SMART Solar Charger | Respiart - Respiratory therapist Montreal<\/title>\n<meta name=\"description\" content=\"Introducing the Zopec Photons 100 Pro Solar Charger, universally compatible with all Zopec EXPLORE and Zopec VOYAGE Batteries. Boasting rapid 100W DC solar charging, it features advanced Light Absorbing technology to minimize reflection and enhance light absorbance by 40%. With an exceptional 23% conversion efficiency, this lightweight 9.0 lbs. charger folds compactly to dimensions of 24\u201d x 21\u201d x 1.0\u201d when closed and 48&quot; x 21&quot; x 0.5&quot; when open. Built to withstand the elements, it holds an IP67 waterproof and dustproof rating. Equipped with a SMART PD60W USB-C output and a Qualcomm Quick Charge 3.0 USB output, it efficiently charges phones and laptops. Portable with kickstands, the package includes the solar charger and a Type C - C Cable, backed by a 1-year warranty for utmost quality and reliability.\" \/>\n<meta name=\"robots\" content=\"index, follow, max-snippet:-1, max-image-preview:large, max-video-preview:-1\" \/>\n<link rel=\"canonical\" href=\"https:\/\/respiart.ca\/fr\/magasin\/photons-100-pro-smart-solaire-chargeur\/\" \/>\n<meta property=\"og:locale\" content=\"fr_CA\" \/>\n<meta property=\"og:type\" content=\"article\" \/>\n<meta property=\"og:title\" content=\"PHOTONS 100 Pro SMART Solar Charger | Respiart - Respiratory therapist Montreal\" \/>\n<meta property=\"og:description\" content=\"Introducing the Zopec Photons 100 Pro Solar Charger, universally compatible with all Zopec EXPLORE and Zopec VOYAGE Batteries. Boasting rapid 100W DC solar charging, it features advanced Light Absorbing technology to minimize reflection and enhance light absorbance by 40%. With an exceptional 23% conversion efficiency, this lightweight 9.0 lbs. charger folds compactly to dimensions of 24\u201d x 21\u201d x 1.0\u201d when closed and 48&quot; x 21&quot; x 0.5&quot; when open. Built to withstand the elements, it holds an IP67 waterproof and dustproof rating. Equipped with a SMART PD60W USB-C output and a Qualcomm Quick Charge 3.0 USB output, it efficiently charges phones and laptops. Portable with kickstands, the package includes the solar charger and a Type C - C Cable, backed by a 1-year warranty for utmost quality and reliability.\" \/>\n<meta property=\"og:url\" content=\"https:\/\/respiart.ca\/fr\/magasin\/photons-100-pro-smart-solaire-chargeur\/\" \/>\n<meta property=\"og:site_name\" content=\"Respiart - Respiratory therapist Montreal\" \/>\n<meta property=\"article:modified_time\" content=\"2026-04-24T18:18:44+00:00\" \/>\n<meta property=\"og:image\" content=\"https:\/\/respiart.ca\/wp-content\/uploads\/2023\/08\/White11snip_1024x1024_2x_94fc0b00-3c3d-4f0f-bd46-26f2723bb9ae.jpg\" \/>\n\t<meta property=\"og:image:width\" content=\"816\" \/>\n\t<meta property=\"og:image:height\" content=\"683\" \/>\n\t<meta property=\"og:image:type\" content=\"image\/jpeg\" \/>\n<meta name=\"twitter:card\" content=\"summary_large_image\" \/>\n<meta name=\"twitter:label1\" content=\"Estimation du temps de lecture\" \/>\n\t<meta name=\"twitter:data1\" content=\"1 minute\" \/>\n<script type=\"application\/ld+json\" class=\"yoast-schema-graph\">{\"@context\":\"https:\\\/\\\/schema.org\",\"@graph\":[{\"@type\":\"WebPage\",\"@id\":\"https:\\\/\\\/respiart.ca\\\/shop\\\/photons-100-pro-smart-solar-charger\\\/\",\"url\":\"https:\\\/\\\/respiart.ca\\\/shop\\\/photons-100-pro-smart-solar-charger\\\/\",\"name\":\"PHOTONS 100 Pro SMART Solar Charger | Respiart - Respiratory therapist Montreal\",\"isPartOf\":{\"@id\":\"https:\\\/\\\/respiart.ca\\\/ar\\\/#website\"},\"primaryImageOfPage\":{\"@id\":\"https:\\\/\\\/respiart.ca\\\/shop\\\/photons-100-pro-smart-solar-charger\\\/#primaryimage\"},\"image\":{\"@id\":\"https:\\\/\\\/respiart.ca\\\/shop\\\/photons-100-pro-smart-solar-charger\\\/#primaryimage\"},\"thumbnailUrl\":\"https:\\\/\\\/respiart.ca\\\/wp-content\\\/uploads\\\/2023\\\/08\\\/White11snip_1024x1024_2x_94fc0b00-3c3d-4f0f-bd46-26f2723bb9ae.jpg\",\"datePublished\":\"2023-08-21T18:44:52+00:00\",\"dateModified\":\"2026-04-24T18:18:44+00:00\",\"description\":\"Introducing the Zopec Photons 100 Pro Solar Charger, universally compatible with all Zopec EXPLORE and Zopec VOYAGE Batteries. Boasting rapid 100W DC solar charging, it features advanced Light Absorbing technology to minimize reflection and enhance light absorbance by 40%. With an exceptional 23% conversion efficiency, this lightweight 9.0 lbs. charger folds compactly to dimensions of 24\u201d x 21\u201d x 1.0\u201d when closed and 48\\\" x 21\\\" x 0.5\\\" when open. Built to withstand the elements, it holds an IP67 waterproof and dustproof rating. Equipped with a SMART PD60W USB-C output and a Qualcomm Quick Charge 3.0 USB output, it efficiently charges phones and laptops. Portable with kickstands, the package includes the solar charger and a Type C - C Cable, backed by a 1-year warranty for utmost quality and reliability.\",\"breadcrumb\":{\"@id\":\"https:\\\/\\\/respiart.ca\\\/shop\\\/photons-100-pro-smart-solar-charger\\\/#breadcrumb\"},\"inLanguage\":\"fr-CA\",\"potentialAction\":[{\"@type\":\"ReadAction\",\"target\":[\"https:\\\/\\\/respiart.ca\\\/shop\\\/photons-100-pro-smart-solar-charger\\\/\"]}]},{\"@type\":\"ImageObject\",\"inLanguage\":\"fr-CA\",\"@id\":\"https:\\\/\\\/respiart.ca\\\/shop\\\/photons-100-pro-smart-solar-charger\\\/#primaryimage\",\"url\":\"https:\\\/\\\/respiart.ca\\\/wp-content\\\/uploads\\\/2023\\\/08\\\/White11snip_1024x1024_2x_94fc0b00-3c3d-4f0f-bd46-26f2723bb9ae.jpg\",\"contentUrl\":\"https:\\\/\\\/respiart.ca\\\/wp-content\\\/uploads\\\/2023\\\/08\\\/White11snip_1024x1024_2x_94fc0b00-3c3d-4f0f-bd46-26f2723bb9ae.jpg\",\"width\":816,\"height\":683},{\"@type\":\"BreadcrumbList\",\"@id\":\"https:\\\/\\\/respiart.ca\\\/shop\\\/photons-100-pro-smart-solar-charger\\\/#breadcrumb\",\"itemListElement\":[{\"@type\":\"ListItem\",\"position\":1,\"name\":\"Home\",\"item\":\"https:\\\/\\\/respiart.ca\\\/\"},{\"@type\":\"ListItem\",\"position\":2,\"name\":\"Shop CPAP\",\"item\":\"https:\\\/\\\/respiart.ca\\\/shop-cpap\\\/\"},{\"@type\":\"ListItem\",\"position\":3,\"name\":\"PHOTONS 100 Pro SMART Solar Charger\"}]},{\"@type\":\"WebSite\",\"@id\":\"https:\\\/\\\/respiart.ca\\\/ar\\\/#website\",\"url\":\"https:\\\/\\\/respiart.ca\\\/ar\\\/\",\"name\":\"RespiArt - Sleep apnea & CPAPs\",\"description\":\"CPAPs and tests for sleep apnea, asthma, oximetry\",\"publisher\":{\"@id\":\"https:\\\/\\\/respiart.ca\\\/ar\\\/#organization\"},\"potentialAction\":[{\"@type\":\"SearchAction\",\"target\":{\"@type\":\"EntryPoint\",\"urlTemplate\":\"https:\\\/\\\/respiart.ca\\\/ar\\\/?s={search_term_string}\"},\"query-input\":{\"@type\":\"PropertyValueSpecification\",\"valueRequired\":true,\"valueName\":\"search_term_string\"}}],\"inLanguage\":\"fr-CA\"},{\"@type\":\"Organization\",\"@id\":\"https:\\\/\\\/respiart.ca\\\/ar\\\/#organization\",\"name\":\"RespiArt - Sleep apnea & CPAPs\",\"url\":\"https:\\\/\\\/respiart.ca\\\/ar\\\/\",\"logo\":{\"@type\":\"ImageObject\",\"inLanguage\":\"fr-CA\",\"@id\":\"https:\\\/\\\/respiart.ca\\\/ar\\\/#\\\/schema\\\/logo\\\/image\\\/\",\"url\":\"https:\\\/\\\/respiart.ca\\\/wp-content\\\/uploads\\\/2022\\\/05\\\/Respiart-logo-1-e1651540192142.png\",\"contentUrl\":\"https:\\\/\\\/respiart.ca\\\/wp-content\\\/uploads\\\/2022\\\/05\\\/Respiart-logo-1-e1651540192142.png\",\"width\":237,\"height\":61,\"caption\":\"RespiArt - Sleep apnea & CPAPs\"},\"image\":{\"@id\":\"https:\\\/\\\/respiart.ca\\\/ar\\\/#\\\/schema\\\/logo\\\/image\\\/\"}}]}<\/script>\n<!-- \/ Yoast SEO plugin. -->","yoast_head_json":{"title":"Chargeur solaire SMART PHOTONS 100 Pro | Repiart - Inhaloth\u00e9rapeute Montr\u00e9al","description":"Pr\u00e9sentation du chargeur solaire Zopec Photons 100 Pro, universellement compatible avec toutes les batteries Zopec EXPLORE et Zopec VOYAGE. B\u00e9n\u00e9ficiant d&#039;une charge solaire rapide de 100 W CC, il est dot\u00e9 d&#039;une technologie avanc\u00e9e d&#039;absorption de la lumi\u00e8re pour minimiser la r\u00e9flexion et am\u00e9liorer l&#039;absorption de la lumi\u00e8re gr\u00e2ce au 40%. Avec une efficacit\u00e9 de conversion 23% exceptionnelle, ce poids l\u00e9ger de 9,0 lb. Le chargeur se plie de mani\u00e8re compacte aux dimensions de 24&quot; x 21&quot; x 1,0&quot; lorsqu&#039;il est ferm\u00e9 et de 48&quot; x 21&quot; x 0,5&quot; lorsqu&#039;il est ouvert. Construit pour r\u00e9sister aux \u00e9l\u00e9ments, il d\u00e9tient un indice d&#039;\u00e9tanch\u00e9it\u00e9 IP67 et anti-poussi\u00e8re. \u00c9quip\u00e9 d&#039;un port USB SMART PD60W Sortie C et une sortie USB Qualcomm Quick Charge 3.0, il charge efficacement les t\u00e9l\u00e9phones et les ordinateurs portables. Portable avec b\u00e9quilles, le forfait comprend le chargeur solaire et un c\u00e2ble de type C - C, b\u00e9n\u00e9ficiant d&#039;une garantie d&#039;un an pour une qualit\u00e9 et une fiabilit\u00e9 optimales.","robots":{"index":"index","follow":"follow","max-snippet":"max-snippet:-1","max-image-preview":"max-image-preview:large","max-video-preview":"max-video-preview:-1"},"canonical":"https:\/\/respiart.ca\/fr\/magasin\/photons-100-pro-smart-solaire-chargeur\/","og_locale":"fr_CA","og_type":"article","og_title":"PHOTONS 100 Pro SMART Solar Charger | Respiart - Respiratory therapist Montreal","og_description":"Introducing the Zopec Photons 100 Pro Solar Charger, universally compatible with all Zopec EXPLORE and Zopec VOYAGE Batteries. Boasting rapid 100W DC solar charging, it features advanced Light Absorbing technology to minimize reflection and enhance light absorbance by 40%. With an exceptional 23% conversion efficiency, this lightweight 9.0 lbs. charger folds compactly to dimensions of 24\u201d x 21\u201d x 1.0\u201d when closed and 48\" x 21\" x 0.5\" when open. Built to withstand the elements, it holds an IP67 waterproof and dustproof rating. Equipped with a SMART PD60W USB-C output and a Qualcomm Quick Charge 3.0 USB output, it efficiently charges phones and laptops. Portable with kickstands, the package includes the solar charger and a Type C - C Cable, backed by a 1-year warranty for utmost quality and reliability.","og_url":"https:\/\/respiart.ca\/fr\/magasin\/photons-100-pro-smart-solaire-chargeur\/","og_site_name":"Respiart - Respiratory therapist Montreal","article_modified_time":"2026-04-24T18:18:44+00:00","og_image":[{"width":816,"height":683,"url":"https:\/\/respiart.ca\/wp-content\/uploads\/2023\/08\/White11snip_1024x1024_2x_94fc0b00-3c3d-4f0f-bd46-26f2723bb9ae.jpg","type":"image\/jpeg"}],"twitter_card":"summary_large_image","twitter_misc":{"Estimation du temps de lecture":"1 minute"},"schema":{"@context":"https:\/\/schema.org","@graph":[{"@type":"WebPage","@id":"https:\/\/respiart.ca\/shop\/photons-100-pro-smart-solar-charger\/","url":"https:\/\/respiart.ca\/shop\/photons-100-pro-smart-solar-charger\/","name":"Chargeur solaire SMART PHOTONS 100 Pro | Repiart - Inhaloth\u00e9rapeute Montr\u00e9al","isPartOf":{"@id":"https:\/\/respiart.ca\/ar\/#website"},"primaryImageOfPage":{"@id":"https:\/\/respiart.ca\/shop\/photons-100-pro-smart-solar-charger\/#primaryimage"},"image":{"@id":"https:\/\/respiart.ca\/shop\/photons-100-pro-smart-solar-charger\/#primaryimage"},"thumbnailUrl":"https:\/\/respiart.ca\/wp-content\/uploads\/2023\/08\/White11snip_1024x1024_2x_94fc0b00-3c3d-4f0f-bd46-26f2723bb9ae.jpg","datePublished":"2023-08-21T18:44:52+00:00","dateModified":"2026-04-24T18:18:44+00:00","description":"Pr\u00e9sentation du chargeur solaire Zopec Photons 100 Pro, universellement compatible avec toutes les batteries Zopec EXPLORE et Zopec VOYAGE. B\u00e9n\u00e9ficiant d&#039;une charge solaire rapide de 100 W CC, il est dot\u00e9 d&#039;une technologie avanc\u00e9e d&#039;absorption de la lumi\u00e8re pour minimiser la r\u00e9flexion et am\u00e9liorer l&#039;absorption de la lumi\u00e8re gr\u00e2ce au 40%. Avec une efficacit\u00e9 de conversion 23% exceptionnelle, ce poids l\u00e9ger de 9,0 lb. Le chargeur se plie de mani\u00e8re compacte aux dimensions de 24&quot; x 21&quot; x 1,0&quot; lorsqu&#039;il est ferm\u00e9 et de 48&quot; x 21&quot; x 0,5&quot; lorsqu&#039;il est ouvert. Construit pour r\u00e9sister aux \u00e9l\u00e9ments, il d\u00e9tient un indice d&#039;\u00e9tanch\u00e9it\u00e9 IP67 et anti-poussi\u00e8re. \u00c9quip\u00e9 d&#039;un port USB SMART PD60W Sortie C et une sortie USB Qualcomm Quick Charge 3.0, il charge efficacement les t\u00e9l\u00e9phones et les ordinateurs portables. Portable avec b\u00e9quilles, le forfait comprend le chargeur solaire et un c\u00e2ble de type C - C, b\u00e9n\u00e9ficiant d&#039;une garantie d&#039;un an pour une qualit\u00e9 et une fiabilit\u00e9 optimales.","breadcrumb":{"@id":"https:\/\/respiart.ca\/shop\/photons-100-pro-smart-solar-charger\/#breadcrumb"},"inLanguage":"fr-CA","potentialAction":[{"@type":"ReadAction","target":["https:\/\/respiart.ca\/shop\/photons-100-pro-smart-solar-charger\/"]}]},{"@type":"ImageObject","inLanguage":"fr-CA","@id":"https:\/\/respiart.ca\/shop\/photons-100-pro-smart-solar-charger\/#primaryimage","url":"https:\/\/respiart.ca\/wp-content\/uploads\/2023\/08\/White11snip_1024x1024_2x_94fc0b00-3c3d-4f0f-bd46-26f2723bb9ae.jpg","contentUrl":"https:\/\/respiart.ca\/wp-content\/uploads\/2023\/08\/White11snip_1024x1024_2x_94fc0b00-3c3d-4f0f-bd46-26f2723bb9ae.jpg","width":816,"height":683},{"@type":"BreadcrumbList","@id":"https:\/\/respiart.ca\/shop\/photons-100-pro-smart-solar-charger\/#breadcrumb","itemListElement":[{"@type":"ListItem","position":1,"name":"Home","item":"https:\/\/respiart.ca\/"},{"@type":"ListItem","position":2,"name":"Shop CPAP","item":"https:\/\/respiart.ca\/shop-cpap\/"},{"@type":"ListItem","position":3,"name":"PHOTONS 100 Pro SMART Solar Charger"}]},{"@type":"WebSite","@id":"https:\/\/respiart.ca\/ar\/#website","url":"https:\/\/respiart.ca\/ar\/","name":"RespiArt - Apn\u00e9e du sommeil et CPAP","description":"CPAP et tests pour l&#039;apn\u00e9e du sommeil, l&#039;asthme, l&#039;oxym\u00e9trie","publisher":{"@id":"https:\/\/respiart.ca\/ar\/#organization"},"potentialAction":[{"@type":"SearchAction","target":{"@type":"EntryPoint","urlTemplate":"https:\/\/respiart.ca\/ar\/?s={search_term_string}"},"query-input":{"@type":"PropertyValueSpecification","valueRequired":true,"valueName":"search_term_string"}}],"inLanguage":"fr-CA"},{"@type":"Organization","@id":"https:\/\/respiart.ca\/ar\/#organization","name":"RespiArt - Apn\u00e9e du sommeil et CPAP","url":"https:\/\/respiart.ca\/ar\/","logo":{"@type":"ImageObject","inLanguage":"fr-CA","@id":"https:\/\/respiart.ca\/ar\/#\/schema\/logo\/image\/","url":"https:\/\/respiart.ca\/wp-content\/uploads\/2022\/05\/Respiart-logo-1-e1651540192142.png","contentUrl":"https:\/\/respiart.ca\/wp-content\/uploads\/2022\/05\/Respiart-logo-1-e1651540192142.png","width":237,"height":61,"caption":"RespiArt - Sleep apnea & CPAPs"},"image":{"@id":"https:\/\/respiart.ca\/ar\/#\/schema\/logo\/image\/"}}]}},"_links":{"self":[{"href":"https:\/\/respiart.ca\/fr\/wp-json\/wp\/v2\/product\/4566","targetHints":{"allow":["GET"]}}],"collection":[{"href":"https:\/\/respiart.ca\/fr\/wp-json\/wp\/v2\/product"}],"about":[{"href":"https:\/\/respiart.ca\/fr\/wp-json\/wp\/v2\/types\/product"}],"replies":[{"embeddable":true,"href":"https:\/\/respiart.ca\/fr\/wp-json\/wp\/v2\/comments?post=4566"}],"wp:featuredmedia":[{"embeddable":true,"href":"https:\/\/respiart.ca\/fr\/wp-json\/wp\/v2\/media\/4567"}],"wp:attachment":[{"href":"https:\/\/respiart.ca\/fr\/wp-json\/wp\/v2\/media?parent=4566"}],"wp:term":[{"taxonomy":"product_brand","embeddable":true,"href":"https:\/\/respiart.ca\/fr\/wp-json\/wp\/v2\/product_brand?post=4566"},{"taxonomy":"product_cat","embeddable":true,"href":"https:\/\/respiart.ca\/fr\/wp-json\/wp\/v2\/product_cat?post=4566"},{"taxonomy":"product_tag","embeddable":true,"href":"https:\/\/respiart.ca\/fr\/wp-json\/wp\/v2\/product_tag?post=4566"}],"curies":[{"name":"wp","href":"https:\/\/api.w.org\/{rel}","templated":true}]}}