{"id":4653,"date":"2024-03-12T20:18:39","date_gmt":"2024-03-12T20:18:39","guid":{"rendered":"http:\/\/f4i.0cc.mytemp.website\/?post_type=product&#038;p=4653"},"modified":"2026-04-23T15:36:40","modified_gmt":"2026-04-23T15:36:40","slug":"lowenstein-cpap-apap-prisma-intelligent-2","status":"publish","type":"product","link":"https:\/\/respiart.ca\/fr\/shop\/lowenstein-cpap-apap-prisma-smart\/","title":{"rendered":"Lowenstein CPAP\/APAP Prisma SMART"},"content":{"rendered":"<div class=\"flex flex-grow flex-col max-w-full\">\n<div class=\"min-h-[20px] text-message flex flex-col items-start gap-3 whitespace-pre-wrap break-words [.text-message+&amp;]:mt-5 overflow-x-auto\" data-message-author-role=\"assistant\" data-message-id=\"32e24b80-1f6f-4b0c-909d-68d9202fe687\">\n<div class=\"markdown prose w-full break-words dark:prose-invert dark\">\n<div class=\"flex flex-grow flex-col max-w-full\">\n<div class=\"min-h-[20px] text-message flex flex-col items-start gap-3 whitespace-pre-wrap break-words [.text-message+&amp;]:mt-5 overflow-x-auto\" data-message-author-role=\"assistant\" data-message-id=\"59ff0ed4-ebcb-482d-9ccf-dd2983125de7\">\n<div class=\"markdown prose w-full break-words dark:prose-invert dark\">\n<p>L\u00f6wenstein Medical&#8217;s Prisma SMART sets a new benchmark in the <a href=\"https:\/\/respiart.ca\/product-category\/cpap-bipap-machines\/auto-cpap-apap-machines\/\">auto-CPAP market<\/a>, boasting innovative features like selectable classic or dynamic pressure adjustments for a customized therapy experience. Equipped with user-friendly controls and a readable display, it comes standard with a pollen filter and compatibility with the prismaAQUA humidifier<\/p>\n<p>&nbsp;<\/p>\n<p><a href=\"http:\/\/respiart.ca\/rent-form\/\"><img decoding=\"async\" class=\"alignnone wp-image-4156 size-thumbnail\" src=\"http:\/\/respiart.ca\/wp-content\/uploads\/2022\/10\/button-150x50.png\" alt=\"\" width=\"150\" height=\"50\" srcset=\"https:\/\/respiart.ca\/wp-content\/uploads\/2022\/10\/button-18x5.png 18w, https:\/\/respiart.ca\/wp-content\/uploads\/2022\/10\/button-150x50.png 150w, https:\/\/respiart.ca\/wp-content\/uploads\/2022\/10\/button.png 166w\" sizes=\"(max-width: 150px) 100vw, 150px\" \/><\/a><\/p>\n<p>&nbsp;<\/p>\n<\/div>\n<\/div>\n<\/div>\n<\/div>\n<\/div>\n<\/div>\n","protected":false},"excerpt":{"rendered":"<p>Le Prisma SMART par <a href=\"https:\/\/respiart.ca\/fr\/categorie-produit\/marques\/lowenstein\/\">L\u00f6wenstein Medical<\/a> Ce syst\u00e8me CPAP automatique avanc\u00e9 propose des options de r\u00e9gulation de pression classiques et dynamiques pour une th\u00e9rapie respiratoire personnalis\u00e9e. Fabriqu\u00e9 en Allemagne, cet appareil offre une navigation simple et un \u00e9cran clair. Il est \u00e9quip\u00e9 d&#039;un filtre \u00e0 pollen et peut \u00eatre associ\u00e9 \u00e0 l&#039;humidificateur prismaAQUA.<\/p>\n<p>&nbsp;<\/p>\n<p><a href=\"http:\/\/respiart.ca\/fr\/formulaire-de-location\/\"><img decoding=\"async\" class=\"alignnone wp-image-4156 size-thumbnail\" src=\"http:\/\/respiart.ca\/wp-content\/uploads\/2022\/10\/button-150x50.png\" alt=\"\" width=\"150\" height=\"50\" srcset=\"https:\/\/respiart.ca\/wp-content\/uploads\/2022\/10\/button-18x5.png 18w, https:\/\/respiart.ca\/wp-content\/uploads\/2022\/10\/button-150x50.png 150w, https:\/\/respiart.ca\/wp-content\/uploads\/2022\/10\/button.png 166w\" sizes=\"(max-width: 150px) 100vw, 150px\" \/><\/a><\/p>\n<p>&nbsp;<\/p>","protected":false},"featured_media":4654,"comment_status":"open","ping_status":"closed","template":"","meta":[],"product_brand":[],"product_cat":[101,96,116],"product_tag":[],"class_list":{"0":"post-4653","1":"product","2":"type-product","3":"status-publish","4":"has-post-thumbnail","6":"product_cat-auto-cpap-apap-machines","7":"product_cat-cpap-bipap-machines","8":"product_cat-lowenstein","10":"first","11":"instock","12":"taxable","13":"shipping-taxable","14":"purchasable","15":"product-type-simple"},"yoast_head":"<!-- This site is optimized with the Yoast SEO plugin v27.4 - https:\/\/yoast.com\/product\/yoast-seo-wordpress\/ -->\n<title>Lowenstein CPAP\/APAP Prisma SMART | Respiart - Respiratory therapist Montreal<\/title>\n<meta name=\"description\" content=\"The Prisma SMART by L\u00f6wenstein Medical introduces an advanced auto-CPAP system with both classic and dynamic pressure regulation options for tailored respiratory therapy. This German-made device, featuring simple navigation and a clear display, includes a pollen filter and can be paired with the prismaAQUA humidifier.  &nbsp;    &nbsp;\" \/>\n<meta name=\"robots\" content=\"index, follow, max-snippet:-1, max-image-preview:large, max-video-preview:-1\" \/>\n<link rel=\"canonical\" href=\"https:\/\/respiart.ca\/fr\/magasin\/lowenstein-cpap-apap-prisma-intelligent-2\/\" \/>\n<meta property=\"og:locale\" content=\"fr_CA\" \/>\n<meta property=\"og:type\" content=\"article\" \/>\n<meta property=\"og:title\" content=\"Lowenstein CPAP\/APAP Prisma SMART | Respiart - Respiratory therapist Montreal\" \/>\n<meta property=\"og:description\" content=\"The Prisma SMART by L\u00f6wenstein Medical introduces an advanced auto-CPAP system with both classic and dynamic pressure regulation options for tailored respiratory therapy. This German-made device, featuring simple navigation and a clear display, includes a pollen filter and can be paired with the prismaAQUA humidifier.  &nbsp;    &nbsp;\" \/>\n<meta property=\"og:url\" content=\"https:\/\/respiart.ca\/fr\/magasin\/lowenstein-cpap-apap-prisma-intelligent-2\/\" \/>\n<meta property=\"og:site_name\" content=\"Respiart - Respiratory therapist Montreal\" \/>\n<meta property=\"article:modified_time\" content=\"2026-04-23T15:36:40+00:00\" \/>\n<meta property=\"og:image\" content=\"https:\/\/respiart.ca\/wp-content\/uploads\/2024\/03\/lowenstein-cpap.jpg\" \/>\n\t<meta property=\"og:image:width\" content=\"737\" \/>\n\t<meta property=\"og:image:height\" content=\"645\" \/>\n\t<meta property=\"og:image:type\" content=\"image\/jpeg\" \/>\n<meta name=\"twitter:card\" content=\"summary_large_image\" \/>\n<meta name=\"twitter:label1\" content=\"Estimation du temps de lecture\" \/>\n\t<meta name=\"twitter:data1\" content=\"1 minute\" \/>\n<script type=\"application\/ld+json\" class=\"yoast-schema-graph\">{\"@context\":\"https:\\\/\\\/schema.org\",\"@graph\":[{\"@type\":\"WebPage\",\"@id\":\"https:\\\/\\\/respiart.ca\\\/shop\\\/lowenstein-cpap-apap-prisma-smart\\\/\",\"url\":\"https:\\\/\\\/respiart.ca\\\/shop\\\/lowenstein-cpap-apap-prisma-smart\\\/\",\"name\":\"Lowenstein CPAP\\\/APAP Prisma SMART | Respiart - Respiratory therapist Montreal\",\"isPartOf\":{\"@id\":\"https:\\\/\\\/respiart.ca\\\/ar\\\/#website\"},\"primaryImageOfPage\":{\"@id\":\"https:\\\/\\\/respiart.ca\\\/shop\\\/lowenstein-cpap-apap-prisma-smart\\\/#primaryimage\"},\"image\":{\"@id\":\"https:\\\/\\\/respiart.ca\\\/shop\\\/lowenstein-cpap-apap-prisma-smart\\\/#primaryimage\"},\"thumbnailUrl\":\"https:\\\/\\\/respiart.ca\\\/wp-content\\\/uploads\\\/2024\\\/03\\\/lowenstein-cpap.jpg\",\"datePublished\":\"2024-03-12T20:18:39+00:00\",\"dateModified\":\"2026-04-23T15:36:40+00:00\",\"description\":\"The Prisma SMART by L\u00f6wenstein Medical introduces an advanced auto-CPAP system with both classic and dynamic pressure regulation options for tailored respiratory therapy. This German-made device, featuring simple navigation and a clear display, includes a pollen filter and can be paired with the prismaAQUA humidifier. &nbsp; &nbsp;\",\"breadcrumb\":{\"@id\":\"https:\\\/\\\/respiart.ca\\\/shop\\\/lowenstein-cpap-apap-prisma-smart\\\/#breadcrumb\"},\"inLanguage\":\"fr-CA\",\"potentialAction\":[{\"@type\":\"ReadAction\",\"target\":[\"https:\\\/\\\/respiart.ca\\\/shop\\\/lowenstein-cpap-apap-prisma-smart\\\/\"]}]},{\"@type\":\"ImageObject\",\"inLanguage\":\"fr-CA\",\"@id\":\"https:\\\/\\\/respiart.ca\\\/shop\\\/lowenstein-cpap-apap-prisma-smart\\\/#primaryimage\",\"url\":\"https:\\\/\\\/respiart.ca\\\/wp-content\\\/uploads\\\/2024\\\/03\\\/lowenstein-cpap.jpg\",\"contentUrl\":\"https:\\\/\\\/respiart.ca\\\/wp-content\\\/uploads\\\/2024\\\/03\\\/lowenstein-cpap.jpg\",\"width\":737,\"height\":645},{\"@type\":\"BreadcrumbList\",\"@id\":\"https:\\\/\\\/respiart.ca\\\/shop\\\/lowenstein-cpap-apap-prisma-smart\\\/#breadcrumb\",\"itemListElement\":[{\"@type\":\"ListItem\",\"position\":1,\"name\":\"Home\",\"item\":\"https:\\\/\\\/respiart.ca\\\/\"},{\"@type\":\"ListItem\",\"position\":2,\"name\":\"Shop CPAP\",\"item\":\"https:\\\/\\\/respiart.ca\\\/shop-cpap\\\/\"},{\"@type\":\"ListItem\",\"position\":3,\"name\":\"Lowenstein CPAP\\\/APAP Prisma SMART\"}]},{\"@type\":\"WebSite\",\"@id\":\"https:\\\/\\\/respiart.ca\\\/ar\\\/#website\",\"url\":\"https:\\\/\\\/respiart.ca\\\/ar\\\/\",\"name\":\"RespiArt - Sleep apnea & CPAPs\",\"description\":\"CPAPs and tests for sleep apnea, asthma, oximetry\",\"publisher\":{\"@id\":\"https:\\\/\\\/respiart.ca\\\/ar\\\/#organization\"},\"potentialAction\":[{\"@type\":\"SearchAction\",\"target\":{\"@type\":\"EntryPoint\",\"urlTemplate\":\"https:\\\/\\\/respiart.ca\\\/ar\\\/?s={search_term_string}\"},\"query-input\":{\"@type\":\"PropertyValueSpecification\",\"valueRequired\":true,\"valueName\":\"search_term_string\"}}],\"inLanguage\":\"fr-CA\"},{\"@type\":\"Organization\",\"@id\":\"https:\\\/\\\/respiart.ca\\\/ar\\\/#organization\",\"name\":\"RespiArt - Sleep apnea & CPAPs\",\"url\":\"https:\\\/\\\/respiart.ca\\\/ar\\\/\",\"logo\":{\"@type\":\"ImageObject\",\"inLanguage\":\"fr-CA\",\"@id\":\"https:\\\/\\\/respiart.ca\\\/ar\\\/#\\\/schema\\\/logo\\\/image\\\/\",\"url\":\"https:\\\/\\\/respiart.ca\\\/wp-content\\\/uploads\\\/2022\\\/05\\\/Respiart-logo-1-e1651540192142.png\",\"contentUrl\":\"https:\\\/\\\/respiart.ca\\\/wp-content\\\/uploads\\\/2022\\\/05\\\/Respiart-logo-1-e1651540192142.png\",\"width\":237,\"height\":61,\"caption\":\"RespiArt - Sleep apnea & CPAPs\"},\"image\":{\"@id\":\"https:\\\/\\\/respiart.ca\\\/ar\\\/#\\\/schema\\\/logo\\\/image\\\/\"}}]}<\/script>\n<!-- \/ Yoast SEO plugin. -->","yoast_head_json":{"title":"Lowenstein CPAP\/APAP Prisma SMART | Repiart - Inhaloth\u00e9rapeute Montr\u00e9al","description":"Le Prisma SMART de L\u00f6wenstein Medical pr\u00e9sente un syst\u00e8me auto-CPAP avanc\u00e9 avec des options de r\u00e9gulation de pression classique et dynamique pour une th\u00e9rapie respiratoire sur mesure. Cet appareil de fabrication allemande, dot\u00e9 d&#039;une navigation simple et d&#039;un affichage clair, comprend un filtre \u00e0 pollen et peut \u00eatre associ\u00e9 \u00e0 l&#039;humidificateur prismaAQUA.  &nbsp;    &nbsp;","robots":{"index":"index","follow":"follow","max-snippet":"max-snippet:-1","max-image-preview":"max-image-preview:large","max-video-preview":"max-video-preview:-1"},"canonical":"https:\/\/respiart.ca\/fr\/magasin\/lowenstein-cpap-apap-prisma-intelligent-2\/","og_locale":"fr_CA","og_type":"article","og_title":"Lowenstein CPAP\/APAP Prisma SMART | Respiart - Respiratory therapist Montreal","og_description":"The Prisma SMART by L\u00f6wenstein Medical introduces an advanced auto-CPAP system with both classic and dynamic pressure regulation options for tailored respiratory therapy. This German-made device, featuring simple navigation and a clear display, includes a pollen filter and can be paired with the prismaAQUA humidifier.  &nbsp;    &nbsp;","og_url":"https:\/\/respiart.ca\/fr\/magasin\/lowenstein-cpap-apap-prisma-intelligent-2\/","og_site_name":"Respiart - Respiratory therapist Montreal","article_modified_time":"2026-04-23T15:36:40+00:00","og_image":[{"width":737,"height":645,"url":"https:\/\/respiart.ca\/wp-content\/uploads\/2024\/03\/lowenstein-cpap.jpg","type":"image\/jpeg"}],"twitter_card":"summary_large_image","twitter_misc":{"Estimation du temps de lecture":"1 minute"},"schema":{"@context":"https:\/\/schema.org","@graph":[{"@type":"WebPage","@id":"https:\/\/respiart.ca\/shop\/lowenstein-cpap-apap-prisma-smart\/","url":"https:\/\/respiart.ca\/shop\/lowenstein-cpap-apap-prisma-smart\/","name":"Lowenstein CPAP\/APAP Prisma SMART | Repiart - Inhaloth\u00e9rapeute Montr\u00e9al","isPartOf":{"@id":"https:\/\/respiart.ca\/ar\/#website"},"primaryImageOfPage":{"@id":"https:\/\/respiart.ca\/shop\/lowenstein-cpap-apap-prisma-smart\/#primaryimage"},"image":{"@id":"https:\/\/respiart.ca\/shop\/lowenstein-cpap-apap-prisma-smart\/#primaryimage"},"thumbnailUrl":"https:\/\/respiart.ca\/wp-content\/uploads\/2024\/03\/lowenstein-cpap.jpg","datePublished":"2024-03-12T20:18:39+00:00","dateModified":"2026-04-23T15:36:40+00:00","description":"Le Prisma SMART de L\u00f6wenstein Medical pr\u00e9sente un syst\u00e8me auto-CPAP avanc\u00e9 avec des options de r\u00e9gulation de pression classique et dynamique pour une th\u00e9rapie respiratoire sur mesure. Cet appareil de fabrication allemande, dot\u00e9 d&#039;une navigation simple et d&#039;un affichage clair, comprend un filtre \u00e0 pollen et peut \u00eatre associ\u00e9 \u00e0 l&#039;humidificateur prismaAQUA. &nbsp; &nbsp;","breadcrumb":{"@id":"https:\/\/respiart.ca\/shop\/lowenstein-cpap-apap-prisma-smart\/#breadcrumb"},"inLanguage":"fr-CA","potentialAction":[{"@type":"ReadAction","target":["https:\/\/respiart.ca\/shop\/lowenstein-cpap-apap-prisma-smart\/"]}]},{"@type":"ImageObject","inLanguage":"fr-CA","@id":"https:\/\/respiart.ca\/shop\/lowenstein-cpap-apap-prisma-smart\/#primaryimage","url":"https:\/\/respiart.ca\/wp-content\/uploads\/2024\/03\/lowenstein-cpap.jpg","contentUrl":"https:\/\/respiart.ca\/wp-content\/uploads\/2024\/03\/lowenstein-cpap.jpg","width":737,"height":645},{"@type":"BreadcrumbList","@id":"https:\/\/respiart.ca\/shop\/lowenstein-cpap-apap-prisma-smart\/#breadcrumb","itemListElement":[{"@type":"ListItem","position":1,"name":"Home","item":"https:\/\/respiart.ca\/"},{"@type":"ListItem","position":2,"name":"Shop CPAP","item":"https:\/\/respiart.ca\/shop-cpap\/"},{"@type":"ListItem","position":3,"name":"Lowenstein CPAP\/APAP Prisma SMART"}]},{"@type":"WebSite","@id":"https:\/\/respiart.ca\/ar\/#website","url":"https:\/\/respiart.ca\/ar\/","name":"RespiArt - Apn\u00e9e du sommeil et CPAP","description":"CPAP et tests pour l&#039;apn\u00e9e du sommeil, l&#039;asthme, l&#039;oxym\u00e9trie","publisher":{"@id":"https:\/\/respiart.ca\/ar\/#organization"},"potentialAction":[{"@type":"SearchAction","target":{"@type":"EntryPoint","urlTemplate":"https:\/\/respiart.ca\/ar\/?s={search_term_string}"},"query-input":{"@type":"PropertyValueSpecification","valueRequired":true,"valueName":"search_term_string"}}],"inLanguage":"fr-CA"},{"@type":"Organization","@id":"https:\/\/respiart.ca\/ar\/#organization","name":"RespiArt - Apn\u00e9e du sommeil et CPAP","url":"https:\/\/respiart.ca\/ar\/","logo":{"@type":"ImageObject","inLanguage":"fr-CA","@id":"https:\/\/respiart.ca\/ar\/#\/schema\/logo\/image\/","url":"https:\/\/respiart.ca\/wp-content\/uploads\/2022\/05\/Respiart-logo-1-e1651540192142.png","contentUrl":"https:\/\/respiart.ca\/wp-content\/uploads\/2022\/05\/Respiart-logo-1-e1651540192142.png","width":237,"height":61,"caption":"RespiArt - Sleep apnea & CPAPs"},"image":{"@id":"https:\/\/respiart.ca\/ar\/#\/schema\/logo\/image\/"}}]}},"_links":{"self":[{"href":"https:\/\/respiart.ca\/fr\/wp-json\/wp\/v2\/product\/4653","targetHints":{"allow":["GET"]}}],"collection":[{"href":"https:\/\/respiart.ca\/fr\/wp-json\/wp\/v2\/product"}],"about":[{"href":"https:\/\/respiart.ca\/fr\/wp-json\/wp\/v2\/types\/product"}],"replies":[{"embeddable":true,"href":"https:\/\/respiart.ca\/fr\/wp-json\/wp\/v2\/comments?post=4653"}],"wp:featuredmedia":[{"embeddable":true,"href":"https:\/\/respiart.ca\/fr\/wp-json\/wp\/v2\/media\/4654"}],"wp:attachment":[{"href":"https:\/\/respiart.ca\/fr\/wp-json\/wp\/v2\/media?parent=4653"}],"wp:term":[{"taxonomy":"product_brand","embeddable":true,"href":"https:\/\/respiart.ca\/fr\/wp-json\/wp\/v2\/product_brand?post=4653"},{"taxonomy":"product_cat","embeddable":true,"href":"https:\/\/respiart.ca\/fr\/wp-json\/wp\/v2\/product_cat?post=4653"},{"taxonomy":"product_tag","embeddable":true,"href":"https:\/\/respiart.ca\/fr\/wp-json\/wp\/v2\/product_tag?post=4653"}],"curies":[{"name":"wp","href":"https:\/\/api.w.org\/{rel}","templated":true}]}}