{"id":4661,"date":"2024-03-19T19:51:43","date_gmt":"2024-03-19T19:51:43","guid":{"rendered":"http:\/\/f4i.0cc.mytemp.website\/?post_type=product&#038;p=4661"},"modified":"2026-04-10T17:03:21","modified_gmt":"2026-04-10T17:03:21","slug":"eson-2","status":"publish","type":"product","link":"https:\/\/respiart.ca\/fr\/shop\/eson-2\/","title":{"rendered":"Eson\u21222"},"content":{"rendered":"<div class=\"flex flex-grow flex-col max-w-full\">\n<div class=\"min-h-[20px] text-message flex flex-col items-start gap-3 whitespace-pre-wrap break-words [.text-message+&amp;]:mt-5 overflow-x-auto\" data-message-author-role=\"assistant\" data-message-id=\"c0cea7a0-6570-4357-ac42-426e67b9d4c4\">\n<div class=\"markdown prose w-full break-words dark:prose-invert dark\">\n<p><strong>F&amp;P Eson\u2122 2: Achieve Confidence Effortlessly<\/strong><\/p>\n<p>The F&amp;P Eson\u2122 2 is meticulously engineered to cater to both patients and sleep therapy professionals throughout the critical phases of CPAP therapy. This innovative mask is the epitome of performance, comfort, and convenience, marking significant milestones in the CPAP therapy experience.<\/p>\n<p><strong>Uncomplicated Usability with Eson\u2122 2<\/strong><\/p>\n<p>Aiming to elevate a mask that&#8217;s already known for its superior performance and comfort, our development team honed in on attributes that amplify user-friendliness. A prime example is the Intuitive Headgear, which offers flexible fitting options for users. This includes an innovative stretch-over-the-head feature for easy adjustment.<\/p>\n<p><strong>Enhanced with VisiBlue\u2122 for Intuitive Operation<\/strong><\/p>\n<p>The F&amp;P Eson 2 is distinguished by its VisiBlue\u2122 highlights, strategic features that offer visual guidance for a more straightforward, rapid, and intuitive handling process. These cues significantly simplify the education process for patients, making mask fitting, disassembly, and reassembly more efficient.<\/p>\n<p><strong>Reliable Support at Every Step<\/strong><\/p>\n<p>Understanding the importance of comprehensive support, the F&amp;P myMask\u2122 App is a dedicated resource for patients navigating mask setup. Designed to aid in the effective fitting, adjustment, and maintenance of F&amp;P CPAP masks, the myMask App is an invaluable tool in managing obstructive sleep apnea with ease and precision.<\/p>\n<\/div>\n<\/div>\n<\/div>\n","protected":false},"excerpt":{"rendered":"<div class=\"flex flex-grow flex-col max-w-full\">\n<div class=\"min-h-[20px] text-message flex flex-col items-start gap-3 whitespace-pre-wrap break-words [.text-message+&amp;]:mt-5 overflow-x-auto\" data-message-author-role=\"assistant\" data-message-id=\"48ba53f3-8dd8-4a76-ae08-ba392a39d4c1\">\n<div class=\"markdown prose w-full break-words dark:prose-invert dark\">\n<p>The F&amp;P Eson\u2122 2 is a cutting-edge CPAP mask designed for ultimate comfort, performance, and ease of use. It features intuitive headgear options for a perfect fit, VisiBlue\u2122 highlights for easy handling, and the supportive F&amp;P myMask\u2122 App to assist in mask setup, fine-tuning, and maintenance, making it an ideal choice for both patients and professionals in managing obstructive sleep apnea.<\/p>\n<\/div>\n<\/div>\n<\/div>\n","protected":false},"featured_media":4662,"comment_status":"open","ping_status":"closed","template":"","meta":[],"product_brand":[],"product_cat":[99],"product_tag":[],"class_list":{"0":"post-4661","1":"product","2":"type-product","3":"status-publish","4":"has-post-thumbnail","6":"product_cat-nasal-cpap-mask","8":"first","9":"instock","10":"taxable","11":"shipping-taxable","12":"purchasable","13":"product-type-simple"},"yoast_head":"<!-- This site is optimized with the Yoast SEO plugin v27.4 - https:\/\/yoast.com\/product\/yoast-seo-wordpress\/ -->\n<title>Eson\u2122 2 | Respiart - Respiratory therapist Montreal<\/title>\n<meta name=\"description\" content=\"The F&amp;P Eson\u2122 2 is a cutting-edge CPAP mask designed for ultimate comfort, performance, and ease of use. It features intuitive headgear options for a perfect fit, VisiBlue\u2122 highlights for easy handling, and the supportive F&amp;P myMask\u2122 App to assist in mask setup, fine-tuning, and maintenance, making it an ideal choice for both patients and professionals in managing obstructive sleep apnea.\" \/>\n<meta name=\"robots\" content=\"index, follow, max-snippet:-1, max-image-preview:large, max-video-preview:-1\" \/>\n<link rel=\"canonical\" href=\"https:\/\/respiart.ca\/fr\/magasin\/eson-2\/\" \/>\n<meta property=\"og:locale\" content=\"fr_CA\" \/>\n<meta property=\"og:type\" content=\"article\" \/>\n<meta property=\"og:title\" content=\"Eson\u2122 2 | Respiart - Respiratory therapist Montreal\" \/>\n<meta property=\"og:description\" content=\"The F&amp;P Eson\u2122 2 is a cutting-edge CPAP mask designed for ultimate comfort, performance, and ease of use. It features intuitive headgear options for a perfect fit, VisiBlue\u2122 highlights for easy handling, and the supportive F&amp;P myMask\u2122 App to assist in mask setup, fine-tuning, and maintenance, making it an ideal choice for both patients and professionals in managing obstructive sleep apnea.\" \/>\n<meta property=\"og:url\" content=\"https:\/\/respiart.ca\/fr\/magasin\/eson-2\/\" \/>\n<meta property=\"og:site_name\" content=\"Respiart - Respiratory therapist Montreal\" \/>\n<meta property=\"article:modified_time\" content=\"2026-04-10T17:03:21+00:00\" \/>\n<meta property=\"og:image\" content=\"https:\/\/respiart.ca\/wp-content\/uploads\/2024\/03\/Eson-2-scaled-1.jpg\" \/>\n\t<meta property=\"og:image:width\" content=\"2560\" \/>\n\t<meta property=\"og:image:height\" content=\"1774\" \/>\n\t<meta property=\"og:image:type\" content=\"image\/jpeg\" \/>\n<meta name=\"twitter:card\" content=\"summary_large_image\" \/>\n<meta name=\"twitter:label1\" content=\"Estimation du temps de lecture\" \/>\n\t<meta name=\"twitter:data1\" content=\"2 minutes\" \/>\n<script type=\"application\/ld+json\" class=\"yoast-schema-graph\">{\"@context\":\"https:\\\/\\\/schema.org\",\"@graph\":[{\"@type\":\"WebPage\",\"@id\":\"https:\\\/\\\/respiart.ca\\\/shop\\\/eson-2\\\/\",\"url\":\"https:\\\/\\\/respiart.ca\\\/shop\\\/eson-2\\\/\",\"name\":\"Eson\u2122 2 | Respiart - Respiratory therapist Montreal\",\"isPartOf\":{\"@id\":\"https:\\\/\\\/respiart.ca\\\/ar\\\/#website\"},\"primaryImageOfPage\":{\"@id\":\"https:\\\/\\\/respiart.ca\\\/shop\\\/eson-2\\\/#primaryimage\"},\"image\":{\"@id\":\"https:\\\/\\\/respiart.ca\\\/shop\\\/eson-2\\\/#primaryimage\"},\"thumbnailUrl\":\"https:\\\/\\\/respiart.ca\\\/wp-content\\\/uploads\\\/2024\\\/03\\\/Eson-2-scaled-1.jpg\",\"datePublished\":\"2024-03-19T19:51:43+00:00\",\"dateModified\":\"2026-04-10T17:03:21+00:00\",\"description\":\"The F&amp;P Eson\u2122 2 is a cutting-edge CPAP mask designed for ultimate comfort, performance, and ease of use. It features intuitive headgear options for a perfect fit, VisiBlue\u2122 highlights for easy handling, and the supportive F&amp;P myMask\u2122 App to assist in mask setup, fine-tuning, and maintenance, making it an ideal choice for both patients and professionals in managing obstructive sleep apnea.\",\"breadcrumb\":{\"@id\":\"https:\\\/\\\/respiart.ca\\\/shop\\\/eson-2\\\/#breadcrumb\"},\"inLanguage\":\"fr-CA\",\"potentialAction\":[{\"@type\":\"ReadAction\",\"target\":[\"https:\\\/\\\/respiart.ca\\\/shop\\\/eson-2\\\/\"]}]},{\"@type\":\"ImageObject\",\"inLanguage\":\"fr-CA\",\"@id\":\"https:\\\/\\\/respiart.ca\\\/shop\\\/eson-2\\\/#primaryimage\",\"url\":\"https:\\\/\\\/respiart.ca\\\/wp-content\\\/uploads\\\/2024\\\/03\\\/Eson-2-scaled-1.jpg\",\"contentUrl\":\"https:\\\/\\\/respiart.ca\\\/wp-content\\\/uploads\\\/2024\\\/03\\\/Eson-2-scaled-1.jpg\",\"width\":2560,\"height\":1774},{\"@type\":\"BreadcrumbList\",\"@id\":\"https:\\\/\\\/respiart.ca\\\/shop\\\/eson-2\\\/#breadcrumb\",\"itemListElement\":[{\"@type\":\"ListItem\",\"position\":1,\"name\":\"Home\",\"item\":\"https:\\\/\\\/respiart.ca\\\/\"},{\"@type\":\"ListItem\",\"position\":2,\"name\":\"Shop CPAP\",\"item\":\"https:\\\/\\\/respiart.ca\\\/ar\\\/%d9%85%d8%aa%d8%ac%d8%b1-cpap\\\/\"},{\"@type\":\"ListItem\",\"position\":3,\"name\":\"Eson\u2122 2\"}]},{\"@type\":\"WebSite\",\"@id\":\"https:\\\/\\\/respiart.ca\\\/ar\\\/#website\",\"url\":\"https:\\\/\\\/respiart.ca\\\/ar\\\/\",\"name\":\"RespiArt - Sleep apnea & CPAPs\",\"description\":\"CPAPs and tests for sleep apnea, asthma, oximetry\",\"publisher\":{\"@id\":\"https:\\\/\\\/respiart.ca\\\/ar\\\/#organization\"},\"potentialAction\":[{\"@type\":\"SearchAction\",\"target\":{\"@type\":\"EntryPoint\",\"urlTemplate\":\"https:\\\/\\\/respiart.ca\\\/ar\\\/?s={search_term_string}\"},\"query-input\":{\"@type\":\"PropertyValueSpecification\",\"valueRequired\":true,\"valueName\":\"search_term_string\"}}],\"inLanguage\":\"fr-CA\"},{\"@type\":\"Organization\",\"@id\":\"https:\\\/\\\/respiart.ca\\\/ar\\\/#organization\",\"name\":\"RespiArt - Sleep apnea & CPAPs\",\"url\":\"https:\\\/\\\/respiart.ca\\\/ar\\\/\",\"logo\":{\"@type\":\"ImageObject\",\"inLanguage\":\"fr-CA\",\"@id\":\"https:\\\/\\\/respiart.ca\\\/ar\\\/#\\\/schema\\\/logo\\\/image\\\/\",\"url\":\"https:\\\/\\\/respiart.ca\\\/wp-content\\\/uploads\\\/2022\\\/05\\\/Respiart-logo-1-e1651540192142.png\",\"contentUrl\":\"https:\\\/\\\/respiart.ca\\\/wp-content\\\/uploads\\\/2022\\\/05\\\/Respiart-logo-1-e1651540192142.png\",\"width\":237,\"height\":61,\"caption\":\"RespiArt - Sleep apnea & CPAPs\"},\"image\":{\"@id\":\"https:\\\/\\\/respiart.ca\\\/ar\\\/#\\\/schema\\\/logo\\\/image\\\/\"}}]}<\/script>\n<!-- \/ Yoast SEO plugin. -->","yoast_head_json":{"title":"Eson\u21222 | Repiart - Inhaloth\u00e9rapeute Montr\u00e9al","description":"Le F&amp;P Eson\u2122 2 est un masque CPAP de pointe con\u00e7u pour un confort, des performances et une facilit\u00e9 d&#039;utilisation ultimes. Il propose des options de harnais intuitives pour un ajustement parfait, des points forts VisiBlue\u2122 pour une manipulation facile et l&#039;application F&amp;P myMask\u2122 pour aider \u00e0 la configuration, au r\u00e9glage et \u00e0 l&#039;entretien du masque, ce qui en fait un choix id\u00e9al pour les patients et les professionnels dans la gestion des obstructions. apn\u00e9e du sommeil.","robots":{"index":"index","follow":"follow","max-snippet":"max-snippet:-1","max-image-preview":"max-image-preview:large","max-video-preview":"max-video-preview:-1"},"canonical":"https:\/\/respiart.ca\/fr\/magasin\/eson-2\/","og_locale":"fr_CA","og_type":"article","og_title":"Eson\u2122 2 | Respiart - Respiratory therapist Montreal","og_description":"The F&amp;P Eson\u2122 2 is a cutting-edge CPAP mask designed for ultimate comfort, performance, and ease of use. It features intuitive headgear options for a perfect fit, VisiBlue\u2122 highlights for easy handling, and the supportive F&amp;P myMask\u2122 App to assist in mask setup, fine-tuning, and maintenance, making it an ideal choice for both patients and professionals in managing obstructive sleep apnea.","og_url":"https:\/\/respiart.ca\/fr\/magasin\/eson-2\/","og_site_name":"Respiart - Respiratory therapist Montreal","article_modified_time":"2026-04-10T17:03:21+00:00","og_image":[{"width":2560,"height":1774,"url":"https:\/\/respiart.ca\/wp-content\/uploads\/2024\/03\/Eson-2-scaled-1.jpg","type":"image\/jpeg"}],"twitter_card":"summary_large_image","twitter_misc":{"Estimation du temps de lecture":"2 minutes"},"schema":{"@context":"https:\/\/schema.org","@graph":[{"@type":"WebPage","@id":"https:\/\/respiart.ca\/shop\/eson-2\/","url":"https:\/\/respiart.ca\/shop\/eson-2\/","name":"Eson\u21222 | Repiart - Inhaloth\u00e9rapeute Montr\u00e9al","isPartOf":{"@id":"https:\/\/respiart.ca\/ar\/#website"},"primaryImageOfPage":{"@id":"https:\/\/respiart.ca\/shop\/eson-2\/#primaryimage"},"image":{"@id":"https:\/\/respiart.ca\/shop\/eson-2\/#primaryimage"},"thumbnailUrl":"https:\/\/respiart.ca\/wp-content\/uploads\/2024\/03\/Eson-2-scaled-1.jpg","datePublished":"2024-03-19T19:51:43+00:00","dateModified":"2026-04-10T17:03:21+00:00","description":"Le F&amp;P Eson\u2122 2 est un masque CPAP de pointe con\u00e7u pour un confort, des performances et une facilit\u00e9 d&#039;utilisation ultimes. Il propose des options de harnais intuitives pour un ajustement parfait, des points forts VisiBlue\u2122 pour une manipulation facile et l&#039;application F&amp;P myMask\u2122 pour aider \u00e0 la configuration, au r\u00e9glage et \u00e0 l&#039;entretien du masque, ce qui en fait un choix id\u00e9al pour les patients et les professionnels dans la gestion des obstructions. apn\u00e9e du sommeil.","breadcrumb":{"@id":"https:\/\/respiart.ca\/shop\/eson-2\/#breadcrumb"},"inLanguage":"fr-CA","potentialAction":[{"@type":"ReadAction","target":["https:\/\/respiart.ca\/shop\/eson-2\/"]}]},{"@type":"ImageObject","inLanguage":"fr-CA","@id":"https:\/\/respiart.ca\/shop\/eson-2\/#primaryimage","url":"https:\/\/respiart.ca\/wp-content\/uploads\/2024\/03\/Eson-2-scaled-1.jpg","contentUrl":"https:\/\/respiart.ca\/wp-content\/uploads\/2024\/03\/Eson-2-scaled-1.jpg","width":2560,"height":1774},{"@type":"BreadcrumbList","@id":"https:\/\/respiart.ca\/shop\/eson-2\/#breadcrumb","itemListElement":[{"@type":"ListItem","position":1,"name":"Home","item":"https:\/\/respiart.ca\/"},{"@type":"ListItem","position":2,"name":"Shop CPAP","item":"https:\/\/respiart.ca\/ar\/%d9%85%d8%aa%d8%ac%d8%b1-cpap\/"},{"@type":"ListItem","position":3,"name":"Eson\u2122 2"}]},{"@type":"WebSite","@id":"https:\/\/respiart.ca\/ar\/#website","url":"https:\/\/respiart.ca\/ar\/","name":"RespiArt - Apn\u00e9e du sommeil et CPAP","description":"CPAP et tests pour l&#039;apn\u00e9e du sommeil, l&#039;asthme, l&#039;oxym\u00e9trie","publisher":{"@id":"https:\/\/respiart.ca\/ar\/#organization"},"potentialAction":[{"@type":"SearchAction","target":{"@type":"EntryPoint","urlTemplate":"https:\/\/respiart.ca\/ar\/?s={search_term_string}"},"query-input":{"@type":"PropertyValueSpecification","valueRequired":true,"valueName":"search_term_string"}}],"inLanguage":"fr-CA"},{"@type":"Organization","@id":"https:\/\/respiart.ca\/ar\/#organization","name":"RespiArt - Apn\u00e9e du sommeil et CPAP","url":"https:\/\/respiart.ca\/ar\/","logo":{"@type":"ImageObject","inLanguage":"fr-CA","@id":"https:\/\/respiart.ca\/ar\/#\/schema\/logo\/image\/","url":"https:\/\/respiart.ca\/wp-content\/uploads\/2022\/05\/Respiart-logo-1-e1651540192142.png","contentUrl":"https:\/\/respiart.ca\/wp-content\/uploads\/2022\/05\/Respiart-logo-1-e1651540192142.png","width":237,"height":61,"caption":"RespiArt - Sleep apnea & CPAPs"},"image":{"@id":"https:\/\/respiart.ca\/ar\/#\/schema\/logo\/image\/"}}]}},"_links":{"self":[{"href":"https:\/\/respiart.ca\/fr\/wp-json\/wp\/v2\/product\/4661","targetHints":{"allow":["GET"]}}],"collection":[{"href":"https:\/\/respiart.ca\/fr\/wp-json\/wp\/v2\/product"}],"about":[{"href":"https:\/\/respiart.ca\/fr\/wp-json\/wp\/v2\/types\/product"}],"replies":[{"embeddable":true,"href":"https:\/\/respiart.ca\/fr\/wp-json\/wp\/v2\/comments?post=4661"}],"wp:featuredmedia":[{"embeddable":true,"href":"https:\/\/respiart.ca\/fr\/wp-json\/wp\/v2\/media\/4662"}],"wp:attachment":[{"href":"https:\/\/respiart.ca\/fr\/wp-json\/wp\/v2\/media?parent=4661"}],"wp:term":[{"taxonomy":"product_brand","embeddable":true,"href":"https:\/\/respiart.ca\/fr\/wp-json\/wp\/v2\/product_brand?post=4661"},{"taxonomy":"product_cat","embeddable":true,"href":"https:\/\/respiart.ca\/fr\/wp-json\/wp\/v2\/product_cat?post=4661"},{"taxonomy":"product_tag","embeddable":true,"href":"https:\/\/respiart.ca\/fr\/wp-json\/wp\/v2\/product_tag?post=4661"}],"curies":[{"name":"wp","href":"https:\/\/api.w.org\/{rel}","templated":true}]}}