{"id":4663,"date":"2024-03-19T19:56:55","date_gmt":"2024-03-19T19:56:55","guid":{"rendered":"http:\/\/f4i.0cc.mytemp.website\/?post_type=product&#038;p=4663"},"modified":"2025-06-18T21:05:28","modified_gmt":"2025-06-18T21:05:28","slug":"masque-nasal-evora","status":"publish","type":"product","link":"https:\/\/respiart.ca\/fr\/shop\/evora-nasal-mask\/","title":{"rendered":"Masque Nasal \u00c9vora"},"content":{"rendered":"<p>Faites l&#039;exp\u00e9rience d&#039;un confort et d&#039;une simplicit\u00e9 in\u00e9gal\u00e9s avec le masque nasal Fisher &amp; Paykel Evora<\/p>\n<ul>\n<li><strong>Casque CapFit\u00a0:<\/strong> Con\u00e7u dans un souci de simplicit\u00e9, le harnais permet un placement facile, tout comme la mise en place d&#039;une casquette, garantissant que le masque est correctement positionn\u00e9 \u00e0 chaque fois.<\/li>\n<li><strong>\u00c9tanch\u00e9it\u00e9 optimale\u00a0:<\/strong> Le masque est con\u00e7u pour maintenir une \u00e9tanch\u00e9it\u00e9 efficace, avec des ailes de stabilit\u00e9 et un joint flottant qui s&#039;adaptent au mouvement, offrant un ajustement serr\u00e9 mais confortable sous le nez.<\/li>\n<li><strong>Dimensionnement facile\u00a0:<\/strong> Utilisez le guide de montage pratique pour un dimensionnement facile, garantissant un ajustement parfait \u00e0 votre masque nasal Evora.<\/li>\n<\/ul>\n<p><strong>Sp\u00e9cifications du produit:<\/strong><\/p>\n<ul>\n<li><strong>Cat\u00e9gories\u00a0:<\/strong> Masques CPAP, masque nasal<\/li>\n<li><strong>Mots cl\u00e9s:<\/strong> Evora, Fisher &amp; Paykel, Oreillers nasaux<\/li>\n<li><strong>Taille du masque\u00a0:<\/strong> R\u00e9glable pour un confort personnalis\u00e9<\/li>\n<\/ul>\n<p><strong>Guide de montage\u00a0:<\/strong><\/p>\n<ol>\n<li>Fixez le bouton de la sangle sup\u00e9rieure en position m\u00e9diane.<\/li>\n<li>Tenez l&#039;avant du masque, en tirant la sangle arri\u00e8re par-dessus votre t\u00eate et en positionnant le joint sous votre nez.<\/li>\n<li>Ajustez la sangle arri\u00e8re pour une \u00e9tanch\u00e9it\u00e9 parfaite, en utilisant les languettes pour serrer ou desserrer selon vos besoins.<\/li>\n<li>Affinez l&#039;ajustement en ajustant le bouton de la sangle sup\u00e9rieure, en vous assurant que le harnais repose confortablement au-dessus des oreilles.<\/li>\n<li>Connectez-vous \u00e0 votre appareil CPAP, en ajustant toute fuite pour obtenir une \u00e9tanch\u00e9it\u00e9 confortable et sans fuite.<\/li>\n<\/ol>\n<p><strong>Conseils d&#039;entretien\u00a0:<\/strong><\/p>\n<ul>\n<li><strong>Nettoyage quotidien\u00a0:<\/strong> Essuyez quotidiennement le coussinet du masque nasal avec un chiffon humide et un d\u00e9tergent doux, ou utilisez des lingettes pour masque.<\/li>\n<li><strong>Nettoyage hebdomadaire\u00a0:<\/strong> Lavez le syst\u00e8me de masque complet, y compris le harnais, avec de l&#039;eau ti\u00e8de et du savon doux. Rincer et s\u00e9cher \u00e0 l&#039;air libre \u00e0 l&#039;abri de la lumi\u00e8re directe du soleil.<\/li>\n<\/ul>\n<p>Pour une performance et une hygi\u00e8ne optimales, il est recommand\u00e9 de remplacer votre masque tous les 6 mois.<\/p>\n<p>D\u00e9couvrez l&#039;\u00e9quilibre parfait entre confort et simplicit\u00e9 avec le Fisher &amp; Paykel Evora. Sans effort, comme mettre un bonnet, ce masque nasal red\u00e9finit la commodit\u00e9 de la th\u00e9rapie CPAP.<\/p>","protected":false},"excerpt":{"rendered":"<p>Pr\u00e9sentation du Fisher &amp; Paykel Evora, une perc\u00e9e dans la th\u00e9rapie CPAP qui promet simplicit\u00e9 et confort sans effort. Con\u00e7u pour le confort de l&#039;utilisateur, l&#039;Evora est dot\u00e9 du casque innovant CapFit, refl\u00e9tant la simplicit\u00e9 d&#039;enfiler une casquette. Cette conception intuitive est famili\u00e8re \u00e0 la plupart, garantissant une exp\u00e9rience sans tracas \u00e0 chaque fois.<\/p>","protected":false},"featured_media":4664,"comment_status":"open","ping_status":"closed","template":"","meta":[],"product_brand":[],"product_cat":[99],"product_tag":[],"class_list":{"0":"post-4663","1":"product","2":"type-product","3":"status-publish","4":"has-post-thumbnail","6":"product_cat-nasal-cpap-mask","8":"first","9":"instock","10":"taxable","11":"shipping-taxable","12":"purchasable","13":"product-type-simple"},"yoast_head":"<!-- This site is optimized with the Yoast SEO plugin v27.4 - https:\/\/yoast.com\/product\/yoast-seo-wordpress\/ -->\n<title>Evora Nasal Mask | Respiart - Respiratory therapist Montreal<\/title>\n<meta name=\"description\" content=\"Introducing the Fisher &amp; Paykel Evora, a breakthrough in CPAP therapy that promises effortless simplicity and comfort. Designed with the user&#039;s ease in mind, the Evora features the innovative CapFit headgear, mirroring the simplicity of donning a cap. This intuitive design is familiar to most, ensuring a hassle-free experience each time.\" \/>\n<meta name=\"robots\" content=\"index, follow, max-snippet:-1, max-image-preview:large, max-video-preview:-1\" \/>\n<link rel=\"canonical\" href=\"https:\/\/respiart.ca\/fr\/magasin\/masque-nasal-evora\/\" \/>\n<meta property=\"og:locale\" content=\"fr_CA\" \/>\n<meta property=\"og:type\" content=\"article\" \/>\n<meta property=\"og:title\" content=\"Evora Nasal Mask | Respiart - Respiratory therapist Montreal\" \/>\n<meta property=\"og:description\" content=\"Introducing the Fisher &amp; Paykel Evora, a breakthrough in CPAP therapy that promises effortless simplicity and comfort. Designed with the user&#039;s ease in mind, the Evora features the innovative CapFit headgear, mirroring the simplicity of donning a cap. This intuitive design is familiar to most, ensuring a hassle-free experience each time.\" \/>\n<meta property=\"og:url\" content=\"https:\/\/respiart.ca\/fr\/magasin\/masque-nasal-evora\/\" \/>\n<meta property=\"og:site_name\" content=\"Respiart - Respiratory therapist Montreal\" \/>\n<meta property=\"article:modified_time\" content=\"2025-06-18T21:05:28+00:00\" \/>\n<meta property=\"og:image\" content=\"https:\/\/respiart.ca\/wp-content\/uploads\/2024\/03\/0-1-scaled-1.jpg\" \/>\n\t<meta property=\"og:image:width\" content=\"1809\" \/>\n\t<meta property=\"og:image:height\" content=\"2560\" \/>\n\t<meta property=\"og:image:type\" content=\"image\/jpeg\" \/>\n<meta name=\"twitter:card\" content=\"summary_large_image\" \/>\n<meta name=\"twitter:label1\" content=\"Estimation du temps de lecture\" \/>\n\t<meta name=\"twitter:data1\" content=\"2 minutes\" \/>\n<script type=\"application\/ld+json\" class=\"yoast-schema-graph\">{\"@context\":\"https:\\\/\\\/schema.org\",\"@graph\":[{\"@type\":\"WebPage\",\"@id\":\"https:\\\/\\\/respiart.ca\\\/shop\\\/evora-nasal-mask\\\/\",\"url\":\"https:\\\/\\\/respiart.ca\\\/shop\\\/evora-nasal-mask\\\/\",\"name\":\"Evora Nasal Mask | Respiart - Respiratory therapist Montreal\",\"isPartOf\":{\"@id\":\"https:\\\/\\\/respiart.ca\\\/ar\\\/#website\"},\"primaryImageOfPage\":{\"@id\":\"https:\\\/\\\/respiart.ca\\\/shop\\\/evora-nasal-mask\\\/#primaryimage\"},\"image\":{\"@id\":\"https:\\\/\\\/respiart.ca\\\/shop\\\/evora-nasal-mask\\\/#primaryimage\"},\"thumbnailUrl\":\"https:\\\/\\\/respiart.ca\\\/wp-content\\\/uploads\\\/2024\\\/03\\\/0-1-scaled-1.jpg\",\"datePublished\":\"2024-03-19T19:56:55+00:00\",\"dateModified\":\"2025-06-18T21:05:28+00:00\",\"description\":\"Introducing the Fisher &amp; Paykel Evora, a breakthrough in CPAP therapy that promises effortless simplicity and comfort. Designed with the user's ease in mind, the Evora features the innovative CapFit headgear, mirroring the simplicity of donning a cap. This intuitive design is familiar to most, ensuring a hassle-free experience each time.\",\"breadcrumb\":{\"@id\":\"https:\\\/\\\/respiart.ca\\\/shop\\\/evora-nasal-mask\\\/#breadcrumb\"},\"inLanguage\":\"fr-CA\",\"potentialAction\":[{\"@type\":\"ReadAction\",\"target\":[\"https:\\\/\\\/respiart.ca\\\/shop\\\/evora-nasal-mask\\\/\"]}]},{\"@type\":\"ImageObject\",\"inLanguage\":\"fr-CA\",\"@id\":\"https:\\\/\\\/respiart.ca\\\/shop\\\/evora-nasal-mask\\\/#primaryimage\",\"url\":\"https:\\\/\\\/respiart.ca\\\/wp-content\\\/uploads\\\/2024\\\/03\\\/0-1-scaled-1.jpg\",\"contentUrl\":\"https:\\\/\\\/respiart.ca\\\/wp-content\\\/uploads\\\/2024\\\/03\\\/0-1-scaled-1.jpg\",\"width\":1809,\"height\":2560},{\"@type\":\"BreadcrumbList\",\"@id\":\"https:\\\/\\\/respiart.ca\\\/shop\\\/evora-nasal-mask\\\/#breadcrumb\",\"itemListElement\":[{\"@type\":\"ListItem\",\"position\":1,\"name\":\"Home\",\"item\":\"https:\\\/\\\/respiart.ca\\\/\"},{\"@type\":\"ListItem\",\"position\":2,\"name\":\"Shop CPAP\",\"item\":\"https:\\\/\\\/respiart.ca\\\/ar\\\/%d9%85%d8%aa%d8%ac%d8%b1-cpap\\\/\"},{\"@type\":\"ListItem\",\"position\":3,\"name\":\"Evora Nasal Mask\"}]},{\"@type\":\"WebSite\",\"@id\":\"https:\\\/\\\/respiart.ca\\\/ar\\\/#website\",\"url\":\"https:\\\/\\\/respiart.ca\\\/ar\\\/\",\"name\":\"RespiArt - Sleep apnea & CPAPs\",\"description\":\"CPAPs and tests for sleep apnea, asthma, oximetry\",\"publisher\":{\"@id\":\"https:\\\/\\\/respiart.ca\\\/ar\\\/#organization\"},\"potentialAction\":[{\"@type\":\"SearchAction\",\"target\":{\"@type\":\"EntryPoint\",\"urlTemplate\":\"https:\\\/\\\/respiart.ca\\\/ar\\\/?s={search_term_string}\"},\"query-input\":{\"@type\":\"PropertyValueSpecification\",\"valueRequired\":true,\"valueName\":\"search_term_string\"}}],\"inLanguage\":\"fr-CA\"},{\"@type\":\"Organization\",\"@id\":\"https:\\\/\\\/respiart.ca\\\/ar\\\/#organization\",\"name\":\"RespiArt - Sleep apnea & CPAPs\",\"url\":\"https:\\\/\\\/respiart.ca\\\/ar\\\/\",\"logo\":{\"@type\":\"ImageObject\",\"inLanguage\":\"fr-CA\",\"@id\":\"https:\\\/\\\/respiart.ca\\\/ar\\\/#\\\/schema\\\/logo\\\/image\\\/\",\"url\":\"https:\\\/\\\/respiart.ca\\\/wp-content\\\/uploads\\\/2022\\\/05\\\/Respiart-logo-1-e1651540192142.png\",\"contentUrl\":\"https:\\\/\\\/respiart.ca\\\/wp-content\\\/uploads\\\/2022\\\/05\\\/Respiart-logo-1-e1651540192142.png\",\"width\":237,\"height\":61,\"caption\":\"RespiArt - Sleep apnea & CPAPs\"},\"image\":{\"@id\":\"https:\\\/\\\/respiart.ca\\\/ar\\\/#\\\/schema\\\/logo\\\/image\\\/\"}}]}<\/script>\n<!-- \/ Yoast SEO plugin. -->","yoast_head_json":{"title":"Masque nasal \u00c9vora | Repiart - Inhaloth\u00e9rapeute Montr\u00e9al","description":"Pr\u00e9sentation du Fisher &amp; Paykel Evora, une perc\u00e9e dans la th\u00e9rapie CPAP qui promet simplicit\u00e9 et confort sans effort. Con\u00e7u pour le confort de l&#039;utilisateur, l&#039;Evora est dot\u00e9 du casque innovant CapFit, refl\u00e9tant la simplicit\u00e9 d&#039;enfiler une casquette. Cette conception intuitive est famili\u00e8re \u00e0 la plupart, garantissant une exp\u00e9rience sans tracas \u00e0 chaque fois.","robots":{"index":"index","follow":"follow","max-snippet":"max-snippet:-1","max-image-preview":"max-image-preview:large","max-video-preview":"max-video-preview:-1"},"canonical":"https:\/\/respiart.ca\/fr\/magasin\/masque-nasal-evora\/","og_locale":"fr_CA","og_type":"article","og_title":"Evora Nasal Mask | Respiart - Respiratory therapist Montreal","og_description":"Introducing the Fisher &amp; Paykel Evora, a breakthrough in CPAP therapy that promises effortless simplicity and comfort. Designed with the user's ease in mind, the Evora features the innovative CapFit headgear, mirroring the simplicity of donning a cap. This intuitive design is familiar to most, ensuring a hassle-free experience each time.","og_url":"https:\/\/respiart.ca\/fr\/magasin\/masque-nasal-evora\/","og_site_name":"Respiart - Respiratory therapist Montreal","article_modified_time":"2025-06-18T21:05:28+00:00","og_image":[{"width":1809,"height":2560,"url":"https:\/\/respiart.ca\/wp-content\/uploads\/2024\/03\/0-1-scaled-1.jpg","type":"image\/jpeg"}],"twitter_card":"summary_large_image","twitter_misc":{"Estimation du temps de lecture":"2 minutes"},"schema":{"@context":"https:\/\/schema.org","@graph":[{"@type":"WebPage","@id":"https:\/\/respiart.ca\/shop\/evora-nasal-mask\/","url":"https:\/\/respiart.ca\/shop\/evora-nasal-mask\/","name":"Masque nasal \u00c9vora | Repiart - Inhaloth\u00e9rapeute Montr\u00e9al","isPartOf":{"@id":"https:\/\/respiart.ca\/ar\/#website"},"primaryImageOfPage":{"@id":"https:\/\/respiart.ca\/shop\/evora-nasal-mask\/#primaryimage"},"image":{"@id":"https:\/\/respiart.ca\/shop\/evora-nasal-mask\/#primaryimage"},"thumbnailUrl":"https:\/\/respiart.ca\/wp-content\/uploads\/2024\/03\/0-1-scaled-1.jpg","datePublished":"2024-03-19T19:56:55+00:00","dateModified":"2025-06-18T21:05:28+00:00","description":"Pr\u00e9sentation du Fisher &amp; Paykel Evora, une perc\u00e9e dans la th\u00e9rapie CPAP qui promet simplicit\u00e9 et confort sans effort. Con\u00e7u pour le confort de l&#039;utilisateur, l&#039;Evora est dot\u00e9 du casque innovant CapFit, refl\u00e9tant la simplicit\u00e9 d&#039;enfiler une casquette. Cette conception intuitive est famili\u00e8re \u00e0 la plupart, garantissant une exp\u00e9rience sans tracas \u00e0 chaque fois.","breadcrumb":{"@id":"https:\/\/respiart.ca\/shop\/evora-nasal-mask\/#breadcrumb"},"inLanguage":"fr-CA","potentialAction":[{"@type":"ReadAction","target":["https:\/\/respiart.ca\/shop\/evora-nasal-mask\/"]}]},{"@type":"ImageObject","inLanguage":"fr-CA","@id":"https:\/\/respiart.ca\/shop\/evora-nasal-mask\/#primaryimage","url":"https:\/\/respiart.ca\/wp-content\/uploads\/2024\/03\/0-1-scaled-1.jpg","contentUrl":"https:\/\/respiart.ca\/wp-content\/uploads\/2024\/03\/0-1-scaled-1.jpg","width":1809,"height":2560},{"@type":"BreadcrumbList","@id":"https:\/\/respiart.ca\/shop\/evora-nasal-mask\/#breadcrumb","itemListElement":[{"@type":"ListItem","position":1,"name":"Home","item":"https:\/\/respiart.ca\/"},{"@type":"ListItem","position":2,"name":"Shop CPAP","item":"https:\/\/respiart.ca\/ar\/%d9%85%d8%aa%d8%ac%d8%b1-cpap\/"},{"@type":"ListItem","position":3,"name":"Evora Nasal Mask"}]},{"@type":"WebSite","@id":"https:\/\/respiart.ca\/ar\/#website","url":"https:\/\/respiart.ca\/ar\/","name":"RespiArt - Apn\u00e9e du sommeil et CPAP","description":"CPAP et tests pour l&#039;apn\u00e9e du sommeil, l&#039;asthme, l&#039;oxym\u00e9trie","publisher":{"@id":"https:\/\/respiart.ca\/ar\/#organization"},"potentialAction":[{"@type":"SearchAction","target":{"@type":"EntryPoint","urlTemplate":"https:\/\/respiart.ca\/ar\/?s={search_term_string}"},"query-input":{"@type":"PropertyValueSpecification","valueRequired":true,"valueName":"search_term_string"}}],"inLanguage":"fr-CA"},{"@type":"Organization","@id":"https:\/\/respiart.ca\/ar\/#organization","name":"RespiArt - Apn\u00e9e du sommeil et CPAP","url":"https:\/\/respiart.ca\/ar\/","logo":{"@type":"ImageObject","inLanguage":"fr-CA","@id":"https:\/\/respiart.ca\/ar\/#\/schema\/logo\/image\/","url":"https:\/\/respiart.ca\/wp-content\/uploads\/2022\/05\/Respiart-logo-1-e1651540192142.png","contentUrl":"https:\/\/respiart.ca\/wp-content\/uploads\/2022\/05\/Respiart-logo-1-e1651540192142.png","width":237,"height":61,"caption":"RespiArt - Sleep apnea & CPAPs"},"image":{"@id":"https:\/\/respiart.ca\/ar\/#\/schema\/logo\/image\/"}}]}},"_links":{"self":[{"href":"https:\/\/respiart.ca\/fr\/wp-json\/wp\/v2\/product\/4663","targetHints":{"allow":["GET"]}}],"collection":[{"href":"https:\/\/respiart.ca\/fr\/wp-json\/wp\/v2\/product"}],"about":[{"href":"https:\/\/respiart.ca\/fr\/wp-json\/wp\/v2\/types\/product"}],"replies":[{"embeddable":true,"href":"https:\/\/respiart.ca\/fr\/wp-json\/wp\/v2\/comments?post=4663"}],"wp:featuredmedia":[{"embeddable":true,"href":"https:\/\/respiart.ca\/fr\/wp-json\/wp\/v2\/media\/4664"}],"wp:attachment":[{"href":"https:\/\/respiart.ca\/fr\/wp-json\/wp\/v2\/media?parent=4663"}],"wp:term":[{"taxonomy":"product_brand","embeddable":true,"href":"https:\/\/respiart.ca\/fr\/wp-json\/wp\/v2\/product_brand?post=4663"},{"taxonomy":"product_cat","embeddable":true,"href":"https:\/\/respiart.ca\/fr\/wp-json\/wp\/v2\/product_cat?post=4663"},{"taxonomy":"product_tag","embeddable":true,"href":"https:\/\/respiart.ca\/fr\/wp-json\/wp\/v2\/product_tag?post=4663"}],"curies":[{"name":"wp","href":"https:\/\/api.w.org\/{rel}","templated":true}]}}