{"id":4704,"date":"2024-06-11T20:36:13","date_gmt":"2024-06-11T20:36:13","guid":{"rendered":"http:\/\/f4i.0cc.mytemp.website\/?post_type=product&#038;p=4704"},"modified":"2026-04-23T16:01:48","modified_gmt":"2026-04-23T16:01:48","slug":"dreamstation-2-auto-cpap-avance","status":"publish","type":"product","link":"https:\/\/respiart.ca\/fr\/shop\/dreamstation-2-auto-cpap-advanced\/","title":{"rendered":"DreamStation 2 Auto CPAP Avanc\u00e9"},"content":{"rendered":"<p>La DreamStation 2 Auto CPAP Advanced marque un bond en avant significatif dans les solutions de th\u00e9rapie du sommeil, s&#039;appuyant sur une base de performances cliniquement valid\u00e9es. Cet appareil de nouvelle g\u00e9n\u00e9ration est con\u00e7u pour am\u00e9liorer l\u2019efficacit\u00e9 op\u00e9rationnelle et offrir une exp\u00e9rience utilisateur rationalis\u00e9e. Sa conception comprend un humidificateur et un modem enti\u00e8rement int\u00e9gr\u00e9s, des options de configuration flexibles et une suite de fonctionnalit\u00e9s de confort avanc\u00e9es, ce qui en fait un outil indispensable pour les patients et les prestataires de soins de sant\u00e9.<\/p>\n<p>De plus, la DreamStation 2 donne la priorit\u00e9 \u00e0 la gestion des patients gr\u00e2ce \u00e0 son ensemble d&#039;outils robustes, garantissant des r\u00e9sultats th\u00e9rapeutiques optimaux. L&#039;interface intuitive de l&#039;appareil simplifie l&#039;utilisation quotidienne, tandis que ses fonctionnalit\u00e9s compl\u00e8tes am\u00e9liorent la qualit\u00e9 du sommeil. D\u00e9couvrez le nec plus ultra en mati\u00e8re d&#039;innovation en mati\u00e8re de th\u00e9rapie du sommeil avec la DreamStation 2 Auto CPAP Advanced, o\u00f9 la technologie de pointe rencontre une conception conviviale.<\/p>\n<h3>Compl\u00e9tez votre syst\u00e8me de th\u00e9rapie DreamStation 2<\/h3>\n<p>La DreamStation 2 de pointe m\u00e9rite une s\u00e9lection de masques et d&#039;accessoires tout aussi exceptionnelle. Compl\u00e9tez votre DreamStation 2 avec les accessoires innovants <a href=\"\/fr\/magasin\/systeme-de-masque-dreamwear\/\">Syst\u00e8me de masque DreamWear<\/a> Reconnus pour leur confort exceptionnel et leur \u00e9tanch\u00e9it\u00e9 parfaite. D\u00e9couvrez notre gamme <a href=\"\/fr\/categorie-produit\/masque-bipap-cpap\/\">Collection compl\u00e8te de masques CPAP<\/a> y compris <a href=\"\/fr\/categorie-produit\/masque-bipap-cpap\/masque-nasal-cpap\/\">masques nasaux<\/a>, <a href=\"\/fr\/categorie-produit\/masque-bipap-cpap\/masque-facial-cpap-complet\/\">masques int\u00e9graux<\/a>, et <a href=\"\/fr\/categorie-produit\/masque-bipap-cpap\/masque-cpap-a-coussin-nasal\/\">masques nasaux \u00e0 coussinets<\/a>. Explorez notre <a href=\"\/fr\/magasin-cpap\/\">Catalogue complet des appareils CPAP<\/a> pour trouver tous les masques, accessoires et produits compl\u00e9mentaires compatibles qui am\u00e9liorent votre exp\u00e9rience th\u00e9rapeutique DreamStation 2.<\/p>","protected":false},"excerpt":{"rendered":"<p>La DreamStation 2 <a href=\"https:\/\/respiart.ca\/fr\/categorie-produit\/cpap-bipap-machines\/appareils-cpap-automatiques\/\">CPAP automatique<\/a> Advanced est un appareil de th\u00e9rapie du sommeil de nouvelle g\u00e9n\u00e9ration, con\u00e7u pour une efficacit\u00e9 et une facilit\u00e9 d&#039;utilisation accrues. Il int\u00e8gre un humidificateur et un modem, une configuration flexible, des options de confort avanc\u00e9es et des outils complets de gestion du patient, offrant ainsi une exp\u00e9rience utilisateur optimale et des r\u00e9sultats th\u00e9rapeutiques am\u00e9lior\u00e9s.<\/p>","protected":false},"featured_media":4705,"comment_status":"open","ping_status":"closed","template":"","meta":[],"product_brand":[],"product_cat":[101,96,117],"product_tag":[],"class_list":{"0":"post-4704","1":"product","2":"type-product","3":"status-publish","4":"has-post-thumbnail","6":"product_cat-auto-cpap-apap-machines","7":"product_cat-cpap-bipap-machines","8":"product_cat-philips","10":"first","11":"instock","12":"taxable","13":"shipping-taxable","14":"purchasable","15":"product-type-simple"},"yoast_head":"<!-- This site is optimized with the Yoast SEO plugin v27.6 - https:\/\/yoast.com\/product\/yoast-seo-wordpress\/ -->\n<title>DreamStation 2 Auto CPAP Advanced | Respiart - Respiratory therapist Montreal<\/title>\n<meta name=\"description\" content=\"The DreamStation 2 Auto CPAP Advanced is a next-generation sleep therapy device designed for enhanced efficiency and ease of use. It features an integrated humidifier and modem, flexible setup, advanced comfort options, and comprehensive patient management tools, offering a superior user experience and improved therapy outcomes.\" \/>\n<meta name=\"robots\" content=\"index, follow, max-snippet:-1, max-image-preview:large, max-video-preview:-1\" \/>\n<link rel=\"canonical\" href=\"https:\/\/respiart.ca\/fr\/magasin\/dreamstation-2-auto-cpap-avance\/\" \/>\n<meta property=\"og:locale\" content=\"fr_CA\" \/>\n<meta property=\"og:type\" content=\"article\" \/>\n<meta property=\"og:title\" content=\"DreamStation 2 Auto CPAP Advanced | Respiart - Respiratory therapist Montreal\" \/>\n<meta property=\"og:description\" content=\"The DreamStation 2 Auto CPAP Advanced is a next-generation sleep therapy device designed for enhanced efficiency and ease of use. It features an integrated humidifier and modem, flexible setup, advanced comfort options, and comprehensive patient management tools, offering a superior user experience and improved therapy outcomes.\" \/>\n<meta property=\"og:url\" content=\"https:\/\/respiart.ca\/fr\/magasin\/dreamstation-2-auto-cpap-avance\/\" \/>\n<meta property=\"og:site_name\" content=\"Respiart - Respiratory therapist Montreal\" \/>\n<meta property=\"article:modified_time\" content=\"2026-04-23T16:01:48+00:00\" \/>\n<meta property=\"og:image\" content=\"https:\/\/respiart.ca\/wp-content\/uploads\/2024\/06\/49159a1299154c0ebe37ac62013820b0.webp\" \/>\n\t<meta property=\"og:image:width\" content=\"440\" \/>\n\t<meta property=\"og:image:height\" content=\"265\" \/>\n\t<meta property=\"og:image:type\" content=\"image\/webp\" \/>\n<meta name=\"twitter:card\" content=\"summary_large_image\" \/>\n<meta name=\"twitter:label1\" content=\"Estimation du temps de lecture\" \/>\n\t<meta name=\"twitter:data1\" content=\"2 minutes\" \/>\n<script type=\"application\/ld+json\" class=\"yoast-schema-graph\">{\"@context\":\"https:\\\/\\\/schema.org\",\"@graph\":[{\"@type\":\"WebPage\",\"@id\":\"https:\\\/\\\/respiart.ca\\\/shop\\\/dreamstation-2-auto-cpap-advanced\\\/\",\"url\":\"https:\\\/\\\/respiart.ca\\\/shop\\\/dreamstation-2-auto-cpap-advanced\\\/\",\"name\":\"DreamStation 2 Auto CPAP Advanced | Respiart - Respiratory therapist Montreal\",\"isPartOf\":{\"@id\":\"https:\\\/\\\/respiart.ca\\\/ar\\\/#website\"},\"primaryImageOfPage\":{\"@id\":\"https:\\\/\\\/respiart.ca\\\/shop\\\/dreamstation-2-auto-cpap-advanced\\\/#primaryimage\"},\"image\":{\"@id\":\"https:\\\/\\\/respiart.ca\\\/shop\\\/dreamstation-2-auto-cpap-advanced\\\/#primaryimage\"},\"thumbnailUrl\":\"https:\\\/\\\/respiart.ca\\\/wp-content\\\/uploads\\\/2024\\\/06\\\/49159a1299154c0ebe37ac62013820b0.webp\",\"datePublished\":\"2024-06-11T20:36:13+00:00\",\"dateModified\":\"2026-04-23T16:01:48+00:00\",\"description\":\"The DreamStation 2 Auto CPAP Advanced is a next-generation sleep therapy device designed for enhanced efficiency and ease of use. It features an integrated humidifier and modem, flexible setup, advanced comfort options, and comprehensive patient management tools, offering a superior user experience and improved therapy outcomes.\",\"breadcrumb\":{\"@id\":\"https:\\\/\\\/respiart.ca\\\/shop\\\/dreamstation-2-auto-cpap-advanced\\\/#breadcrumb\"},\"inLanguage\":\"fr-CA\",\"potentialAction\":[{\"@type\":\"ReadAction\",\"target\":[\"https:\\\/\\\/respiart.ca\\\/shop\\\/dreamstation-2-auto-cpap-advanced\\\/\"]}]},{\"@type\":\"ImageObject\",\"inLanguage\":\"fr-CA\",\"@id\":\"https:\\\/\\\/respiart.ca\\\/shop\\\/dreamstation-2-auto-cpap-advanced\\\/#primaryimage\",\"url\":\"https:\\\/\\\/respiart.ca\\\/wp-content\\\/uploads\\\/2024\\\/06\\\/49159a1299154c0ebe37ac62013820b0.webp\",\"contentUrl\":\"https:\\\/\\\/respiart.ca\\\/wp-content\\\/uploads\\\/2024\\\/06\\\/49159a1299154c0ebe37ac62013820b0.webp\",\"width\":440,\"height\":265},{\"@type\":\"BreadcrumbList\",\"@id\":\"https:\\\/\\\/respiart.ca\\\/shop\\\/dreamstation-2-auto-cpap-advanced\\\/#breadcrumb\",\"itemListElement\":[{\"@type\":\"ListItem\",\"position\":1,\"name\":\"Home\",\"item\":\"https:\\\/\\\/respiart.ca\\\/\"},{\"@type\":\"ListItem\",\"position\":2,\"name\":\"Shop CPAP\",\"item\":\"https:\\\/\\\/respiart.ca\\\/shop-cpap\\\/\"},{\"@type\":\"ListItem\",\"position\":3,\"name\":\"DreamStation 2 Auto CPAP Advanced\"}]},{\"@type\":\"WebSite\",\"@id\":\"https:\\\/\\\/respiart.ca\\\/ar\\\/#website\",\"url\":\"https:\\\/\\\/respiart.ca\\\/ar\\\/\",\"name\":\"RespiArt - Sleep apnea & CPAPs\",\"description\":\"CPAPs and tests for sleep apnea, asthma, oximetry\",\"publisher\":{\"@id\":\"https:\\\/\\\/respiart.ca\\\/ar\\\/#organization\"},\"potentialAction\":[{\"@type\":\"SearchAction\",\"target\":{\"@type\":\"EntryPoint\",\"urlTemplate\":\"https:\\\/\\\/respiart.ca\\\/ar\\\/?s={search_term_string}\"},\"query-input\":{\"@type\":\"PropertyValueSpecification\",\"valueRequired\":true,\"valueName\":\"search_term_string\"}}],\"inLanguage\":\"fr-CA\"},{\"@type\":\"Organization\",\"@id\":\"https:\\\/\\\/respiart.ca\\\/ar\\\/#organization\",\"name\":\"RespiArt - Sleep apnea & CPAPs\",\"url\":\"https:\\\/\\\/respiart.ca\\\/ar\\\/\",\"logo\":{\"@type\":\"ImageObject\",\"inLanguage\":\"fr-CA\",\"@id\":\"https:\\\/\\\/respiart.ca\\\/ar\\\/#\\\/schema\\\/logo\\\/image\\\/\",\"url\":\"https:\\\/\\\/respiart.ca\\\/wp-content\\\/uploads\\\/2022\\\/05\\\/Respiart-logo-1-e1651540192142.png\",\"contentUrl\":\"https:\\\/\\\/respiart.ca\\\/wp-content\\\/uploads\\\/2022\\\/05\\\/Respiart-logo-1-e1651540192142.png\",\"width\":237,\"height\":61,\"caption\":\"RespiArt - Sleep apnea & CPAPs\"},\"image\":{\"@id\":\"https:\\\/\\\/respiart.ca\\\/ar\\\/#\\\/schema\\\/logo\\\/image\\\/\"}}]}<\/script>\n<!-- \/ Yoast SEO plugin. -->","yoast_head_json":{"title":"DreamStation 2 Auto CPAP Avanc\u00e9 | Repiart - Inhaloth\u00e9rapeute Montr\u00e9al","description":"La DreamStation 2 Auto CPAP Advanced est un appareil de th\u00e9rapie du sommeil de nouvelle g\u00e9n\u00e9ration con\u00e7u pour une efficacit\u00e9 et une facilit\u00e9 d&#039;utilisation am\u00e9lior\u00e9es. Il comprend un humidificateur et un modem int\u00e9gr\u00e9s, une configuration flexible, des options de confort avanc\u00e9es et des outils complets de gestion des patients, offrant une exp\u00e9rience utilisateur sup\u00e9rieure et de meilleurs r\u00e9sultats th\u00e9rapeutiques.","robots":{"index":"index","follow":"follow","max-snippet":"max-snippet:-1","max-image-preview":"max-image-preview:large","max-video-preview":"max-video-preview:-1"},"canonical":"https:\/\/respiart.ca\/fr\/magasin\/dreamstation-2-auto-cpap-avance\/","og_locale":"fr_CA","og_type":"article","og_title":"DreamStation 2 Auto CPAP Advanced | Respiart - Respiratory therapist Montreal","og_description":"The DreamStation 2 Auto CPAP Advanced is a next-generation sleep therapy device designed for enhanced efficiency and ease of use. It features an integrated humidifier and modem, flexible setup, advanced comfort options, and comprehensive patient management tools, offering a superior user experience and improved therapy outcomes.","og_url":"https:\/\/respiart.ca\/fr\/magasin\/dreamstation-2-auto-cpap-avance\/","og_site_name":"Respiart - Respiratory therapist Montreal","article_modified_time":"2026-04-23T16:01:48+00:00","og_image":[{"width":440,"height":265,"url":"https:\/\/respiart.ca\/wp-content\/uploads\/2024\/06\/49159a1299154c0ebe37ac62013820b0.webp","type":"image\/webp"}],"twitter_card":"summary_large_image","twitter_misc":{"Estimation du temps de lecture":"2 minutes"},"schema":{"@context":"https:\/\/schema.org","@graph":[{"@type":"WebPage","@id":"https:\/\/respiart.ca\/shop\/dreamstation-2-auto-cpap-advanced\/","url":"https:\/\/respiart.ca\/shop\/dreamstation-2-auto-cpap-advanced\/","name":"DreamStation 2 Auto CPAP Avanc\u00e9 | Repiart - Inhaloth\u00e9rapeute Montr\u00e9al","isPartOf":{"@id":"https:\/\/respiart.ca\/ar\/#website"},"primaryImageOfPage":{"@id":"https:\/\/respiart.ca\/shop\/dreamstation-2-auto-cpap-advanced\/#primaryimage"},"image":{"@id":"https:\/\/respiart.ca\/shop\/dreamstation-2-auto-cpap-advanced\/#primaryimage"},"thumbnailUrl":"https:\/\/respiart.ca\/wp-content\/uploads\/2024\/06\/49159a1299154c0ebe37ac62013820b0.webp","datePublished":"2024-06-11T20:36:13+00:00","dateModified":"2026-04-23T16:01:48+00:00","description":"La DreamStation 2 Auto CPAP Advanced est un appareil de th\u00e9rapie du sommeil de nouvelle g\u00e9n\u00e9ration con\u00e7u pour une efficacit\u00e9 et une facilit\u00e9 d&#039;utilisation am\u00e9lior\u00e9es. Il comprend un humidificateur et un modem int\u00e9gr\u00e9s, une configuration flexible, des options de confort avanc\u00e9es et des outils complets de gestion des patients, offrant une exp\u00e9rience utilisateur sup\u00e9rieure et de meilleurs r\u00e9sultats th\u00e9rapeutiques.","breadcrumb":{"@id":"https:\/\/respiart.ca\/shop\/dreamstation-2-auto-cpap-advanced\/#breadcrumb"},"inLanguage":"fr-CA","potentialAction":[{"@type":"ReadAction","target":["https:\/\/respiart.ca\/shop\/dreamstation-2-auto-cpap-advanced\/"]}]},{"@type":"ImageObject","inLanguage":"fr-CA","@id":"https:\/\/respiart.ca\/shop\/dreamstation-2-auto-cpap-advanced\/#primaryimage","url":"https:\/\/respiart.ca\/wp-content\/uploads\/2024\/06\/49159a1299154c0ebe37ac62013820b0.webp","contentUrl":"https:\/\/respiart.ca\/wp-content\/uploads\/2024\/06\/49159a1299154c0ebe37ac62013820b0.webp","width":440,"height":265},{"@type":"BreadcrumbList","@id":"https:\/\/respiart.ca\/shop\/dreamstation-2-auto-cpap-advanced\/#breadcrumb","itemListElement":[{"@type":"ListItem","position":1,"name":"Home","item":"https:\/\/respiart.ca\/"},{"@type":"ListItem","position":2,"name":"Shop CPAP","item":"https:\/\/respiart.ca\/shop-cpap\/"},{"@type":"ListItem","position":3,"name":"DreamStation 2 Auto CPAP Advanced"}]},{"@type":"WebSite","@id":"https:\/\/respiart.ca\/ar\/#website","url":"https:\/\/respiart.ca\/ar\/","name":"RespiArt - Apn\u00e9e du sommeil et CPAP","description":"CPAP et tests pour l&#039;apn\u00e9e du sommeil, l&#039;asthme, l&#039;oxym\u00e9trie","publisher":{"@id":"https:\/\/respiart.ca\/ar\/#organization"},"potentialAction":[{"@type":"SearchAction","target":{"@type":"EntryPoint","urlTemplate":"https:\/\/respiart.ca\/ar\/?s={search_term_string}"},"query-input":{"@type":"PropertyValueSpecification","valueRequired":true,"valueName":"search_term_string"}}],"inLanguage":"fr-CA"},{"@type":"Organization","@id":"https:\/\/respiart.ca\/ar\/#organization","name":"RespiArt - Apn\u00e9e du sommeil et CPAP","url":"https:\/\/respiart.ca\/ar\/","logo":{"@type":"ImageObject","inLanguage":"fr-CA","@id":"https:\/\/respiart.ca\/ar\/#\/schema\/logo\/image\/","url":"https:\/\/respiart.ca\/wp-content\/uploads\/2022\/05\/Respiart-logo-1-e1651540192142.png","contentUrl":"https:\/\/respiart.ca\/wp-content\/uploads\/2022\/05\/Respiart-logo-1-e1651540192142.png","width":237,"height":61,"caption":"RespiArt - Sleep apnea & CPAPs"},"image":{"@id":"https:\/\/respiart.ca\/ar\/#\/schema\/logo\/image\/"}}]}},"_links":{"self":[{"href":"https:\/\/respiart.ca\/fr\/wp-json\/wp\/v2\/product\/4704","targetHints":{"allow":["GET"]}}],"collection":[{"href":"https:\/\/respiart.ca\/fr\/wp-json\/wp\/v2\/product"}],"about":[{"href":"https:\/\/respiart.ca\/fr\/wp-json\/wp\/v2\/types\/product"}],"replies":[{"embeddable":true,"href":"https:\/\/respiart.ca\/fr\/wp-json\/wp\/v2\/comments?post=4704"}],"wp:featuredmedia":[{"embeddable":true,"href":"https:\/\/respiart.ca\/fr\/wp-json\/wp\/v2\/media\/4705"}],"wp:attachment":[{"href":"https:\/\/respiart.ca\/fr\/wp-json\/wp\/v2\/media?parent=4704"}],"wp:term":[{"taxonomy":"product_brand","embeddable":true,"href":"https:\/\/respiart.ca\/fr\/wp-json\/wp\/v2\/product_brand?post=4704"},{"taxonomy":"product_cat","embeddable":true,"href":"https:\/\/respiart.ca\/fr\/wp-json\/wp\/v2\/product_cat?post=4704"},{"taxonomy":"product_tag","embeddable":true,"href":"https:\/\/respiart.ca\/fr\/wp-json\/wp\/v2\/product_tag?post=4704"}],"curies":[{"name":"wp","href":"https:\/\/api.w.org\/{rel}","templated":true}]}}