{"id":4708,"date":"2024-06-11T20:42:00","date_gmt":"2024-06-11T20:42:00","guid":{"rendered":"http:\/\/f4i.0cc.mytemp.website\/?post_type=product&#038;p=4708"},"modified":"2025-06-28T04:34:01","modified_gmt":"2025-06-28T04:34:01","slug":"dreamstation-bipap-avaps","status":"publish","type":"product","link":"https:\/\/respiart.ca\/fr\/shop\/dreamstation-bipap-avaps\/","title":{"rendered":"DreamStation BiPAP AVAPS"},"content":{"rendered":"<h2>DreamStation BiPAP AVAPS\u00a0: solutions adaptatives pour l&#039;\u00e9volution des besoins respiratoires<\/h2>\n<p>Les patients atteints de maladies respiratoires chroniques sont souvent confront\u00e9s \u00e0 des exigences th\u00e9rapeutiques changeantes. Les solutions de ventilation non invasive DreamStation BiPAP AVAPS sont con\u00e7ues pour r\u00e9pondre \u00e0 ces besoins dynamiques, en fournissant des soins adaptables et r\u00e9actifs. Tirant parti de solutions th\u00e9rapeutiques cliniquement prouv\u00e9es, les ventilateurs DreamStation s&#039;adaptent aux demandes changeantes de chaque patient, garantissant un traitement efficace et personnalis\u00e9. Cette adaptabilit\u00e9 contribue \u00e0 stabiliser et \u00e0 normaliser la ventilation, am\u00e9liorant ainsi les r\u00e9sultats pour les patients.<\/p>\n<p>En employant une technologie de pointe, DreamStation BiPAP AVAPS aide \u00e0 la fois les patients et les prestataires de soins de sant\u00e9 \u00e0 g\u00e9rer plus efficacement les maladies respiratoires chroniques. Ces ventilateurs offrent une approche th\u00e9rapeutique sur mesure, r\u00e9pondant aux besoins uniques de chaque patient \u00e0 mesure qu&#039;ils surviennent. D\u00e9couvrez la diff\u00e9rence avec DreamStation BiPAP AVAPS, o\u00f9 des solutions innovantes r\u00e9pondent aux complexit\u00e9s des soins respiratoires chroniques.<\/p>","protected":false},"excerpt":{"rendered":"<p>Les solutions de ventilation non invasive DreamStation BiPAP AVAPS sont con\u00e7ues pour s&#039;adapter aux besoins th\u00e9rapeutiques changeants des patients atteints de maladies respiratoires chroniques. Gr\u00e2ce \u00e0 une th\u00e9rapie cliniquement prouv\u00e9e, ces ventilateurs s&#039;adaptent aux demandes des patients, normalisant la ventilation et am\u00e9liorant les soins.<\/p>","protected":false},"featured_media":4710,"comment_status":"open","ping_status":"closed","template":"","meta":[],"product_brand":[],"product_cat":[118,117],"product_tag":[],"class_list":{"0":"post-4708","1":"product","2":"type-product","3":"status-publish","4":"has-post-thumbnail","6":"product_cat-bipap-machines","7":"product_cat-philips","9":"first","10":"instock","11":"taxable","12":"shipping-taxable","13":"purchasable","14":"product-type-simple"},"yoast_head":"<!-- This site is optimized with the Yoast SEO plugin v27.3 - https:\/\/yoast.com\/product\/yoast-seo-wordpress\/ -->\n<title>DreamStation BiPAP AVAPS | Respiart - Respiratory therapist Montreal<\/title>\n<meta name=\"description\" content=\"DreamStation BiPAP AVAPS noninvasive ventilation solutions are designed to adapt to the changing therapeutic needs of patients with chronic respiratory disease. Using clinically proven therapy, these ventilators adjust to patient demands, normalizing ventilation and enhancing care.\" \/>\n<meta name=\"robots\" content=\"index, follow, max-snippet:-1, max-image-preview:large, max-video-preview:-1\" \/>\n<link rel=\"canonical\" href=\"https:\/\/respiart.ca\/fr\/magasin\/dreamstation-bipap-avaps\/\" \/>\n<meta property=\"og:locale\" content=\"fr_CA\" \/>\n<meta property=\"og:type\" content=\"article\" \/>\n<meta property=\"og:title\" content=\"DreamStation BiPAP AVAPS | Respiart - Respiratory therapist Montreal\" \/>\n<meta property=\"og:description\" content=\"DreamStation BiPAP AVAPS noninvasive ventilation solutions are designed to adapt to the changing therapeutic needs of patients with chronic respiratory disease. Using clinically proven therapy, these ventilators adjust to patient demands, normalizing ventilation and enhancing care.\" \/>\n<meta property=\"og:url\" content=\"https:\/\/respiart.ca\/fr\/magasin\/dreamstation-bipap-avaps\/\" \/>\n<meta property=\"og:site_name\" content=\"Respiart - Respiratory therapist Montreal\" \/>\n<meta property=\"article:modified_time\" content=\"2025-06-28T04:34:01+00:00\" \/>\n<meta property=\"og:image\" content=\"https:\/\/respiart.ca\/wp-content\/uploads\/2024\/06\/3d3a135662fc4df297acaba500e271d8.webp\" \/>\n\t<meta property=\"og:image:width\" content=\"420\" \/>\n\t<meta property=\"og:image:height\" content=\"360\" \/>\n\t<meta property=\"og:image:type\" content=\"image\/webp\" \/>\n<meta name=\"twitter:card\" content=\"summary_large_image\" \/>\n<meta name=\"twitter:label1\" content=\"Estimation du temps de lecture\" \/>\n\t<meta name=\"twitter:data1\" content=\"1 minute\" \/>\n<script type=\"application\/ld+json\" class=\"yoast-schema-graph\">{\"@context\":\"https:\\\/\\\/schema.org\",\"@graph\":[{\"@type\":\"WebPage\",\"@id\":\"https:\\\/\\\/respiart.ca\\\/shop\\\/dreamstation-bipap-avaps\\\/\",\"url\":\"https:\\\/\\\/respiart.ca\\\/shop\\\/dreamstation-bipap-avaps\\\/\",\"name\":\"DreamStation BiPAP AVAPS | Respiart - Respiratory therapist Montreal\",\"isPartOf\":{\"@id\":\"https:\\\/\\\/respiart.ca\\\/ar\\\/#website\"},\"primaryImageOfPage\":{\"@id\":\"https:\\\/\\\/respiart.ca\\\/shop\\\/dreamstation-bipap-avaps\\\/#primaryimage\"},\"image\":{\"@id\":\"https:\\\/\\\/respiart.ca\\\/shop\\\/dreamstation-bipap-avaps\\\/#primaryimage\"},\"thumbnailUrl\":\"https:\\\/\\\/respiart.ca\\\/wp-content\\\/uploads\\\/2024\\\/06\\\/3d3a135662fc4df297acaba500e271d8.webp\",\"datePublished\":\"2024-06-11T20:42:00+00:00\",\"dateModified\":\"2025-06-28T04:34:01+00:00\",\"description\":\"DreamStation BiPAP AVAPS noninvasive ventilation solutions are designed to adapt to the changing therapeutic needs of patients with chronic respiratory disease. Using clinically proven therapy, these ventilators adjust to patient demands, normalizing ventilation and enhancing care.\",\"breadcrumb\":{\"@id\":\"https:\\\/\\\/respiart.ca\\\/shop\\\/dreamstation-bipap-avaps\\\/#breadcrumb\"},\"inLanguage\":\"fr-CA\",\"potentialAction\":[{\"@type\":\"ReadAction\",\"target\":[\"https:\\\/\\\/respiart.ca\\\/shop\\\/dreamstation-bipap-avaps\\\/\"]}]},{\"@type\":\"ImageObject\",\"inLanguage\":\"fr-CA\",\"@id\":\"https:\\\/\\\/respiart.ca\\\/shop\\\/dreamstation-bipap-avaps\\\/#primaryimage\",\"url\":\"https:\\\/\\\/respiart.ca\\\/wp-content\\\/uploads\\\/2024\\\/06\\\/3d3a135662fc4df297acaba500e271d8.webp\",\"contentUrl\":\"https:\\\/\\\/respiart.ca\\\/wp-content\\\/uploads\\\/2024\\\/06\\\/3d3a135662fc4df297acaba500e271d8.webp\",\"width\":420,\"height\":360},{\"@type\":\"BreadcrumbList\",\"@id\":\"https:\\\/\\\/respiart.ca\\\/shop\\\/dreamstation-bipap-avaps\\\/#breadcrumb\",\"itemListElement\":[{\"@type\":\"ListItem\",\"position\":1,\"name\":\"Home\",\"item\":\"https:\\\/\\\/respiart.ca\\\/\"},{\"@type\":\"ListItem\",\"position\":2,\"name\":\"Shop CPAP\",\"item\":\"https:\\\/\\\/respiart.ca\\\/ar\\\/%d9%85%d8%aa%d8%ac%d8%b1-cpap\\\/\"},{\"@type\":\"ListItem\",\"position\":3,\"name\":\"DreamStation BiPAP AVAPS\"}]},{\"@type\":\"WebSite\",\"@id\":\"https:\\\/\\\/respiart.ca\\\/ar\\\/#website\",\"url\":\"https:\\\/\\\/respiart.ca\\\/ar\\\/\",\"name\":\"RespiArt - Sleep apnea & CPAPs\",\"description\":\"CPAPs and tests for sleep apnea, asthma, oximetry\",\"publisher\":{\"@id\":\"https:\\\/\\\/respiart.ca\\\/ar\\\/#organization\"},\"potentialAction\":[{\"@type\":\"SearchAction\",\"target\":{\"@type\":\"EntryPoint\",\"urlTemplate\":\"https:\\\/\\\/respiart.ca\\\/ar\\\/?s={search_term_string}\"},\"query-input\":{\"@type\":\"PropertyValueSpecification\",\"valueRequired\":true,\"valueName\":\"search_term_string\"}}],\"inLanguage\":\"fr-CA\"},{\"@type\":\"Organization\",\"@id\":\"https:\\\/\\\/respiart.ca\\\/ar\\\/#organization\",\"name\":\"RespiArt - Sleep apnea & CPAPs\",\"url\":\"https:\\\/\\\/respiart.ca\\\/ar\\\/\",\"logo\":{\"@type\":\"ImageObject\",\"inLanguage\":\"fr-CA\",\"@id\":\"https:\\\/\\\/respiart.ca\\\/ar\\\/#\\\/schema\\\/logo\\\/image\\\/\",\"url\":\"https:\\\/\\\/respiart.ca\\\/wp-content\\\/uploads\\\/2022\\\/05\\\/Respiart-logo-1-e1651540192142.png\",\"contentUrl\":\"https:\\\/\\\/respiart.ca\\\/wp-content\\\/uploads\\\/2022\\\/05\\\/Respiart-logo-1-e1651540192142.png\",\"width\":237,\"height\":61,\"caption\":\"RespiArt - Sleep apnea & CPAPs\"},\"image\":{\"@id\":\"https:\\\/\\\/respiart.ca\\\/ar\\\/#\\\/schema\\\/logo\\\/image\\\/\"}}]}<\/script>\n<!-- \/ Yoast SEO plugin. -->","yoast_head_json":{"title":"DreamStation BiPAP AVAPS | Repiart - Inhaloth\u00e9rapeute Montr\u00e9al","description":"Les solutions de ventilation non invasive DreamStation BiPAP AVAPS sont con\u00e7ues pour s&#039;adapter aux besoins th\u00e9rapeutiques changeants des patients atteints de maladies respiratoires chroniques. Gr\u00e2ce \u00e0 une th\u00e9rapie cliniquement prouv\u00e9e, ces ventilateurs s&#039;adaptent aux demandes des patients, normalisant la ventilation et am\u00e9liorant les soins.","robots":{"index":"index","follow":"follow","max-snippet":"max-snippet:-1","max-image-preview":"max-image-preview:large","max-video-preview":"max-video-preview:-1"},"canonical":"https:\/\/respiart.ca\/fr\/magasin\/dreamstation-bipap-avaps\/","og_locale":"fr_CA","og_type":"article","og_title":"DreamStation BiPAP AVAPS | Respiart - Respiratory therapist Montreal","og_description":"DreamStation BiPAP AVAPS noninvasive ventilation solutions are designed to adapt to the changing therapeutic needs of patients with chronic respiratory disease. Using clinically proven therapy, these ventilators adjust to patient demands, normalizing ventilation and enhancing care.","og_url":"https:\/\/respiart.ca\/fr\/magasin\/dreamstation-bipap-avaps\/","og_site_name":"Respiart - Respiratory therapist Montreal","article_modified_time":"2025-06-28T04:34:01+00:00","og_image":[{"width":420,"height":360,"url":"https:\/\/respiart.ca\/wp-content\/uploads\/2024\/06\/3d3a135662fc4df297acaba500e271d8.webp","type":"image\/webp"}],"twitter_card":"summary_large_image","twitter_misc":{"Estimation du temps de lecture":"1 minute"},"schema":{"@context":"https:\/\/schema.org","@graph":[{"@type":"WebPage","@id":"https:\/\/respiart.ca\/shop\/dreamstation-bipap-avaps\/","url":"https:\/\/respiart.ca\/shop\/dreamstation-bipap-avaps\/","name":"DreamStation BiPAP AVAPS | Repiart - Inhaloth\u00e9rapeute Montr\u00e9al","isPartOf":{"@id":"https:\/\/respiart.ca\/ar\/#website"},"primaryImageOfPage":{"@id":"https:\/\/respiart.ca\/shop\/dreamstation-bipap-avaps\/#primaryimage"},"image":{"@id":"https:\/\/respiart.ca\/shop\/dreamstation-bipap-avaps\/#primaryimage"},"thumbnailUrl":"https:\/\/respiart.ca\/wp-content\/uploads\/2024\/06\/3d3a135662fc4df297acaba500e271d8.webp","datePublished":"2024-06-11T20:42:00+00:00","dateModified":"2025-06-28T04:34:01+00:00","description":"Les solutions de ventilation non invasive DreamStation BiPAP AVAPS sont con\u00e7ues pour s&#039;adapter aux besoins th\u00e9rapeutiques changeants des patients atteints de maladies respiratoires chroniques. Gr\u00e2ce \u00e0 une th\u00e9rapie cliniquement prouv\u00e9e, ces ventilateurs s&#039;adaptent aux demandes des patients, normalisant la ventilation et am\u00e9liorant les soins.","breadcrumb":{"@id":"https:\/\/respiart.ca\/shop\/dreamstation-bipap-avaps\/#breadcrumb"},"inLanguage":"fr-CA","potentialAction":[{"@type":"ReadAction","target":["https:\/\/respiart.ca\/shop\/dreamstation-bipap-avaps\/"]}]},{"@type":"ImageObject","inLanguage":"fr-CA","@id":"https:\/\/respiart.ca\/shop\/dreamstation-bipap-avaps\/#primaryimage","url":"https:\/\/respiart.ca\/wp-content\/uploads\/2024\/06\/3d3a135662fc4df297acaba500e271d8.webp","contentUrl":"https:\/\/respiart.ca\/wp-content\/uploads\/2024\/06\/3d3a135662fc4df297acaba500e271d8.webp","width":420,"height":360},{"@type":"BreadcrumbList","@id":"https:\/\/respiart.ca\/shop\/dreamstation-bipap-avaps\/#breadcrumb","itemListElement":[{"@type":"ListItem","position":1,"name":"Home","item":"https:\/\/respiart.ca\/"},{"@type":"ListItem","position":2,"name":"Shop CPAP","item":"https:\/\/respiart.ca\/ar\/%d9%85%d8%aa%d8%ac%d8%b1-cpap\/"},{"@type":"ListItem","position":3,"name":"DreamStation BiPAP AVAPS"}]},{"@type":"WebSite","@id":"https:\/\/respiart.ca\/ar\/#website","url":"https:\/\/respiart.ca\/ar\/","name":"RespiArt - Apn\u00e9e du sommeil et CPAP","description":"CPAP et tests pour l&#039;apn\u00e9e du sommeil, l&#039;asthme, l&#039;oxym\u00e9trie","publisher":{"@id":"https:\/\/respiart.ca\/ar\/#organization"},"potentialAction":[{"@type":"SearchAction","target":{"@type":"EntryPoint","urlTemplate":"https:\/\/respiart.ca\/ar\/?s={search_term_string}"},"query-input":{"@type":"PropertyValueSpecification","valueRequired":true,"valueName":"search_term_string"}}],"inLanguage":"fr-CA"},{"@type":"Organization","@id":"https:\/\/respiart.ca\/ar\/#organization","name":"RespiArt - Apn\u00e9e du sommeil et CPAP","url":"https:\/\/respiart.ca\/ar\/","logo":{"@type":"ImageObject","inLanguage":"fr-CA","@id":"https:\/\/respiart.ca\/ar\/#\/schema\/logo\/image\/","url":"https:\/\/respiart.ca\/wp-content\/uploads\/2022\/05\/Respiart-logo-1-e1651540192142.png","contentUrl":"https:\/\/respiart.ca\/wp-content\/uploads\/2022\/05\/Respiart-logo-1-e1651540192142.png","width":237,"height":61,"caption":"RespiArt - Sleep apnea & CPAPs"},"image":{"@id":"https:\/\/respiart.ca\/ar\/#\/schema\/logo\/image\/"}}]}},"_links":{"self":[{"href":"https:\/\/respiart.ca\/fr\/wp-json\/wp\/v2\/product\/4708","targetHints":{"allow":["GET"]}}],"collection":[{"href":"https:\/\/respiart.ca\/fr\/wp-json\/wp\/v2\/product"}],"about":[{"href":"https:\/\/respiart.ca\/fr\/wp-json\/wp\/v2\/types\/product"}],"replies":[{"embeddable":true,"href":"https:\/\/respiart.ca\/fr\/wp-json\/wp\/v2\/comments?post=4708"}],"wp:featuredmedia":[{"embeddable":true,"href":"https:\/\/respiart.ca\/fr\/wp-json\/wp\/v2\/media\/4710"}],"wp:attachment":[{"href":"https:\/\/respiart.ca\/fr\/wp-json\/wp\/v2\/media?parent=4708"}],"wp:term":[{"taxonomy":"product_brand","embeddable":true,"href":"https:\/\/respiart.ca\/fr\/wp-json\/wp\/v2\/product_brand?post=4708"},{"taxonomy":"product_cat","embeddable":true,"href":"https:\/\/respiart.ca\/fr\/wp-json\/wp\/v2\/product_cat?post=4708"},{"taxonomy":"product_tag","embeddable":true,"href":"https:\/\/respiart.ca\/fr\/wp-json\/wp\/v2\/product_tag?post=4708"}],"curies":[{"name":"wp","href":"https:\/\/api.w.org\/{rel}","templated":true}]}}