{"id":4711,"date":"2024-06-11T20:43:57","date_gmt":"2024-06-11T20:43:57","guid":{"rendered":"http:\/\/f4i.0cc.mytemp.website\/?post_type=product&#038;p=4711"},"modified":"2026-04-04T10:48:18","modified_gmt":"2026-04-04T10:48:18","slug":"dreamstation-bipap-autosv","status":"publish","type":"product","link":"https:\/\/respiart.ca\/fr\/shop\/dreamstation-bipap-autosv\/","title":{"rendered":"DreamStation BiPAP autoSV"},"content":{"rendered":"<h2>DreamStation BiPAP autoSV\u00a0: ventilation sur mesure pour les troubles du sommeil complexes<\/h2>\n<p>Pour les patients souffrant d&#039;apn\u00e9e centrale du sommeil, d&#039;apn\u00e9e complexe du sommeil et de respiration p\u00e9riodique, la DreamStation BiPAP autoSV est con\u00e7ue pour fournir une ventilation optimale avec une intervention minimale. Cet appareil avanc\u00e9 utilise un algorithme cliniquement prouv\u00e9 qui offre une assistance pr\u00e9cis\u00e9ment lorsque cela est n\u00e9cessaire, fonctionnant de mani\u00e8re transparente avec les sch\u00e9mas respiratoires naturels du patient. En minimisant la pression appliqu\u00e9e, l&#039;assistance inspiratoire et les respirations artificielles, la DreamStation BiPAP autoSV garantit aux patients une exp\u00e9rience de sommeil confortable et r\u00e9paratrice.<\/p>\n<p>La DreamStation BiPAP autoSV est con\u00e7ue pour am\u00e9liorer le confort du patient tout en g\u00e9rant efficacement les troubles du sommeil complexes. Son algorithme intelligent ajuste la ventilation en temps r\u00e9el, garantissant que chaque respiration est soutenue de mani\u00e8re appropri\u00e9e sans pression inutile. Cette approche am\u00e9liore non seulement la qualit\u00e9 du sommeil, mais am\u00e9liore \u00e9galement l\u2019observance globale du traitement. D\u00e9couvrez les avantages de DreamStation BiPAP autoSV, o\u00f9 une technologie innovante r\u00e9pond aux besoins des patients souffrant de conditions de sommeil complexes.<\/p>","protected":false},"excerpt":{"rendered":"<p>La DreamStation BiPAP autoSV est con\u00e7ue pour les patients souffrant d&#039;apn\u00e9e centrale du sommeil, d&#039;apn\u00e9e complexe du sommeil et de respiration p\u00e9riodique, offrant une ventilation optimale avec une intervention minimale. Son algorithme cliniquement prouv\u00e9 s&#039;aligne sur les sch\u00e9mas respiratoires du patient pour r\u00e9duire la pression et le soutien, garantissant ainsi un sommeil confortable et r\u00e9parateur et une meilleure observance du traitement.<\/p>","protected":false},"featured_media":4712,"comment_status":"open","ping_status":"closed","template":"","meta":[],"product_brand":[],"product_cat":[118,117],"product_tag":[],"class_list":{"0":"post-4711","1":"product","2":"type-product","3":"status-publish","4":"has-post-thumbnail","6":"product_cat-bipap-machines","7":"product_cat-philips","8":"product_shipping_class-price","10":"first","11":"instock","12":"taxable","13":"shipping-taxable","14":"purchasable","15":"product-type-simple"},"yoast_head":"<!-- This site is optimized with the Yoast SEO plugin v27.3 - https:\/\/yoast.com\/product\/yoast-seo-wordpress\/ -->\n<title>DreamStation BiPAP autoSV | Respiart - Respiratory therapist Montreal<\/title>\n<meta name=\"description\" content=\"The DreamStation BiPAP autoSV is tailored for patients with central sleep apnea, complex sleep apnea, and periodic breathing, offering optimal ventilation with minimal intervention. Its clinically proven algorithm aligns with patient breathing patterns to reduce pressure and support, ensuring comfortable, restful sleep and improved therapy adherence.\" \/>\n<meta name=\"robots\" content=\"index, follow, max-snippet:-1, max-image-preview:large, max-video-preview:-1\" \/>\n<link rel=\"canonical\" href=\"https:\/\/respiart.ca\/fr\/magasin\/dreamstation-bipap-autosv\/\" \/>\n<meta property=\"og:locale\" content=\"fr_CA\" \/>\n<meta property=\"og:type\" content=\"article\" \/>\n<meta property=\"og:title\" content=\"DreamStation BiPAP autoSV | Respiart - Respiratory therapist Montreal\" \/>\n<meta property=\"og:description\" content=\"The DreamStation BiPAP autoSV is tailored for patients with central sleep apnea, complex sleep apnea, and periodic breathing, offering optimal ventilation with minimal intervention. Its clinically proven algorithm aligns with patient breathing patterns to reduce pressure and support, ensuring comfortable, restful sleep and improved therapy adherence.\" \/>\n<meta property=\"og:url\" content=\"https:\/\/respiart.ca\/fr\/magasin\/dreamstation-bipap-autosv\/\" \/>\n<meta property=\"og:site_name\" content=\"Respiart - Respiratory therapist Montreal\" \/>\n<meta property=\"article:modified_time\" content=\"2026-04-04T10:48:18+00:00\" \/>\n<meta property=\"og:image\" content=\"https:\/\/respiart.ca\/wp-content\/uploads\/2024\/06\/a4a2032f87194a498407a82d012ecc70.webp\" \/>\n\t<meta property=\"og:image:width\" content=\"420\" \/>\n\t<meta property=\"og:image:height\" content=\"360\" \/>\n\t<meta property=\"og:image:type\" content=\"image\/webp\" \/>\n<meta name=\"twitter:card\" content=\"summary_large_image\" \/>\n<meta name=\"twitter:label1\" content=\"Estimation du temps de lecture\" \/>\n\t<meta name=\"twitter:data1\" content=\"1 minute\" \/>\n<script type=\"application\/ld+json\" class=\"yoast-schema-graph\">{\"@context\":\"https:\\\/\\\/schema.org\",\"@graph\":[{\"@type\":\"WebPage\",\"@id\":\"https:\\\/\\\/respiart.ca\\\/shop\\\/dreamstation-bipap-autosv\\\/\",\"url\":\"https:\\\/\\\/respiart.ca\\\/shop\\\/dreamstation-bipap-autosv\\\/\",\"name\":\"DreamStation BiPAP autoSV | Respiart - Respiratory therapist Montreal\",\"isPartOf\":{\"@id\":\"https:\\\/\\\/respiart.ca\\\/ar\\\/#website\"},\"primaryImageOfPage\":{\"@id\":\"https:\\\/\\\/respiart.ca\\\/shop\\\/dreamstation-bipap-autosv\\\/#primaryimage\"},\"image\":{\"@id\":\"https:\\\/\\\/respiart.ca\\\/shop\\\/dreamstation-bipap-autosv\\\/#primaryimage\"},\"thumbnailUrl\":\"https:\\\/\\\/respiart.ca\\\/wp-content\\\/uploads\\\/2024\\\/06\\\/a4a2032f87194a498407a82d012ecc70.webp\",\"datePublished\":\"2024-06-11T20:43:57+00:00\",\"dateModified\":\"2026-04-04T10:48:18+00:00\",\"description\":\"The DreamStation BiPAP autoSV is tailored for patients with central sleep apnea, complex sleep apnea, and periodic breathing, offering optimal ventilation with minimal intervention. Its clinically proven algorithm aligns with patient breathing patterns to reduce pressure and support, ensuring comfortable, restful sleep and improved therapy adherence.\",\"breadcrumb\":{\"@id\":\"https:\\\/\\\/respiart.ca\\\/shop\\\/dreamstation-bipap-autosv\\\/#breadcrumb\"},\"inLanguage\":\"fr-CA\",\"potentialAction\":[{\"@type\":\"ReadAction\",\"target\":[\"https:\\\/\\\/respiart.ca\\\/shop\\\/dreamstation-bipap-autosv\\\/\"]}]},{\"@type\":\"ImageObject\",\"inLanguage\":\"fr-CA\",\"@id\":\"https:\\\/\\\/respiart.ca\\\/shop\\\/dreamstation-bipap-autosv\\\/#primaryimage\",\"url\":\"https:\\\/\\\/respiart.ca\\\/wp-content\\\/uploads\\\/2024\\\/06\\\/a4a2032f87194a498407a82d012ecc70.webp\",\"contentUrl\":\"https:\\\/\\\/respiart.ca\\\/wp-content\\\/uploads\\\/2024\\\/06\\\/a4a2032f87194a498407a82d012ecc70.webp\",\"width\":420,\"height\":360},{\"@type\":\"BreadcrumbList\",\"@id\":\"https:\\\/\\\/respiart.ca\\\/shop\\\/dreamstation-bipap-autosv\\\/#breadcrumb\",\"itemListElement\":[{\"@type\":\"ListItem\",\"position\":1,\"name\":\"Home\",\"item\":\"https:\\\/\\\/respiart.ca\\\/\"},{\"@type\":\"ListItem\",\"position\":2,\"name\":\"Shop CPAP\",\"item\":\"https:\\\/\\\/respiart.ca\\\/ar\\\/%d9%85%d8%aa%d8%ac%d8%b1-cpap\\\/\"},{\"@type\":\"ListItem\",\"position\":3,\"name\":\"DreamStation BiPAP autoSV\"}]},{\"@type\":\"WebSite\",\"@id\":\"https:\\\/\\\/respiart.ca\\\/ar\\\/#website\",\"url\":\"https:\\\/\\\/respiart.ca\\\/ar\\\/\",\"name\":\"RespiArt - Sleep apnea & CPAPs\",\"description\":\"CPAPs and tests for sleep apnea, asthma, oximetry\",\"publisher\":{\"@id\":\"https:\\\/\\\/respiart.ca\\\/ar\\\/#organization\"},\"potentialAction\":[{\"@type\":\"SearchAction\",\"target\":{\"@type\":\"EntryPoint\",\"urlTemplate\":\"https:\\\/\\\/respiart.ca\\\/ar\\\/?s={search_term_string}\"},\"query-input\":{\"@type\":\"PropertyValueSpecification\",\"valueRequired\":true,\"valueName\":\"search_term_string\"}}],\"inLanguage\":\"fr-CA\"},{\"@type\":\"Organization\",\"@id\":\"https:\\\/\\\/respiart.ca\\\/ar\\\/#organization\",\"name\":\"RespiArt - Sleep apnea & CPAPs\",\"url\":\"https:\\\/\\\/respiart.ca\\\/ar\\\/\",\"logo\":{\"@type\":\"ImageObject\",\"inLanguage\":\"fr-CA\",\"@id\":\"https:\\\/\\\/respiart.ca\\\/ar\\\/#\\\/schema\\\/logo\\\/image\\\/\",\"url\":\"https:\\\/\\\/respiart.ca\\\/wp-content\\\/uploads\\\/2022\\\/05\\\/Respiart-logo-1-e1651540192142.png\",\"contentUrl\":\"https:\\\/\\\/respiart.ca\\\/wp-content\\\/uploads\\\/2022\\\/05\\\/Respiart-logo-1-e1651540192142.png\",\"width\":237,\"height\":61,\"caption\":\"RespiArt - Sleep apnea & CPAPs\"},\"image\":{\"@id\":\"https:\\\/\\\/respiart.ca\\\/ar\\\/#\\\/schema\\\/logo\\\/image\\\/\"}}]}<\/script>\n<!-- \/ Yoast SEO plugin. -->","yoast_head_json":{"title":"DreamStation BiPAP autoSV | Repiart - Inhaloth\u00e9rapeute Montr\u00e9al","description":"La DreamStation BiPAP autoSV est con\u00e7ue pour les patients souffrant d&#039;apn\u00e9e centrale du sommeil, d&#039;apn\u00e9e complexe du sommeil et de respiration p\u00e9riodique, offrant une ventilation optimale avec une intervention minimale. Son algorithme cliniquement prouv\u00e9 s&#039;aligne sur les sch\u00e9mas respiratoires du patient pour r\u00e9duire la pression et le soutien, garantissant ainsi un sommeil confortable et r\u00e9parateur et une meilleure observance du traitement.","robots":{"index":"index","follow":"follow","max-snippet":"max-snippet:-1","max-image-preview":"max-image-preview:large","max-video-preview":"max-video-preview:-1"},"canonical":"https:\/\/respiart.ca\/fr\/magasin\/dreamstation-bipap-autosv\/","og_locale":"fr_CA","og_type":"article","og_title":"DreamStation BiPAP autoSV | Respiart - Respiratory therapist Montreal","og_description":"The DreamStation BiPAP autoSV is tailored for patients with central sleep apnea, complex sleep apnea, and periodic breathing, offering optimal ventilation with minimal intervention. Its clinically proven algorithm aligns with patient breathing patterns to reduce pressure and support, ensuring comfortable, restful sleep and improved therapy adherence.","og_url":"https:\/\/respiart.ca\/fr\/magasin\/dreamstation-bipap-autosv\/","og_site_name":"Respiart - Respiratory therapist Montreal","article_modified_time":"2026-04-04T10:48:18+00:00","og_image":[{"width":420,"height":360,"url":"https:\/\/respiart.ca\/wp-content\/uploads\/2024\/06\/a4a2032f87194a498407a82d012ecc70.webp","type":"image\/webp"}],"twitter_card":"summary_large_image","twitter_misc":{"Estimation du temps de lecture":"1 minute"},"schema":{"@context":"https:\/\/schema.org","@graph":[{"@type":"WebPage","@id":"https:\/\/respiart.ca\/shop\/dreamstation-bipap-autosv\/","url":"https:\/\/respiart.ca\/shop\/dreamstation-bipap-autosv\/","name":"DreamStation BiPAP autoSV | Repiart - Inhaloth\u00e9rapeute Montr\u00e9al","isPartOf":{"@id":"https:\/\/respiart.ca\/ar\/#website"},"primaryImageOfPage":{"@id":"https:\/\/respiart.ca\/shop\/dreamstation-bipap-autosv\/#primaryimage"},"image":{"@id":"https:\/\/respiart.ca\/shop\/dreamstation-bipap-autosv\/#primaryimage"},"thumbnailUrl":"https:\/\/respiart.ca\/wp-content\/uploads\/2024\/06\/a4a2032f87194a498407a82d012ecc70.webp","datePublished":"2024-06-11T20:43:57+00:00","dateModified":"2026-04-04T10:48:18+00:00","description":"La DreamStation BiPAP autoSV est con\u00e7ue pour les patients souffrant d&#039;apn\u00e9e centrale du sommeil, d&#039;apn\u00e9e complexe du sommeil et de respiration p\u00e9riodique, offrant une ventilation optimale avec une intervention minimale. Son algorithme cliniquement prouv\u00e9 s&#039;aligne sur les sch\u00e9mas respiratoires du patient pour r\u00e9duire la pression et le soutien, garantissant ainsi un sommeil confortable et r\u00e9parateur et une meilleure observance du traitement.","breadcrumb":{"@id":"https:\/\/respiart.ca\/shop\/dreamstation-bipap-autosv\/#breadcrumb"},"inLanguage":"fr-CA","potentialAction":[{"@type":"ReadAction","target":["https:\/\/respiart.ca\/shop\/dreamstation-bipap-autosv\/"]}]},{"@type":"ImageObject","inLanguage":"fr-CA","@id":"https:\/\/respiart.ca\/shop\/dreamstation-bipap-autosv\/#primaryimage","url":"https:\/\/respiart.ca\/wp-content\/uploads\/2024\/06\/a4a2032f87194a498407a82d012ecc70.webp","contentUrl":"https:\/\/respiart.ca\/wp-content\/uploads\/2024\/06\/a4a2032f87194a498407a82d012ecc70.webp","width":420,"height":360},{"@type":"BreadcrumbList","@id":"https:\/\/respiart.ca\/shop\/dreamstation-bipap-autosv\/#breadcrumb","itemListElement":[{"@type":"ListItem","position":1,"name":"Home","item":"https:\/\/respiart.ca\/"},{"@type":"ListItem","position":2,"name":"Shop CPAP","item":"https:\/\/respiart.ca\/ar\/%d9%85%d8%aa%d8%ac%d8%b1-cpap\/"},{"@type":"ListItem","position":3,"name":"DreamStation BiPAP autoSV"}]},{"@type":"WebSite","@id":"https:\/\/respiart.ca\/ar\/#website","url":"https:\/\/respiart.ca\/ar\/","name":"RespiArt - Apn\u00e9e du sommeil et CPAP","description":"CPAP et tests pour l&#039;apn\u00e9e du sommeil, l&#039;asthme, l&#039;oxym\u00e9trie","publisher":{"@id":"https:\/\/respiart.ca\/ar\/#organization"},"potentialAction":[{"@type":"SearchAction","target":{"@type":"EntryPoint","urlTemplate":"https:\/\/respiart.ca\/ar\/?s={search_term_string}"},"query-input":{"@type":"PropertyValueSpecification","valueRequired":true,"valueName":"search_term_string"}}],"inLanguage":"fr-CA"},{"@type":"Organization","@id":"https:\/\/respiart.ca\/ar\/#organization","name":"RespiArt - Apn\u00e9e du sommeil et CPAP","url":"https:\/\/respiart.ca\/ar\/","logo":{"@type":"ImageObject","inLanguage":"fr-CA","@id":"https:\/\/respiart.ca\/ar\/#\/schema\/logo\/image\/","url":"https:\/\/respiart.ca\/wp-content\/uploads\/2022\/05\/Respiart-logo-1-e1651540192142.png","contentUrl":"https:\/\/respiart.ca\/wp-content\/uploads\/2022\/05\/Respiart-logo-1-e1651540192142.png","width":237,"height":61,"caption":"RespiArt - Sleep apnea & CPAPs"},"image":{"@id":"https:\/\/respiart.ca\/ar\/#\/schema\/logo\/image\/"}}]}},"_links":{"self":[{"href":"https:\/\/respiart.ca\/fr\/wp-json\/wp\/v2\/product\/4711","targetHints":{"allow":["GET"]}}],"collection":[{"href":"https:\/\/respiart.ca\/fr\/wp-json\/wp\/v2\/product"}],"about":[{"href":"https:\/\/respiart.ca\/fr\/wp-json\/wp\/v2\/types\/product"}],"replies":[{"embeddable":true,"href":"https:\/\/respiart.ca\/fr\/wp-json\/wp\/v2\/comments?post=4711"}],"wp:featuredmedia":[{"embeddable":true,"href":"https:\/\/respiart.ca\/fr\/wp-json\/wp\/v2\/media\/4712"}],"wp:attachment":[{"href":"https:\/\/respiart.ca\/fr\/wp-json\/wp\/v2\/media?parent=4711"}],"wp:term":[{"taxonomy":"product_brand","embeddable":true,"href":"https:\/\/respiart.ca\/fr\/wp-json\/wp\/v2\/product_brand?post=4711"},{"taxonomy":"product_cat","embeddable":true,"href":"https:\/\/respiart.ca\/fr\/wp-json\/wp\/v2\/product_cat?post=4711"},{"taxonomy":"product_tag","embeddable":true,"href":"https:\/\/respiart.ca\/fr\/wp-json\/wp\/v2\/product_tag?post=4711"}],"curies":[{"name":"wp","href":"https:\/\/api.w.org\/{rel}","templated":true}]}}