{"id":4727,"date":"2024-06-12T14:32:13","date_gmt":"2024-06-12T14:32:13","guid":{"rendered":"http:\/\/f4i.0cc.mytemp.website\/?post_type=product&#038;p=4727"},"modified":"2025-04-28T13:57:17","modified_gmt":"2025-04-28T13:57:17","slug":"micro-masque-fp-nova","status":"publish","type":"product","link":"https:\/\/respiart.ca\/fr\/shop\/fp-nova-micro-mask\/","title":{"rendered":"Masque F&amp;P Nova Micro"},"content":{"rendered":"<p><strong>Une exp\u00e9rience de sommeil naturelle<\/strong><\/p>\n<p>F&amp;P Nova Micro\u2122 est notre masque le plus petit et le plus l\u00e9ger \u00e0 ce jour. Pesant moins de 40 grammes. Micro oreillers doux.<\/p>\n<p><strong>Micro-oreillers doux<\/strong><\/p>\n<p>Le coussin en silicone souple repose doucement dans les narines et se gonfle pour s&#039;adapter \u00e0 votre nez, pour plus de confort, de stabilit\u00e9 et de performance.<\/p>\n<p><strong>Couvre-chef facile \u00e0 r\u00e9gler<\/strong><\/p>\n<p>L&#039;ajustement est facile gr\u00e2ce aux r\u00e9glages des deux c\u00f4t\u00e9s : vous pouvez affiner le harnais de chaque c\u00f4t\u00e9 de votre visage, offrant ainsi une libert\u00e9 de mouvement pendant le sommeil.<\/p>\n<p><strong>Exp\u00e9rience des patients<\/strong><\/p>\n<p>Petit et l\u00e9ger, ce qui signifie moins de contact et moins de poids sur votre visage<\/p>","protected":false},"excerpt":{"rendered":"<p><strong>F&amp;P Nova Micro\u2122<\/strong> est le masque le plus petit et le plus l\u00e9ger disponible, pesant moins de 40 grammes. Il comporte:<\/p>\n<p><strong>Micro-oreillers doux\u00a0:<\/strong> Le coussin en silicone souple repose doucement dans les narines et se gonfle pour s&#039;adapter \u00e0 votre nez, assurant confort, stabilit\u00e9 et performance.<\/p>\n<p><strong>Harnais facile \u00e0 r\u00e9gler\u00a0:<\/strong> Les ajustements double face permettent un ajustement facile de chaque c\u00f4t\u00e9 de votre visage, offrant ainsi une libert\u00e9 de mouvement pendant le sommeil.<\/p>\n<p><strong>Exp\u00e9rience des patients\u00a0:<\/strong> La conception petite et l\u00e9g\u00e8re du masque signifie moins de contact et de poids sur votre visage, am\u00e9liorant ainsi le confort g\u00e9n\u00e9ral.<\/p>","protected":false},"featured_media":4728,"comment_status":"open","ping_status":"closed","template":"","meta":[],"product_brand":[],"product_cat":[109,91],"product_tag":[],"class_list":{"0":"post-4727","1":"product","2":"type-product","3":"status-publish","4":"has-post-thumbnail","6":"product_cat-fisherpayckel","7":"product_cat-nasal-pillow-cpap-mask","8":"product_shipping_class-price","10":"first","11":"instock","12":"taxable","13":"shipping-taxable","14":"purchasable","15":"product-type-simple"},"yoast_head":"<!-- This site is optimized with the Yoast SEO plugin v27.4 - https:\/\/yoast.com\/product\/yoast-seo-wordpress\/ -->\n<title>F&amp;P Nova Micro mask | Respiart - Respiratory therapist Montreal<\/title>\n<meta name=\"description\" content=\"F&amp;P Nova Micro\u2122 is the smallest and lightest mask available, weighing under 40 grams. It features:  Soft Micro Pillows: The soft silicone cushion rests gently within the nostrils and inflates to conform to your nose, ensuring comfort, stability, and performance.  Easy-adjusting Headgear: The dual-sided adjustments allow for easy fitting on each side of your face, providing freedom of movement during sleep.  Patient Experience: The mask\u2019s small and lightweight design means less contact and weight on your face, enhancing overall comfort.\" \/>\n<meta name=\"robots\" content=\"index, follow, max-snippet:-1, max-image-preview:large, max-video-preview:-1\" \/>\n<link rel=\"canonical\" href=\"https:\/\/respiart.ca\/fr\/magasin\/micro-masque-fp-nova\/\" \/>\n<meta property=\"og:locale\" content=\"fr_CA\" \/>\n<meta property=\"og:type\" content=\"article\" \/>\n<meta property=\"og:title\" content=\"F&amp;P Nova Micro mask | Respiart - Respiratory therapist Montreal\" \/>\n<meta property=\"og:description\" content=\"F&amp;P Nova Micro\u2122 is the smallest and lightest mask available, weighing under 40 grams. It features:  Soft Micro Pillows: The soft silicone cushion rests gently within the nostrils and inflates to conform to your nose, ensuring comfort, stability, and performance.  Easy-adjusting Headgear: The dual-sided adjustments allow for easy fitting on each side of your face, providing freedom of movement during sleep.  Patient Experience: The mask\u2019s small and lightweight design means less contact and weight on your face, enhancing overall comfort.\" \/>\n<meta property=\"og:url\" content=\"https:\/\/respiart.ca\/fr\/magasin\/micro-masque-fp-nova\/\" \/>\n<meta property=\"og:site_name\" content=\"Respiart - Respiratory therapist Montreal\" \/>\n<meta property=\"article:modified_time\" content=\"2025-04-28T13:57:17+00:00\" \/>\n<meta property=\"og:image\" content=\"https:\/\/respiart.ca\/wp-content\/uploads\/2024\/06\/micr.webp\" \/>\n\t<meta property=\"og:image:width\" content=\"793\" \/>\n\t<meta property=\"og:image:height\" content=\"793\" \/>\n\t<meta property=\"og:image:type\" content=\"image\/webp\" \/>\n<meta name=\"twitter:card\" content=\"summary_large_image\" \/>\n<meta name=\"twitter:label1\" content=\"Estimation du temps de lecture\" \/>\n\t<meta name=\"twitter:data1\" content=\"1 minute\" \/>\n<script type=\"application\/ld+json\" class=\"yoast-schema-graph\">{\"@context\":\"https:\\\/\\\/schema.org\",\"@graph\":[{\"@type\":\"WebPage\",\"@id\":\"https:\\\/\\\/respiart.ca\\\/shop\\\/fp-nova-micro-mask\\\/\",\"url\":\"https:\\\/\\\/respiart.ca\\\/shop\\\/fp-nova-micro-mask\\\/\",\"name\":\"F&P Nova Micro mask | Respiart - Respiratory therapist Montreal\",\"isPartOf\":{\"@id\":\"https:\\\/\\\/respiart.ca\\\/ar\\\/#website\"},\"primaryImageOfPage\":{\"@id\":\"https:\\\/\\\/respiart.ca\\\/shop\\\/fp-nova-micro-mask\\\/#primaryimage\"},\"image\":{\"@id\":\"https:\\\/\\\/respiart.ca\\\/shop\\\/fp-nova-micro-mask\\\/#primaryimage\"},\"thumbnailUrl\":\"https:\\\/\\\/respiart.ca\\\/wp-content\\\/uploads\\\/2024\\\/06\\\/micr.webp\",\"datePublished\":\"2024-06-12T14:32:13+00:00\",\"dateModified\":\"2025-04-28T13:57:17+00:00\",\"description\":\"F&amp;P Nova Micro\u2122 is the smallest and lightest mask available, weighing under 40 grams. It features: Soft Micro Pillows: The soft silicone cushion rests gently within the nostrils and inflates to conform to your nose, ensuring comfort, stability, and performance. Easy-adjusting Headgear: The dual-sided adjustments allow for easy fitting on each side of your face, providing freedom of movement during sleep. Patient Experience: The mask\u2019s small and lightweight design means less contact and weight on your face, enhancing overall comfort.\",\"breadcrumb\":{\"@id\":\"https:\\\/\\\/respiart.ca\\\/shop\\\/fp-nova-micro-mask\\\/#breadcrumb\"},\"inLanguage\":\"fr-CA\",\"potentialAction\":[{\"@type\":\"ReadAction\",\"target\":[\"https:\\\/\\\/respiart.ca\\\/shop\\\/fp-nova-micro-mask\\\/\"]}]},{\"@type\":\"ImageObject\",\"inLanguage\":\"fr-CA\",\"@id\":\"https:\\\/\\\/respiart.ca\\\/shop\\\/fp-nova-micro-mask\\\/#primaryimage\",\"url\":\"https:\\\/\\\/respiart.ca\\\/wp-content\\\/uploads\\\/2024\\\/06\\\/micr.webp\",\"contentUrl\":\"https:\\\/\\\/respiart.ca\\\/wp-content\\\/uploads\\\/2024\\\/06\\\/micr.webp\",\"width\":793,\"height\":793},{\"@type\":\"BreadcrumbList\",\"@id\":\"https:\\\/\\\/respiart.ca\\\/shop\\\/fp-nova-micro-mask\\\/#breadcrumb\",\"itemListElement\":[{\"@type\":\"ListItem\",\"position\":1,\"name\":\"Home\",\"item\":\"https:\\\/\\\/respiart.ca\\\/\"},{\"@type\":\"ListItem\",\"position\":2,\"name\":\"Shop CPAP\",\"item\":\"https:\\\/\\\/respiart.ca\\\/ar\\\/%d9%85%d8%aa%d8%ac%d8%b1-cpap\\\/\"},{\"@type\":\"ListItem\",\"position\":3,\"name\":\"F&#038;P Nova Micro mask\"}]},{\"@type\":\"WebSite\",\"@id\":\"https:\\\/\\\/respiart.ca\\\/ar\\\/#website\",\"url\":\"https:\\\/\\\/respiart.ca\\\/ar\\\/\",\"name\":\"RespiArt - Sleep apnea & CPAPs\",\"description\":\"CPAPs and tests for sleep apnea, asthma, oximetry\",\"publisher\":{\"@id\":\"https:\\\/\\\/respiart.ca\\\/ar\\\/#organization\"},\"potentialAction\":[{\"@type\":\"SearchAction\",\"target\":{\"@type\":\"EntryPoint\",\"urlTemplate\":\"https:\\\/\\\/respiart.ca\\\/ar\\\/?s={search_term_string}\"},\"query-input\":{\"@type\":\"PropertyValueSpecification\",\"valueRequired\":true,\"valueName\":\"search_term_string\"}}],\"inLanguage\":\"fr-CA\"},{\"@type\":\"Organization\",\"@id\":\"https:\\\/\\\/respiart.ca\\\/ar\\\/#organization\",\"name\":\"RespiArt - Sleep apnea & CPAPs\",\"url\":\"https:\\\/\\\/respiart.ca\\\/ar\\\/\",\"logo\":{\"@type\":\"ImageObject\",\"inLanguage\":\"fr-CA\",\"@id\":\"https:\\\/\\\/respiart.ca\\\/ar\\\/#\\\/schema\\\/logo\\\/image\\\/\",\"url\":\"https:\\\/\\\/respiart.ca\\\/wp-content\\\/uploads\\\/2022\\\/05\\\/Respiart-logo-1-e1651540192142.png\",\"contentUrl\":\"https:\\\/\\\/respiart.ca\\\/wp-content\\\/uploads\\\/2022\\\/05\\\/Respiart-logo-1-e1651540192142.png\",\"width\":237,\"height\":61,\"caption\":\"RespiArt - Sleep apnea & CPAPs\"},\"image\":{\"@id\":\"https:\\\/\\\/respiart.ca\\\/ar\\\/#\\\/schema\\\/logo\\\/image\\\/\"}}]}<\/script>\n<!-- \/ Yoast SEO plugin. -->","yoast_head_json":{"title":"Masque F&amp;P Nova Micro | Repiart - Inhaloth\u00e9rapeute Montr\u00e9al","description":"F&amp;P Nova Micro\u2122 is the smallest and lightest mask available, weighing under 40 grams. It features:  Soft Micro Pillows: The soft silicone cushion rests gently within the nostrils and inflates to conform to your nose, ensuring comfort, stability, and performance.  Easy-adjusting Headgear: The dual-sided adjustments allow for easy fitting on each side of your face, providing freedom of movement during sleep.  Patient Experience: The mask\u2019s small and lightweight design means less contact and weight on your face, enhancing overall comfort.","robots":{"index":"index","follow":"follow","max-snippet":"max-snippet:-1","max-image-preview":"max-image-preview:large","max-video-preview":"max-video-preview:-1"},"canonical":"https:\/\/respiart.ca\/fr\/magasin\/micro-masque-fp-nova\/","og_locale":"fr_CA","og_type":"article","og_title":"F&P Nova Micro mask | Respiart - Respiratory therapist Montreal","og_description":"F&amp;P Nova Micro\u2122 is the smallest and lightest mask available, weighing under 40 grams. It features:  Soft Micro Pillows: The soft silicone cushion rests gently within the nostrils and inflates to conform to your nose, ensuring comfort, stability, and performance.  Easy-adjusting Headgear: The dual-sided adjustments allow for easy fitting on each side of your face, providing freedom of movement during sleep.  Patient Experience: The mask\u2019s small and lightweight design means less contact and weight on your face, enhancing overall comfort.","og_url":"https:\/\/respiart.ca\/fr\/magasin\/micro-masque-fp-nova\/","og_site_name":"Respiart - Respiratory therapist Montreal","article_modified_time":"2025-04-28T13:57:17+00:00","og_image":[{"width":793,"height":793,"url":"https:\/\/respiart.ca\/wp-content\/uploads\/2024\/06\/micr.webp","type":"image\/webp"}],"twitter_card":"summary_large_image","twitter_misc":{"Estimation du temps de lecture":"1 minute"},"schema":{"@context":"https:\/\/schema.org","@graph":[{"@type":"WebPage","@id":"https:\/\/respiart.ca\/shop\/fp-nova-micro-mask\/","url":"https:\/\/respiart.ca\/shop\/fp-nova-micro-mask\/","name":"Masque F&amp;P Nova Micro | Repiart - Inhaloth\u00e9rapeute Montr\u00e9al","isPartOf":{"@id":"https:\/\/respiart.ca\/ar\/#website"},"primaryImageOfPage":{"@id":"https:\/\/respiart.ca\/shop\/fp-nova-micro-mask\/#primaryimage"},"image":{"@id":"https:\/\/respiart.ca\/shop\/fp-nova-micro-mask\/#primaryimage"},"thumbnailUrl":"https:\/\/respiart.ca\/wp-content\/uploads\/2024\/06\/micr.webp","datePublished":"2024-06-12T14:32:13+00:00","dateModified":"2025-04-28T13:57:17+00:00","description":"F&amp;P Nova Micro\u2122 est le masque le plus petit et le plus l\u00e9ger disponible, pesant moins de 40 grammes. Il comprend : Micro-oreillers doux : le coussin en silicone doux repose doucement dans les narines et se gonfle pour s&#039;adapter \u00e0 votre nez, assurant confort, stabilit\u00e9 et performance. Harnais facile \u00e0 r\u00e9gler : les r\u00e9glages des deux c\u00f4t\u00e9s permettent un ajustement facile de chaque c\u00f4t\u00e9 de votre visage, offrant une libert\u00e9 de mouvement pendant le sommeil. Exp\u00e9rience du patient\u00a0: la conception petite et l\u00e9g\u00e8re du masque signifie moins de contact et de poids sur votre visage, am\u00e9liorant ainsi le confort g\u00e9n\u00e9ral.","breadcrumb":{"@id":"https:\/\/respiart.ca\/shop\/fp-nova-micro-mask\/#breadcrumb"},"inLanguage":"fr-CA","potentialAction":[{"@type":"ReadAction","target":["https:\/\/respiart.ca\/shop\/fp-nova-micro-mask\/"]}]},{"@type":"ImageObject","inLanguage":"fr-CA","@id":"https:\/\/respiart.ca\/shop\/fp-nova-micro-mask\/#primaryimage","url":"https:\/\/respiart.ca\/wp-content\/uploads\/2024\/06\/micr.webp","contentUrl":"https:\/\/respiart.ca\/wp-content\/uploads\/2024\/06\/micr.webp","width":793,"height":793},{"@type":"BreadcrumbList","@id":"https:\/\/respiart.ca\/shop\/fp-nova-micro-mask\/#breadcrumb","itemListElement":[{"@type":"ListItem","position":1,"name":"Home","item":"https:\/\/respiart.ca\/"},{"@type":"ListItem","position":2,"name":"Shop CPAP","item":"https:\/\/respiart.ca\/ar\/%d9%85%d8%aa%d8%ac%d8%b1-cpap\/"},{"@type":"ListItem","position":3,"name":"F&#038;P Nova Micro mask"}]},{"@type":"WebSite","@id":"https:\/\/respiart.ca\/ar\/#website","url":"https:\/\/respiart.ca\/ar\/","name":"RespiArt - Apn\u00e9e du sommeil et CPAP","description":"CPAP et tests pour l&#039;apn\u00e9e du sommeil, l&#039;asthme, l&#039;oxym\u00e9trie","publisher":{"@id":"https:\/\/respiart.ca\/ar\/#organization"},"potentialAction":[{"@type":"SearchAction","target":{"@type":"EntryPoint","urlTemplate":"https:\/\/respiart.ca\/ar\/?s={search_term_string}"},"query-input":{"@type":"PropertyValueSpecification","valueRequired":true,"valueName":"search_term_string"}}],"inLanguage":"fr-CA"},{"@type":"Organization","@id":"https:\/\/respiart.ca\/ar\/#organization","name":"RespiArt - Apn\u00e9e du sommeil et CPAP","url":"https:\/\/respiart.ca\/ar\/","logo":{"@type":"ImageObject","inLanguage":"fr-CA","@id":"https:\/\/respiart.ca\/ar\/#\/schema\/logo\/image\/","url":"https:\/\/respiart.ca\/wp-content\/uploads\/2022\/05\/Respiart-logo-1-e1651540192142.png","contentUrl":"https:\/\/respiart.ca\/wp-content\/uploads\/2022\/05\/Respiart-logo-1-e1651540192142.png","width":237,"height":61,"caption":"RespiArt - Sleep apnea & CPAPs"},"image":{"@id":"https:\/\/respiart.ca\/ar\/#\/schema\/logo\/image\/"}}]}},"_links":{"self":[{"href":"https:\/\/respiart.ca\/fr\/wp-json\/wp\/v2\/product\/4727","targetHints":{"allow":["GET"]}}],"collection":[{"href":"https:\/\/respiart.ca\/fr\/wp-json\/wp\/v2\/product"}],"about":[{"href":"https:\/\/respiart.ca\/fr\/wp-json\/wp\/v2\/types\/product"}],"replies":[{"embeddable":true,"href":"https:\/\/respiart.ca\/fr\/wp-json\/wp\/v2\/comments?post=4727"}],"wp:featuredmedia":[{"embeddable":true,"href":"https:\/\/respiart.ca\/fr\/wp-json\/wp\/v2\/media\/4728"}],"wp:attachment":[{"href":"https:\/\/respiart.ca\/fr\/wp-json\/wp\/v2\/media?parent=4727"}],"wp:term":[{"taxonomy":"product_brand","embeddable":true,"href":"https:\/\/respiart.ca\/fr\/wp-json\/wp\/v2\/product_brand?post=4727"},{"taxonomy":"product_cat","embeddable":true,"href":"https:\/\/respiart.ca\/fr\/wp-json\/wp\/v2\/product_cat?post=4727"},{"taxonomy":"product_tag","embeddable":true,"href":"https:\/\/respiart.ca\/fr\/wp-json\/wp\/v2\/product_tag?post=4727"}],"curies":[{"name":"wp","href":"https:\/\/api.w.org\/{rel}","templated":true}]}}