{"id":4729,"date":"2024-06-12T14:35:20","date_gmt":"2024-06-12T14:35:20","guid":{"rendered":"http:\/\/f4i.0cc.mytemp.website\/?post_type=product&#038;p=4729"},"modified":"2025-04-28T13:56:49","modified_gmt":"2025-04-28T13:56:49","slug":"oreiller-dreamwear-en-silicone","status":"publish","type":"product","link":"https:\/\/respiart.ca\/fr\/shop\/dreamwear-pillow-silicone\/","title":{"rendered":"Masque narinaire Dreamwear en silicone"},"content":{"rendered":"<p>Plus l\u00e9ger que les masques \u00e0 coussinets nasaux de la g\u00e9n\u00e9ration pr\u00e9c\u00e9dente, le coussin est fabriqu\u00e9 \u00e0 partir de silicone souple pour un confort sup\u00e9rieur. Une \u00e9tude r\u00e9cente a r\u00e9v\u00e9l\u00e9 que les patients trouvent le masque avec oreillers en silicone DreamWear plus confortable que les oreillers en gel DreamWear et le masque qui leur a \u00e9t\u00e9 prescrit.<\/p>\n<ul>\n<li><strong>Commodit\u00e9 du Fitpack\u00a0:<\/strong> Livr\u00e9 avec trois tailles de coussin pour vous aider \u00e0 trouver le meilleur ajustement.<\/li>\n<li><strong>Fixation du tube sup\u00e9rieur\u00a0:<\/strong> Offre une libert\u00e9 de mouvement tout au long de la nuit.<\/li>\n<li><strong>Coussins en silicone\u00a0:<\/strong> Pr\u00e9venez les marques rouges, l&#039;inconfort ou l&#039;irritation au niveau des narines ou sur l&#039;ar\u00eate du nez.<\/li>\n<li><strong>Approbation de l&#039;utilisateur\u00a0:<\/strong> Consid\u00e9r\u00e9 comme plus stable, confortable et attrayant que les masques prescrits.<\/li>\n<li><strong>Conception douce\u00a0:<\/strong> Le cadre en silicone flexible et les enveloppes en tissu offrent un toucher doux sur les joues.<\/li>\n<\/ul>\n<p><strong>Le DreamWear FitPack comprend\u00a0:<\/strong><\/p>\n<ul>\n<li>4 coussins (petit, moyen, grand, moyen-large)<\/li>\n<li>Cadre de masque moyen avec connecteur de tube<\/li>\n<li>Couvre-chefs d&#039;armes<\/li>\n<\/ul>\n<p><strong>Le pack d&#039;installation DreamWear comprend\u00a0:<\/strong><\/p>\n<ul>\n<li>1 petit coussin<\/li>\n<li>1 coussin moyen<\/li>\n<li>1 petit cadre<\/li>\n<li>1 cadre moyen<\/li>\n<li>1 couvre-chef avec bras<\/li>\n<li>1 pi\u00e8ce de connecteur de tube<\/li>\n<\/ul>","protected":false},"excerpt":{"rendered":"<p>La conception innovante du masque DreamWear canalise le flux d&#039;air \u00e0 travers la monture, permettant aux utilisateurs de porter des lunettes, de regarder la t\u00e9l\u00e9vision et de dormir confortablement. Gr\u00e2ce \u00e0 la connexion du tube positionn\u00e9e en haut de la t\u00eate, les utilisateurs peuvent dormir dans n&#039;importe quelle position (sur le ventre, sur le c\u00f4t\u00e9 ou sur le dos) sans restrictions. De plus, il \u00e9vite de laisser des marques rouges sur l\u2019ar\u00eate du nez.<\/p>","protected":false},"featured_media":4730,"comment_status":"open","ping_status":"closed","template":"","meta":[],"product_brand":[],"product_cat":[109,91],"product_tag":[],"class_list":{"0":"post-4729","1":"product","2":"type-product","3":"status-publish","4":"has-post-thumbnail","6":"product_cat-fisherpayckel","7":"product_cat-nasal-pillow-cpap-mask","8":"product_shipping_class-price","10":"first","11":"instock","12":"taxable","13":"shipping-taxable","14":"purchasable","15":"product-type-simple"},"yoast_head":"<!-- This site is optimized with the Yoast SEO plugin v27.3 - https:\/\/yoast.com\/product\/yoast-seo-wordpress\/ -->\n<title>DreamWear Pillow Silicone | Respiart - Respiratory therapist Montreal<\/title>\n<meta name=\"description\" content=\"The DreamWear mask\u2019s innovative design channels airflow through the frame, allowing users to wear glasses, watch TV, and sleep comfortably. With the tubing connection positioned at the top of the head, users can sleep in any position\u2014on their stomach, side, or back\u2014without restrictions. Additionally, it avoids leaving red marks on the bridge of the nose.\" \/>\n<meta name=\"robots\" content=\"index, follow, max-snippet:-1, max-image-preview:large, max-video-preview:-1\" \/>\n<link rel=\"canonical\" href=\"https:\/\/respiart.ca\/fr\/magasin\/oreiller-dreamwear-en-silicone\/\" \/>\n<meta property=\"og:locale\" content=\"fr_CA\" \/>\n<meta property=\"og:type\" content=\"article\" \/>\n<meta property=\"og:title\" content=\"DreamWear Pillow Silicone | Respiart - Respiratory therapist Montreal\" \/>\n<meta property=\"og:description\" content=\"The DreamWear mask\u2019s innovative design channels airflow through the frame, allowing users to wear glasses, watch TV, and sleep comfortably. With the tubing connection positioned at the top of the head, users can sleep in any position\u2014on their stomach, side, or back\u2014without restrictions. Additionally, it avoids leaving red marks on the bridge of the nose.\" \/>\n<meta property=\"og:url\" content=\"https:\/\/respiart.ca\/fr\/magasin\/oreiller-dreamwear-en-silicone\/\" \/>\n<meta property=\"og:site_name\" content=\"Respiart - Respiratory therapist Montreal\" \/>\n<meta property=\"article:modified_time\" content=\"2025-04-28T13:56:49+00:00\" \/>\n<meta property=\"og:image\" content=\"https:\/\/respiart.ca\/wp-content\/uploads\/2024\/06\/DWSilicone_1024x.webp\" \/>\n\t<meta property=\"og:image:width\" content=\"660\" \/>\n\t<meta property=\"og:image:height\" content=\"500\" \/>\n\t<meta property=\"og:image:type\" content=\"image\/webp\" \/>\n<meta name=\"twitter:card\" content=\"summary_large_image\" \/>\n<meta name=\"twitter:label1\" content=\"Estimation du temps de lecture\" \/>\n\t<meta name=\"twitter:data1\" content=\"1 minute\" \/>\n<script type=\"application\/ld+json\" class=\"yoast-schema-graph\">{\"@context\":\"https:\\\/\\\/schema.org\",\"@graph\":[{\"@type\":\"WebPage\",\"@id\":\"https:\\\/\\\/respiart.ca\\\/shop\\\/dreamwear-pillow-silicone\\\/\",\"url\":\"https:\\\/\\\/respiart.ca\\\/shop\\\/dreamwear-pillow-silicone\\\/\",\"name\":\"DreamWear Pillow Silicone | Respiart - Respiratory therapist Montreal\",\"isPartOf\":{\"@id\":\"https:\\\/\\\/respiart.ca\\\/ar\\\/#website\"},\"primaryImageOfPage\":{\"@id\":\"https:\\\/\\\/respiart.ca\\\/shop\\\/dreamwear-pillow-silicone\\\/#primaryimage\"},\"image\":{\"@id\":\"https:\\\/\\\/respiart.ca\\\/shop\\\/dreamwear-pillow-silicone\\\/#primaryimage\"},\"thumbnailUrl\":\"https:\\\/\\\/respiart.ca\\\/wp-content\\\/uploads\\\/2024\\\/06\\\/DWSilicone_1024x.webp\",\"datePublished\":\"2024-06-12T14:35:20+00:00\",\"dateModified\":\"2025-04-28T13:56:49+00:00\",\"description\":\"The DreamWear mask\u2019s innovative design channels airflow through the frame, allowing users to wear glasses, watch TV, and sleep comfortably. With the tubing connection positioned at the top of the head, users can sleep in any position\u2014on their stomach, side, or back\u2014without restrictions. Additionally, it avoids leaving red marks on the bridge of the nose.\",\"breadcrumb\":{\"@id\":\"https:\\\/\\\/respiart.ca\\\/shop\\\/dreamwear-pillow-silicone\\\/#breadcrumb\"},\"inLanguage\":\"fr-CA\",\"potentialAction\":[{\"@type\":\"ReadAction\",\"target\":[\"https:\\\/\\\/respiart.ca\\\/shop\\\/dreamwear-pillow-silicone\\\/\"]}]},{\"@type\":\"ImageObject\",\"inLanguage\":\"fr-CA\",\"@id\":\"https:\\\/\\\/respiart.ca\\\/shop\\\/dreamwear-pillow-silicone\\\/#primaryimage\",\"url\":\"https:\\\/\\\/respiart.ca\\\/wp-content\\\/uploads\\\/2024\\\/06\\\/DWSilicone_1024x.webp\",\"contentUrl\":\"https:\\\/\\\/respiart.ca\\\/wp-content\\\/uploads\\\/2024\\\/06\\\/DWSilicone_1024x.webp\",\"width\":660,\"height\":500},{\"@type\":\"BreadcrumbList\",\"@id\":\"https:\\\/\\\/respiart.ca\\\/shop\\\/dreamwear-pillow-silicone\\\/#breadcrumb\",\"itemListElement\":[{\"@type\":\"ListItem\",\"position\":1,\"name\":\"Home\",\"item\":\"https:\\\/\\\/respiart.ca\\\/\"},{\"@type\":\"ListItem\",\"position\":2,\"name\":\"Shop CPAP\",\"item\":\"https:\\\/\\\/respiart.ca\\\/ar\\\/%d9%85%d8%aa%d8%ac%d8%b1-cpap\\\/\"},{\"@type\":\"ListItem\",\"position\":3,\"name\":\"DreamWear Pillow Silicone\"}]},{\"@type\":\"WebSite\",\"@id\":\"https:\\\/\\\/respiart.ca\\\/ar\\\/#website\",\"url\":\"https:\\\/\\\/respiart.ca\\\/ar\\\/\",\"name\":\"RespiArt - Sleep apnea & CPAPs\",\"description\":\"CPAPs and tests for sleep apnea, asthma, oximetry\",\"publisher\":{\"@id\":\"https:\\\/\\\/respiart.ca\\\/ar\\\/#organization\"},\"potentialAction\":[{\"@type\":\"SearchAction\",\"target\":{\"@type\":\"EntryPoint\",\"urlTemplate\":\"https:\\\/\\\/respiart.ca\\\/ar\\\/?s={search_term_string}\"},\"query-input\":{\"@type\":\"PropertyValueSpecification\",\"valueRequired\":true,\"valueName\":\"search_term_string\"}}],\"inLanguage\":\"fr-CA\"},{\"@type\":\"Organization\",\"@id\":\"https:\\\/\\\/respiart.ca\\\/ar\\\/#organization\",\"name\":\"RespiArt - Sleep apnea & CPAPs\",\"url\":\"https:\\\/\\\/respiart.ca\\\/ar\\\/\",\"logo\":{\"@type\":\"ImageObject\",\"inLanguage\":\"fr-CA\",\"@id\":\"https:\\\/\\\/respiart.ca\\\/ar\\\/#\\\/schema\\\/logo\\\/image\\\/\",\"url\":\"https:\\\/\\\/respiart.ca\\\/wp-content\\\/uploads\\\/2022\\\/05\\\/Respiart-logo-1-e1651540192142.png\",\"contentUrl\":\"https:\\\/\\\/respiart.ca\\\/wp-content\\\/uploads\\\/2022\\\/05\\\/Respiart-logo-1-e1651540192142.png\",\"width\":237,\"height\":61,\"caption\":\"RespiArt - Sleep apnea & CPAPs\"},\"image\":{\"@id\":\"https:\\\/\\\/respiart.ca\\\/ar\\\/#\\\/schema\\\/logo\\\/image\\\/\"}}]}<\/script>\n<!-- \/ Yoast SEO plugin. -->","yoast_head_json":{"title":"Oreiller DreamWear en silicone | Repiart - Inhaloth\u00e9rapeute Montr\u00e9al","description":"La conception innovante du masque DreamWear canalise le flux d&#039;air \u00e0 travers la monture, permettant aux utilisateurs de porter des lunettes, de regarder la t\u00e9l\u00e9vision et de dormir confortablement. Gr\u00e2ce \u00e0 la connexion du tube positionn\u00e9e en haut de la t\u00eate, les utilisateurs peuvent dormir dans n&#039;importe quelle position (sur le ventre, sur le c\u00f4t\u00e9 ou sur le dos) sans restrictions. De plus, il \u00e9vite de laisser des marques rouges sur l\u2019ar\u00eate du nez.","robots":{"index":"index","follow":"follow","max-snippet":"max-snippet:-1","max-image-preview":"max-image-preview:large","max-video-preview":"max-video-preview:-1"},"canonical":"https:\/\/respiart.ca\/fr\/magasin\/oreiller-dreamwear-en-silicone\/","og_locale":"fr_CA","og_type":"article","og_title":"DreamWear Pillow Silicone | Respiart - Respiratory therapist Montreal","og_description":"The DreamWear mask\u2019s innovative design channels airflow through the frame, allowing users to wear glasses, watch TV, and sleep comfortably. With the tubing connection positioned at the top of the head, users can sleep in any position\u2014on their stomach, side, or back\u2014without restrictions. Additionally, it avoids leaving red marks on the bridge of the nose.","og_url":"https:\/\/respiart.ca\/fr\/magasin\/oreiller-dreamwear-en-silicone\/","og_site_name":"Respiart - Respiratory therapist Montreal","article_modified_time":"2025-04-28T13:56:49+00:00","og_image":[{"width":660,"height":500,"url":"https:\/\/respiart.ca\/wp-content\/uploads\/2024\/06\/DWSilicone_1024x.webp","type":"image\/webp"}],"twitter_card":"summary_large_image","twitter_misc":{"Estimation du temps de lecture":"1 minute"},"schema":{"@context":"https:\/\/schema.org","@graph":[{"@type":"WebPage","@id":"https:\/\/respiart.ca\/shop\/dreamwear-pillow-silicone\/","url":"https:\/\/respiart.ca\/shop\/dreamwear-pillow-silicone\/","name":"Oreiller DreamWear en silicone | Repiart - Inhaloth\u00e9rapeute Montr\u00e9al","isPartOf":{"@id":"https:\/\/respiart.ca\/ar\/#website"},"primaryImageOfPage":{"@id":"https:\/\/respiart.ca\/shop\/dreamwear-pillow-silicone\/#primaryimage"},"image":{"@id":"https:\/\/respiart.ca\/shop\/dreamwear-pillow-silicone\/#primaryimage"},"thumbnailUrl":"https:\/\/respiart.ca\/wp-content\/uploads\/2024\/06\/DWSilicone_1024x.webp","datePublished":"2024-06-12T14:35:20+00:00","dateModified":"2025-04-28T13:56:49+00:00","description":"La conception innovante du masque DreamWear canalise le flux d&#039;air \u00e0 travers la monture, permettant aux utilisateurs de porter des lunettes, de regarder la t\u00e9l\u00e9vision et de dormir confortablement. Gr\u00e2ce \u00e0 la connexion du tube positionn\u00e9e en haut de la t\u00eate, les utilisateurs peuvent dormir dans n&#039;importe quelle position (sur le ventre, sur le c\u00f4t\u00e9 ou sur le dos) sans restrictions. De plus, il \u00e9vite de laisser des marques rouges sur l\u2019ar\u00eate du nez.","breadcrumb":{"@id":"https:\/\/respiart.ca\/shop\/dreamwear-pillow-silicone\/#breadcrumb"},"inLanguage":"fr-CA","potentialAction":[{"@type":"ReadAction","target":["https:\/\/respiart.ca\/shop\/dreamwear-pillow-silicone\/"]}]},{"@type":"ImageObject","inLanguage":"fr-CA","@id":"https:\/\/respiart.ca\/shop\/dreamwear-pillow-silicone\/#primaryimage","url":"https:\/\/respiart.ca\/wp-content\/uploads\/2024\/06\/DWSilicone_1024x.webp","contentUrl":"https:\/\/respiart.ca\/wp-content\/uploads\/2024\/06\/DWSilicone_1024x.webp","width":660,"height":500},{"@type":"BreadcrumbList","@id":"https:\/\/respiart.ca\/shop\/dreamwear-pillow-silicone\/#breadcrumb","itemListElement":[{"@type":"ListItem","position":1,"name":"Home","item":"https:\/\/respiart.ca\/"},{"@type":"ListItem","position":2,"name":"Shop CPAP","item":"https:\/\/respiart.ca\/ar\/%d9%85%d8%aa%d8%ac%d8%b1-cpap\/"},{"@type":"ListItem","position":3,"name":"DreamWear Pillow Silicone"}]},{"@type":"WebSite","@id":"https:\/\/respiart.ca\/ar\/#website","url":"https:\/\/respiart.ca\/ar\/","name":"RespiArt - Apn\u00e9e du sommeil et CPAP","description":"CPAP et tests pour l&#039;apn\u00e9e du sommeil, l&#039;asthme, l&#039;oxym\u00e9trie","publisher":{"@id":"https:\/\/respiart.ca\/ar\/#organization"},"potentialAction":[{"@type":"SearchAction","target":{"@type":"EntryPoint","urlTemplate":"https:\/\/respiart.ca\/ar\/?s={search_term_string}"},"query-input":{"@type":"PropertyValueSpecification","valueRequired":true,"valueName":"search_term_string"}}],"inLanguage":"fr-CA"},{"@type":"Organization","@id":"https:\/\/respiart.ca\/ar\/#organization","name":"RespiArt - Apn\u00e9e du sommeil et CPAP","url":"https:\/\/respiart.ca\/ar\/","logo":{"@type":"ImageObject","inLanguage":"fr-CA","@id":"https:\/\/respiart.ca\/ar\/#\/schema\/logo\/image\/","url":"https:\/\/respiart.ca\/wp-content\/uploads\/2022\/05\/Respiart-logo-1-e1651540192142.png","contentUrl":"https:\/\/respiart.ca\/wp-content\/uploads\/2022\/05\/Respiart-logo-1-e1651540192142.png","width":237,"height":61,"caption":"RespiArt - Sleep apnea & CPAPs"},"image":{"@id":"https:\/\/respiart.ca\/ar\/#\/schema\/logo\/image\/"}}]}},"_links":{"self":[{"href":"https:\/\/respiart.ca\/fr\/wp-json\/wp\/v2\/product\/4729","targetHints":{"allow":["GET"]}}],"collection":[{"href":"https:\/\/respiart.ca\/fr\/wp-json\/wp\/v2\/product"}],"about":[{"href":"https:\/\/respiart.ca\/fr\/wp-json\/wp\/v2\/types\/product"}],"replies":[{"embeddable":true,"href":"https:\/\/respiart.ca\/fr\/wp-json\/wp\/v2\/comments?post=4729"}],"wp:featuredmedia":[{"embeddable":true,"href":"https:\/\/respiart.ca\/fr\/wp-json\/wp\/v2\/media\/4730"}],"wp:attachment":[{"href":"https:\/\/respiart.ca\/fr\/wp-json\/wp\/v2\/media?parent=4729"}],"wp:term":[{"taxonomy":"product_brand","embeddable":true,"href":"https:\/\/respiart.ca\/fr\/wp-json\/wp\/v2\/product_brand?post=4729"},{"taxonomy":"product_cat","embeddable":true,"href":"https:\/\/respiart.ca\/fr\/wp-json\/wp\/v2\/product_cat?post=4729"},{"taxonomy":"product_tag","embeddable":true,"href":"https:\/\/respiart.ca\/fr\/wp-json\/wp\/v2\/product_tag?post=4729"}],"curies":[{"name":"wp","href":"https:\/\/api.w.org\/{rel}","templated":true}]}}