{"id":5179,"date":"2025-11-06T16:18:54","date_gmt":"2025-11-06T16:18:54","guid":{"rendered":"http:\/\/f4i.0cc.mytemp.website\/?post_type=product&#038;p=5179"},"modified":"2026-04-23T18:32:22","modified_gmt":"2026-04-23T18:32:22","slug":"resmed-airsense-11-autoset-avec-tuyau-chauffant-humidair-climatelineair-11","status":"publish","type":"product","link":"https:\/\/respiart.ca\/fr\/shop\/resmed-airsense-11-autoset-with-humidair-climatelineair-11-heated-tubing\/","title":{"rendered":"ResMed AirSense 11 Autoset avec HumidAir et ClimateLineAir 11 Tuyau chauffant"},"content":{"rendered":"<h3>Le paquet comprend\u00a0:<\/h3>\n<p>\u2022 1 x Machine<br \/>\n\u2022 1 x humidificateur chauffant int\u00e9gr\u00e9<br \/>\n\u2022 1 x chambre \u00e0 eau standard<br \/>\n\u2022 1 x tuyau chauffant ClimateLineAir 11<br \/>\n\u2022 1 x Alimentation<br \/>\n\u2022 1 x Filtre standard (ins\u00e9r\u00e9)<br \/>\n\u2022 1 x Sac de voyage<br \/>\n\u2022 1 x Manuel d&#039;utilisation<\/p>\n<h3><\/h3>\n<h3><strong>Caract\u00e9ristiques:<\/strong><\/h3>\n<h4><strong>Assistant de th\u00e9rapie personnelle :<\/strong><\/h4>\n<p>\u2022 Associ\u00e9 \u00e0 l&#039;application myAir, offrant des instructions vid\u00e9o guid\u00e9es par la voix pour l&#039;installation de l&#039;\u00e9quipement et le r\u00e9glage de la th\u00e9rapie.<\/p>\n<h4><strong>Bilan de soins :<\/strong><\/h4>\n<p>Il propose des questions de suivi r\u00e9guli\u00e8res au cours du premier mois de th\u00e9rapie, avec un accompagnement personnalis\u00e9 et un service de d\u00e9pannage.<\/p>\n<h4><strong>Technologies de sant\u00e9 num\u00e9rique\u00a0:<\/strong><\/h4>\n<p>\u2022 Mises \u00e0 jour logicielles OTA pour une maintenance simplifi\u00e9e et de nouvelles fonctionnalit\u00e9s.<br \/>\n\u2022 Connectivit\u00e9 myAir et AirView pour la surveillance \u00e0 distance, l&#039;acc\u00e8s aux donn\u00e9es de th\u00e9rapie et la modification des param\u00e8tres de l&#039;appareil<br \/>\n\u2022 Les donn\u00e9es du syst\u00e8me de suivi des soins (si l&#039;option a \u00e9t\u00e9 choisie) permettent aux m\u00e9decins de suivre l&#039;\u00e9volution du traitement.<\/p>\n<h4><strong>Conception intuitive\u00a0:<\/strong><\/h4>\n<p>\u2022 \u00c9cran tactile pour une navigation ais\u00e9e dans les param\u00e8tres<br \/>\n\u2022 Moteur silencieux Easy-Breathe pour une nuit reposante.<br \/>\n\u2022 Bouton marche\/arr\u00eat facile pour une utilisation simplifi\u00e9e.<br \/>\n\u2022 Un capteur de luminosit\u00e9 ambiante ajuste la luminosit\u00e9 de l&#039;\u00e9cran et l&#039;\u00e9teint dans l&#039;obscurit\u00e9.<\/p>\n<h4><strong>Soutien th\u00e9rapeutique avanc\u00e9\u00a0:<\/strong><\/h4>\n<p>\u2022 La fonction AutoRamp avec d\u00e9tection de l&#039;endormissement d\u00e9marre le traitement \u00e0 basse pression et augmente progressivement jusqu&#039;au niveau prescrit une fois que vous vous endormez.<br \/>\n\u2022 Le syst\u00e8me EPR (Expiratory Pressure Relief) r\u00e9duit la pression \u00e0 l&#039;expiration pour plus de confort.<br \/>\n\u2022 La fonction AutoSet Response permet des augmentations de pression plus douces pour les patients intol\u00e9rants \u00e0 la pression.<br \/>\n\u2022 Humidificateur chauffant int\u00e9gr\u00e9 avec contr\u00f4le climatique pour des niveaux d&#039;humidit\u00e9 id\u00e9aux<\/p>\n<h4><strong>Algorithme valid\u00e9 cliniquement\u00a0:<\/strong><\/h4>\n<p>\u2022 Inclut les algorithmes AutoSet et AutoSet for Her, ajustant la pression th\u00e9rapeutique en temps r\u00e9el pour r\u00e9pondre aux diff\u00e9rents besoins des patients en mati\u00e8re de confort et d&#039;efficacit\u00e9.<\/p>\n<h4><strong>D\u00e9tection d&#039;\u00e9v\u00e9nements am\u00e9lior\u00e9e\u00a0:<\/strong><\/h4>\n<p>\u2022 D\u00e9tecte l&#039;apn\u00e9e centrale du sommeil, les \u00e9veils li\u00e9s \u00e0 l&#039;effort respiratoire et la respiration de Cheyne-Stokes pour offrir aux cliniciens des informations cliniques.<\/p>\n<h4><strong>\u00c9cosyst\u00e8me des solutions de traitement de l&#039;air\u00a0:<\/strong><\/h4>\n<p>\u2022 Des fonctionnalit\u00e9s telles qu&#039;AirView et myAir pour am\u00e9liorer l&#039;observance et le respect du traitement.<br \/>\n\u2022 Il a \u00e9t\u00e9 d\u00e9montr\u00e9 que ce traitement am\u00e9liore l\u2019observance th\u00e9rapeutique sur 90 jours et augmente la dur\u00e9e du sommeil nocturne chez les nouveaux utilisateurs de PPC.<\/p>\n<p><strong>Note:<\/strong> La garantie constructeur de ce produit est de 3 ans.<\/p>\n<h3><strong>ResMed AirSense 11\u00a0: Conseils concernant le r\u00e9servoir d\u2019eau de l\u2019humidificateur\u00a0:<\/strong><\/h3>\n<div style=\"width: 1170px;\" class=\"wp-video\"><video class=\"wp-video-shortcode\" id=\"video-5179-1\" width=\"1170\" height=\"658\" preload=\"metadata\" controls=\"controls\"><source type=\"video\/mp4\" src=\"http:\/\/respiart.ca\/wp-content\/uploads\/2025\/11\/d41b51128918457d962abad4c5c047d8.mp4?_=1\" \/><a href=\"http:\/\/respiart.ca\/wp-content\/uploads\/2025\/11\/d41b51128918457d962abad4c5c047d8.mp4\">http:\/\/respiart.ca\/wp-content\/uploads\/2025\/11\/d41b51128918457d962abad4c5c047d8.mp4<\/a><\/video><\/div>\n<h3><\/h3>\n<h3><strong>ResMed AirSense 11\u00a0: Comment r\u00e9soudre les fuites d\u2019air de l\u2019appareil<\/strong><\/h3>\n<div style=\"width: 1170px;\" class=\"wp-video\"><video class=\"wp-video-shortcode\" id=\"video-5179-2\" width=\"1170\" height=\"658\" preload=\"metadata\" controls=\"controls\"><source type=\"video\/mp4\" src=\"http:\/\/respiart.ca\/wp-content\/uploads\/2025\/11\/e2edffbefd4c4047834f9b2b476ba611.mp4?_=2\" \/><a href=\"http:\/\/respiart.ca\/wp-content\/uploads\/2025\/11\/e2edffbefd4c4047834f9b2b476ba611.mp4\">http:\/\/respiart.ca\/wp-content\/uploads\/2025\/11\/e2edffbefd4c4047834f9b2b476ba611.mp4<\/a><\/video><\/div>\n<p>&nbsp;<\/p>\n<h3><strong>ResMed AirSense 11\u00a0: Optimisez votre confort gr\u00e2ce \u00e0 la commande de rampe<\/strong><\/h3>\n<div style=\"width: 1170px;\" class=\"wp-video\"><video class=\"wp-video-shortcode\" id=\"video-5179-3\" width=\"1170\" height=\"658\" preload=\"metadata\" controls=\"controls\"><source type=\"video\/mp4\" src=\"http:\/\/respiart.ca\/wp-content\/uploads\/2025\/11\/f3645c6e1538468daa6d9a1619cc4bb1.mp4?_=3\" \/><a href=\"http:\/\/respiart.ca\/wp-content\/uploads\/2025\/11\/f3645c6e1538468daa6d9a1619cc4bb1.mp4\">http:\/\/respiart.ca\/wp-content\/uploads\/2025\/11\/f3645c6e1538468daa6d9a1619cc4bb1.mp4<\/a><\/video><\/div>\n<p>&nbsp;<\/p>\n<h3><strong>ResMed AirSense 11\u00a0: Param\u00e8tres de l\u2019appareil<\/strong><\/h3>\n<div style=\"width: 1170px;\" class=\"wp-video\"><video class=\"wp-video-shortcode\" id=\"video-5179-4\" width=\"1170\" height=\"658\" preload=\"metadata\" controls=\"controls\"><source type=\"video\/mp4\" src=\"http:\/\/respiart.ca\/wp-content\/uploads\/2025\/11\/34060dc716cc4a30b9bc8a542ab18440.mp4?_=4\" \/><a href=\"http:\/\/respiart.ca\/wp-content\/uploads\/2025\/11\/34060dc716cc4a30b9bc8a542ab18440.mp4\">http:\/\/respiart.ca\/wp-content\/uploads\/2025\/11\/34060dc716cc4a30b9bc8a542ab18440.mp4<\/a><\/video><\/div>\n<p>&nbsp;<\/p>\n<h3>ResMed AirSense 11\u00a0: Am\u00e9liorez votre confort gr\u00e2ce \u00e0 l\u2019humidification<\/h3>\n<div style=\"width: 1170px;\" class=\"wp-video\"><video class=\"wp-video-shortcode\" id=\"video-5179-5\" width=\"1170\" height=\"658\" preload=\"metadata\" controls=\"controls\"><source type=\"video\/mp4\" src=\"http:\/\/respiart.ca\/wp-content\/uploads\/2025\/11\/f9debe49c39e42c980a7f1e8291d1e78.mp4?_=5\" \/><a href=\"http:\/\/respiart.ca\/wp-content\/uploads\/2025\/11\/f9debe49c39e42c980a7f1e8291d1e78.mp4\">http:\/\/respiart.ca\/wp-content\/uploads\/2025\/11\/f9debe49c39e42c980a7f1e8291d1e78.mp4<\/a><\/video><\/div>\n<p>&nbsp;<\/p>\n<h3>ResMed AirSense 11\u00a0: Nettoyage et entretien<\/h3>\n<div style=\"width: 1170px;\" class=\"wp-video\"><video class=\"wp-video-shortcode\" id=\"video-5179-6\" width=\"1170\" height=\"658\" preload=\"metadata\" controls=\"controls\"><source type=\"video\/mp4\" src=\"http:\/\/respiart.ca\/wp-content\/uploads\/2025\/11\/45ff341363464d2c87a1a256c0f34393.mp4?_=6\" \/><a href=\"http:\/\/respiart.ca\/wp-content\/uploads\/2025\/11\/45ff341363464d2c87a1a256c0f34393.mp4\">http:\/\/respiart.ca\/wp-content\/uploads\/2025\/11\/45ff341363464d2c87a1a256c0f34393.mp4<\/a><\/video><\/div>\n<p>&nbsp;<\/p>\n<p><strong>Avis de financement<\/strong>ADP ne prend pas en charge les appareils CPAP achet\u00e9s en ligne. Pour \u00eatre \u00e9ligible, l&#039;appareil doit \u00eatre achet\u00e9 en magasin aupr\u00e8s d&#039;un revendeur agr\u00e9\u00e9 ADP. Consultez votre assureur priv\u00e9 pour obtenir un devis.<\/p>\n<p>&nbsp;<\/p>\n<h3><strong>Caract\u00e9ristiques:<\/strong><\/h3>\n<p>\u2022 Poids : 2,5 lb (1,13 kg)<br \/>\n\u2022 Poids avec humidificateur : 1,16 kg (2,56 lb)<br \/>\n\u2022 Dimensions : 9,32\u2033 x 3,72\u2033 x 5,45\u2033 ou 236,7 mm x 94,5 mm x 138,5 mm (L x l x H)<br \/>\n\u2022 Dimensions avec humidificateur : 10,21\u2033 x 3,72\u2033 x 5,45\u2033 ou 259,4 mm x 94,5 mm x 138,5 mm (L x l x H)<br \/>\n\u2022 Capacit\u00e9 du r\u00e9servoir d&#039;eau : 380 ml (jusqu&#039;au niveau de remplissage maximal)<br \/>\n\u2022 Alimentation CA\u00a0: 100-240\u00a0V, 50-60\u00a0Hz<br \/>\n\u2022 Alimentation secteur\u00a0: 65\u00a0W<\/p>\n<p><strong>Sortie : 2021<\/strong><\/p>","protected":false},"excerpt":{"rendered":"<p>Le ResMed AirSense 11 AutoSet est un appareil de pression autor\u00e9gul\u00e9 haut de gamme avec humidificateur chauffant int\u00e9gr\u00e9, connectivit\u00e9 sans fil, d\u00e9tection avanc\u00e9e d&#039;\u00e9v\u00e9nements et fonctions d&#039;assistance au patient.<\/p>","protected":false},"featured_media":5318,"comment_status":"open","ping_status":"closed","template":"","meta":[],"product_brand":[],"product_cat":[96,108],"product_tag":[],"class_list":{"0":"post-5179","1":"product","2":"type-product","3":"status-publish","4":"has-post-thumbnail","6":"product_cat-cpap-bipap-machines","7":"product_cat-resmed","9":"first","10":"instock","11":"sale","12":"taxable","13":"shipping-taxable","14":"purchasable","15":"product-type-simple"},"yoast_head":"<!-- This site is optimized with the Yoast SEO plugin v27.4 - https:\/\/yoast.com\/product\/yoast-seo-wordpress\/ -->\n<title>ResMed AirSense 11 Autoset with HumidAir &amp; ClimateLineAir 11 Heated Tubing | Respiart - Respiratory therapist Montreal<\/title>\n<meta name=\"description\" content=\"ResMed AirSense 11 AutoSet is a premium auto-adjusting pressure device with integrated heated humidifier, wireless connectivity, advanced event detection and patient support features.\" \/>\n<meta name=\"robots\" content=\"index, follow, max-snippet:-1, max-image-preview:large, max-video-preview:-1\" \/>\n<link rel=\"canonical\" href=\"https:\/\/respiart.ca\/fr\/magasin\/resmed-airsense-11-autoset-avec-tuyau-chauffant-humidair-climatelineair-11\/\" \/>\n<meta property=\"og:locale\" content=\"fr_CA\" \/>\n<meta property=\"og:type\" content=\"article\" \/>\n<meta property=\"og:title\" content=\"ResMed AirSense 11 Autoset with HumidAir &amp; ClimateLineAir 11 Heated Tubing | Respiart - Respiratory therapist Montreal\" \/>\n<meta property=\"og:description\" content=\"ResMed AirSense 11 AutoSet is a premium auto-adjusting pressure device with integrated heated humidifier, wireless connectivity, advanced event detection and patient support features.\" \/>\n<meta property=\"og:url\" content=\"https:\/\/respiart.ca\/fr\/magasin\/resmed-airsense-11-autoset-avec-tuyau-chauffant-humidair-climatelineair-11\/\" \/>\n<meta property=\"og:site_name\" content=\"Respiart - Respiratory therapist Montreal\" \/>\n<meta property=\"article:modified_time\" content=\"2026-04-23T18:32:22+00:00\" \/>\n<meta property=\"og:image\" content=\"https:\/\/respiart.ca\/wp-content\/uploads\/2025\/11\/resmed-AirSense11-5-1.webp\" \/>\n\t<meta property=\"og:image:width\" content=\"1024\" \/>\n\t<meta property=\"og:image:height\" content=\"740\" \/>\n\t<meta property=\"og:image:type\" content=\"image\/webp\" \/>\n<meta name=\"twitter:card\" content=\"summary_large_image\" \/>\n<meta name=\"twitter:label1\" content=\"Estimation du temps de lecture\" \/>\n\t<meta name=\"twitter:data1\" content=\"3 minutes\" \/>\n<script type=\"application\/ld+json\" class=\"yoast-schema-graph\">{\"@context\":\"https:\\\/\\\/schema.org\",\"@graph\":[{\"@type\":\"WebPage\",\"@id\":\"https:\\\/\\\/respiart.ca\\\/shop\\\/resmed-airsense-11-autoset-with-humidair-climatelineair-11-heated-tubing\\\/\",\"url\":\"https:\\\/\\\/respiart.ca\\\/shop\\\/resmed-airsense-11-autoset-with-humidair-climatelineair-11-heated-tubing\\\/\",\"name\":\"ResMed AirSense 11 Autoset with HumidAir & ClimateLineAir 11 Heated Tubing | Respiart - Respiratory therapist Montreal\",\"isPartOf\":{\"@id\":\"https:\\\/\\\/respiart.ca\\\/ar\\\/#website\"},\"primaryImageOfPage\":{\"@id\":\"https:\\\/\\\/respiart.ca\\\/shop\\\/resmed-airsense-11-autoset-with-humidair-climatelineair-11-heated-tubing\\\/#primaryimage\"},\"image\":{\"@id\":\"https:\\\/\\\/respiart.ca\\\/shop\\\/resmed-airsense-11-autoset-with-humidair-climatelineair-11-heated-tubing\\\/#primaryimage\"},\"thumbnailUrl\":\"https:\\\/\\\/respiart.ca\\\/wp-content\\\/uploads\\\/2025\\\/11\\\/resmed-AirSense11-5-1.webp\",\"datePublished\":\"2025-11-06T16:18:54+00:00\",\"dateModified\":\"2026-04-23T18:32:22+00:00\",\"description\":\"ResMed AirSense 11 AutoSet is a premium auto-adjusting pressure device with integrated heated humidifier, wireless connectivity, advanced event detection and patient support features.\",\"breadcrumb\":{\"@id\":\"https:\\\/\\\/respiart.ca\\\/shop\\\/resmed-airsense-11-autoset-with-humidair-climatelineair-11-heated-tubing\\\/#breadcrumb\"},\"inLanguage\":\"fr-CA\",\"potentialAction\":[{\"@type\":\"ReadAction\",\"target\":[\"https:\\\/\\\/respiart.ca\\\/shop\\\/resmed-airsense-11-autoset-with-humidair-climatelineair-11-heated-tubing\\\/\"]}]},{\"@type\":\"ImageObject\",\"inLanguage\":\"fr-CA\",\"@id\":\"https:\\\/\\\/respiart.ca\\\/shop\\\/resmed-airsense-11-autoset-with-humidair-climatelineair-11-heated-tubing\\\/#primaryimage\",\"url\":\"https:\\\/\\\/respiart.ca\\\/wp-content\\\/uploads\\\/2025\\\/11\\\/resmed-AirSense11-5-1.webp\",\"contentUrl\":\"https:\\\/\\\/respiart.ca\\\/wp-content\\\/uploads\\\/2025\\\/11\\\/resmed-AirSense11-5-1.webp\",\"width\":1024,\"height\":740},{\"@type\":\"BreadcrumbList\",\"@id\":\"https:\\\/\\\/respiart.ca\\\/shop\\\/resmed-airsense-11-autoset-with-humidair-climatelineair-11-heated-tubing\\\/#breadcrumb\",\"itemListElement\":[{\"@type\":\"ListItem\",\"position\":1,\"name\":\"Home\",\"item\":\"https:\\\/\\\/respiart.ca\\\/\"},{\"@type\":\"ListItem\",\"position\":2,\"name\":\"Shop CPAP\",\"item\":\"https:\\\/\\\/respiart.ca\\\/shop-cpap\\\/\"},{\"@type\":\"ListItem\",\"position\":3,\"name\":\"ResMed AirSense 11 Autoset with HumidAir &#038; ClimateLineAir 11 Heated Tubing\"}]},{\"@type\":\"WebSite\",\"@id\":\"https:\\\/\\\/respiart.ca\\\/ar\\\/#website\",\"url\":\"https:\\\/\\\/respiart.ca\\\/ar\\\/\",\"name\":\"RespiArt - Sleep apnea & CPAPs\",\"description\":\"CPAPs and tests for sleep apnea, asthma, oximetry\",\"publisher\":{\"@id\":\"https:\\\/\\\/respiart.ca\\\/ar\\\/#organization\"},\"potentialAction\":[{\"@type\":\"SearchAction\",\"target\":{\"@type\":\"EntryPoint\",\"urlTemplate\":\"https:\\\/\\\/respiart.ca\\\/ar\\\/?s={search_term_string}\"},\"query-input\":{\"@type\":\"PropertyValueSpecification\",\"valueRequired\":true,\"valueName\":\"search_term_string\"}}],\"inLanguage\":\"fr-CA\"},{\"@type\":\"Organization\",\"@id\":\"https:\\\/\\\/respiart.ca\\\/ar\\\/#organization\",\"name\":\"RespiArt - Sleep apnea & CPAPs\",\"url\":\"https:\\\/\\\/respiart.ca\\\/ar\\\/\",\"logo\":{\"@type\":\"ImageObject\",\"inLanguage\":\"fr-CA\",\"@id\":\"https:\\\/\\\/respiart.ca\\\/ar\\\/#\\\/schema\\\/logo\\\/image\\\/\",\"url\":\"https:\\\/\\\/respiart.ca\\\/wp-content\\\/uploads\\\/2022\\\/05\\\/Respiart-logo-1-e1651540192142.png\",\"contentUrl\":\"https:\\\/\\\/respiart.ca\\\/wp-content\\\/uploads\\\/2022\\\/05\\\/Respiart-logo-1-e1651540192142.png\",\"width\":237,\"height\":61,\"caption\":\"RespiArt - Sleep apnea & CPAPs\"},\"image\":{\"@id\":\"https:\\\/\\\/respiart.ca\\\/ar\\\/#\\\/schema\\\/logo\\\/image\\\/\"}}]}<\/script>\n<!-- \/ Yoast SEO plugin. -->","yoast_head_json":{"title":"ResMed AirSense 11 Autoset avec HumidAir et tuyau chauffant ClimateLineAir 11 | Respiart - Th\u00e9rapeute respiratoire Montr\u00e9al","description":"Le ResMed AirSense 11 AutoSet est un appareil de pression autor\u00e9gul\u00e9 haut de gamme avec humidificateur chauffant int\u00e9gr\u00e9, connectivit\u00e9 sans fil, d\u00e9tection avanc\u00e9e d&#039;\u00e9v\u00e9nements et fonctions d&#039;assistance au patient.","robots":{"index":"index","follow":"follow","max-snippet":"max-snippet:-1","max-image-preview":"max-image-preview:large","max-video-preview":"max-video-preview:-1"},"canonical":"https:\/\/respiart.ca\/fr\/magasin\/resmed-airsense-11-autoset-avec-tuyau-chauffant-humidair-climatelineair-11\/","og_locale":"fr_CA","og_type":"article","og_title":"ResMed AirSense 11 Autoset with HumidAir & ClimateLineAir 11 Heated Tubing | Respiart - Respiratory therapist Montreal","og_description":"ResMed AirSense 11 AutoSet is a premium auto-adjusting pressure device with integrated heated humidifier, wireless connectivity, advanced event detection and patient support features.","og_url":"https:\/\/respiart.ca\/fr\/magasin\/resmed-airsense-11-autoset-avec-tuyau-chauffant-humidair-climatelineair-11\/","og_site_name":"Respiart - Respiratory therapist Montreal","article_modified_time":"2026-04-23T18:32:22+00:00","og_image":[{"width":1024,"height":740,"url":"https:\/\/respiart.ca\/wp-content\/uploads\/2025\/11\/resmed-AirSense11-5-1.webp","type":"image\/webp"}],"twitter_card":"summary_large_image","twitter_misc":{"Estimation du temps de lecture":"3 minutes"},"schema":{"@context":"https:\/\/schema.org","@graph":[{"@type":"WebPage","@id":"https:\/\/respiart.ca\/shop\/resmed-airsense-11-autoset-with-humidair-climatelineair-11-heated-tubing\/","url":"https:\/\/respiart.ca\/shop\/resmed-airsense-11-autoset-with-humidair-climatelineair-11-heated-tubing\/","name":"ResMed AirSense 11 Autoset avec HumidAir et tuyau chauffant ClimateLineAir 11 | Respiart - Th\u00e9rapeute respiratoire Montr\u00e9al","isPartOf":{"@id":"https:\/\/respiart.ca\/ar\/#website"},"primaryImageOfPage":{"@id":"https:\/\/respiart.ca\/shop\/resmed-airsense-11-autoset-with-humidair-climatelineair-11-heated-tubing\/#primaryimage"},"image":{"@id":"https:\/\/respiart.ca\/shop\/resmed-airsense-11-autoset-with-humidair-climatelineair-11-heated-tubing\/#primaryimage"},"thumbnailUrl":"https:\/\/respiart.ca\/wp-content\/uploads\/2025\/11\/resmed-AirSense11-5-1.webp","datePublished":"2025-11-06T16:18:54+00:00","dateModified":"2026-04-23T18:32:22+00:00","description":"Le ResMed AirSense 11 AutoSet est un appareil de pression autor\u00e9gul\u00e9 haut de gamme avec humidificateur chauffant int\u00e9gr\u00e9, connectivit\u00e9 sans fil, d\u00e9tection avanc\u00e9e d&#039;\u00e9v\u00e9nements et fonctions d&#039;assistance au patient.","breadcrumb":{"@id":"https:\/\/respiart.ca\/shop\/resmed-airsense-11-autoset-with-humidair-climatelineair-11-heated-tubing\/#breadcrumb"},"inLanguage":"fr-CA","potentialAction":[{"@type":"ReadAction","target":["https:\/\/respiart.ca\/shop\/resmed-airsense-11-autoset-with-humidair-climatelineair-11-heated-tubing\/"]}]},{"@type":"ImageObject","inLanguage":"fr-CA","@id":"https:\/\/respiart.ca\/shop\/resmed-airsense-11-autoset-with-humidair-climatelineair-11-heated-tubing\/#primaryimage","url":"https:\/\/respiart.ca\/wp-content\/uploads\/2025\/11\/resmed-AirSense11-5-1.webp","contentUrl":"https:\/\/respiart.ca\/wp-content\/uploads\/2025\/11\/resmed-AirSense11-5-1.webp","width":1024,"height":740},{"@type":"BreadcrumbList","@id":"https:\/\/respiart.ca\/shop\/resmed-airsense-11-autoset-with-humidair-climatelineair-11-heated-tubing\/#breadcrumb","itemListElement":[{"@type":"ListItem","position":1,"name":"Home","item":"https:\/\/respiart.ca\/"},{"@type":"ListItem","position":2,"name":"Shop CPAP","item":"https:\/\/respiart.ca\/shop-cpap\/"},{"@type":"ListItem","position":3,"name":"ResMed AirSense 11 Autoset with HumidAir &#038; ClimateLineAir 11 Heated Tubing"}]},{"@type":"WebSite","@id":"https:\/\/respiart.ca\/ar\/#website","url":"https:\/\/respiart.ca\/ar\/","name":"RespiArt - Apn\u00e9e du sommeil et CPAP","description":"CPAP et tests pour l&#039;apn\u00e9e du sommeil, l&#039;asthme, l&#039;oxym\u00e9trie","publisher":{"@id":"https:\/\/respiart.ca\/ar\/#organization"},"potentialAction":[{"@type":"SearchAction","target":{"@type":"EntryPoint","urlTemplate":"https:\/\/respiart.ca\/ar\/?s={search_term_string}"},"query-input":{"@type":"PropertyValueSpecification","valueRequired":true,"valueName":"search_term_string"}}],"inLanguage":"fr-CA"},{"@type":"Organization","@id":"https:\/\/respiart.ca\/ar\/#organization","name":"RespiArt - Apn\u00e9e du sommeil et CPAP","url":"https:\/\/respiart.ca\/ar\/","logo":{"@type":"ImageObject","inLanguage":"fr-CA","@id":"https:\/\/respiart.ca\/ar\/#\/schema\/logo\/image\/","url":"https:\/\/respiart.ca\/wp-content\/uploads\/2022\/05\/Respiart-logo-1-e1651540192142.png","contentUrl":"https:\/\/respiart.ca\/wp-content\/uploads\/2022\/05\/Respiart-logo-1-e1651540192142.png","width":237,"height":61,"caption":"RespiArt - Sleep apnea & CPAPs"},"image":{"@id":"https:\/\/respiart.ca\/ar\/#\/schema\/logo\/image\/"}}]}},"_links":{"self":[{"href":"https:\/\/respiart.ca\/fr\/wp-json\/wp\/v2\/product\/5179","targetHints":{"allow":["GET"]}}],"collection":[{"href":"https:\/\/respiart.ca\/fr\/wp-json\/wp\/v2\/product"}],"about":[{"href":"https:\/\/respiart.ca\/fr\/wp-json\/wp\/v2\/types\/product"}],"replies":[{"embeddable":true,"href":"https:\/\/respiart.ca\/fr\/wp-json\/wp\/v2\/comments?post=5179"}],"wp:featuredmedia":[{"embeddable":true,"href":"https:\/\/respiart.ca\/fr\/wp-json\/wp\/v2\/media\/5318"}],"wp:attachment":[{"href":"https:\/\/respiart.ca\/fr\/wp-json\/wp\/v2\/media?parent=5179"}],"wp:term":[{"taxonomy":"product_brand","embeddable":true,"href":"https:\/\/respiart.ca\/fr\/wp-json\/wp\/v2\/product_brand?post=5179"},{"taxonomy":"product_cat","embeddable":true,"href":"https:\/\/respiart.ca\/fr\/wp-json\/wp\/v2\/product_cat?post=5179"},{"taxonomy":"product_tag","embeddable":true,"href":"https:\/\/respiart.ca\/fr\/wp-json\/wp\/v2\/product_tag?post=5179"}],"curies":[{"name":"wp","href":"https:\/\/api.w.org\/{rel}","templated":true}]}}