{"id":5202,"date":"2025-11-06T17:08:58","date_gmt":"2025-11-06T17:08:58","guid":{"rendered":"http:\/\/f4i.0cc.mytemp.website\/?post_type=product&#038;p=5202"},"modified":"2026-03-24T22:31:09","modified_gmt":"2026-03-24T22:31:09","slug":"resmed-airmini-autoset","status":"publish","type":"product","link":"https:\/\/respiart.ca\/fr\/shop\/resmed-airmini-autoset\/","title":{"rendered":"ResMed AirMini AutoSet"},"content":{"rendered":"<h3><strong>Caract\u00e9ristiques:<\/strong><\/h3>\n<p>\u2022 Le CPAP le plus l\u00e9ger et le plus petit\u00a0: avec un poids de seulement 0,3 kg et une largeur de 13,7 cm, l\u2019AirMini est pr\u00eat pour les voyages.<br \/>\n\u2022 3 modes de th\u00e9rapie\u00a0: AutoSet, AutoSet pour elle et mode CPAP, vous permettant de personnaliser votre traitement.<br \/>\n\u2022 Dormez partout : dormez paisiblement m\u00eame en d\u00e9placement gr\u00e2ce au soulagement de la pression expiratoire, \u00e0 la fonction AutoRamp et \u00e0 la fonction SmartStart.<br \/>\n\u2022 Humidification sans eau : \u00c9vitez la s\u00e9cheresse gr\u00e2ce \u00e0 la cartouche AirMini HumidX en option \u2013 aucun r\u00e9servoir d&#039;eau n&#039;est n\u00e9cessaire.<br \/>\n\u2022 Suivi intelligent des donn\u00e9es de sommeil : Suivez votre sommeil et modifiez les param\u00e8tres via l&#039;application ResMed AirMini (iOS et Android).<br \/>\n\u2022 Pr\u00eat pour le voyage : homologu\u00e9 par la FAA, avec alimentation \u00e0 double tension, pochette de voyage et filtre de d\u00e9marrage.<\/p>\n<p><strong>Remarque : La garantie du fabricant sur ce produit est de 3 ans.<\/strong><\/p>\n<h3><strong>AirMini est UNIQUEMENT compatible avec les masques suivants\u00a0:<\/strong><\/h3>\n<ul>\n<li>AirFit N30 pour AirMini (SKU\u00a0: 38878)<\/li>\n<li>AirFit P10 pour AirMini (SKU\u00a0: 38824)<\/li>\n<li>AirFit F30 (kit d&#039;installation F30 s\u00e9par\u00e9, r\u00e9f\u00e9rence\u00a0: 38010 requis)<\/li>\n<li>AirFit F20 \/ AirTouch F20 (pack d&#039;installation F20 s\u00e9par\u00e9 requis, r\u00e9f\u00e9rence\u00a0: 38011)<\/li>\n<li>AirFit N20 \/ AirTouch N20 (Pack d&#039;installation N20 requis, r\u00e9f\u00e9rence\u00a0: 38823)<\/li>\n<\/ul>\n<p>&nbsp;<\/p>\n<p><strong>Alerte au niveau sonore :<\/strong> Cet appareil CPAP de voyage fonctionne \u00e0 29 dBA \u00b1 2 dBA. Les appareils de voyage sont g\u00e9n\u00e9ralement plus bruyants que les appareils CPAP classiques en raison de leur taille r\u00e9duite.<\/p>\n<h3><strong>Contenu de l&#039;emballage\u00a0:<\/strong><\/h3>\n<ul>\n<li>1 appareil CPAP AirMini AutoSet<\/li>\n<li>1 filtre \u00e0 air jetable (\u00e0 l&#039;int\u00e9rieur de la machine)<\/li>\n<li>1 alimentation de 20 W<\/li>\n<li>1 sac \u00e0 cordon<\/li>\n<li>1 manuel d&#039;utilisation du produit<\/li>\n<\/ul>\n<h3>Caract\u00e9ristiques:<\/h3>\n<ul>\n<li>Dimensions : 13,7 cm (L) x 8,4 cm (P) x 5,3 cm (H) Poids : 0,3 kg<\/li>\n<li>Niveau sonore : 29 dBA avec une incertitude de 2 dBA (Remarque : les unit\u00e9s de voyage sont g\u00e9n\u00e9ralement plus bruyantes que les unit\u00e9s r\u00e9guli\u00e8res).<\/li>\n<\/ul>\n<h3><\/h3>\n<h3><strong>ResMed AirMini\u00a0: Configuration de l\u2019appareil et appairage avec l\u2019application AirMini<\/strong><\/h3>\n<div style=\"width: 720px;\" class=\"wp-video\"><video class=\"wp-video-shortcode\" id=\"video-5202-1\" width=\"720\" height=\"720\" preload=\"metadata\" controls=\"controls\"><source type=\"video\/mp4\" src=\"http:\/\/respiart.ca\/wp-content\/uploads\/2025\/11\/2b052167653241718ddef14c4fb8a330.mp4?_=1\" \/><a href=\"http:\/\/respiart.ca\/wp-content\/uploads\/2025\/11\/2b052167653241718ddef14c4fb8a330.mp4\">http:\/\/respiart.ca\/wp-content\/uploads\/2025\/11\/2b052167653241718ddef14c4fb8a330.mp4<\/a><\/video><\/div>\n<p>&nbsp;<\/p>\n<h3>ResMed AirMini\u00a0: V\u00e9rification et remplacement des pi\u00e8ces<\/h3>\n<div style=\"width: 720px;\" class=\"wp-video\"><video class=\"wp-video-shortcode\" id=\"video-5202-2\" width=\"720\" height=\"720\" preload=\"metadata\" controls=\"controls\"><source type=\"video\/mp4\" src=\"http:\/\/respiart.ca\/wp-content\/uploads\/2025\/11\/2b37307574444ab2a9259cab6a120f0e.mp4?_=2\" \/><a href=\"http:\/\/respiart.ca\/wp-content\/uploads\/2025\/11\/2b37307574444ab2a9259cab6a120f0e.mp4\">http:\/\/respiart.ca\/wp-content\/uploads\/2025\/11\/2b37307574444ab2a9259cab6a120f0e.mp4<\/a><\/video><\/div>\n<p>&nbsp;<\/p>\n<h3>ResMed AirMini : Humidification<\/h3>\n<div style=\"width: 720px;\" class=\"wp-video\"><video class=\"wp-video-shortcode\" id=\"video-5202-3\" width=\"720\" height=\"720\" preload=\"metadata\" controls=\"controls\"><source type=\"video\/mp4\" src=\"http:\/\/respiart.ca\/wp-content\/uploads\/2025\/11\/d0242da0f2a3488290653e846fa48a35.mp4?_=3\" \/><a href=\"http:\/\/respiart.ca\/wp-content\/uploads\/2025\/11\/d0242da0f2a3488290653e846fa48a35.mp4\">http:\/\/respiart.ca\/wp-content\/uploads\/2025\/11\/d0242da0f2a3488290653e846fa48a35.mp4<\/a><\/video><\/div>\n<h3>Am\u00e9liorez votre exp\u00e9rience AirMini<\/h3>\n<p>L&#039;AirMini, ultra-compact, est id\u00e9al pour les voyages et les s\u00e9ances de th\u00e9rapie en d\u00e9placement. Compl\u00e9tez votre configuration portable avec l&#039;un de nos kits d&#039;installation compatibles avec l&#039;AirMini, comprenant\u00a0: <a href=\"\/fr\/magasin\/systeme-de-masque-complet-airfit-n20\/\">Masque nasal AirFit N20<\/a>, <a href=\"\/fr\/magasin\/systeme-de-masque-complet-airfit-f20\/\">Masque int\u00e9gral AirFit F20<\/a>, ou <a href=\"\/fr\/magasin\/masque-complet-airfit-p10-a-coussins\/\">Masque nasal AirFit P10<\/a>. Les accessoires essentiels comprennent les cartouches d&#039;humidification HumidX, <a href=\"\/fr\/magasin\/filtre-airmini-lot-de-12\/\">Filtre AirMini, paquet de 12<\/a>, et le <a href=\"\/fr\/magasin\/sac-de-voyage-souple-airmini\/\">sac de voyage souple<\/a> Pour un transport en toute s\u00e9curit\u00e9. D\u00e9couvrez tous les accessoires AirMini et les produits compatibles dans notre <a href=\"\/fr\/magasin-cpap\/\">Catalogue complet des appareils CPAP<\/a>.<\/p>","protected":false},"excerpt":{"rendered":"<p>L&#039;AirMini de ResMed est le plus petit appareil CPAP au monde et le compagnon de voyage id\u00e9al, simple et pratique. Fabriqu\u00e9 par ResMed, la marque la plus fiable au monde en mati\u00e8re de traitement de l&#039;apn\u00e9e du sommeil, l&#039;AirMini vous permet d&#039;emporter partout avec vous votre traitement CPAP de qualit\u00e9 sup\u00e9rieure. Que votre appareil CPAP soit rest\u00e9 \u00e0 la maison ou que vous soyez simplement fatigu\u00e9 de le transporter, l&#039;AirMini vous offre une solution plus pratique.<\/p>","protected":false},"featured_media":5326,"comment_status":"open","ping_status":"closed","template":"","meta":[],"product_brand":[],"product_cat":[96,108],"product_tag":[],"class_list":{"0":"post-5202","1":"product","2":"type-product","3":"status-publish","4":"has-post-thumbnail","6":"product_cat-cpap-bipap-machines","7":"product_cat-resmed","9":"first","10":"instock","11":"sale","12":"taxable","13":"shipping-taxable","14":"purchasable","15":"product-type-simple"},"yoast_head":"<!-- This site is optimized with the Yoast SEO plugin v27.4 - https:\/\/yoast.com\/product\/yoast-seo-wordpress\/ -->\n<title>ResMed AirMini AutoSet | Respiart - Respiratory therapist Montreal<\/title>\n<meta name=\"description\" content=\"ResMed AirMini is the world&#039;s smallest CPAP and ideal no-fuss travel companion. Made by ResMed, the world&#039;s most trusted brand for sleep apnea therapy, AirMini makes it easy to take premium CPAP therapy anywhere. Whether your CPAP used to live at home or you&#039;re just tired of packing it, there&#039;s a better way with AirMini.\" \/>\n<meta name=\"robots\" content=\"index, follow, max-snippet:-1, max-image-preview:large, max-video-preview:-1\" \/>\n<link rel=\"canonical\" href=\"https:\/\/respiart.ca\/fr\/magasin\/resmed-airmini-autoset\/\" \/>\n<meta property=\"og:locale\" content=\"fr_CA\" \/>\n<meta property=\"og:type\" content=\"article\" \/>\n<meta property=\"og:title\" content=\"ResMed AirMini AutoSet | Respiart - Respiratory therapist Montreal\" \/>\n<meta property=\"og:description\" content=\"ResMed AirMini is the world&#039;s smallest CPAP and ideal no-fuss travel companion. Made by ResMed, the world&#039;s most trusted brand for sleep apnea therapy, AirMini makes it easy to take premium CPAP therapy anywhere. Whether your CPAP used to live at home or you&#039;re just tired of packing it, there&#039;s a better way with AirMini.\" \/>\n<meta property=\"og:url\" content=\"https:\/\/respiart.ca\/fr\/magasin\/resmed-airmini-autoset\/\" \/>\n<meta property=\"og:site_name\" content=\"Respiart - Respiratory therapist Montreal\" \/>\n<meta property=\"article:modified_time\" content=\"2026-03-24T22:31:09+00:00\" \/>\n<meta property=\"og:image\" content=\"https:\/\/respiart.ca\/wp-content\/uploads\/2025\/11\/resmed-AirMini-AutoSet-9-1.webp\" \/>\n\t<meta property=\"og:image:width\" content=\"600\" \/>\n\t<meta property=\"og:image:height\" content=\"600\" \/>\n\t<meta property=\"og:image:type\" content=\"image\/webp\" \/>\n<meta name=\"twitter:card\" content=\"summary_large_image\" \/>\n<meta name=\"twitter:label1\" content=\"Estimation du temps de lecture\" \/>\n\t<meta name=\"twitter:data1\" content=\"2 minutes\" \/>\n<script type=\"application\/ld+json\" class=\"yoast-schema-graph\">{\"@context\":\"https:\\\/\\\/schema.org\",\"@graph\":[{\"@type\":\"WebPage\",\"@id\":\"https:\\\/\\\/respiart.ca\\\/shop\\\/resmed-airmini-autoset\\\/\",\"url\":\"https:\\\/\\\/respiart.ca\\\/shop\\\/resmed-airmini-autoset\\\/\",\"name\":\"ResMed AirMini AutoSet | Respiart - Respiratory therapist Montreal\",\"isPartOf\":{\"@id\":\"https:\\\/\\\/respiart.ca\\\/ar\\\/#website\"},\"primaryImageOfPage\":{\"@id\":\"https:\\\/\\\/respiart.ca\\\/shop\\\/resmed-airmini-autoset\\\/#primaryimage\"},\"image\":{\"@id\":\"https:\\\/\\\/respiart.ca\\\/shop\\\/resmed-airmini-autoset\\\/#primaryimage\"},\"thumbnailUrl\":\"https:\\\/\\\/respiart.ca\\\/wp-content\\\/uploads\\\/2025\\\/11\\\/resmed-AirMini-AutoSet-9-1.webp\",\"datePublished\":\"2025-11-06T17:08:58+00:00\",\"dateModified\":\"2026-03-24T22:31:09+00:00\",\"description\":\"ResMed AirMini is the world's smallest CPAP and ideal no-fuss travel companion. Made by ResMed, the world's most trusted brand for sleep apnea therapy, AirMini makes it easy to take premium CPAP therapy anywhere. Whether your CPAP used to live at home or you're just tired of packing it, there's a better way with AirMini.\",\"breadcrumb\":{\"@id\":\"https:\\\/\\\/respiart.ca\\\/shop\\\/resmed-airmini-autoset\\\/#breadcrumb\"},\"inLanguage\":\"fr-CA\",\"potentialAction\":[{\"@type\":\"ReadAction\",\"target\":[\"https:\\\/\\\/respiart.ca\\\/shop\\\/resmed-airmini-autoset\\\/\"]}]},{\"@type\":\"ImageObject\",\"inLanguage\":\"fr-CA\",\"@id\":\"https:\\\/\\\/respiart.ca\\\/shop\\\/resmed-airmini-autoset\\\/#primaryimage\",\"url\":\"https:\\\/\\\/respiart.ca\\\/wp-content\\\/uploads\\\/2025\\\/11\\\/resmed-AirMini-AutoSet-9-1.webp\",\"contentUrl\":\"https:\\\/\\\/respiart.ca\\\/wp-content\\\/uploads\\\/2025\\\/11\\\/resmed-AirMini-AutoSet-9-1.webp\",\"width\":600,\"height\":600},{\"@type\":\"BreadcrumbList\",\"@id\":\"https:\\\/\\\/respiart.ca\\\/shop\\\/resmed-airmini-autoset\\\/#breadcrumb\",\"itemListElement\":[{\"@type\":\"ListItem\",\"position\":1,\"name\":\"Home\",\"item\":\"https:\\\/\\\/respiart.ca\\\/\"},{\"@type\":\"ListItem\",\"position\":2,\"name\":\"Shop CPAP\",\"item\":\"https:\\\/\\\/respiart.ca\\\/ar\\\/%d9%85%d8%aa%d8%ac%d8%b1-cpap\\\/\"},{\"@type\":\"ListItem\",\"position\":3,\"name\":\"ResMed AirMini AutoSet\"}]},{\"@type\":\"WebSite\",\"@id\":\"https:\\\/\\\/respiart.ca\\\/ar\\\/#website\",\"url\":\"https:\\\/\\\/respiart.ca\\\/ar\\\/\",\"name\":\"RespiArt - Sleep apnea & CPAPs\",\"description\":\"CPAPs and tests for sleep apnea, asthma, oximetry\",\"publisher\":{\"@id\":\"https:\\\/\\\/respiart.ca\\\/ar\\\/#organization\"},\"potentialAction\":[{\"@type\":\"SearchAction\",\"target\":{\"@type\":\"EntryPoint\",\"urlTemplate\":\"https:\\\/\\\/respiart.ca\\\/ar\\\/?s={search_term_string}\"},\"query-input\":{\"@type\":\"PropertyValueSpecification\",\"valueRequired\":true,\"valueName\":\"search_term_string\"}}],\"inLanguage\":\"fr-CA\"},{\"@type\":\"Organization\",\"@id\":\"https:\\\/\\\/respiart.ca\\\/ar\\\/#organization\",\"name\":\"RespiArt - Sleep apnea & CPAPs\",\"url\":\"https:\\\/\\\/respiart.ca\\\/ar\\\/\",\"logo\":{\"@type\":\"ImageObject\",\"inLanguage\":\"fr-CA\",\"@id\":\"https:\\\/\\\/respiart.ca\\\/ar\\\/#\\\/schema\\\/logo\\\/image\\\/\",\"url\":\"https:\\\/\\\/respiart.ca\\\/wp-content\\\/uploads\\\/2022\\\/05\\\/Respiart-logo-1-e1651540192142.png\",\"contentUrl\":\"https:\\\/\\\/respiart.ca\\\/wp-content\\\/uploads\\\/2022\\\/05\\\/Respiart-logo-1-e1651540192142.png\",\"width\":237,\"height\":61,\"caption\":\"RespiArt - Sleep apnea & CPAPs\"},\"image\":{\"@id\":\"https:\\\/\\\/respiart.ca\\\/ar\\\/#\\\/schema\\\/logo\\\/image\\\/\"}}]}<\/script>\n<!-- \/ Yoast SEO plugin. -->","yoast_head_json":{"title":"ResMed AirMini AutoSet | Respiart - Th\u00e9rapeute respiratoire Montr\u00e9al","description":"L&#039;AirMini de ResMed est le plus petit appareil CPAP au monde et le compagnon de voyage id\u00e9al, simple et pratique. Fabriqu\u00e9 par ResMed, la marque la plus fiable au monde en mati\u00e8re de traitement de l&#039;apn\u00e9e du sommeil, l&#039;AirMini vous permet d&#039;emporter partout avec vous votre traitement CPAP de qualit\u00e9 sup\u00e9rieure. Que votre appareil CPAP soit rest\u00e9 \u00e0 la maison ou que vous soyez simplement fatigu\u00e9 de le transporter, l&#039;AirMini vous offre une solution plus pratique.","robots":{"index":"index","follow":"follow","max-snippet":"max-snippet:-1","max-image-preview":"max-image-preview:large","max-video-preview":"max-video-preview:-1"},"canonical":"https:\/\/respiart.ca\/fr\/magasin\/resmed-airmini-autoset\/","og_locale":"fr_CA","og_type":"article","og_title":"ResMed AirMini AutoSet | Respiart - Respiratory therapist Montreal","og_description":"ResMed AirMini is the world's smallest CPAP and ideal no-fuss travel companion. Made by ResMed, the world's most trusted brand for sleep apnea therapy, AirMini makes it easy to take premium CPAP therapy anywhere. Whether your CPAP used to live at home or you're just tired of packing it, there's a better way with AirMini.","og_url":"https:\/\/respiart.ca\/fr\/magasin\/resmed-airmini-autoset\/","og_site_name":"Respiart - Respiratory therapist Montreal","article_modified_time":"2026-03-24T22:31:09+00:00","og_image":[{"width":600,"height":600,"url":"https:\/\/respiart.ca\/wp-content\/uploads\/2025\/11\/resmed-AirMini-AutoSet-9-1.webp","type":"image\/webp"}],"twitter_card":"summary_large_image","twitter_misc":{"Estimation du temps de lecture":"2 minutes"},"schema":{"@context":"https:\/\/schema.org","@graph":[{"@type":"WebPage","@id":"https:\/\/respiart.ca\/shop\/resmed-airmini-autoset\/","url":"https:\/\/respiart.ca\/shop\/resmed-airmini-autoset\/","name":"ResMed AirMini AutoSet | Respiart - Th\u00e9rapeute respiratoire Montr\u00e9al","isPartOf":{"@id":"https:\/\/respiart.ca\/ar\/#website"},"primaryImageOfPage":{"@id":"https:\/\/respiart.ca\/shop\/resmed-airmini-autoset\/#primaryimage"},"image":{"@id":"https:\/\/respiart.ca\/shop\/resmed-airmini-autoset\/#primaryimage"},"thumbnailUrl":"https:\/\/respiart.ca\/wp-content\/uploads\/2025\/11\/resmed-AirMini-AutoSet-9-1.webp","datePublished":"2025-11-06T17:08:58+00:00","dateModified":"2026-03-24T22:31:09+00:00","description":"L&#039;AirMini de ResMed est le plus petit appareil CPAP au monde et le compagnon de voyage id\u00e9al, simple et pratique. Fabriqu\u00e9 par ResMed, la marque la plus fiable au monde en mati\u00e8re de traitement de l&#039;apn\u00e9e du sommeil, l&#039;AirMini vous permet d&#039;emporter partout avec vous votre traitement CPAP de qualit\u00e9 sup\u00e9rieure. Que votre appareil CPAP soit rest\u00e9 \u00e0 la maison ou que vous soyez simplement fatigu\u00e9 de le transporter, l&#039;AirMini vous offre une solution plus pratique.","breadcrumb":{"@id":"https:\/\/respiart.ca\/shop\/resmed-airmini-autoset\/#breadcrumb"},"inLanguage":"fr-CA","potentialAction":[{"@type":"ReadAction","target":["https:\/\/respiart.ca\/shop\/resmed-airmini-autoset\/"]}]},{"@type":"ImageObject","inLanguage":"fr-CA","@id":"https:\/\/respiart.ca\/shop\/resmed-airmini-autoset\/#primaryimage","url":"https:\/\/respiart.ca\/wp-content\/uploads\/2025\/11\/resmed-AirMini-AutoSet-9-1.webp","contentUrl":"https:\/\/respiart.ca\/wp-content\/uploads\/2025\/11\/resmed-AirMini-AutoSet-9-1.webp","width":600,"height":600},{"@type":"BreadcrumbList","@id":"https:\/\/respiart.ca\/shop\/resmed-airmini-autoset\/#breadcrumb","itemListElement":[{"@type":"ListItem","position":1,"name":"Home","item":"https:\/\/respiart.ca\/"},{"@type":"ListItem","position":2,"name":"Shop CPAP","item":"https:\/\/respiart.ca\/ar\/%d9%85%d8%aa%d8%ac%d8%b1-cpap\/"},{"@type":"ListItem","position":3,"name":"ResMed AirMini AutoSet"}]},{"@type":"WebSite","@id":"https:\/\/respiart.ca\/ar\/#website","url":"https:\/\/respiart.ca\/ar\/","name":"RespiArt - Apn\u00e9e du sommeil et CPAP","description":"CPAP et tests pour l&#039;apn\u00e9e du sommeil, l&#039;asthme, l&#039;oxym\u00e9trie","publisher":{"@id":"https:\/\/respiart.ca\/ar\/#organization"},"potentialAction":[{"@type":"SearchAction","target":{"@type":"EntryPoint","urlTemplate":"https:\/\/respiart.ca\/ar\/?s={search_term_string}"},"query-input":{"@type":"PropertyValueSpecification","valueRequired":true,"valueName":"search_term_string"}}],"inLanguage":"fr-CA"},{"@type":"Organization","@id":"https:\/\/respiart.ca\/ar\/#organization","name":"RespiArt - Apn\u00e9e du sommeil et CPAP","url":"https:\/\/respiart.ca\/ar\/","logo":{"@type":"ImageObject","inLanguage":"fr-CA","@id":"https:\/\/respiart.ca\/ar\/#\/schema\/logo\/image\/","url":"https:\/\/respiart.ca\/wp-content\/uploads\/2022\/05\/Respiart-logo-1-e1651540192142.png","contentUrl":"https:\/\/respiart.ca\/wp-content\/uploads\/2022\/05\/Respiart-logo-1-e1651540192142.png","width":237,"height":61,"caption":"RespiArt - Sleep apnea & CPAPs"},"image":{"@id":"https:\/\/respiart.ca\/ar\/#\/schema\/logo\/image\/"}}]}},"_links":{"self":[{"href":"https:\/\/respiart.ca\/fr\/wp-json\/wp\/v2\/product\/5202","targetHints":{"allow":["GET"]}}],"collection":[{"href":"https:\/\/respiart.ca\/fr\/wp-json\/wp\/v2\/product"}],"about":[{"href":"https:\/\/respiart.ca\/fr\/wp-json\/wp\/v2\/types\/product"}],"replies":[{"embeddable":true,"href":"https:\/\/respiart.ca\/fr\/wp-json\/wp\/v2\/comments?post=5202"}],"wp:featuredmedia":[{"embeddable":true,"href":"https:\/\/respiart.ca\/fr\/wp-json\/wp\/v2\/media\/5326"}],"wp:attachment":[{"href":"https:\/\/respiart.ca\/fr\/wp-json\/wp\/v2\/media?parent=5202"}],"wp:term":[{"taxonomy":"product_brand","embeddable":true,"href":"https:\/\/respiart.ca\/fr\/wp-json\/wp\/v2\/product_brand?post=5202"},{"taxonomy":"product_cat","embeddable":true,"href":"https:\/\/respiart.ca\/fr\/wp-json\/wp\/v2\/product_cat?post=5202"},{"taxonomy":"product_tag","embeddable":true,"href":"https:\/\/respiart.ca\/fr\/wp-json\/wp\/v2\/product_tag?post=5202"}],"curies":[{"name":"wp","href":"https:\/\/api.w.org\/{rel}","templated":true}]}}