{"id":5375,"date":"2025-11-30T14:26:26","date_gmt":"2025-11-30T14:26:26","guid":{"rendered":"http:\/\/f4i.0cc.mytemp.website\/?post_type=product&#038;p=5375"},"modified":"2026-04-23T20:20:21","modified_gmt":"2026-04-23T20:20:21","slug":"appareil-de-ventilation-non-invasive-resmed-aircurve-11-vauto-avec-humidair-11-climate-line-11-et-tubulure-chauffante","status":"publish","type":"product","link":"https:\/\/respiart.ca\/fr\/shop\/resmed-aircurve-11-vauto-with-humidair-11-climate-line-11-heated-tubing-bipap-machine\/","title":{"rendered":"Appareil de ventilation non invasive ResMed AirCurve\u2122 11 VAuto avec HumidAir 11 et Climate Line 11 (tubulure chauffante)."},"content":{"rendered":"<div class=\"product-content-below-gallery__description prose\">\n<h2>\u00c0 propos de <a href=\"https:\/\/respiart.ca\/fr\/categorie-produit\/marques\/resmed\/\">ResMed<\/a> AirCurve 11 VAuto<\/h2>\n<p>L&#039;appareil \u00e0 deux niveaux de pression ResMed AirCurve 11 VAuto est destin\u00e9 aux personnes rencontrant des difficult\u00e9s avec la ventilation en pression positive continue (PPC) ou souffrant d&#039;apn\u00e9e obstructive du sommeil. Il maintient les voies respiratoires ouvertes tout en assurant une assistance respiratoire \u00e0 pression constante gr\u00e2ce \u00e0 l&#039;ajustement de la pression de base via l&#039;algorithme AutoSet\u2122 et la forme d&#039;onde Easy-Breathe. Cet appareil propose deux niveaux d&#039;assistance\u00a0: une pression positive inspiratoire (PPI) pour l&#039;inspiration et une pression positive expiratoire (PPE) pour l&#039;expiration. Le ResMed AirCurve 11 VAuto favorise un meilleur sommeil car il reproduit plus fid\u00e8lement les sch\u00e9mas respiratoires naturels. Selon les \u00e9tudes, le passage d&#039;une ventilation en PPC continue \u00e0 une ventilation \u00e0 deux niveaux VAuto peut am\u00e9liorer le sommeil et r\u00e9duire la somnolence diurne chez certains utilisateurs.<\/p>\n<p><strong>Caract\u00e9ristiques principales :<\/strong><br \/>\n\u2022 Trois modes de th\u00e9rapie \u2013 Offre la PPC, <a href=\"https:\/\/respiart.ca\/fr\/categorie-produit\/appareils-bipap\/\">BiPAP<\/a> S (IPAP et EPAP fixes) et VAuto (BiPAP \u00e0 r\u00e9glage automatique) pour un traitement personnalis\u00e9.<br \/>\n\u2022 Algorithme AutoSet\u2122 \u2013 Ajuste automatiquement la pression en r\u00e9ponse aux ronflements, aux apn\u00e9es et aux limitations de d\u00e9bit pour assurer une th\u00e9rapie efficace.<br \/>\n\u2022 Confort am\u00e9lior\u00e9 \u2013 La forme d\u2019onde Easy-Breath\u2122 se synchronise avec votre respiration naturelle, tandis qu\u2019AutoRamp\u2122 augmente progressivement la pression apr\u00e8s votre endormissement.<br \/>\n\u2022 Contr\u00f4le du temps inspiratoire \u2013 Permet d\u2019ajuster le temps inspiratoire (Ti) pour une exp\u00e9rience de respiration plus naturelle.<br \/>\n\u2022 Application myAir\u2122 et assistance num\u00e9rique \u2013 Offre une configuration interactive guid\u00e9e par la voix, des commentaires personnalis\u00e9s et un accompagnement pour vous aider \u00e0 rester sur la bonne voie.<br \/>\n\u2022 Surveillance \u00e0 distance \u2013 Le modem int\u00e9gr\u00e9 et le Bluetooth permettent \u00e0 votre professionnel de sant\u00e9 de suivre l\u2019\u00e9volution de votre th\u00e9rapie et d\u2019apporter des ajustements si n\u00e9cessaire.<\/p>\n<h2><strong>Inclus avec cette machine <\/strong><\/h2>\n<p>\u2022 1 x ResMed AirCurve 11 VAuto avec humidificateur chauffant int\u00e9gr\u00e9<br \/>\n\u2022 1 x chambre \u00e0 eau standard<br \/>\n\u2022 1 x tuyau chauffant ClimateLineAir 11<br \/>\n\u2022 1 x Alimentation<br \/>\n\u2022 1 x Filtre standard (ins\u00e9r\u00e9)<br \/>\n\u2022 1 x Sac de voyage<br \/>\n\u2022 1 x Manuel d&#039;utilisation<\/p>\n<p><strong>Caract\u00e9ristiques:<\/strong><br \/>\n\u2022 Dimensions avec humidificateur : 10,21\u2033 x 3,72\u2033 x 5,45\u2033 ou 259,4 mm x 94,5 mm x 138,5 mm (L x l x H)<br \/>\n\u2022 Capacit\u00e9 du r\u00e9servoir d&#039;eau : 380 ml (jusqu&#039;au niveau de remplissage maximal)<\/p>\n<p><strong>Note:<\/strong> Le syst\u00e8me ResMed AirCurve 11 VAuto est indiqu\u00e9 pour le traitement de l&#039;apn\u00e9e obstructive du sommeil (AOS) chez les patients pesant plus de 66 lb (30 kg).<\/p>\n<p><strong>Veuillez noter: <\/strong>Une ordonnance valide pr\u00e9cisant la n\u00e9cessit\u00e9 d&#039;un appareil BiPAP est requise pour finaliser votre achat.<\/p>\n<p><strong>ResMed AirCurve 11\u00a0: Comment utiliser votre appareil\u00a0<\/strong><br \/>\n<iframe src=\"https:\/\/players.brightcove.net\/2750693505001\/VgZZoXaig_default\/index.html?videoId=6330309789112\" frameborder=\"0\" allowfullscreen=\"allowfullscreen\"><\/iframe><\/p>\n<p>&nbsp;<\/p>\n<p><strong>ResMed AirCurve 11\u00a0: Pr\u00e9sentation du dispositif\u00a0<\/strong><\/p>\n<div style=\"width: 1170px;\" class=\"wp-video\"><video class=\"wp-video-shortcode\" id=\"video-5375-1\" width=\"1170\" height=\"658\" preload=\"metadata\" controls=\"controls\"><source type=\"video\/mp4\" src=\"http:\/\/respiart.ca\/wp-content\/uploads\/2025\/11\/40f0bc434d58457f9feb5e360a80f1c7-1.mp4?_=1\" \/><a href=\"http:\/\/respiart.ca\/wp-content\/uploads\/2025\/11\/40f0bc434d58457f9feb5e360a80f1c7-1.mp4\">http:\/\/respiart.ca\/wp-content\/uploads\/2025\/11\/40f0bc434d58457f9feb5e360a80f1c7-1.mp4<\/a><\/video><\/div>\n<p><strong>ResMed AirCurve 11<\/strong><strong>Optimisez votre confort gr\u00e2ce \u00e0 l&#039;humidification chauff\u00e9e.<\/strong><\/p>\n<div style=\"width: 1170px;\" class=\"wp-video\"><video class=\"wp-video-shortcode\" id=\"video-5375-2\" width=\"1170\" height=\"658\" preload=\"metadata\" controls=\"controls\"><source type=\"video\/mp4\" src=\"http:\/\/respiart.ca\/wp-content\/uploads\/2025\/11\/8e04f221c99a414ba9977ed98e04e53a-1.mp4?_=2\" \/><a href=\"http:\/\/respiart.ca\/wp-content\/uploads\/2025\/11\/8e04f221c99a414ba9977ed98e04e53a-1.mp4\">http:\/\/respiart.ca\/wp-content\/uploads\/2025\/11\/8e04f221c99a414ba9977ed98e04e53a-1.mp4<\/a><\/video><\/div>\n<p><strong>ResMed AirCurve 11\u00a0: Confort optimal gr\u00e2ce \u00e0 la rampe<\/strong><\/p>\n<div style=\"width: 1170px;\" class=\"wp-video\"><video class=\"wp-video-shortcode\" id=\"video-5375-3\" width=\"1170\" height=\"658\" preload=\"metadata\" controls=\"controls\"><source type=\"video\/mp4\" src=\"http:\/\/respiart.ca\/wp-content\/uploads\/2025\/11\/52a87b7cd76040aa871125e34afda13c-1.mp4?_=3\" \/><a href=\"http:\/\/respiart.ca\/wp-content\/uploads\/2025\/11\/52a87b7cd76040aa871125e34afda13c-1.mp4\">http:\/\/respiart.ca\/wp-content\/uploads\/2025\/11\/52a87b7cd76040aa871125e34afda13c-1.mp4<\/a><\/video><\/div>\n<p><strong>ResMed AirCurve 11\u00a0: Nettoyage et entretien de votre appareil<\/strong><\/p>\n<div style=\"width: 1170px;\" class=\"wp-video\"><video class=\"wp-video-shortcode\" id=\"video-5375-4\" width=\"1170\" height=\"658\" preload=\"metadata\" controls=\"controls\"><source type=\"video\/mp4\" src=\"http:\/\/respiart.ca\/wp-content\/uploads\/2025\/11\/52a87b7cd76040aa871125e34afda13c-1-1.mp4?_=4\" \/><a href=\"http:\/\/respiart.ca\/wp-content\/uploads\/2025\/11\/52a87b7cd76040aa871125e34afda13c-1-1.mp4\">http:\/\/respiart.ca\/wp-content\/uploads\/2025\/11\/52a87b7cd76040aa871125e34afda13c-1-1.mp4<\/a><\/video><\/div>\n<p><strong>La garantie constructeur de cet appareil BiPAP est de 3 ans.<\/strong><\/p>\n<p><strong>Avis de financement\u00a0:<\/strong> L\u2019achat en ligne d\u2019appareils CPAP n\u2019est pas admissible au financement du Programme ontarien d\u2019appareils et accessoires fonctionnels (PAAF). Avis de financement\u00a0: L\u2019achat en ligne d\u2019appareils CPAP n\u2019est pas admissible au financement du Programme ontarien d\u2019appareils et accessoires fonctionnels (PAAF). L\u2019appareil doit \u00eatre achet\u00e9 en personne aupr\u00e8s d\u2019un vendeur inscrit au PAAF pour \u00eatre admissible. Puisque nous pouvons toujours vous fournir un devis, veuillez v\u00e9rifier votre couverture aupr\u00e8s de votre assureur priv\u00e9.<\/p>\n<\/div>","protected":false},"excerpt":{"rendered":"<p>L&#039;appareil \u00e0 deux niveaux de pression ResMed AirCurve 11 VAuto est con\u00e7u pour les personnes souffrant d&#039;apn\u00e9e obstructive du sommeil ou rencontrant des difficult\u00e9s avec la ventilation en pression positive continue (PPC). Il utilise l&#039;algorithme AutoSet\u2122 et la forme d&#039;onde Easy-Breathe pour ajuster la pression de base, maintenant ainsi les voies respiratoires ouvertes tout en assurant une assistance respiratoire \u00e0 pression fixe. Cet appareil offre deux niveaux d&#039;assistance\u00a0: une pression positive inspiratoire (PIP) pour l&#039;inspiration et une pression positive expiratoire (PPE) pour l&#039;expiration. En se rapprochant davantage des sch\u00e9mas respiratoires naturels, le ResMed AirCurve 11 VAuto favorise une meilleure qualit\u00e9 de sommeil. Des \u00e9tudes ont montr\u00e9 que le passage d&#039;une PPC continue \u00e0 une ventilation \u00e0 deux niveaux VAuto peut am\u00e9liorer la qualit\u00e9 du sommeil et r\u00e9duire la somnolence diurne chez certains utilisateurs.<\/p>","protected":false},"featured_media":5364,"comment_status":"open","ping_status":"closed","template":"","meta":[],"product_brand":[],"product_cat":[108],"product_tag":[],"class_list":{"0":"post-5375","1":"product","2":"type-product","3":"status-publish","4":"has-post-thumbnail","6":"product_cat-resmed","8":"first","9":"instock","10":"sale","11":"taxable","12":"shipping-taxable","13":"purchasable","14":"product-type-simple"},"yoast_head":"<!-- This site is optimized with the Yoast SEO plugin v27.4 - https:\/\/yoast.com\/product\/yoast-seo-wordpress\/ -->\n<title>ResMed AirCurve\u2122 11 VAuto with HumidAir 11 &amp; Climate Line 11 Heated Tubing BiPAP Machine | Respiart - Respiratory therapist Montreal<\/title>\n<meta name=\"description\" content=\"The ResMed AirCurve 11 VAuto bilevel device is designed for individuals with obstructive sleep apnea or those struggling with PAP therapy. It utilizes the AutoSet\u2122 algorithm and Easy-Breathe waveform to adjust the baseline pressure, keeping the airway open while maintaining fixed pressure support. This bilevel device provides two levels of support: inspiratory positive airway pressure (IPAP) for inhalation and expiratory positive airway pressure (EPAP) for exhalation. By aligning more closely with natural breathing patterns, the ResMed AirCurve 11 VAuto promotes better sleep quality. Research has shown that transitioning from continuous PAP therapy to VAuto bilevel therapy can improve sleep quality and reduce daytime sleepiness for some users.\" \/>\n<meta name=\"robots\" content=\"index, follow, max-snippet:-1, max-image-preview:large, max-video-preview:-1\" \/>\n<link rel=\"canonical\" href=\"https:\/\/respiart.ca\/fr\/magasin\/appareil-de-ventilation-non-invasive-resmed-aircurve-11-vauto-avec-humidair-11-climate-line-11-et-tubulure-chauffante\/\" \/>\n<meta property=\"og:locale\" content=\"fr_CA\" \/>\n<meta property=\"og:type\" content=\"article\" \/>\n<meta property=\"og:title\" content=\"ResMed AirCurve\u2122 11 VAuto with HumidAir 11 &amp; Climate Line 11 Heated Tubing BiPAP Machine | Respiart - Respiratory therapist Montreal\" \/>\n<meta property=\"og:description\" content=\"The ResMed AirCurve 11 VAuto bilevel device is designed for individuals with obstructive sleep apnea or those struggling with PAP therapy. It utilizes the AutoSet\u2122 algorithm and Easy-Breathe waveform to adjust the baseline pressure, keeping the airway open while maintaining fixed pressure support. This bilevel device provides two levels of support: inspiratory positive airway pressure (IPAP) for inhalation and expiratory positive airway pressure (EPAP) for exhalation. By aligning more closely with natural breathing patterns, the ResMed AirCurve 11 VAuto promotes better sleep quality. Research has shown that transitioning from continuous PAP therapy to VAuto bilevel therapy can improve sleep quality and reduce daytime sleepiness for some users.\" \/>\n<meta property=\"og:url\" content=\"https:\/\/respiart.ca\/fr\/magasin\/appareil-de-ventilation-non-invasive-resmed-aircurve-11-vauto-avec-humidair-11-climate-line-11-et-tubulure-chauffante\/\" \/>\n<meta property=\"og:site_name\" content=\"Respiart - Respiratory therapist Montreal\" \/>\n<meta property=\"article:modified_time\" content=\"2026-04-23T20:20:21+00:00\" \/>\n<meta property=\"og:image\" content=\"https:\/\/respiart.ca\/wp-content\/uploads\/2025\/11\/aircurve-11-vauto-front-view-1.webp\" \/>\n\t<meta property=\"og:image:width\" content=\"941\" \/>\n\t<meta property=\"og:image:height\" content=\"712\" \/>\n\t<meta property=\"og:image:type\" content=\"image\/webp\" \/>\n<meta name=\"twitter:card\" content=\"summary_large_image\" \/>\n<meta name=\"twitter:label1\" content=\"Estimation du temps de lecture\" \/>\n\t<meta name=\"twitter:data1\" content=\"3 minutes\" \/>\n<script type=\"application\/ld+json\" class=\"yoast-schema-graph\">{\"@context\":\"https:\\\/\\\/schema.org\",\"@graph\":[{\"@type\":\"WebPage\",\"@id\":\"https:\\\/\\\/respiart.ca\\\/shop\\\/resmed-aircurve-11-vauto-with-humidair-11-climate-line-11-heated-tubing-bipap-machine\\\/\",\"url\":\"https:\\\/\\\/respiart.ca\\\/shop\\\/resmed-aircurve-11-vauto-with-humidair-11-climate-line-11-heated-tubing-bipap-machine\\\/\",\"name\":\"ResMed AirCurve\u2122 11 VAuto with HumidAir 11 &amp; Climate Line 11 Heated Tubing BiPAP Machine | Respiart - Respiratory therapist Montreal\",\"isPartOf\":{\"@id\":\"https:\\\/\\\/respiart.ca\\\/ar\\\/#website\"},\"primaryImageOfPage\":{\"@id\":\"https:\\\/\\\/respiart.ca\\\/shop\\\/resmed-aircurve-11-vauto-with-humidair-11-climate-line-11-heated-tubing-bipap-machine\\\/#primaryimage\"},\"image\":{\"@id\":\"https:\\\/\\\/respiart.ca\\\/shop\\\/resmed-aircurve-11-vauto-with-humidair-11-climate-line-11-heated-tubing-bipap-machine\\\/#primaryimage\"},\"thumbnailUrl\":\"https:\\\/\\\/respiart.ca\\\/wp-content\\\/uploads\\\/2025\\\/11\\\/aircurve-11-vauto-front-view-1.webp\",\"datePublished\":\"2025-11-30T14:26:26+00:00\",\"dateModified\":\"2026-04-23T20:20:21+00:00\",\"description\":\"The ResMed AirCurve 11 VAuto bilevel device is designed for individuals with obstructive sleep apnea or those struggling with PAP therapy. It utilizes the AutoSet\u2122 algorithm and Easy-Breathe waveform to adjust the baseline pressure, keeping the airway open while maintaining fixed pressure support. This bilevel device provides two levels of support: inspiratory positive airway pressure (IPAP) for inhalation and expiratory positive airway pressure (EPAP) for exhalation. By aligning more closely with natural breathing patterns, the ResMed AirCurve 11 VAuto promotes better sleep quality. Research has shown that transitioning from continuous PAP therapy to VAuto bilevel therapy can improve sleep quality and reduce daytime sleepiness for some users.\",\"breadcrumb\":{\"@id\":\"https:\\\/\\\/respiart.ca\\\/shop\\\/resmed-aircurve-11-vauto-with-humidair-11-climate-line-11-heated-tubing-bipap-machine\\\/#breadcrumb\"},\"inLanguage\":\"fr-CA\",\"potentialAction\":[{\"@type\":\"ReadAction\",\"target\":[\"https:\\\/\\\/respiart.ca\\\/shop\\\/resmed-aircurve-11-vauto-with-humidair-11-climate-line-11-heated-tubing-bipap-machine\\\/\"]}]},{\"@type\":\"ImageObject\",\"inLanguage\":\"fr-CA\",\"@id\":\"https:\\\/\\\/respiart.ca\\\/shop\\\/resmed-aircurve-11-vauto-with-humidair-11-climate-line-11-heated-tubing-bipap-machine\\\/#primaryimage\",\"url\":\"https:\\\/\\\/respiart.ca\\\/wp-content\\\/uploads\\\/2025\\\/11\\\/aircurve-11-vauto-front-view-1.webp\",\"contentUrl\":\"https:\\\/\\\/respiart.ca\\\/wp-content\\\/uploads\\\/2025\\\/11\\\/aircurve-11-vauto-front-view-1.webp\",\"width\":941,\"height\":712},{\"@type\":\"BreadcrumbList\",\"@id\":\"https:\\\/\\\/respiart.ca\\\/shop\\\/resmed-aircurve-11-vauto-with-humidair-11-climate-line-11-heated-tubing-bipap-machine\\\/#breadcrumb\",\"itemListElement\":[{\"@type\":\"ListItem\",\"position\":1,\"name\":\"Home\",\"item\":\"https:\\\/\\\/respiart.ca\\\/\"},{\"@type\":\"ListItem\",\"position\":2,\"name\":\"Shop CPAP\",\"item\":\"https:\\\/\\\/respiart.ca\\\/shop-cpap\\\/\"},{\"@type\":\"ListItem\",\"position\":3,\"name\":\"ResMed AirCurve\u2122 11 VAuto with HumidAir 11 &amp; Climate Line 11 Heated Tubing BiPAP Machine\"}]},{\"@type\":\"WebSite\",\"@id\":\"https:\\\/\\\/respiart.ca\\\/ar\\\/#website\",\"url\":\"https:\\\/\\\/respiart.ca\\\/ar\\\/\",\"name\":\"RespiArt - Sleep apnea & CPAPs\",\"description\":\"CPAPs and tests for sleep apnea, asthma, oximetry\",\"publisher\":{\"@id\":\"https:\\\/\\\/respiart.ca\\\/ar\\\/#organization\"},\"potentialAction\":[{\"@type\":\"SearchAction\",\"target\":{\"@type\":\"EntryPoint\",\"urlTemplate\":\"https:\\\/\\\/respiart.ca\\\/ar\\\/?s={search_term_string}\"},\"query-input\":{\"@type\":\"PropertyValueSpecification\",\"valueRequired\":true,\"valueName\":\"search_term_string\"}}],\"inLanguage\":\"fr-CA\"},{\"@type\":\"Organization\",\"@id\":\"https:\\\/\\\/respiart.ca\\\/ar\\\/#organization\",\"name\":\"RespiArt - Sleep apnea & CPAPs\",\"url\":\"https:\\\/\\\/respiart.ca\\\/ar\\\/\",\"logo\":{\"@type\":\"ImageObject\",\"inLanguage\":\"fr-CA\",\"@id\":\"https:\\\/\\\/respiart.ca\\\/ar\\\/#\\\/schema\\\/logo\\\/image\\\/\",\"url\":\"https:\\\/\\\/respiart.ca\\\/wp-content\\\/uploads\\\/2022\\\/05\\\/Respiart-logo-1-e1651540192142.png\",\"contentUrl\":\"https:\\\/\\\/respiart.ca\\\/wp-content\\\/uploads\\\/2022\\\/05\\\/Respiart-logo-1-e1651540192142.png\",\"width\":237,\"height\":61,\"caption\":\"RespiArt - Sleep apnea & CPAPs\"},\"image\":{\"@id\":\"https:\\\/\\\/respiart.ca\\\/ar\\\/#\\\/schema\\\/logo\\\/image\\\/\"}}]}<\/script>\n<!-- \/ Yoast SEO plugin. -->","yoast_head_json":{"title":"Appareil de ventilation non invasive ResMed AirCurve\u2122 11 VAuto avec HumidAir 11 et tuyau chauffant Climate Line 11 | Respiart - Th\u00e9rapeute respiratoire Montr\u00e9al","description":"L&#039;appareil \u00e0 deux niveaux de pression ResMed AirCurve 11 VAuto est con\u00e7u pour les personnes souffrant d&#039;apn\u00e9e obstructive du sommeil ou rencontrant des difficult\u00e9s avec la ventilation en pression positive continue (PPC). Il utilise l&#039;algorithme AutoSet\u2122 et la forme d&#039;onde Easy-Breathe pour ajuster la pression de base, maintenant ainsi les voies respiratoires ouvertes tout en assurant une assistance respiratoire \u00e0 pression fixe. Cet appareil offre deux niveaux d&#039;assistance\u00a0: une pression positive inspiratoire (PIP) pour l&#039;inspiration et une pression positive expiratoire (PPE) pour l&#039;expiration. En se rapprochant davantage des sch\u00e9mas respiratoires naturels, le ResMed AirCurve 11 VAuto favorise une meilleure qualit\u00e9 de sommeil. Des \u00e9tudes ont montr\u00e9 que le passage d&#039;une PPC continue \u00e0 une ventilation \u00e0 deux niveaux VAuto peut am\u00e9liorer la qualit\u00e9 du sommeil et r\u00e9duire la somnolence diurne chez certains utilisateurs.","robots":{"index":"index","follow":"follow","max-snippet":"max-snippet:-1","max-image-preview":"max-image-preview:large","max-video-preview":"max-video-preview:-1"},"canonical":"https:\/\/respiart.ca\/fr\/magasin\/appareil-de-ventilation-non-invasive-resmed-aircurve-11-vauto-avec-humidair-11-climate-line-11-et-tubulure-chauffante\/","og_locale":"fr_CA","og_type":"article","og_title":"ResMed AirCurve\u2122 11 VAuto with HumidAir 11 &amp; Climate Line 11 Heated Tubing BiPAP Machine | Respiart - Respiratory therapist Montreal","og_description":"The ResMed AirCurve 11 VAuto bilevel device is designed for individuals with obstructive sleep apnea or those struggling with PAP therapy. It utilizes the AutoSet\u2122 algorithm and Easy-Breathe waveform to adjust the baseline pressure, keeping the airway open while maintaining fixed pressure support. This bilevel device provides two levels of support: inspiratory positive airway pressure (IPAP) for inhalation and expiratory positive airway pressure (EPAP) for exhalation. By aligning more closely with natural breathing patterns, the ResMed AirCurve 11 VAuto promotes better sleep quality. Research has shown that transitioning from continuous PAP therapy to VAuto bilevel therapy can improve sleep quality and reduce daytime sleepiness for some users.","og_url":"https:\/\/respiart.ca\/fr\/magasin\/appareil-de-ventilation-non-invasive-resmed-aircurve-11-vauto-avec-humidair-11-climate-line-11-et-tubulure-chauffante\/","og_site_name":"Respiart - Respiratory therapist Montreal","article_modified_time":"2026-04-23T20:20:21+00:00","og_image":[{"width":941,"height":712,"url":"https:\/\/respiart.ca\/wp-content\/uploads\/2025\/11\/aircurve-11-vauto-front-view-1.webp","type":"image\/webp"}],"twitter_card":"summary_large_image","twitter_misc":{"Estimation du temps de lecture":"3 minutes"},"schema":{"@context":"https:\/\/schema.org","@graph":[{"@type":"WebPage","@id":"https:\/\/respiart.ca\/shop\/resmed-aircurve-11-vauto-with-humidair-11-climate-line-11-heated-tubing-bipap-machine\/","url":"https:\/\/respiart.ca\/shop\/resmed-aircurve-11-vauto-with-humidair-11-climate-line-11-heated-tubing-bipap-machine\/","name":"Appareil de ventilation non invasive ResMed AirCurve\u2122 11 VAuto avec HumidAir 11 et tuyau chauffant Climate Line 11 | Respiart - Th\u00e9rapeute respiratoire Montr\u00e9al","isPartOf":{"@id":"https:\/\/respiart.ca\/ar\/#website"},"primaryImageOfPage":{"@id":"https:\/\/respiart.ca\/shop\/resmed-aircurve-11-vauto-with-humidair-11-climate-line-11-heated-tubing-bipap-machine\/#primaryimage"},"image":{"@id":"https:\/\/respiart.ca\/shop\/resmed-aircurve-11-vauto-with-humidair-11-climate-line-11-heated-tubing-bipap-machine\/#primaryimage"},"thumbnailUrl":"https:\/\/respiart.ca\/wp-content\/uploads\/2025\/11\/aircurve-11-vauto-front-view-1.webp","datePublished":"2025-11-30T14:26:26+00:00","dateModified":"2026-04-23T20:20:21+00:00","description":"L&#039;appareil \u00e0 deux niveaux de pression ResMed AirCurve 11 VAuto est con\u00e7u pour les personnes souffrant d&#039;apn\u00e9e obstructive du sommeil ou rencontrant des difficult\u00e9s avec la ventilation en pression positive continue (PPC). Il utilise l&#039;algorithme AutoSet\u2122 et la forme d&#039;onde Easy-Breathe pour ajuster la pression de base, maintenant ainsi les voies respiratoires ouvertes tout en assurant une assistance respiratoire \u00e0 pression fixe. Cet appareil offre deux niveaux d&#039;assistance\u00a0: une pression positive inspiratoire (PIP) pour l&#039;inspiration et une pression positive expiratoire (PPE) pour l&#039;expiration. En se rapprochant davantage des sch\u00e9mas respiratoires naturels, le ResMed AirCurve 11 VAuto favorise une meilleure qualit\u00e9 de sommeil. Des \u00e9tudes ont montr\u00e9 que le passage d&#039;une PPC continue \u00e0 une ventilation \u00e0 deux niveaux VAuto peut am\u00e9liorer la qualit\u00e9 du sommeil et r\u00e9duire la somnolence diurne chez certains utilisateurs.","breadcrumb":{"@id":"https:\/\/respiart.ca\/shop\/resmed-aircurve-11-vauto-with-humidair-11-climate-line-11-heated-tubing-bipap-machine\/#breadcrumb"},"inLanguage":"fr-CA","potentialAction":[{"@type":"ReadAction","target":["https:\/\/respiart.ca\/shop\/resmed-aircurve-11-vauto-with-humidair-11-climate-line-11-heated-tubing-bipap-machine\/"]}]},{"@type":"ImageObject","inLanguage":"fr-CA","@id":"https:\/\/respiart.ca\/shop\/resmed-aircurve-11-vauto-with-humidair-11-climate-line-11-heated-tubing-bipap-machine\/#primaryimage","url":"https:\/\/respiart.ca\/wp-content\/uploads\/2025\/11\/aircurve-11-vauto-front-view-1.webp","contentUrl":"https:\/\/respiart.ca\/wp-content\/uploads\/2025\/11\/aircurve-11-vauto-front-view-1.webp","width":941,"height":712},{"@type":"BreadcrumbList","@id":"https:\/\/respiart.ca\/shop\/resmed-aircurve-11-vauto-with-humidair-11-climate-line-11-heated-tubing-bipap-machine\/#breadcrumb","itemListElement":[{"@type":"ListItem","position":1,"name":"Home","item":"https:\/\/respiart.ca\/"},{"@type":"ListItem","position":2,"name":"Shop CPAP","item":"https:\/\/respiart.ca\/shop-cpap\/"},{"@type":"ListItem","position":3,"name":"ResMed AirCurve\u2122 11 VAuto with HumidAir 11 &amp; Climate Line 11 Heated Tubing BiPAP Machine"}]},{"@type":"WebSite","@id":"https:\/\/respiart.ca\/ar\/#website","url":"https:\/\/respiart.ca\/ar\/","name":"RespiArt - Apn\u00e9e du sommeil et CPAP","description":"CPAP et tests pour l&#039;apn\u00e9e du sommeil, l&#039;asthme, l&#039;oxym\u00e9trie","publisher":{"@id":"https:\/\/respiart.ca\/ar\/#organization"},"potentialAction":[{"@type":"SearchAction","target":{"@type":"EntryPoint","urlTemplate":"https:\/\/respiart.ca\/ar\/?s={search_term_string}"},"query-input":{"@type":"PropertyValueSpecification","valueRequired":true,"valueName":"search_term_string"}}],"inLanguage":"fr-CA"},{"@type":"Organization","@id":"https:\/\/respiart.ca\/ar\/#organization","name":"RespiArt - Apn\u00e9e du sommeil et CPAP","url":"https:\/\/respiart.ca\/ar\/","logo":{"@type":"ImageObject","inLanguage":"fr-CA","@id":"https:\/\/respiart.ca\/ar\/#\/schema\/logo\/image\/","url":"https:\/\/respiart.ca\/wp-content\/uploads\/2022\/05\/Respiart-logo-1-e1651540192142.png","contentUrl":"https:\/\/respiart.ca\/wp-content\/uploads\/2022\/05\/Respiart-logo-1-e1651540192142.png","width":237,"height":61,"caption":"RespiArt - Sleep apnea & CPAPs"},"image":{"@id":"https:\/\/respiart.ca\/ar\/#\/schema\/logo\/image\/"}}]}},"_links":{"self":[{"href":"https:\/\/respiart.ca\/fr\/wp-json\/wp\/v2\/product\/5375","targetHints":{"allow":["GET"]}}],"collection":[{"href":"https:\/\/respiart.ca\/fr\/wp-json\/wp\/v2\/product"}],"about":[{"href":"https:\/\/respiart.ca\/fr\/wp-json\/wp\/v2\/types\/product"}],"replies":[{"embeddable":true,"href":"https:\/\/respiart.ca\/fr\/wp-json\/wp\/v2\/comments?post=5375"}],"wp:featuredmedia":[{"embeddable":true,"href":"https:\/\/respiart.ca\/fr\/wp-json\/wp\/v2\/media\/5364"}],"wp:attachment":[{"href":"https:\/\/respiart.ca\/fr\/wp-json\/wp\/v2\/media?parent=5375"}],"wp:term":[{"taxonomy":"product_brand","embeddable":true,"href":"https:\/\/respiart.ca\/fr\/wp-json\/wp\/v2\/product_brand?post=5375"},{"taxonomy":"product_cat","embeddable":true,"href":"https:\/\/respiart.ca\/fr\/wp-json\/wp\/v2\/product_cat?post=5375"},{"taxonomy":"product_tag","embeddable":true,"href":"https:\/\/respiart.ca\/fr\/wp-json\/wp\/v2\/product_tag?post=5375"}],"curies":[{"name":"wp","href":"https:\/\/api.w.org\/{rel}","templated":true}]}}