{"id":5512,"date":"2025-11-30T14:58:36","date_gmt":"2025-11-30T14:58:36","guid":{"rendered":"http:\/\/f4i.0cc.mytemp.website\/?post_type=product&#038;p=5512"},"modified":"2026-04-23T19:18:53","modified_gmt":"2026-04-23T19:18:53","slug":"pack-exclusif-dembouts-nasaux-resmed-airsense-11-autoset-et-resmed-airfit-p30i","status":"publish","type":"product","link":"https:\/\/respiart.ca\/fr\/shop\/resmed-airsense-11-autoset-resmed-airfit-p30i-nasal-pillow-exclusive-value-package\/","title":{"rendered":"Masque nasal ResMed AirSense 11 AutoSet et embout nasal ResMed AirFit P30i \u2013 Pack exclusif"},"content":{"rendered":"<div class=\"product-content-below-gallery__description prose\">\n<h2><strong>\u00c0 propos de <a href=\"https:\/\/respiart.ca\/fr\/categorie-produit\/marques\/resmed\/\">ResMed<\/a> AirSense 11 et ResMed AirFit P30i<\/strong><\/h2>\n<p>Appareil ResMed AirSense 11 + ResMed AirFit P30i <a href=\"https:\/\/respiart.ca\/fr\/categorie-produit\/masque-bipap-cpap\/masque-cpap-a-coussin-nasal\/\">coussin nasal<\/a> Le Pack de d\u00e9marrage est une offre exclusive \u00e0 prix avantageux.<\/p>\n<p data-end=\"481\" data-start=\"186\">Ce forfait comprend le ResMed <a href=\"https:\/\/respiart.ca\/fr\/categorie-produit\/cpap-bipap-machines\/appareils-cpap-automatiques\/\">R\u00e9glage automatique d&#039;AirSense 11<\/a> et le masque nasal \u00e0 coussinets ResMed AirFit P30i, cr\u00e9ant ainsi un syst\u00e8me de traitement sophistiqu\u00e9, adaptable et confortable. Il est id\u00e9al pour les utilisateurs qui souhaitent une technologie CPAP de pointe associ\u00e9e \u00e0 un masque discret qui s&#039;adapte \u00e0 toutes les positions de sommeil.<\/p>\n<p data-end=\"1208\" data-start=\"483\">L&#039;AirSense 11 AutoSet offre une th\u00e9rapie auto-adaptative de haute qualit\u00e9 gr\u00e2ce \u00e0 son humidification chauffante int\u00e9gr\u00e9e et son interface tactile intuitive. L&#039;assistant de th\u00e9rapie personnel de l&#039;application myAir vous guide pas \u00e0 pas lors de la configuration, tandis que la fonction \u00ab\u00a0Suivi de soins\u00a0\u00bb vous accompagne et vous conseille en d\u00e9but de traitement. L&#039;appareil est compatible avec la connectivit\u00e9 sans fil, la surveillance \u00e0 distance via myAir et AirView, et les mises \u00e0 jour logicielles sans fil. La fonction AutoRamp d\u00e9tecte l&#039;endormissement, la fonction \u00ab\u00a0Soulagement de la pression expiratoire\u00a0\u00bb fluidifie la respiration, la fonction AutoSet Response permet des ajustements plus doux et le moteur Easy-Breathe est silencieux. Un capteur de luminosit\u00e9 int\u00e9gr\u00e9 ajuste automatiquement la luminosit\u00e9 de l&#039;\u00e9cran pour ne pas perturber le sommeil.<\/p>\n<p data-end=\"1888\" data-start=\"1210\">Le masque AirFit P30i est dot\u00e9 d&#039;un embout nasal l\u00e9ger et flexible, con\u00e7u pour les dormeurs actifs. Le raccord du tuyau au sommet de la t\u00eate permet de le maintenir hors de port\u00e9e et de dormir confortablement quelle que soit votre position. La structure SpringFit \u00e9pouse les contours de votre visage pour un maintien optimal, tandis que les enveloppes en tissu doux offrent un confort accru. Les embouts nasaux \u00e0 double paroi assurent une \u00e9tanch\u00e9it\u00e9 ext\u00e9rieure douce et un soutien int\u00e9rieur ferme, tandis que la ventilation QuietAir r\u00e9duit le bruit pour un sommeil plus r\u00e9parateur. Le kit de d\u00e9marrage comprend des embouts de diff\u00e9rentes tailles, vous permettant de trouver imm\u00e9diatement le mod\u00e8le le plus adapt\u00e9. Ce masque est simple \u00e0 nettoyer et \u00e0 utiliser, car il ne comporte que trois pi\u00e8ces.<\/p>\n<p data-end=\"2053\" data-start=\"1890\">Les appareils ResMed AirSense 11 AutoSet et ResMed AirFit P30i s&#039;associent pour cr\u00e9er un syst\u00e8me de th\u00e9rapie silencieux, r\u00e9glable et portable, dans le but d&#039;offrir un confort et une flexibilit\u00e9 maximum.<\/p>\n<h2><strong>Inclus avec cet appareil CPAP et le masque<\/strong><\/h2>\n<p><strong>Appareil CPAP AirSense 11 AutoSet\u00a0<\/strong><\/p>\n<ul>\n<li>1 x Humidificateur chauffant int\u00e9gr\u00e9 HumidAir<\/li>\n<li>1 x Tuyau chauffant ClimateLineAir<\/li>\n<li>1 x Alimentation<\/li>\n<li>1 x sac de voyage<\/li>\n<li>1 x chambre \u00e0 eau standard<\/li>\n<li>1 x Filtre standard (install\u00e9)<\/li>\n<li>1 x Manuel d&#039;utilisation complet<\/li>\n<\/ul>\n<p><strong>Kit de d\u00e9marrage pour embouts nasaux AirFit P30i<\/strong><\/p>\n<ul>\n<li>1 x Cadre SpringFit (Standard ou Petit)<\/li>\n<li>1 x Couvre-chef<\/li>\n<li>1 petit embout nasal<\/li>\n<li>1 x Coussin nasal de taille moyenne<\/li>\n<li>1 embout nasal de grande taille (non inclus dans la petite taille)<\/li>\n<\/ul>\n<p>Ce masque ne contient pas d&#039;aimants, ce qui en fait un choix s\u00fbr pour les personnes pr\u00e9occup\u00e9es par les interf\u00e9rences magn\u00e9tiques.<\/p>\n<p><strong data-end=\"62\" data-start=\"43\">Avis de financement\u00a0:<\/strong> Le Programme ontarien d\u2019appareils et accessoires fonctionnels (POAF) ne finance pas les appareils CPAP achet\u00e9s en ligne. Pour \u00eatre admissible, l\u2019appareil doit \u00eatre achet\u00e9 en personne aupr\u00e8s d\u2019un fournisseur inscrit au POAF. Veuillez v\u00e9rifier votre couverture aupr\u00e8s de votre assureur priv\u00e9, car nous pouvons vous fournir un devis.<\/p>\n<p>La garantie du fabricant pour cet appareil CPAP est de 3 ans.<\/p>\n<p><!-- --><\/p>\n<\/div>","protected":false},"excerpt":{"rendered":"<p>Pack exclusif : Appareil ResMed AirSense 11 + Kit de d\u00e9marrage d&#039;embouts nasaux ResMed AirFit P30i<\/p>","protected":false},"featured_media":5505,"comment_status":"open","ping_status":"closed","template":"","meta":[],"product_brand":[],"product_cat":[101,96,108],"product_tag":[],"class_list":{"0":"post-5512","1":"product","2":"type-product","3":"status-publish","4":"has-post-thumbnail","6":"product_cat-auto-cpap-apap-machines","7":"product_cat-cpap-bipap-machines","8":"product_cat-resmed","10":"first","11":"instock","12":"sale","13":"taxable","14":"shipping-taxable","15":"purchasable","16":"product-type-simple"},"yoast_head":"<!-- This site is optimized with the Yoast SEO plugin v27.5 - https:\/\/yoast.com\/product\/yoast-seo-wordpress\/ -->\n<title>ResMed AirSense 11 AutoSet &amp; ResMed AirFit P30i Nasal Pillow - Exclusive Value Package | Respiart - Respiratory therapist Montreal<\/title>\n<meta name=\"description\" content=\"Exclusive Value Package: ResMed AirSense 11 Machine + ResMed AirFit P30i Nasal Pillow Starter Pack\" \/>\n<meta name=\"robots\" content=\"index, follow, max-snippet:-1, max-image-preview:large, max-video-preview:-1\" \/>\n<link rel=\"canonical\" href=\"https:\/\/respiart.ca\/fr\/magasin\/pack-exclusif-dembouts-nasaux-resmed-airsense-11-autoset-et-resmed-airfit-p30i\/\" \/>\n<meta property=\"og:locale\" content=\"fr_CA\" \/>\n<meta property=\"og:type\" content=\"article\" \/>\n<meta property=\"og:title\" content=\"ResMed AirSense 11 AutoSet &amp; ResMed AirFit P30i Nasal Pillow - Exclusive Value Package | Respiart - Respiratory therapist Montreal\" \/>\n<meta property=\"og:description\" content=\"Exclusive Value Package: ResMed AirSense 11 Machine + ResMed AirFit P30i Nasal Pillow Starter Pack\" \/>\n<meta property=\"og:url\" content=\"https:\/\/respiart.ca\/fr\/magasin\/pack-exclusif-dembouts-nasaux-resmed-airsense-11-autoset-et-resmed-airfit-p30i\/\" \/>\n<meta property=\"og:site_name\" content=\"Respiart - Respiratory therapist Montreal\" \/>\n<meta property=\"article:modified_time\" content=\"2026-04-23T19:18:53+00:00\" \/>\n<meta property=\"og:image\" content=\"https:\/\/respiart.ca\/wp-content\/uploads\/2025\/11\/AirSense11_P30i-1.webp\" \/>\n\t<meta property=\"og:image:width\" content=\"584\" \/>\n\t<meta property=\"og:image:height\" content=\"588\" \/>\n\t<meta property=\"og:image:type\" content=\"image\/webp\" \/>\n<meta name=\"twitter:card\" content=\"summary_large_image\" \/>\n<meta name=\"twitter:label1\" content=\"Estimation du temps de lecture\" \/>\n\t<meta name=\"twitter:data1\" content=\"3 minutes\" \/>\n<script type=\"application\/ld+json\" class=\"yoast-schema-graph\">{\"@context\":\"https:\\\/\\\/schema.org\",\"@graph\":[{\"@type\":\"WebPage\",\"@id\":\"https:\\\/\\\/respiart.ca\\\/shop\\\/resmed-airsense-11-autoset-resmed-airfit-p30i-nasal-pillow-exclusive-value-package\\\/\",\"url\":\"https:\\\/\\\/respiart.ca\\\/shop\\\/resmed-airsense-11-autoset-resmed-airfit-p30i-nasal-pillow-exclusive-value-package\\\/\",\"name\":\"ResMed AirSense 11 AutoSet &amp; ResMed AirFit P30i Nasal Pillow - Exclusive Value Package | Respiart - Respiratory therapist Montreal\",\"isPartOf\":{\"@id\":\"https:\\\/\\\/respiart.ca\\\/ar\\\/#website\"},\"primaryImageOfPage\":{\"@id\":\"https:\\\/\\\/respiart.ca\\\/shop\\\/resmed-airsense-11-autoset-resmed-airfit-p30i-nasal-pillow-exclusive-value-package\\\/#primaryimage\"},\"image\":{\"@id\":\"https:\\\/\\\/respiart.ca\\\/shop\\\/resmed-airsense-11-autoset-resmed-airfit-p30i-nasal-pillow-exclusive-value-package\\\/#primaryimage\"},\"thumbnailUrl\":\"https:\\\/\\\/respiart.ca\\\/wp-content\\\/uploads\\\/2025\\\/11\\\/AirSense11_P30i-1.webp\",\"datePublished\":\"2025-11-30T14:58:36+00:00\",\"dateModified\":\"2026-04-23T19:18:53+00:00\",\"description\":\"Exclusive Value Package: ResMed AirSense 11 Machine + ResMed AirFit P30i Nasal Pillow Starter Pack\",\"breadcrumb\":{\"@id\":\"https:\\\/\\\/respiart.ca\\\/shop\\\/resmed-airsense-11-autoset-resmed-airfit-p30i-nasal-pillow-exclusive-value-package\\\/#breadcrumb\"},\"inLanguage\":\"fr-CA\",\"potentialAction\":[{\"@type\":\"ReadAction\",\"target\":[\"https:\\\/\\\/respiart.ca\\\/shop\\\/resmed-airsense-11-autoset-resmed-airfit-p30i-nasal-pillow-exclusive-value-package\\\/\"]}]},{\"@type\":\"ImageObject\",\"inLanguage\":\"fr-CA\",\"@id\":\"https:\\\/\\\/respiart.ca\\\/shop\\\/resmed-airsense-11-autoset-resmed-airfit-p30i-nasal-pillow-exclusive-value-package\\\/#primaryimage\",\"url\":\"https:\\\/\\\/respiart.ca\\\/wp-content\\\/uploads\\\/2025\\\/11\\\/AirSense11_P30i-1.webp\",\"contentUrl\":\"https:\\\/\\\/respiart.ca\\\/wp-content\\\/uploads\\\/2025\\\/11\\\/AirSense11_P30i-1.webp\",\"width\":584,\"height\":588},{\"@type\":\"BreadcrumbList\",\"@id\":\"https:\\\/\\\/respiart.ca\\\/shop\\\/resmed-airsense-11-autoset-resmed-airfit-p30i-nasal-pillow-exclusive-value-package\\\/#breadcrumb\",\"itemListElement\":[{\"@type\":\"ListItem\",\"position\":1,\"name\":\"Home\",\"item\":\"https:\\\/\\\/respiart.ca\\\/\"},{\"@type\":\"ListItem\",\"position\":2,\"name\":\"Shop CPAP\",\"item\":\"https:\\\/\\\/respiart.ca\\\/shop-cpap\\\/\"},{\"@type\":\"ListItem\",\"position\":3,\"name\":\"ResMed AirSense 11 AutoSet &amp; ResMed AirFit P30i Nasal Pillow &#8211; Exclusive Value Package\"}]},{\"@type\":\"WebSite\",\"@id\":\"https:\\\/\\\/respiart.ca\\\/ar\\\/#website\",\"url\":\"https:\\\/\\\/respiart.ca\\\/ar\\\/\",\"name\":\"RespiArt - Sleep apnea & CPAPs\",\"description\":\"CPAPs and tests for sleep apnea, asthma, oximetry\",\"publisher\":{\"@id\":\"https:\\\/\\\/respiart.ca\\\/ar\\\/#organization\"},\"potentialAction\":[{\"@type\":\"SearchAction\",\"target\":{\"@type\":\"EntryPoint\",\"urlTemplate\":\"https:\\\/\\\/respiart.ca\\\/ar\\\/?s={search_term_string}\"},\"query-input\":{\"@type\":\"PropertyValueSpecification\",\"valueRequired\":true,\"valueName\":\"search_term_string\"}}],\"inLanguage\":\"fr-CA\"},{\"@type\":\"Organization\",\"@id\":\"https:\\\/\\\/respiart.ca\\\/ar\\\/#organization\",\"name\":\"RespiArt - Sleep apnea & CPAPs\",\"url\":\"https:\\\/\\\/respiart.ca\\\/ar\\\/\",\"logo\":{\"@type\":\"ImageObject\",\"inLanguage\":\"fr-CA\",\"@id\":\"https:\\\/\\\/respiart.ca\\\/ar\\\/#\\\/schema\\\/logo\\\/image\\\/\",\"url\":\"https:\\\/\\\/respiart.ca\\\/wp-content\\\/uploads\\\/2022\\\/05\\\/Respiart-logo-1-e1651540192142.png\",\"contentUrl\":\"https:\\\/\\\/respiart.ca\\\/wp-content\\\/uploads\\\/2022\\\/05\\\/Respiart-logo-1-e1651540192142.png\",\"width\":237,\"height\":61,\"caption\":\"RespiArt - Sleep apnea & CPAPs\"},\"image\":{\"@id\":\"https:\\\/\\\/respiart.ca\\\/ar\\\/#\\\/schema\\\/logo\\\/image\\\/\"}}]}<\/script>\n<!-- \/ Yoast SEO plugin. -->","yoast_head_json":{"title":"Masque nasal ResMed AirSense 11 AutoSet et embout nasal ResMed AirFit P30i - Ensemble exclusif | Respiart - Th\u00e9rapeute respiratoire Montr\u00e9al","description":"Pack exclusif : Appareil ResMed AirSense 11 + Kit de d\u00e9marrage d&#039;embouts nasaux ResMed AirFit P30i","robots":{"index":"index","follow":"follow","max-snippet":"max-snippet:-1","max-image-preview":"max-image-preview:large","max-video-preview":"max-video-preview:-1"},"canonical":"https:\/\/respiart.ca\/fr\/magasin\/pack-exclusif-dembouts-nasaux-resmed-airsense-11-autoset-et-resmed-airfit-p30i\/","og_locale":"fr_CA","og_type":"article","og_title":"ResMed AirSense 11 AutoSet &amp; ResMed AirFit P30i Nasal Pillow - Exclusive Value Package | Respiart - Respiratory therapist Montreal","og_description":"Exclusive Value Package: ResMed AirSense 11 Machine + ResMed AirFit P30i Nasal Pillow Starter Pack","og_url":"https:\/\/respiart.ca\/fr\/magasin\/pack-exclusif-dembouts-nasaux-resmed-airsense-11-autoset-et-resmed-airfit-p30i\/","og_site_name":"Respiart - Respiratory therapist Montreal","article_modified_time":"2026-04-23T19:18:53+00:00","og_image":[{"width":584,"height":588,"url":"https:\/\/respiart.ca\/wp-content\/uploads\/2025\/11\/AirSense11_P30i-1.webp","type":"image\/webp"}],"twitter_card":"summary_large_image","twitter_misc":{"Estimation du temps de lecture":"3 minutes"},"schema":{"@context":"https:\/\/schema.org","@graph":[{"@type":"WebPage","@id":"https:\/\/respiart.ca\/shop\/resmed-airsense-11-autoset-resmed-airfit-p30i-nasal-pillow-exclusive-value-package\/","url":"https:\/\/respiart.ca\/shop\/resmed-airsense-11-autoset-resmed-airfit-p30i-nasal-pillow-exclusive-value-package\/","name":"Masque nasal ResMed AirSense 11 AutoSet et embout nasal ResMed AirFit P30i - Ensemble exclusif | Respiart - Th\u00e9rapeute respiratoire Montr\u00e9al","isPartOf":{"@id":"https:\/\/respiart.ca\/ar\/#website"},"primaryImageOfPage":{"@id":"https:\/\/respiart.ca\/shop\/resmed-airsense-11-autoset-resmed-airfit-p30i-nasal-pillow-exclusive-value-package\/#primaryimage"},"image":{"@id":"https:\/\/respiart.ca\/shop\/resmed-airsense-11-autoset-resmed-airfit-p30i-nasal-pillow-exclusive-value-package\/#primaryimage"},"thumbnailUrl":"https:\/\/respiart.ca\/wp-content\/uploads\/2025\/11\/AirSense11_P30i-1.webp","datePublished":"2025-11-30T14:58:36+00:00","dateModified":"2026-04-23T19:18:53+00:00","description":"Pack exclusif : Appareil ResMed AirSense 11 + Kit de d\u00e9marrage d&#039;embouts nasaux ResMed AirFit P30i","breadcrumb":{"@id":"https:\/\/respiart.ca\/shop\/resmed-airsense-11-autoset-resmed-airfit-p30i-nasal-pillow-exclusive-value-package\/#breadcrumb"},"inLanguage":"fr-CA","potentialAction":[{"@type":"ReadAction","target":["https:\/\/respiart.ca\/shop\/resmed-airsense-11-autoset-resmed-airfit-p30i-nasal-pillow-exclusive-value-package\/"]}]},{"@type":"ImageObject","inLanguage":"fr-CA","@id":"https:\/\/respiart.ca\/shop\/resmed-airsense-11-autoset-resmed-airfit-p30i-nasal-pillow-exclusive-value-package\/#primaryimage","url":"https:\/\/respiart.ca\/wp-content\/uploads\/2025\/11\/AirSense11_P30i-1.webp","contentUrl":"https:\/\/respiart.ca\/wp-content\/uploads\/2025\/11\/AirSense11_P30i-1.webp","width":584,"height":588},{"@type":"BreadcrumbList","@id":"https:\/\/respiart.ca\/shop\/resmed-airsense-11-autoset-resmed-airfit-p30i-nasal-pillow-exclusive-value-package\/#breadcrumb","itemListElement":[{"@type":"ListItem","position":1,"name":"Home","item":"https:\/\/respiart.ca\/"},{"@type":"ListItem","position":2,"name":"Shop CPAP","item":"https:\/\/respiart.ca\/shop-cpap\/"},{"@type":"ListItem","position":3,"name":"ResMed AirSense 11 AutoSet &amp; ResMed AirFit P30i Nasal Pillow &#8211; Exclusive Value Package"}]},{"@type":"WebSite","@id":"https:\/\/respiart.ca\/ar\/#website","url":"https:\/\/respiart.ca\/ar\/","name":"RespiArt - Apn\u00e9e du sommeil et CPAP","description":"CPAP et tests pour l&#039;apn\u00e9e du sommeil, l&#039;asthme, l&#039;oxym\u00e9trie","publisher":{"@id":"https:\/\/respiart.ca\/ar\/#organization"},"potentialAction":[{"@type":"SearchAction","target":{"@type":"EntryPoint","urlTemplate":"https:\/\/respiart.ca\/ar\/?s={search_term_string}"},"query-input":{"@type":"PropertyValueSpecification","valueRequired":true,"valueName":"search_term_string"}}],"inLanguage":"fr-CA"},{"@type":"Organization","@id":"https:\/\/respiart.ca\/ar\/#organization","name":"RespiArt - Apn\u00e9e du sommeil et CPAP","url":"https:\/\/respiart.ca\/ar\/","logo":{"@type":"ImageObject","inLanguage":"fr-CA","@id":"https:\/\/respiart.ca\/ar\/#\/schema\/logo\/image\/","url":"https:\/\/respiart.ca\/wp-content\/uploads\/2022\/05\/Respiart-logo-1-e1651540192142.png","contentUrl":"https:\/\/respiart.ca\/wp-content\/uploads\/2022\/05\/Respiart-logo-1-e1651540192142.png","width":237,"height":61,"caption":"RespiArt - Sleep apnea & CPAPs"},"image":{"@id":"https:\/\/respiart.ca\/ar\/#\/schema\/logo\/image\/"}}]}},"_links":{"self":[{"href":"https:\/\/respiart.ca\/fr\/wp-json\/wp\/v2\/product\/5512","targetHints":{"allow":["GET"]}}],"collection":[{"href":"https:\/\/respiart.ca\/fr\/wp-json\/wp\/v2\/product"}],"about":[{"href":"https:\/\/respiart.ca\/fr\/wp-json\/wp\/v2\/types\/product"}],"replies":[{"embeddable":true,"href":"https:\/\/respiart.ca\/fr\/wp-json\/wp\/v2\/comments?post=5512"}],"wp:featuredmedia":[{"embeddable":true,"href":"https:\/\/respiart.ca\/fr\/wp-json\/wp\/v2\/media\/5505"}],"wp:attachment":[{"href":"https:\/\/respiart.ca\/fr\/wp-json\/wp\/v2\/media?parent=5512"}],"wp:term":[{"taxonomy":"product_brand","embeddable":true,"href":"https:\/\/respiart.ca\/fr\/wp-json\/wp\/v2\/product_brand?post=5512"},{"taxonomy":"product_cat","embeddable":true,"href":"https:\/\/respiart.ca\/fr\/wp-json\/wp\/v2\/product_cat?post=5512"},{"taxonomy":"product_tag","embeddable":true,"href":"https:\/\/respiart.ca\/fr\/wp-json\/wp\/v2\/product_tag?post=5512"}],"curies":[{"name":"wp","href":"https:\/\/api.w.org\/{rel}","templated":true}]}}