{"id":5544,"date":"2025-11-30T15:04:35","date_gmt":"2025-11-30T15:04:35","guid":{"rendered":"http:\/\/f4i.0cc.mytemp.website\/?post_type=product&#038;p=5544"},"modified":"2026-04-23T19:18:06","modified_gmt":"2026-04-23T19:18:06","slug":"appareil-cpap-resmed-airsense-11-autoset-masque-nasal-cpap-resmed-airfit-n20-pack-exclusif","status":"publish","type":"product","link":"https:\/\/respiart.ca\/fr\/shop\/resmed-airsense-11-autoset-cpap-machine-resmed-airfit-n20-nasal-cpap-mask-exclusive-value-package\/","title":{"rendered":"Appareil CPAP ResMed AirSense 11 AutoSet et masque nasal CPAP ResMed AirFit N20 \u2013 Pack exclusif"},"content":{"rendered":"<div class=\"product-content-below-gallery__description prose\">\n<h2>\u00c0 propos de <a href=\"https:\/\/respiart.ca\/fr\/categorie-produit\/marques\/resmed\/\">ResMed<\/a> AirSense 11 et ResMed AirFit N20<\/h2>\n<p>Offre exclusive : Appareil ResMed AirSense 11 + ResMed AirFit N20 <a href=\"https:\/\/respiart.ca\/fr\/categorie-produit\/masque-bipap-cpap\/masque-nasal-cpap\/\">masque nasal<\/a>.<\/p>\n<p data-end=\"516\" data-start=\"214\">Ce forfait combine les produits ResMed <a href=\"https:\/\/respiart.ca\/fr\/categorie-produit\/cpap-bipap-machines\/appareils-cpap-automatiques\/\">R\u00e9glage automatique d&#039;AirSense 11<\/a> Le masque nasal ResMed AirFit N20 offre une solution th\u00e9rapeutique confortable, moderne et facile d&#039;utilisation. Il est id\u00e9al pour les utilisateurs recherchant une technologie de pointe associ\u00e9e \u00e0 un masque nasal souple et stable, assurant une \u00e9tanch\u00e9it\u00e9 optimale tout en minimisant le contact avec le visage.<\/p>\n<p data-end=\"1302\" data-start=\"518\">L&#039;AirSense 11 AutoSet offre une th\u00e9rapie CPAP de qualit\u00e9 sup\u00e9rieure gr\u00e2ce \u00e0 ses ajustements automatiques de pression et son humidificateur chauffant int\u00e9gr\u00e9. Son \u00e9cran tactile lumineux simplifie la navigation, et l&#039;assistant de th\u00e9rapie personnalis\u00e9 de l&#039;application myAir vous guide pas \u00e0 pas lors de l&#039;installation. La fonction \u00ab\u00a0Care Check-In\u00a0\u00bb propose un accompagnement et un d\u00e9pannage en d\u00e9but de traitement pour un confort et une confiance accrus. L&#039;appareil dispose d&#039;une connectivit\u00e9 sans fil, d&#039;une surveillance \u00e0 distance via myAir et AirView, et de mises \u00e0 jour logicielles automatiques. La fonction AutoRamp d\u00e9tecte l&#039;endormissement, le soulagement de la pression expiratoire facilite la respiration, la fonction AutoSet Response permet des ajustements de pression en douceur, et le moteur Easy-Breathe est silencieux. Dans les environnements sombres, le capteur de luminosit\u00e9 int\u00e9gr\u00e9 ajuste automatiquement la luminosit\u00e9 de l&#039;\u00e9cran.<\/p>\n<p data-end=\"1993\" data-start=\"1304\">Le masque AirFit N20 est fourni avec un masque nasal doux, s\u00fbr et adaptable. Le coussin InfinitySeal est dot\u00e9 de boucles flexibles qui s&#039;ajustent \u00e0 la morphologie de votre visage et assurent une \u00e9tanch\u00e9it\u00e9 fiable, m\u00eame \u00e0 haute pression. La structure l\u00e9g\u00e8re \u00e9pouse confortablement les contours de votre visage tout en pr\u00e9servant un champ de vision d\u00e9gag\u00e9. Le harnais moelleux garantit un maintien doux et stable, et les clips magn\u00e9tiques permettent de mettre et de retirer le masque facilement d&#039;un simple geste. Le coude \u00e0 d\u00e9gagement rapide permet de d\u00e9connecter le tube d&#039;une seule main, tandis que la rotation \u00e0 360\u00b0 r\u00e9duit la r\u00e9sistance \u00e0 l&#039;air et am\u00e9liore le confort nocturne. Le tube flexible Flexi-Tube offre une grande libert\u00e9 de mouvement et favorise un sommeil confortable dans diff\u00e9rentes positions.<\/p>\n<p data-end=\"2181\" data-start=\"1995\">L&#039;AirSense 11 AutoSet et l&#039;AirFit N20 fonctionnent ensemble pour fournir une solution th\u00e9rapeutique fiable et confortable qui favorise une installation facile, une \u00e9tanch\u00e9it\u00e9 constante et un sommeil r\u00e9parateur chaque nuit.<\/p>\n<h2><strong>Inclus avec cet appareil CPAP et le masque<\/strong><\/h2>\n<p><strong>Appareil CPAP AirSense 11 AutoSet<\/strong><\/p>\n<ul>\n<li>1 x Humidificateur chauffant int\u00e9gr\u00e9 HumidAir<\/li>\n<li>1 x Tuyau chauffant ClimateLineAir<\/li>\n<li>1 x Alimentation<\/li>\n<li>1 x sac de voyage<\/li>\n<li>1 x chambre \u00e0 eau standard<\/li>\n<li>1 x Filtre standard (install\u00e9)<\/li>\n<li>1 x Manuel d&#039;utilisation complet<\/li>\n<\/ul>\n<p><strong>Masque nasal CPAP ResMed AirFit N20<\/strong><\/p>\n<p>\u2022 1 x Cadre<br \/>\n\u2022 1 x Casque de taille standard avec clips magn\u00e9tiques<br \/>\n\u2022 1 x Coussin (dans une taille s\u00e9lectionn\u00e9e)<br \/>\n\u2022 1 x Tube court avec coude<br \/>\n\u2022 1 x Guide de l&#039;utilisateur<\/p>\n<p><strong>Vous ne savez pas quelle taille choisir\u00a0? Cliquez sur le guide des tailles ci-dessous.<\/strong><\/p>\n<p><a href=\"https:\/\/document.resmed.com\/documents\/products\/mask\/airfit-n20\/fitting-guide\/airfit-n20_fitting-template-inch_glo_eng.pdf\" target=\"_blank\" rel=\"noopener\">Cliquez ici<\/a><\/p>\n<p><strong>Ce masque contient des aimants\u00a0:<\/strong> Les masques magn\u00e9tiques doivent \u00eatre maintenus \u00e0 une distance minimale de 150 mm (6 pouces) des implants ou dispositifs m\u00e9dicaux m\u00e9talliques. En cas de doute concernant les contre-indications li\u00e9es \u00e0 un implant ou dispositif m\u00e9dical, ou si vous souhaitez obtenir des informations compl\u00e9mentaires sur les effets ind\u00e9sirables potentiels des champs magn\u00e9tiques pour votre implant ou dispositif m\u00e9dical, veuillez contacter votre m\u00e9decin.<\/p>\n<p><strong data-end=\"62\" data-start=\"43\">Avis de financement\u00a0:<\/strong> Le Programme ontarien d\u2019appareils et accessoires fonctionnels (POAF) ne finance pas les appareils CPAP achet\u00e9s en ligne. Pour \u00eatre admissible, l\u2019appareil doit \u00eatre achet\u00e9 en personne aupr\u00e8s d\u2019un fournisseur inscrit au POAF. Veuillez v\u00e9rifier votre couverture aupr\u00e8s de votre assureur priv\u00e9, car nous pouvons vous fournir un devis.<\/p>\n<p>La garantie du fabricant pour cet appareil CPAP est de 3 ans.<\/p>\n<p><strong>Masque ResMed AirFit N20\u00a0: Comment ajuster votre masque<\/strong><br \/>\n<iframe src=\"https:\/\/players.brightcove.net\/2750693505001\/VgZZoXaig_default\/index.html?videoId=6099876823001\"><\/iframe><\/p>\n<p><strong>ResMed AirFit N20\u00a0: Gestion des fuites du masque\u00a0<\/strong><br \/>\n<iframe src=\"https:\/\/players.brightcove.net\/2750693505001\/VgZZoXaig_default\/index.html?videoId=5084473499001\"><\/iframe><\/p>\n<p><strong>Masque ResMed AirFit N20\u00a0: Comment assembler votre masque<\/strong><br \/>\n<iframe src=\"https:\/\/players.brightcove.net\/2750693505001\/VgZZoXaig_default\/index.html?videoId=5084468489001\"><\/iframe><\/p>\n<p>&nbsp;<\/p>\n<p><strong>ResMed AirSense 11\u00a0: Conseils pour le r\u00e9servoir d\u2019eau de l\u2019humidificateur\u00a0<\/strong><\/p>\n<div style=\"width: 1170px;\" class=\"wp-video\"><video class=\"wp-video-shortcode\" id=\"video-5544-1\" width=\"1170\" height=\"658\" preload=\"metadata\" controls=\"controls\"><source type=\"video\/mp4\" src=\"http:\/\/respiart.ca\/wp-content\/uploads\/2025\/11\/d41b51128918457d962abad4c5c047d8-1.mp4?_=1\" \/><a href=\"http:\/\/respiart.ca\/wp-content\/uploads\/2025\/11\/d41b51128918457d962abad4c5c047d8-1.mp4\">http:\/\/respiart.ca\/wp-content\/uploads\/2025\/11\/d41b51128918457d962abad4c5c047d8-1.mp4<\/a><\/video><\/div>\n<p><!-- --><\/p>\n<p><strong data-end=\"62\" data-start=\"43\">ResMed AirSense 11\u00a0: Comment r\u00e9soudre les fuites d\u2019air de l\u2019appareil\u00a0<\/strong><\/p>\n<div style=\"width: 1170px;\" class=\"wp-video\"><video class=\"wp-video-shortcode\" id=\"video-5544-2\" width=\"1170\" height=\"658\" preload=\"metadata\" controls=\"controls\"><source type=\"video\/mp4\" src=\"http:\/\/respiart.ca\/wp-content\/uploads\/2025\/11\/e2edffbefd4c4047834f9b2b476ba611-1.mp4?_=2\" \/><a href=\"http:\/\/respiart.ca\/wp-content\/uploads\/2025\/11\/e2edffbefd4c4047834f9b2b476ba611-1.mp4\">http:\/\/respiart.ca\/wp-content\/uploads\/2025\/11\/e2edffbefd4c4047834f9b2b476ba611-1.mp4<\/a><\/video><\/div>\n<p><strong>ResMed AirSense 11\u00a0: Optimisez votre confort gr\u00e2ce \u00e0 la commande de rampe<\/strong><\/p>\n<div style=\"width: 1170px;\" class=\"wp-video\"><video class=\"wp-video-shortcode\" id=\"video-5544-3\" width=\"1170\" height=\"658\" preload=\"metadata\" controls=\"controls\"><source type=\"video\/mp4\" src=\"http:\/\/respiart.ca\/wp-content\/uploads\/2025\/11\/f3645c6e1538468daa6d9a1619cc4bb1-1.mp4?_=3\" \/><a href=\"http:\/\/respiart.ca\/wp-content\/uploads\/2025\/11\/f3645c6e1538468daa6d9a1619cc4bb1-1.mp4\">http:\/\/respiart.ca\/wp-content\/uploads\/2025\/11\/f3645c6e1538468daa6d9a1619cc4bb1-1.mp4<\/a><\/video><\/div>\n<p><strong>ResMed AirSense 11\u00a0: Aper\u00e7u des param\u00e8tres de l\u2019appareil\u00a0<\/strong><\/p>\n<div style=\"width: 1170px;\" class=\"wp-video\"><video class=\"wp-video-shortcode\" id=\"video-5544-4\" width=\"1170\" height=\"658\" preload=\"metadata\" controls=\"controls\"><source type=\"video\/mp4\" src=\"http:\/\/respiart.ca\/wp-content\/uploads\/2025\/11\/34060dc716cc4a30b9bc8a542ab18440-1.mp4?_=4\" \/><a href=\"http:\/\/respiart.ca\/wp-content\/uploads\/2025\/11\/34060dc716cc4a30b9bc8a542ab18440-1.mp4\">http:\/\/respiart.ca\/wp-content\/uploads\/2025\/11\/34060dc716cc4a30b9bc8a542ab18440-1.mp4<\/a><\/video><\/div>\n<p><strong>ResMed AirSense 11\u00a0: Optimisez votre confort gr\u00e2ce \u00e0 l\u2019humidification<\/strong><\/p>\n<div style=\"width: 1170px;\" class=\"wp-video\"><video class=\"wp-video-shortcode\" id=\"video-5544-5\" width=\"1170\" height=\"658\" preload=\"metadata\" controls=\"controls\"><source type=\"video\/mp4\" src=\"http:\/\/respiart.ca\/wp-content\/uploads\/2025\/11\/f9debe49c39e42c980a7f1e8291d1e78-1.mp4?_=5\" \/><a href=\"http:\/\/respiart.ca\/wp-content\/uploads\/2025\/11\/f9debe49c39e42c980a7f1e8291d1e78-1.mp4\">http:\/\/respiart.ca\/wp-content\/uploads\/2025\/11\/f9debe49c39e42c980a7f1e8291d1e78-1.mp4<\/a><\/video><\/div>\n<p><strong>ResMed AirSense 11\u00a0: Nettoyage et entretien de votre appareil<\/strong><\/p>\n<div style=\"width: 1170px;\" class=\"wp-video\"><video class=\"wp-video-shortcode\" id=\"video-5544-6\" width=\"1170\" height=\"658\" preload=\"metadata\" controls=\"controls\"><source type=\"video\/mp4\" src=\"http:\/\/respiart.ca\/wp-content\/uploads\/2025\/11\/45ff341363464d2c87a1a256c0f34393-1.mp4?_=6\" \/><a href=\"http:\/\/respiart.ca\/wp-content\/uploads\/2025\/11\/45ff341363464d2c87a1a256c0f34393-1.mp4\">http:\/\/respiart.ca\/wp-content\/uploads\/2025\/11\/45ff341363464d2c87a1a256c0f34393-1.mp4<\/a><\/video><\/div>\n<p>&nbsp;<\/p>\n<\/div>","protected":false},"excerpt":{"rendered":"<p>Offre exclusive\u00a0: Appareil ResMed AirSense 11 + Masque nasal ResMed AirFit N20<\/p>","protected":false},"featured_media":5533,"comment_status":"open","ping_status":"closed","template":"","meta":[],"product_brand":[],"product_cat":[101,96,108],"product_tag":[],"class_list":{"0":"post-5544","1":"product","2":"type-product","3":"status-publish","4":"has-post-thumbnail","6":"product_cat-auto-cpap-apap-machines","7":"product_cat-cpap-bipap-machines","8":"product_cat-resmed","10":"first","11":"instock","12":"sale","13":"taxable","14":"shipping-taxable","15":"purchasable","16":"product-type-simple"},"yoast_head":"<!-- This site is optimized with the Yoast SEO plugin v27.4 - https:\/\/yoast.com\/product\/yoast-seo-wordpress\/ -->\n<title>ResMed AirSense 11 AutoSet CPAP Machine &amp; ResMed AirFit N20 Nasal CPAP Mask - Exclusive Value Package | Respiart - Respiratory therapist Montreal<\/title>\n<meta name=\"description\" content=\"Exclusive Value Package:\u00a0ResMed AirSense 11 Machine + ResMed AirFit N20 Nasal Mask\" \/>\n<meta name=\"robots\" content=\"index, follow, max-snippet:-1, max-image-preview:large, max-video-preview:-1\" \/>\n<link rel=\"canonical\" href=\"https:\/\/respiart.ca\/fr\/magasin\/appareil-cpap-resmed-airsense-11-autoset-masque-nasal-cpap-resmed-airfit-n20-pack-exclusif\/\" \/>\n<meta property=\"og:locale\" content=\"fr_CA\" \/>\n<meta property=\"og:type\" content=\"article\" \/>\n<meta property=\"og:title\" content=\"ResMed AirSense 11 AutoSet CPAP Machine &amp; ResMed AirFit N20 Nasal CPAP Mask - Exclusive Value Package | Respiart - Respiratory therapist Montreal\" \/>\n<meta property=\"og:description\" content=\"Exclusive Value Package:\u00a0ResMed AirSense 11 Machine + ResMed AirFit N20 Nasal Mask\" \/>\n<meta property=\"og:url\" content=\"https:\/\/respiart.ca\/fr\/magasin\/appareil-cpap-resmed-airsense-11-autoset-masque-nasal-cpap-resmed-airfit-n20-pack-exclusif\/\" \/>\n<meta property=\"og:site_name\" content=\"Respiart - Respiratory therapist Montreal\" \/>\n<meta property=\"article:modified_time\" content=\"2026-04-23T19:18:06+00:00\" \/>\n<meta property=\"og:image\" content=\"https:\/\/respiart.ca\/wp-content\/uploads\/2025\/11\/AirSense11_N20-1.webp\" \/>\n\t<meta property=\"og:image:width\" content=\"543\" \/>\n\t<meta property=\"og:image:height\" content=\"555\" \/>\n\t<meta property=\"og:image:type\" content=\"image\/webp\" \/>\n<meta name=\"twitter:card\" content=\"summary_large_image\" \/>\n<meta name=\"twitter:label1\" content=\"Estimation du temps de lecture\" \/>\n\t<meta name=\"twitter:data1\" content=\"3 minutes\" \/>\n<script type=\"application\/ld+json\" class=\"yoast-schema-graph\">{\"@context\":\"https:\\\/\\\/schema.org\",\"@graph\":[{\"@type\":\"WebPage\",\"@id\":\"https:\\\/\\\/respiart.ca\\\/shop\\\/resmed-airsense-11-autoset-cpap-machine-resmed-airfit-n20-nasal-cpap-mask-exclusive-value-package\\\/\",\"url\":\"https:\\\/\\\/respiart.ca\\\/shop\\\/resmed-airsense-11-autoset-cpap-machine-resmed-airfit-n20-nasal-cpap-mask-exclusive-value-package\\\/\",\"name\":\"ResMed AirSense 11 AutoSet CPAP Machine &amp; ResMed AirFit N20 Nasal CPAP Mask - Exclusive Value Package | Respiart - Respiratory therapist Montreal\",\"isPartOf\":{\"@id\":\"https:\\\/\\\/respiart.ca\\\/ar\\\/#website\"},\"primaryImageOfPage\":{\"@id\":\"https:\\\/\\\/respiart.ca\\\/shop\\\/resmed-airsense-11-autoset-cpap-machine-resmed-airfit-n20-nasal-cpap-mask-exclusive-value-package\\\/#primaryimage\"},\"image\":{\"@id\":\"https:\\\/\\\/respiart.ca\\\/shop\\\/resmed-airsense-11-autoset-cpap-machine-resmed-airfit-n20-nasal-cpap-mask-exclusive-value-package\\\/#primaryimage\"},\"thumbnailUrl\":\"https:\\\/\\\/respiart.ca\\\/wp-content\\\/uploads\\\/2025\\\/11\\\/AirSense11_N20-1.webp\",\"datePublished\":\"2025-11-30T15:04:35+00:00\",\"dateModified\":\"2026-04-23T19:18:06+00:00\",\"description\":\"Exclusive Value Package:\u00a0ResMed AirSense 11 Machine + ResMed AirFit N20 Nasal Mask\",\"breadcrumb\":{\"@id\":\"https:\\\/\\\/respiart.ca\\\/shop\\\/resmed-airsense-11-autoset-cpap-machine-resmed-airfit-n20-nasal-cpap-mask-exclusive-value-package\\\/#breadcrumb\"},\"inLanguage\":\"fr-CA\",\"potentialAction\":[{\"@type\":\"ReadAction\",\"target\":[\"https:\\\/\\\/respiart.ca\\\/shop\\\/resmed-airsense-11-autoset-cpap-machine-resmed-airfit-n20-nasal-cpap-mask-exclusive-value-package\\\/\"]}]},{\"@type\":\"ImageObject\",\"inLanguage\":\"fr-CA\",\"@id\":\"https:\\\/\\\/respiart.ca\\\/shop\\\/resmed-airsense-11-autoset-cpap-machine-resmed-airfit-n20-nasal-cpap-mask-exclusive-value-package\\\/#primaryimage\",\"url\":\"https:\\\/\\\/respiart.ca\\\/wp-content\\\/uploads\\\/2025\\\/11\\\/AirSense11_N20-1.webp\",\"contentUrl\":\"https:\\\/\\\/respiart.ca\\\/wp-content\\\/uploads\\\/2025\\\/11\\\/AirSense11_N20-1.webp\",\"width\":543,\"height\":555},{\"@type\":\"BreadcrumbList\",\"@id\":\"https:\\\/\\\/respiart.ca\\\/shop\\\/resmed-airsense-11-autoset-cpap-machine-resmed-airfit-n20-nasal-cpap-mask-exclusive-value-package\\\/#breadcrumb\",\"itemListElement\":[{\"@type\":\"ListItem\",\"position\":1,\"name\":\"Home\",\"item\":\"https:\\\/\\\/respiart.ca\\\/\"},{\"@type\":\"ListItem\",\"position\":2,\"name\":\"Shop CPAP\",\"item\":\"https:\\\/\\\/respiart.ca\\\/shop-cpap\\\/\"},{\"@type\":\"ListItem\",\"position\":3,\"name\":\"ResMed AirSense 11 AutoSet CPAP Machine &amp; ResMed AirFit N20 Nasal CPAP Mask &#8211; Exclusive Value Package\"}]},{\"@type\":\"WebSite\",\"@id\":\"https:\\\/\\\/respiart.ca\\\/ar\\\/#website\",\"url\":\"https:\\\/\\\/respiart.ca\\\/ar\\\/\",\"name\":\"RespiArt - Sleep apnea & CPAPs\",\"description\":\"CPAPs and tests for sleep apnea, asthma, oximetry\",\"publisher\":{\"@id\":\"https:\\\/\\\/respiart.ca\\\/ar\\\/#organization\"},\"potentialAction\":[{\"@type\":\"SearchAction\",\"target\":{\"@type\":\"EntryPoint\",\"urlTemplate\":\"https:\\\/\\\/respiart.ca\\\/ar\\\/?s={search_term_string}\"},\"query-input\":{\"@type\":\"PropertyValueSpecification\",\"valueRequired\":true,\"valueName\":\"search_term_string\"}}],\"inLanguage\":\"fr-CA\"},{\"@type\":\"Organization\",\"@id\":\"https:\\\/\\\/respiart.ca\\\/ar\\\/#organization\",\"name\":\"RespiArt - Sleep apnea & CPAPs\",\"url\":\"https:\\\/\\\/respiart.ca\\\/ar\\\/\",\"logo\":{\"@type\":\"ImageObject\",\"inLanguage\":\"fr-CA\",\"@id\":\"https:\\\/\\\/respiart.ca\\\/ar\\\/#\\\/schema\\\/logo\\\/image\\\/\",\"url\":\"https:\\\/\\\/respiart.ca\\\/wp-content\\\/uploads\\\/2022\\\/05\\\/Respiart-logo-1-e1651540192142.png\",\"contentUrl\":\"https:\\\/\\\/respiart.ca\\\/wp-content\\\/uploads\\\/2022\\\/05\\\/Respiart-logo-1-e1651540192142.png\",\"width\":237,\"height\":61,\"caption\":\"RespiArt - Sleep apnea & CPAPs\"},\"image\":{\"@id\":\"https:\\\/\\\/respiart.ca\\\/ar\\\/#\\\/schema\\\/logo\\\/image\\\/\"}}]}<\/script>\n<!-- \/ Yoast SEO plugin. -->","yoast_head_json":{"title":"Appareil CPAP ResMed AirSense 11 AutoSet et masque nasal CPAP ResMed AirFit N20 - Forfait exclusif | Respiart - Th\u00e9rapeute respiratoire Montr\u00e9al","description":"Offre exclusive\u00a0: Appareil ResMed AirSense 11 + Masque nasal ResMed AirFit N20","robots":{"index":"index","follow":"follow","max-snippet":"max-snippet:-1","max-image-preview":"max-image-preview:large","max-video-preview":"max-video-preview:-1"},"canonical":"https:\/\/respiart.ca\/fr\/magasin\/appareil-cpap-resmed-airsense-11-autoset-masque-nasal-cpap-resmed-airfit-n20-pack-exclusif\/","og_locale":"fr_CA","og_type":"article","og_title":"ResMed AirSense 11 AutoSet CPAP Machine &amp; ResMed AirFit N20 Nasal CPAP Mask - Exclusive Value Package | Respiart - Respiratory therapist Montreal","og_description":"Exclusive Value Package:\u00a0ResMed AirSense 11 Machine + ResMed AirFit N20 Nasal Mask","og_url":"https:\/\/respiart.ca\/fr\/magasin\/appareil-cpap-resmed-airsense-11-autoset-masque-nasal-cpap-resmed-airfit-n20-pack-exclusif\/","og_site_name":"Respiart - Respiratory therapist Montreal","article_modified_time":"2026-04-23T19:18:06+00:00","og_image":[{"width":543,"height":555,"url":"https:\/\/respiart.ca\/wp-content\/uploads\/2025\/11\/AirSense11_N20-1.webp","type":"image\/webp"}],"twitter_card":"summary_large_image","twitter_misc":{"Estimation du temps de lecture":"3 minutes"},"schema":{"@context":"https:\/\/schema.org","@graph":[{"@type":"WebPage","@id":"https:\/\/respiart.ca\/shop\/resmed-airsense-11-autoset-cpap-machine-resmed-airfit-n20-nasal-cpap-mask-exclusive-value-package\/","url":"https:\/\/respiart.ca\/shop\/resmed-airsense-11-autoset-cpap-machine-resmed-airfit-n20-nasal-cpap-mask-exclusive-value-package\/","name":"Appareil CPAP ResMed AirSense 11 AutoSet et masque nasal CPAP ResMed AirFit N20 - Forfait exclusif | Respiart - Th\u00e9rapeute respiratoire Montr\u00e9al","isPartOf":{"@id":"https:\/\/respiart.ca\/ar\/#website"},"primaryImageOfPage":{"@id":"https:\/\/respiart.ca\/shop\/resmed-airsense-11-autoset-cpap-machine-resmed-airfit-n20-nasal-cpap-mask-exclusive-value-package\/#primaryimage"},"image":{"@id":"https:\/\/respiart.ca\/shop\/resmed-airsense-11-autoset-cpap-machine-resmed-airfit-n20-nasal-cpap-mask-exclusive-value-package\/#primaryimage"},"thumbnailUrl":"https:\/\/respiart.ca\/wp-content\/uploads\/2025\/11\/AirSense11_N20-1.webp","datePublished":"2025-11-30T15:04:35+00:00","dateModified":"2026-04-23T19:18:06+00:00","description":"Offre exclusive\u00a0: Appareil ResMed AirSense 11 + Masque nasal ResMed AirFit N20","breadcrumb":{"@id":"https:\/\/respiart.ca\/shop\/resmed-airsense-11-autoset-cpap-machine-resmed-airfit-n20-nasal-cpap-mask-exclusive-value-package\/#breadcrumb"},"inLanguage":"fr-CA","potentialAction":[{"@type":"ReadAction","target":["https:\/\/respiart.ca\/shop\/resmed-airsense-11-autoset-cpap-machine-resmed-airfit-n20-nasal-cpap-mask-exclusive-value-package\/"]}]},{"@type":"ImageObject","inLanguage":"fr-CA","@id":"https:\/\/respiart.ca\/shop\/resmed-airsense-11-autoset-cpap-machine-resmed-airfit-n20-nasal-cpap-mask-exclusive-value-package\/#primaryimage","url":"https:\/\/respiart.ca\/wp-content\/uploads\/2025\/11\/AirSense11_N20-1.webp","contentUrl":"https:\/\/respiart.ca\/wp-content\/uploads\/2025\/11\/AirSense11_N20-1.webp","width":543,"height":555},{"@type":"BreadcrumbList","@id":"https:\/\/respiart.ca\/shop\/resmed-airsense-11-autoset-cpap-machine-resmed-airfit-n20-nasal-cpap-mask-exclusive-value-package\/#breadcrumb","itemListElement":[{"@type":"ListItem","position":1,"name":"Home","item":"https:\/\/respiart.ca\/"},{"@type":"ListItem","position":2,"name":"Shop CPAP","item":"https:\/\/respiart.ca\/shop-cpap\/"},{"@type":"ListItem","position":3,"name":"ResMed AirSense 11 AutoSet CPAP Machine &amp; ResMed AirFit N20 Nasal CPAP Mask &#8211; Exclusive Value Package"}]},{"@type":"WebSite","@id":"https:\/\/respiart.ca\/ar\/#website","url":"https:\/\/respiart.ca\/ar\/","name":"RespiArt - Apn\u00e9e du sommeil et CPAP","description":"CPAP et tests pour l&#039;apn\u00e9e du sommeil, l&#039;asthme, l&#039;oxym\u00e9trie","publisher":{"@id":"https:\/\/respiart.ca\/ar\/#organization"},"potentialAction":[{"@type":"SearchAction","target":{"@type":"EntryPoint","urlTemplate":"https:\/\/respiart.ca\/ar\/?s={search_term_string}"},"query-input":{"@type":"PropertyValueSpecification","valueRequired":true,"valueName":"search_term_string"}}],"inLanguage":"fr-CA"},{"@type":"Organization","@id":"https:\/\/respiart.ca\/ar\/#organization","name":"RespiArt - Apn\u00e9e du sommeil et CPAP","url":"https:\/\/respiart.ca\/ar\/","logo":{"@type":"ImageObject","inLanguage":"fr-CA","@id":"https:\/\/respiart.ca\/ar\/#\/schema\/logo\/image\/","url":"https:\/\/respiart.ca\/wp-content\/uploads\/2022\/05\/Respiart-logo-1-e1651540192142.png","contentUrl":"https:\/\/respiart.ca\/wp-content\/uploads\/2022\/05\/Respiart-logo-1-e1651540192142.png","width":237,"height":61,"caption":"RespiArt - Sleep apnea & CPAPs"},"image":{"@id":"https:\/\/respiart.ca\/ar\/#\/schema\/logo\/image\/"}}]}},"_links":{"self":[{"href":"https:\/\/respiart.ca\/fr\/wp-json\/wp\/v2\/product\/5544","targetHints":{"allow":["GET"]}}],"collection":[{"href":"https:\/\/respiart.ca\/fr\/wp-json\/wp\/v2\/product"}],"about":[{"href":"https:\/\/respiart.ca\/fr\/wp-json\/wp\/v2\/types\/product"}],"replies":[{"embeddable":true,"href":"https:\/\/respiart.ca\/fr\/wp-json\/wp\/v2\/comments?post=5544"}],"wp:featuredmedia":[{"embeddable":true,"href":"https:\/\/respiart.ca\/fr\/wp-json\/wp\/v2\/media\/5533"}],"wp:attachment":[{"href":"https:\/\/respiart.ca\/fr\/wp-json\/wp\/v2\/media?parent=5544"}],"wp:term":[{"taxonomy":"product_brand","embeddable":true,"href":"https:\/\/respiart.ca\/fr\/wp-json\/wp\/v2\/product_brand?post=5544"},{"taxonomy":"product_cat","embeddable":true,"href":"https:\/\/respiart.ca\/fr\/wp-json\/wp\/v2\/product_cat?post=5544"},{"taxonomy":"product_tag","embeddable":true,"href":"https:\/\/respiart.ca\/fr\/wp-json\/wp\/v2\/product_tag?post=5544"}],"curies":[{"name":"wp","href":"https:\/\/api.w.org\/{rel}","templated":true}]}}