{"id":5587,"date":"2025-11-30T15:16:19","date_gmt":"2025-11-30T15:16:19","guid":{"rendered":"http:\/\/f4i.0cc.mytemp.website\/?post_type=product&#038;p=5587"},"modified":"2025-12-22T12:55:08","modified_gmt":"2025-12-22T12:55:08","slug":"appareil-cpap-resmed-airsense-11-autoset-masque-cpap-nasal-resmed-airfit-p10-pack-exclusif","status":"publish","type":"product","link":"https:\/\/respiart.ca\/fr\/shop\/resmed-airsense-11-autoset-cpap-machine-resmed-airfit-p10-nasal-pillow-cpap-mask-exclusive-value-package\/","title":{"rendered":"Appareil CPAP ResMed AirSense 11 AutoSet et masque CPAP nasal ResMed AirFit P10 \u2013 Pack exclusif"},"content":{"rendered":"<div class=\"product-content-below-gallery__description prose\">\n<h2><strong>\u00c0 propos des appareils ResMed AirSense 11 et ResMed AirFit P10\u00a0<\/strong><\/h2>\n<p>Pack exclusif : Appareil ResMed AirSense 11 + Syst\u00e8me de masque nasal \u00e0 coussinets ResMed AirFit P10.<\/p>\n<p data-end=\"575\" data-start=\"250\">Ce pack comprend l&#039;appareil CPAP ResMed AirSense 11 AutoSet et le masque nasal CPAP ResMed AirFit P10, offrant ainsi un syst\u00e8me de traitement CPAP silencieux, l\u00e9ger et efficace. Il est id\u00e9al pour les utilisateurs recherchant une technologie CPAP avanc\u00e9e associ\u00e9e \u00e0 un masque minimaliste, confortable et discret toute la nuit.<\/p>\n<p data-end=\"1299\" data-start=\"577\">L&#039;AirSense 11 AutoSet est dot\u00e9 d&#039;un humidificateur chauffant int\u00e9gr\u00e9 et d&#039;un \u00e9cran tactile intuitif pour une th\u00e9rapie auto-ajustable de haute qualit\u00e9. L&#039;assistant de th\u00e9rapie personnalis\u00e9 de l&#039;application myAir propose des instructions pas \u00e0 pas pour l&#039;installation et l&#039;acclimatation \u00e0 la th\u00e9rapie, tandis que le suivi personnalis\u00e9 offre un accompagnement durant le premier mois d&#039;utilisation. La connectivit\u00e9 sans fil permet la surveillance \u00e0 distance via myAir et AirView, et les mises \u00e0 jour logicielles automatiques garantissent le bon fonctionnement de l&#039;appareil. La fonction AutoRamp d\u00e9tecte l&#039;endormissement, le soulagement de la pression expiratoire facilite l&#039;expiration, la fonction AutoSet Response permet des ajustements de pression en douceur et le moteur Easy-Breathe est silencieux. Dans une pi\u00e8ce sombre, l&#039;\u00e9cran s&#039;assombrit automatiquement gr\u00e2ce au capteur de luminosit\u00e9 int\u00e9gr\u00e9.<\/p>\n<p data-end=\"1931\" data-start=\"1301\">Le kit d&#039;adaptation AirFit P10 comprend un masque nasal l\u00e9ger et minimaliste, parfaitement adapt\u00e9 \u00e0 l&#039;appareil. Ses coussinets en silicone souple assurent une \u00e9tanch\u00e9it\u00e9 optimale, et les coussinets \u00e0 double paroi s&#039;adaptent aux mouvements pour un confort maximal. Le harnais QuickFit offre une stabilit\u00e9 douce avec un contact minimal avec le visage, tandis que le tube flexible int\u00e9gr\u00e9 r\u00e9duit la r\u00e9sistance pour une plus grande libert\u00e9 de mouvement. Le kit inclut des coussinets de tailles S, M et L, vous permettant de trouver facilement la taille qui vous convient le mieux. La technologie QuietAir disperse d\u00e9licatement l&#039;air expir\u00e9 pour un sommeil paisible, et la conception en trois parties du masque facilite son nettoyage et son entretien.<\/p>\n<p data-end=\"2139\" data-start=\"1933\">L&#039;AirSense 11 AutoSet et l&#039;AirFit P10 FitPack fonctionnent ensemble pour fournir une solution th\u00e9rapeutique moderne, conviviale et hautement adaptable qui privil\u00e9gie le confort, la flexibilit\u00e9 et la constance.<\/p>\n<h2><strong>Inclus avec cet appareil CPAP et le masque<\/strong><\/h2>\n<p><strong>Appareil CPAP ResMed AirSense 11 AutoSet<\/strong><\/p>\n<ul>\n<li>1 x Humidificateur chauffant int\u00e9gr\u00e9 HumidAir<\/li>\n<li>1 x Tuyau chauffant ClimateLineAir<\/li>\n<li>1 x bloc d&#039;alimentation et cordon<\/li>\n<li>1 x sac de voyage<\/li>\n<li>1 x chambre \u00e0 eau standard<\/li>\n<li>1 x Filtre standard (install\u00e9)<\/li>\n<li>1 x Manuel d&#039;utilisation complet<\/li>\n<\/ul>\n<p><strong>Masque nasal CPAP ResMed AirFit P10\u00a0<\/strong><\/p>\n<ul>\n<li>1 x Casque r\u00e9glable<\/li>\n<li>1 x Cadre avec tube court<\/li>\n<li>1 petit embout nasal<\/li>\n<li>1 x Coussin nasal de taille moyenne<\/li>\n<li>1 x grand coussin nasal<\/li>\n<\/ul>\n<p>Ce masque ne contient pas d&#039;aimants, ce qui en fait un choix s\u00fbr pour les personnes pr\u00e9occup\u00e9es par les interf\u00e9rences magn\u00e9tiques.<\/p>\n<p><strong data-end=\"62\" data-start=\"43\">Avis de financement\u00a0:<\/strong> Le Programme ontarien d\u2019appareils et accessoires fonctionnels (POAF) ne finance pas les appareils CPAP achet\u00e9s en ligne. Pour \u00eatre admissible, l\u2019appareil doit \u00eatre achet\u00e9 en personne aupr\u00e8s d\u2019un fournisseur inscrit au POAF. Veuillez v\u00e9rifier votre couverture aupr\u00e8s de votre assureur priv\u00e9, car nous pouvons vous fournir un devis.<\/p>\n<p>La garantie du fabricant pour cet appareil CPAP est de 3 ans.<\/p>\n<p><strong>ResMed AirSense 11\u00a0: Conseils pour le r\u00e9servoir d\u2019eau de l\u2019humidificateur\u00a0<\/strong><\/p>\n<div style=\"width: 1170px;\" class=\"wp-video\"><video class=\"wp-video-shortcode\" id=\"video-5587-1\" width=\"1170\" height=\"658\" preload=\"metadata\" controls=\"controls\"><source type=\"video\/mp4\" src=\"http:\/\/respiart.ca\/wp-content\/uploads\/2025\/11\/d41b51128918457d962abad4c5c047d8-1-1.mp4?_=1\" \/><a href=\"http:\/\/respiart.ca\/wp-content\/uploads\/2025\/11\/d41b51128918457d962abad4c5c047d8-1-1.mp4\">http:\/\/respiart.ca\/wp-content\/uploads\/2025\/11\/d41b51128918457d962abad4c5c047d8-1-1.mp4<\/a><\/video><\/div>\n<p><strong data-end=\"62\" data-start=\"43\">ResMed AirSense 11\u00a0: Comment r\u00e9soudre les fuites d\u2019air de l\u2019appareil\u00a0<\/strong><\/p>\n<div style=\"width: 1170px;\" class=\"wp-video\"><video class=\"wp-video-shortcode\" id=\"video-5587-2\" width=\"1170\" height=\"658\" preload=\"metadata\" controls=\"controls\"><source type=\"video\/mp4\" src=\"http:\/\/respiart.ca\/wp-content\/uploads\/2025\/11\/e2edffbefd4c4047834f9b2b476ba611-1.mp4?_=2\" \/><a href=\"http:\/\/respiart.ca\/wp-content\/uploads\/2025\/11\/e2edffbefd4c4047834f9b2b476ba611-1.mp4\">http:\/\/respiart.ca\/wp-content\/uploads\/2025\/11\/e2edffbefd4c4047834f9b2b476ba611-1.mp4<\/a><\/video><\/div>\n<p><strong>ResMed AirSense 11\u00a0: Optimisez votre confort gr\u00e2ce \u00e0 la commande de rampe<\/strong><\/p>\n<div style=\"width: 1170px;\" class=\"wp-video\"><video class=\"wp-video-shortcode\" id=\"video-5587-3\" width=\"1170\" height=\"658\" preload=\"metadata\" controls=\"controls\"><source type=\"video\/mp4\" src=\"http:\/\/respiart.ca\/wp-content\/uploads\/2025\/11\/f3645c6e1538468daa6d9a1619cc4bb1-1.mp4?_=3\" \/><a href=\"http:\/\/respiart.ca\/wp-content\/uploads\/2025\/11\/f3645c6e1538468daa6d9a1619cc4bb1-1.mp4\">http:\/\/respiart.ca\/wp-content\/uploads\/2025\/11\/f3645c6e1538468daa6d9a1619cc4bb1-1.mp4<\/a><\/video><\/div>\n<p><strong>ResMed AirSense 11\u00a0: Aper\u00e7u des param\u00e8tres de l\u2019appareil\u00a0<\/strong><\/p>\n<div style=\"width: 1170px;\" class=\"wp-video\"><video class=\"wp-video-shortcode\" id=\"video-5587-4\" width=\"1170\" height=\"658\" preload=\"metadata\" controls=\"controls\"><source type=\"video\/mp4\" src=\"http:\/\/respiart.ca\/wp-content\/uploads\/2025\/11\/d41b51128918457d962abad4c5c047d8-1.mp4?_=4\" \/><a href=\"http:\/\/respiart.ca\/wp-content\/uploads\/2025\/11\/d41b51128918457d962abad4c5c047d8-1.mp4\">http:\/\/respiart.ca\/wp-content\/uploads\/2025\/11\/d41b51128918457d962abad4c5c047d8-1.mp4<\/a><\/video><\/div>\n<div style=\"width: 1170px;\" class=\"wp-video\"><video class=\"wp-video-shortcode\" id=\"video-5587-5\" width=\"1170\" height=\"658\" preload=\"metadata\" controls=\"controls\"><source type=\"video\/mp4\" src=\"http:\/\/respiart.ca\/wp-content\/uploads\/2025\/11\/34060dc716cc4a30b9bc8a542ab18440-1-1.mp4?_=5\" \/><a href=\"http:\/\/respiart.ca\/wp-content\/uploads\/2025\/11\/34060dc716cc4a30b9bc8a542ab18440-1-1.mp4\">http:\/\/respiart.ca\/wp-content\/uploads\/2025\/11\/34060dc716cc4a30b9bc8a542ab18440-1-1.mp4<\/a><\/video><\/div>\n<p><strong>ResMed AirSense 11\u00a0: Optimisez votre confort gr\u00e2ce \u00e0 l\u2019humidification<\/strong><\/p>\n<div style=\"width: 1170px;\" class=\"wp-video\"><video class=\"wp-video-shortcode\" id=\"video-5587-6\" width=\"1170\" height=\"658\" preload=\"metadata\" controls=\"controls\"><source type=\"video\/mp4\" src=\"http:\/\/respiart.ca\/wp-content\/uploads\/2025\/11\/f9debe49c39e42c980a7f1e8291d1e78-1.mp4?_=6\" \/><a href=\"http:\/\/respiart.ca\/wp-content\/uploads\/2025\/11\/f9debe49c39e42c980a7f1e8291d1e78-1.mp4\">http:\/\/respiart.ca\/wp-content\/uploads\/2025\/11\/f9debe49c39e42c980a7f1e8291d1e78-1.mp4<\/a><\/video><\/div>\n<p><strong>ResMed AirSense 11\u00a0: Nettoyage et entretien de votre appareil<\/strong><\/p>\n<div style=\"width: 1170px;\" class=\"wp-video\"><video class=\"wp-video-shortcode\" id=\"video-5587-7\" width=\"1170\" height=\"658\" preload=\"metadata\" controls=\"controls\"><source type=\"video\/mp4\" src=\"http:\/\/respiart.ca\/wp-content\/uploads\/2025\/11\/45ff341363464d2c87a1a256c0f34393-1.mp4?_=7\" \/><a href=\"http:\/\/respiart.ca\/wp-content\/uploads\/2025\/11\/45ff341363464d2c87a1a256c0f34393-1.mp4\">http:\/\/respiart.ca\/wp-content\/uploads\/2025\/11\/45ff341363464d2c87a1a256c0f34393-1.mp4<\/a><\/video><\/div>\n<p><strong>Masque ResMed AirFit P10\u00a0: Comment assembler votre masque<\/strong><br \/>\n<iframe src=\"https:\/\/players.brightcove.net\/2750693505001\/VgZZoXaig_default\/index.html?videoId=4908330445001\"><\/iframe><\/p>\n<p>&nbsp;<\/p>\n<p><strong>Comment ajuster votre masque ResMed AirFit P10<\/strong><br \/>\n<iframe src=\"https:\/\/players.brightcove.net\/2750693505001\/VgZZoXaig_default\/index.html?videoId=4908330936001\"><\/iframe><\/p>\n<p><iframe src=\"https:\/\/players.brightcove.net\/2750693505001\/VgZZoXaig_default\/index.html?videoId=6099870524001\"><\/iframe><\/p>\n<p><!-- --><\/p>\n<\/div>","protected":false},"excerpt":{"rendered":"<p>Pack exclusif : Appareil ResMed AirSense 11 + Syst\u00e8me de masque nasal \u00e0 coussinets ResMed AirFit P10<\/p>","protected":false},"featured_media":5576,"comment_status":"open","ping_status":"closed","template":"","meta":[],"product_brand":[],"product_cat":[96,108],"product_tag":[],"class_list":{"0":"post-5587","1":"product","2":"type-product","3":"status-publish","4":"has-post-thumbnail","6":"product_cat-cpap-bipap-machines","7":"product_cat-resmed","9":"first","10":"instock","11":"sale","12":"taxable","13":"shipping-taxable","14":"purchasable","15":"product-type-simple"},"yoast_head":"<!-- This site is optimized with the Yoast SEO plugin v27.3 - https:\/\/yoast.com\/product\/yoast-seo-wordpress\/ -->\n<title>ResMed AirSense 11 AutoSet CPAP Machine &amp; ResMed AirFit P10 Nasal Pillow CPAP Mask - Exclusive Value Package | Respiart - Respiratory therapist Montreal<\/title>\n<meta name=\"description\" content=\"Exclusive Value Package: ResMed AirSense 11 Machine + ResMed AirFit P10 Nasal Pillow Mask System\" \/>\n<meta name=\"robots\" content=\"index, follow, max-snippet:-1, max-image-preview:large, max-video-preview:-1\" \/>\n<link rel=\"canonical\" href=\"https:\/\/respiart.ca\/fr\/magasin\/appareil-cpap-resmed-airsense-11-autoset-masque-cpap-nasal-resmed-airfit-p10-pack-exclusif\/\" \/>\n<meta property=\"og:locale\" content=\"fr_CA\" \/>\n<meta property=\"og:type\" content=\"article\" \/>\n<meta property=\"og:title\" content=\"ResMed AirSense 11 AutoSet CPAP Machine &amp; ResMed AirFit P10 Nasal Pillow CPAP Mask - Exclusive Value Package | Respiart - Respiratory therapist Montreal\" \/>\n<meta property=\"og:description\" content=\"Exclusive Value Package: ResMed AirSense 11 Machine + ResMed AirFit P10 Nasal Pillow Mask System\" \/>\n<meta property=\"og:url\" content=\"https:\/\/respiart.ca\/fr\/magasin\/appareil-cpap-resmed-airsense-11-autoset-masque-cpap-nasal-resmed-airfit-p10-pack-exclusif\/\" \/>\n<meta property=\"og:site_name\" content=\"Respiart - Respiratory therapist Montreal\" \/>\n<meta property=\"article:modified_time\" content=\"2025-12-22T12:55:08+00:00\" \/>\n<meta property=\"og:image\" content=\"https:\/\/respiart.ca\/wp-content\/uploads\/2025\/11\/AirSense11_P10-1.webp\" \/>\n\t<meta property=\"og:image:width\" content=\"590\" \/>\n\t<meta property=\"og:image:height\" content=\"580\" \/>\n\t<meta property=\"og:image:type\" content=\"image\/webp\" \/>\n<meta name=\"twitter:card\" content=\"summary_large_image\" \/>\n<meta name=\"twitter:label1\" content=\"Estimation du temps de lecture\" \/>\n\t<meta name=\"twitter:data1\" content=\"3 minutes\" \/>\n<script type=\"application\/ld+json\" class=\"yoast-schema-graph\">{\"@context\":\"https:\\\/\\\/schema.org\",\"@graph\":[{\"@type\":\"WebPage\",\"@id\":\"https:\\\/\\\/respiart.ca\\\/shop\\\/resmed-airsense-11-autoset-cpap-machine-resmed-airfit-p10-nasal-pillow-cpap-mask-exclusive-value-package\\\/\",\"url\":\"https:\\\/\\\/respiart.ca\\\/shop\\\/resmed-airsense-11-autoset-cpap-machine-resmed-airfit-p10-nasal-pillow-cpap-mask-exclusive-value-package\\\/\",\"name\":\"ResMed AirSense 11 AutoSet CPAP Machine &amp; ResMed AirFit P10 Nasal Pillow CPAP Mask - Exclusive Value Package | Respiart - Respiratory therapist Montreal\",\"isPartOf\":{\"@id\":\"https:\\\/\\\/respiart.ca\\\/ar\\\/#website\"},\"primaryImageOfPage\":{\"@id\":\"https:\\\/\\\/respiart.ca\\\/shop\\\/resmed-airsense-11-autoset-cpap-machine-resmed-airfit-p10-nasal-pillow-cpap-mask-exclusive-value-package\\\/#primaryimage\"},\"image\":{\"@id\":\"https:\\\/\\\/respiart.ca\\\/shop\\\/resmed-airsense-11-autoset-cpap-machine-resmed-airfit-p10-nasal-pillow-cpap-mask-exclusive-value-package\\\/#primaryimage\"},\"thumbnailUrl\":\"https:\\\/\\\/respiart.ca\\\/wp-content\\\/uploads\\\/2025\\\/11\\\/AirSense11_P10-1.webp\",\"datePublished\":\"2025-11-30T15:16:19+00:00\",\"dateModified\":\"2025-12-22T12:55:08+00:00\",\"description\":\"Exclusive Value Package: ResMed AirSense 11 Machine + ResMed AirFit P10 Nasal Pillow Mask System\",\"breadcrumb\":{\"@id\":\"https:\\\/\\\/respiart.ca\\\/shop\\\/resmed-airsense-11-autoset-cpap-machine-resmed-airfit-p10-nasal-pillow-cpap-mask-exclusive-value-package\\\/#breadcrumb\"},\"inLanguage\":\"fr-CA\",\"potentialAction\":[{\"@type\":\"ReadAction\",\"target\":[\"https:\\\/\\\/respiart.ca\\\/shop\\\/resmed-airsense-11-autoset-cpap-machine-resmed-airfit-p10-nasal-pillow-cpap-mask-exclusive-value-package\\\/\"]}]},{\"@type\":\"ImageObject\",\"inLanguage\":\"fr-CA\",\"@id\":\"https:\\\/\\\/respiart.ca\\\/shop\\\/resmed-airsense-11-autoset-cpap-machine-resmed-airfit-p10-nasal-pillow-cpap-mask-exclusive-value-package\\\/#primaryimage\",\"url\":\"https:\\\/\\\/respiart.ca\\\/wp-content\\\/uploads\\\/2025\\\/11\\\/AirSense11_P10-1.webp\",\"contentUrl\":\"https:\\\/\\\/respiart.ca\\\/wp-content\\\/uploads\\\/2025\\\/11\\\/AirSense11_P10-1.webp\",\"width\":590,\"height\":580},{\"@type\":\"BreadcrumbList\",\"@id\":\"https:\\\/\\\/respiart.ca\\\/shop\\\/resmed-airsense-11-autoset-cpap-machine-resmed-airfit-p10-nasal-pillow-cpap-mask-exclusive-value-package\\\/#breadcrumb\",\"itemListElement\":[{\"@type\":\"ListItem\",\"position\":1,\"name\":\"Home\",\"item\":\"https:\\\/\\\/respiart.ca\\\/\"},{\"@type\":\"ListItem\",\"position\":2,\"name\":\"Shop CPAP\",\"item\":\"https:\\\/\\\/respiart.ca\\\/ar\\\/%d9%85%d8%aa%d8%ac%d8%b1-cpap\\\/\"},{\"@type\":\"ListItem\",\"position\":3,\"name\":\"ResMed AirSense 11 AutoSet CPAP Machine &amp; ResMed AirFit P10 Nasal Pillow CPAP Mask &#8211; Exclusive Value Package\"}]},{\"@type\":\"WebSite\",\"@id\":\"https:\\\/\\\/respiart.ca\\\/ar\\\/#website\",\"url\":\"https:\\\/\\\/respiart.ca\\\/ar\\\/\",\"name\":\"RespiArt - Sleep apnea & CPAPs\",\"description\":\"CPAPs and tests for sleep apnea, asthma, oximetry\",\"publisher\":{\"@id\":\"https:\\\/\\\/respiart.ca\\\/ar\\\/#organization\"},\"potentialAction\":[{\"@type\":\"SearchAction\",\"target\":{\"@type\":\"EntryPoint\",\"urlTemplate\":\"https:\\\/\\\/respiart.ca\\\/ar\\\/?s={search_term_string}\"},\"query-input\":{\"@type\":\"PropertyValueSpecification\",\"valueRequired\":true,\"valueName\":\"search_term_string\"}}],\"inLanguage\":\"fr-CA\"},{\"@type\":\"Organization\",\"@id\":\"https:\\\/\\\/respiart.ca\\\/ar\\\/#organization\",\"name\":\"RespiArt - Sleep apnea & CPAPs\",\"url\":\"https:\\\/\\\/respiart.ca\\\/ar\\\/\",\"logo\":{\"@type\":\"ImageObject\",\"inLanguage\":\"fr-CA\",\"@id\":\"https:\\\/\\\/respiart.ca\\\/ar\\\/#\\\/schema\\\/logo\\\/image\\\/\",\"url\":\"https:\\\/\\\/respiart.ca\\\/wp-content\\\/uploads\\\/2022\\\/05\\\/Respiart-logo-1-e1651540192142.png\",\"contentUrl\":\"https:\\\/\\\/respiart.ca\\\/wp-content\\\/uploads\\\/2022\\\/05\\\/Respiart-logo-1-e1651540192142.png\",\"width\":237,\"height\":61,\"caption\":\"RespiArt - Sleep apnea & CPAPs\"},\"image\":{\"@id\":\"https:\\\/\\\/respiart.ca\\\/ar\\\/#\\\/schema\\\/logo\\\/image\\\/\"}}]}<\/script>\n<!-- \/ Yoast SEO plugin. -->","yoast_head_json":{"title":"Appareil CPAP ResMed AirSense 11 AutoSet et masque nasal CPAP ResMed AirFit P10 - Ensemble exclusif | Respiart - Th\u00e9rapeute respiratoire Montr\u00e9al","description":"Pack exclusif : Appareil ResMed AirSense 11 + Syst\u00e8me de masque nasal \u00e0 coussinets ResMed AirFit P10","robots":{"index":"index","follow":"follow","max-snippet":"max-snippet:-1","max-image-preview":"max-image-preview:large","max-video-preview":"max-video-preview:-1"},"canonical":"https:\/\/respiart.ca\/fr\/magasin\/appareil-cpap-resmed-airsense-11-autoset-masque-cpap-nasal-resmed-airfit-p10-pack-exclusif\/","og_locale":"fr_CA","og_type":"article","og_title":"ResMed AirSense 11 AutoSet CPAP Machine &amp; ResMed AirFit P10 Nasal Pillow CPAP Mask - Exclusive Value Package | Respiart - Respiratory therapist Montreal","og_description":"Exclusive Value Package: ResMed AirSense 11 Machine + ResMed AirFit P10 Nasal Pillow Mask System","og_url":"https:\/\/respiart.ca\/fr\/magasin\/appareil-cpap-resmed-airsense-11-autoset-masque-cpap-nasal-resmed-airfit-p10-pack-exclusif\/","og_site_name":"Respiart - Respiratory therapist Montreal","article_modified_time":"2025-12-22T12:55:08+00:00","og_image":[{"width":590,"height":580,"url":"https:\/\/respiart.ca\/wp-content\/uploads\/2025\/11\/AirSense11_P10-1.webp","type":"image\/webp"}],"twitter_card":"summary_large_image","twitter_misc":{"Estimation du temps de lecture":"3 minutes"},"schema":{"@context":"https:\/\/schema.org","@graph":[{"@type":"WebPage","@id":"https:\/\/respiart.ca\/shop\/resmed-airsense-11-autoset-cpap-machine-resmed-airfit-p10-nasal-pillow-cpap-mask-exclusive-value-package\/","url":"https:\/\/respiart.ca\/shop\/resmed-airsense-11-autoset-cpap-machine-resmed-airfit-p10-nasal-pillow-cpap-mask-exclusive-value-package\/","name":"Appareil CPAP ResMed AirSense 11 AutoSet et masque nasal CPAP ResMed AirFit P10 - Ensemble exclusif | Respiart - Th\u00e9rapeute respiratoire Montr\u00e9al","isPartOf":{"@id":"https:\/\/respiart.ca\/ar\/#website"},"primaryImageOfPage":{"@id":"https:\/\/respiart.ca\/shop\/resmed-airsense-11-autoset-cpap-machine-resmed-airfit-p10-nasal-pillow-cpap-mask-exclusive-value-package\/#primaryimage"},"image":{"@id":"https:\/\/respiart.ca\/shop\/resmed-airsense-11-autoset-cpap-machine-resmed-airfit-p10-nasal-pillow-cpap-mask-exclusive-value-package\/#primaryimage"},"thumbnailUrl":"https:\/\/respiart.ca\/wp-content\/uploads\/2025\/11\/AirSense11_P10-1.webp","datePublished":"2025-11-30T15:16:19+00:00","dateModified":"2025-12-22T12:55:08+00:00","description":"Pack exclusif : Appareil ResMed AirSense 11 + Syst\u00e8me de masque nasal \u00e0 coussinets ResMed AirFit P10","breadcrumb":{"@id":"https:\/\/respiart.ca\/shop\/resmed-airsense-11-autoset-cpap-machine-resmed-airfit-p10-nasal-pillow-cpap-mask-exclusive-value-package\/#breadcrumb"},"inLanguage":"fr-CA","potentialAction":[{"@type":"ReadAction","target":["https:\/\/respiart.ca\/shop\/resmed-airsense-11-autoset-cpap-machine-resmed-airfit-p10-nasal-pillow-cpap-mask-exclusive-value-package\/"]}]},{"@type":"ImageObject","inLanguage":"fr-CA","@id":"https:\/\/respiart.ca\/shop\/resmed-airsense-11-autoset-cpap-machine-resmed-airfit-p10-nasal-pillow-cpap-mask-exclusive-value-package\/#primaryimage","url":"https:\/\/respiart.ca\/wp-content\/uploads\/2025\/11\/AirSense11_P10-1.webp","contentUrl":"https:\/\/respiart.ca\/wp-content\/uploads\/2025\/11\/AirSense11_P10-1.webp","width":590,"height":580},{"@type":"BreadcrumbList","@id":"https:\/\/respiart.ca\/shop\/resmed-airsense-11-autoset-cpap-machine-resmed-airfit-p10-nasal-pillow-cpap-mask-exclusive-value-package\/#breadcrumb","itemListElement":[{"@type":"ListItem","position":1,"name":"Home","item":"https:\/\/respiart.ca\/"},{"@type":"ListItem","position":2,"name":"Shop CPAP","item":"https:\/\/respiart.ca\/ar\/%d9%85%d8%aa%d8%ac%d8%b1-cpap\/"},{"@type":"ListItem","position":3,"name":"ResMed AirSense 11 AutoSet CPAP Machine &amp; ResMed AirFit P10 Nasal Pillow CPAP Mask &#8211; Exclusive Value Package"}]},{"@type":"WebSite","@id":"https:\/\/respiart.ca\/ar\/#website","url":"https:\/\/respiart.ca\/ar\/","name":"RespiArt - Apn\u00e9e du sommeil et CPAP","description":"CPAP et tests pour l&#039;apn\u00e9e du sommeil, l&#039;asthme, l&#039;oxym\u00e9trie","publisher":{"@id":"https:\/\/respiart.ca\/ar\/#organization"},"potentialAction":[{"@type":"SearchAction","target":{"@type":"EntryPoint","urlTemplate":"https:\/\/respiart.ca\/ar\/?s={search_term_string}"},"query-input":{"@type":"PropertyValueSpecification","valueRequired":true,"valueName":"search_term_string"}}],"inLanguage":"fr-CA"},{"@type":"Organization","@id":"https:\/\/respiart.ca\/ar\/#organization","name":"RespiArt - Apn\u00e9e du sommeil et CPAP","url":"https:\/\/respiart.ca\/ar\/","logo":{"@type":"ImageObject","inLanguage":"fr-CA","@id":"https:\/\/respiart.ca\/ar\/#\/schema\/logo\/image\/","url":"https:\/\/respiart.ca\/wp-content\/uploads\/2022\/05\/Respiart-logo-1-e1651540192142.png","contentUrl":"https:\/\/respiart.ca\/wp-content\/uploads\/2022\/05\/Respiart-logo-1-e1651540192142.png","width":237,"height":61,"caption":"RespiArt - Sleep apnea & CPAPs"},"image":{"@id":"https:\/\/respiart.ca\/ar\/#\/schema\/logo\/image\/"}}]}},"_links":{"self":[{"href":"https:\/\/respiart.ca\/fr\/wp-json\/wp\/v2\/product\/5587","targetHints":{"allow":["GET"]}}],"collection":[{"href":"https:\/\/respiart.ca\/fr\/wp-json\/wp\/v2\/product"}],"about":[{"href":"https:\/\/respiart.ca\/fr\/wp-json\/wp\/v2\/types\/product"}],"replies":[{"embeddable":true,"href":"https:\/\/respiart.ca\/fr\/wp-json\/wp\/v2\/comments?post=5587"}],"wp:featuredmedia":[{"embeddable":true,"href":"https:\/\/respiart.ca\/fr\/wp-json\/wp\/v2\/media\/5576"}],"wp:attachment":[{"href":"https:\/\/respiart.ca\/fr\/wp-json\/wp\/v2\/media?parent=5587"}],"wp:term":[{"taxonomy":"product_brand","embeddable":true,"href":"https:\/\/respiart.ca\/fr\/wp-json\/wp\/v2\/product_brand?post=5587"},{"taxonomy":"product_cat","embeddable":true,"href":"https:\/\/respiart.ca\/fr\/wp-json\/wp\/v2\/product_cat?post=5587"},{"taxonomy":"product_tag","embeddable":true,"href":"https:\/\/respiart.ca\/fr\/wp-json\/wp\/v2\/product_tag?post=5587"}],"curies":[{"name":"wp","href":"https:\/\/api.w.org\/{rel}","templated":true}]}}