{"id":5629,"date":"2025-11-30T15:24:34","date_gmt":"2025-11-30T15:24:34","guid":{"rendered":"http:\/\/f4i.0cc.mytemp.website\/?post_type=product&#038;p=5629"},"modified":"2025-12-22T12:55:08","modified_gmt":"2025-12-22T12:55:08","slug":"resmed-airsense-11-autoset-resmed-airmini-autoset-pack-valeur-exclusif","status":"publish","type":"product","link":"https:\/\/respiart.ca\/fr\/shop\/resmed-airsense-11-autoset-resmed-airmini-autoset-machine-exclusive-value-package\/","title":{"rendered":"ResMed AirSense 11 AutoSet + appareil ResMed AirMini AutoSet \u2013 Pack exclusif"},"content":{"rendered":"<div class=\"product-content-below-gallery__description prose\">\n<h2>\u00c0 propos des appareils ResMed AirSense 11 et ResMed AirMini<\/h2>\n<p>Le meilleur ensemble de machines ResMed est le ResMed AirSense 11\u2122 AutoSet et le ResMed AirMini\u2122.<\/p>\n<p data-end=\"744\" data-start=\"88\">Le ResMed AirSense 11 AutoSet est un appareil CPAP haut de gamme qui s&#039;adapte automatiquement pour rendre votre traitement nocturne facile, confortable et fiable. Il est dot\u00e9 d&#039;un humidificateur chauffant int\u00e9gr\u00e9, d&#039;un moteur Easy-Breathe silencieux et d&#039;un \u00e9cran tactile intuitif pour modifier les r\u00e9glages. Gr\u00e2ce aux algorithmes AutoSet et AutoSet for Her de ResMed, l&#039;appareil ajuste automatiquement la pression. Il dispose \u00e9galement de la fonction AutoRamp avec d\u00e9tection d&#039;endormissement, qui d\u00e9marre le traitement \u00e0 une pression plus faible et l&#039;augmente une fois endormi. Le capteur de luminosit\u00e9 ambiante int\u00e9gr\u00e9 ajuste automatiquement la luminosit\u00e9 de l&#039;\u00e9cran dans l&#039;obscurit\u00e9, et la fonction Expiratory Pressure Relief facilite l&#039;expiration.<\/p>\n<p data-end=\"1338\" data-start=\"746\">L&#039;AirSense 11 se connecte sans fil \u00e0 l&#039;application myAir et \u00e0 AirView, permettant ainsi aux utilisateurs d&#039;acc\u00e9der \u00e0 des rapports de sommeil, des outils de coaching et une surveillance \u00e0 distance. L&#039;assistant th\u00e9rapeutique personnalis\u00e9 de l&#039;application myAir vous guide pas \u00e0 pas lors de la configuration, tandis que le suivi personnalis\u00e9 vous propose un accompagnement adapt\u00e9 \u00e0 l&#039;heure de la journ\u00e9e durant le premier mois de th\u00e9rapie. Les mises \u00e0 jour logicielles automatiques garantissent le bon fonctionnement de l&#039;appareil, et la d\u00e9tection avanc\u00e9e d&#039;\u00e9v\u00e9nements identifie les apn\u00e9es centrales, les RERA et la respiration de Cheyne-Stokes pour vous aider \u00e0 optimiser votre th\u00e9rapie. Cet appareil est garanti trois ans par le fabricant.<\/p>\n<p data-end=\"2164\" data-start=\"1666\">L&#039;AirMini de ResMed est l&#039;un des appareils CPAP les plus compacts au monde. Con\u00e7u pour faciliter les d\u00e9placements sans compromettre la qualit\u00e9 du traitement, il est petit, l\u00e9ger et facile \u00e0 ranger gr\u00e2ce \u00e0 son poids plume de seulement 300 grammes et sa largeur de 13,7 cm. L&#039;AirMini propose les modes AutoSet, AutoSet pour elle et CPAP, permettant ainsi de personnaliser son traitement o\u00f9 que l&#039;on soit. Des fonctionnalit\u00e9s telles que le soulagement de la pression expiratoire, l&#039;AutoRamp et le SmartStart contribuent \u00e0 un sommeil r\u00e9parateur m\u00eame en d\u00e9placement.<\/p>\n<p data-end=\"2575\" data-start=\"2166\">L&#039;AirMini ne n\u00e9cessite pas de r\u00e9servoir d&#039;eau car il utilise des cartouches HumidX (en option) pour humidifier l&#039;air sans eau. Vous pouvez consulter et modifier les donn\u00e9es et les param\u00e8tres de votre traitement gr\u00e2ce \u00e0 l&#039;application AirMini disponible sur iOS et Android. Approuv\u00e9 par la FAA pour une utilisation en avion, l&#039;appareil est fourni avec un adaptateur secteur double tension, une pochette de transport et un filtre de d\u00e9marrage. Il devient ainsi le compagnon de voyage id\u00e9al pour les utilisateurs de PPC.<\/p>\n<h2><strong>Inclus avec ces machines <\/strong><\/h2>\n<p><strong>Appareil CPAP ResMed AirSense 11 AutoSet\u00a0<\/strong><\/p>\n<ul>\n<li>1 x Appareil avec humidificateur chauffant HumidAir int\u00e9gr\u00e9<\/li>\n<li>1 x Tuyau chauffant ClimateLineAir<\/li>\n<li>1 x Alimentation<\/li>\n<li>1 x sac de voyage<\/li>\n<li>1 x chambre \u00e0 eau standard<\/li>\n<li>1 x Filtre standard (install\u00e9)<\/li>\n<li>1 x Manuel d&#039;utilisation<\/li>\n<\/ul>\n<p><strong>Appareil CPAP ResMed AirMini AutoSet<\/strong><\/p>\n<ul>\n<li>1 filtre \u00e0 air jetable (\u00e0 l&#039;int\u00e9rieur de la machine)<\/li>\n<li>1 alimentation de 20 W<\/li>\n<li>1 sac \u00e0 cordon<\/li>\n<li>1 manuel d&#039;utilisation du produit<\/li>\n<\/ul>\n<p><strong>REMARQUE : L&#039;AirMini est UNIQUEMENT compatible avec les masques suivants<\/strong><\/p>\n<ul>\n<li>AirFit N30 pour AirMini<\/li>\n<li>AirFit P10 pour AirMini<\/li>\n<li>AirFit F30 (n\u00e9cessite un kit d&#039;installation F30 s\u00e9par\u00e9)<\/li>\n<li>AirFit F20 \/ AirTouch F20 (n\u00e9cessite un pack d&#039;installation F20 s\u00e9par\u00e9)<\/li>\n<li>AirFit N20 \/ AirTouch N20 (n\u00e9cessite un kit d&#039;installation N20 s\u00e9par\u00e9)<\/li>\n<\/ul>\n<p><strong data-end=\"62\" data-start=\"43\">Avis de financement\u00a0:<\/strong> Le Programme ontarien d\u2019appareils et accessoires fonctionnels (POAF) ne finance pas les appareils CPAP achet\u00e9s en ligne. Pour \u00eatre admissible, l\u2019appareil doit \u00eatre achet\u00e9 en personne aupr\u00e8s d\u2019un fournisseur inscrit au POAF. Veuillez v\u00e9rifier votre couverture aupr\u00e8s de votre assureur priv\u00e9, car nous pouvons vous fournir un devis.<\/p>\n<p><strong data-end=\"340\" data-start=\"318\">Avis concernant le niveau sonore\u00a0: <\/strong>Cet appareil CPAP de voyage fonctionne \u00e0 <strong data-end=\"398\" data-start=\"380\">29 dBA \u00b1 2 dBA<\/strong>. Veuillez noter que les appareils de voyage sont g\u00e9n\u00e9ralement plus bruyants que les appareils CPAP standard en raison de leur conception compacte.<\/p>\n<p>La garantie du fabricant pour cet appareil CPAP est de 3 ans.<\/p>\n<p><!-- --><\/p>\n<\/div>","protected":false},"excerpt":{"rendered":"<p>Pack complet ResMed\u00a0: ResMed AirSense 11\u2122 AutoSet associ\u00e9 \u00e0 ResMed AirMini\u2122<\/p>","protected":false},"featured_media":5618,"comment_status":"open","ping_status":"closed","template":"","meta":[],"product_brand":[],"product_cat":[96,108],"product_tag":[],"class_list":{"0":"post-5629","1":"product","2":"type-product","3":"status-publish","4":"has-post-thumbnail","6":"product_cat-cpap-bipap-machines","7":"product_cat-resmed","9":"first","10":"instock","11":"sale","12":"taxable","13":"shipping-taxable","14":"purchasable","15":"product-type-simple"},"yoast_head":"<!-- This site is optimized with the Yoast SEO plugin v27.4 - https:\/\/yoast.com\/product\/yoast-seo-wordpress\/ -->\n<title>ResMed AirSense 11 AutoSet + ResMed AirMini AutoSet Machine - Exclusive Value Package | Respiart - Respiratory therapist Montreal<\/title>\n<meta name=\"description\" content=\"Ultimate ResMed Machine Package: ResMed AirSense 11\u2122 AutoSet paired with ResMed AirMini\u2122\" \/>\n<meta name=\"robots\" content=\"index, follow, max-snippet:-1, max-image-preview:large, max-video-preview:-1\" \/>\n<link rel=\"canonical\" href=\"https:\/\/respiart.ca\/fr\/magasin\/resmed-airsense-11-autoset-resmed-airmini-autoset-pack-valeur-exclusif\/\" \/>\n<meta property=\"og:locale\" content=\"fr_CA\" \/>\n<meta property=\"og:type\" content=\"article\" \/>\n<meta property=\"og:title\" content=\"ResMed AirSense 11 AutoSet + ResMed AirMini AutoSet Machine - Exclusive Value Package | Respiart - Respiratory therapist Montreal\" \/>\n<meta property=\"og:description\" content=\"Ultimate ResMed Machine Package: ResMed AirSense 11\u2122 AutoSet paired with ResMed AirMini\u2122\" \/>\n<meta property=\"og:url\" content=\"https:\/\/respiart.ca\/fr\/magasin\/resmed-airsense-11-autoset-resmed-airmini-autoset-pack-valeur-exclusif\/\" \/>\n<meta property=\"og:site_name\" content=\"Respiart - Respiratory therapist Montreal\" \/>\n<meta property=\"article:modified_time\" content=\"2025-12-22T12:55:08+00:00\" \/>\n<meta property=\"og:image\" content=\"https:\/\/respiart.ca\/wp-content\/uploads\/2025\/11\/AirSense11_AirMini-1.webp\" \/>\n\t<meta property=\"og:image:width\" content=\"582\" \/>\n\t<meta property=\"og:image:height\" content=\"447\" \/>\n\t<meta property=\"og:image:type\" content=\"image\/webp\" \/>\n<meta name=\"twitter:card\" content=\"summary_large_image\" \/>\n<meta name=\"twitter:label1\" content=\"Estimation du temps de lecture\" \/>\n\t<meta name=\"twitter:data1\" content=\"3 minutes\" \/>\n<script type=\"application\/ld+json\" class=\"yoast-schema-graph\">{\"@context\":\"https:\\\/\\\/schema.org\",\"@graph\":[{\"@type\":\"WebPage\",\"@id\":\"https:\\\/\\\/respiart.ca\\\/shop\\\/resmed-airsense-11-autoset-resmed-airmini-autoset-machine-exclusive-value-package\\\/\",\"url\":\"https:\\\/\\\/respiart.ca\\\/shop\\\/resmed-airsense-11-autoset-resmed-airmini-autoset-machine-exclusive-value-package\\\/\",\"name\":\"ResMed AirSense 11 AutoSet + ResMed AirMini AutoSet Machine - Exclusive Value Package | Respiart - Respiratory therapist Montreal\",\"isPartOf\":{\"@id\":\"https:\\\/\\\/respiart.ca\\\/ar\\\/#website\"},\"primaryImageOfPage\":{\"@id\":\"https:\\\/\\\/respiart.ca\\\/shop\\\/resmed-airsense-11-autoset-resmed-airmini-autoset-machine-exclusive-value-package\\\/#primaryimage\"},\"image\":{\"@id\":\"https:\\\/\\\/respiart.ca\\\/shop\\\/resmed-airsense-11-autoset-resmed-airmini-autoset-machine-exclusive-value-package\\\/#primaryimage\"},\"thumbnailUrl\":\"https:\\\/\\\/respiart.ca\\\/wp-content\\\/uploads\\\/2025\\\/11\\\/AirSense11_AirMini-1.webp\",\"datePublished\":\"2025-11-30T15:24:34+00:00\",\"dateModified\":\"2025-12-22T12:55:08+00:00\",\"description\":\"Ultimate ResMed Machine Package: ResMed AirSense 11\u2122 AutoSet paired with ResMed AirMini\u2122\",\"breadcrumb\":{\"@id\":\"https:\\\/\\\/respiart.ca\\\/shop\\\/resmed-airsense-11-autoset-resmed-airmini-autoset-machine-exclusive-value-package\\\/#breadcrumb\"},\"inLanguage\":\"fr-CA\",\"potentialAction\":[{\"@type\":\"ReadAction\",\"target\":[\"https:\\\/\\\/respiart.ca\\\/shop\\\/resmed-airsense-11-autoset-resmed-airmini-autoset-machine-exclusive-value-package\\\/\"]}]},{\"@type\":\"ImageObject\",\"inLanguage\":\"fr-CA\",\"@id\":\"https:\\\/\\\/respiart.ca\\\/shop\\\/resmed-airsense-11-autoset-resmed-airmini-autoset-machine-exclusive-value-package\\\/#primaryimage\",\"url\":\"https:\\\/\\\/respiart.ca\\\/wp-content\\\/uploads\\\/2025\\\/11\\\/AirSense11_AirMini-1.webp\",\"contentUrl\":\"https:\\\/\\\/respiart.ca\\\/wp-content\\\/uploads\\\/2025\\\/11\\\/AirSense11_AirMini-1.webp\",\"width\":582,\"height\":447},{\"@type\":\"BreadcrumbList\",\"@id\":\"https:\\\/\\\/respiart.ca\\\/shop\\\/resmed-airsense-11-autoset-resmed-airmini-autoset-machine-exclusive-value-package\\\/#breadcrumb\",\"itemListElement\":[{\"@type\":\"ListItem\",\"position\":1,\"name\":\"Home\",\"item\":\"https:\\\/\\\/respiart.ca\\\/\"},{\"@type\":\"ListItem\",\"position\":2,\"name\":\"Shop CPAP\",\"item\":\"https:\\\/\\\/respiart.ca\\\/ar\\\/%d9%85%d8%aa%d8%ac%d8%b1-cpap\\\/\"},{\"@type\":\"ListItem\",\"position\":3,\"name\":\"ResMed AirSense 11 AutoSet + ResMed AirMini AutoSet Machine &#8211; Exclusive Value Package\"}]},{\"@type\":\"WebSite\",\"@id\":\"https:\\\/\\\/respiart.ca\\\/ar\\\/#website\",\"url\":\"https:\\\/\\\/respiart.ca\\\/ar\\\/\",\"name\":\"RespiArt - Sleep apnea & CPAPs\",\"description\":\"CPAPs and tests for sleep apnea, asthma, oximetry\",\"publisher\":{\"@id\":\"https:\\\/\\\/respiart.ca\\\/ar\\\/#organization\"},\"potentialAction\":[{\"@type\":\"SearchAction\",\"target\":{\"@type\":\"EntryPoint\",\"urlTemplate\":\"https:\\\/\\\/respiart.ca\\\/ar\\\/?s={search_term_string}\"},\"query-input\":{\"@type\":\"PropertyValueSpecification\",\"valueRequired\":true,\"valueName\":\"search_term_string\"}}],\"inLanguage\":\"fr-CA\"},{\"@type\":\"Organization\",\"@id\":\"https:\\\/\\\/respiart.ca\\\/ar\\\/#organization\",\"name\":\"RespiArt - Sleep apnea & CPAPs\",\"url\":\"https:\\\/\\\/respiart.ca\\\/ar\\\/\",\"logo\":{\"@type\":\"ImageObject\",\"inLanguage\":\"fr-CA\",\"@id\":\"https:\\\/\\\/respiart.ca\\\/ar\\\/#\\\/schema\\\/logo\\\/image\\\/\",\"url\":\"https:\\\/\\\/respiart.ca\\\/wp-content\\\/uploads\\\/2022\\\/05\\\/Respiart-logo-1-e1651540192142.png\",\"contentUrl\":\"https:\\\/\\\/respiart.ca\\\/wp-content\\\/uploads\\\/2022\\\/05\\\/Respiart-logo-1-e1651540192142.png\",\"width\":237,\"height\":61,\"caption\":\"RespiArt - Sleep apnea & CPAPs\"},\"image\":{\"@id\":\"https:\\\/\\\/respiart.ca\\\/ar\\\/#\\\/schema\\\/logo\\\/image\\\/\"}}]}<\/script>\n<!-- \/ Yoast SEO plugin. -->","yoast_head_json":{"title":"Appareil ResMed AirSense 11 AutoSet + Appareil ResMed AirMini AutoSet - Ensemble exclusif | Respiart - Th\u00e9rapeute respiratoire Montr\u00e9al","description":"Pack complet ResMed\u00a0: ResMed AirSense 11\u2122 AutoSet associ\u00e9 \u00e0 ResMed AirMini\u2122","robots":{"index":"index","follow":"follow","max-snippet":"max-snippet:-1","max-image-preview":"max-image-preview:large","max-video-preview":"max-video-preview:-1"},"canonical":"https:\/\/respiart.ca\/fr\/magasin\/resmed-airsense-11-autoset-resmed-airmini-autoset-pack-valeur-exclusif\/","og_locale":"fr_CA","og_type":"article","og_title":"ResMed AirSense 11 AutoSet + ResMed AirMini AutoSet Machine - Exclusive Value Package | Respiart - Respiratory therapist Montreal","og_description":"Ultimate ResMed Machine Package: ResMed AirSense 11\u2122 AutoSet paired with ResMed AirMini\u2122","og_url":"https:\/\/respiart.ca\/fr\/magasin\/resmed-airsense-11-autoset-resmed-airmini-autoset-pack-valeur-exclusif\/","og_site_name":"Respiart - Respiratory therapist Montreal","article_modified_time":"2025-12-22T12:55:08+00:00","og_image":[{"width":582,"height":447,"url":"https:\/\/respiart.ca\/wp-content\/uploads\/2025\/11\/AirSense11_AirMini-1.webp","type":"image\/webp"}],"twitter_card":"summary_large_image","twitter_misc":{"Estimation du temps de lecture":"3 minutes"},"schema":{"@context":"https:\/\/schema.org","@graph":[{"@type":"WebPage","@id":"https:\/\/respiart.ca\/shop\/resmed-airsense-11-autoset-resmed-airmini-autoset-machine-exclusive-value-package\/","url":"https:\/\/respiart.ca\/shop\/resmed-airsense-11-autoset-resmed-airmini-autoset-machine-exclusive-value-package\/","name":"Appareil ResMed AirSense 11 AutoSet + Appareil ResMed AirMini AutoSet - Ensemble exclusif | Respiart - Th\u00e9rapeute respiratoire Montr\u00e9al","isPartOf":{"@id":"https:\/\/respiart.ca\/ar\/#website"},"primaryImageOfPage":{"@id":"https:\/\/respiart.ca\/shop\/resmed-airsense-11-autoset-resmed-airmini-autoset-machine-exclusive-value-package\/#primaryimage"},"image":{"@id":"https:\/\/respiart.ca\/shop\/resmed-airsense-11-autoset-resmed-airmini-autoset-machine-exclusive-value-package\/#primaryimage"},"thumbnailUrl":"https:\/\/respiart.ca\/wp-content\/uploads\/2025\/11\/AirSense11_AirMini-1.webp","datePublished":"2025-11-30T15:24:34+00:00","dateModified":"2025-12-22T12:55:08+00:00","description":"Pack complet ResMed\u00a0: ResMed AirSense 11\u2122 AutoSet associ\u00e9 \u00e0 ResMed AirMini\u2122","breadcrumb":{"@id":"https:\/\/respiart.ca\/shop\/resmed-airsense-11-autoset-resmed-airmini-autoset-machine-exclusive-value-package\/#breadcrumb"},"inLanguage":"fr-CA","potentialAction":[{"@type":"ReadAction","target":["https:\/\/respiart.ca\/shop\/resmed-airsense-11-autoset-resmed-airmini-autoset-machine-exclusive-value-package\/"]}]},{"@type":"ImageObject","inLanguage":"fr-CA","@id":"https:\/\/respiart.ca\/shop\/resmed-airsense-11-autoset-resmed-airmini-autoset-machine-exclusive-value-package\/#primaryimage","url":"https:\/\/respiart.ca\/wp-content\/uploads\/2025\/11\/AirSense11_AirMini-1.webp","contentUrl":"https:\/\/respiart.ca\/wp-content\/uploads\/2025\/11\/AirSense11_AirMini-1.webp","width":582,"height":447},{"@type":"BreadcrumbList","@id":"https:\/\/respiart.ca\/shop\/resmed-airsense-11-autoset-resmed-airmini-autoset-machine-exclusive-value-package\/#breadcrumb","itemListElement":[{"@type":"ListItem","position":1,"name":"Home","item":"https:\/\/respiart.ca\/"},{"@type":"ListItem","position":2,"name":"Shop CPAP","item":"https:\/\/respiart.ca\/ar\/%d9%85%d8%aa%d8%ac%d8%b1-cpap\/"},{"@type":"ListItem","position":3,"name":"ResMed AirSense 11 AutoSet + ResMed AirMini AutoSet Machine &#8211; Exclusive Value Package"}]},{"@type":"WebSite","@id":"https:\/\/respiart.ca\/ar\/#website","url":"https:\/\/respiart.ca\/ar\/","name":"RespiArt - Apn\u00e9e du sommeil et CPAP","description":"CPAP et tests pour l&#039;apn\u00e9e du sommeil, l&#039;asthme, l&#039;oxym\u00e9trie","publisher":{"@id":"https:\/\/respiart.ca\/ar\/#organization"},"potentialAction":[{"@type":"SearchAction","target":{"@type":"EntryPoint","urlTemplate":"https:\/\/respiart.ca\/ar\/?s={search_term_string}"},"query-input":{"@type":"PropertyValueSpecification","valueRequired":true,"valueName":"search_term_string"}}],"inLanguage":"fr-CA"},{"@type":"Organization","@id":"https:\/\/respiart.ca\/ar\/#organization","name":"RespiArt - Apn\u00e9e du sommeil et CPAP","url":"https:\/\/respiart.ca\/ar\/","logo":{"@type":"ImageObject","inLanguage":"fr-CA","@id":"https:\/\/respiart.ca\/ar\/#\/schema\/logo\/image\/","url":"https:\/\/respiart.ca\/wp-content\/uploads\/2022\/05\/Respiart-logo-1-e1651540192142.png","contentUrl":"https:\/\/respiart.ca\/wp-content\/uploads\/2022\/05\/Respiart-logo-1-e1651540192142.png","width":237,"height":61,"caption":"RespiArt - Sleep apnea & CPAPs"},"image":{"@id":"https:\/\/respiart.ca\/ar\/#\/schema\/logo\/image\/"}}]}},"_links":{"self":[{"href":"https:\/\/respiart.ca\/fr\/wp-json\/wp\/v2\/product\/5629","targetHints":{"allow":["GET"]}}],"collection":[{"href":"https:\/\/respiart.ca\/fr\/wp-json\/wp\/v2\/product"}],"about":[{"href":"https:\/\/respiart.ca\/fr\/wp-json\/wp\/v2\/types\/product"}],"replies":[{"embeddable":true,"href":"https:\/\/respiart.ca\/fr\/wp-json\/wp\/v2\/comments?post=5629"}],"wp:featuredmedia":[{"embeddable":true,"href":"https:\/\/respiart.ca\/fr\/wp-json\/wp\/v2\/media\/5618"}],"wp:attachment":[{"href":"https:\/\/respiart.ca\/fr\/wp-json\/wp\/v2\/media?parent=5629"}],"wp:term":[{"taxonomy":"product_brand","embeddable":true,"href":"https:\/\/respiart.ca\/fr\/wp-json\/wp\/v2\/product_brand?post=5629"},{"taxonomy":"product_cat","embeddable":true,"href":"https:\/\/respiart.ca\/fr\/wp-json\/wp\/v2\/product_cat?post=5629"},{"taxonomy":"product_tag","embeddable":true,"href":"https:\/\/respiart.ca\/fr\/wp-json\/wp\/v2\/product_tag?post=5629"}],"curies":[{"name":"wp","href":"https:\/\/api.w.org\/{rel}","templated":true}]}}