{"id":5657,"date":"2025-11-30T15:31:31","date_gmt":"2025-11-30T15:31:31","guid":{"rendered":"http:\/\/f4i.0cc.mytemp.website\/?post_type=product&#038;p=5657"},"modified":"2026-04-23T20:27:25","modified_gmt":"2026-04-23T20:27:25","slug":"resmed-airmini-autoset-avec-kit-dinstallation-f20","status":"publish","type":"product","link":"https:\/\/respiart.ca\/fr\/shop\/resmed-airmini-autoset-with-f20-setup-pack\/","title":{"rendered":"Kit d&#039;installation ResMed AirMini AutoSet avec F20"},"content":{"rendered":"<div class=\"product-content-below-gallery__description prose\">\n<h2 data-end=\"931\" data-start=\"149\">\u00c0 propos de <a href=\"https:\/\/respiart.ca\/fr\/categorie-produit\/marques\/resmed\/\">ResMed<\/a> <a href=\"https:\/\/respiart.ca\/fr\/magasin\/resmed-airmini-autoset\/\">AirMini<\/a> et le kit d&#039;installation ResMed F20<\/h2>\n<p data-end=\"940\" data-start=\"172\">L&#039;un des appareils CPAP les plus compacts au monde, le ResMed AirMini offre un traitement efficace et fiable dans un format portable id\u00e9al pour les voyages. Il se glisse facilement dans un bagage cabine ou sur une table de chevet, ne pesant que 300 grammes et mesurant 13,7 cm de large, ce qui le rend parfait pour les utilisateurs souhaitant suivre un traitement r\u00e9gulier en voyage. Pour favoriser un sommeil r\u00e9parateur et confortable, l&#039;appareil propose les modes AutoSet, AutoSet pour elle et CPAP, ainsi que des fonctions de confort comme AutoRamp, SmartStart et le soulagement de la pression expiratoire. L&#039;AirMini \u00e9limine le besoin d&#039;un r\u00e9servoir d&#039;eau classique gr\u00e2ce \u00e0 l&#039;utilisation de cartouches HumidX (en option) pour une humidification sans eau. L&#039;application AirMini permet de modifier les r\u00e9glages et de suivre les donn\u00e9es de sommeil. L&#039;appareil est homologu\u00e9 par la FAA pour une utilisation en vol.<\/p>\n<p data-end=\"1457\" data-start=\"942\">Kit de configuration du masque AirMini pour l&#039;AirFit F20 <a href=\"https:\/\/respiart.ca\/fr\/categorie-produit\/masque-bipap-cpap\/masque-facial-cpap-complet\/\">visage complet<\/a> Ce kit comprend un masque et un kit de tubulure sp\u00e9cifique con\u00e7u pour l&#039;AirMini. Tout le n\u00e9cessaire pour connecter un masque facial complet AirFit F20 \u00e0 l&#039;appareil CPAP automatique AirMini est inclus, garantissant une configuration s\u00fbre et efficace pour les voyages ou les s\u00e9ances de traitement nocturnes. Ce kit contient un connecteur de masque F20 exclusif au syst\u00e8me AirMini ainsi qu&#039;une tubulure con\u00e7ue sp\u00e9cifiquement pour l&#039;AirMini. Le masque facial complet AirFit F20 est vendu s\u00e9par\u00e9ment.<\/p>\n<h2><strong>Inclus avec cette machine et ce masque <\/strong><\/h2>\n<p><strong>Appareil CPAP AirMini AutoSet<\/strong><\/p>\n<ul>\n<li>1 filtre \u00e0 air jetable (\u00e0 l&#039;int\u00e9rieur de la machine)<\/li>\n<li>1 alimentation de 20 W<\/li>\n<li>1 sac \u00e0 cordon<\/li>\n<li>1 manuel d&#039;utilisation du produit<\/li>\n<\/ul>\n<p><strong>Masque ResMed AirFit F20<\/strong><\/p>\n<p>\u2022 1 connecteur F20<br \/>\n\u2022 1 x Tube AirMini<br \/>\n\u2022 1 x HumidX pour F20<\/p>\n<p><strong>*Le masque int\u00e9gral F20 est vendu s\u00e9par\u00e9ment*<\/strong><\/p>\n<p><strong><strong data-end=\"340\" data-start=\"318\">Avis concernant le niveau sonore\u00a0: <\/strong><\/strong>Ce <a href=\"https:\/\/respiart.ca\/fr\/categorie-produit\/cpap-bipap-machines\/appareils-cpap-de-voyage\/\">CPAP de voyage<\/a> L&#039;appareil fonctionne \u00e0 29 dBA \u00b1 2 dBA. Veuillez noter que les appareils de voyage sont g\u00e9n\u00e9ralement plus bruyants que les appareils CPAP standard en raison de leur conception compacte.<\/p>\n<p><strong>REMARQUE : L&#039;AirMini est UNIQUEMENT compatible avec les masques suivants<\/strong><\/p>\n<ul>\n<li>AirFit N30 pour AirMini<\/li>\n<li>AirFit P10 pour AirMini<\/li>\n<li>AirFit F30 (n\u00e9cessite un kit d&#039;installation F30 s\u00e9par\u00e9)<\/li>\n<li>AirFit F20 \/ AirTouch F20 (n\u00e9cessite un pack d&#039;installation F20 s\u00e9par\u00e9)<\/li>\n<li>AirFit N20 \/ AirTouch N20 (n\u00e9cessite un kit d&#039;installation N20 s\u00e9par\u00e9)<\/li>\n<\/ul>\n<p>La garantie du fabricant pour cet appareil CPAP est de 3 ans.<\/p>\n<\/div>","protected":false},"excerpt":{"rendered":"<p>L&#039;un des plus petits <a href=\"https:\/\/respiart.ca\/fr\/magasin-cpap\/\">PPC<\/a> Parmi les appareils les plus compacts au monde, le ResMed AirMini offre un traitement efficace et fiable dans un format portable et id\u00e9al pour les voyages. Il se glisse facilement dans un bagage cabine ou sur une table de chevet, ne pesant que 300 grammes et mesurant 13,7 cm de large, ce qui le rend parfait pour les utilisateurs souhaitant suivre un traitement r\u00e9gulier en voyage. Pour favoriser un sommeil r\u00e9parateur et confortable, l&#039;appareil propose les modes AutoSet, AutoSet pour elle et CPAP, ainsi que des fonctions de confort comme AutoRamp, SmartStart et le soulagement de la pression expiratoire. L&#039;AirMini \u00e9limine le besoin d&#039;un r\u00e9servoir d&#039;eau classique gr\u00e2ce \u00e0 l&#039;utilisation de cartouches HumidX (en option) pour une humidification sans eau. L&#039;application AirMini permet de modifier les param\u00e8tres et de suivre les donn\u00e9es de sommeil. L&#039;appareil est homologu\u00e9 par la FAA pour une utilisation en vol.<\/p>","protected":false},"featured_media":5651,"comment_status":"open","ping_status":"closed","template":"","meta":[],"product_brand":[],"product_cat":[108],"product_tag":[],"class_list":{"0":"post-5657","1":"product","2":"type-product","3":"status-publish","4":"has-post-thumbnail","6":"product_cat-resmed","8":"first","9":"instock","10":"sale","11":"taxable","12":"shipping-taxable","13":"purchasable","14":"product-type-simple"},"yoast_head":"<!-- This site is optimized with the Yoast SEO plugin v27.5 - https:\/\/yoast.com\/product\/yoast-seo-wordpress\/ -->\n<title>ResMed AirMini AutoSet with F20 Setup Pack | Respiart - Respiratory therapist Montreal<\/title>\n<meta name=\"description\" content=\"One of the smallest CPAP machines in the world, the ResMed AirMini provides strong and dependable treatment in a portable, travel-friendly package. It fits neatly into any carry-on or bedside space, weighing just 0.66 lbs and measuring 5.4 inches wide, making it perfect for users who wish to receive regular therapy while travelling. To promote a restful and comfortable night&#039;s sleep, the device has AutoSet, AutoSet for Her, and CPAP modes in addition to comfort features like AutoRamp, SmartStart, and Expiratory Pressure Relief. The AirMini eliminates the need for a conventional water chamber by using optional HumidX cartridges for waterless humidification. The AirMini app allows users to modify settings and track sleep data, and the device is FAA-approved for use in flight.\" \/>\n<meta name=\"robots\" content=\"index, follow, max-snippet:-1, max-image-preview:large, max-video-preview:-1\" \/>\n<link rel=\"canonical\" href=\"https:\/\/respiart.ca\/fr\/magasin\/resmed-airmini-autoset-avec-kit-dinstallation-f20\/\" \/>\n<meta property=\"og:locale\" content=\"fr_CA\" \/>\n<meta property=\"og:type\" content=\"article\" \/>\n<meta property=\"og:title\" content=\"ResMed AirMini AutoSet with F20 Setup Pack | Respiart - Respiratory therapist Montreal\" \/>\n<meta property=\"og:description\" content=\"One of the smallest CPAP machines in the world, the ResMed AirMini provides strong and dependable treatment in a portable, travel-friendly package. It fits neatly into any carry-on or bedside space, weighing just 0.66 lbs and measuring 5.4 inches wide, making it perfect for users who wish to receive regular therapy while travelling. To promote a restful and comfortable night&#039;s sleep, the device has AutoSet, AutoSet for Her, and CPAP modes in addition to comfort features like AutoRamp, SmartStart, and Expiratory Pressure Relief. The AirMini eliminates the need for a conventional water chamber by using optional HumidX cartridges for waterless humidification. The AirMini app allows users to modify settings and track sleep data, and the device is FAA-approved for use in flight.\" \/>\n<meta property=\"og:url\" content=\"https:\/\/respiart.ca\/fr\/magasin\/resmed-airmini-autoset-avec-kit-dinstallation-f20\/\" \/>\n<meta property=\"og:site_name\" content=\"Respiart - Respiratory therapist Montreal\" \/>\n<meta property=\"article:modified_time\" content=\"2026-04-23T20:27:25+00:00\" \/>\n<meta property=\"og:image\" content=\"https:\/\/respiart.ca\/wp-content\/uploads\/2025\/11\/12675154_AirMiniF20SetupPack_10d365ce-a572-45b4-b10a-82d8d81683c8-1.webp\" \/>\n\t<meta property=\"og:image:width\" content=\"500\" \/>\n\t<meta property=\"og:image:height\" content=\"500\" \/>\n\t<meta property=\"og:image:type\" content=\"image\/webp\" \/>\n<meta name=\"twitter:card\" content=\"summary_large_image\" \/>\n<meta name=\"twitter:label1\" content=\"Estimation du temps de lecture\" \/>\n\t<meta name=\"twitter:data1\" content=\"2 minutes\" \/>\n<script type=\"application\/ld+json\" class=\"yoast-schema-graph\">{\"@context\":\"https:\\\/\\\/schema.org\",\"@graph\":[{\"@type\":\"WebPage\",\"@id\":\"https:\\\/\\\/respiart.ca\\\/shop\\\/resmed-airmini-autoset-with-f20-setup-pack\\\/\",\"url\":\"https:\\\/\\\/respiart.ca\\\/shop\\\/resmed-airmini-autoset-with-f20-setup-pack\\\/\",\"name\":\"ResMed AirMini AutoSet with F20 Setup Pack | Respiart - Respiratory therapist Montreal\",\"isPartOf\":{\"@id\":\"https:\\\/\\\/respiart.ca\\\/ar\\\/#website\"},\"primaryImageOfPage\":{\"@id\":\"https:\\\/\\\/respiart.ca\\\/shop\\\/resmed-airmini-autoset-with-f20-setup-pack\\\/#primaryimage\"},\"image\":{\"@id\":\"https:\\\/\\\/respiart.ca\\\/shop\\\/resmed-airmini-autoset-with-f20-setup-pack\\\/#primaryimage\"},\"thumbnailUrl\":\"https:\\\/\\\/respiart.ca\\\/wp-content\\\/uploads\\\/2025\\\/11\\\/12675154_AirMiniF20SetupPack_10d365ce-a572-45b4-b10a-82d8d81683c8-1.webp\",\"datePublished\":\"2025-11-30T15:31:31+00:00\",\"dateModified\":\"2026-04-23T20:27:25+00:00\",\"description\":\"One of the smallest CPAP machines in the world, the ResMed AirMini provides strong and dependable treatment in a portable, travel-friendly package. It fits neatly into any carry-on or bedside space, weighing just 0.66 lbs and measuring 5.4 inches wide, making it perfect for users who wish to receive regular therapy while travelling. To promote a restful and comfortable night's sleep, the device has AutoSet, AutoSet for Her, and CPAP modes in addition to comfort features like AutoRamp, SmartStart, and Expiratory Pressure Relief. The AirMini eliminates the need for a conventional water chamber by using optional HumidX cartridges for waterless humidification. The AirMini app allows users to modify settings and track sleep data, and the device is FAA-approved for use in flight.\",\"breadcrumb\":{\"@id\":\"https:\\\/\\\/respiart.ca\\\/shop\\\/resmed-airmini-autoset-with-f20-setup-pack\\\/#breadcrumb\"},\"inLanguage\":\"fr-CA\",\"potentialAction\":[{\"@type\":\"ReadAction\",\"target\":[\"https:\\\/\\\/respiart.ca\\\/shop\\\/resmed-airmini-autoset-with-f20-setup-pack\\\/\"]}]},{\"@type\":\"ImageObject\",\"inLanguage\":\"fr-CA\",\"@id\":\"https:\\\/\\\/respiart.ca\\\/shop\\\/resmed-airmini-autoset-with-f20-setup-pack\\\/#primaryimage\",\"url\":\"https:\\\/\\\/respiart.ca\\\/wp-content\\\/uploads\\\/2025\\\/11\\\/12675154_AirMiniF20SetupPack_10d365ce-a572-45b4-b10a-82d8d81683c8-1.webp\",\"contentUrl\":\"https:\\\/\\\/respiart.ca\\\/wp-content\\\/uploads\\\/2025\\\/11\\\/12675154_AirMiniF20SetupPack_10d365ce-a572-45b4-b10a-82d8d81683c8-1.webp\",\"width\":500,\"height\":500},{\"@type\":\"BreadcrumbList\",\"@id\":\"https:\\\/\\\/respiart.ca\\\/shop\\\/resmed-airmini-autoset-with-f20-setup-pack\\\/#breadcrumb\",\"itemListElement\":[{\"@type\":\"ListItem\",\"position\":1,\"name\":\"Home\",\"item\":\"https:\\\/\\\/respiart.ca\\\/\"},{\"@type\":\"ListItem\",\"position\":2,\"name\":\"Shop CPAP\",\"item\":\"https:\\\/\\\/respiart.ca\\\/shop-cpap\\\/\"},{\"@type\":\"ListItem\",\"position\":3,\"name\":\"ResMed AirMini AutoSet with F20 Setup Pack\"}]},{\"@type\":\"WebSite\",\"@id\":\"https:\\\/\\\/respiart.ca\\\/ar\\\/#website\",\"url\":\"https:\\\/\\\/respiart.ca\\\/ar\\\/\",\"name\":\"RespiArt - Sleep apnea & CPAPs\",\"description\":\"CPAPs and tests for sleep apnea, asthma, oximetry\",\"publisher\":{\"@id\":\"https:\\\/\\\/respiart.ca\\\/ar\\\/#organization\"},\"potentialAction\":[{\"@type\":\"SearchAction\",\"target\":{\"@type\":\"EntryPoint\",\"urlTemplate\":\"https:\\\/\\\/respiart.ca\\\/ar\\\/?s={search_term_string}\"},\"query-input\":{\"@type\":\"PropertyValueSpecification\",\"valueRequired\":true,\"valueName\":\"search_term_string\"}}],\"inLanguage\":\"fr-CA\"},{\"@type\":\"Organization\",\"@id\":\"https:\\\/\\\/respiart.ca\\\/ar\\\/#organization\",\"name\":\"RespiArt - Sleep apnea & CPAPs\",\"url\":\"https:\\\/\\\/respiart.ca\\\/ar\\\/\",\"logo\":{\"@type\":\"ImageObject\",\"inLanguage\":\"fr-CA\",\"@id\":\"https:\\\/\\\/respiart.ca\\\/ar\\\/#\\\/schema\\\/logo\\\/image\\\/\",\"url\":\"https:\\\/\\\/respiart.ca\\\/wp-content\\\/uploads\\\/2022\\\/05\\\/Respiart-logo-1-e1651540192142.png\",\"contentUrl\":\"https:\\\/\\\/respiart.ca\\\/wp-content\\\/uploads\\\/2022\\\/05\\\/Respiart-logo-1-e1651540192142.png\",\"width\":237,\"height\":61,\"caption\":\"RespiArt - Sleep apnea & CPAPs\"},\"image\":{\"@id\":\"https:\\\/\\\/respiart.ca\\\/ar\\\/#\\\/schema\\\/logo\\\/image\\\/\"}}]}<\/script>\n<!-- \/ Yoast SEO plugin. -->","yoast_head_json":{"title":"ResMed AirMini AutoSet avec kit d&#039;installation F20 | Respiart - Th\u00e9rapeute respiratoire Montr\u00e9al","description":"L&#039;un des appareils CPAP les plus compacts au monde, le ResMed AirMini offre un traitement efficace et fiable dans un format portable id\u00e9al pour les voyages. Il se glisse facilement dans un bagage cabine ou sur une table de chevet, ne pesant que 300 grammes et mesurant 13,7 cm de large, ce qui le rend parfait pour les utilisateurs souhaitant suivre un traitement r\u00e9gulier en voyage. Pour favoriser un sommeil r\u00e9parateur et confortable, l&#039;appareil propose les modes AutoSet, AutoSet pour elle et CPAP, ainsi que des fonctions de confort comme AutoRamp, SmartStart et le soulagement de la pression expiratoire. L&#039;AirMini \u00e9limine le besoin d&#039;un r\u00e9servoir d&#039;eau classique gr\u00e2ce \u00e0 l&#039;utilisation de cartouches HumidX (en option) pour une humidification sans eau. L&#039;application AirMini permet de modifier les r\u00e9glages et de suivre les donn\u00e9es de sommeil. L&#039;appareil est homologu\u00e9 par la FAA pour une utilisation en vol.","robots":{"index":"index","follow":"follow","max-snippet":"max-snippet:-1","max-image-preview":"max-image-preview:large","max-video-preview":"max-video-preview:-1"},"canonical":"https:\/\/respiart.ca\/fr\/magasin\/resmed-airmini-autoset-avec-kit-dinstallation-f20\/","og_locale":"fr_CA","og_type":"article","og_title":"ResMed AirMini AutoSet with F20 Setup Pack | Respiart - Respiratory therapist Montreal","og_description":"One of the smallest CPAP machines in the world, the ResMed AirMini provides strong and dependable treatment in a portable, travel-friendly package. It fits neatly into any carry-on or bedside space, weighing just 0.66 lbs and measuring 5.4 inches wide, making it perfect for users who wish to receive regular therapy while travelling. To promote a restful and comfortable night's sleep, the device has AutoSet, AutoSet for Her, and CPAP modes in addition to comfort features like AutoRamp, SmartStart, and Expiratory Pressure Relief. The AirMini eliminates the need for a conventional water chamber by using optional HumidX cartridges for waterless humidification. The AirMini app allows users to modify settings and track sleep data, and the device is FAA-approved for use in flight.","og_url":"https:\/\/respiart.ca\/fr\/magasin\/resmed-airmini-autoset-avec-kit-dinstallation-f20\/","og_site_name":"Respiart - Respiratory therapist Montreal","article_modified_time":"2026-04-23T20:27:25+00:00","og_image":[{"width":500,"height":500,"url":"https:\/\/respiart.ca\/wp-content\/uploads\/2025\/11\/12675154_AirMiniF20SetupPack_10d365ce-a572-45b4-b10a-82d8d81683c8-1.webp","type":"image\/webp"}],"twitter_card":"summary_large_image","twitter_misc":{"Estimation du temps de lecture":"2 minutes"},"schema":{"@context":"https:\/\/schema.org","@graph":[{"@type":"WebPage","@id":"https:\/\/respiart.ca\/shop\/resmed-airmini-autoset-with-f20-setup-pack\/","url":"https:\/\/respiart.ca\/shop\/resmed-airmini-autoset-with-f20-setup-pack\/","name":"ResMed AirMini AutoSet avec kit d&#039;installation F20 | Respiart - Th\u00e9rapeute respiratoire Montr\u00e9al","isPartOf":{"@id":"https:\/\/respiart.ca\/ar\/#website"},"primaryImageOfPage":{"@id":"https:\/\/respiart.ca\/shop\/resmed-airmini-autoset-with-f20-setup-pack\/#primaryimage"},"image":{"@id":"https:\/\/respiart.ca\/shop\/resmed-airmini-autoset-with-f20-setup-pack\/#primaryimage"},"thumbnailUrl":"https:\/\/respiart.ca\/wp-content\/uploads\/2025\/11\/12675154_AirMiniF20SetupPack_10d365ce-a572-45b4-b10a-82d8d81683c8-1.webp","datePublished":"2025-11-30T15:31:31+00:00","dateModified":"2026-04-23T20:27:25+00:00","description":"L&#039;un des appareils CPAP les plus compacts au monde, le ResMed AirMini offre un traitement efficace et fiable dans un format portable id\u00e9al pour les voyages. Il se glisse facilement dans un bagage cabine ou sur une table de chevet, ne pesant que 300 grammes et mesurant 13,7 cm de large, ce qui le rend parfait pour les utilisateurs souhaitant suivre un traitement r\u00e9gulier en voyage. Pour favoriser un sommeil r\u00e9parateur et confortable, l&#039;appareil propose les modes AutoSet, AutoSet pour elle et CPAP, ainsi que des fonctions de confort comme AutoRamp, SmartStart et le soulagement de la pression expiratoire. L&#039;AirMini \u00e9limine le besoin d&#039;un r\u00e9servoir d&#039;eau classique gr\u00e2ce \u00e0 l&#039;utilisation de cartouches HumidX (en option) pour une humidification sans eau. L&#039;application AirMini permet de modifier les r\u00e9glages et de suivre les donn\u00e9es de sommeil. L&#039;appareil est homologu\u00e9 par la FAA pour une utilisation en vol.","breadcrumb":{"@id":"https:\/\/respiart.ca\/shop\/resmed-airmini-autoset-with-f20-setup-pack\/#breadcrumb"},"inLanguage":"fr-CA","potentialAction":[{"@type":"ReadAction","target":["https:\/\/respiart.ca\/shop\/resmed-airmini-autoset-with-f20-setup-pack\/"]}]},{"@type":"ImageObject","inLanguage":"fr-CA","@id":"https:\/\/respiart.ca\/shop\/resmed-airmini-autoset-with-f20-setup-pack\/#primaryimage","url":"https:\/\/respiart.ca\/wp-content\/uploads\/2025\/11\/12675154_AirMiniF20SetupPack_10d365ce-a572-45b4-b10a-82d8d81683c8-1.webp","contentUrl":"https:\/\/respiart.ca\/wp-content\/uploads\/2025\/11\/12675154_AirMiniF20SetupPack_10d365ce-a572-45b4-b10a-82d8d81683c8-1.webp","width":500,"height":500},{"@type":"BreadcrumbList","@id":"https:\/\/respiart.ca\/shop\/resmed-airmini-autoset-with-f20-setup-pack\/#breadcrumb","itemListElement":[{"@type":"ListItem","position":1,"name":"Home","item":"https:\/\/respiart.ca\/"},{"@type":"ListItem","position":2,"name":"Shop CPAP","item":"https:\/\/respiart.ca\/shop-cpap\/"},{"@type":"ListItem","position":3,"name":"ResMed AirMini AutoSet with F20 Setup Pack"}]},{"@type":"WebSite","@id":"https:\/\/respiart.ca\/ar\/#website","url":"https:\/\/respiart.ca\/ar\/","name":"RespiArt - Apn\u00e9e du sommeil et CPAP","description":"CPAP et tests pour l&#039;apn\u00e9e du sommeil, l&#039;asthme, l&#039;oxym\u00e9trie","publisher":{"@id":"https:\/\/respiart.ca\/ar\/#organization"},"potentialAction":[{"@type":"SearchAction","target":{"@type":"EntryPoint","urlTemplate":"https:\/\/respiart.ca\/ar\/?s={search_term_string}"},"query-input":{"@type":"PropertyValueSpecification","valueRequired":true,"valueName":"search_term_string"}}],"inLanguage":"fr-CA"},{"@type":"Organization","@id":"https:\/\/respiart.ca\/ar\/#organization","name":"RespiArt - Apn\u00e9e du sommeil et CPAP","url":"https:\/\/respiart.ca\/ar\/","logo":{"@type":"ImageObject","inLanguage":"fr-CA","@id":"https:\/\/respiart.ca\/ar\/#\/schema\/logo\/image\/","url":"https:\/\/respiart.ca\/wp-content\/uploads\/2022\/05\/Respiart-logo-1-e1651540192142.png","contentUrl":"https:\/\/respiart.ca\/wp-content\/uploads\/2022\/05\/Respiart-logo-1-e1651540192142.png","width":237,"height":61,"caption":"RespiArt - Sleep apnea & CPAPs"},"image":{"@id":"https:\/\/respiart.ca\/ar\/#\/schema\/logo\/image\/"}}]}},"_links":{"self":[{"href":"https:\/\/respiart.ca\/fr\/wp-json\/wp\/v2\/product\/5657","targetHints":{"allow":["GET"]}}],"collection":[{"href":"https:\/\/respiart.ca\/fr\/wp-json\/wp\/v2\/product"}],"about":[{"href":"https:\/\/respiart.ca\/fr\/wp-json\/wp\/v2\/types\/product"}],"replies":[{"embeddable":true,"href":"https:\/\/respiart.ca\/fr\/wp-json\/wp\/v2\/comments?post=5657"}],"wp:featuredmedia":[{"embeddable":true,"href":"https:\/\/respiart.ca\/fr\/wp-json\/wp\/v2\/media\/5651"}],"wp:attachment":[{"href":"https:\/\/respiart.ca\/fr\/wp-json\/wp\/v2\/media?parent=5657"}],"wp:term":[{"taxonomy":"product_brand","embeddable":true,"href":"https:\/\/respiart.ca\/fr\/wp-json\/wp\/v2\/product_brand?post=5657"},{"taxonomy":"product_cat","embeddable":true,"href":"https:\/\/respiart.ca\/fr\/wp-json\/wp\/v2\/product_cat?post=5657"},{"taxonomy":"product_tag","embeddable":true,"href":"https:\/\/respiart.ca\/fr\/wp-json\/wp\/v2\/product_tag?post=5657"}],"curies":[{"name":"wp","href":"https:\/\/api.w.org\/{rel}","templated":true}]}}