{"id":5670,"date":"2025-11-30T15:34:28","date_gmt":"2025-11-30T15:34:28","guid":{"rendered":"http:\/\/f4i.0cc.mytemp.website\/?post_type=product&#038;p=5670"},"modified":"2026-04-23T20:26:16","modified_gmt":"2026-04-23T20:26:16","slug":"kit-dinstallation-resmed-airmini-autoset-avec-n20","status":"publish","type":"product","link":"https:\/\/respiart.ca\/fr\/shop\/resmed-airmini-autoset-with-n20-setup-pack\/","title":{"rendered":"Kit d&#039;installation ResMed AirMini AutoSet avec N20"},"content":{"rendered":"<div class=\"product-content-below-gallery__description prose\">\n<h2 data-end=\"931\" data-start=\"149\">\u00c0 propos de <a href=\"https:\/\/respiart.ca\/fr\/categorie-produit\/marques\/resmed\/\">ResMed<\/a> <a href=\"https:\/\/respiart.ca\/fr\/magasin\/resmed-airmini-autoset\/\">AirMini<\/a> et le kit d&#039;installation ResMed N20<\/h2>\n<p data-end=\"917\" data-start=\"161\">L&#039;un des appareils CPAP les plus compacts au monde, le ResMed AirMini offre une excellente th\u00e9rapie gr\u00e2ce \u00e0 sa conception l\u00e9g\u00e8re et portable, id\u00e9ale pour un usage quotidien ou en voyage. Avec un poids de seulement 300 grammes et une largeur de 13,7 cm, il est facile \u00e0 transporter et vous garantit une th\u00e9rapie fiable o\u00f9 que vous soyez. Pour un sommeil r\u00e9parateur, l&#039;appareil propose les modes CPAP, AutoSet et AutoSet for Her, ainsi que des r\u00e9glages de confort comme SmartStart, AutoRamp et le soulagement de la pression expiratoire. Les cartouches HumidX sont disponibles en option pour une humidification sans eau, ne n\u00e9cessitant pas de r\u00e9servoir. L&#039;application AirMini permet de consulter et de modifier vos donn\u00e9es de sommeil, et l&#039;appareil est homologu\u00e9 par la FAA pour une utilisation en vol.<\/p>\n<p data-end=\"1429\" data-start=\"919\">Le kit de configuration AirMini pour masques AirFit N20 et AirTouch N20, un ensemble de tubulures sp\u00e9cialis\u00e9 con\u00e7u exclusivement pour l&#039;appareil CPAP AirMini, est inclus dans ce pack. Ce kit contient le connecteur N20, le tube AirMini, une cartouche HumidX et une cartouche HumidX Plus, tous n\u00e9cessaires au raccordement d&#039;un masque N20. <a href=\"https:\/\/respiart.ca\/fr\/categorie-produit\/masque-bipap-cpap\/masque-nasal-cpap\/\">masque nasal<\/a> L&#039;AirMini est compatible avec l&#039;AirMini. Pour les voyages ou les soins \u00e0 domicile, ce kit complet garantit une connexion s\u00e9curis\u00e9e et des options d&#039;humidification pratiques. Le masque N2O est vendu s\u00e9par\u00e9ment.<\/p>\n<h2><strong>Inclus dans ce pack machine et masque<\/strong><\/h2>\n<p><strong>Appareil CPAP AirMini AutoSet<\/strong><\/p>\n<ul>\n<li>1 filtre \u00e0 air jetable (\u00e0 l&#039;int\u00e9rieur de la machine)<\/li>\n<li>1 alimentation de 20 W<\/li>\n<li>1 sac \u00e0 cordon<\/li>\n<li>1 manuel d&#039;utilisation du produit<\/li>\n<\/ul>\n<p><strong>Kit d&#039;installation ResMed AirMini N20<\/strong><\/p>\n<p>\u2022 1 connecteur N20<br \/>\n\u2022 1 x Tube AirMini<br \/>\n\u2022 1 x HumidX<br \/>\n\u2022 1 x HumidX Plus<\/p>\n<p data-end=\"866\" data-start=\"821\"><em data-end=\"864\" data-start=\"821\"><strong>Veuillez noter:<\/strong> Le masque N20 est vendu s\u00e9par\u00e9ment.<\/em><\/p>\n<p data-end=\"1748\" data-start=\"1709\"><strong data-end=\"340\" data-start=\"318\">Avis concernant le niveau sonore\u00a0: <\/strong>Ce <a href=\"https:\/\/respiart.ca\/fr\/categorie-produit\/cpap-bipap-machines\/appareils-cpap-de-voyage\/\">CPAP de voyage<\/a> la machine fonctionne \u00e0 <strong data-end=\"398\" data-start=\"380\">29 dBA \u00b1 2 dBA<\/strong>. Veuillez noter que les appareils de voyage sont g\u00e9n\u00e9ralement plus bruyants que les appareils CPAP standard en raison de leur conception compacte.<\/p>\n<p data-end=\"1748\" data-start=\"1709\">La garantie du fabricant pour cet appareil CPAP est de 3 ans.<\/p>\n<\/div>","protected":false},"excerpt":{"rendered":"<p>L&#039;un des plus petits <a href=\"https:\/\/respiart.ca\/fr\/magasin-cpap\/\">PPC<\/a> Parmi les appareils de PPC les plus performants au monde, le ResMed AirMini offre une excellente th\u00e9rapie gr\u00e2ce \u00e0 sa conception l\u00e9g\u00e8re et portable, id\u00e9ale pour un usage quotidien ou en voyage. Avec un poids de seulement 300 grammes et une largeur de 13,7 cm, il est facilement transportable et vous assure une th\u00e9rapie fiable o\u00f9 que vous soyez. Pour favoriser un sommeil r\u00e9parateur, l&#039;appareil propose les modes CPAP, AutoSet et AutoSet for Her, ainsi que des r\u00e9glages de confort comme SmartStart, AutoRamp et le soulagement de la pression expiratoire. Les cartouches HumidX sont disponibles en option pour une humidification sans eau, ne n\u00e9cessitant aucun r\u00e9servoir. L&#039;application AirMini permet aux utilisateurs de consulter et de modifier leurs donn\u00e9es de sommeil, et l&#039;appareil est homologu\u00e9 par la FAA pour une utilisation en vol.<\/p>","protected":false},"featured_media":5664,"comment_status":"open","ping_status":"closed","template":"","meta":[],"product_brand":[],"product_cat":[108],"product_tag":[],"class_list":{"0":"post-5670","1":"product","2":"type-product","3":"status-publish","4":"has-post-thumbnail","6":"product_cat-resmed","8":"first","9":"instock","10":"sale","11":"taxable","12":"shipping-taxable","13":"purchasable","14":"product-type-simple"},"yoast_head":"<!-- This site is optimized with the Yoast SEO plugin v27.5 - https:\/\/yoast.com\/product\/yoast-seo-wordpress\/ -->\n<title>ResMed AirMini AutoSet with N20 Setup Pack | Respiart - Respiratory therapist Montreal<\/title>\n<meta name=\"description\" content=\"One of the smallest CPAP machines in the world, the ResMed AirMini provides excellent therapy in a lightweight, portable design that is ideal for daily use or travel. With a weight of only 0.66 pounds and a width of 5.4 inches, it is portable and provides reliable therapy wherever you go. In order to facilitate a comfortable and easy sleep, the device has CPAP, AutoSet, and AutoSet for Her modes in addition to comfort settings like SmartStart, AutoRamp, and Expiratory Pressure Relief. HumidX cartridges are an optional option for waterless humidification, which does not require a water chamber. The AirMini app allows users to review and modify their sleep data, and the device is FAA-approved for use in flight.\" \/>\n<meta name=\"robots\" content=\"index, follow, max-snippet:-1, max-image-preview:large, max-video-preview:-1\" \/>\n<link rel=\"canonical\" href=\"https:\/\/respiart.ca\/fr\/magasin\/kit-dinstallation-resmed-airmini-autoset-avec-n20\/\" \/>\n<meta property=\"og:locale\" content=\"fr_CA\" \/>\n<meta property=\"og:type\" content=\"article\" \/>\n<meta property=\"og:title\" content=\"ResMed AirMini AutoSet with N20 Setup Pack | Respiart - Respiratory therapist Montreal\" \/>\n<meta property=\"og:description\" content=\"One of the smallest CPAP machines in the world, the ResMed AirMini provides excellent therapy in a lightweight, portable design that is ideal for daily use or travel. With a weight of only 0.66 pounds and a width of 5.4 inches, it is portable and provides reliable therapy wherever you go. In order to facilitate a comfortable and easy sleep, the device has CPAP, AutoSet, and AutoSet for Her modes in addition to comfort settings like SmartStart, AutoRamp, and Expiratory Pressure Relief. HumidX cartridges are an optional option for waterless humidification, which does not require a water chamber. The AirMini app allows users to review and modify their sleep data, and the device is FAA-approved for use in flight.\" \/>\n<meta property=\"og:url\" content=\"https:\/\/respiart.ca\/fr\/magasin\/kit-dinstallation-resmed-airmini-autoset-avec-n20\/\" \/>\n<meta property=\"og:site_name\" content=\"Respiart - Respiratory therapist Montreal\" \/>\n<meta property=\"article:modified_time\" content=\"2026-04-23T20:26:16+00:00\" \/>\n<meta property=\"og:image\" content=\"https:\/\/respiart.ca\/wp-content\/uploads\/2025\/11\/1471198_AirMini_with_N20_setup_pack_363fbbeb-c861-4194-b2be-4a307e2b4f9c-1.webp\" \/>\n\t<meta property=\"og:image:width\" content=\"1000\" \/>\n\t<meta property=\"og:image:height\" content=\"889\" \/>\n\t<meta property=\"og:image:type\" content=\"image\/webp\" \/>\n<meta name=\"twitter:card\" content=\"summary_large_image\" \/>\n<meta name=\"twitter:label1\" content=\"Estimation du temps de lecture\" \/>\n\t<meta name=\"twitter:data1\" content=\"2 minutes\" \/>\n<script type=\"application\/ld+json\" class=\"yoast-schema-graph\">{\"@context\":\"https:\\\/\\\/schema.org\",\"@graph\":[{\"@type\":\"WebPage\",\"@id\":\"https:\\\/\\\/respiart.ca\\\/shop\\\/resmed-airmini-autoset-with-n20-setup-pack\\\/\",\"url\":\"https:\\\/\\\/respiart.ca\\\/shop\\\/resmed-airmini-autoset-with-n20-setup-pack\\\/\",\"name\":\"ResMed AirMini AutoSet with N20 Setup Pack | Respiart - Respiratory therapist Montreal\",\"isPartOf\":{\"@id\":\"https:\\\/\\\/respiart.ca\\\/ar\\\/#website\"},\"primaryImageOfPage\":{\"@id\":\"https:\\\/\\\/respiart.ca\\\/shop\\\/resmed-airmini-autoset-with-n20-setup-pack\\\/#primaryimage\"},\"image\":{\"@id\":\"https:\\\/\\\/respiart.ca\\\/shop\\\/resmed-airmini-autoset-with-n20-setup-pack\\\/#primaryimage\"},\"thumbnailUrl\":\"https:\\\/\\\/respiart.ca\\\/wp-content\\\/uploads\\\/2025\\\/11\\\/1471198_AirMini_with_N20_setup_pack_363fbbeb-c861-4194-b2be-4a307e2b4f9c-1.webp\",\"datePublished\":\"2025-11-30T15:34:28+00:00\",\"dateModified\":\"2026-04-23T20:26:16+00:00\",\"description\":\"One of the smallest CPAP machines in the world, the ResMed AirMini provides excellent therapy in a lightweight, portable design that is ideal for daily use or travel. With a weight of only 0.66 pounds and a width of 5.4 inches, it is portable and provides reliable therapy wherever you go. In order to facilitate a comfortable and easy sleep, the device has CPAP, AutoSet, and AutoSet for Her modes in addition to comfort settings like SmartStart, AutoRamp, and Expiratory Pressure Relief. HumidX cartridges are an optional option for waterless humidification, which does not require a water chamber. The AirMini app allows users to review and modify their sleep data, and the device is FAA-approved for use in flight.\",\"breadcrumb\":{\"@id\":\"https:\\\/\\\/respiart.ca\\\/shop\\\/resmed-airmini-autoset-with-n20-setup-pack\\\/#breadcrumb\"},\"inLanguage\":\"fr-CA\",\"potentialAction\":[{\"@type\":\"ReadAction\",\"target\":[\"https:\\\/\\\/respiart.ca\\\/shop\\\/resmed-airmini-autoset-with-n20-setup-pack\\\/\"]}]},{\"@type\":\"ImageObject\",\"inLanguage\":\"fr-CA\",\"@id\":\"https:\\\/\\\/respiart.ca\\\/shop\\\/resmed-airmini-autoset-with-n20-setup-pack\\\/#primaryimage\",\"url\":\"https:\\\/\\\/respiart.ca\\\/wp-content\\\/uploads\\\/2025\\\/11\\\/1471198_AirMini_with_N20_setup_pack_363fbbeb-c861-4194-b2be-4a307e2b4f9c-1.webp\",\"contentUrl\":\"https:\\\/\\\/respiart.ca\\\/wp-content\\\/uploads\\\/2025\\\/11\\\/1471198_AirMini_with_N20_setup_pack_363fbbeb-c861-4194-b2be-4a307e2b4f9c-1.webp\",\"width\":1000,\"height\":889},{\"@type\":\"BreadcrumbList\",\"@id\":\"https:\\\/\\\/respiart.ca\\\/shop\\\/resmed-airmini-autoset-with-n20-setup-pack\\\/#breadcrumb\",\"itemListElement\":[{\"@type\":\"ListItem\",\"position\":1,\"name\":\"Home\",\"item\":\"https:\\\/\\\/respiart.ca\\\/\"},{\"@type\":\"ListItem\",\"position\":2,\"name\":\"Shop CPAP\",\"item\":\"https:\\\/\\\/respiart.ca\\\/shop-cpap\\\/\"},{\"@type\":\"ListItem\",\"position\":3,\"name\":\"ResMed AirMini AutoSet with N20 Setup Pack\"}]},{\"@type\":\"WebSite\",\"@id\":\"https:\\\/\\\/respiart.ca\\\/ar\\\/#website\",\"url\":\"https:\\\/\\\/respiart.ca\\\/ar\\\/\",\"name\":\"RespiArt - Sleep apnea & CPAPs\",\"description\":\"CPAPs and tests for sleep apnea, asthma, oximetry\",\"publisher\":{\"@id\":\"https:\\\/\\\/respiart.ca\\\/ar\\\/#organization\"},\"potentialAction\":[{\"@type\":\"SearchAction\",\"target\":{\"@type\":\"EntryPoint\",\"urlTemplate\":\"https:\\\/\\\/respiart.ca\\\/ar\\\/?s={search_term_string}\"},\"query-input\":{\"@type\":\"PropertyValueSpecification\",\"valueRequired\":true,\"valueName\":\"search_term_string\"}}],\"inLanguage\":\"fr-CA\"},{\"@type\":\"Organization\",\"@id\":\"https:\\\/\\\/respiart.ca\\\/ar\\\/#organization\",\"name\":\"RespiArt - Sleep apnea & CPAPs\",\"url\":\"https:\\\/\\\/respiart.ca\\\/ar\\\/\",\"logo\":{\"@type\":\"ImageObject\",\"inLanguage\":\"fr-CA\",\"@id\":\"https:\\\/\\\/respiart.ca\\\/ar\\\/#\\\/schema\\\/logo\\\/image\\\/\",\"url\":\"https:\\\/\\\/respiart.ca\\\/wp-content\\\/uploads\\\/2022\\\/05\\\/Respiart-logo-1-e1651540192142.png\",\"contentUrl\":\"https:\\\/\\\/respiart.ca\\\/wp-content\\\/uploads\\\/2022\\\/05\\\/Respiart-logo-1-e1651540192142.png\",\"width\":237,\"height\":61,\"caption\":\"RespiArt - Sleep apnea & CPAPs\"},\"image\":{\"@id\":\"https:\\\/\\\/respiart.ca\\\/ar\\\/#\\\/schema\\\/logo\\\/image\\\/\"}}]}<\/script>\n<!-- \/ Yoast SEO plugin. -->","yoast_head_json":{"title":"ResMed AirMini AutoSet avec kit d&#039;installation N2O | Respiart - Th\u00e9rapeute respiratoire Montr\u00e9al","description":"L&#039;un des appareils CPAP les plus compacts au monde, le ResMed AirMini offre une excellente th\u00e9rapie gr\u00e2ce \u00e0 sa conception l\u00e9g\u00e8re et portable, id\u00e9ale pour un usage quotidien ou en voyage. Avec un poids de seulement 300 grammes et une largeur de 13,7 cm, il est facile \u00e0 transporter et vous garantit une th\u00e9rapie fiable o\u00f9 que vous soyez. Pour un sommeil r\u00e9parateur, l&#039;appareil propose les modes CPAP, AutoSet et AutoSet for Her, ainsi que des r\u00e9glages de confort comme SmartStart, AutoRamp et le soulagement de la pression expiratoire. Les cartouches HumidX sont disponibles en option pour une humidification sans eau, ne n\u00e9cessitant pas de r\u00e9servoir. L&#039;application AirMini permet de consulter et de modifier vos donn\u00e9es de sommeil, et l&#039;appareil est homologu\u00e9 par la FAA pour une utilisation en vol.","robots":{"index":"index","follow":"follow","max-snippet":"max-snippet:-1","max-image-preview":"max-image-preview:large","max-video-preview":"max-video-preview:-1"},"canonical":"https:\/\/respiart.ca\/fr\/magasin\/kit-dinstallation-resmed-airmini-autoset-avec-n20\/","og_locale":"fr_CA","og_type":"article","og_title":"ResMed AirMini AutoSet with N20 Setup Pack | Respiart - Respiratory therapist Montreal","og_description":"One of the smallest CPAP machines in the world, the ResMed AirMini provides excellent therapy in a lightweight, portable design that is ideal for daily use or travel. With a weight of only 0.66 pounds and a width of 5.4 inches, it is portable and provides reliable therapy wherever you go. In order to facilitate a comfortable and easy sleep, the device has CPAP, AutoSet, and AutoSet for Her modes in addition to comfort settings like SmartStart, AutoRamp, and Expiratory Pressure Relief. HumidX cartridges are an optional option for waterless humidification, which does not require a water chamber. The AirMini app allows users to review and modify their sleep data, and the device is FAA-approved for use in flight.","og_url":"https:\/\/respiart.ca\/fr\/magasin\/kit-dinstallation-resmed-airmini-autoset-avec-n20\/","og_site_name":"Respiart - Respiratory therapist Montreal","article_modified_time":"2026-04-23T20:26:16+00:00","og_image":[{"width":1000,"height":889,"url":"https:\/\/respiart.ca\/wp-content\/uploads\/2025\/11\/1471198_AirMini_with_N20_setup_pack_363fbbeb-c861-4194-b2be-4a307e2b4f9c-1.webp","type":"image\/webp"}],"twitter_card":"summary_large_image","twitter_misc":{"Estimation du temps de lecture":"2 minutes"},"schema":{"@context":"https:\/\/schema.org","@graph":[{"@type":"WebPage","@id":"https:\/\/respiart.ca\/shop\/resmed-airmini-autoset-with-n20-setup-pack\/","url":"https:\/\/respiart.ca\/shop\/resmed-airmini-autoset-with-n20-setup-pack\/","name":"ResMed AirMini AutoSet avec kit d&#039;installation N2O | Respiart - Th\u00e9rapeute respiratoire Montr\u00e9al","isPartOf":{"@id":"https:\/\/respiart.ca\/ar\/#website"},"primaryImageOfPage":{"@id":"https:\/\/respiart.ca\/shop\/resmed-airmini-autoset-with-n20-setup-pack\/#primaryimage"},"image":{"@id":"https:\/\/respiart.ca\/shop\/resmed-airmini-autoset-with-n20-setup-pack\/#primaryimage"},"thumbnailUrl":"https:\/\/respiart.ca\/wp-content\/uploads\/2025\/11\/1471198_AirMini_with_N20_setup_pack_363fbbeb-c861-4194-b2be-4a307e2b4f9c-1.webp","datePublished":"2025-11-30T15:34:28+00:00","dateModified":"2026-04-23T20:26:16+00:00","description":"L&#039;un des appareils CPAP les plus compacts au monde, le ResMed AirMini offre une excellente th\u00e9rapie gr\u00e2ce \u00e0 sa conception l\u00e9g\u00e8re et portable, id\u00e9ale pour un usage quotidien ou en voyage. Avec un poids de seulement 300 grammes et une largeur de 13,7 cm, il est facile \u00e0 transporter et vous garantit une th\u00e9rapie fiable o\u00f9 que vous soyez. Pour un sommeil r\u00e9parateur, l&#039;appareil propose les modes CPAP, AutoSet et AutoSet for Her, ainsi que des r\u00e9glages de confort comme SmartStart, AutoRamp et le soulagement de la pression expiratoire. Les cartouches HumidX sont disponibles en option pour une humidification sans eau, ne n\u00e9cessitant pas de r\u00e9servoir. L&#039;application AirMini permet de consulter et de modifier vos donn\u00e9es de sommeil, et l&#039;appareil est homologu\u00e9 par la FAA pour une utilisation en vol.","breadcrumb":{"@id":"https:\/\/respiart.ca\/shop\/resmed-airmini-autoset-with-n20-setup-pack\/#breadcrumb"},"inLanguage":"fr-CA","potentialAction":[{"@type":"ReadAction","target":["https:\/\/respiart.ca\/shop\/resmed-airmini-autoset-with-n20-setup-pack\/"]}]},{"@type":"ImageObject","inLanguage":"fr-CA","@id":"https:\/\/respiart.ca\/shop\/resmed-airmini-autoset-with-n20-setup-pack\/#primaryimage","url":"https:\/\/respiart.ca\/wp-content\/uploads\/2025\/11\/1471198_AirMini_with_N20_setup_pack_363fbbeb-c861-4194-b2be-4a307e2b4f9c-1.webp","contentUrl":"https:\/\/respiart.ca\/wp-content\/uploads\/2025\/11\/1471198_AirMini_with_N20_setup_pack_363fbbeb-c861-4194-b2be-4a307e2b4f9c-1.webp","width":1000,"height":889},{"@type":"BreadcrumbList","@id":"https:\/\/respiart.ca\/shop\/resmed-airmini-autoset-with-n20-setup-pack\/#breadcrumb","itemListElement":[{"@type":"ListItem","position":1,"name":"Home","item":"https:\/\/respiart.ca\/"},{"@type":"ListItem","position":2,"name":"Shop CPAP","item":"https:\/\/respiart.ca\/shop-cpap\/"},{"@type":"ListItem","position":3,"name":"ResMed AirMini AutoSet with N20 Setup Pack"}]},{"@type":"WebSite","@id":"https:\/\/respiart.ca\/ar\/#website","url":"https:\/\/respiart.ca\/ar\/","name":"RespiArt - Apn\u00e9e du sommeil et CPAP","description":"CPAP et tests pour l&#039;apn\u00e9e du sommeil, l&#039;asthme, l&#039;oxym\u00e9trie","publisher":{"@id":"https:\/\/respiart.ca\/ar\/#organization"},"potentialAction":[{"@type":"SearchAction","target":{"@type":"EntryPoint","urlTemplate":"https:\/\/respiart.ca\/ar\/?s={search_term_string}"},"query-input":{"@type":"PropertyValueSpecification","valueRequired":true,"valueName":"search_term_string"}}],"inLanguage":"fr-CA"},{"@type":"Organization","@id":"https:\/\/respiart.ca\/ar\/#organization","name":"RespiArt - Apn\u00e9e du sommeil et CPAP","url":"https:\/\/respiart.ca\/ar\/","logo":{"@type":"ImageObject","inLanguage":"fr-CA","@id":"https:\/\/respiart.ca\/ar\/#\/schema\/logo\/image\/","url":"https:\/\/respiart.ca\/wp-content\/uploads\/2022\/05\/Respiart-logo-1-e1651540192142.png","contentUrl":"https:\/\/respiart.ca\/wp-content\/uploads\/2022\/05\/Respiart-logo-1-e1651540192142.png","width":237,"height":61,"caption":"RespiArt - Sleep apnea & CPAPs"},"image":{"@id":"https:\/\/respiart.ca\/ar\/#\/schema\/logo\/image\/"}}]}},"_links":{"self":[{"href":"https:\/\/respiart.ca\/fr\/wp-json\/wp\/v2\/product\/5670","targetHints":{"allow":["GET"]}}],"collection":[{"href":"https:\/\/respiart.ca\/fr\/wp-json\/wp\/v2\/product"}],"about":[{"href":"https:\/\/respiart.ca\/fr\/wp-json\/wp\/v2\/types\/product"}],"replies":[{"embeddable":true,"href":"https:\/\/respiart.ca\/fr\/wp-json\/wp\/v2\/comments?post=5670"}],"wp:featuredmedia":[{"embeddable":true,"href":"https:\/\/respiart.ca\/fr\/wp-json\/wp\/v2\/media\/5664"}],"wp:attachment":[{"href":"https:\/\/respiart.ca\/fr\/wp-json\/wp\/v2\/media?parent=5670"}],"wp:term":[{"taxonomy":"product_brand","embeddable":true,"href":"https:\/\/respiart.ca\/fr\/wp-json\/wp\/v2\/product_brand?post=5670"},{"taxonomy":"product_cat","embeddable":true,"href":"https:\/\/respiart.ca\/fr\/wp-json\/wp\/v2\/product_cat?post=5670"},{"taxonomy":"product_tag","embeddable":true,"href":"https:\/\/respiart.ca\/fr\/wp-json\/wp\/v2\/product_tag?post=5670"}],"curies":[{"name":"wp","href":"https:\/\/api.w.org\/{rel}","templated":true}]}}