{"id":5885,"date":"2025-12-19T11:42:34","date_gmt":"2025-12-19T11:42:34","guid":{"rendered":"http:\/\/f4i.0cc.mytemp.website\/shop\/airfit-p10-mask-pack-for-airmini\/"},"modified":"2026-04-23T20:17:00","modified_gmt":"2026-04-23T20:17:00","slug":"pack-de-masques-airfit-p10-pour-airmini","status":"publish","type":"product","link":"https:\/\/respiart.ca\/fr\/shop\/airfit-p10-mask-pack-for-airmini\/","title":{"rendered":"Pack de masques AirFit\u2122 P10 pour AirMini\u2122"},"content":{"rendered":"<p data-start=\"497\" data-end=\"819\">Le pack de masques AirFit\u2122 P10 pour <a href=\"https:\/\/respiart.ca\/fr\/magasin\/resmed-airmini-autoset\/\">AirMini<\/a>\u2122 est con\u00e7u pour les utilisateurs qui privil\u00e9gient la simplicit\u00e9, la portabilit\u00e9 et le confort sans compromettre l&#039;efficacit\u00e9 du traitement. Ses embouts nasaux minimalistes r\u00e9duisent l&#039;encombrement tout en maintenant une \u00e9tanch\u00e9it\u00e9 stable, ce qui en fait un excellent choix pour les voyages et une utilisation quotidienne avec le <a href=\"https:\/\/respiart.ca\/fr\/categorie-produit\/marques\/resmed\/\">ResMed<\/a> Syst\u00e8me AirMini\u2122.<\/p>\n<p data-start=\"821\" data-end=\"981\">Ce kit de masque comprend tous les composants n\u00e9cessaires pour se connecter directement \u00e0 l&#039;AirMini\u2122, assurant une int\u00e9gration parfaite et un fonctionnement fiable pendant la th\u00e9rapie du sommeil.<\/p>\n<h2 data-start=\"988\" data-end=\"1024\">Con\u00e7u exclusivement pour AirMini\u2122<\/h2>\n<p data-start=\"1026\" data-end=\"1183\">Ce masque est sp\u00e9cialement con\u00e7u pour fonctionner avec l&#039;appareil CPAP de voyage ResMed AirMini\u2122. Un connecteur d\u00e9di\u00e9 assure un flux d&#039;air et des performances optimales.<\/p>\n<p data-start=\"1185\" data-end=\"1365\">Les principaux points de compatibilit\u00e9 sont les suivants\u00a0:<br data-start=\"1218\" data-end=\"1221\" \/>\u2022 Compatible uniquement avec les appareils ResMed AirMini\u2122<br data-start=\"1267\" data-end=\"1270\" \/>\u2022 Comprend un connecteur sp\u00e9cifique AirMini\u2122<br data-start=\"1311\" data-end=\"1314\" \/>\u2022 Non compatible avec les appareils CPAP domestiques standard<\/p>\n<p data-start=\"2622\" data-end=\"2731\">Le kit de masque AirFit\u2122 P10 pour AirMini\u2122 comprend tous les composants essentiels n\u00e9cessaires pour commencer imm\u00e9diatement la th\u00e9rapie.<\/p>\n<p data-start=\"2733\" data-end=\"2946\">\u00c0 l&#039;int\u00e9rieur du colis, vous trouverez\u00a0:<br data-start=\"2767\" data-end=\"2770\" \/>\u2022 Cadre de masque \u00e0 coussinets nasaux AirFit\u2122 P10<br data-start=\"2808\" data-end=\"2811\" \/>\u2022 Connecteur AirMini\u2122 pour la compatibilit\u00e9 avec les appareils<br data-start=\"2856\" data-end=\"2859\" \/>\u2022 Multiple <a href=\"https:\/\/respiart.ca\/fr\/categorie-produit\/masque-bipap-cpap\/masque-cpap-a-coussin-nasal\/\">coussin nasal<\/a> des tailles pour un ajustement personnalis\u00e9<br data-start=\"2911\" data-end=\"2914\" \/>\u2022 Coiffe \u00e9lastique l\u00e9g\u00e8re<\/p>","protected":false},"excerpt":{"rendered":"<p>Le masque AirFit\u2122 P10 pour AirMini\u2122 est un masque nasal l\u00e9ger \u00e0 embouts con\u00e7u exclusivement pour les voyages avec le ResMed AirMini\u2122. <a href=\"https:\/\/respiart.ca\/fr\/magasin-cpap\/\">PPC<\/a> Cet appareil offre un fonctionnement silencieux, un contact minimal avec le visage et un maintien s\u00fbr pour une th\u00e9rapie confortable en voyage.<\/p>","protected":false},"featured_media":6123,"comment_status":"open","ping_status":"closed","template":"","meta":[],"product_brand":[],"product_cat":[108],"product_tag":[],"class_list":{"0":"post-5885","1":"product","2":"type-product","3":"status-publish","4":"has-post-thumbnail","6":"product_cat-resmed","8":"first","9":"instock","10":"sale","11":"taxable","12":"shipping-taxable","13":"purchasable","14":"product-type-simple"},"yoast_head":"<!-- This site is optimized with the Yoast SEO plugin v27.5 - https:\/\/yoast.com\/product\/yoast-seo-wordpress\/ -->\n<title>AirFit\u2122 P10 Mask Pack for AirMini\u2122 | Respiart - Respiratory therapist Montreal<\/title>\n<meta name=\"description\" content=\"The AirFit\u2122 P10 Mask Pack for AirMini\u2122 is a lightweight nasal pillows mask designed exclusively for ResMed AirMini\u2122 travel CPAP devices. It offers quiet performance, minimal facial contact, and a secure fit for comfortable therapy while traveling.\" \/>\n<meta name=\"robots\" content=\"index, follow, max-snippet:-1, max-image-preview:large, max-video-preview:-1\" \/>\n<link rel=\"canonical\" href=\"https:\/\/respiart.ca\/fr\/magasin\/pack-de-masques-airfit-p10-pour-airmini\/\" \/>\n<meta property=\"og:locale\" content=\"fr_CA\" \/>\n<meta property=\"og:type\" content=\"article\" \/>\n<meta property=\"og:title\" content=\"AirFit\u2122 P10 Mask Pack for AirMini\u2122 | Respiart - Respiratory therapist Montreal\" \/>\n<meta property=\"og:description\" content=\"The AirFit\u2122 P10 Mask Pack for AirMini\u2122 is a lightweight nasal pillows mask designed exclusively for ResMed AirMini\u2122 travel CPAP devices. It offers quiet performance, minimal facial contact, and a secure fit for comfortable therapy while traveling.\" \/>\n<meta property=\"og:url\" content=\"https:\/\/respiart.ca\/fr\/magasin\/pack-de-masques-airfit-p10-pour-airmini\/\" \/>\n<meta property=\"og:site_name\" content=\"Respiart - Respiratory therapist Montreal\" \/>\n<meta property=\"article:modified_time\" content=\"2026-04-23T20:17:00+00:00\" \/>\n<meta property=\"og:image\" content=\"https:\/\/respiart.ca\/wp-content\/uploads\/2025\/12\/AirFit\u2122-P10-Mask-Pack-for-AirMini\u2122.webp\" \/>\n\t<meta property=\"og:image:width\" content=\"600\" \/>\n\t<meta property=\"og:image:height\" content=\"600\" \/>\n\t<meta property=\"og:image:type\" content=\"image\/webp\" \/>\n<meta name=\"twitter:card\" content=\"summary_large_image\" \/>\n<meta name=\"twitter:label1\" content=\"Estimation du temps de lecture\" \/>\n\t<meta name=\"twitter:data1\" content=\"1 minute\" \/>\n<script type=\"application\/ld+json\" class=\"yoast-schema-graph\">{\"@context\":\"https:\\\/\\\/schema.org\",\"@graph\":[{\"@type\":\"WebPage\",\"@id\":\"https:\\\/\\\/respiart.ca\\\/shop\\\/airfit-p10-mask-pack-for-airmini\\\/\",\"url\":\"https:\\\/\\\/respiart.ca\\\/shop\\\/airfit-p10-mask-pack-for-airmini\\\/\",\"name\":\"AirFit\u2122 P10 Mask Pack for AirMini\u2122 | Respiart - Respiratory therapist Montreal\",\"isPartOf\":{\"@id\":\"https:\\\/\\\/respiart.ca\\\/ar\\\/#website\"},\"primaryImageOfPage\":{\"@id\":\"https:\\\/\\\/respiart.ca\\\/shop\\\/airfit-p10-mask-pack-for-airmini\\\/#primaryimage\"},\"image\":{\"@id\":\"https:\\\/\\\/respiart.ca\\\/shop\\\/airfit-p10-mask-pack-for-airmini\\\/#primaryimage\"},\"thumbnailUrl\":\"https:\\\/\\\/respiart.ca\\\/wp-content\\\/uploads\\\/2025\\\/12\\\/AirFit\u2122-P10-Mask-Pack-for-AirMini\u2122.webp\",\"datePublished\":\"2025-12-19T11:42:34+00:00\",\"dateModified\":\"2026-04-23T20:17:00+00:00\",\"description\":\"The AirFit\u2122 P10 Mask Pack for AirMini\u2122 is a lightweight nasal pillows mask designed exclusively for ResMed AirMini\u2122 travel CPAP devices. It offers quiet performance, minimal facial contact, and a secure fit for comfortable therapy while traveling.\",\"breadcrumb\":{\"@id\":\"https:\\\/\\\/respiart.ca\\\/shop\\\/airfit-p10-mask-pack-for-airmini\\\/#breadcrumb\"},\"inLanguage\":\"fr-CA\",\"potentialAction\":[{\"@type\":\"ReadAction\",\"target\":[\"https:\\\/\\\/respiart.ca\\\/shop\\\/airfit-p10-mask-pack-for-airmini\\\/\"]}]},{\"@type\":\"ImageObject\",\"inLanguage\":\"fr-CA\",\"@id\":\"https:\\\/\\\/respiart.ca\\\/shop\\\/airfit-p10-mask-pack-for-airmini\\\/#primaryimage\",\"url\":\"https:\\\/\\\/respiart.ca\\\/wp-content\\\/uploads\\\/2025\\\/12\\\/AirFit\u2122-P10-Mask-Pack-for-AirMini\u2122.webp\",\"contentUrl\":\"https:\\\/\\\/respiart.ca\\\/wp-content\\\/uploads\\\/2025\\\/12\\\/AirFit\u2122-P10-Mask-Pack-for-AirMini\u2122.webp\",\"width\":600,\"height\":600},{\"@type\":\"BreadcrumbList\",\"@id\":\"https:\\\/\\\/respiart.ca\\\/shop\\\/airfit-p10-mask-pack-for-airmini\\\/#breadcrumb\",\"itemListElement\":[{\"@type\":\"ListItem\",\"position\":1,\"name\":\"Home\",\"item\":\"https:\\\/\\\/respiart.ca\\\/\"},{\"@type\":\"ListItem\",\"position\":2,\"name\":\"Shop CPAP\",\"item\":\"https:\\\/\\\/respiart.ca\\\/shop-cpap\\\/\"},{\"@type\":\"ListItem\",\"position\":3,\"name\":\"AirFit\u2122 P10 Mask Pack for AirMini\u2122\"}]},{\"@type\":\"WebSite\",\"@id\":\"https:\\\/\\\/respiart.ca\\\/ar\\\/#website\",\"url\":\"https:\\\/\\\/respiart.ca\\\/ar\\\/\",\"name\":\"RespiArt - Sleep apnea & CPAPs\",\"description\":\"CPAPs and tests for sleep apnea, asthma, oximetry\",\"publisher\":{\"@id\":\"https:\\\/\\\/respiart.ca\\\/ar\\\/#organization\"},\"potentialAction\":[{\"@type\":\"SearchAction\",\"target\":{\"@type\":\"EntryPoint\",\"urlTemplate\":\"https:\\\/\\\/respiart.ca\\\/ar\\\/?s={search_term_string}\"},\"query-input\":{\"@type\":\"PropertyValueSpecification\",\"valueRequired\":true,\"valueName\":\"search_term_string\"}}],\"inLanguage\":\"fr-CA\"},{\"@type\":\"Organization\",\"@id\":\"https:\\\/\\\/respiart.ca\\\/ar\\\/#organization\",\"name\":\"RespiArt - Sleep apnea & CPAPs\",\"url\":\"https:\\\/\\\/respiart.ca\\\/ar\\\/\",\"logo\":{\"@type\":\"ImageObject\",\"inLanguage\":\"fr-CA\",\"@id\":\"https:\\\/\\\/respiart.ca\\\/ar\\\/#\\\/schema\\\/logo\\\/image\\\/\",\"url\":\"https:\\\/\\\/respiart.ca\\\/wp-content\\\/uploads\\\/2022\\\/05\\\/Respiart-logo-1-e1651540192142.png\",\"contentUrl\":\"https:\\\/\\\/respiart.ca\\\/wp-content\\\/uploads\\\/2022\\\/05\\\/Respiart-logo-1-e1651540192142.png\",\"width\":237,\"height\":61,\"caption\":\"RespiArt - Sleep apnea & CPAPs\"},\"image\":{\"@id\":\"https:\\\/\\\/respiart.ca\\\/ar\\\/#\\\/schema\\\/logo\\\/image\\\/\"}}]}<\/script>\n<!-- \/ Yoast SEO plugin. -->","yoast_head_json":{"title":"Ensemble de 10 masques AirFit\u2122 P10 pour AirMini\u2122 | Respiart - Th\u00e9rapeute respiratoire Montr\u00e9al","description":"Le masque AirFit\u2122 P10 pour AirMini\u2122 est un masque nasal l\u00e9ger con\u00e7u exclusivement pour les appareils CPAP de voyage ResMed AirMini\u2122. Il offre un fonctionnement silencieux, un contact minimal avec le visage et un maintien s\u00fbr pour un confort optimal lors de vos d\u00e9placements.","robots":{"index":"index","follow":"follow","max-snippet":"max-snippet:-1","max-image-preview":"max-image-preview:large","max-video-preview":"max-video-preview:-1"},"canonical":"https:\/\/respiart.ca\/fr\/magasin\/pack-de-masques-airfit-p10-pour-airmini\/","og_locale":"fr_CA","og_type":"article","og_title":"AirFit\u2122 P10 Mask Pack for AirMini\u2122 | Respiart - Respiratory therapist Montreal","og_description":"The AirFit\u2122 P10 Mask Pack for AirMini\u2122 is a lightweight nasal pillows mask designed exclusively for ResMed AirMini\u2122 travel CPAP devices. It offers quiet performance, minimal facial contact, and a secure fit for comfortable therapy while traveling.","og_url":"https:\/\/respiart.ca\/fr\/magasin\/pack-de-masques-airfit-p10-pour-airmini\/","og_site_name":"Respiart - Respiratory therapist Montreal","article_modified_time":"2026-04-23T20:17:00+00:00","og_image":[{"width":600,"height":600,"url":"https:\/\/respiart.ca\/wp-content\/uploads\/2025\/12\/AirFit\u2122-P10-Mask-Pack-for-AirMini\u2122.webp","type":"image\/webp"}],"twitter_card":"summary_large_image","twitter_misc":{"Estimation du temps de lecture":"1 minute"},"schema":{"@context":"https:\/\/schema.org","@graph":[{"@type":"WebPage","@id":"https:\/\/respiart.ca\/shop\/airfit-p10-mask-pack-for-airmini\/","url":"https:\/\/respiart.ca\/shop\/airfit-p10-mask-pack-for-airmini\/","name":"Ensemble de 10 masques AirFit\u2122 P10 pour AirMini\u2122 | Respiart - Th\u00e9rapeute respiratoire Montr\u00e9al","isPartOf":{"@id":"https:\/\/respiart.ca\/ar\/#website"},"primaryImageOfPage":{"@id":"https:\/\/respiart.ca\/shop\/airfit-p10-mask-pack-for-airmini\/#primaryimage"},"image":{"@id":"https:\/\/respiart.ca\/shop\/airfit-p10-mask-pack-for-airmini\/#primaryimage"},"thumbnailUrl":"https:\/\/respiart.ca\/wp-content\/uploads\/2025\/12\/AirFit\u2122-P10-Mask-Pack-for-AirMini\u2122.webp","datePublished":"2025-12-19T11:42:34+00:00","dateModified":"2026-04-23T20:17:00+00:00","description":"Le masque AirFit\u2122 P10 pour AirMini\u2122 est un masque nasal l\u00e9ger con\u00e7u exclusivement pour les appareils CPAP de voyage ResMed AirMini\u2122. Il offre un fonctionnement silencieux, un contact minimal avec le visage et un maintien s\u00fbr pour un confort optimal lors de vos d\u00e9placements.","breadcrumb":{"@id":"https:\/\/respiart.ca\/shop\/airfit-p10-mask-pack-for-airmini\/#breadcrumb"},"inLanguage":"fr-CA","potentialAction":[{"@type":"ReadAction","target":["https:\/\/respiart.ca\/shop\/airfit-p10-mask-pack-for-airmini\/"]}]},{"@type":"ImageObject","inLanguage":"fr-CA","@id":"https:\/\/respiart.ca\/shop\/airfit-p10-mask-pack-for-airmini\/#primaryimage","url":"https:\/\/respiart.ca\/wp-content\/uploads\/2025\/12\/AirFit\u2122-P10-Mask-Pack-for-AirMini\u2122.webp","contentUrl":"https:\/\/respiart.ca\/wp-content\/uploads\/2025\/12\/AirFit\u2122-P10-Mask-Pack-for-AirMini\u2122.webp","width":600,"height":600},{"@type":"BreadcrumbList","@id":"https:\/\/respiart.ca\/shop\/airfit-p10-mask-pack-for-airmini\/#breadcrumb","itemListElement":[{"@type":"ListItem","position":1,"name":"Home","item":"https:\/\/respiart.ca\/"},{"@type":"ListItem","position":2,"name":"Shop CPAP","item":"https:\/\/respiart.ca\/shop-cpap\/"},{"@type":"ListItem","position":3,"name":"AirFit\u2122 P10 Mask Pack for AirMini\u2122"}]},{"@type":"WebSite","@id":"https:\/\/respiart.ca\/ar\/#website","url":"https:\/\/respiart.ca\/ar\/","name":"RespiArt - Apn\u00e9e du sommeil et CPAP","description":"CPAP et tests pour l&#039;apn\u00e9e du sommeil, l&#039;asthme, l&#039;oxym\u00e9trie","publisher":{"@id":"https:\/\/respiart.ca\/ar\/#organization"},"potentialAction":[{"@type":"SearchAction","target":{"@type":"EntryPoint","urlTemplate":"https:\/\/respiart.ca\/ar\/?s={search_term_string}"},"query-input":{"@type":"PropertyValueSpecification","valueRequired":true,"valueName":"search_term_string"}}],"inLanguage":"fr-CA"},{"@type":"Organization","@id":"https:\/\/respiart.ca\/ar\/#organization","name":"RespiArt - Apn\u00e9e du sommeil et CPAP","url":"https:\/\/respiart.ca\/ar\/","logo":{"@type":"ImageObject","inLanguage":"fr-CA","@id":"https:\/\/respiart.ca\/ar\/#\/schema\/logo\/image\/","url":"https:\/\/respiart.ca\/wp-content\/uploads\/2022\/05\/Respiart-logo-1-e1651540192142.png","contentUrl":"https:\/\/respiart.ca\/wp-content\/uploads\/2022\/05\/Respiart-logo-1-e1651540192142.png","width":237,"height":61,"caption":"RespiArt - Sleep apnea & CPAPs"},"image":{"@id":"https:\/\/respiart.ca\/ar\/#\/schema\/logo\/image\/"}}]}},"_links":{"self":[{"href":"https:\/\/respiart.ca\/fr\/wp-json\/wp\/v2\/product\/5885","targetHints":{"allow":["GET"]}}],"collection":[{"href":"https:\/\/respiart.ca\/fr\/wp-json\/wp\/v2\/product"}],"about":[{"href":"https:\/\/respiart.ca\/fr\/wp-json\/wp\/v2\/types\/product"}],"replies":[{"embeddable":true,"href":"https:\/\/respiart.ca\/fr\/wp-json\/wp\/v2\/comments?post=5885"}],"wp:featuredmedia":[{"embeddable":true,"href":"https:\/\/respiart.ca\/fr\/wp-json\/wp\/v2\/media\/6123"}],"wp:attachment":[{"href":"https:\/\/respiart.ca\/fr\/wp-json\/wp\/v2\/media?parent=5885"}],"wp:term":[{"taxonomy":"product_brand","embeddable":true,"href":"https:\/\/respiart.ca\/fr\/wp-json\/wp\/v2\/product_brand?post=5885"},{"taxonomy":"product_cat","embeddable":true,"href":"https:\/\/respiart.ca\/fr\/wp-json\/wp\/v2\/product_cat?post=5885"},{"taxonomy":"product_tag","embeddable":true,"href":"https:\/\/respiart.ca\/fr\/wp-json\/wp\/v2\/product_tag?post=5885"}],"curies":[{"name":"wp","href":"https:\/\/api.w.org\/{rel}","templated":true}]}}