{"id":5887,"date":"2025-12-19T11:42:47","date_gmt":"2025-12-19T11:42:47","guid":{"rendered":"http:\/\/f4i.0cc.mytemp.website\/shop\/airmini-f30-setup-pack\/"},"modified":"2026-04-27T15:22:50","modified_gmt":"2026-04-27T15:22:50","slug":"kit-dinstallation-airmini-f30","status":"publish","type":"product","link":"https:\/\/respiart.ca\/fr\/shop\/airmini-f30-setup-pack\/","title":{"rendered":"Kit d&#039;installation AirMini\u2122 F30"},"content":{"rendered":"<p data-start=\"288\" data-end=\"659\">La <a href=\"https:\/\/respiart.ca\/fr\/magasin\/resmed-airmini-autoset\/\">AirMini<\/a>Le kit d&#039;installation AirFit\u2122 F30 est con\u00e7u pour les utilisateurs d&#039;appareils CPAP qui utilisent l&#039;AirFit\u2122 F30. <a href=\"https:\/\/respiart.ca\/fr\/categorie-produit\/masque-bipap-cpap\/masque-facial-cpap-complet\/\">visage complet<\/a> masque et souhaitez conserver la m\u00eame exp\u00e9rience th\u00e9rapeutique tout en utilisant le ResMed AirMini\u2122 <a href=\"https:\/\/respiart.ca\/fr\/categorie-produit\/cpap-bipap-machines\/appareils-cpap-de-voyage\/\">CPAP de voyage<\/a> Ce kit d&#039;installation permet une connexion et une distribution d&#039;air optimales entre l&#039;appareil AirMini\u2122 et le masque F30, garantissant ainsi une th\u00e9rapie constante et efficace dans un format portable.<\/p>\n<p data-start=\"661\" data-end=\"935\">Con\u00e7u sp\u00e9cifiquement pour la plateforme AirMini\u2122, ce kit d&#039;installation \u00e9limine les probl\u00e8mes de compatibilit\u00e9 et permet aux utilisateurs de voyager en toute s\u00e9r\u00e9nit\u00e9 sans changer de masque. Son format compact et ses composants minimalistes en font la solution id\u00e9ale pour les voyageurs fr\u00e9quents et les utilisateurs qui privil\u00e9gient la simplicit\u00e9.<\/p>\n<h2 data-start=\"937\" data-end=\"980\">Con\u00e7u pour les masques faciaux complets AirFit\u2122 F30<\/h2>\n<p data-start=\"982\" data-end=\"1144\">Ce kit d&#039;installation est con\u00e7u pour prendre en charge la conception unique de l&#039;AirFit\u2122 F30, qui se place sous le nez tout en couvrant la bouche pour une th\u00e9rapie faciale compl\u00e8te efficace.<\/p>\n<p data-start=\"1146\" data-end=\"1414\">Les d\u00e9tails importants concernant la compatibilit\u00e9 sont les suivants\u00a0:<br data-start=\"1186\" data-end=\"1189\" \/>\u2022 Con\u00e7u pour \u00eatre utilis\u00e9 avec le masque facial complet ResMed AirFit\u2122 F30<br data-start=\"1250\" data-end=\"1253\" \/>\u2022 Optimis\u00e9 pour une circulation d&#039;air et une pression ad\u00e9quates<br data-start=\"1305\" data-end=\"1308\" \/>\u2022 Favorise la respiration nasale et buccale pendant le sommeil<br data-start=\"1356\" data-end=\"1359\" \/>\u2022 Maintient une \u00e9tanch\u00e9it\u00e9 stable avec un contact minimal avec le visage<\/p>\n<h2 data-start=\"1416\" data-end=\"1456\">Compatibilit\u00e9 exclusive avec AirMini\u2122<\/h2>\n<p data-start=\"1458\" data-end=\"1604\">Le kit d&#039;installation AirMini\u2122 F30 est con\u00e7u sp\u00e9cifiquement pour l&#039;appareil CPAP de voyage ResMed AirMini\u2122 et ne doit pas \u00eatre utilis\u00e9 avec des appareils CPAP standard.<\/p>\n<p data-start=\"1606\" data-end=\"1766\">Les points forts en mati\u00e8re de compatibilit\u00e9 incluent\u00a0:<br data-start=\"1639\" data-end=\"1642\" \/>\u2022 Compatible uniquement avec ResMed AirMini\u2122<br data-start=\"1680\" data-end=\"1683\" \/>\u2022 Comprend des connecteurs sp\u00e9cifiques AirMini\u2122<br data-start=\"1722\" data-end=\"1725\" \/>\u2022 Non compatible avec les syst\u00e8mes CPAP \u00e0 domicile<\/p>\n<h2 data-start=\"1768\" data-end=\"1805\">Conception compacte et adapt\u00e9e aux voyages<\/h2>\n<p data-start=\"1807\" data-end=\"1923\">Le kit d&#039;installation est con\u00e7u pour compl\u00e9ter la nature portable de l&#039;AirMini\u2122, ce qui facilite son transport et son utilisation en d\u00e9placement.<\/p>\n<p data-start=\"1925\" data-end=\"2139\">Les avantages li\u00e9s aux voyages comprennent\u00a0:<br data-start=\"1957\" data-end=\"1960\" \/>\u2022 Des composants l\u00e9gers qui r\u00e9duisent l&#039;encombrement lors du transport<br data-start=\"2008\" data-end=\"2011\" \/>\u2022 Installation et d\u00e9montage rapides<br data-start=\"2036\" data-end=\"2039\" \/>\u2022 Se range facilement dans les \u00e9tuis de voyage pour appareils CPAP et les sacs de voyage.<br data-start=\"2093\" data-end=\"2096\" \/>\u2022 Id\u00e9al pour les voyages d&#039;affaires et les vacances<\/p>\n<h2 data-start=\"2141\" data-end=\"2177\">Contenu du pack d&#039;installation<\/h2>\n<p data-start=\"2179\" data-end=\"2302\">Le kit de configuration AirMini\u2122 F30 contient les composants essentiels n\u00e9cessaires pour connecter un masque AirFit\u2122 F30 au syst\u00e8me AirMini\u2122.<\/p>\n<p data-start=\"2304\" data-end=\"2394\">Les \u00e9l\u00e9ments inclus sont\u00a0:<br data-start=\"2323\" data-end=\"2326\" \/>\u2022 Connecteur de masque AirMini\u2122 F30<br data-start=\"2355\" data-end=\"2358\" \/>\u2022 Tuyau court compatible AirMini\u2122<\/p>\n<h2 data-start=\"2396\" data-end=\"2410\">Utilisateurs id\u00e9aux<\/h2>\n<p data-start=\"2412\" data-end=\"2531\">Ce kit d&#039;installation est destin\u00e9 aux utilisateurs d&#039;AirMini\u2122 qui pr\u00e9f\u00e8rent le confort et la couverture d&#039;un masque facial complet lors de leurs voyages.<\/p>\n<p data-start=\"2533\" data-end=\"2762\">Il est particuli\u00e8rement adapt\u00e9 pour :<br data-start=\"2563\" data-end=\"2566\" \/>\u2022 Utilisateurs du masque facial int\u00e9gral AirFit\u2122 F30<br data-start=\"2607\" data-end=\"2610\" \/>\u2022 Les utilisateurs d&#039;AirMini\u2122 qui respirent par la bouche<br data-start=\"2656\" data-end=\"2659\" \/>\u2022 Les voyageurs qui souhaitent conserver leur style de masque actuel<br data-start=\"2713\" data-end=\"2716\" \/>\u2022 Les utilisateurs recherchant une solution compacte pour le visage entier<\/p>\n<h2 data-start=\"2764\" data-end=\"2792\">Entretien et utilisation quotidienne<\/h2>\n<p data-start=\"2794\" data-end=\"2860\">Le kit d&#039;installation est con\u00e7u pour une utilisation quotidienne facile et un entretien minimal.<\/p>\n<p data-start=\"2862\" data-end=\"3014\">Les avantages li\u00e9s \u00e0 l&#039;entretien comprennent\u00a0:<br data-start=\"2893\" data-end=\"2896\" \/>\u2022 D\u00e9montage simple pour le nettoyage<br data-start=\"2929\" data-end=\"2932\" \/>\u2022 Moins de composants \u00e0 g\u00e9rer en voyage<br data-start=\"2976\" data-end=\"2979\" \/>\u2022 Reconnexion facile sans outils<\/p>\n<h2 data-start=\"3016\" data-end=\"3045\">Foire aux questions<\/h2>\n<h3 data-start=\"3047\" data-end=\"3101\">Ce kit d&#039;installation comprend-il le masque AirFit\u2122 F30\u00a0?<\/h3>\n<p data-start=\"3102\" data-end=\"3248\">Non. Le masque facial int\u00e9gral AirFit\u2122 F30 est vendu s\u00e9par\u00e9ment. Ce kit d&#039;installation comprend uniquement le connecteur et la tubulure n\u00e9cessaires \u00e0 la compatibilit\u00e9 avec AirMini\u2122.<\/p>\n<h3 data-start=\"3250\" data-end=\"3301\">Est-ce compatible avec les appareils CPAP standard\u00a0?<\/h3>\n<p data-start=\"3302\" data-end=\"3401\">Non. Le kit d&#039;installation AirMini\u2122 F30 est con\u00e7u exclusivement pour l&#039;appareil CPAP de voyage ResMed AirMini\u2122.<\/p>\n<h3 data-start=\"3403\" data-end=\"3446\">Puis-je utiliser HumidX\u2122 avec ce kit d&#039;installation\u00a0?<\/h3>\n<p data-start=\"3447\" data-end=\"3540\">Non. HumidX\u2122 et HumidX\u2122 Plus ne sont pas compatibles avec les masques faciaux complets tels que l&#039;AirFit\u2122 F30.<\/p>\n<h3 data-start=\"3542\" data-end=\"3592\">\u00c0 qui s&#039;adresse le pack d&#039;installation AirMini\u2122 F30\u00a0?<\/h3>\n<p data-start=\"3593\" data-end=\"3746\" data-is-last-node=\"\" data-is-only-node=\"\">Ce kit d&#039;installation est id\u00e9al pour les utilisateurs d&#039;AirMini\u2122 qui souhaitent continuer \u00e0 utiliser le masque facial complet AirFit\u2122 F30 tout en b\u00e9n\u00e9ficiant d&#039;un syst\u00e8me CPAP de voyage compact.<\/p>","protected":false},"excerpt":{"rendered":"<p>Le kit de configuration AirMini\u2122 F30 est un kit de connexion d\u00e9di\u00e9 permettant d&#039;utiliser les masques faciaux complets ResMed AirFit\u2122 F30 avec le dispositif de voyage ResMed AirMini\u2122. <a href=\"https:\/\/respiart.ca\/fr\/magasin-cpap\/\">PPC<\/a> Cet appareil offre une solution compacte, s\u00e9curis\u00e9e et adapt\u00e9e aux voyages pour les utilisateurs de masques faciaux complets.<\/p>","protected":false},"featured_media":6125,"comment_status":"open","ping_status":"closed","template":"","meta":[],"product_brand":[],"product_cat":[108],"product_tag":[],"class_list":{"0":"post-5887","1":"product","2":"type-product","3":"status-publish","4":"has-post-thumbnail","6":"product_cat-resmed","8":"first","9":"instock","10":"sale","11":"taxable","12":"shipping-taxable","13":"purchasable","14":"product-type-simple"},"yoast_head":"<!-- This site is optimized with the Yoast SEO plugin v27.5 - https:\/\/yoast.com\/product\/yoast-seo-wordpress\/ -->\n<title>AirMini\u2122 F30 Setup Pack | Respiart - Respiratory therapist Montreal<\/title>\n<meta name=\"description\" content=\"The AirMini\u2122 F30 Setup Pack is a dedicated connection kit that allows the use of ResMed AirFit\u2122 F30 full face masks with the ResMed AirMini\u2122 travel CPAP device. It provides a compact, secure, and travel-ready solution for full face mask users.\" \/>\n<meta name=\"robots\" content=\"index, follow, max-snippet:-1, max-image-preview:large, max-video-preview:-1\" \/>\n<link rel=\"canonical\" href=\"https:\/\/respiart.ca\/fr\/magasin\/kit-dinstallation-airmini-f30\/\" \/>\n<meta property=\"og:locale\" content=\"fr_CA\" \/>\n<meta property=\"og:type\" content=\"article\" \/>\n<meta property=\"og:title\" content=\"AirMini\u2122 F30 Setup Pack | Respiart - Respiratory therapist Montreal\" \/>\n<meta property=\"og:description\" content=\"The AirMini\u2122 F30 Setup Pack is a dedicated connection kit that allows the use of ResMed AirFit\u2122 F30 full face masks with the ResMed AirMini\u2122 travel CPAP device. It provides a compact, secure, and travel-ready solution for full face mask users.\" \/>\n<meta property=\"og:url\" content=\"https:\/\/respiart.ca\/fr\/magasin\/kit-dinstallation-airmini-f30\/\" \/>\n<meta property=\"og:site_name\" content=\"Respiart - Respiratory therapist Montreal\" \/>\n<meta property=\"article:modified_time\" content=\"2026-04-27T15:22:50+00:00\" \/>\n<meta property=\"og:image\" content=\"https:\/\/respiart.ca\/wp-content\/uploads\/2025\/12\/AirMini\u2122-F30-Setup-Pack.webp\" \/>\n\t<meta property=\"og:image:width\" content=\"1444\" \/>\n\t<meta property=\"og:image:height\" content=\"1047\" \/>\n\t<meta property=\"og:image:type\" content=\"image\/webp\" \/>\n<meta name=\"twitter:card\" content=\"summary_large_image\" \/>\n<meta name=\"twitter:label1\" content=\"Estimation du temps de lecture\" \/>\n\t<meta name=\"twitter:data1\" content=\"3 minutes\" \/>\n<script type=\"application\/ld+json\" class=\"yoast-schema-graph\">{\"@context\":\"https:\\\/\\\/schema.org\",\"@graph\":[{\"@type\":\"WebPage\",\"@id\":\"https:\\\/\\\/respiart.ca\\\/shop\\\/airmini-f30-setup-pack\\\/\",\"url\":\"https:\\\/\\\/respiart.ca\\\/shop\\\/airmini-f30-setup-pack\\\/\",\"name\":\"AirMini\u2122 F30 Setup Pack | Respiart - Respiratory therapist Montreal\",\"isPartOf\":{\"@id\":\"https:\\\/\\\/respiart.ca\\\/ar\\\/#website\"},\"primaryImageOfPage\":{\"@id\":\"https:\\\/\\\/respiart.ca\\\/shop\\\/airmini-f30-setup-pack\\\/#primaryimage\"},\"image\":{\"@id\":\"https:\\\/\\\/respiart.ca\\\/shop\\\/airmini-f30-setup-pack\\\/#primaryimage\"},\"thumbnailUrl\":\"https:\\\/\\\/respiart.ca\\\/wp-content\\\/uploads\\\/2025\\\/12\\\/AirMini\u2122-F30-Setup-Pack.webp\",\"datePublished\":\"2025-12-19T11:42:47+00:00\",\"dateModified\":\"2026-04-27T15:22:50+00:00\",\"description\":\"The AirMini\u2122 F30 Setup Pack is a dedicated connection kit that allows the use of ResMed AirFit\u2122 F30 full face masks with the ResMed AirMini\u2122 travel CPAP device. It provides a compact, secure, and travel-ready solution for full face mask users.\",\"breadcrumb\":{\"@id\":\"https:\\\/\\\/respiart.ca\\\/shop\\\/airmini-f30-setup-pack\\\/#breadcrumb\"},\"inLanguage\":\"fr-CA\",\"potentialAction\":[{\"@type\":\"ReadAction\",\"target\":[\"https:\\\/\\\/respiart.ca\\\/shop\\\/airmini-f30-setup-pack\\\/\"]}]},{\"@type\":\"ImageObject\",\"inLanguage\":\"fr-CA\",\"@id\":\"https:\\\/\\\/respiart.ca\\\/shop\\\/airmini-f30-setup-pack\\\/#primaryimage\",\"url\":\"https:\\\/\\\/respiart.ca\\\/wp-content\\\/uploads\\\/2025\\\/12\\\/AirMini\u2122-F30-Setup-Pack.webp\",\"contentUrl\":\"https:\\\/\\\/respiart.ca\\\/wp-content\\\/uploads\\\/2025\\\/12\\\/AirMini\u2122-F30-Setup-Pack.webp\",\"width\":1444,\"height\":1047},{\"@type\":\"BreadcrumbList\",\"@id\":\"https:\\\/\\\/respiart.ca\\\/shop\\\/airmini-f30-setup-pack\\\/#breadcrumb\",\"itemListElement\":[{\"@type\":\"ListItem\",\"position\":1,\"name\":\"Home\",\"item\":\"https:\\\/\\\/respiart.ca\\\/\"},{\"@type\":\"ListItem\",\"position\":2,\"name\":\"Shop CPAP\",\"item\":\"https:\\\/\\\/respiart.ca\\\/shop-cpap\\\/\"},{\"@type\":\"ListItem\",\"position\":3,\"name\":\"AirMini\u2122 F30 Setup Pack\"}]},{\"@type\":\"WebSite\",\"@id\":\"https:\\\/\\\/respiart.ca\\\/ar\\\/#website\",\"url\":\"https:\\\/\\\/respiart.ca\\\/ar\\\/\",\"name\":\"RespiArt - Sleep apnea & CPAPs\",\"description\":\"CPAPs and tests for sleep apnea, asthma, oximetry\",\"publisher\":{\"@id\":\"https:\\\/\\\/respiart.ca\\\/ar\\\/#organization\"},\"potentialAction\":[{\"@type\":\"SearchAction\",\"target\":{\"@type\":\"EntryPoint\",\"urlTemplate\":\"https:\\\/\\\/respiart.ca\\\/ar\\\/?s={search_term_string}\"},\"query-input\":{\"@type\":\"PropertyValueSpecification\",\"valueRequired\":true,\"valueName\":\"search_term_string\"}}],\"inLanguage\":\"fr-CA\"},{\"@type\":\"Organization\",\"@id\":\"https:\\\/\\\/respiart.ca\\\/ar\\\/#organization\",\"name\":\"RespiArt - Sleep apnea & CPAPs\",\"url\":\"https:\\\/\\\/respiart.ca\\\/ar\\\/\",\"logo\":{\"@type\":\"ImageObject\",\"inLanguage\":\"fr-CA\",\"@id\":\"https:\\\/\\\/respiart.ca\\\/ar\\\/#\\\/schema\\\/logo\\\/image\\\/\",\"url\":\"https:\\\/\\\/respiart.ca\\\/wp-content\\\/uploads\\\/2022\\\/05\\\/Respiart-logo-1-e1651540192142.png\",\"contentUrl\":\"https:\\\/\\\/respiart.ca\\\/wp-content\\\/uploads\\\/2022\\\/05\\\/Respiart-logo-1-e1651540192142.png\",\"width\":237,\"height\":61,\"caption\":\"RespiArt - Sleep apnea & CPAPs\"},\"image\":{\"@id\":\"https:\\\/\\\/respiart.ca\\\/ar\\\/#\\\/schema\\\/logo\\\/image\\\/\"}}]}<\/script>\n<!-- \/ Yoast SEO plugin. -->","yoast_head_json":{"title":"Ensemble d&#039;installation AirMini\u2122 F30 | Respiart - Th\u00e9rapeute respiratoire Montr\u00e9al","description":"Le kit d&#039;installation AirMini\u2122 F30 est un kit de connexion d\u00e9di\u00e9 permettant d&#039;utiliser les masques faciaux complets ResMed AirFit\u2122 F30 avec l&#039;appareil CPAP de voyage ResMed AirMini\u2122. Il offre une solution compacte, s\u00e9curis\u00e9e et id\u00e9ale pour les voyages, adapt\u00e9e aux utilisateurs de masques faciaux complets.","robots":{"index":"index","follow":"follow","max-snippet":"max-snippet:-1","max-image-preview":"max-image-preview:large","max-video-preview":"max-video-preview:-1"},"canonical":"https:\/\/respiart.ca\/fr\/magasin\/kit-dinstallation-airmini-f30\/","og_locale":"fr_CA","og_type":"article","og_title":"AirMini\u2122 F30 Setup Pack | Respiart - Respiratory therapist Montreal","og_description":"The AirMini\u2122 F30 Setup Pack is a dedicated connection kit that allows the use of ResMed AirFit\u2122 F30 full face masks with the ResMed AirMini\u2122 travel CPAP device. It provides a compact, secure, and travel-ready solution for full face mask users.","og_url":"https:\/\/respiart.ca\/fr\/magasin\/kit-dinstallation-airmini-f30\/","og_site_name":"Respiart - Respiratory therapist Montreal","article_modified_time":"2026-04-27T15:22:50+00:00","og_image":[{"width":1444,"height":1047,"url":"https:\/\/respiart.ca\/wp-content\/uploads\/2025\/12\/AirMini\u2122-F30-Setup-Pack.webp","type":"image\/webp"}],"twitter_card":"summary_large_image","twitter_misc":{"Estimation du temps de lecture":"3 minutes"},"schema":{"@context":"https:\/\/schema.org","@graph":[{"@type":"WebPage","@id":"https:\/\/respiart.ca\/shop\/airmini-f30-setup-pack\/","url":"https:\/\/respiart.ca\/shop\/airmini-f30-setup-pack\/","name":"Ensemble d&#039;installation AirMini\u2122 F30 | Respiart - Th\u00e9rapeute respiratoire Montr\u00e9al","isPartOf":{"@id":"https:\/\/respiart.ca\/ar\/#website"},"primaryImageOfPage":{"@id":"https:\/\/respiart.ca\/shop\/airmini-f30-setup-pack\/#primaryimage"},"image":{"@id":"https:\/\/respiart.ca\/shop\/airmini-f30-setup-pack\/#primaryimage"},"thumbnailUrl":"https:\/\/respiart.ca\/wp-content\/uploads\/2025\/12\/AirMini\u2122-F30-Setup-Pack.webp","datePublished":"2025-12-19T11:42:47+00:00","dateModified":"2026-04-27T15:22:50+00:00","description":"Le kit d&#039;installation AirMini\u2122 F30 est un kit de connexion d\u00e9di\u00e9 permettant d&#039;utiliser les masques faciaux complets ResMed AirFit\u2122 F30 avec l&#039;appareil CPAP de voyage ResMed AirMini\u2122. Il offre une solution compacte, s\u00e9curis\u00e9e et id\u00e9ale pour les voyages, adapt\u00e9e aux utilisateurs de masques faciaux complets.","breadcrumb":{"@id":"https:\/\/respiart.ca\/shop\/airmini-f30-setup-pack\/#breadcrumb"},"inLanguage":"fr-CA","potentialAction":[{"@type":"ReadAction","target":["https:\/\/respiart.ca\/shop\/airmini-f30-setup-pack\/"]}]},{"@type":"ImageObject","inLanguage":"fr-CA","@id":"https:\/\/respiart.ca\/shop\/airmini-f30-setup-pack\/#primaryimage","url":"https:\/\/respiart.ca\/wp-content\/uploads\/2025\/12\/AirMini\u2122-F30-Setup-Pack.webp","contentUrl":"https:\/\/respiart.ca\/wp-content\/uploads\/2025\/12\/AirMini\u2122-F30-Setup-Pack.webp","width":1444,"height":1047},{"@type":"BreadcrumbList","@id":"https:\/\/respiart.ca\/shop\/airmini-f30-setup-pack\/#breadcrumb","itemListElement":[{"@type":"ListItem","position":1,"name":"Home","item":"https:\/\/respiart.ca\/"},{"@type":"ListItem","position":2,"name":"Shop CPAP","item":"https:\/\/respiart.ca\/shop-cpap\/"},{"@type":"ListItem","position":3,"name":"AirMini\u2122 F30 Setup Pack"}]},{"@type":"WebSite","@id":"https:\/\/respiart.ca\/ar\/#website","url":"https:\/\/respiart.ca\/ar\/","name":"RespiArt - Apn\u00e9e du sommeil et CPAP","description":"CPAP et tests pour l&#039;apn\u00e9e du sommeil, l&#039;asthme, l&#039;oxym\u00e9trie","publisher":{"@id":"https:\/\/respiart.ca\/ar\/#organization"},"potentialAction":[{"@type":"SearchAction","target":{"@type":"EntryPoint","urlTemplate":"https:\/\/respiart.ca\/ar\/?s={search_term_string}"},"query-input":{"@type":"PropertyValueSpecification","valueRequired":true,"valueName":"search_term_string"}}],"inLanguage":"fr-CA"},{"@type":"Organization","@id":"https:\/\/respiart.ca\/ar\/#organization","name":"RespiArt - Apn\u00e9e du sommeil et CPAP","url":"https:\/\/respiart.ca\/ar\/","logo":{"@type":"ImageObject","inLanguage":"fr-CA","@id":"https:\/\/respiart.ca\/ar\/#\/schema\/logo\/image\/","url":"https:\/\/respiart.ca\/wp-content\/uploads\/2022\/05\/Respiart-logo-1-e1651540192142.png","contentUrl":"https:\/\/respiart.ca\/wp-content\/uploads\/2022\/05\/Respiart-logo-1-e1651540192142.png","width":237,"height":61,"caption":"RespiArt - Sleep apnea & CPAPs"},"image":{"@id":"https:\/\/respiart.ca\/ar\/#\/schema\/logo\/image\/"}}]}},"_links":{"self":[{"href":"https:\/\/respiart.ca\/fr\/wp-json\/wp\/v2\/product\/5887","targetHints":{"allow":["GET"]}}],"collection":[{"href":"https:\/\/respiart.ca\/fr\/wp-json\/wp\/v2\/product"}],"about":[{"href":"https:\/\/respiart.ca\/fr\/wp-json\/wp\/v2\/types\/product"}],"replies":[{"embeddable":true,"href":"https:\/\/respiart.ca\/fr\/wp-json\/wp\/v2\/comments?post=5887"}],"wp:featuredmedia":[{"embeddable":true,"href":"https:\/\/respiart.ca\/fr\/wp-json\/wp\/v2\/media\/6125"}],"wp:attachment":[{"href":"https:\/\/respiart.ca\/fr\/wp-json\/wp\/v2\/media?parent=5887"}],"wp:term":[{"taxonomy":"product_brand","embeddable":true,"href":"https:\/\/respiart.ca\/fr\/wp-json\/wp\/v2\/product_brand?post=5887"},{"taxonomy":"product_cat","embeddable":true,"href":"https:\/\/respiart.ca\/fr\/wp-json\/wp\/v2\/product_cat?post=5887"},{"taxonomy":"product_tag","embeddable":true,"href":"https:\/\/respiart.ca\/fr\/wp-json\/wp\/v2\/product_tag?post=5887"}],"curies":[{"name":"wp","href":"https:\/\/api.w.org\/{rel}","templated":true}]}}