{"id":5889,"date":"2025-12-19T11:43:02","date_gmt":"2025-12-19T11:43:02","guid":{"rendered":"http:\/\/f4i.0cc.mytemp.website\/shop\/airmini-filter-12-pack\/"},"modified":"2026-04-24T18:55:17","modified_gmt":"2026-04-24T18:55:17","slug":"filtre-airmini-lot-de-12","status":"publish","type":"product","link":"https:\/\/respiart.ca\/fr\/shop\/airmini-filter-12-pack\/","title":{"rendered":"Filtre AirMini\u2122 \u2013 Paquet de 12"},"content":{"rendered":"<p data-start=\"283\" data-end=\"579\">La <a href=\"https:\/\/respiart.ca\/fr\/magasin\/resmed-airmini-autoset\/\">AirMini<\/a>Le pack de 12 filtres \u2122 est un accessoire essentiel pour maintenir des performances optimales de la <a href=\"https:\/\/respiart.ca\/fr\/categorie-produit\/marques\/resmed\/\">ResMed<\/a> Syst\u00e8me CPAP de voyage AirMini\u2122. Ces filtres de rechange sont con\u00e7us pour capturer les fines particules telles que la poussi\u00e8re et les d\u00e9bris avant que l&#039;air ne p\u00e9n\u00e8tre dans l&#039;appareil, contribuant ainsi \u00e0 assurer un flux d&#039;air propre pendant le traitement.<\/p>\n<p data-start=\"581\" data-end=\"896\">Le remplacement r\u00e9gulier des filtres favorise l&#039;efficacit\u00e9 du traitement par PPC et prolonge la dur\u00e9e de vie de l&#039;AirMini\u2122 en emp\u00eachant les contaminants de p\u00e9n\u00e9trer dans ses composants internes. Ce pack de douze filtres offre une r\u00e9serve pratique pour une utilisation \u00e0 long terme, id\u00e9ale pour les utilisateurs quotidiens comme pour les voyageurs fr\u00e9quents.<\/p>\n<h2 data-start=\"898\" data-end=\"934\">Con\u00e7u exclusivement pour AirMini\u2122<\/h2>\n<p data-start=\"936\" data-end=\"1090\">Ces filtres sont sp\u00e9cialement con\u00e7us pour la conception compacte de l&#039;appareil CPAP de voyage ResMed AirMini\u2122, garantissant un ajustement parfait et une filtration fiable.<\/p>\n<p data-start=\"1092\" data-end=\"1313\">Les principaux avantages de cette conception sont les suivants\u00a0:<br data-start=\"1120\" data-end=\"1123\" \/>\u2022 Compatible uniquement avec les appareils CPAP ResMed AirMini\u2122<br data-start=\"1174\" data-end=\"1177\" \/>\u2022 Ajustement pr\u00e9cis pour un maintien s\u00fbr<br data-start=\"1213\" data-end=\"1216\" \/>\u2022 Con\u00e7u pour prot\u00e9ger les composants internes de l&#039;appareil<br data-start=\"1264\" data-end=\"1267\" \/>\u2022 Non compatible avec les appareils CPAP standard<\/p>\n<h2 data-start=\"1315\" data-end=\"1353\">Flux d&#039;air propre et protection de l&#039;appareil<\/h2>\n<p data-start=\"1355\" data-end=\"1486\">Les filtres jouent un r\u00f4le important dans le maintien de la qualit\u00e9 du traitement en r\u00e9duisant la quantit\u00e9 de particules en suspension dans l&#039;air qui p\u00e9n\u00e8trent dans l&#039;appareil.<\/p>\n<p data-start=\"1488\" data-end=\"1695\">Les avantages de la filtration comprennent\u00a0:<br data-start=\"1516\" data-end=\"1519\" \/>\u2022 Contribue \u00e0 r\u00e9duire la poussi\u00e8re et les particules en suspension dans l&#039;air<br data-start=\"1561\" data-end=\"1564\" \/>\u2022 Assure un flux d&#039;air constant pendant la th\u00e9rapie<br data-start=\"1608\" data-end=\"1611\" \/>\u2022 Contribue \u00e0 une utilisation hygi\u00e9nique de la PPC<br data-start=\"1645\" data-end=\"1648\" \/>\u2022 Contribue \u00e0 pr\u00e9server les performances \u00e0 long terme de l&#039;appareil<\/p>\n<h2 data-start=\"1697\" data-end=\"1725\">Paquet pratique de 12<\/h2>\n<p data-start=\"1727\" data-end=\"1836\">Ce pack multiple offre une solution pratique pour l&#039;entretien r\u00e9gulier sans avoir \u00e0 passer des commandes fr\u00e9quentes.<\/p>\n<p data-start=\"1838\" data-end=\"2025\">Les avantages li\u00e9s \u00e0 la commodit\u00e9 comprennent\u00a0:<br data-start=\"1869\" data-end=\"1872\" \/>\u2022 Douze filtres jetables par paquet<br data-start=\"1908\" data-end=\"1911\" \/>\u2022 Id\u00e9al pour les programmes de remplacement r\u00e9guliers<br data-start=\"1952\" data-end=\"1955\" \/>\u2022 Utile pour les voyages et une utilisation prolong\u00e9e<br data-start=\"1991\" data-end=\"1994\" \/>\u2022 Facile \u00e0 ranger et \u00e0 transporter<\/p>\n<h2 data-start=\"2027\" data-end=\"2063\">Installation et remplacement faciles<\/h2>\n<p data-start=\"2065\" data-end=\"2176\">Le remplacement du filtre AirMini\u2122 est rapide et simple, permettant aux utilisateurs d&#039;entretenir leur appareil avec un minimum d&#039;effort.<\/p>\n<p data-start=\"2178\" data-end=\"2316\">Les fonctionnalit\u00e9s facilitant l&#039;utilisation comprennent\u00a0:<br data-start=\"2207\" data-end=\"2210\" \/>\u2022 Installation sans outil<br data-start=\"2234\" data-end=\"2237\" \/>\u2022 D\u00e9montage et remplacement rapides<br data-start=\"2268\" data-end=\"2271\" \/>\u2022 Con\u00e7u pour les op\u00e9rations d&#039;entretien r\u00e9guli\u00e8res<\/p>\n<h2 data-start=\"2318\" data-end=\"2332\">Utilisateurs id\u00e9aux<\/h2>\n<p data-start=\"2334\" data-end=\"2462\">Le pack de 12 filtres AirMini\u2122 convient \u00e0 tous les utilisateurs d&#039;AirMini\u2122 qui souhaitent maintenir un flux d&#039;air propre et un fonctionnement fiable de l&#039;appareil.<\/p>\n<p data-start=\"2464\" data-end=\"2666\">Recommand\u00e9 pour :<br data-start=\"2480\" data-end=\"2483\" \/>\u2022 Utilisateurs de l&#039;appareil CPAP ResMed AirMini\u2122<br data-start=\"2511\" data-end=\"2514\" \/>\u2022 Les voyageurs fr\u00e9quents utilisant un traitement par PPC<br data-start=\"2553\" data-end=\"2556\" \/>\u2022 Utilisateurs respectant les calendriers de remplacement r\u00e9guliers des filtres<br data-start=\"2610\" data-end=\"2613\" \/>\u2022 Toute personne souhaitant maintenir une hygi\u00e8ne optimale de son appareil<\/p>\n<h2 data-start=\"2668\" data-end=\"2697\">Foire aux questions<\/h2>\n<h3 data-start=\"2699\" data-end=\"2752\">\u00c0 quelle fr\u00e9quence faut-il remplacer le filtre AirMini\u2122\u00a0?<\/h3>\n<p data-start=\"2753\" data-end=\"2909\">La fr\u00e9quence de remplacement d\u00e9pend de l&#039;utilisation et de l&#039;environnement, mais les filtres doivent g\u00e9n\u00e9ralement \u00eatre v\u00e9rifi\u00e9s r\u00e9guli\u00e8rement et remplac\u00e9s lorsqu&#039;ils paraissent sales ou d\u00e9color\u00e9s.<\/p>\n<h3 data-start=\"2911\" data-end=\"2954\">Ces filtres sont-ils lavables ou r\u00e9utilisables\u00a0?<\/h3>\n<p data-start=\"2955\" data-end=\"3023\">Non. Ces filtres sont jetables et ne doivent pas \u00eatre lav\u00e9s ni r\u00e9utilis\u00e9s.<\/p>\n<h3 data-start=\"3025\" data-end=\"3090\">Ces filtres sont-ils compatibles avec d&#039;autres appareils CPAP ResMed\u00a0?<\/h3>\n<p data-start=\"3091\" data-end=\"3177\">Non. Ces filtres sont con\u00e7us exclusivement pour l&#039;appareil CPAP de voyage ResMed AirMini\u2122.<\/p>\n<h3 data-start=\"3179\" data-end=\"3239\">Ce pack contient-il suffisamment de filtres pour une utilisation \u00e0 long terme\u00a0?<\/h3>\n<p data-start=\"3240\" data-end=\"3355\" data-is-last-node=\"\" data-is-only-node=\"\">Oui. Ce pack, qui comprend douze filtres, offre une r\u00e9serve pratique pour une utilisation prolong\u00e9e et un entretien r\u00e9gulier.<\/p>","protected":false},"excerpt":{"rendered":"<p>Le pack de 12 filtres AirMini\u2122 comprend des filtres \u00e0 air de rechange con\u00e7us sp\u00e9cifiquement pour le vaporisateur de voyage ResMed AirMini\u2122. <a href=\"https:\/\/respiart.ca\/fr\/magasin-cpap\/\">PPC<\/a> Ces filtres jetables contribuent \u00e0 maintenir un flux d&#039;air propre et prot\u00e8gent l&#039;appareil pour une performance th\u00e9rapeutique constante.<\/p>","protected":false},"featured_media":6130,"comment_status":"open","ping_status":"closed","template":"","meta":[],"product_brand":[],"product_cat":[108],"product_tag":[],"class_list":{"0":"post-5889","1":"product","2":"type-product","3":"status-publish","4":"has-post-thumbnail","6":"product_cat-resmed","8":"first","9":"instock","10":"sale","11":"taxable","12":"shipping-taxable","13":"purchasable","14":"product-type-simple"},"yoast_head":"<!-- This site is optimized with the Yoast SEO plugin v27.5 - https:\/\/yoast.com\/product\/yoast-seo-wordpress\/ -->\n<title>AirMini\u2122 Filter - 12 Pack | Respiart - Respiratory therapist Montreal<\/title>\n<meta name=\"description\" content=\"The AirMini\u2122 Filter 12 Pack includes replacement air filters designed specifically for the ResMed AirMini\u2122 travel CPAP device. These disposable filters help maintain clean airflow and protect the device for consistent therapy performance.\" \/>\n<meta name=\"robots\" content=\"index, follow, max-snippet:-1, max-image-preview:large, max-video-preview:-1\" \/>\n<link rel=\"canonical\" href=\"https:\/\/respiart.ca\/fr\/magasin\/filtre-airmini-lot-de-12\/\" \/>\n<meta property=\"og:locale\" content=\"fr_CA\" \/>\n<meta property=\"og:type\" content=\"article\" \/>\n<meta property=\"og:title\" content=\"AirMini\u2122 Filter - 12 Pack | Respiart - Respiratory therapist Montreal\" \/>\n<meta property=\"og:description\" content=\"The AirMini\u2122 Filter 12 Pack includes replacement air filters designed specifically for the ResMed AirMini\u2122 travel CPAP device. These disposable filters help maintain clean airflow and protect the device for consistent therapy performance.\" \/>\n<meta property=\"og:url\" content=\"https:\/\/respiart.ca\/fr\/magasin\/filtre-airmini-lot-de-12\/\" \/>\n<meta property=\"og:site_name\" content=\"Respiart - Respiratory therapist Montreal\" \/>\n<meta property=\"article:modified_time\" content=\"2026-04-24T18:55:17+00:00\" \/>\n<meta name=\"twitter:card\" content=\"summary_large_image\" \/>\n<meta name=\"twitter:label1\" content=\"Estimation du temps de lecture\" \/>\n\t<meta name=\"twitter:data1\" content=\"3 minutes\" \/>\n<script type=\"application\/ld+json\" class=\"yoast-schema-graph\">{\"@context\":\"https:\\\/\\\/schema.org\",\"@graph\":[{\"@type\":\"WebPage\",\"@id\":\"https:\\\/\\\/respiart.ca\\\/shop\\\/airmini-filter-12-pack\\\/\",\"url\":\"https:\\\/\\\/respiart.ca\\\/shop\\\/airmini-filter-12-pack\\\/\",\"name\":\"AirMini\u2122 Filter - 12 Pack | Respiart - Respiratory therapist Montreal\",\"isPartOf\":{\"@id\":\"https:\\\/\\\/respiart.ca\\\/ar\\\/#website\"},\"primaryImageOfPage\":{\"@id\":\"https:\\\/\\\/respiart.ca\\\/shop\\\/airmini-filter-12-pack\\\/#primaryimage\"},\"image\":{\"@id\":\"https:\\\/\\\/respiart.ca\\\/shop\\\/airmini-filter-12-pack\\\/#primaryimage\"},\"thumbnailUrl\":\"https:\\\/\\\/respiart.ca\\\/wp-content\\\/uploads\\\/2025\\\/12\\\/AirMini\u2122-Filter-12-Pack.avif\",\"datePublished\":\"2025-12-19T11:43:02+00:00\",\"dateModified\":\"2026-04-24T18:55:17+00:00\",\"description\":\"The AirMini\u2122 Filter 12 Pack includes replacement air filters designed specifically for the ResMed AirMini\u2122 travel CPAP device. These disposable filters help maintain clean airflow and protect the device for consistent therapy performance.\",\"breadcrumb\":{\"@id\":\"https:\\\/\\\/respiart.ca\\\/shop\\\/airmini-filter-12-pack\\\/#breadcrumb\"},\"inLanguage\":\"fr-CA\",\"potentialAction\":[{\"@type\":\"ReadAction\",\"target\":[\"https:\\\/\\\/respiart.ca\\\/shop\\\/airmini-filter-12-pack\\\/\"]}]},{\"@type\":\"ImageObject\",\"inLanguage\":\"fr-CA\",\"@id\":\"https:\\\/\\\/respiart.ca\\\/shop\\\/airmini-filter-12-pack\\\/#primaryimage\",\"url\":\"https:\\\/\\\/respiart.ca\\\/wp-content\\\/uploads\\\/2025\\\/12\\\/AirMini\u2122-Filter-12-Pack.avif\",\"contentUrl\":\"https:\\\/\\\/respiart.ca\\\/wp-content\\\/uploads\\\/2025\\\/12\\\/AirMini\u2122-Filter-12-Pack.avif\",\"width\":1000,\"height\":1000},{\"@type\":\"BreadcrumbList\",\"@id\":\"https:\\\/\\\/respiart.ca\\\/shop\\\/airmini-filter-12-pack\\\/#breadcrumb\",\"itemListElement\":[{\"@type\":\"ListItem\",\"position\":1,\"name\":\"Home\",\"item\":\"https:\\\/\\\/respiart.ca\\\/\"},{\"@type\":\"ListItem\",\"position\":2,\"name\":\"Shop CPAP\",\"item\":\"https:\\\/\\\/respiart.ca\\\/shop-cpap\\\/\"},{\"@type\":\"ListItem\",\"position\":3,\"name\":\"AirMini\u2122 Filter &#8211; 12 Pack\"}]},{\"@type\":\"WebSite\",\"@id\":\"https:\\\/\\\/respiart.ca\\\/ar\\\/#website\",\"url\":\"https:\\\/\\\/respiart.ca\\\/ar\\\/\",\"name\":\"RespiArt - Sleep apnea & CPAPs\",\"description\":\"CPAPs and tests for sleep apnea, asthma, oximetry\",\"publisher\":{\"@id\":\"https:\\\/\\\/respiart.ca\\\/ar\\\/#organization\"},\"potentialAction\":[{\"@type\":\"SearchAction\",\"target\":{\"@type\":\"EntryPoint\",\"urlTemplate\":\"https:\\\/\\\/respiart.ca\\\/ar\\\/?s={search_term_string}\"},\"query-input\":{\"@type\":\"PropertyValueSpecification\",\"valueRequired\":true,\"valueName\":\"search_term_string\"}}],\"inLanguage\":\"fr-CA\"},{\"@type\":\"Organization\",\"@id\":\"https:\\\/\\\/respiart.ca\\\/ar\\\/#organization\",\"name\":\"RespiArt - Sleep apnea & CPAPs\",\"url\":\"https:\\\/\\\/respiart.ca\\\/ar\\\/\",\"logo\":{\"@type\":\"ImageObject\",\"inLanguage\":\"fr-CA\",\"@id\":\"https:\\\/\\\/respiart.ca\\\/ar\\\/#\\\/schema\\\/logo\\\/image\\\/\",\"url\":\"https:\\\/\\\/respiart.ca\\\/wp-content\\\/uploads\\\/2022\\\/05\\\/Respiart-logo-1-e1651540192142.png\",\"contentUrl\":\"https:\\\/\\\/respiart.ca\\\/wp-content\\\/uploads\\\/2022\\\/05\\\/Respiart-logo-1-e1651540192142.png\",\"width\":237,\"height\":61,\"caption\":\"RespiArt - Sleep apnea & CPAPs\"},\"image\":{\"@id\":\"https:\\\/\\\/respiart.ca\\\/ar\\\/#\\\/schema\\\/logo\\\/image\\\/\"}}]}<\/script>\n<!-- \/ Yoast SEO plugin. -->","yoast_head_json":{"title":"Filtre AirMini\u2122 - Paquet de 12 | Respiart - Th\u00e9rapeute respiratoire Montr\u00e9al","description":"Le paquet de 12 filtres AirMini\u2122 contient des filtres de rechange sp\u00e9cialement con\u00e7us pour l&#039;appareil CPAP de voyage ResMed AirMini\u2122. Ces filtres jetables contribuent \u00e0 maintenir un flux d&#039;air propre et prot\u00e8gent l&#039;appareil pour une th\u00e9rapie optimale et constante.","robots":{"index":"index","follow":"follow","max-snippet":"max-snippet:-1","max-image-preview":"max-image-preview:large","max-video-preview":"max-video-preview:-1"},"canonical":"https:\/\/respiart.ca\/fr\/magasin\/filtre-airmini-lot-de-12\/","og_locale":"fr_CA","og_type":"article","og_title":"AirMini\u2122 Filter - 12 Pack | Respiart - Respiratory therapist Montreal","og_description":"The AirMini\u2122 Filter 12 Pack includes replacement air filters designed specifically for the ResMed AirMini\u2122 travel CPAP device. These disposable filters help maintain clean airflow and protect the device for consistent therapy performance.","og_url":"https:\/\/respiart.ca\/fr\/magasin\/filtre-airmini-lot-de-12\/","og_site_name":"Respiart - Respiratory therapist Montreal","article_modified_time":"2026-04-24T18:55:17+00:00","twitter_card":"summary_large_image","twitter_misc":{"Estimation du temps de lecture":"3 minutes"},"schema":{"@context":"https:\/\/schema.org","@graph":[{"@type":"WebPage","@id":"https:\/\/respiart.ca\/shop\/airmini-filter-12-pack\/","url":"https:\/\/respiart.ca\/shop\/airmini-filter-12-pack\/","name":"Filtre AirMini\u2122 - Paquet de 12 | Respiart - Th\u00e9rapeute respiratoire Montr\u00e9al","isPartOf":{"@id":"https:\/\/respiart.ca\/ar\/#website"},"primaryImageOfPage":{"@id":"https:\/\/respiart.ca\/shop\/airmini-filter-12-pack\/#primaryimage"},"image":{"@id":"https:\/\/respiart.ca\/shop\/airmini-filter-12-pack\/#primaryimage"},"thumbnailUrl":"https:\/\/respiart.ca\/wp-content\/uploads\/2025\/12\/AirMini\u2122-Filter-12-Pack.avif","datePublished":"2025-12-19T11:43:02+00:00","dateModified":"2026-04-24T18:55:17+00:00","description":"Le paquet de 12 filtres AirMini\u2122 contient des filtres de rechange sp\u00e9cialement con\u00e7us pour l&#039;appareil CPAP de voyage ResMed AirMini\u2122. Ces filtres jetables contribuent \u00e0 maintenir un flux d&#039;air propre et prot\u00e8gent l&#039;appareil pour une th\u00e9rapie optimale et constante.","breadcrumb":{"@id":"https:\/\/respiart.ca\/shop\/airmini-filter-12-pack\/#breadcrumb"},"inLanguage":"fr-CA","potentialAction":[{"@type":"ReadAction","target":["https:\/\/respiart.ca\/shop\/airmini-filter-12-pack\/"]}]},{"@type":"ImageObject","inLanguage":"fr-CA","@id":"https:\/\/respiart.ca\/shop\/airmini-filter-12-pack\/#primaryimage","url":"https:\/\/respiart.ca\/wp-content\/uploads\/2025\/12\/AirMini\u2122-Filter-12-Pack.avif","contentUrl":"https:\/\/respiart.ca\/wp-content\/uploads\/2025\/12\/AirMini\u2122-Filter-12-Pack.avif","width":1000,"height":1000},{"@type":"BreadcrumbList","@id":"https:\/\/respiart.ca\/shop\/airmini-filter-12-pack\/#breadcrumb","itemListElement":[{"@type":"ListItem","position":1,"name":"Home","item":"https:\/\/respiart.ca\/"},{"@type":"ListItem","position":2,"name":"Shop CPAP","item":"https:\/\/respiart.ca\/shop-cpap\/"},{"@type":"ListItem","position":3,"name":"AirMini\u2122 Filter &#8211; 12 Pack"}]},{"@type":"WebSite","@id":"https:\/\/respiart.ca\/ar\/#website","url":"https:\/\/respiart.ca\/ar\/","name":"RespiArt - Apn\u00e9e du sommeil et CPAP","description":"CPAP et tests pour l&#039;apn\u00e9e du sommeil, l&#039;asthme, l&#039;oxym\u00e9trie","publisher":{"@id":"https:\/\/respiart.ca\/ar\/#organization"},"potentialAction":[{"@type":"SearchAction","target":{"@type":"EntryPoint","urlTemplate":"https:\/\/respiart.ca\/ar\/?s={search_term_string}"},"query-input":{"@type":"PropertyValueSpecification","valueRequired":true,"valueName":"search_term_string"}}],"inLanguage":"fr-CA"},{"@type":"Organization","@id":"https:\/\/respiart.ca\/ar\/#organization","name":"RespiArt - Apn\u00e9e du sommeil et CPAP","url":"https:\/\/respiart.ca\/ar\/","logo":{"@type":"ImageObject","inLanguage":"fr-CA","@id":"https:\/\/respiart.ca\/ar\/#\/schema\/logo\/image\/","url":"https:\/\/respiart.ca\/wp-content\/uploads\/2022\/05\/Respiart-logo-1-e1651540192142.png","contentUrl":"https:\/\/respiart.ca\/wp-content\/uploads\/2022\/05\/Respiart-logo-1-e1651540192142.png","width":237,"height":61,"caption":"RespiArt - Sleep apnea & CPAPs"},"image":{"@id":"https:\/\/respiart.ca\/ar\/#\/schema\/logo\/image\/"}}]}},"_links":{"self":[{"href":"https:\/\/respiart.ca\/fr\/wp-json\/wp\/v2\/product\/5889","targetHints":{"allow":["GET"]}}],"collection":[{"href":"https:\/\/respiart.ca\/fr\/wp-json\/wp\/v2\/product"}],"about":[{"href":"https:\/\/respiart.ca\/fr\/wp-json\/wp\/v2\/types\/product"}],"replies":[{"embeddable":true,"href":"https:\/\/respiart.ca\/fr\/wp-json\/wp\/v2\/comments?post=5889"}],"wp:featuredmedia":[{"embeddable":true,"href":"https:\/\/respiart.ca\/fr\/wp-json\/wp\/v2\/media\/6130"}],"wp:attachment":[{"href":"https:\/\/respiart.ca\/fr\/wp-json\/wp\/v2\/media?parent=5889"}],"wp:term":[{"taxonomy":"product_brand","embeddable":true,"href":"https:\/\/respiart.ca\/fr\/wp-json\/wp\/v2\/product_brand?post=5889"},{"taxonomy":"product_cat","embeddable":true,"href":"https:\/\/respiart.ca\/fr\/wp-json\/wp\/v2\/product_cat?post=5889"},{"taxonomy":"product_tag","embeddable":true,"href":"https:\/\/respiart.ca\/fr\/wp-json\/wp\/v2\/product_tag?post=5889"}],"curies":[{"name":"wp","href":"https:\/\/api.w.org\/{rel}","templated":true}]}}