{"id":5895,"date":"2025-12-19T11:43:42","date_gmt":"2025-12-19T11:43:42","guid":{"rendered":"http:\/\/f4i.0cc.mytemp.website\/shop\/humidx-standard-6-pack\/"},"modified":"2025-12-22T12:14:37","modified_gmt":"2025-12-22T12:14:37","slug":"humidx-standard-6-packs","status":"publish","type":"product","link":"https:\/\/respiart.ca\/fr\/shop\/humidx-standard-6-pack\/","title":{"rendered":"HumidX\u2122 \u2013 Standard \u2013 Paquet de 6"},"content":{"rendered":"<p data-start=\"284\" data-end=\"643\">Le pack de 6 HumidX\u2122 Standard est con\u00e7u pour les appareils CPAP de voyage ResMed AirMini\u2122, offrant une solution compacte et pratique pour humidifier l&#039;air sans utiliser d&#039;eau. Chaque \u00e9changeur de chaleur et d&#039;humidit\u00e9 HumidX\u2122 capte l&#039;humidit\u00e9 de l&#039;air expir\u00e9 et la restitue \u00e0 l&#039;inspiration, contribuant ainsi \u00e0 r\u00e9duire la s\u00e9cheresse tout en conservant un syst\u00e8me l\u00e9ger et portable.<\/p>\n<p data-start=\"645\" data-end=\"886\">Cette solution est id\u00e9ale pour les voyages et un usage quotidien, notamment dans les environnements o\u00f9 transporter de l&#039;eau distill\u00e9e ou nettoyer un humidificateur n&#039;est pas pratique. Gr\u00e2ce aux six cartouches HumidX\u2122 incluses, les utilisateurs disposent d&#039;une r\u00e9serve suffisante pour une th\u00e9rapie continue.<\/p>\n<p data-start=\"888\" data-end=\"1020\">Avant d&#039;explorer les principaux avantages, il est utile de comprendre que les cartouches HumidX\u2122 sont jetables et destin\u00e9es \u00e0 un usage limit\u00e9.<\/p>\n<h3 data-start=\"1022\" data-end=\"1063\">Humidification sans eau pour AirMini\u2122<\/h3>\n<p data-start=\"1065\" data-end=\"1141\">La technologie HumidX\u2122 assure un \u00e9change d&#039;humidit\u00e9 efficace dans un format compact.<\/p>\n<p data-start=\"1143\" data-end=\"1340\">Les principaux avantages sont les suivants\u00a0:<br data-start=\"1164\" data-end=\"1167\" \/>\u2022 Humidifie le syst\u00e8me sans eau<br data-start=\"1206\" data-end=\"1209\" \/>\u2022 Contribue \u00e0 r\u00e9duire la s\u00e9cheresse du nez et de la gorge<br data-start=\"1254\" data-end=\"1257\" \/>\u2022 Conception l\u00e9g\u00e8re et adapt\u00e9e aux voyages<br data-start=\"1297\" data-end=\"1300\" \/>\u2022 Aucune alimentation \u00e9lectrique ni \u00e9l\u00e9ment chauffant requis<\/p>\n<h3 data-start=\"1342\" data-end=\"1375\">Con\u00e7u pour les syst\u00e8mes AirMini\u2122<\/h3>\n<p data-start=\"1377\" data-end=\"1465\">Ces cartouches sont con\u00e7ues pour s&#039;int\u00e9grer parfaitement aux configurations AirMini\u2122 compatibles.<\/p>\n<p data-start=\"1467\" data-end=\"1644\">D\u00e9tails de compatibilit\u00e9\u00a0:<br data-start=\"1497\" data-end=\"1500\" \/>\u2022 Compatible avec les appareils ResMed AirMini\u2122<br data-start=\"1541\" data-end=\"1544\" \/>\u2022 \u00c0 utiliser avec les masques et configurations AirMini\u2122 compatibles<br data-start=\"1595\" data-end=\"1598\" \/>\u2022 Non compatible avec les appareils CPAP standard<\/p>\n<h3 data-start=\"1646\" data-end=\"1674\">Utilisation et remplacement faciles<\/h3>\n<p data-start=\"1676\" data-end=\"1728\">Les cartouches HumidX\u2122 sont con\u00e7ues pour une manipulation simple.<\/p>\n<p data-start=\"1730\" data-end=\"1927\">Les points forts de son utilisation incluent\u00a0:<br data-start=\"1755\" data-end=\"1758\" \/>\u2022 Ins\u00e9rer directement dans le masque ou le dispositif compatible<br data-start=\"1809\" data-end=\"1812\" \/>\u2022 Conception \u00e0 usage unique pour une utilisation hygi\u00e9nique<br data-start=\"1848\" data-end=\"1851\" \/>\u2022 Remplacement recommand\u00e9 tous les 30 jours ou plus t\u00f4t si les performances diminuent.<\/p>\n<h3 data-start=\"1929\" data-end=\"1958\">Format et praticit\u00e9<\/h3>\n<p data-start=\"1960\" data-end=\"2010\">Ce pack de 6 permet de suivre un traitement r\u00e9gulier dans le temps.<\/p>\n<p data-start=\"2012\" data-end=\"2167\">Les avantages du pack comprennent\u00a0:<br data-start=\"2036\" data-end=\"2039\" \/>\u2022 6 cartouches HumidX\u2122 Standard par paquet<br data-start=\"2079\" data-end=\"2082\" \/>\u2022 Id\u00e9al pour les cycles de remplacement r\u00e9guliers<br data-start=\"2120\" data-end=\"2123\" \/>\u2022 Un approvisionnement pratique pour les voyages ou l&#039;utilisation \u00e0 domicile<\/p>\n<h3 data-start=\"2169\" data-end=\"2199\">Foire aux questions<\/h3>\n<h3 data-start=\"2201\" data-end=\"2270\">Quelle est la diff\u00e9rence entre HumidX\u2122 Standard et HumidX\u2122 Plus\u00a0?<\/h3>\n<p data-start=\"2271\" data-end=\"2441\">HumidX\u2122 Plus offre un niveau d&#039;humidit\u00e9 plus \u00e9lev\u00e9 et est destin\u00e9 aux environnements tr\u00e8s secs, tandis que la version Standard offre une humidification \u00e9quilibr\u00e9e pour la plupart des conditions.<\/p>\n<h3 data-start=\"2443\" data-end=\"2478\">Ai-je besoin d&#039;eau pour utiliser HumidX\u2122 ?<\/h3>\n<p data-start=\"2479\" data-end=\"2558\">Non. HumidX\u2122 assure une humidification sans eau gr\u00e2ce \u00e0 un \u00e9change de chaleur et d&#039;humidit\u00e9.<\/p>\n<h3 data-start=\"2560\" data-end=\"2606\">Quelle est la dur\u00e9e de vie de chaque cartouche HumidX\u2122 ?<\/h3>\n<p data-start=\"2607\" data-end=\"2707\">Chaque cartouche a g\u00e9n\u00e9ralement une dur\u00e9e d&#039;utilisation allant jusqu&#039;\u00e0 30 jours, en fonction de l&#039;utilisation et des conditions environnementales.<\/p>\n<h3 data-start=\"2709\" data-end=\"2746\">L&#039;HumidX\u2122 peut-il \u00eatre nettoy\u00e9 ou r\u00e9utilis\u00e9\u00a0?<\/h3>\n<p data-start=\"2747\" data-end=\"2842\" data-is-last-node=\"\" data-is-only-node=\"\">Non. Les cartouches HumidX\u2122 sont jetables et doivent \u00eatre remplac\u00e9es r\u00e9guli\u00e8rement pour une performance optimale.<\/p>","protected":false},"excerpt":{"rendered":"<p>Le HumidX\u2122 Standard (paquet de 6) assure une humidification sans eau pour les appareils ResMed AirMini\u2122, aidant \u00e0 maintenir des niveaux d&#039;humidit\u00e9 confortables pendant la th\u00e9rapie CPAP sans avoir besoin d&#039;une chambre \u00e0 eau traditionnelle.<\/p>","protected":false},"featured_media":6175,"comment_status":"open","ping_status":"closed","template":"","meta":[],"product_brand":[],"product_cat":[108],"product_tag":[],"class_list":{"0":"post-5895","1":"product","2":"type-product","3":"status-publish","4":"has-post-thumbnail","6":"product_cat-resmed","8":"first","9":"instock","10":"sale","11":"taxable","12":"shipping-taxable","13":"purchasable","14":"product-type-simple"},"yoast_head":"<!-- This site is optimized with the Yoast SEO plugin v27.3 - https:\/\/yoast.com\/product\/yoast-seo-wordpress\/ -->\n<title>HumidX\u2122 - Standard - 6 Pack | Respiart - Respiratory therapist Montreal<\/title>\n<meta name=\"description\" content=\"The HumidX\u2122 Standard (6 Pack) provides waterless humidification for ResMed AirMini\u2122 devices, helping maintain comfortable moisture levels during CPAP therapy without the need for a traditional water chamber.\" \/>\n<meta name=\"robots\" content=\"index, follow, max-snippet:-1, max-image-preview:large, max-video-preview:-1\" \/>\n<link rel=\"canonical\" href=\"https:\/\/respiart.ca\/fr\/magasin\/humidx-standard-6-packs\/\" \/>\n<meta property=\"og:locale\" content=\"fr_CA\" \/>\n<meta property=\"og:type\" content=\"article\" \/>\n<meta property=\"og:title\" content=\"HumidX\u2122 - Standard - 6 Pack | Respiart - Respiratory therapist Montreal\" \/>\n<meta property=\"og:description\" content=\"The HumidX\u2122 Standard (6 Pack) provides waterless humidification for ResMed AirMini\u2122 devices, helping maintain comfortable moisture levels during CPAP therapy without the need for a traditional water chamber.\" \/>\n<meta property=\"og:url\" content=\"https:\/\/respiart.ca\/fr\/magasin\/humidx-standard-6-packs\/\" \/>\n<meta property=\"og:site_name\" content=\"Respiart - Respiratory therapist Montreal\" \/>\n<meta property=\"article:modified_time\" content=\"2025-12-22T12:14:37+00:00\" \/>\n<meta property=\"og:image\" content=\"https:\/\/respiart.ca\/wp-content\/uploads\/2025\/12\/HumidX\u2122-Standard-6-Pack-images.webp\" \/>\n\t<meta property=\"og:image:width\" content=\"500\" \/>\n\t<meta property=\"og:image:height\" content=\"500\" \/>\n\t<meta property=\"og:image:type\" content=\"image\/webp\" \/>\n<meta name=\"twitter:card\" content=\"summary_large_image\" \/>\n<meta name=\"twitter:label1\" content=\"Estimation du temps de lecture\" \/>\n\t<meta name=\"twitter:data1\" content=\"1 minute\" \/>\n<script type=\"application\/ld+json\" class=\"yoast-schema-graph\">{\"@context\":\"https:\\\/\\\/schema.org\",\"@graph\":[{\"@type\":\"WebPage\",\"@id\":\"https:\\\/\\\/respiart.ca\\\/shop\\\/humidx-standard-6-pack\\\/\",\"url\":\"https:\\\/\\\/respiart.ca\\\/shop\\\/humidx-standard-6-pack\\\/\",\"name\":\"HumidX\u2122 - Standard - 6 Pack | Respiart - Respiratory therapist Montreal\",\"isPartOf\":{\"@id\":\"https:\\\/\\\/respiart.ca\\\/ar\\\/#website\"},\"primaryImageOfPage\":{\"@id\":\"https:\\\/\\\/respiart.ca\\\/shop\\\/humidx-standard-6-pack\\\/#primaryimage\"},\"image\":{\"@id\":\"https:\\\/\\\/respiart.ca\\\/shop\\\/humidx-standard-6-pack\\\/#primaryimage\"},\"thumbnailUrl\":\"https:\\\/\\\/respiart.ca\\\/wp-content\\\/uploads\\\/2025\\\/12\\\/HumidX\u2122-Standard-6-Pack-images.webp\",\"datePublished\":\"2025-12-19T11:43:42+00:00\",\"dateModified\":\"2025-12-22T12:14:37+00:00\",\"description\":\"The HumidX\u2122 Standard (6 Pack) provides waterless humidification for ResMed AirMini\u2122 devices, helping maintain comfortable moisture levels during CPAP therapy without the need for a traditional water chamber.\",\"breadcrumb\":{\"@id\":\"https:\\\/\\\/respiart.ca\\\/shop\\\/humidx-standard-6-pack\\\/#breadcrumb\"},\"inLanguage\":\"fr-CA\",\"potentialAction\":[{\"@type\":\"ReadAction\",\"target\":[\"https:\\\/\\\/respiart.ca\\\/shop\\\/humidx-standard-6-pack\\\/\"]}]},{\"@type\":\"ImageObject\",\"inLanguage\":\"fr-CA\",\"@id\":\"https:\\\/\\\/respiart.ca\\\/shop\\\/humidx-standard-6-pack\\\/#primaryimage\",\"url\":\"https:\\\/\\\/respiart.ca\\\/wp-content\\\/uploads\\\/2025\\\/12\\\/HumidX\u2122-Standard-6-Pack-images.webp\",\"contentUrl\":\"https:\\\/\\\/respiart.ca\\\/wp-content\\\/uploads\\\/2025\\\/12\\\/HumidX\u2122-Standard-6-Pack-images.webp\",\"width\":500,\"height\":500},{\"@type\":\"BreadcrumbList\",\"@id\":\"https:\\\/\\\/respiart.ca\\\/shop\\\/humidx-standard-6-pack\\\/#breadcrumb\",\"itemListElement\":[{\"@type\":\"ListItem\",\"position\":1,\"name\":\"Home\",\"item\":\"https:\\\/\\\/respiart.ca\\\/\"},{\"@type\":\"ListItem\",\"position\":2,\"name\":\"Shop CPAP\",\"item\":\"https:\\\/\\\/respiart.ca\\\/ar\\\/%d9%85%d8%aa%d8%ac%d8%b1-cpap\\\/\"},{\"@type\":\"ListItem\",\"position\":3,\"name\":\"HumidX\u2122 &#8211; Standard &#8211; 6 Pack\"}]},{\"@type\":\"WebSite\",\"@id\":\"https:\\\/\\\/respiart.ca\\\/ar\\\/#website\",\"url\":\"https:\\\/\\\/respiart.ca\\\/ar\\\/\",\"name\":\"RespiArt - Sleep apnea & CPAPs\",\"description\":\"CPAPs and tests for sleep apnea, asthma, oximetry\",\"publisher\":{\"@id\":\"https:\\\/\\\/respiart.ca\\\/ar\\\/#organization\"},\"potentialAction\":[{\"@type\":\"SearchAction\",\"target\":{\"@type\":\"EntryPoint\",\"urlTemplate\":\"https:\\\/\\\/respiart.ca\\\/ar\\\/?s={search_term_string}\"},\"query-input\":{\"@type\":\"PropertyValueSpecification\",\"valueRequired\":true,\"valueName\":\"search_term_string\"}}],\"inLanguage\":\"fr-CA\"},{\"@type\":\"Organization\",\"@id\":\"https:\\\/\\\/respiart.ca\\\/ar\\\/#organization\",\"name\":\"RespiArt - Sleep apnea & CPAPs\",\"url\":\"https:\\\/\\\/respiart.ca\\\/ar\\\/\",\"logo\":{\"@type\":\"ImageObject\",\"inLanguage\":\"fr-CA\",\"@id\":\"https:\\\/\\\/respiart.ca\\\/ar\\\/#\\\/schema\\\/logo\\\/image\\\/\",\"url\":\"https:\\\/\\\/respiart.ca\\\/wp-content\\\/uploads\\\/2022\\\/05\\\/Respiart-logo-1-e1651540192142.png\",\"contentUrl\":\"https:\\\/\\\/respiart.ca\\\/wp-content\\\/uploads\\\/2022\\\/05\\\/Respiart-logo-1-e1651540192142.png\",\"width\":237,\"height\":61,\"caption\":\"RespiArt - Sleep apnea & CPAPs\"},\"image\":{\"@id\":\"https:\\\/\\\/respiart.ca\\\/ar\\\/#\\\/schema\\\/logo\\\/image\\\/\"}}]}<\/script>\n<!-- \/ Yoast SEO plugin. -->","yoast_head_json":{"title":"HumidX\u2122 - Standard - Paquet de 6 | Respiart - Th\u00e9rapeute respiratoire Montr\u00e9al","description":"Le HumidX\u2122 Standard (paquet de 6) assure une humidification sans eau pour les appareils ResMed AirMini\u2122, aidant \u00e0 maintenir des niveaux d&#039;humidit\u00e9 confortables pendant la th\u00e9rapie CPAP sans avoir besoin d&#039;une chambre \u00e0 eau traditionnelle.","robots":{"index":"index","follow":"follow","max-snippet":"max-snippet:-1","max-image-preview":"max-image-preview:large","max-video-preview":"max-video-preview:-1"},"canonical":"https:\/\/respiart.ca\/fr\/magasin\/humidx-standard-6-packs\/","og_locale":"fr_CA","og_type":"article","og_title":"HumidX\u2122 - Standard - 6 Pack | Respiart - Respiratory therapist Montreal","og_description":"The HumidX\u2122 Standard (6 Pack) provides waterless humidification for ResMed AirMini\u2122 devices, helping maintain comfortable moisture levels during CPAP therapy without the need for a traditional water chamber.","og_url":"https:\/\/respiart.ca\/fr\/magasin\/humidx-standard-6-packs\/","og_site_name":"Respiart - Respiratory therapist Montreal","article_modified_time":"2025-12-22T12:14:37+00:00","og_image":[{"width":500,"height":500,"url":"https:\/\/respiart.ca\/wp-content\/uploads\/2025\/12\/HumidX\u2122-Standard-6-Pack-images.webp","type":"image\/webp"}],"twitter_card":"summary_large_image","twitter_misc":{"Estimation du temps de lecture":"1 minute"},"schema":{"@context":"https:\/\/schema.org","@graph":[{"@type":"WebPage","@id":"https:\/\/respiart.ca\/shop\/humidx-standard-6-pack\/","url":"https:\/\/respiart.ca\/shop\/humidx-standard-6-pack\/","name":"HumidX\u2122 - Standard - Paquet de 6 | Respiart - Th\u00e9rapeute respiratoire Montr\u00e9al","isPartOf":{"@id":"https:\/\/respiart.ca\/ar\/#website"},"primaryImageOfPage":{"@id":"https:\/\/respiart.ca\/shop\/humidx-standard-6-pack\/#primaryimage"},"image":{"@id":"https:\/\/respiart.ca\/shop\/humidx-standard-6-pack\/#primaryimage"},"thumbnailUrl":"https:\/\/respiart.ca\/wp-content\/uploads\/2025\/12\/HumidX\u2122-Standard-6-Pack-images.webp","datePublished":"2025-12-19T11:43:42+00:00","dateModified":"2025-12-22T12:14:37+00:00","description":"Le HumidX\u2122 Standard (paquet de 6) assure une humidification sans eau pour les appareils ResMed AirMini\u2122, aidant \u00e0 maintenir des niveaux d&#039;humidit\u00e9 confortables pendant la th\u00e9rapie CPAP sans avoir besoin d&#039;une chambre \u00e0 eau traditionnelle.","breadcrumb":{"@id":"https:\/\/respiart.ca\/shop\/humidx-standard-6-pack\/#breadcrumb"},"inLanguage":"fr-CA","potentialAction":[{"@type":"ReadAction","target":["https:\/\/respiart.ca\/shop\/humidx-standard-6-pack\/"]}]},{"@type":"ImageObject","inLanguage":"fr-CA","@id":"https:\/\/respiart.ca\/shop\/humidx-standard-6-pack\/#primaryimage","url":"https:\/\/respiart.ca\/wp-content\/uploads\/2025\/12\/HumidX\u2122-Standard-6-Pack-images.webp","contentUrl":"https:\/\/respiart.ca\/wp-content\/uploads\/2025\/12\/HumidX\u2122-Standard-6-Pack-images.webp","width":500,"height":500},{"@type":"BreadcrumbList","@id":"https:\/\/respiart.ca\/shop\/humidx-standard-6-pack\/#breadcrumb","itemListElement":[{"@type":"ListItem","position":1,"name":"Home","item":"https:\/\/respiart.ca\/"},{"@type":"ListItem","position":2,"name":"Shop CPAP","item":"https:\/\/respiart.ca\/ar\/%d9%85%d8%aa%d8%ac%d8%b1-cpap\/"},{"@type":"ListItem","position":3,"name":"HumidX\u2122 &#8211; Standard &#8211; 6 Pack"}]},{"@type":"WebSite","@id":"https:\/\/respiart.ca\/ar\/#website","url":"https:\/\/respiart.ca\/ar\/","name":"RespiArt - Apn\u00e9e du sommeil et CPAP","description":"CPAP et tests pour l&#039;apn\u00e9e du sommeil, l&#039;asthme, l&#039;oxym\u00e9trie","publisher":{"@id":"https:\/\/respiart.ca\/ar\/#organization"},"potentialAction":[{"@type":"SearchAction","target":{"@type":"EntryPoint","urlTemplate":"https:\/\/respiart.ca\/ar\/?s={search_term_string}"},"query-input":{"@type":"PropertyValueSpecification","valueRequired":true,"valueName":"search_term_string"}}],"inLanguage":"fr-CA"},{"@type":"Organization","@id":"https:\/\/respiart.ca\/ar\/#organization","name":"RespiArt - Apn\u00e9e du sommeil et CPAP","url":"https:\/\/respiart.ca\/ar\/","logo":{"@type":"ImageObject","inLanguage":"fr-CA","@id":"https:\/\/respiart.ca\/ar\/#\/schema\/logo\/image\/","url":"https:\/\/respiart.ca\/wp-content\/uploads\/2022\/05\/Respiart-logo-1-e1651540192142.png","contentUrl":"https:\/\/respiart.ca\/wp-content\/uploads\/2022\/05\/Respiart-logo-1-e1651540192142.png","width":237,"height":61,"caption":"RespiArt - Sleep apnea & CPAPs"},"image":{"@id":"https:\/\/respiart.ca\/ar\/#\/schema\/logo\/image\/"}}]}},"_links":{"self":[{"href":"https:\/\/respiart.ca\/fr\/wp-json\/wp\/v2\/product\/5895","targetHints":{"allow":["GET"]}}],"collection":[{"href":"https:\/\/respiart.ca\/fr\/wp-json\/wp\/v2\/product"}],"about":[{"href":"https:\/\/respiart.ca\/fr\/wp-json\/wp\/v2\/types\/product"}],"replies":[{"embeddable":true,"href":"https:\/\/respiart.ca\/fr\/wp-json\/wp\/v2\/comments?post=5895"}],"wp:featuredmedia":[{"embeddable":true,"href":"https:\/\/respiart.ca\/fr\/wp-json\/wp\/v2\/media\/6175"}],"wp:attachment":[{"href":"https:\/\/respiart.ca\/fr\/wp-json\/wp\/v2\/media?parent=5895"}],"wp:term":[{"taxonomy":"product_brand","embeddable":true,"href":"https:\/\/respiart.ca\/fr\/wp-json\/wp\/v2\/product_brand?post=5895"},{"taxonomy":"product_cat","embeddable":true,"href":"https:\/\/respiart.ca\/fr\/wp-json\/wp\/v2\/product_cat?post=5895"},{"taxonomy":"product_tag","embeddable":true,"href":"https:\/\/respiart.ca\/fr\/wp-json\/wp\/v2\/product_tag?post=5895"}],"curies":[{"name":"wp","href":"https:\/\/api.w.org\/{rel}","templated":true}]}}