{"id":5898,"date":"2025-12-19T11:44:01","date_gmt":"2025-12-19T11:44:01","guid":{"rendered":"http:\/\/f4i.0cc.mytemp.website\/shop\/climatelineair-11-heated-tubing\/"},"modified":"2026-04-23T20:22:01","modified_gmt":"2026-04-23T20:22:01","slug":"tuyau-chauffant-climatelineair-11","status":"publish","type":"product","link":"https:\/\/respiart.ca\/fr\/shop\/climatelineair-11-heated-tubing\/","title":{"rendered":"Tuyaux chauffants ClimateLineAir\u2122 11"},"content":{"rendered":"<p data-start=\"297\" data-end=\"680\">Le ClimateLineAir\u2122 11 <a href=\"https:\/\/respiart.ca\/fr\/magasin\/accessoires\/\">tubes chauffants<\/a> est un accessoire CPAP avanc\u00e9 qui fonctionne en combinaison avec <a href=\"https:\/\/respiart.ca\/fr\/categorie-produit\/marques\/resmed\/\">ResMed<\/a> Les appareils AirSense\u2122 11 et AirCurve\u2122 11 permettent de contr\u00f4ler la temp\u00e9rature et l&#039;humidit\u00e9 pendant les s\u00e9ances de th\u00e9rapie du sommeil. En r\u00e9chauffant activement l&#039;air lors de son passage de l&#039;appareil au masque, le syst\u00e8me de tubulure assure un confort respiratoire optimal quelles que soient les conditions ambiantes.<\/p>\n<p data-start=\"682\" data-end=\"962\">Utilis\u00e9 avec le syst\u00e8me Climate Control Auto, le tube ajuste automatiquement la temp\u00e9rature et l&#039;humidit\u00e9 afin de r\u00e9duire la condensation \u00e0 l&#039;int\u00e9rieur du tube et du masque. Ceci assure un flux d&#039;air constant, naturel et confortable toute la nuit, m\u00eame par temps frais.<\/p>\n<h2 data-start=\"964\" data-end=\"1004\">Con\u00e7u pour les appareils de la s\u00e9rie ResMed 11<\/h2>\n<p data-start=\"1006\" data-end=\"1141\">Ce tube chauffant est sp\u00e9cialement con\u00e7u pour la s\u00e9rie ResMed 11 afin d&#039;assurer une communication pr\u00e9cise entre l&#039;appareil et le tube.<\/p>\n<p data-start=\"1143\" data-end=\"1365\">Les principaux points de compatibilit\u00e9 sont les suivants\u00a0:<br data-start=\"1176\" data-end=\"1179\" \/>\u2022 Compatible avec les appareils CPAP et APAP ResMed AirSense\u2122 11<br data-start=\"1238\" data-end=\"1241\" \/>\u2022 Compatible avec les appareils \u00e0 deux niveaux de pression ResMed AirCurve\u2122 11<br data-start=\"1294\" data-end=\"1297\" \/>\u2022 Non compatible avec les anciens mod\u00e8les ResMed ni avec les appareils non ResMed.<\/p>\n<h2 data-start=\"1367\" data-end=\"1413\">Contr\u00f4le constant de la temp\u00e9rature et de l&#039;humidit\u00e9<\/h2>\n<p data-start=\"1415\" data-end=\"1532\">Le tube ClimateLineAir\u2122 11 fonctionne avec l&#039;appareil pour maintenir des conditions de th\u00e9rapie optimales automatiquement ou manuellement.<\/p>\n<p data-start=\"1534\" data-end=\"1777\">Les avantages en mati\u00e8re de confort comprennent\u00a0:<br data-start=\"1559\" data-end=\"1562\" \/>\u2022 Tuyauterie chauff\u00e9e activement pour maintenir une temp\u00e9rature d&#039;air constante<br data-start=\"1625\" data-end=\"1628\" \/>\u2022 Contribue \u00e0 r\u00e9duire la s\u00e9cheresse du nez et de la gorge<br data-start=\"1673\" data-end=\"1676\" \/>\u2022 R\u00e9duit la condensation \u00e0 l&#039;int\u00e9rieur du tube et du masque<br data-start=\"1727\" data-end=\"1730\" \/>\u2022 Prend en charge la fonction de climatisation automatique<\/p>\n<h2 data-start=\"1779\" data-end=\"1821\">Confort am\u00e9lior\u00e9 dans les environnements plus frais<\/h2>\n<p data-start=\"1823\" data-end=\"1903\">Les tubes chauffants sont particuli\u00e8rement b\u00e9n\u00e9fiques dans les pi\u00e8ces o\u00f9 la temp\u00e9rature ambiante est plus basse.<\/p>\n<p data-start=\"1905\" data-end=\"2099\">Les avantages environnementaux comprennent\u00a0:<br data-start=\"1938\" data-end=\"1941\" \/>\u2022 R\u00e9duction des annulations dues aux intemp\u00e9ries caus\u00e9es par les variations de temp\u00e9rature<br data-start=\"1988\" data-end=\"1991\" \/>\u2022 Circulation d&#039;air plus stable dans les pi\u00e8ces fra\u00eeches ou climatis\u00e9es<br data-start=\"2045\" data-end=\"2048\" \/>\u2022 Une th\u00e9rapie confortable tout au long des changements de saison<\/p>\n<h2 data-start=\"2101\" data-end=\"2127\">Connexion et utilisation faciles<\/h2>\n<p data-start=\"2129\" data-end=\"2218\">Le tube ClimateLineAir\u2122 11 est con\u00e7u pour une installation simple et une utilisation quotidienne.<\/p>\n<p data-start=\"2220\" data-end=\"2421\">Les fonctionnalit\u00e9s facilitant l&#039;utilisation comprennent\u00a0:<br data-start=\"2249\" data-end=\"2252\" \/>\u2022 Connexion s\u00e9curis\u00e9e par clic aux appareils compatibles<br data-start=\"2302\" data-end=\"2305\" \/>\u2022 Reconnaissance automatique par AirSense\u2122 11 et AirCurve\u2122 11<br data-start=\"2361\" data-end=\"2364\" \/>\u2022 Tube flexible pour une libert\u00e9 de mouvement optimale pendant le sommeil<\/p>\n<h2 data-start=\"2423\" data-end=\"2446\">Entretien et maintenance<\/h2>\n<p data-start=\"2448\" data-end=\"2509\">Un entretien appropri\u00e9 permet de maintenir les performances et l&#039;hygi\u00e8ne au fil du temps.<\/p>\n<p data-start=\"2511\" data-end=\"2663\">Les avantages li\u00e9s \u00e0 l&#039;entretien comprennent\u00a0:<br data-start=\"2540\" data-end=\"2543\" \/>\u2022 Facile \u00e0 d\u00e9connecter pour le nettoyage<br data-start=\"2576\" data-end=\"2579\" \/>\u2022 Int\u00e9rieur lisse pour un rin\u00e7age efficace<br data-start=\"2618\" data-end=\"2621\" \/>\u2022 Construction durable pour une utilisation \u00e0 long terme<\/p>\n<h2 data-start=\"2665\" data-end=\"2694\">Foire aux questions<\/h2>\n<h3 data-start=\"2696\" data-end=\"2770\">Le tuyau ClimateLineAir\u2122 11 est-il n\u00e9cessaire pour utiliser la fonction Climate Control Auto\u00a0?<\/h3>\n<p data-start=\"2771\" data-end=\"2890\">Oui. Le syst\u00e8me Climate Control Auto n\u00e9cessite le tube chauffant ClimateLineAir\u2122 11 pour r\u00e9guler automatiquement la temp\u00e9rature et l&#039;humidit\u00e9.<\/p>\n<h3 data-start=\"2892\" data-end=\"2946\">Ce tube peut-il \u00eatre utilis\u00e9 avec des appareils ResMed plus anciens\u00a0?<\/h3>\n<p data-start=\"2947\" data-end=\"3079\">Non. Ce tube est con\u00e7u sp\u00e9cifiquement pour les appareils ResMed AirSense\u2122 11 et AirCurve\u2122 11 et n&#039;est pas compatible avec les mod\u00e8les ant\u00e9rieurs.<\/p>\n<h3 data-start=\"3081\" data-end=\"3121\">Le tube chauffe-t-il imm\u00e9diatement ?<\/h3>\n<p data-start=\"3122\" data-end=\"3240\">Le tube se r\u00e9chauffe progressivement au d\u00e9but de la th\u00e9rapie, assurant une temp\u00e9rature de l&#039;air stable et confortable tout au long de la s\u00e9ance.<\/p>\n<h3 data-start=\"3242\" data-end=\"3294\">Qui devrait utiliser le tube chauffant ClimateLineAir\u2122 11 ?<\/h3>\n<p data-start=\"3295\" data-end=\"3427\" data-is-last-node=\"\" data-is-only-node=\"\">Ce tube est id\u00e9al pour les utilisateurs d&#039;appareils CPAP et \u00e0 deux niveaux de pression qui souffrent de s\u00e9cheresse, de condensation ou d&#039;inconfort en raison des temp\u00e9ratures ambiantes plus fra\u00eeches.<\/p>","protected":false},"excerpt":{"rendered":"<p>Le tube chauffant ClimateLineAir\u2122 11 est con\u00e7u pour \u00eatre utilis\u00e9 avec les appareils ResMed AirSense\u2122 11 et AirCurve\u2122 11 afin de maintenir une temp\u00e9rature et une humidit\u00e9 constantes. <a href=\"https:\/\/respiart.ca\/fr\/magasin-cpap\/\">PPC<\/a> th\u00e9rapie. Elle contribue \u00e0 r\u00e9duire la condensation et la s\u00e9cheresse tout en am\u00e9liorant le confort g\u00e9n\u00e9ral.<\/p>","protected":false},"featured_media":6143,"comment_status":"open","ping_status":"closed","template":"","meta":[],"product_brand":[],"product_cat":[108],"product_tag":[],"class_list":{"0":"post-5898","1":"product","2":"type-product","3":"status-publish","4":"has-post-thumbnail","6":"product_cat-resmed","8":"first","9":"instock","10":"sale","11":"taxable","12":"shipping-taxable","13":"purchasable","14":"product-type-simple"},"yoast_head":"<!-- This site is optimized with the Yoast SEO plugin v27.5 - https:\/\/yoast.com\/product\/yoast-seo-wordpress\/ -->\n<title>ClimateLineAir\u2122 11 heated tubing | Respiart - Respiratory therapist Montreal<\/title>\n<meta name=\"description\" content=\"The ClimateLineAir\u2122 11 Heated Tubing is designed for use with ResMed AirSense\u2122 11 and AirCurve\u2122 11 devices to deliver consistent temperature and humidity throughout CPAP therapy. It helps reduce condensation and dryness while improving overall comfort.\" \/>\n<meta name=\"robots\" content=\"index, follow, max-snippet:-1, max-image-preview:large, max-video-preview:-1\" \/>\n<link rel=\"canonical\" href=\"https:\/\/respiart.ca\/fr\/magasin\/tuyau-chauffant-climatelineair-11\/\" \/>\n<meta property=\"og:locale\" content=\"fr_CA\" \/>\n<meta property=\"og:type\" content=\"article\" \/>\n<meta property=\"og:title\" content=\"ClimateLineAir\u2122 11 heated tubing | Respiart - Respiratory therapist Montreal\" \/>\n<meta property=\"og:description\" content=\"The ClimateLineAir\u2122 11 Heated Tubing is designed for use with ResMed AirSense\u2122 11 and AirCurve\u2122 11 devices to deliver consistent temperature and humidity throughout CPAP therapy. It helps reduce condensation and dryness while improving overall comfort.\" \/>\n<meta property=\"og:url\" content=\"https:\/\/respiart.ca\/fr\/magasin\/tuyau-chauffant-climatelineair-11\/\" \/>\n<meta property=\"og:site_name\" content=\"Respiart - Respiratory therapist Montreal\" \/>\n<meta property=\"article:modified_time\" content=\"2026-04-23T20:22:01+00:00\" \/>\n<meta name=\"twitter:card\" content=\"summary_large_image\" \/>\n<meta name=\"twitter:label1\" content=\"Estimation du temps de lecture\" \/>\n\t<meta name=\"twitter:data1\" content=\"3 minutes\" \/>\n<script type=\"application\/ld+json\" class=\"yoast-schema-graph\">{\"@context\":\"https:\\\/\\\/schema.org\",\"@graph\":[{\"@type\":\"WebPage\",\"@id\":\"https:\\\/\\\/respiart.ca\\\/shop\\\/climatelineair-11-heated-tubing\\\/\",\"url\":\"https:\\\/\\\/respiart.ca\\\/shop\\\/climatelineair-11-heated-tubing\\\/\",\"name\":\"ClimateLineAir\u2122 11 heated tubing | Respiart - Respiratory therapist Montreal\",\"isPartOf\":{\"@id\":\"https:\\\/\\\/respiart.ca\\\/ar\\\/#website\"},\"primaryImageOfPage\":{\"@id\":\"https:\\\/\\\/respiart.ca\\\/shop\\\/climatelineair-11-heated-tubing\\\/#primaryimage\"},\"image\":{\"@id\":\"https:\\\/\\\/respiart.ca\\\/shop\\\/climatelineair-11-heated-tubing\\\/#primaryimage\"},\"thumbnailUrl\":\"https:\\\/\\\/respiart.ca\\\/wp-content\\\/uploads\\\/2025\\\/12\\\/ClimateLineAir\u2122-11-heated-tubing.avif\",\"datePublished\":\"2025-12-19T11:44:01+00:00\",\"dateModified\":\"2026-04-23T20:22:01+00:00\",\"description\":\"The ClimateLineAir\u2122 11 Heated Tubing is designed for use with ResMed AirSense\u2122 11 and AirCurve\u2122 11 devices to deliver consistent temperature and humidity throughout CPAP therapy. It helps reduce condensation and dryness while improving overall comfort.\",\"breadcrumb\":{\"@id\":\"https:\\\/\\\/respiart.ca\\\/shop\\\/climatelineair-11-heated-tubing\\\/#breadcrumb\"},\"inLanguage\":\"fr-CA\",\"potentialAction\":[{\"@type\":\"ReadAction\",\"target\":[\"https:\\\/\\\/respiart.ca\\\/shop\\\/climatelineair-11-heated-tubing\\\/\"]}]},{\"@type\":\"ImageObject\",\"inLanguage\":\"fr-CA\",\"@id\":\"https:\\\/\\\/respiart.ca\\\/shop\\\/climatelineair-11-heated-tubing\\\/#primaryimage\",\"url\":\"https:\\\/\\\/respiart.ca\\\/wp-content\\\/uploads\\\/2025\\\/12\\\/ClimateLineAir\u2122-11-heated-tubing.avif\",\"contentUrl\":\"https:\\\/\\\/respiart.ca\\\/wp-content\\\/uploads\\\/2025\\\/12\\\/ClimateLineAir\u2122-11-heated-tubing.avif\",\"width\":1000,\"height\":1000},{\"@type\":\"BreadcrumbList\",\"@id\":\"https:\\\/\\\/respiart.ca\\\/shop\\\/climatelineair-11-heated-tubing\\\/#breadcrumb\",\"itemListElement\":[{\"@type\":\"ListItem\",\"position\":1,\"name\":\"Home\",\"item\":\"https:\\\/\\\/respiart.ca\\\/\"},{\"@type\":\"ListItem\",\"position\":2,\"name\":\"Shop CPAP\",\"item\":\"https:\\\/\\\/respiart.ca\\\/shop-cpap\\\/\"},{\"@type\":\"ListItem\",\"position\":3,\"name\":\"ClimateLineAir\u2122 11 heated tubing\"}]},{\"@type\":\"WebSite\",\"@id\":\"https:\\\/\\\/respiart.ca\\\/ar\\\/#website\",\"url\":\"https:\\\/\\\/respiart.ca\\\/ar\\\/\",\"name\":\"RespiArt - Sleep apnea & CPAPs\",\"description\":\"CPAPs and tests for sleep apnea, asthma, oximetry\",\"publisher\":{\"@id\":\"https:\\\/\\\/respiart.ca\\\/ar\\\/#organization\"},\"potentialAction\":[{\"@type\":\"SearchAction\",\"target\":{\"@type\":\"EntryPoint\",\"urlTemplate\":\"https:\\\/\\\/respiart.ca\\\/ar\\\/?s={search_term_string}\"},\"query-input\":{\"@type\":\"PropertyValueSpecification\",\"valueRequired\":true,\"valueName\":\"search_term_string\"}}],\"inLanguage\":\"fr-CA\"},{\"@type\":\"Organization\",\"@id\":\"https:\\\/\\\/respiart.ca\\\/ar\\\/#organization\",\"name\":\"RespiArt - Sleep apnea & CPAPs\",\"url\":\"https:\\\/\\\/respiart.ca\\\/ar\\\/\",\"logo\":{\"@type\":\"ImageObject\",\"inLanguage\":\"fr-CA\",\"@id\":\"https:\\\/\\\/respiart.ca\\\/ar\\\/#\\\/schema\\\/logo\\\/image\\\/\",\"url\":\"https:\\\/\\\/respiart.ca\\\/wp-content\\\/uploads\\\/2022\\\/05\\\/Respiart-logo-1-e1651540192142.png\",\"contentUrl\":\"https:\\\/\\\/respiart.ca\\\/wp-content\\\/uploads\\\/2022\\\/05\\\/Respiart-logo-1-e1651540192142.png\",\"width\":237,\"height\":61,\"caption\":\"RespiArt - Sleep apnea & CPAPs\"},\"image\":{\"@id\":\"https:\\\/\\\/respiart.ca\\\/ar\\\/#\\\/schema\\\/logo\\\/image\\\/\"}}]}<\/script>\n<!-- \/ Yoast SEO plugin. -->","yoast_head_json":{"title":"Tuyau chauffant ClimateLineAir\u2122 11 | Respiart - Th\u00e9rapeute respiratoire Montr\u00e9al","description":"Le tuyau chauffant ClimateLineAir\u2122 11 est con\u00e7u pour \u00eatre utilis\u00e9 avec les appareils ResMed AirSense\u2122 11 et AirCurve\u2122 11 afin de maintenir une temp\u00e9rature et une humidit\u00e9 constantes pendant toute la dur\u00e9e du traitement par PPC. Il contribue \u00e0 r\u00e9duire la condensation et la s\u00e9cheresse tout en am\u00e9liorant le confort g\u00e9n\u00e9ral.","robots":{"index":"index","follow":"follow","max-snippet":"max-snippet:-1","max-image-preview":"max-image-preview:large","max-video-preview":"max-video-preview:-1"},"canonical":"https:\/\/respiart.ca\/fr\/magasin\/tuyau-chauffant-climatelineair-11\/","og_locale":"fr_CA","og_type":"article","og_title":"ClimateLineAir\u2122 11 heated tubing | Respiart - Respiratory therapist Montreal","og_description":"The ClimateLineAir\u2122 11 Heated Tubing is designed for use with ResMed AirSense\u2122 11 and AirCurve\u2122 11 devices to deliver consistent temperature and humidity throughout CPAP therapy. It helps reduce condensation and dryness while improving overall comfort.","og_url":"https:\/\/respiart.ca\/fr\/magasin\/tuyau-chauffant-climatelineair-11\/","og_site_name":"Respiart - Respiratory therapist Montreal","article_modified_time":"2026-04-23T20:22:01+00:00","twitter_card":"summary_large_image","twitter_misc":{"Estimation du temps de lecture":"3 minutes"},"schema":{"@context":"https:\/\/schema.org","@graph":[{"@type":"WebPage","@id":"https:\/\/respiart.ca\/shop\/climatelineair-11-heated-tubing\/","url":"https:\/\/respiart.ca\/shop\/climatelineair-11-heated-tubing\/","name":"Tuyau chauffant ClimateLineAir\u2122 11 | Respiart - Th\u00e9rapeute respiratoire Montr\u00e9al","isPartOf":{"@id":"https:\/\/respiart.ca\/ar\/#website"},"primaryImageOfPage":{"@id":"https:\/\/respiart.ca\/shop\/climatelineair-11-heated-tubing\/#primaryimage"},"image":{"@id":"https:\/\/respiart.ca\/shop\/climatelineair-11-heated-tubing\/#primaryimage"},"thumbnailUrl":"https:\/\/respiart.ca\/wp-content\/uploads\/2025\/12\/ClimateLineAir\u2122-11-heated-tubing.avif","datePublished":"2025-12-19T11:44:01+00:00","dateModified":"2026-04-23T20:22:01+00:00","description":"Le tuyau chauffant ClimateLineAir\u2122 11 est con\u00e7u pour \u00eatre utilis\u00e9 avec les appareils ResMed AirSense\u2122 11 et AirCurve\u2122 11 afin de maintenir une temp\u00e9rature et une humidit\u00e9 constantes pendant toute la dur\u00e9e du traitement par PPC. Il contribue \u00e0 r\u00e9duire la condensation et la s\u00e9cheresse tout en am\u00e9liorant le confort g\u00e9n\u00e9ral.","breadcrumb":{"@id":"https:\/\/respiart.ca\/shop\/climatelineair-11-heated-tubing\/#breadcrumb"},"inLanguage":"fr-CA","potentialAction":[{"@type":"ReadAction","target":["https:\/\/respiart.ca\/shop\/climatelineair-11-heated-tubing\/"]}]},{"@type":"ImageObject","inLanguage":"fr-CA","@id":"https:\/\/respiart.ca\/shop\/climatelineair-11-heated-tubing\/#primaryimage","url":"https:\/\/respiart.ca\/wp-content\/uploads\/2025\/12\/ClimateLineAir\u2122-11-heated-tubing.avif","contentUrl":"https:\/\/respiart.ca\/wp-content\/uploads\/2025\/12\/ClimateLineAir\u2122-11-heated-tubing.avif","width":1000,"height":1000},{"@type":"BreadcrumbList","@id":"https:\/\/respiart.ca\/shop\/climatelineair-11-heated-tubing\/#breadcrumb","itemListElement":[{"@type":"ListItem","position":1,"name":"Home","item":"https:\/\/respiart.ca\/"},{"@type":"ListItem","position":2,"name":"Shop CPAP","item":"https:\/\/respiart.ca\/shop-cpap\/"},{"@type":"ListItem","position":3,"name":"ClimateLineAir\u2122 11 heated tubing"}]},{"@type":"WebSite","@id":"https:\/\/respiart.ca\/ar\/#website","url":"https:\/\/respiart.ca\/ar\/","name":"RespiArt - Apn\u00e9e du sommeil et CPAP","description":"CPAP et tests pour l&#039;apn\u00e9e du sommeil, l&#039;asthme, l&#039;oxym\u00e9trie","publisher":{"@id":"https:\/\/respiart.ca\/ar\/#organization"},"potentialAction":[{"@type":"SearchAction","target":{"@type":"EntryPoint","urlTemplate":"https:\/\/respiart.ca\/ar\/?s={search_term_string}"},"query-input":{"@type":"PropertyValueSpecification","valueRequired":true,"valueName":"search_term_string"}}],"inLanguage":"fr-CA"},{"@type":"Organization","@id":"https:\/\/respiart.ca\/ar\/#organization","name":"RespiArt - Apn\u00e9e du sommeil et CPAP","url":"https:\/\/respiart.ca\/ar\/","logo":{"@type":"ImageObject","inLanguage":"fr-CA","@id":"https:\/\/respiart.ca\/ar\/#\/schema\/logo\/image\/","url":"https:\/\/respiart.ca\/wp-content\/uploads\/2022\/05\/Respiart-logo-1-e1651540192142.png","contentUrl":"https:\/\/respiart.ca\/wp-content\/uploads\/2022\/05\/Respiart-logo-1-e1651540192142.png","width":237,"height":61,"caption":"RespiArt - Sleep apnea & CPAPs"},"image":{"@id":"https:\/\/respiart.ca\/ar\/#\/schema\/logo\/image\/"}}]}},"_links":{"self":[{"href":"https:\/\/respiart.ca\/fr\/wp-json\/wp\/v2\/product\/5898","targetHints":{"allow":["GET"]}}],"collection":[{"href":"https:\/\/respiart.ca\/fr\/wp-json\/wp\/v2\/product"}],"about":[{"href":"https:\/\/respiart.ca\/fr\/wp-json\/wp\/v2\/types\/product"}],"replies":[{"embeddable":true,"href":"https:\/\/respiart.ca\/fr\/wp-json\/wp\/v2\/comments?post=5898"}],"wp:featuredmedia":[{"embeddable":true,"href":"https:\/\/respiart.ca\/fr\/wp-json\/wp\/v2\/media\/6143"}],"wp:attachment":[{"href":"https:\/\/respiart.ca\/fr\/wp-json\/wp\/v2\/media?parent=5898"}],"wp:term":[{"taxonomy":"product_brand","embeddable":true,"href":"https:\/\/respiart.ca\/fr\/wp-json\/wp\/v2\/product_brand?post=5898"},{"taxonomy":"product_cat","embeddable":true,"href":"https:\/\/respiart.ca\/fr\/wp-json\/wp\/v2\/product_cat?post=5898"},{"taxonomy":"product_tag","embeddable":true,"href":"https:\/\/respiart.ca\/fr\/wp-json\/wp\/v2\/product_tag?post=5898"}],"curies":[{"name":"wp","href":"https:\/\/api.w.org\/{rel}","templated":true}]}}