{"id":5899,"date":"2025-12-19T11:44:07","date_gmt":"2025-12-19T11:44:07","guid":{"rendered":"http:\/\/f4i.0cc.mytemp.website\/shop\/climatelineair-heated-tube-for-air10-devices\/"},"modified":"2026-04-23T20:22:31","modified_gmt":"2026-04-23T20:22:31","slug":"tube-chauffant-climatelineair-pour-appareils-air10","status":"publish","type":"product","link":"https:\/\/respiart.ca\/fr\/shop\/climatelineair-heated-tube-for-air10-devices\/","title":{"rendered":"Tube chauffant ClimateLineAir\u2122 pour appareils Air10\u2122"},"content":{"rendered":"<p data-start=\"300\" data-end=\"636\">Le ClimateLineAir\u2122 <a href=\"https:\/\/respiart.ca\/fr\/magasin\/accessoires\/\">tubes chauffants<\/a> Le dispositif Air10\u2122 est con\u00e7u pour optimiser la th\u00e9rapie CPAP en fournissant un flux d&#039;air chaud contr\u00f4l\u00e9 provenant de <a href=\"https:\/\/respiart.ca\/fr\/categorie-produit\/marques\/resmed\/\">ResMed<\/a> L&#039;appareil CPAP ou APAP Air10\u2122 se fixe au masque. En maintenant une temp\u00e9rature constante, le tube r\u00e9duit la s\u00e9cheresse du nez et de la gorge et emp\u00eache la condensation (\u00e9coulement d&#039;eau) \u00e0 l&#039;int\u00e9rieur du tube ou du masque.<\/p>\n<p data-start=\"638\" data-end=\"939\">Utilis\u00e9 avec la technologie Climate Control des appareils Air10\u2122, le tube ajuste automatiquement le chauffage pour maintenir des niveaux d&#039;humidit\u00e9 et de temp\u00e9rature optimaux, assurant ainsi une respiration confortable et naturelle toute la nuit. Sa conception flexible offre une grande libert\u00e9 de mouvement pendant le sommeil.<\/p>\n<h2 data-start=\"941\" data-end=\"971\">Con\u00e7u pour les appareils Air10\u2122<\/h2>\n<p data-start=\"973\" data-end=\"1143\">Le tube chauffant ClimateLineAir\u2122 est sp\u00e9cialement con\u00e7u pour la s\u00e9rie ResMed Air10\u2122, assurant une communication pr\u00e9cise entre l&#039;appareil et le syst\u00e8me de tubulure chauff\u00e9e.<\/p>\n<p data-start=\"1145\" data-end=\"1346\">Les principales caract\u00e9ristiques sont les suivantes\u00a0:<br data-start=\"1166\" data-end=\"1169\" \/>\u2022 Compatible avec les appareils CPAP et APAP ResMed AirSense\u2122 10<br data-start=\"1228\" data-end=\"1231\" \/>\u2022 Compatible avec les appareils \u00e0 deux niveaux de pression ResMed AirCurve\u2122 10<br data-start=\"1284\" data-end=\"1287\" \/>\u2022 Non compatible avec les appareils CPAP plus anciens ou non ResMed<\/p>\n<h2 data-start=\"1348\" data-end=\"1380\">Th\u00e9rapie en humidification constante<\/h2>\n<p data-start=\"1382\" data-end=\"1519\">Le tube chauffant fonctionne de concert avec la fonction de contr\u00f4le climatique de l&#039;appareil pour assurer une humidit\u00e9 et une temp\u00e9rature stables \u00e0 chaque respiration.<\/p>\n<p data-start=\"1521\" data-end=\"1764\">Les avantages comprennent\u00a0:<br data-start=\"1538\" data-end=\"1541\" \/>\u2022 Maintient une temp\u00e9rature ambiante constante tout au long de la nuit<br data-start=\"1600\" data-end=\"1603\" \/>\u2022 Contribue \u00e0 r\u00e9duire la s\u00e9cheresse du nez et de la gorge<br data-start=\"1648\" data-end=\"1651\" \/>\u2022 R\u00e9duit la condensation dans le tube et le masque<br data-start=\"1696\" data-end=\"1699\" \/>\u2022 Prend en charge le r\u00e9glage automatique de la climatisation pour plus de commodit\u00e9<\/p>\n<h2 data-start=\"1766\" data-end=\"1799\">Confort dans les environnements plus frais<\/h2>\n<p data-start=\"1801\" data-end=\"1889\">Le tube chauffant est particuli\u00e8rement efficace dans les chambres fra\u00eeches ou les pi\u00e8ces climatis\u00e9es.<\/p>\n<p data-start=\"1891\" data-end=\"2094\">Les avantages comprennent\u00a0:<br data-start=\"1910\" data-end=\"1913\" \/>\u2022 Emp\u00eache l&#039;affaissement d\u00fb aux variations de temp\u00e9rature<br data-start=\"1966\" data-end=\"1969\" \/>\u2022 Assure une circulation d&#039;air stable et confortable m\u00eame dans des environnements froids<br data-start=\"2036\" data-end=\"2039\" \/>\u2022 Permet une th\u00e9rapie ininterrompue tout au long de la nuit<\/p>\n<h2 data-start=\"2096\" data-end=\"2124\">Installation et utilisation faciles<\/h2>\n<p data-start=\"2126\" data-end=\"2212\">Le tube chauffant ClimateLineAir\u2122 est con\u00e7u pour une installation simple et une utilisation quotidienne.<\/p>\n<p data-start=\"2214\" data-end=\"2427\">Les fonctionnalit\u00e9s conviviales comprennent\u00a0:<br data-start=\"2245\" data-end=\"2248\" \/>\u2022 Connexion rapide aux appareils Air10\u2122 compatibles<br data-start=\"2295\" data-end=\"2298\" \/>\u2022 Reconnaissance automatique par l&#039;appareil pour le fonctionnement de la climatisation<br data-start=\"2365\" data-end=\"2368\" \/>\u2022 Tube flexible pour une libert\u00e9 de mouvement optimale pendant le sommeil<\/p>\n<h2 data-start=\"2429\" data-end=\"2452\">Entretien et maintenance<\/h2>\n<p data-start=\"2454\" data-end=\"2538\">Un entretien appropri\u00e9 des tubes chauffants garantit des performances optimales et une utilisation durable.<\/p>\n<p data-start=\"2540\" data-end=\"2708\">Les recommandations d&#039;entretien comprennent\u00a0:<br data-start=\"2576\" data-end=\"2579\" \/>\u2022 D\u00e9brancher pour un nettoyage facile<br data-start=\"2609\" data-end=\"2612\" \/>\u2022 L&#039;int\u00e9rieur lisse permet un rin\u00e7age efficace<br data-start=\"2658\" data-end=\"2661\" \/>\u2022 Mat\u00e9riaux durables con\u00e7us pour une utilisation prolong\u00e9e<\/p>\n<h2 data-start=\"2710\" data-end=\"2739\">Foire aux questions<\/h2>\n<h3 data-start=\"2741\" data-end=\"2795\">Ce tube est-il compatible avec les anciens appareils ResMed\u00a0?<\/h3>\n<p data-start=\"2796\" data-end=\"2903\">Non. Le tube chauffant ClimateLineAir\u2122 est compatible uniquement avec les appareils ResMed AirSense\u2122 10 et AirCurve\u2122 10.<\/p>\n<h3 data-start=\"2905\" data-end=\"2959\">Le tube n\u00e9cessite-t-il une source d&#039;alimentation s\u00e9par\u00e9e\u00a0?<\/h3>\n<p data-start=\"2960\" data-end=\"3046\">Non. Le tube tire son \u00e9nergie de l&#039;appareil Air10\u2122 connect\u00e9 pour fournir un flux d&#039;air chaud.<\/p>\n<h3 data-start=\"3048\" data-end=\"3101\">Comment fonctionne le syst\u00e8me de contr\u00f4le climatique avec cette tuyauterie ?<\/h3>\n<p data-start=\"3102\" data-end=\"3258\">Utilis\u00e9 avec un appareil Air10\u2122 compatible, le tube ajuste automatiquement son chauffage pour maintenir une temp\u00e9rature et une humidit\u00e9 optimales tout au long de la nuit.<\/p>\n<h3 data-start=\"3260\" data-end=\"3313\">\u00c0 qui s&#039;adresse le tube chauffant ClimateLineAir\u2122 ?<\/h3>\n<p data-start=\"3314\" data-end=\"3480\" data-is-last-node=\"\" data-is-only-node=\"\">Ce tube est id\u00e9al pour les utilisateurs d&#039;appareils CPAP et \u00e0 deux niveaux de pression qui souffrent de s\u00e9cheresse, d&#039;inconfort ou de probl\u00e8mes de condensation pendant le traitement, en particulier dans les pi\u00e8ces ou les environnements plus frais.<\/p>","protected":false},"excerpt":{"rendered":"<p>Le tube chauffant ClimateLineAir\u2122 pour appareils Air10\u2122 est un tube chauffant sp\u00e9cialis\u00e9 <a href=\"https:\/\/respiart.ca\/fr\/magasin-cpap\/\">PPC<\/a> Tube con\u00e7u pour les appareils de la s\u00e9rie ResMed Air10\u2122. Il assure une temp\u00e9rature et une humidit\u00e9 constantes pour un confort accru, une r\u00e9duction de la s\u00e9cheresse et une diminution de la condensation pendant le traitement.<\/p>","protected":false},"featured_media":6144,"comment_status":"open","ping_status":"closed","template":"","meta":[],"product_brand":[],"product_cat":[108],"product_tag":[],"class_list":{"0":"post-5899","1":"product","2":"type-product","3":"status-publish","4":"has-post-thumbnail","6":"product_cat-resmed","8":"first","9":"instock","10":"sale","11":"taxable","12":"shipping-taxable","13":"purchasable","14":"product-type-simple"},"yoast_head":"<!-- This site is optimized with the Yoast SEO plugin v27.4 - https:\/\/yoast.com\/product\/yoast-seo-wordpress\/ -->\n<title>ClimateLineAir\u2122 Heated Tube for Air10\u2122 Devices | Respiart - Respiratory therapist Montreal<\/title>\n<meta name=\"description\" content=\"The ClimateLineAir\u2122 Heated Tube for Air10\u2122 Devices is a specialized heated CPAP tube designed for ResMed Air10\u2122 series devices. It delivers consistent temperature and humidity to enhance comfort, reduce dryness, and minimize condensation during therapy.\" \/>\n<meta name=\"robots\" content=\"index, follow, max-snippet:-1, max-image-preview:large, max-video-preview:-1\" \/>\n<link rel=\"canonical\" href=\"https:\/\/respiart.ca\/fr\/magasin\/tube-chauffant-climatelineair-pour-appareils-air10\/\" \/>\n<meta property=\"og:locale\" content=\"fr_CA\" \/>\n<meta property=\"og:type\" content=\"article\" \/>\n<meta property=\"og:title\" content=\"ClimateLineAir\u2122 Heated Tube for Air10\u2122 Devices | Respiart - Respiratory therapist Montreal\" \/>\n<meta property=\"og:description\" content=\"The ClimateLineAir\u2122 Heated Tube for Air10\u2122 Devices is a specialized heated CPAP tube designed for ResMed Air10\u2122 series devices. It delivers consistent temperature and humidity to enhance comfort, reduce dryness, and minimize condensation during therapy.\" \/>\n<meta property=\"og:url\" content=\"https:\/\/respiart.ca\/fr\/magasin\/tube-chauffant-climatelineair-pour-appareils-air10\/\" \/>\n<meta property=\"og:site_name\" content=\"Respiart - Respiratory therapist Montreal\" \/>\n<meta property=\"article:modified_time\" content=\"2026-04-23T20:22:31+00:00\" \/>\n<meta property=\"og:image\" content=\"https:\/\/respiart.ca\/wp-content\/uploads\/2025\/12\/ClimateLineAir\u2122-Heated-Tube-for-Air10\u2122-Devices-image.jpg\" \/>\n\t<meta property=\"og:image:width\" content=\"1200\" \/>\n\t<meta property=\"og:image:height\" content=\"1200\" \/>\n\t<meta property=\"og:image:type\" content=\"image\/jpeg\" \/>\n<meta name=\"twitter:card\" content=\"summary_large_image\" \/>\n<meta name=\"twitter:label1\" content=\"Estimation du temps de lecture\" \/>\n\t<meta name=\"twitter:data1\" content=\"3 minutes\" \/>\n<script type=\"application\/ld+json\" class=\"yoast-schema-graph\">{\"@context\":\"https:\\\/\\\/schema.org\",\"@graph\":[{\"@type\":\"WebPage\",\"@id\":\"https:\\\/\\\/respiart.ca\\\/shop\\\/climatelineair-heated-tube-for-air10-devices\\\/\",\"url\":\"https:\\\/\\\/respiart.ca\\\/shop\\\/climatelineair-heated-tube-for-air10-devices\\\/\",\"name\":\"ClimateLineAir\u2122 Heated Tube for Air10\u2122 Devices | Respiart - Respiratory therapist Montreal\",\"isPartOf\":{\"@id\":\"https:\\\/\\\/respiart.ca\\\/ar\\\/#website\"},\"primaryImageOfPage\":{\"@id\":\"https:\\\/\\\/respiart.ca\\\/shop\\\/climatelineair-heated-tube-for-air10-devices\\\/#primaryimage\"},\"image\":{\"@id\":\"https:\\\/\\\/respiart.ca\\\/shop\\\/climatelineair-heated-tube-for-air10-devices\\\/#primaryimage\"},\"thumbnailUrl\":\"https:\\\/\\\/respiart.ca\\\/wp-content\\\/uploads\\\/2025\\\/12\\\/ClimateLineAir\u2122-Heated-Tube-for-Air10\u2122-Devices-image.jpg\",\"datePublished\":\"2025-12-19T11:44:07+00:00\",\"dateModified\":\"2026-04-23T20:22:31+00:00\",\"description\":\"The ClimateLineAir\u2122 Heated Tube for Air10\u2122 Devices is a specialized heated CPAP tube designed for ResMed Air10\u2122 series devices. It delivers consistent temperature and humidity to enhance comfort, reduce dryness, and minimize condensation during therapy.\",\"breadcrumb\":{\"@id\":\"https:\\\/\\\/respiart.ca\\\/shop\\\/climatelineair-heated-tube-for-air10-devices\\\/#breadcrumb\"},\"inLanguage\":\"fr-CA\",\"potentialAction\":[{\"@type\":\"ReadAction\",\"target\":[\"https:\\\/\\\/respiart.ca\\\/shop\\\/climatelineair-heated-tube-for-air10-devices\\\/\"]}]},{\"@type\":\"ImageObject\",\"inLanguage\":\"fr-CA\",\"@id\":\"https:\\\/\\\/respiart.ca\\\/shop\\\/climatelineair-heated-tube-for-air10-devices\\\/#primaryimage\",\"url\":\"https:\\\/\\\/respiart.ca\\\/wp-content\\\/uploads\\\/2025\\\/12\\\/ClimateLineAir\u2122-Heated-Tube-for-Air10\u2122-Devices-image.jpg\",\"contentUrl\":\"https:\\\/\\\/respiart.ca\\\/wp-content\\\/uploads\\\/2025\\\/12\\\/ClimateLineAir\u2122-Heated-Tube-for-Air10\u2122-Devices-image.jpg\",\"width\":1200,\"height\":1200},{\"@type\":\"BreadcrumbList\",\"@id\":\"https:\\\/\\\/respiart.ca\\\/shop\\\/climatelineair-heated-tube-for-air10-devices\\\/#breadcrumb\",\"itemListElement\":[{\"@type\":\"ListItem\",\"position\":1,\"name\":\"Home\",\"item\":\"https:\\\/\\\/respiart.ca\\\/\"},{\"@type\":\"ListItem\",\"position\":2,\"name\":\"Shop CPAP\",\"item\":\"https:\\\/\\\/respiart.ca\\\/shop-cpap\\\/\"},{\"@type\":\"ListItem\",\"position\":3,\"name\":\"ClimateLineAir\u2122 Heated Tube for Air10\u2122 Devices\"}]},{\"@type\":\"WebSite\",\"@id\":\"https:\\\/\\\/respiart.ca\\\/ar\\\/#website\",\"url\":\"https:\\\/\\\/respiart.ca\\\/ar\\\/\",\"name\":\"RespiArt - Sleep apnea & CPAPs\",\"description\":\"CPAPs and tests for sleep apnea, asthma, oximetry\",\"publisher\":{\"@id\":\"https:\\\/\\\/respiart.ca\\\/ar\\\/#organization\"},\"potentialAction\":[{\"@type\":\"SearchAction\",\"target\":{\"@type\":\"EntryPoint\",\"urlTemplate\":\"https:\\\/\\\/respiart.ca\\\/ar\\\/?s={search_term_string}\"},\"query-input\":{\"@type\":\"PropertyValueSpecification\",\"valueRequired\":true,\"valueName\":\"search_term_string\"}}],\"inLanguage\":\"fr-CA\"},{\"@type\":\"Organization\",\"@id\":\"https:\\\/\\\/respiart.ca\\\/ar\\\/#organization\",\"name\":\"RespiArt - Sleep apnea & CPAPs\",\"url\":\"https:\\\/\\\/respiart.ca\\\/ar\\\/\",\"logo\":{\"@type\":\"ImageObject\",\"inLanguage\":\"fr-CA\",\"@id\":\"https:\\\/\\\/respiart.ca\\\/ar\\\/#\\\/schema\\\/logo\\\/image\\\/\",\"url\":\"https:\\\/\\\/respiart.ca\\\/wp-content\\\/uploads\\\/2022\\\/05\\\/Respiart-logo-1-e1651540192142.png\",\"contentUrl\":\"https:\\\/\\\/respiart.ca\\\/wp-content\\\/uploads\\\/2022\\\/05\\\/Respiart-logo-1-e1651540192142.png\",\"width\":237,\"height\":61,\"caption\":\"RespiArt - Sleep apnea & CPAPs\"},\"image\":{\"@id\":\"https:\\\/\\\/respiart.ca\\\/ar\\\/#\\\/schema\\\/logo\\\/image\\\/\"}}]}<\/script>\n<!-- \/ Yoast SEO plugin. -->","yoast_head_json":{"title":"Tube chauffant ClimateLineAir\u2122 pour appareils Air10\u2122 | Respiart - Th\u00e9rapeute respiratoire Montr\u00e9al","description":"Le tube chauffant ClimateLineAir\u2122 pour appareils Air10\u2122 est un tube CPAP chauffant sp\u00e9cialement con\u00e7u pour les appareils de la gamme ResMed Air10\u2122. Il assure une temp\u00e9rature et une humidit\u00e9 constantes pour un confort accru, une r\u00e9duction de la s\u00e9cheresse et une diminution de la condensation pendant le traitement.","robots":{"index":"index","follow":"follow","max-snippet":"max-snippet:-1","max-image-preview":"max-image-preview:large","max-video-preview":"max-video-preview:-1"},"canonical":"https:\/\/respiart.ca\/fr\/magasin\/tube-chauffant-climatelineair-pour-appareils-air10\/","og_locale":"fr_CA","og_type":"article","og_title":"ClimateLineAir\u2122 Heated Tube for Air10\u2122 Devices | Respiart - Respiratory therapist Montreal","og_description":"The ClimateLineAir\u2122 Heated Tube for Air10\u2122 Devices is a specialized heated CPAP tube designed for ResMed Air10\u2122 series devices. It delivers consistent temperature and humidity to enhance comfort, reduce dryness, and minimize condensation during therapy.","og_url":"https:\/\/respiart.ca\/fr\/magasin\/tube-chauffant-climatelineair-pour-appareils-air10\/","og_site_name":"Respiart - Respiratory therapist Montreal","article_modified_time":"2026-04-23T20:22:31+00:00","og_image":[{"width":1200,"height":1200,"url":"https:\/\/respiart.ca\/wp-content\/uploads\/2025\/12\/ClimateLineAir\u2122-Heated-Tube-for-Air10\u2122-Devices-image.jpg","type":"image\/jpeg"}],"twitter_card":"summary_large_image","twitter_misc":{"Estimation du temps de lecture":"3 minutes"},"schema":{"@context":"https:\/\/schema.org","@graph":[{"@type":"WebPage","@id":"https:\/\/respiart.ca\/shop\/climatelineair-heated-tube-for-air10-devices\/","url":"https:\/\/respiart.ca\/shop\/climatelineair-heated-tube-for-air10-devices\/","name":"Tube chauffant ClimateLineAir\u2122 pour appareils Air10\u2122 | Respiart - Th\u00e9rapeute respiratoire Montr\u00e9al","isPartOf":{"@id":"https:\/\/respiart.ca\/ar\/#website"},"primaryImageOfPage":{"@id":"https:\/\/respiart.ca\/shop\/climatelineair-heated-tube-for-air10-devices\/#primaryimage"},"image":{"@id":"https:\/\/respiart.ca\/shop\/climatelineair-heated-tube-for-air10-devices\/#primaryimage"},"thumbnailUrl":"https:\/\/respiart.ca\/wp-content\/uploads\/2025\/12\/ClimateLineAir\u2122-Heated-Tube-for-Air10\u2122-Devices-image.jpg","datePublished":"2025-12-19T11:44:07+00:00","dateModified":"2026-04-23T20:22:31+00:00","description":"Le tube chauffant ClimateLineAir\u2122 pour appareils Air10\u2122 est un tube CPAP chauffant sp\u00e9cialement con\u00e7u pour les appareils de la gamme ResMed Air10\u2122. Il assure une temp\u00e9rature et une humidit\u00e9 constantes pour un confort accru, une r\u00e9duction de la s\u00e9cheresse et une diminution de la condensation pendant le traitement.","breadcrumb":{"@id":"https:\/\/respiart.ca\/shop\/climatelineair-heated-tube-for-air10-devices\/#breadcrumb"},"inLanguage":"fr-CA","potentialAction":[{"@type":"ReadAction","target":["https:\/\/respiart.ca\/shop\/climatelineair-heated-tube-for-air10-devices\/"]}]},{"@type":"ImageObject","inLanguage":"fr-CA","@id":"https:\/\/respiart.ca\/shop\/climatelineair-heated-tube-for-air10-devices\/#primaryimage","url":"https:\/\/respiart.ca\/wp-content\/uploads\/2025\/12\/ClimateLineAir\u2122-Heated-Tube-for-Air10\u2122-Devices-image.jpg","contentUrl":"https:\/\/respiart.ca\/wp-content\/uploads\/2025\/12\/ClimateLineAir\u2122-Heated-Tube-for-Air10\u2122-Devices-image.jpg","width":1200,"height":1200},{"@type":"BreadcrumbList","@id":"https:\/\/respiart.ca\/shop\/climatelineair-heated-tube-for-air10-devices\/#breadcrumb","itemListElement":[{"@type":"ListItem","position":1,"name":"Home","item":"https:\/\/respiart.ca\/"},{"@type":"ListItem","position":2,"name":"Shop CPAP","item":"https:\/\/respiart.ca\/shop-cpap\/"},{"@type":"ListItem","position":3,"name":"ClimateLineAir\u2122 Heated Tube for Air10\u2122 Devices"}]},{"@type":"WebSite","@id":"https:\/\/respiart.ca\/ar\/#website","url":"https:\/\/respiart.ca\/ar\/","name":"RespiArt - Apn\u00e9e du sommeil et CPAP","description":"CPAP et tests pour l&#039;apn\u00e9e du sommeil, l&#039;asthme, l&#039;oxym\u00e9trie","publisher":{"@id":"https:\/\/respiart.ca\/ar\/#organization"},"potentialAction":[{"@type":"SearchAction","target":{"@type":"EntryPoint","urlTemplate":"https:\/\/respiart.ca\/ar\/?s={search_term_string}"},"query-input":{"@type":"PropertyValueSpecification","valueRequired":true,"valueName":"search_term_string"}}],"inLanguage":"fr-CA"},{"@type":"Organization","@id":"https:\/\/respiart.ca\/ar\/#organization","name":"RespiArt - Apn\u00e9e du sommeil et CPAP","url":"https:\/\/respiart.ca\/ar\/","logo":{"@type":"ImageObject","inLanguage":"fr-CA","@id":"https:\/\/respiart.ca\/ar\/#\/schema\/logo\/image\/","url":"https:\/\/respiart.ca\/wp-content\/uploads\/2022\/05\/Respiart-logo-1-e1651540192142.png","contentUrl":"https:\/\/respiart.ca\/wp-content\/uploads\/2022\/05\/Respiart-logo-1-e1651540192142.png","width":237,"height":61,"caption":"RespiArt - Sleep apnea & CPAPs"},"image":{"@id":"https:\/\/respiart.ca\/ar\/#\/schema\/logo\/image\/"}}]}},"_links":{"self":[{"href":"https:\/\/respiart.ca\/fr\/wp-json\/wp\/v2\/product\/5899","targetHints":{"allow":["GET"]}}],"collection":[{"href":"https:\/\/respiart.ca\/fr\/wp-json\/wp\/v2\/product"}],"about":[{"href":"https:\/\/respiart.ca\/fr\/wp-json\/wp\/v2\/types\/product"}],"replies":[{"embeddable":true,"href":"https:\/\/respiart.ca\/fr\/wp-json\/wp\/v2\/comments?post=5899"}],"wp:featuredmedia":[{"embeddable":true,"href":"https:\/\/respiart.ca\/fr\/wp-json\/wp\/v2\/media\/6144"}],"wp:attachment":[{"href":"https:\/\/respiart.ca\/fr\/wp-json\/wp\/v2\/media?parent=5899"}],"wp:term":[{"taxonomy":"product_brand","embeddable":true,"href":"https:\/\/respiart.ca\/fr\/wp-json\/wp\/v2\/product_brand?post=5899"},{"taxonomy":"product_cat","embeddable":true,"href":"https:\/\/respiart.ca\/fr\/wp-json\/wp\/v2\/product_cat?post=5899"},{"taxonomy":"product_tag","embeddable":true,"href":"https:\/\/respiart.ca\/fr\/wp-json\/wp\/v2\/product_tag?post=5899"}],"curies":[{"name":"wp","href":"https:\/\/api.w.org\/{rel}","templated":true}]}}