{"id":5902,"date":"2025-12-19T11:44:26","date_gmt":"2025-12-19T11:44:26","guid":{"rendered":"http:\/\/f4i.0cc.mytemp.website\/shop\/humidair-11-standard-tub\/"},"modified":"2026-04-24T18:48:07","modified_gmt":"2026-04-24T18:48:07","slug":"humidair-11","status":"publish","type":"product","link":"https:\/\/respiart.ca\/fr\/shop\/humidair-11\/","title":{"rendered":"HumidAir\u2122 11"},"content":{"rendered":"<p data-start=\"586\" data-end=\"911\">Le bac \u00e0 eau HumidAir\u2122 11 est un \u00e9l\u00e9ment essentiel du syst\u00e8me d&#039;humidification int\u00e9gr\u00e9 HumidAir\u2122 utilis\u00e9 avec <a href=\"https:\/\/respiart.ca\/fr\/categorie-produit\/marques\/resmed\/\">ResMed<\/a> Appareils CPAP AirSense\u2122 11. En contenant et en chauffant de l&#039;eau pendant le traitement, ce r\u00e9servoir humidifie l&#039;air ambiant, contribuant ainsi \u00e0 r\u00e9duire la s\u00e9cheresse du nez, de la bouche et de la gorge pour un sommeil plus confortable.<\/p>\n<p data-start=\"913\" data-end=\"1255\">Ce produit est propos\u00e9 en deux versions pour s&#039;adapter aux pr\u00e9f\u00e9rences et aux habitudes de nettoyage de chaque utilisateur. Le bac standard est con\u00e7u pour un remplacement r\u00e9gulier, tandis que le bac nettoyable est con\u00e7u pour un nettoyage fr\u00e9quent et une utilisation prolong\u00e9e. Les deux versions s&#039;ins\u00e8rent parfaitement dans l&#039;appareil AirSense\u2122 11 et offrent les m\u00eames performances d&#039;humidification.<\/p>\n<h3 data-start=\"1257\" data-end=\"1300\">Con\u00e7u pour une humidification confortable<\/h3>\n<p data-start=\"1302\" data-end=\"1392\">L&#039;humidification joue un r\u00f4le cl\u00e9 dans l&#039;am\u00e9lioration du confort li\u00e9 \u00e0 la PPC, notamment dans les environnements secs.<\/p>\n<p data-start=\"1394\" data-end=\"1624\">Les avantages de l&#039;utilisation du bac \u00e0 eau HumidAir\u2122 11 sont les suivants\u00a0:<br data-start=\"1447\" data-end=\"1450\" \/>\u2022 Humidifie le flux d&#039;air th\u00e9rapeutique<br data-start=\"1484\" data-end=\"1487\" \/>\u2022 Contribue \u00e0 r\u00e9duire la s\u00e9cheresse nasale et de la gorge<br data-start=\"1526\" data-end=\"1529\" \/>\u2022 Favorise une respiration confortable toute la nuit<br data-start=\"1582\" data-end=\"1585\" \/>\u2022 Am\u00e9liore l\u2019observance th\u00e9rapeutique globale<\/p>\n<h3 data-start=\"1626\" data-end=\"1652\">Variantes de baignoire disponibles<\/h3>\n<p data-start=\"1654\" data-end=\"1721\">Pour r\u00e9pondre aux diff\u00e9rents besoins, ce produit est disponible en deux versions.<\/p>\n<p data-start=\"1723\" data-end=\"1906\"><strong data-start=\"1723\" data-end=\"1745\">Baignoire standard<\/strong><br data-start=\"1745\" data-end=\"1748\" \/>Cette option est con\u00e7ue pour un usage domestique quotidien et un remplacement r\u00e9gulier. Facile \u00e0 manipuler, elle convient parfaitement aux utilisateurs qui privil\u00e9gient un entretien simple.<\/p>\n<p data-start=\"1908\" data-end=\"2091\"><strong data-start=\"1908\" data-end=\"1931\">Baignoire \u00e0 eau nettoyable<\/strong><br data-start=\"1931\" data-end=\"1934\" \/>Cette option est con\u00e7ue pour un nettoyage fr\u00e9quent et une utilisation prolong\u00e9e. Elle est id\u00e9ale pour les utilisateurs qui suivent des pratiques d&#039;hygi\u00e8ne rigoureuses ou qui recherchent une solution plus durable.<\/p>\n<h3 data-start=\"2093\" data-end=\"2110\">Compatibilit\u00e9<\/h3>\n<p data-start=\"2112\" data-end=\"2179\">Ce bac \u00e0 eau est sp\u00e9cialement con\u00e7u pour les appareils AirSense\u2122 11.<\/p>\n<p data-start=\"2181\" data-end=\"2380\">D\u00e9tails de compatibilit\u00e9\u00a0:<br data-start=\"2211\" data-end=\"2214\" \/>\u2022 Compatible avec la s\u00e9rie ResMed AirSense\u2122 11<br data-start=\"2258\" data-end=\"2261\" \/>\u2022 Con\u00e7u pour \u00eatre utilis\u00e9 avec le syst\u00e8me d&#039;humidification HumidAir\u2122<br data-start=\"2320\" data-end=\"2323\" \/>\u2022 Non compatible avec AirSense\u2122 10 ni avec d&#039;autres mod\u00e8les CPAP<\/p>\n<h3 data-start=\"2382\" data-end=\"2416\">Facilit\u00e9 d&#039;utilisation et de manipulation quotidienne<\/h3>\n<p data-start=\"2418\" data-end=\"2478\">Le bac \u00e0 eau HumidAir\u2122 11 est con\u00e7u pour une utilisation quotidienne simple.<\/p>\n<p data-start=\"2480\" data-end=\"2641\">Les fonctionnalit\u00e9s conviviales comprennent\u00a0:<br data-start=\"2511\" data-end=\"2514\" \/>\u2022 Insertion et retrait rapides de l&#039;appareil<br data-start=\"2559\" data-end=\"2562\" \/>\u2022 Ajustement s\u00fbr et \u00e9tanche<br data-start=\"2590\" data-end=\"2593\" \/>\u2022 Conception transparente pour une surveillance ais\u00e9e du niveau d&#039;eau<\/p>\n<h3 data-start=\"2643\" data-end=\"2667\">Entretien et maintenance<\/h3>\n<p data-start=\"2669\" data-end=\"2729\">Un entretien appropri\u00e9 contribue \u00e0 garantir des performances et une hygi\u00e8ne constantes.<\/p>\n<p data-start=\"2731\" data-end=\"2973\">Les recommandations g\u00e9n\u00e9rales en mati\u00e8re de soins comprennent\u00a0:<br data-start=\"2768\" data-end=\"2771\" \/>\u2022 Vider quotidiennement le r\u00e9servoir d&#039;eau restant<br data-start=\"2800\" data-end=\"2803\" \/>\u2022 Nettoyer r\u00e9guli\u00e8rement selon la variante de baignoire s\u00e9lectionn\u00e9e<br data-start=\"2858\" data-end=\"2861\" \/>\u2022 Utilisez de l&#039;eau distill\u00e9e pour r\u00e9duire l&#039;accumulation de min\u00e9raux.<br data-start=\"2908\" data-end=\"2911\" \/>\u2022 Remplacez la baignoire si des dommages, des fuites ou une usure excessive apparaissent.<\/p>\n<h3 data-start=\"2975\" data-end=\"3005\">Foire aux questions<\/h3>\n<h3 data-start=\"3007\" data-end=\"3074\">Quelle est la diff\u00e9rence entre les baignoires standard et les baignoires nettoyables\u00a0?<\/h3>\n<p data-start=\"3075\" data-end=\"3207\">La cuve standard est con\u00e7ue pour un remplacement r\u00e9gulier, tandis que la cuve nettoyable est destin\u00e9e \u00e0 un nettoyage r\u00e9p\u00e9t\u00e9 et \u00e0 une utilisation \u00e0 plus long terme.<\/p>\n<h3 data-start=\"3209\" data-end=\"3269\">Les performances d&#039;humidification diff\u00e8rent-elles selon les versions\u00a0?<\/h3>\n<p data-start=\"3270\" data-end=\"3370\">Non. Les deux variantes offrent les m\u00eames performances d&#039;humidification lorsqu&#039;elles sont utilis\u00e9es avec un appareil AirSense\u2122 11.<\/p>\n<h3 data-start=\"3372\" data-end=\"3406\">Puis-je passer d&#039;une variante \u00e0 l&#039;autre\u00a0?<\/h3>\n<p data-start=\"3407\" data-end=\"3478\">Oui. Les deux cuves sont enti\u00e8rement compatibles avec la m\u00eame machine AirSense\u2122 11.<\/p>\n<h3 data-start=\"3480\" data-end=\"3512\">Faut-il utiliser de l&#039;eau distill\u00e9e\u00a0?<\/h3>\n<p data-start=\"3513\" data-end=\"3602\">L&#039;utilisation d&#039;eau distill\u00e9e est recommand\u00e9e pour r\u00e9duire les d\u00e9p\u00f4ts min\u00e9raux et prolonger la dur\u00e9e de vie de la baignoire.<\/p>","protected":false},"excerpt":{"rendered":"<p>Le r\u00e9servoir d&#039;humidification HumidAir\u2122 11 est une chambre d&#039;humidification de remplacement pour les appareils ResMed AirSense\u2122 11. Disponible en versions standard et nettoyable, il assure une humidification chauff\u00e9e fiable pour un confort accru pendant les soins. <a href=\"https:\/\/respiart.ca\/fr\/magasin-cpap\/\">PPC<\/a> th\u00e9rapie.<\/p>","protected":false},"featured_media":6173,"comment_status":"open","ping_status":"closed","template":"","meta":[],"product_brand":[],"product_cat":[108],"product_tag":[],"class_list":{"0":"post-5902","1":"product","2":"type-product","3":"status-publish","4":"has-post-thumbnail","6":"product_cat-resmed","8":"first","9":"instock","10":"sale","11":"taxable","12":"shipping-taxable","13":"purchasable","14":"product-type-variable"},"yoast_head":"<!-- This site is optimized with the Yoast SEO plugin v27.5 - https:\/\/yoast.com\/product\/yoast-seo-wordpress\/ -->\n<title>HumidAir\u2122 11 | Respiart - Respiratory therapist Montreal<\/title>\n<meta name=\"description\" content=\"The HumidAir\u2122 11 Water Tub is a replacement humidifier chamber for ResMed AirSense\u2122 11 devices. Available in Standard and Cleanable variants, it delivers reliable heated humidification to improve comfort during CPAP therapy.\" \/>\n<meta name=\"robots\" content=\"index, follow, max-snippet:-1, max-image-preview:large, max-video-preview:-1\" \/>\n<link rel=\"canonical\" href=\"https:\/\/respiart.ca\/fr\/magasin\/humidair-11\/\" \/>\n<meta property=\"og:locale\" content=\"fr_CA\" \/>\n<meta property=\"og:type\" content=\"article\" \/>\n<meta property=\"og:title\" content=\"HumidAir\u2122 11 | Respiart - Respiratory therapist Montreal\" \/>\n<meta property=\"og:description\" content=\"The HumidAir\u2122 11 Water Tub is a replacement humidifier chamber for ResMed AirSense\u2122 11 devices. Available in Standard and Cleanable variants, it delivers reliable heated humidification to improve comfort during CPAP therapy.\" \/>\n<meta property=\"og:url\" content=\"https:\/\/respiart.ca\/fr\/magasin\/humidair-11\/\" \/>\n<meta property=\"og:site_name\" content=\"Respiart - Respiratory therapist Montreal\" \/>\n<meta property=\"article:modified_time\" content=\"2026-04-24T18:48:07+00:00\" \/>\n<meta property=\"og:image\" content=\"https:\/\/respiart.ca\/wp-content\/uploads\/2025\/12\/humid-s11-2.webp\" \/>\n\t<meta property=\"og:image:width\" content=\"575\" \/>\n\t<meta property=\"og:image:height\" content=\"573\" \/>\n\t<meta property=\"og:image:type\" content=\"image\/webp\" \/>\n<meta name=\"twitter:card\" content=\"summary_large_image\" \/>\n<meta name=\"twitter:label1\" content=\"Estimation du temps de lecture\" \/>\n\t<meta name=\"twitter:data1\" content=\"3 minutes\" \/>\n<script type=\"application\/ld+json\" class=\"yoast-schema-graph\">{\"@context\":\"https:\\\/\\\/schema.org\",\"@graph\":[{\"@type\":\"WebPage\",\"@id\":\"https:\\\/\\\/respiart.ca\\\/shop\\\/humidair-11\\\/\",\"url\":\"https:\\\/\\\/respiart.ca\\\/shop\\\/humidair-11\\\/\",\"name\":\"HumidAir\u2122 11 | Respiart - Respiratory therapist Montreal\",\"isPartOf\":{\"@id\":\"https:\\\/\\\/respiart.ca\\\/ar\\\/#website\"},\"primaryImageOfPage\":{\"@id\":\"https:\\\/\\\/respiart.ca\\\/shop\\\/humidair-11\\\/#primaryimage\"},\"image\":{\"@id\":\"https:\\\/\\\/respiart.ca\\\/shop\\\/humidair-11\\\/#primaryimage\"},\"thumbnailUrl\":\"https:\\\/\\\/respiart.ca\\\/wp-content\\\/uploads\\\/2025\\\/12\\\/humid-s11-2.webp\",\"datePublished\":\"2025-12-19T11:44:26+00:00\",\"dateModified\":\"2026-04-24T18:48:07+00:00\",\"description\":\"The HumidAir\u2122 11 Water Tub is a replacement humidifier chamber for ResMed AirSense\u2122 11 devices. Available in Standard and Cleanable variants, it delivers reliable heated humidification to improve comfort during CPAP therapy.\",\"breadcrumb\":{\"@id\":\"https:\\\/\\\/respiart.ca\\\/shop\\\/humidair-11\\\/#breadcrumb\"},\"inLanguage\":\"fr-CA\",\"potentialAction\":[{\"@type\":\"ReadAction\",\"target\":[\"https:\\\/\\\/respiart.ca\\\/shop\\\/humidair-11\\\/\"]}]},{\"@type\":\"ImageObject\",\"inLanguage\":\"fr-CA\",\"@id\":\"https:\\\/\\\/respiart.ca\\\/shop\\\/humidair-11\\\/#primaryimage\",\"url\":\"https:\\\/\\\/respiart.ca\\\/wp-content\\\/uploads\\\/2025\\\/12\\\/humid-s11-2.webp\",\"contentUrl\":\"https:\\\/\\\/respiart.ca\\\/wp-content\\\/uploads\\\/2025\\\/12\\\/humid-s11-2.webp\",\"width\":575,\"height\":573},{\"@type\":\"BreadcrumbList\",\"@id\":\"https:\\\/\\\/respiart.ca\\\/shop\\\/humidair-11\\\/#breadcrumb\",\"itemListElement\":[{\"@type\":\"ListItem\",\"position\":1,\"name\":\"Home\",\"item\":\"https:\\\/\\\/respiart.ca\\\/\"},{\"@type\":\"ListItem\",\"position\":2,\"name\":\"Shop CPAP\",\"item\":\"https:\\\/\\\/respiart.ca\\\/shop-cpap\\\/\"},{\"@type\":\"ListItem\",\"position\":3,\"name\":\"HumidAir\u2122 11\"}]},{\"@type\":\"WebSite\",\"@id\":\"https:\\\/\\\/respiart.ca\\\/ar\\\/#website\",\"url\":\"https:\\\/\\\/respiart.ca\\\/ar\\\/\",\"name\":\"RespiArt - Sleep apnea & CPAPs\",\"description\":\"CPAPs and tests for sleep apnea, asthma, oximetry\",\"publisher\":{\"@id\":\"https:\\\/\\\/respiart.ca\\\/ar\\\/#organization\"},\"potentialAction\":[{\"@type\":\"SearchAction\",\"target\":{\"@type\":\"EntryPoint\",\"urlTemplate\":\"https:\\\/\\\/respiart.ca\\\/ar\\\/?s={search_term_string}\"},\"query-input\":{\"@type\":\"PropertyValueSpecification\",\"valueRequired\":true,\"valueName\":\"search_term_string\"}}],\"inLanguage\":\"fr-CA\"},{\"@type\":\"Organization\",\"@id\":\"https:\\\/\\\/respiart.ca\\\/ar\\\/#organization\",\"name\":\"RespiArt - Sleep apnea & CPAPs\",\"url\":\"https:\\\/\\\/respiart.ca\\\/ar\\\/\",\"logo\":{\"@type\":\"ImageObject\",\"inLanguage\":\"fr-CA\",\"@id\":\"https:\\\/\\\/respiart.ca\\\/ar\\\/#\\\/schema\\\/logo\\\/image\\\/\",\"url\":\"https:\\\/\\\/respiart.ca\\\/wp-content\\\/uploads\\\/2022\\\/05\\\/Respiart-logo-1-e1651540192142.png\",\"contentUrl\":\"https:\\\/\\\/respiart.ca\\\/wp-content\\\/uploads\\\/2022\\\/05\\\/Respiart-logo-1-e1651540192142.png\",\"width\":237,\"height\":61,\"caption\":\"RespiArt - Sleep apnea & CPAPs\"},\"image\":{\"@id\":\"https:\\\/\\\/respiart.ca\\\/ar\\\/#\\\/schema\\\/logo\\\/image\\\/\"}}]}<\/script>\n<!-- \/ Yoast SEO plugin. -->","yoast_head_json":{"title":"HumidAir\u2122 11 | Respiart - Th\u00e9rapeute respiratoire Montr\u00e9al","description":"Le r\u00e9servoir d&#039;humidification HumidAir\u2122 11 est une chambre de remplacement pour les appareils ResMed AirSense\u2122 11. Disponible en versions standard et nettoyable, il assure une humidification chauff\u00e9e fiable pour un confort accru lors des s\u00e9ances de PPC.","robots":{"index":"index","follow":"follow","max-snippet":"max-snippet:-1","max-image-preview":"max-image-preview:large","max-video-preview":"max-video-preview:-1"},"canonical":"https:\/\/respiart.ca\/fr\/magasin\/humidair-11\/","og_locale":"fr_CA","og_type":"article","og_title":"HumidAir\u2122 11 | Respiart - Respiratory therapist Montreal","og_description":"The HumidAir\u2122 11 Water Tub is a replacement humidifier chamber for ResMed AirSense\u2122 11 devices. Available in Standard and Cleanable variants, it delivers reliable heated humidification to improve comfort during CPAP therapy.","og_url":"https:\/\/respiart.ca\/fr\/magasin\/humidair-11\/","og_site_name":"Respiart - Respiratory therapist Montreal","article_modified_time":"2026-04-24T18:48:07+00:00","og_image":[{"width":575,"height":573,"url":"https:\/\/respiart.ca\/wp-content\/uploads\/2025\/12\/humid-s11-2.webp","type":"image\/webp"}],"twitter_card":"summary_large_image","twitter_misc":{"Estimation du temps de lecture":"3 minutes"},"schema":{"@context":"https:\/\/schema.org","@graph":[{"@type":"WebPage","@id":"https:\/\/respiart.ca\/shop\/humidair-11\/","url":"https:\/\/respiart.ca\/shop\/humidair-11\/","name":"HumidAir\u2122 11 | Respiart - Th\u00e9rapeute respiratoire Montr\u00e9al","isPartOf":{"@id":"https:\/\/respiart.ca\/ar\/#website"},"primaryImageOfPage":{"@id":"https:\/\/respiart.ca\/shop\/humidair-11\/#primaryimage"},"image":{"@id":"https:\/\/respiart.ca\/shop\/humidair-11\/#primaryimage"},"thumbnailUrl":"https:\/\/respiart.ca\/wp-content\/uploads\/2025\/12\/humid-s11-2.webp","datePublished":"2025-12-19T11:44:26+00:00","dateModified":"2026-04-24T18:48:07+00:00","description":"Le r\u00e9servoir d&#039;humidification HumidAir\u2122 11 est une chambre de remplacement pour les appareils ResMed AirSense\u2122 11. Disponible en versions standard et nettoyable, il assure une humidification chauff\u00e9e fiable pour un confort accru lors des s\u00e9ances de PPC.","breadcrumb":{"@id":"https:\/\/respiart.ca\/shop\/humidair-11\/#breadcrumb"},"inLanguage":"fr-CA","potentialAction":[{"@type":"ReadAction","target":["https:\/\/respiart.ca\/shop\/humidair-11\/"]}]},{"@type":"ImageObject","inLanguage":"fr-CA","@id":"https:\/\/respiart.ca\/shop\/humidair-11\/#primaryimage","url":"https:\/\/respiart.ca\/wp-content\/uploads\/2025\/12\/humid-s11-2.webp","contentUrl":"https:\/\/respiart.ca\/wp-content\/uploads\/2025\/12\/humid-s11-2.webp","width":575,"height":573},{"@type":"BreadcrumbList","@id":"https:\/\/respiart.ca\/shop\/humidair-11\/#breadcrumb","itemListElement":[{"@type":"ListItem","position":1,"name":"Home","item":"https:\/\/respiart.ca\/"},{"@type":"ListItem","position":2,"name":"Shop CPAP","item":"https:\/\/respiart.ca\/shop-cpap\/"},{"@type":"ListItem","position":3,"name":"HumidAir\u2122 11"}]},{"@type":"WebSite","@id":"https:\/\/respiart.ca\/ar\/#website","url":"https:\/\/respiart.ca\/ar\/","name":"RespiArt - Apn\u00e9e du sommeil et CPAP","description":"CPAP et tests pour l&#039;apn\u00e9e du sommeil, l&#039;asthme, l&#039;oxym\u00e9trie","publisher":{"@id":"https:\/\/respiart.ca\/ar\/#organization"},"potentialAction":[{"@type":"SearchAction","target":{"@type":"EntryPoint","urlTemplate":"https:\/\/respiart.ca\/ar\/?s={search_term_string}"},"query-input":{"@type":"PropertyValueSpecification","valueRequired":true,"valueName":"search_term_string"}}],"inLanguage":"fr-CA"},{"@type":"Organization","@id":"https:\/\/respiart.ca\/ar\/#organization","name":"RespiArt - Apn\u00e9e du sommeil et CPAP","url":"https:\/\/respiart.ca\/ar\/","logo":{"@type":"ImageObject","inLanguage":"fr-CA","@id":"https:\/\/respiart.ca\/ar\/#\/schema\/logo\/image\/","url":"https:\/\/respiart.ca\/wp-content\/uploads\/2022\/05\/Respiart-logo-1-e1651540192142.png","contentUrl":"https:\/\/respiart.ca\/wp-content\/uploads\/2022\/05\/Respiart-logo-1-e1651540192142.png","width":237,"height":61,"caption":"RespiArt - Sleep apnea & CPAPs"},"image":{"@id":"https:\/\/respiart.ca\/ar\/#\/schema\/logo\/image\/"}}]}},"_links":{"self":[{"href":"https:\/\/respiart.ca\/fr\/wp-json\/wp\/v2\/product\/5902","targetHints":{"allow":["GET"]}}],"collection":[{"href":"https:\/\/respiart.ca\/fr\/wp-json\/wp\/v2\/product"}],"about":[{"href":"https:\/\/respiart.ca\/fr\/wp-json\/wp\/v2\/types\/product"}],"replies":[{"embeddable":true,"href":"https:\/\/respiart.ca\/fr\/wp-json\/wp\/v2\/comments?post=5902"}],"wp:featuredmedia":[{"embeddable":true,"href":"https:\/\/respiart.ca\/fr\/wp-json\/wp\/v2\/media\/6173"}],"wp:attachment":[{"href":"https:\/\/respiart.ca\/fr\/wp-json\/wp\/v2\/media?parent=5902"}],"wp:term":[{"taxonomy":"product_brand","embeddable":true,"href":"https:\/\/respiart.ca\/fr\/wp-json\/wp\/v2\/product_brand?post=5902"},{"taxonomy":"product_cat","embeddable":true,"href":"https:\/\/respiart.ca\/fr\/wp-json\/wp\/v2\/product_cat?post=5902"},{"taxonomy":"product_tag","embeddable":true,"href":"https:\/\/respiart.ca\/fr\/wp-json\/wp\/v2\/product_tag?post=5902"}],"curies":[{"name":"wp","href":"https:\/\/api.w.org\/{rel}","templated":true}]}}