{"id":5905,"date":"2025-12-19T11:44:41","date_gmt":"2025-12-19T11:44:41","guid":{"rendered":"http:\/\/f4i.0cc.mytemp.website\/shop\/chin-restraint\/"},"modified":"2026-04-24T18:21:12","modified_gmt":"2026-04-24T18:21:12","slug":"retenue-du-menton","status":"publish","type":"product","link":"https:\/\/respiart.ca\/fr\/shop\/chin-restraint\/","title":{"rendered":"Retenue du menton"},"content":{"rendered":"<p data-start=\"314\" data-end=\"601\">La mentonni\u00e8re ResMed est un accessoire pratique pour <a href=\"https:\/\/respiart.ca\/fr\/magasin-cpap\/\">PPC<\/a> Ce dispositif est indiqu\u00e9 pour les personnes qui ouvrent la bouche pendant leur sommeil. En soutenant d\u00e9licatement le menton, il contribue \u00e0 maintenir un bon positionnement de la m\u00e2choire et favorise la respiration nasale, r\u00e9duisant ainsi les fuites d&#039;air et am\u00e9liorant le confort g\u00e9n\u00e9ral du traitement.<\/p>\n<p data-start=\"603\" data-end=\"749\">Ce dispositif de maintien du menton est id\u00e9al pour les utilisateurs qui portent des masques nasaux ou \u00e0 coussinets nasaux et qui souhaitent une solution simple et non invasive pour am\u00e9liorer les performances de leur appareil CPAP.<\/p>\n<h2 data-start=\"751\" data-end=\"768\">Principaux avantages<\/h2>\n<p data-start=\"769\" data-end=\"1059\">\u2022 Contribue \u00e0 r\u00e9duire la respiration buccale pendant le sommeil<br data-start=\"812\" data-end=\"815\" \/>\u2022 Am\u00e9liore l&#039;efficacit\u00e9 du traitement par PPC en minimisant les fuites d&#039;air<br data-start=\"876\" data-end=\"879\" \/>\u2022 Assure une pression constante tout au long de la nuit<br data-start=\"939\" data-end=\"942\" \/>\u2022 Am\u00e9liore le confort des utilisateurs de masques nasaux et de masques \u00e0 embouts nasaux<br data-start=\"999\" data-end=\"1002\" \/>\u2022 Conception l\u00e9g\u00e8re adapt\u00e9e \u00e0 une utilisation nocturne prolong\u00e9e<\/p>\n<h2 data-start=\"1061\" data-end=\"1074\">Fonctionnalit\u00e9s<\/h2>\n<p data-start=\"1075\" data-end=\"1302\">\u2022 Tissu doux et respirant pour un confort accru<br data-start=\"1121\" data-end=\"1124\" \/>\u2022 Sangle ajustable pour un maintien s\u00fbr et personnalis\u00e9<br data-start=\"1173\" data-end=\"1176\" \/>\u2022 Un soutien doux du menton sans pression excessive<br data-start=\"1224\" data-end=\"1227\" \/>\u2022 Compatible avec la plupart des masques CPAP et BiPAP<br data-start=\"1270\" data-end=\"1273\" \/>\u2022 Facile \u00e0 mettre et \u00e0 enlever<\/p>\n<h2 data-start=\"1304\" data-end=\"1336\">\u00c0 qui s&#039;adresse ce produit<\/h2>\n<p data-start=\"1337\" data-end=\"1569\">\u2022 Les utilisateurs d\u2019appareils CPAP qui souffrent de s\u00e9cheresse buccale due \u00e0 la respiration buccale<br data-start=\"1395\" data-end=\"1398\" \/>\u2022 Patients utilisant des masques nasaux ou des embouts nasaux<br data-start=\"1443\" data-end=\"1446\" \/>\u2022 Utilisateurs recherchant une alternative non invasive aux masques faciaux complets<br data-start=\"1507\" data-end=\"1510\" \/>\u2022 Pour ceux qui souhaitent am\u00e9liorer l&#039;observance et le confort du traitement<\/p>\n<h2 data-start=\"1571\" data-end=\"1598\">Sp\u00e9cifications du produit<\/h2>\n<div class=\"TyagGW_tableContainer\">\n<div class=\"group TyagGW_tableWrapper flex w-fit flex-col-reverse\" tabindex=\"-1\">\n<table class=\"w-fit min-w-(--thread-content-width)\" data-start=\"1600\" data-end=\"1830\">\n<thead data-start=\"1600\" data-end=\"1627\">\n<tr data-start=\"1600\" data-end=\"1627\">\n<th data-start=\"1600\" data-end=\"1616\" data-col-size=\"sm\">sp\u00e9cification<\/th>\n<th data-start=\"1616\" data-end=\"1627\" data-col-size=\"sm\">D\u00e9tails<\/th>\n<\/tr>\n<\/thead>\n<tbody data-start=\"1655\" data-end=\"1830\">\n<tr data-start=\"1655\" data-end=\"1693\">\n<td data-start=\"1655\" data-end=\"1670\" data-col-size=\"sm\">Type de produit<\/td>\n<td data-start=\"1670\" data-end=\"1693\" data-col-size=\"sm\">Contrainte de menton CPAP<\/td>\n<\/tr>\n<tr data-start=\"1694\" data-end=\"1732\">\n<td data-start=\"1694\" data-end=\"1705\" data-col-size=\"sm\">Mat\u00e9riel<\/td>\n<td data-start=\"1705\" data-end=\"1732\" data-col-size=\"sm\">Tissu doux et respirant<\/td>\n<\/tr>\n<tr data-start=\"1733\" data-end=\"1756\">\n<td data-start=\"1733\" data-end=\"1749\" data-col-size=\"sm\">Ajustabilit\u00e9<\/td>\n<td data-start=\"1749\" data-end=\"1756\" data-col-size=\"sm\">Oui<\/td>\n<\/tr>\n<tr data-start=\"1757\" data-end=\"1811\">\n<td data-start=\"1757\" data-end=\"1778\" data-col-size=\"sm\">Compatibilit\u00e9 des masques<\/td>\n<td data-start=\"1778\" data-end=\"1811\" data-col-size=\"sm\">Masques nasaux et \u00e0 embouts nasaux<\/td>\n<\/tr>\n<tr data-start=\"1812\" data-end=\"1830\">\n<td data-start=\"1812\" data-end=\"1820\" data-col-size=\"sm\">Marque<\/td>\n<td data-start=\"1820\" data-end=\"1830\" data-col-size=\"sm\">ResMed<\/td>\n<\/tr>\n<\/tbody>\n<\/table>\n<\/div>\n<\/div>\n<h2 data-start=\"1832\" data-end=\"1860\">Comment cela am\u00e9liore la th\u00e9rapie<\/h2>\n<p data-start=\"1861\" data-end=\"2117\">En maintenant la bouche l\u00e9g\u00e8rement ferm\u00e9e pendant le sommeil, le dispositif de contention du menton contribue \u00e0 maintenir une pression constante dans les voies respiratoires, r\u00e9duisant ainsi les interruptions du traitement et am\u00e9liorant la qualit\u00e9 du sommeil. Il favorise un positionnement naturel de la m\u00e2choire sans restreindre les mouvements ni provoquer d&#039;inconfort.<\/p>\n<h2 data-start=\"2119\" data-end=\"2128\">FAQ<\/h2>\n<p data-start=\"2130\" data-end=\"2292\"><strong data-start=\"2130\" data-end=\"2193\">Le dispositif de contention mentonni\u00e8re ResMed est-il confortable pour une utilisation nocturne compl\u00e8te\u00a0?<\/strong><br data-start=\"2193\" data-end=\"2196\" \/>Oui. Il est fabriqu\u00e9 \u00e0 partir de mat\u00e9riaux doux et respirants, con\u00e7us pour \u00eatre port\u00e9s toute la nuit.<\/p>\n<p data-start=\"2294\" data-end=\"2410\"><strong data-start=\"2294\" data-end=\"2332\">Puis-je utiliser ceci avec n&#039;importe quel masque CPAP\u00a0?<\/strong><br data-start=\"2332\" data-end=\"2335\" \/>Il est compatible avec la plupart des masques, notamment les masques nasaux et les masques \u00e0 embouts nasaux.<\/p>\n<p data-start=\"2412\" data-end=\"2550\"><strong data-start=\"2412\" data-end=\"2449\">Est-ce que cela remplace un masque facial complet ?<\/strong><br data-start=\"2449\" data-end=\"2452\" \/>Non. C&#039;est une solution alternative pour les utilisateurs qui pr\u00e9f\u00e8rent les masques nasaux mais qui respirent par la bouche.<\/p>\n<p data-start=\"2552\" data-end=\"2666\"><strong data-start=\"2552\" data-end=\"2573\">Est-il r\u00e9glable ?<\/strong><br data-start=\"2573\" data-end=\"2576\" \/>Oui. La sangle r\u00e9glable permet \u00e0 l&#039;utilisateur de personnaliser l&#039;ajustement pour un confort et une efficacit\u00e9 optimaux.<\/p>\n<p data-start=\"2668\" data-end=\"2778\"><strong data-start=\"2668\" data-end=\"2690\">Comment le nettoyer ?<\/strong><br data-start=\"2690\" data-end=\"2693\" \/>Le lavage \u00e0 la main avec un savon doux et le s\u00e9chage \u00e0 l&#039;air libre sont recommand\u00e9s pour pr\u00e9server la qualit\u00e9 du tissu.<\/p>","protected":false},"excerpt":{"rendered":"<p>Le dispositif de maintien du menton ResMed est con\u00e7u pour soutenir d\u00e9licatement le menton pendant le sommeil, contribuant ainsi \u00e0 r\u00e9duire la respiration buccale et \u00e0 am\u00e9liorer la qualit\u00e9 de l&#039;air. <a href=\"https:\/\/respiart.ca\/fr\/magasin-cpap\/\">PPC<\/a> Efficacit\u00e9 th\u00e9rapeutique. Confortable, ajustable et facile \u00e0 utiliser, il favorise une exp\u00e9rience th\u00e9rapeutique plus stable et constante.<\/p>","protected":false},"featured_media":6025,"comment_status":"open","ping_status":"closed","template":"","meta":[],"product_brand":[],"product_cat":[108],"product_tag":[],"class_list":{"0":"post-5905","1":"product","2":"type-product","3":"status-publish","4":"has-post-thumbnail","6":"product_cat-resmed","8":"first","9":"instock","10":"sale","11":"taxable","12":"shipping-taxable","13":"purchasable","14":"product-type-simple"},"yoast_head":"<!-- This site is optimized with the Yoast SEO plugin v27.5 - https:\/\/yoast.com\/product\/yoast-seo-wordpress\/ -->\n<title>Chin Restraint | Respiart - Respiratory therapist Montreal<\/title>\n<meta name=\"description\" content=\"The ResMed Chin Restraint is designed to gently support the chin during sleep, helping reduce mouth breathing and improve CPAP therapy effectiveness. Comfortable, adjustable, and easy to use, it supports a more stable and consistent therapy experience.\" \/>\n<meta name=\"robots\" content=\"index, follow, max-snippet:-1, max-image-preview:large, max-video-preview:-1\" \/>\n<link rel=\"canonical\" href=\"https:\/\/respiart.ca\/fr\/magasin\/retenue-du-menton\/\" \/>\n<meta property=\"og:locale\" content=\"fr_CA\" \/>\n<meta property=\"og:type\" content=\"article\" \/>\n<meta property=\"og:title\" content=\"Chin Restraint | Respiart - Respiratory therapist Montreal\" \/>\n<meta property=\"og:description\" content=\"The ResMed Chin Restraint is designed to gently support the chin during sleep, helping reduce mouth breathing and improve CPAP therapy effectiveness. Comfortable, adjustable, and easy to use, it supports a more stable and consistent therapy experience.\" \/>\n<meta property=\"og:url\" content=\"https:\/\/respiart.ca\/fr\/magasin\/retenue-du-menton\/\" \/>\n<meta property=\"og:site_name\" content=\"Respiart - Respiratory therapist Montreal\" \/>\n<meta property=\"article:modified_time\" content=\"2026-04-24T18:21:12+00:00\" \/>\n<meta property=\"og:image\" content=\"https:\/\/respiart.ca\/wp-content\/uploads\/2025\/12\/Chin-Restraint1.jpg\" \/>\n\t<meta property=\"og:image:width\" content=\"225\" \/>\n\t<meta property=\"og:image:height\" content=\"225\" \/>\n\t<meta property=\"og:image:type\" content=\"image\/jpeg\" \/>\n<meta name=\"twitter:card\" content=\"summary_large_image\" \/>\n<meta name=\"twitter:label1\" content=\"Estimation du temps de lecture\" \/>\n\t<meta name=\"twitter:data1\" content=\"2 minutes\" \/>\n<script type=\"application\/ld+json\" class=\"yoast-schema-graph\">{\"@context\":\"https:\\\/\\\/schema.org\",\"@graph\":[{\"@type\":\"WebPage\",\"@id\":\"https:\\\/\\\/respiart.ca\\\/shop\\\/chin-restraint\\\/\",\"url\":\"https:\\\/\\\/respiart.ca\\\/shop\\\/chin-restraint\\\/\",\"name\":\"Chin Restraint | Respiart - Respiratory therapist Montreal\",\"isPartOf\":{\"@id\":\"https:\\\/\\\/respiart.ca\\\/ar\\\/#website\"},\"primaryImageOfPage\":{\"@id\":\"https:\\\/\\\/respiart.ca\\\/shop\\\/chin-restraint\\\/#primaryimage\"},\"image\":{\"@id\":\"https:\\\/\\\/respiart.ca\\\/shop\\\/chin-restraint\\\/#primaryimage\"},\"thumbnailUrl\":\"https:\\\/\\\/respiart.ca\\\/wp-content\\\/uploads\\\/2025\\\/12\\\/Chin-Restraint1.jpg\",\"datePublished\":\"2025-12-19T11:44:41+00:00\",\"dateModified\":\"2026-04-24T18:21:12+00:00\",\"description\":\"The ResMed Chin Restraint is designed to gently support the chin during sleep, helping reduce mouth breathing and improve CPAP therapy effectiveness. Comfortable, adjustable, and easy to use, it supports a more stable and consistent therapy experience.\",\"breadcrumb\":{\"@id\":\"https:\\\/\\\/respiart.ca\\\/shop\\\/chin-restraint\\\/#breadcrumb\"},\"inLanguage\":\"fr-CA\",\"potentialAction\":[{\"@type\":\"ReadAction\",\"target\":[\"https:\\\/\\\/respiart.ca\\\/shop\\\/chin-restraint\\\/\"]}]},{\"@type\":\"ImageObject\",\"inLanguage\":\"fr-CA\",\"@id\":\"https:\\\/\\\/respiart.ca\\\/shop\\\/chin-restraint\\\/#primaryimage\",\"url\":\"https:\\\/\\\/respiart.ca\\\/wp-content\\\/uploads\\\/2025\\\/12\\\/Chin-Restraint1.jpg\",\"contentUrl\":\"https:\\\/\\\/respiart.ca\\\/wp-content\\\/uploads\\\/2025\\\/12\\\/Chin-Restraint1.jpg\",\"width\":225,\"height\":225},{\"@type\":\"BreadcrumbList\",\"@id\":\"https:\\\/\\\/respiart.ca\\\/shop\\\/chin-restraint\\\/#breadcrumb\",\"itemListElement\":[{\"@type\":\"ListItem\",\"position\":1,\"name\":\"Home\",\"item\":\"https:\\\/\\\/respiart.ca\\\/\"},{\"@type\":\"ListItem\",\"position\":2,\"name\":\"Shop CPAP\",\"item\":\"https:\\\/\\\/respiart.ca\\\/shop-cpap\\\/\"},{\"@type\":\"ListItem\",\"position\":3,\"name\":\"Chin Restraint\"}]},{\"@type\":\"WebSite\",\"@id\":\"https:\\\/\\\/respiart.ca\\\/ar\\\/#website\",\"url\":\"https:\\\/\\\/respiart.ca\\\/ar\\\/\",\"name\":\"RespiArt - Sleep apnea & CPAPs\",\"description\":\"CPAPs and tests for sleep apnea, asthma, oximetry\",\"publisher\":{\"@id\":\"https:\\\/\\\/respiart.ca\\\/ar\\\/#organization\"},\"potentialAction\":[{\"@type\":\"SearchAction\",\"target\":{\"@type\":\"EntryPoint\",\"urlTemplate\":\"https:\\\/\\\/respiart.ca\\\/ar\\\/?s={search_term_string}\"},\"query-input\":{\"@type\":\"PropertyValueSpecification\",\"valueRequired\":true,\"valueName\":\"search_term_string\"}}],\"inLanguage\":\"fr-CA\"},{\"@type\":\"Organization\",\"@id\":\"https:\\\/\\\/respiart.ca\\\/ar\\\/#organization\",\"name\":\"RespiArt - Sleep apnea & CPAPs\",\"url\":\"https:\\\/\\\/respiart.ca\\\/ar\\\/\",\"logo\":{\"@type\":\"ImageObject\",\"inLanguage\":\"fr-CA\",\"@id\":\"https:\\\/\\\/respiart.ca\\\/ar\\\/#\\\/schema\\\/logo\\\/image\\\/\",\"url\":\"https:\\\/\\\/respiart.ca\\\/wp-content\\\/uploads\\\/2022\\\/05\\\/Respiart-logo-1-e1651540192142.png\",\"contentUrl\":\"https:\\\/\\\/respiart.ca\\\/wp-content\\\/uploads\\\/2022\\\/05\\\/Respiart-logo-1-e1651540192142.png\",\"width\":237,\"height\":61,\"caption\":\"RespiArt - Sleep apnea & CPAPs\"},\"image\":{\"@id\":\"https:\\\/\\\/respiart.ca\\\/ar\\\/#\\\/schema\\\/logo\\\/image\\\/\"}}]}<\/script>\n<!-- \/ Yoast SEO plugin. -->","yoast_head_json":{"title":"Contrainte du menton | Respiart - Th\u00e9rapeute respiratoire Montr\u00e9al","description":"Le support mentonnier ResMed est con\u00e7u pour soutenir d\u00e9licatement le menton pendant le sommeil, contribuant ainsi \u00e0 r\u00e9duire la respiration buccale et \u00e0 am\u00e9liorer l&#039;efficacit\u00e9 du traitement par PPC. Confortable, ajustable et facile \u00e0 utiliser, il favorise une exp\u00e9rience th\u00e9rapeutique plus stable et r\u00e9guli\u00e8re.","robots":{"index":"index","follow":"follow","max-snippet":"max-snippet:-1","max-image-preview":"max-image-preview:large","max-video-preview":"max-video-preview:-1"},"canonical":"https:\/\/respiart.ca\/fr\/magasin\/retenue-du-menton\/","og_locale":"fr_CA","og_type":"article","og_title":"Chin Restraint | Respiart - Respiratory therapist Montreal","og_description":"The ResMed Chin Restraint is designed to gently support the chin during sleep, helping reduce mouth breathing and improve CPAP therapy effectiveness. Comfortable, adjustable, and easy to use, it supports a more stable and consistent therapy experience.","og_url":"https:\/\/respiart.ca\/fr\/magasin\/retenue-du-menton\/","og_site_name":"Respiart - Respiratory therapist Montreal","article_modified_time":"2026-04-24T18:21:12+00:00","og_image":[{"width":225,"height":225,"url":"https:\/\/respiart.ca\/wp-content\/uploads\/2025\/12\/Chin-Restraint1.jpg","type":"image\/jpeg"}],"twitter_card":"summary_large_image","twitter_misc":{"Estimation du temps de lecture":"2 minutes"},"schema":{"@context":"https:\/\/schema.org","@graph":[{"@type":"WebPage","@id":"https:\/\/respiart.ca\/shop\/chin-restraint\/","url":"https:\/\/respiart.ca\/shop\/chin-restraint\/","name":"Contrainte du menton | Respiart - Th\u00e9rapeute respiratoire Montr\u00e9al","isPartOf":{"@id":"https:\/\/respiart.ca\/ar\/#website"},"primaryImageOfPage":{"@id":"https:\/\/respiart.ca\/shop\/chin-restraint\/#primaryimage"},"image":{"@id":"https:\/\/respiart.ca\/shop\/chin-restraint\/#primaryimage"},"thumbnailUrl":"https:\/\/respiart.ca\/wp-content\/uploads\/2025\/12\/Chin-Restraint1.jpg","datePublished":"2025-12-19T11:44:41+00:00","dateModified":"2026-04-24T18:21:12+00:00","description":"Le support mentonnier ResMed est con\u00e7u pour soutenir d\u00e9licatement le menton pendant le sommeil, contribuant ainsi \u00e0 r\u00e9duire la respiration buccale et \u00e0 am\u00e9liorer l&#039;efficacit\u00e9 du traitement par PPC. Confortable, ajustable et facile \u00e0 utiliser, il favorise une exp\u00e9rience th\u00e9rapeutique plus stable et r\u00e9guli\u00e8re.","breadcrumb":{"@id":"https:\/\/respiart.ca\/shop\/chin-restraint\/#breadcrumb"},"inLanguage":"fr-CA","potentialAction":[{"@type":"ReadAction","target":["https:\/\/respiart.ca\/shop\/chin-restraint\/"]}]},{"@type":"ImageObject","inLanguage":"fr-CA","@id":"https:\/\/respiart.ca\/shop\/chin-restraint\/#primaryimage","url":"https:\/\/respiart.ca\/wp-content\/uploads\/2025\/12\/Chin-Restraint1.jpg","contentUrl":"https:\/\/respiart.ca\/wp-content\/uploads\/2025\/12\/Chin-Restraint1.jpg","width":225,"height":225},{"@type":"BreadcrumbList","@id":"https:\/\/respiart.ca\/shop\/chin-restraint\/#breadcrumb","itemListElement":[{"@type":"ListItem","position":1,"name":"Home","item":"https:\/\/respiart.ca\/"},{"@type":"ListItem","position":2,"name":"Shop CPAP","item":"https:\/\/respiart.ca\/shop-cpap\/"},{"@type":"ListItem","position":3,"name":"Chin Restraint"}]},{"@type":"WebSite","@id":"https:\/\/respiart.ca\/ar\/#website","url":"https:\/\/respiart.ca\/ar\/","name":"RespiArt - Apn\u00e9e du sommeil et CPAP","description":"CPAP et tests pour l&#039;apn\u00e9e du sommeil, l&#039;asthme, l&#039;oxym\u00e9trie","publisher":{"@id":"https:\/\/respiart.ca\/ar\/#organization"},"potentialAction":[{"@type":"SearchAction","target":{"@type":"EntryPoint","urlTemplate":"https:\/\/respiart.ca\/ar\/?s={search_term_string}"},"query-input":{"@type":"PropertyValueSpecification","valueRequired":true,"valueName":"search_term_string"}}],"inLanguage":"fr-CA"},{"@type":"Organization","@id":"https:\/\/respiart.ca\/ar\/#organization","name":"RespiArt - Apn\u00e9e du sommeil et CPAP","url":"https:\/\/respiart.ca\/ar\/","logo":{"@type":"ImageObject","inLanguage":"fr-CA","@id":"https:\/\/respiart.ca\/ar\/#\/schema\/logo\/image\/","url":"https:\/\/respiart.ca\/wp-content\/uploads\/2022\/05\/Respiart-logo-1-e1651540192142.png","contentUrl":"https:\/\/respiart.ca\/wp-content\/uploads\/2022\/05\/Respiart-logo-1-e1651540192142.png","width":237,"height":61,"caption":"RespiArt - Sleep apnea & CPAPs"},"image":{"@id":"https:\/\/respiart.ca\/ar\/#\/schema\/logo\/image\/"}}]}},"_links":{"self":[{"href":"https:\/\/respiart.ca\/fr\/wp-json\/wp\/v2\/product\/5905","targetHints":{"allow":["GET"]}}],"collection":[{"href":"https:\/\/respiart.ca\/fr\/wp-json\/wp\/v2\/product"}],"about":[{"href":"https:\/\/respiart.ca\/fr\/wp-json\/wp\/v2\/types\/product"}],"replies":[{"embeddable":true,"href":"https:\/\/respiart.ca\/fr\/wp-json\/wp\/v2\/comments?post=5905"}],"wp:featuredmedia":[{"embeddable":true,"href":"https:\/\/respiart.ca\/fr\/wp-json\/wp\/v2\/media\/6025"}],"wp:attachment":[{"href":"https:\/\/respiart.ca\/fr\/wp-json\/wp\/v2\/media?parent=5905"}],"wp:term":[{"taxonomy":"product_brand","embeddable":true,"href":"https:\/\/respiart.ca\/fr\/wp-json\/wp\/v2\/product_brand?post=5905"},{"taxonomy":"product_cat","embeddable":true,"href":"https:\/\/respiart.ca\/fr\/wp-json\/wp\/v2\/product_cat?post=5905"},{"taxonomy":"product_tag","embeddable":true,"href":"https:\/\/respiart.ca\/fr\/wp-json\/wp\/v2\/product_tag?post=5905"}],"curies":[{"name":"wp","href":"https:\/\/api.w.org\/{rel}","templated":true}]}}