{"id":5907,"date":"2025-12-19T11:44:52","date_gmt":"2025-12-19T11:44:52","guid":{"rendered":"http:\/\/f4i.0cc.mytemp.website\/shop\/airfit-p30i-starter-pack-small\/"},"modified":"2026-04-24T18:55:47","modified_gmt":"2026-04-24T18:55:47","slug":"pack-de-demarrage-airfit-p30i","status":"publish","type":"product","link":"https:\/\/respiart.ca\/fr\/shop\/airfit-p30i-starter-pack\/","title":{"rendered":"Pack de d\u00e9marrage AirFit\u2122 P30i"},"content":{"rendered":"<p data-start=\"535\" data-end=\"856\">Le kit de d\u00e9marrage AirFit\u2122 P30i offre une solution compl\u00e8te de masque \u00e0 embouts nasaux pour les utilisateurs d&#039;appareils CPAP qui privil\u00e9gient le confort, la fiabilit\u00e9 et un design minimaliste. Son embout plac\u00e9 sous le nez r\u00e9duit le contact avec le visage tout en assurant une \u00e9tanch\u00e9it\u00e9 optimale, ce qui le rend id\u00e9al pour les personnes dormant sur le c\u00f4t\u00e9, les voyageurs et celles qui bougent pendant leur sommeil.<\/p>\n<p data-start=\"858\" data-end=\"1149\">Chaque kit de d\u00e9marrage comprend des coussins de diff\u00e9rentes tailles, permettant \u00e0 l&#039;utilisateur de choisir celui qui lui convient le mieux pour une \u00e9tanch\u00e9it\u00e9 optimale et une efficacit\u00e9 th\u00e9rapeutique constante. Les oreillers en silicone souple et le harnais l\u00e9ger assurent un confort optimal toute la nuit, tandis que leur format compact facilite le transport et le rangement.<\/p>\n<h3 data-start=\"1151\" data-end=\"1182\">Principales caract\u00e9ristiques et avantages<\/h3>\n<p data-start=\"1184\" data-end=\"1719\">Le pack de d\u00e9marrage AirFit\u2122 P30i est con\u00e7u pour optimiser le confort et l&#039;efficacit\u00e9 de la th\u00e9rapie\u00a0:<br data-start=\"1272\" data-end=\"1275\" \/>\u2022 La conception des coussinets nasaux plac\u00e9s sous le nez r\u00e9duit le contact avec le visage et les points de pression.<br data-start=\"1355\" data-end=\"1358\" \/>\u2022 Les coussinets en silicone souple assurent une \u00e9tanch\u00e9it\u00e9 s\u00fbre et douce<br data-start=\"1415\" data-end=\"1418\" \/>\u2022 Un harnais l\u00e9ger pour un contact minimal avec le visage et un confort accru<br data-start=\"1485\" data-end=\"1488\" \/>\u2022 Syst\u00e8me de ventilation ultra-silencieux pour un bruit d&#039;expiration minimal<br data-start=\"1545\" data-end=\"1548\" \/>\u2022 Plusieurs coussins inclus pour un ajustement personnalis\u00e9 (Petit, Moyen, Petit Large)<br data-start=\"1625\" data-end=\"1628\" \/>\u2022 Montage et d\u00e9montage rapides et faciles<br data-start=\"1669\" data-end=\"1672\" \/>\u2022 Id\u00e9al pour les personnes dormant sur le c\u00f4t\u00e9 et celles qui bougent beaucoup en dormant.<\/p>\n<h3 data-start=\"1721\" data-end=\"1742\">Ce qui est inclus<\/h3>\n<p data-start=\"1744\" data-end=\"1960\">Chaque kit de d\u00e9marrage contient les \u00e9l\u00e9ments essentiels pour une th\u00e9rapie CPAP imm\u00e9diate\u00a0:<br data-start=\"1823\" data-end=\"1826\" \/>\u2022 Cadre de masque AirFit\u2122 P30i<br data-start=\"1851\" data-end=\"1854\" \/>\u2022 Coiffe r\u00e9glable<br data-start=\"1875\" data-end=\"1878\" \/>\u2022 Coussinets nasaux de petite, moyenne et petite largeur<br data-start=\"1924\" data-end=\"1927\" \/>\u2022 Guide d&#039;utilisation pour l&#039;installation et l&#039;entretien<\/p>\n<p data-start=\"1962\" data-end=\"2180\">La <strong data-start=\"1966\" data-end=\"1991\">Pack de d\u00e9marrage standard<\/strong> Comprend la taille moyenne standard avec des coussins Petit et Petit Large.<br data-start=\"2060\" data-end=\"2063\" \/>La <strong data-start=\"2067\" data-end=\"2089\">Petit kit de d\u00e9marrage<\/strong> Comprend des coussins de petite, moyenne et petite largeur optimis\u00e9s pour les visages plus petits.<\/p>\n<h3 data-start=\"2182\" data-end=\"2199\">Utilisateurs id\u00e9aux<\/h3>\n<p data-start=\"2201\" data-end=\"2565\">Le pack de d\u00e9marrage AirFit\u2122 P30i est id\u00e9al pour les utilisateurs d&#039;appareils CPAP \u00e0 la recherche d&#039;un masque \u00e0 coussinets nasaux l\u00e9ger, polyvalent et facile \u00e0 transporter\u00a0:<br data-start=\"2330\" data-end=\"2333\" \/>\u2022 Utilisateurs du masque \u00e0 embouts nasaux AirFit\u2122 P30i<br data-start=\"2379\" data-end=\"2382\" \/>\u2022 Les personnes qui dorment sur le c\u00f4t\u00e9 ou qui bougent pendant leur sommeil<br data-start=\"2434\" data-end=\"2437\" \/>\u2022 Les voyageurs ou les passagers a\u00e9riens fr\u00e9quents \u00e0 la recherche d&#039;un masque compact<br data-start=\"2490\" data-end=\"2493\" \/>\u2022 Les utilisateurs qui pr\u00e9f\u00e8rent un contact facial minimal sans compromettre la th\u00e9rapie<\/p>\n<h3 data-start=\"2567\" data-end=\"2593\">Entretien et maintenance<\/h3>\n<p data-start=\"2595\" data-end=\"2886\">Des soins appropri\u00e9s garantissent un confort et une hygi\u00e8ne durables\u00a0:<br data-start=\"2648\" data-end=\"2651\" \/>\u2022 Retirez les coussins pour le nettoyage r\u00e9gulier<br data-start=\"2689\" data-end=\"2692\" \/>\u2022 Lavez la structure du masque et la coiffe avec de l&#039;eau et du savon doux.<br data-start=\"2747\" data-end=\"2750\" \/>\u2022 Laisser s\u00e9cher compl\u00e8tement tous les composants \u00e0 l&#039;air libre avant le remontage.<br data-start=\"2812\" data-end=\"2815\" \/>\u2022 Remplacez les coussins ou le harnais au besoin pour maintenir le confort et l&#039;\u00e9tanch\u00e9it\u00e9.<\/p>\n<h3 data-start=\"2888\" data-end=\"2920\">Foire aux questions<\/h3>\n<p data-start=\"2922\" data-end=\"3105\"><strong data-start=\"2922\" data-end=\"2968\">Les coussins inclus sont-ils interchangeables\u00a0?<\/strong><br data-start=\"2968\" data-end=\"2971\" \/>Oui. Les coussinets de petite, moyenne et petite largeur s&#039;adaptent \u00e0 la m\u00eame armature du masque P30i, permettant aux utilisateurs de l&#039;ajuster pour un maintien s\u00fbr et confortable.<\/p>\n<p data-start=\"3107\" data-end=\"3251\"><strong data-start=\"3107\" data-end=\"3152\">S&#039;agit-il d&#039;un masque complet ou seulement de coussinets ?<\/strong><br data-start=\"3152\" data-end=\"3155\" \/>Ce kit de d\u00e9marrage est un syst\u00e8me de masque complet, comprenant une armature, un harnais et plusieurs coussins.<\/p>\n<p data-start=\"3253\" data-end=\"3372\"><strong data-start=\"3253\" data-end=\"3285\">Puis-je voyager avec ce masque ?<\/strong><br data-start=\"3285\" data-end=\"3288\" \/>Oui. Sa conception l\u00e9g\u00e8re et ses composants minimalistes le rendent tr\u00e8s pratique pour les voyages.<\/p>\n<p data-start=\"3374\" data-end=\"3550\"><strong data-start=\"3374\" data-end=\"3420\">\u00c0 quelle fr\u00e9quence faut-il remplacer les coussins\u00a0?<\/strong><br data-start=\"3420\" data-end=\"3423\" \/>Les coussinets doivent \u00eatre remplac\u00e9s d\u00e8s l&#039;apparition de signes d&#039;usure, de fuites ou d&#039;inconfort, g\u00e9n\u00e9ralement tous les quelques mois en fonction de l&#039;utilisation.<\/p>","protected":false},"excerpt":{"rendered":"<p>Le kit de d\u00e9marrage AirFit\u2122 P30i est un syst\u00e8me complet de masque \u00e0 embouts nasaux con\u00e7u pour le confort, la stabilit\u00e9 et l&#039;efficacit\u00e9. <a href=\"https:\/\/respiart.ca\/fr\/magasin-cpap\/\">PPC<\/a> Th\u00e9rapie. Chaque pack comprend plusieurs coussins pour un maintien s\u00fbr et personnalis\u00e9, au quotidien ou en voyage. Disponible en format Standard et Petit Pack D\u00e9couverte.<\/p>","protected":false},"featured_media":6163,"comment_status":"open","ping_status":"closed","template":"","meta":[],"product_brand":[],"product_cat":[108],"product_tag":[],"class_list":{"0":"post-5907","1":"product","2":"type-product","3":"status-publish","4":"has-post-thumbnail","6":"product_cat-resmed","8":"first","9":"instock","10":"sale","11":"taxable","12":"shipping-taxable","13":"purchasable","14":"product-type-variable"},"yoast_head":"<!-- This site is optimized with the Yoast SEO plugin v27.6 - https:\/\/yoast.com\/product\/yoast-seo-wordpress\/ -->\n<title>AirFit\u2122 P30i Starter Pack | Respiart - Respiratory therapist Montreal<\/title>\n<meta name=\"description\" content=\"The AirFit\u2122 P30i Starter Pack is a complete nasal pillows mask system designed for comfort, stability, and effective CPAP therapy. Each pack includes multiple cushions to ensure a secure, personalized fit for everyday use or travel. Available in Standard and Small Starter Pack options.\" \/>\n<meta name=\"robots\" content=\"index, follow, max-snippet:-1, max-image-preview:large, max-video-preview:-1\" \/>\n<link rel=\"canonical\" href=\"https:\/\/respiart.ca\/fr\/magasin\/pack-de-demarrage-airfit-p30i\/\" \/>\n<meta property=\"og:locale\" content=\"fr_CA\" \/>\n<meta property=\"og:type\" content=\"article\" \/>\n<meta property=\"og:title\" content=\"AirFit\u2122 P30i Starter Pack | Respiart - Respiratory therapist Montreal\" \/>\n<meta property=\"og:description\" content=\"The AirFit\u2122 P30i Starter Pack is a complete nasal pillows mask system designed for comfort, stability, and effective CPAP therapy. Each pack includes multiple cushions to ensure a secure, personalized fit for everyday use or travel. Available in Standard and Small Starter Pack options.\" \/>\n<meta property=\"og:url\" content=\"https:\/\/respiart.ca\/fr\/magasin\/pack-de-demarrage-airfit-p30i\/\" \/>\n<meta property=\"og:site_name\" content=\"Respiart - Respiratory therapist Montreal\" \/>\n<meta property=\"article:modified_time\" content=\"2026-04-24T18:55:47+00:00\" \/>\n<meta property=\"og:image\" content=\"https:\/\/respiart.ca\/wp-content\/uploads\/2025\/12\/AirFit\u2122-P30i-Starter-Pack.webp\" \/>\n\t<meta property=\"og:image:width\" content=\"1000\" \/>\n\t<meta property=\"og:image:height\" content=\"1000\" \/>\n\t<meta property=\"og:image:type\" content=\"image\/webp\" \/>\n<meta name=\"twitter:card\" content=\"summary_large_image\" \/>\n<meta name=\"twitter:label1\" content=\"Estimation du temps de lecture\" \/>\n\t<meta name=\"twitter:data1\" content=\"3 minutes\" \/>\n<script type=\"application\/ld+json\" class=\"yoast-schema-graph\">{\"@context\":\"https:\\\/\\\/schema.org\",\"@graph\":[{\"@type\":\"WebPage\",\"@id\":\"https:\\\/\\\/respiart.ca\\\/shop\\\/airfit-p30i-starter-pack\\\/\",\"url\":\"https:\\\/\\\/respiart.ca\\\/shop\\\/airfit-p30i-starter-pack\\\/\",\"name\":\"AirFit\u2122 P30i Starter Pack | Respiart - Respiratory therapist Montreal\",\"isPartOf\":{\"@id\":\"https:\\\/\\\/respiart.ca\\\/ar\\\/#website\"},\"primaryImageOfPage\":{\"@id\":\"https:\\\/\\\/respiart.ca\\\/shop\\\/airfit-p30i-starter-pack\\\/#primaryimage\"},\"image\":{\"@id\":\"https:\\\/\\\/respiart.ca\\\/shop\\\/airfit-p30i-starter-pack\\\/#primaryimage\"},\"thumbnailUrl\":\"https:\\\/\\\/respiart.ca\\\/wp-content\\\/uploads\\\/2025\\\/12\\\/AirFit\u2122-P30i-Starter-Pack.webp\",\"datePublished\":\"2025-12-19T11:44:52+00:00\",\"dateModified\":\"2026-04-24T18:55:47+00:00\",\"description\":\"The AirFit\u2122 P30i Starter Pack is a complete nasal pillows mask system designed for comfort, stability, and effective CPAP therapy. Each pack includes multiple cushions to ensure a secure, personalized fit for everyday use or travel. Available in Standard and Small Starter Pack options.\",\"breadcrumb\":{\"@id\":\"https:\\\/\\\/respiart.ca\\\/shop\\\/airfit-p30i-starter-pack\\\/#breadcrumb\"},\"inLanguage\":\"fr-CA\",\"potentialAction\":[{\"@type\":\"ReadAction\",\"target\":[\"https:\\\/\\\/respiart.ca\\\/shop\\\/airfit-p30i-starter-pack\\\/\"]}]},{\"@type\":\"ImageObject\",\"inLanguage\":\"fr-CA\",\"@id\":\"https:\\\/\\\/respiart.ca\\\/shop\\\/airfit-p30i-starter-pack\\\/#primaryimage\",\"url\":\"https:\\\/\\\/respiart.ca\\\/wp-content\\\/uploads\\\/2025\\\/12\\\/AirFit\u2122-P30i-Starter-Pack.webp\",\"contentUrl\":\"https:\\\/\\\/respiart.ca\\\/wp-content\\\/uploads\\\/2025\\\/12\\\/AirFit\u2122-P30i-Starter-Pack.webp\",\"width\":1000,\"height\":1000},{\"@type\":\"BreadcrumbList\",\"@id\":\"https:\\\/\\\/respiart.ca\\\/shop\\\/airfit-p30i-starter-pack\\\/#breadcrumb\",\"itemListElement\":[{\"@type\":\"ListItem\",\"position\":1,\"name\":\"Home\",\"item\":\"https:\\\/\\\/respiart.ca\\\/\"},{\"@type\":\"ListItem\",\"position\":2,\"name\":\"Shop CPAP\",\"item\":\"https:\\\/\\\/respiart.ca\\\/shop-cpap\\\/\"},{\"@type\":\"ListItem\",\"position\":3,\"name\":\"AirFit\u2122 P30i Starter Pack\"}]},{\"@type\":\"WebSite\",\"@id\":\"https:\\\/\\\/respiart.ca\\\/ar\\\/#website\",\"url\":\"https:\\\/\\\/respiart.ca\\\/ar\\\/\",\"name\":\"RespiArt - Sleep apnea & CPAPs\",\"description\":\"CPAPs and tests for sleep apnea, asthma, oximetry\",\"publisher\":{\"@id\":\"https:\\\/\\\/respiart.ca\\\/ar\\\/#organization\"},\"potentialAction\":[{\"@type\":\"SearchAction\",\"target\":{\"@type\":\"EntryPoint\",\"urlTemplate\":\"https:\\\/\\\/respiart.ca\\\/ar\\\/?s={search_term_string}\"},\"query-input\":{\"@type\":\"PropertyValueSpecification\",\"valueRequired\":true,\"valueName\":\"search_term_string\"}}],\"inLanguage\":\"fr-CA\"},{\"@type\":\"Organization\",\"@id\":\"https:\\\/\\\/respiart.ca\\\/ar\\\/#organization\",\"name\":\"RespiArt - Sleep apnea & CPAPs\",\"url\":\"https:\\\/\\\/respiart.ca\\\/ar\\\/\",\"logo\":{\"@type\":\"ImageObject\",\"inLanguage\":\"fr-CA\",\"@id\":\"https:\\\/\\\/respiart.ca\\\/ar\\\/#\\\/schema\\\/logo\\\/image\\\/\",\"url\":\"https:\\\/\\\/respiart.ca\\\/wp-content\\\/uploads\\\/2022\\\/05\\\/Respiart-logo-1-e1651540192142.png\",\"contentUrl\":\"https:\\\/\\\/respiart.ca\\\/wp-content\\\/uploads\\\/2022\\\/05\\\/Respiart-logo-1-e1651540192142.png\",\"width\":237,\"height\":61,\"caption\":\"RespiArt - Sleep apnea & CPAPs\"},\"image\":{\"@id\":\"https:\\\/\\\/respiart.ca\\\/ar\\\/#\\\/schema\\\/logo\\\/image\\\/\"}}]}<\/script>\n<!-- \/ Yoast SEO plugin. -->","yoast_head_json":{"title":"Ensemble de d\u00e9marrage AirFit\u2122 P30i | Respiart - Th\u00e9rapeute respiratoire Montr\u00e9al","description":"Le kit de d\u00e9marrage AirFit\u2122 P30i est un syst\u00e8me complet de masque \u00e0 embouts nasaux con\u00e7u pour un confort optimal, une stabilit\u00e9 accrue et une th\u00e9rapie CPAP efficace. Chaque kit comprend plusieurs embouts pour un ajustement s\u00fbr et personnalis\u00e9, au quotidien comme en voyage. Disponible en format standard et petit.","robots":{"index":"index","follow":"follow","max-snippet":"max-snippet:-1","max-image-preview":"max-image-preview:large","max-video-preview":"max-video-preview:-1"},"canonical":"https:\/\/respiart.ca\/fr\/magasin\/pack-de-demarrage-airfit-p30i\/","og_locale":"fr_CA","og_type":"article","og_title":"AirFit\u2122 P30i Starter Pack | Respiart - Respiratory therapist Montreal","og_description":"The AirFit\u2122 P30i Starter Pack is a complete nasal pillows mask system designed for comfort, stability, and effective CPAP therapy. Each pack includes multiple cushions to ensure a secure, personalized fit for everyday use or travel. Available in Standard and Small Starter Pack options.","og_url":"https:\/\/respiart.ca\/fr\/magasin\/pack-de-demarrage-airfit-p30i\/","og_site_name":"Respiart - Respiratory therapist Montreal","article_modified_time":"2026-04-24T18:55:47+00:00","og_image":[{"width":1000,"height":1000,"url":"https:\/\/respiart.ca\/wp-content\/uploads\/2025\/12\/AirFit\u2122-P30i-Starter-Pack.webp","type":"image\/webp"}],"twitter_card":"summary_large_image","twitter_misc":{"Estimation du temps de lecture":"3 minutes"},"schema":{"@context":"https:\/\/schema.org","@graph":[{"@type":"WebPage","@id":"https:\/\/respiart.ca\/shop\/airfit-p30i-starter-pack\/","url":"https:\/\/respiart.ca\/shop\/airfit-p30i-starter-pack\/","name":"Ensemble de d\u00e9marrage AirFit\u2122 P30i | Respiart - Th\u00e9rapeute respiratoire Montr\u00e9al","isPartOf":{"@id":"https:\/\/respiart.ca\/ar\/#website"},"primaryImageOfPage":{"@id":"https:\/\/respiart.ca\/shop\/airfit-p30i-starter-pack\/#primaryimage"},"image":{"@id":"https:\/\/respiart.ca\/shop\/airfit-p30i-starter-pack\/#primaryimage"},"thumbnailUrl":"https:\/\/respiart.ca\/wp-content\/uploads\/2025\/12\/AirFit\u2122-P30i-Starter-Pack.webp","datePublished":"2025-12-19T11:44:52+00:00","dateModified":"2026-04-24T18:55:47+00:00","description":"Le kit de d\u00e9marrage AirFit\u2122 P30i est un syst\u00e8me complet de masque \u00e0 embouts nasaux con\u00e7u pour un confort optimal, une stabilit\u00e9 accrue et une th\u00e9rapie CPAP efficace. Chaque kit comprend plusieurs embouts pour un ajustement s\u00fbr et personnalis\u00e9, au quotidien comme en voyage. Disponible en format standard et petit.","breadcrumb":{"@id":"https:\/\/respiart.ca\/shop\/airfit-p30i-starter-pack\/#breadcrumb"},"inLanguage":"fr-CA","potentialAction":[{"@type":"ReadAction","target":["https:\/\/respiart.ca\/shop\/airfit-p30i-starter-pack\/"]}]},{"@type":"ImageObject","inLanguage":"fr-CA","@id":"https:\/\/respiart.ca\/shop\/airfit-p30i-starter-pack\/#primaryimage","url":"https:\/\/respiart.ca\/wp-content\/uploads\/2025\/12\/AirFit\u2122-P30i-Starter-Pack.webp","contentUrl":"https:\/\/respiart.ca\/wp-content\/uploads\/2025\/12\/AirFit\u2122-P30i-Starter-Pack.webp","width":1000,"height":1000},{"@type":"BreadcrumbList","@id":"https:\/\/respiart.ca\/shop\/airfit-p30i-starter-pack\/#breadcrumb","itemListElement":[{"@type":"ListItem","position":1,"name":"Home","item":"https:\/\/respiart.ca\/"},{"@type":"ListItem","position":2,"name":"Shop CPAP","item":"https:\/\/respiart.ca\/shop-cpap\/"},{"@type":"ListItem","position":3,"name":"AirFit\u2122 P30i Starter Pack"}]},{"@type":"WebSite","@id":"https:\/\/respiart.ca\/ar\/#website","url":"https:\/\/respiart.ca\/ar\/","name":"RespiArt - Apn\u00e9e du sommeil et CPAP","description":"CPAP et tests pour l&#039;apn\u00e9e du sommeil, l&#039;asthme, l&#039;oxym\u00e9trie","publisher":{"@id":"https:\/\/respiart.ca\/ar\/#organization"},"potentialAction":[{"@type":"SearchAction","target":{"@type":"EntryPoint","urlTemplate":"https:\/\/respiart.ca\/ar\/?s={search_term_string}"},"query-input":{"@type":"PropertyValueSpecification","valueRequired":true,"valueName":"search_term_string"}}],"inLanguage":"fr-CA"},{"@type":"Organization","@id":"https:\/\/respiart.ca\/ar\/#organization","name":"RespiArt - Apn\u00e9e du sommeil et CPAP","url":"https:\/\/respiart.ca\/ar\/","logo":{"@type":"ImageObject","inLanguage":"fr-CA","@id":"https:\/\/respiart.ca\/ar\/#\/schema\/logo\/image\/","url":"https:\/\/respiart.ca\/wp-content\/uploads\/2022\/05\/Respiart-logo-1-e1651540192142.png","contentUrl":"https:\/\/respiart.ca\/wp-content\/uploads\/2022\/05\/Respiart-logo-1-e1651540192142.png","width":237,"height":61,"caption":"RespiArt - Sleep apnea & CPAPs"},"image":{"@id":"https:\/\/respiart.ca\/ar\/#\/schema\/logo\/image\/"}}]}},"_links":{"self":[{"href":"https:\/\/respiart.ca\/fr\/wp-json\/wp\/v2\/product\/5907","targetHints":{"allow":["GET"]}}],"collection":[{"href":"https:\/\/respiart.ca\/fr\/wp-json\/wp\/v2\/product"}],"about":[{"href":"https:\/\/respiart.ca\/fr\/wp-json\/wp\/v2\/types\/product"}],"replies":[{"embeddable":true,"href":"https:\/\/respiart.ca\/fr\/wp-json\/wp\/v2\/comments?post=5907"}],"wp:featuredmedia":[{"embeddable":true,"href":"https:\/\/respiart.ca\/fr\/wp-json\/wp\/v2\/media\/6163"}],"wp:attachment":[{"href":"https:\/\/respiart.ca\/fr\/wp-json\/wp\/v2\/media?parent=5907"}],"wp:term":[{"taxonomy":"product_brand","embeddable":true,"href":"https:\/\/respiart.ca\/fr\/wp-json\/wp\/v2\/product_brand?post=5907"},{"taxonomy":"product_cat","embeddable":true,"href":"https:\/\/respiart.ca\/fr\/wp-json\/wp\/v2\/product_cat?post=5907"},{"taxonomy":"product_tag","embeddable":true,"href":"https:\/\/respiart.ca\/fr\/wp-json\/wp\/v2\/product_tag?post=5907"}],"curies":[{"name":"wp","href":"https:\/\/api.w.org\/{rel}","templated":true}]}}