{"id":5910,"date":"2025-12-19T11:45:11","date_gmt":"2025-12-19T11:45:11","guid":{"rendered":"http:\/\/f4i.0cc.mytemp.website\/shop\/airfit-p30i-pillow-cushion-small\/"},"modified":"2026-04-23T18:41:35","modified_gmt":"2026-04-23T18:41:35","slug":"coussin-airfit-p30i","status":"publish","type":"product","link":"https:\/\/respiart.ca\/fr\/shop\/airfit-p30i-pillow-cushion\/","title":{"rendered":"Coussin AirFit\u2122 P30i"},"content":{"rendered":"<p data-start=\"290\" data-end=\"575\">Le coussinet nasal AirFit\u2122 P30i est con\u00e7u pour optimiser le confort et les performances de votre masque AirFit\u2122 P30i en assurant une \u00e9tanch\u00e9it\u00e9 optimale et durable. Fabriqu\u00e9 en silicone souple et flexible, il \u00e9pouse d\u00e9licatement la forme des narines tout en maintenant une circulation d&#039;air stable durant toute la nuit.<\/p>\n<p data-start=\"577\" data-end=\"861\">Disponible en trois tailles (S, M et L), ce coussin de remplacement permet de conserver un ajustement personnalis\u00e9 ou de choisir la taille qui vous convient le mieux pour un confort optimal. Ses coussinets plac\u00e9s sous le nez r\u00e9duisent le contact avec le visage et contribuent \u00e0 minimiser la pression et les irritations lors d&#039;une utilisation prolong\u00e9e.<\/p>\n<h2 data-start=\"863\" data-end=\"900\">Con\u00e7u pour le masque AirFit\u2122 P30i<\/h2>\n<p data-start=\"902\" data-end=\"1028\">Ce coussin est con\u00e7u sp\u00e9cifiquement pour le masque \u00e0 embouts nasaux AirFit\u2122 P30i et s&#039;int\u00e8gre parfaitement \u00e0 la structure du masque.<\/p>\n<p data-start=\"1030\" data-end=\"1221\">Les principaux d\u00e9tails de compatibilit\u00e9 sont les suivants\u00a0:<br data-start=\"1064\" data-end=\"1067\" \/>\u2022 Con\u00e7u exclusivement pour <a href=\"https:\/\/respiart.ca\/fr\/categorie-produit\/marques\/resmed\/\">ResMed<\/a> Masque AirFit\u2122 P30i<br data-start=\"1122\" data-end=\"1125\" \/>\u2022 Non compatible avec les autres mod\u00e8les de masques ResMed<br data-start=\"1171\" data-end=\"1174\" \/>\u2022 Pr\u00e9serve les performances et l&#039;ajustement d&#039;origine du masque<\/p>\n<h2 data-start=\"1223\" data-end=\"1247\">Confort en silicone souple<\/h2>\n<p data-start=\"1249\" data-end=\"1338\">Le coussin est fabriqu\u00e9 en silicone de haute qualit\u00e9 pour assurer une \u00e9tanch\u00e9it\u00e9 douce mais efficace.<\/p>\n<p data-start=\"1340\" data-end=\"1541\">Les avantages ax\u00e9s sur le confort comprennent\u00a0:<br data-start=\"1373\" data-end=\"1376\" \/>\u2022 Coussinets en silicone souple qui s&#039;adaptent aux narines<br data-start=\"1426\" data-end=\"1429\" \/>\u2022 R\u00e9duction de la pression autour du nez<br data-start=\"1463\" data-end=\"1466\" \/>\u2022 Confortable pour une utilisation nocturne prolong\u00e9e<br data-start=\"1504\" data-end=\"1507\" \/>\u2022 Contribue \u00e0 minimiser l&#039;irritation cutan\u00e9e<\/p>\n<h2 data-start=\"1543\" data-end=\"1578\">\u00c9tanch\u00e9it\u00e9 garantie et d\u00e9bit d&#039;air fiable<\/h2>\n<p data-start=\"1580\" data-end=\"1720\">Un coussin bien ajust\u00e9 est essentiel pour une th\u00e9rapie efficace, et le coussin AirFit\u2122 P30i est con\u00e7u pour assurer des performances constantes.<\/p>\n<p data-start=\"1722\" data-end=\"1914\">Les avantages en mati\u00e8re de performance comprennent\u00a0:<br data-start=\"1751\" data-end=\"1754\" \/>\u2022 Joint \u00e9tanche pour contribuer \u00e0 r\u00e9duire les fuites d&#039;air<br data-start=\"1792\" data-end=\"1795\" \/>\u2022 Assure une pression constante<br data-start=\"1834\" data-end=\"1837\" \/>\u2022 Convient aux personnes dormant sur le c\u00f4t\u00e9 et aux dormeurs actifs<br data-start=\"1876\" data-end=\"1879\" \/>\u2022 Maintient l\u2019efficacit\u00e9 du traitement<\/p>\n<h2 data-start=\"1916\" data-end=\"1940\">Plusieurs options de taille<\/h2>\n<p data-start=\"1942\" data-end=\"2018\">Choisir la bonne taille de coussin est important pour le confort et la qualit\u00e9 de l&#039;\u00e9tanch\u00e9it\u00e9.<\/p>\n<p data-start=\"2020\" data-end=\"2138\">Tailles disponibles\u00a0:<br data-start=\"2047\" data-end=\"2050\" \/>\u2022 Petite taille pour les narines \u00e9troites<br data-start=\"2079\" data-end=\"2082\" \/>\u2022 Taille moyenne pour une coupe standard<br data-start=\"2107\" data-end=\"2110\" \/>\u2022 Grande taille pour les narines plus larges<\/p>\n<h2 data-start=\"2140\" data-end=\"2175\">Remplacement et entretien faciles<\/h2>\n<p data-start=\"2177\" data-end=\"2258\">Remplacer le coussin est simple et contribue \u00e0 maintenir l&#039;hygi\u00e8ne et le confort au fil du temps.<\/p>\n<p data-start=\"2260\" data-end=\"2421\">Les avantages li\u00e9s \u00e0 l&#039;entretien comprennent\u00a0:<br data-start=\"2291\" data-end=\"2294\" \/>\u2022 Installation rapide par simple pression<br data-start=\"2322\" data-end=\"2325\" \/>\u2022 Facile \u00e0 retirer pour le nettoyage ou le remplacement<br data-start=\"2367\" data-end=\"2370\" \/>\u2022 Con\u00e7u pour des cycles de remplacement r\u00e9guliers des coussins<\/p>\n<h2 data-start=\"2423\" data-end=\"2437\">Utilisateurs id\u00e9aux<\/h2>\n<p data-start=\"2439\" data-end=\"2568\">Le coussin AirFit\u2122 P30i est id\u00e9al pour les utilisateurs qui souhaitent maintenir un confort et des performances optimales avec leur masque actuel.<\/p>\n<p data-start=\"2570\" data-end=\"2761\">Recommand\u00e9 pour :<br data-start=\"2586\" data-end=\"2589\" \/>\u2022 Utilisateurs actuels du masque AirFit\u2122 P30i<br data-start=\"2622\" data-end=\"2625\" \/>\u2022 Les utilisateurs de PPC qui pr\u00e9f\u00e8rent la th\u00e9rapie par embouts nasaux<br data-start=\"2670\" data-end=\"2673\" \/>\u2022 Les utilisateurs qui remplacent les coussins us\u00e9s ou endommag\u00e9s<br data-start=\"2715\" data-end=\"2718\" \/>\u2022 Les dormeurs recherchant un contact facial minimal<\/p>\n<h2 data-start=\"2763\" data-end=\"2792\">Foire aux questions<\/h2>\n<h3 data-start=\"2794\" data-end=\"2847\">Ces coussins sont-ils interchangeables entre les tailles ?<\/h3>\n<p data-start=\"2848\" data-end=\"2990\">Oui. Les coussins de petite, moyenne et grande taille s&#039;adaptent \u00e0 la m\u00eame armature de masque AirFit\u2122 P30i, permettant aux utilisateurs de changer de taille sans remplacer le masque entier.<\/p>\n<h3 data-start=\"2992\" data-end=\"3020\">S&#039;agit-il d&#039;un masque int\u00e9gral ?<\/h3>\n<p data-start=\"3021\" data-end=\"3127\">Non. Ce produit comprend uniquement les coussinets nasaux. La structure du masque et le harnais sont vendus s\u00e9par\u00e9ment.<\/p>\n<h3 data-start=\"3129\" data-end=\"3174\">\u00c0 quelle fr\u00e9quence faut-il remplacer le coussin ?<\/h3>\n<p data-start=\"3175\" data-end=\"3318\">La fr\u00e9quence de remplacement d\u00e9pend de l&#039;utilisation et de l&#039;entretien, mais les coussins sont g\u00e9n\u00e9ralement remplac\u00e9s lorsqu&#039;ils pr\u00e9sentent des signes d&#039;usure, une \u00e9tanch\u00e9it\u00e9 r\u00e9duite ou un inconfort.<\/p>\n<h3 data-start=\"3320\" data-end=\"3353\">Le coussin est-il facile \u00e0 nettoyer\u00a0?<\/h3>\n<p data-start=\"3354\" data-end=\"3455\">Oui. Le coussin en silicone peut \u00eatre nettoy\u00e9 selon les m\u00e9thodes de nettoyage standard des appareils CPAP et laiss\u00e9 s\u00e9cher \u00e0 l&#039;air libre.<\/p>\n<p data-start=\"3457\" data-end=\"3604\" data-is-last-node=\"\" data-is-only-node=\"\">Si vous le souhaitez, je peux \u00e9galement cr\u00e9er des descriptions de variantes individuelles pour chaque taille de votre boutique ou optimiser ce contenu pour les listes de variantes WooCommerce.<\/p>","protected":false},"excerpt":{"rendered":"<p>Le coussinet nasal AirFit\u2122 P30i est un coussinet de rechange con\u00e7u pour le masque ResMed AirFit\u2122 P30i. Disponible en tailles S, M et L, il assure une \u00e9tanch\u00e9it\u00e9 optimale, un confort doux et une circulation d&#039;air constante pour une th\u00e9rapie du sommeil efficace.<\/p>","protected":false},"featured_media":6141,"comment_status":"open","ping_status":"closed","template":"","meta":[],"product_brand":[],"product_cat":[108],"product_tag":[],"class_list":{"0":"post-5910","1":"product","2":"type-product","3":"status-publish","4":"has-post-thumbnail","6":"product_cat-resmed","8":"first","9":"instock","10":"sale","11":"taxable","12":"shipping-taxable","13":"purchasable","14":"product-type-variable"},"yoast_head":"<!-- This site is optimized with the Yoast SEO plugin v27.4 - https:\/\/yoast.com\/product\/yoast-seo-wordpress\/ -->\n<title>AirFit\u2122 P30i Pillow Cushion | Respiart - Respiratory therapist Montreal<\/title>\n<meta name=\"description\" content=\"The AirFit\u2122 P30i Pillow Cushion is a replacement nasal pillows cushion designed for the ResMed AirFit\u2122 P30i mask. Available in Small, Medium, and Large, it provides a secure seal, soft comfort, and consistent airflow for effective sleep therapy.\" \/>\n<meta name=\"robots\" content=\"index, follow, max-snippet:-1, max-image-preview:large, max-video-preview:-1\" \/>\n<link rel=\"canonical\" href=\"https:\/\/respiart.ca\/fr\/magasin\/coussin-airfit-p30i\/\" \/>\n<meta property=\"og:locale\" content=\"fr_CA\" \/>\n<meta property=\"og:type\" content=\"article\" \/>\n<meta property=\"og:title\" content=\"AirFit\u2122 P30i Pillow Cushion | Respiart - Respiratory therapist Montreal\" \/>\n<meta property=\"og:description\" content=\"The AirFit\u2122 P30i Pillow Cushion is a replacement nasal pillows cushion designed for the ResMed AirFit\u2122 P30i mask. Available in Small, Medium, and Large, it provides a secure seal, soft comfort, and consistent airflow for effective sleep therapy.\" \/>\n<meta property=\"og:url\" content=\"https:\/\/respiart.ca\/fr\/magasin\/coussin-airfit-p30i\/\" \/>\n<meta property=\"og:site_name\" content=\"Respiart - Respiratory therapist Montreal\" \/>\n<meta property=\"article:modified_time\" content=\"2026-04-23T18:41:35+00:00\" \/>\n<meta property=\"og:image\" content=\"https:\/\/respiart.ca\/wp-content\/uploads\/2025\/12\/AirFit\u2122-P30i-Pillow-Cushion.webp\" \/>\n\t<meta property=\"og:image:width\" content=\"500\" \/>\n\t<meta property=\"og:image:height\" content=\"500\" \/>\n\t<meta property=\"og:image:type\" content=\"image\/webp\" \/>\n<meta name=\"twitter:card\" content=\"summary_large_image\" \/>\n<meta name=\"twitter:label1\" content=\"Estimation du temps de lecture\" \/>\n\t<meta name=\"twitter:data1\" content=\"1 minute\" \/>\n<script type=\"application\/ld+json\" class=\"yoast-schema-graph\">{\"@context\":\"https:\\\/\\\/schema.org\",\"@graph\":[{\"@type\":\"WebPage\",\"@id\":\"https:\\\/\\\/respiart.ca\\\/shop\\\/airfit-p30i-pillow-cushion\\\/\",\"url\":\"https:\\\/\\\/respiart.ca\\\/shop\\\/airfit-p30i-pillow-cushion\\\/\",\"name\":\"AirFit\u2122 P30i Pillow Cushion | Respiart - Respiratory therapist Montreal\",\"isPartOf\":{\"@id\":\"https:\\\/\\\/respiart.ca\\\/ar\\\/#website\"},\"primaryImageOfPage\":{\"@id\":\"https:\\\/\\\/respiart.ca\\\/shop\\\/airfit-p30i-pillow-cushion\\\/#primaryimage\"},\"image\":{\"@id\":\"https:\\\/\\\/respiart.ca\\\/shop\\\/airfit-p30i-pillow-cushion\\\/#primaryimage\"},\"thumbnailUrl\":\"https:\\\/\\\/respiart.ca\\\/wp-content\\\/uploads\\\/2025\\\/12\\\/AirFit\u2122-P30i-Pillow-Cushion.webp\",\"datePublished\":\"2025-12-19T11:45:11+00:00\",\"dateModified\":\"2026-04-23T18:41:35+00:00\",\"description\":\"The AirFit\u2122 P30i Pillow Cushion is a replacement nasal pillows cushion designed for the ResMed AirFit\u2122 P30i mask. Available in Small, Medium, and Large, it provides a secure seal, soft comfort, and consistent airflow for effective sleep therapy.\",\"breadcrumb\":{\"@id\":\"https:\\\/\\\/respiart.ca\\\/shop\\\/airfit-p30i-pillow-cushion\\\/#breadcrumb\"},\"inLanguage\":\"fr-CA\",\"potentialAction\":[{\"@type\":\"ReadAction\",\"target\":[\"https:\\\/\\\/respiart.ca\\\/shop\\\/airfit-p30i-pillow-cushion\\\/\"]}]},{\"@type\":\"ImageObject\",\"inLanguage\":\"fr-CA\",\"@id\":\"https:\\\/\\\/respiart.ca\\\/shop\\\/airfit-p30i-pillow-cushion\\\/#primaryimage\",\"url\":\"https:\\\/\\\/respiart.ca\\\/wp-content\\\/uploads\\\/2025\\\/12\\\/AirFit\u2122-P30i-Pillow-Cushion.webp\",\"contentUrl\":\"https:\\\/\\\/respiart.ca\\\/wp-content\\\/uploads\\\/2025\\\/12\\\/AirFit\u2122-P30i-Pillow-Cushion.webp\",\"width\":500,\"height\":500},{\"@type\":\"BreadcrumbList\",\"@id\":\"https:\\\/\\\/respiart.ca\\\/shop\\\/airfit-p30i-pillow-cushion\\\/#breadcrumb\",\"itemListElement\":[{\"@type\":\"ListItem\",\"position\":1,\"name\":\"Home\",\"item\":\"https:\\\/\\\/respiart.ca\\\/\"},{\"@type\":\"ListItem\",\"position\":2,\"name\":\"Shop CPAP\",\"item\":\"https:\\\/\\\/respiart.ca\\\/shop-cpap\\\/\"},{\"@type\":\"ListItem\",\"position\":3,\"name\":\"AirFit\u2122 P30i Pillow Cushion\"}]},{\"@type\":\"WebSite\",\"@id\":\"https:\\\/\\\/respiart.ca\\\/ar\\\/#website\",\"url\":\"https:\\\/\\\/respiart.ca\\\/ar\\\/\",\"name\":\"RespiArt - Sleep apnea & CPAPs\",\"description\":\"CPAPs and tests for sleep apnea, asthma, oximetry\",\"publisher\":{\"@id\":\"https:\\\/\\\/respiart.ca\\\/ar\\\/#organization\"},\"potentialAction\":[{\"@type\":\"SearchAction\",\"target\":{\"@type\":\"EntryPoint\",\"urlTemplate\":\"https:\\\/\\\/respiart.ca\\\/ar\\\/?s={search_term_string}\"},\"query-input\":{\"@type\":\"PropertyValueSpecification\",\"valueRequired\":true,\"valueName\":\"search_term_string\"}}],\"inLanguage\":\"fr-CA\"},{\"@type\":\"Organization\",\"@id\":\"https:\\\/\\\/respiart.ca\\\/ar\\\/#organization\",\"name\":\"RespiArt - Sleep apnea & CPAPs\",\"url\":\"https:\\\/\\\/respiart.ca\\\/ar\\\/\",\"logo\":{\"@type\":\"ImageObject\",\"inLanguage\":\"fr-CA\",\"@id\":\"https:\\\/\\\/respiart.ca\\\/ar\\\/#\\\/schema\\\/logo\\\/image\\\/\",\"url\":\"https:\\\/\\\/respiart.ca\\\/wp-content\\\/uploads\\\/2022\\\/05\\\/Respiart-logo-1-e1651540192142.png\",\"contentUrl\":\"https:\\\/\\\/respiart.ca\\\/wp-content\\\/uploads\\\/2022\\\/05\\\/Respiart-logo-1-e1651540192142.png\",\"width\":237,\"height\":61,\"caption\":\"RespiArt - Sleep apnea & CPAPs\"},\"image\":{\"@id\":\"https:\\\/\\\/respiart.ca\\\/ar\\\/#\\\/schema\\\/logo\\\/image\\\/\"}}]}<\/script>\n<!-- \/ Yoast SEO plugin. -->","yoast_head_json":{"title":"Coussin AirFit\u2122 P30i | Respiart - Th\u00e9rapeute respiratoire Montr\u00e9al","description":"Le coussinet nasal AirFit\u2122 P30i est un coussinet de rechange con\u00e7u pour le masque ResMed AirFit\u2122 P30i. Disponible en tailles S, M et L, il assure une \u00e9tanch\u00e9it\u00e9 optimale, un confort doux et une circulation d&#039;air constante pour une th\u00e9rapie du sommeil efficace.","robots":{"index":"index","follow":"follow","max-snippet":"max-snippet:-1","max-image-preview":"max-image-preview:large","max-video-preview":"max-video-preview:-1"},"canonical":"https:\/\/respiart.ca\/fr\/magasin\/coussin-airfit-p30i\/","og_locale":"fr_CA","og_type":"article","og_title":"AirFit\u2122 P30i Pillow Cushion | Respiart - Respiratory therapist Montreal","og_description":"The AirFit\u2122 P30i Pillow Cushion is a replacement nasal pillows cushion designed for the ResMed AirFit\u2122 P30i mask. Available in Small, Medium, and Large, it provides a secure seal, soft comfort, and consistent airflow for effective sleep therapy.","og_url":"https:\/\/respiart.ca\/fr\/magasin\/coussin-airfit-p30i\/","og_site_name":"Respiart - Respiratory therapist Montreal","article_modified_time":"2026-04-23T18:41:35+00:00","og_image":[{"width":500,"height":500,"url":"https:\/\/respiart.ca\/wp-content\/uploads\/2025\/12\/AirFit\u2122-P30i-Pillow-Cushion.webp","type":"image\/webp"}],"twitter_card":"summary_large_image","twitter_misc":{"Estimation du temps de lecture":"1 minute"},"schema":{"@context":"https:\/\/schema.org","@graph":[{"@type":"WebPage","@id":"https:\/\/respiart.ca\/shop\/airfit-p30i-pillow-cushion\/","url":"https:\/\/respiart.ca\/shop\/airfit-p30i-pillow-cushion\/","name":"Coussin AirFit\u2122 P30i | Respiart - Th\u00e9rapeute respiratoire Montr\u00e9al","isPartOf":{"@id":"https:\/\/respiart.ca\/ar\/#website"},"primaryImageOfPage":{"@id":"https:\/\/respiart.ca\/shop\/airfit-p30i-pillow-cushion\/#primaryimage"},"image":{"@id":"https:\/\/respiart.ca\/shop\/airfit-p30i-pillow-cushion\/#primaryimage"},"thumbnailUrl":"https:\/\/respiart.ca\/wp-content\/uploads\/2025\/12\/AirFit\u2122-P30i-Pillow-Cushion.webp","datePublished":"2025-12-19T11:45:11+00:00","dateModified":"2026-04-23T18:41:35+00:00","description":"Le coussinet nasal AirFit\u2122 P30i est un coussinet de rechange con\u00e7u pour le masque ResMed AirFit\u2122 P30i. Disponible en tailles S, M et L, il assure une \u00e9tanch\u00e9it\u00e9 optimale, un confort doux et une circulation d&#039;air constante pour une th\u00e9rapie du sommeil efficace.","breadcrumb":{"@id":"https:\/\/respiart.ca\/shop\/airfit-p30i-pillow-cushion\/#breadcrumb"},"inLanguage":"fr-CA","potentialAction":[{"@type":"ReadAction","target":["https:\/\/respiart.ca\/shop\/airfit-p30i-pillow-cushion\/"]}]},{"@type":"ImageObject","inLanguage":"fr-CA","@id":"https:\/\/respiart.ca\/shop\/airfit-p30i-pillow-cushion\/#primaryimage","url":"https:\/\/respiart.ca\/wp-content\/uploads\/2025\/12\/AirFit\u2122-P30i-Pillow-Cushion.webp","contentUrl":"https:\/\/respiart.ca\/wp-content\/uploads\/2025\/12\/AirFit\u2122-P30i-Pillow-Cushion.webp","width":500,"height":500},{"@type":"BreadcrumbList","@id":"https:\/\/respiart.ca\/shop\/airfit-p30i-pillow-cushion\/#breadcrumb","itemListElement":[{"@type":"ListItem","position":1,"name":"Home","item":"https:\/\/respiart.ca\/"},{"@type":"ListItem","position":2,"name":"Shop CPAP","item":"https:\/\/respiart.ca\/shop-cpap\/"},{"@type":"ListItem","position":3,"name":"AirFit\u2122 P30i Pillow Cushion"}]},{"@type":"WebSite","@id":"https:\/\/respiart.ca\/ar\/#website","url":"https:\/\/respiart.ca\/ar\/","name":"RespiArt - Apn\u00e9e du sommeil et CPAP","description":"CPAP et tests pour l&#039;apn\u00e9e du sommeil, l&#039;asthme, l&#039;oxym\u00e9trie","publisher":{"@id":"https:\/\/respiart.ca\/ar\/#organization"},"potentialAction":[{"@type":"SearchAction","target":{"@type":"EntryPoint","urlTemplate":"https:\/\/respiart.ca\/ar\/?s={search_term_string}"},"query-input":{"@type":"PropertyValueSpecification","valueRequired":true,"valueName":"search_term_string"}}],"inLanguage":"fr-CA"},{"@type":"Organization","@id":"https:\/\/respiart.ca\/ar\/#organization","name":"RespiArt - Apn\u00e9e du sommeil et CPAP","url":"https:\/\/respiart.ca\/ar\/","logo":{"@type":"ImageObject","inLanguage":"fr-CA","@id":"https:\/\/respiart.ca\/ar\/#\/schema\/logo\/image\/","url":"https:\/\/respiart.ca\/wp-content\/uploads\/2022\/05\/Respiart-logo-1-e1651540192142.png","contentUrl":"https:\/\/respiart.ca\/wp-content\/uploads\/2022\/05\/Respiart-logo-1-e1651540192142.png","width":237,"height":61,"caption":"RespiArt - Sleep apnea & CPAPs"},"image":{"@id":"https:\/\/respiart.ca\/ar\/#\/schema\/logo\/image\/"}}]}},"_links":{"self":[{"href":"https:\/\/respiart.ca\/fr\/wp-json\/wp\/v2\/product\/5910","targetHints":{"allow":["GET"]}}],"collection":[{"href":"https:\/\/respiart.ca\/fr\/wp-json\/wp\/v2\/product"}],"about":[{"href":"https:\/\/respiart.ca\/fr\/wp-json\/wp\/v2\/types\/product"}],"replies":[{"embeddable":true,"href":"https:\/\/respiart.ca\/fr\/wp-json\/wp\/v2\/comments?post=5910"}],"wp:featuredmedia":[{"embeddable":true,"href":"https:\/\/respiart.ca\/fr\/wp-json\/wp\/v2\/media\/6141"}],"wp:attachment":[{"href":"https:\/\/respiart.ca\/fr\/wp-json\/wp\/v2\/media?parent=5910"}],"wp:term":[{"taxonomy":"product_brand","embeddable":true,"href":"https:\/\/respiart.ca\/fr\/wp-json\/wp\/v2\/product_brand?post=5910"},{"taxonomy":"product_cat","embeddable":true,"href":"https:\/\/respiart.ca\/fr\/wp-json\/wp\/v2\/product_cat?post=5910"},{"taxonomy":"product_tag","embeddable":true,"href":"https:\/\/respiart.ca\/fr\/wp-json\/wp\/v2\/product_tag?post=5910"}],"curies":[{"name":"wp","href":"https:\/\/api.w.org\/{rel}","templated":true}]}}