{"id":5912,"date":"2025-12-19T11:45:23","date_gmt":"2025-12-19T11:45:23","guid":{"rendered":"http:\/\/f4i.0cc.mytemp.website\/shop\/airfit-p10-for-her-complete-mask-system\/"},"modified":"2025-12-22T02:13:55","modified_gmt":"2025-12-22T02:13:55","slug":"systeme-de-masque-complet-airfit-p10-pour-elle","status":"publish","type":"product","link":"https:\/\/respiart.ca\/fr\/shop\/airfit-p10-for-her-complete-mask-system\/","title":{"rendered":"Syst\u00e8me de masque complet AirFit\u2122 P10 pour elle"},"content":{"rendered":"<p data-start=\"279\" data-end=\"630\">Le syst\u00e8me de masque complet AirFit\u2122 P10 pour femmes est con\u00e7u pour r\u00e9pondre aux besoins sp\u00e9cifiques du visage et de confort des utilisatrices d&#039;appareil CPAP. Ses embouts nasaux plac\u00e9s sous le nez r\u00e9duisent le contact avec le visage tout en assurant une \u00e9tanch\u00e9it\u00e9 optimale pour une th\u00e9rapie efficace. Ultra-l\u00e9ger, silencieux et facile \u00e0 assembler, ce masque est id\u00e9al pour une utilisation \u00e0 domicile ou en voyage.<\/p>\n<p data-start=\"632\" data-end=\"889\">Ce syst\u00e8me de masque complet inclut tous les composants n\u00e9cessaires \u00e0 une th\u00e9rapie imm\u00e9diate, notamment des coussinets de diff\u00e9rentes tailles pour un ajustement personnalis\u00e9. Gr\u00e2ce \u00e0 son harnais minimal et ses coussinets en silicone souple, il offre confort, stabilit\u00e9 et une performance CPAP fiable.<\/p>\n<h3 data-start=\"891\" data-end=\"922\">Principales caract\u00e9ristiques et avantages<\/h3>\n<p data-start=\"924\" data-end=\"1450\">Le pr\u00e9servatif AirFit\u2122 P10 pour femmes est con\u00e7u pour le confort et l&#039;efficacit\u00e9\u00a0:<br data-start=\"992\" data-end=\"995\" \/>\u2022 La conception des coussinets nasaux r\u00e9duit le contact avec le visage et les points de pression<br data-start=\"1060\" data-end=\"1063\" \/>\u2022 Les coussinets en silicone souple assurent une \u00e9tanch\u00e9it\u00e9 douce et stable<br data-start=\"1117\" data-end=\"1120\" \/>\u2022 Un couvre-chef l\u00e9ger con\u00e7u sp\u00e9cifiquement pour les contours du visage f\u00e9minin<br data-start=\"1191\" data-end=\"1194\" \/>\u2022 Un syst\u00e8me de ventilation silencieux minimise le bruit de l&#039;expiration<br data-start=\"1243\" data-end=\"1246\" \/>\u2022 Plusieurs tailles d&#039;embouts nasaux incluses (petit, moyen, grand) pour un ajustement personnalis\u00e9<br data-start=\"1328\" data-end=\"1331\" \/>\u2022 Convient aux personnes dormant sur le c\u00f4t\u00e9 et aux dormeurs actifs.<br data-start=\"1379\" data-end=\"1382\" \/>\u2022 Montage et d\u00e9montage rapides et simples pour le transport ou le nettoyage<\/p>\n<h3 data-start=\"1452\" data-end=\"1473\">Ce qui est inclus<\/h3>\n<p data-start=\"1475\" data-end=\"1754\">Le syst\u00e8me de masque complet comprend tout le n\u00e9cessaire pour commencer la th\u00e9rapie\u00a0:<br data-start=\"1544\" data-end=\"1547\" \/>\u2022 Cadre de masque \u00e0 coussinets nasaux AirFit\u2122 P10 pour elle<br data-start=\"1593\" data-end=\"1596\" \/>\u2022 Serre-t\u00eate ajustable con\u00e7u pour une taille plus petite et adapt\u00e9e aux femmes<br data-start=\"1661\" data-end=\"1664\" \/>\u2022 Petits, moyens et grands coussinets nasaux<br data-start=\"1704\" data-end=\"1707\" \/>\u2022 Guide d&#039;utilisation contenant les instructions d&#039;installation et d&#039;entretien<\/p>\n<h3 data-start=\"1756\" data-end=\"1773\">Utilisateurs id\u00e9aux<\/h3>\n<p data-start=\"1775\" data-end=\"2129\">Le syst\u00e8me de masque complet AirFit\u2122 P10 pour femmes est id\u00e9al pour les utilisatrices d&#039;appareil CPAP recherchant un masque l\u00e9ger, confortable et minimaliste. Recommand\u00e9 pour\u00a0:<br data-start=\"1930\" data-end=\"1933\" \/>\u2022 Les femmes qui utilisent un traitement par PPC<br data-start=\"1961\" data-end=\"1964\" \/>\u2022 Les personnes qui dorment sur le c\u00f4t\u00e9 ou qui bougent pendant leur sommeil<br data-start=\"2010\" data-end=\"2013\" \/>\u2022 Les voyageurs \u00e0 la recherche d&#039;un masque portable et facile \u00e0 emporter<br data-start=\"2066\" data-end=\"2069\" \/>\u2022 Utilisateurs recherchant un contact facial minimal et un fonctionnement silencieux<\/p>\n<h3 data-start=\"2131\" data-end=\"2157\">Entretien et maintenance<\/h3>\n<p data-start=\"2159\" data-end=\"2446\">Un entretien appropri\u00e9 garantit un confort et des performances \u00e0 long terme\u00a0:<br data-start=\"2213\" data-end=\"2216\" \/>\u2022 Retirez les coussins pour le nettoyage r\u00e9gulier<br data-start=\"2254\" data-end=\"2257\" \/>\u2022 Lavez la structure du masque et la coiffe avec de l&#039;eau et du savon doux.<br data-start=\"2312\" data-end=\"2315\" \/>\u2022 Laisser s\u00e9cher compl\u00e8tement toutes les pi\u00e8ces \u00e0 l&#039;air libre avant le remontage.<br data-start=\"2372\" data-end=\"2375\" \/>\u2022 Remplacez les coussins ou le harnais au besoin pour maintenir le confort et l&#039;\u00e9tanch\u00e9it\u00e9.<\/p>\n<h3 data-start=\"2448\" data-end=\"2480\">Foire aux questions<\/h3>\n<p data-start=\"2482\" data-end=\"2626\"><strong data-start=\"2482\" data-end=\"2531\">Ce masque est-il fourni avec des oreillers de diff\u00e9rentes tailles ?<\/strong><br data-start=\"2531\" data-end=\"2534\" \/>Oui. Le kit comprend des coussinets nasaux de petite, moyenne et grande taille pour un ajustement s\u00fbr et personnalis\u00e9.<\/p>\n<p data-start=\"2628\" data-end=\"2803\"><strong data-start=\"2628\" data-end=\"2679\">Ce masque est-il compatible avec tous les appareils CPAP\u00a0?<\/strong><br data-start=\"2679\" data-end=\"2682\" \/>Il fonctionne avec la plupart des appareils CPAP, APAP et \u00e0 deux niveaux de pression, mais les utilisateurs doivent v\u00e9rifier la compatibilit\u00e9 avec leur appareil sp\u00e9cifique.<\/p>\n<p data-start=\"2805\" data-end=\"2917\"><strong data-start=\"2805\" data-end=\"2837\">Puis-je voyager avec ce masque ?<\/strong><br data-start=\"2837\" data-end=\"2840\" \/>Oui. Sa conception l\u00e9g\u00e8re et ses composants minimalistes le rendent tr\u00e8s portable.<\/p>\n<p data-start=\"2919\" data-end=\"3089\"><strong data-start=\"2919\" data-end=\"2965\">\u00c0 quelle fr\u00e9quence faut-il remplacer les coussins\u00a0?<\/strong><br data-start=\"2965\" data-end=\"2968\" \/>Les coussins doivent \u00eatre remplac\u00e9s lorsqu&#039;ils pr\u00e9sentent des signes d&#039;usure, de fuite ou d&#039;inconfort, g\u00e9n\u00e9ralement tous les quelques mois en fonction de l&#039;utilisation.<\/p>","protected":false},"excerpt":{"rendered":"<p>Le syst\u00e8me de masque complet AirFit\u2122 P10 pour femmes est un masque CPAP \u00e0 embouts nasaux l\u00e9ger, con\u00e7u sp\u00e9cifiquement pour les femmes. Il offre un ajustement confortable, silencieux et s\u00fbr, assurant un traitement efficace avec un contact minimal avec le visage.<\/p>","protected":false},"featured_media":6158,"comment_status":"open","ping_status":"closed","template":"","meta":[],"product_brand":[],"product_cat":[108],"product_tag":[],"class_list":{"0":"post-5912","1":"product","2":"type-product","3":"status-publish","4":"has-post-thumbnail","6":"product_cat-resmed","8":"first","9":"instock","10":"sale","11":"taxable","12":"shipping-taxable","13":"purchasable","14":"product-type-simple"},"yoast_head":"<!-- This site is optimized with the Yoast SEO plugin v27.3 - https:\/\/yoast.com\/product\/yoast-seo-wordpress\/ -->\n<title>AirFit\u2122 P10 for Her - Complete Mask System | Respiart - Respiratory therapist Montreal<\/title>\n<meta name=\"description\" content=\"The AirFit\u2122 P10 for Her Complete Mask System is a lightweight nasal pillows CPAP mask designed specifically for women. It offers a comfortable, quiet, and secure fit, providing effective therapy with minimal facial contact.\" \/>\n<meta name=\"robots\" content=\"index, follow, max-snippet:-1, max-image-preview:large, max-video-preview:-1\" \/>\n<link rel=\"canonical\" href=\"https:\/\/respiart.ca\/fr\/magasin\/systeme-de-masque-complet-airfit-p10-pour-elle\/\" \/>\n<meta property=\"og:locale\" content=\"fr_CA\" \/>\n<meta property=\"og:type\" content=\"article\" \/>\n<meta property=\"og:title\" content=\"AirFit\u2122 P10 for Her - Complete Mask System | Respiart - Respiratory therapist Montreal\" \/>\n<meta property=\"og:description\" content=\"The AirFit\u2122 P10 for Her Complete Mask System is a lightweight nasal pillows CPAP mask designed specifically for women. It offers a comfortable, quiet, and secure fit, providing effective therapy with minimal facial contact.\" \/>\n<meta property=\"og:url\" content=\"https:\/\/respiart.ca\/fr\/magasin\/systeme-de-masque-complet-airfit-p10-pour-elle\/\" \/>\n<meta property=\"og:site_name\" content=\"Respiart - Respiratory therapist Montreal\" \/>\n<meta property=\"article:modified_time\" content=\"2025-12-22T02:13:55+00:00\" \/>\n<meta property=\"og:image\" content=\"https:\/\/respiart.ca\/wp-content\/uploads\/2025\/12\/resmed-airfit-p10-for-her.webp\" \/>\n\t<meta property=\"og:image:width\" content=\"800\" \/>\n\t<meta property=\"og:image:height\" content=\"800\" \/>\n\t<meta property=\"og:image:type\" content=\"image\/webp\" \/>\n<meta name=\"twitter:card\" content=\"summary_large_image\" \/>\n<meta name=\"twitter:label1\" content=\"Estimation du temps de lecture\" \/>\n\t<meta name=\"twitter:data1\" content=\"1 minute\" \/>\n<script type=\"application\/ld+json\" class=\"yoast-schema-graph\">{\"@context\":\"https:\\\/\\\/schema.org\",\"@graph\":[{\"@type\":\"WebPage\",\"@id\":\"https:\\\/\\\/respiart.ca\\\/shop\\\/airfit-p10-for-her-complete-mask-system\\\/\",\"url\":\"https:\\\/\\\/respiart.ca\\\/shop\\\/airfit-p10-for-her-complete-mask-system\\\/\",\"name\":\"AirFit\u2122 P10 for Her - Complete Mask System | Respiart - Respiratory therapist Montreal\",\"isPartOf\":{\"@id\":\"https:\\\/\\\/respiart.ca\\\/ar\\\/#website\"},\"primaryImageOfPage\":{\"@id\":\"https:\\\/\\\/respiart.ca\\\/shop\\\/airfit-p10-for-her-complete-mask-system\\\/#primaryimage\"},\"image\":{\"@id\":\"https:\\\/\\\/respiart.ca\\\/shop\\\/airfit-p10-for-her-complete-mask-system\\\/#primaryimage\"},\"thumbnailUrl\":\"https:\\\/\\\/respiart.ca\\\/wp-content\\\/uploads\\\/2025\\\/12\\\/resmed-airfit-p10-for-her.webp\",\"datePublished\":\"2025-12-19T11:45:23+00:00\",\"dateModified\":\"2025-12-22T02:13:55+00:00\",\"description\":\"The AirFit\u2122 P10 for Her Complete Mask System is a lightweight nasal pillows CPAP mask designed specifically for women. It offers a comfortable, quiet, and secure fit, providing effective therapy with minimal facial contact.\",\"breadcrumb\":{\"@id\":\"https:\\\/\\\/respiart.ca\\\/shop\\\/airfit-p10-for-her-complete-mask-system\\\/#breadcrumb\"},\"inLanguage\":\"fr-CA\",\"potentialAction\":[{\"@type\":\"ReadAction\",\"target\":[\"https:\\\/\\\/respiart.ca\\\/shop\\\/airfit-p10-for-her-complete-mask-system\\\/\"]}]},{\"@type\":\"ImageObject\",\"inLanguage\":\"fr-CA\",\"@id\":\"https:\\\/\\\/respiart.ca\\\/shop\\\/airfit-p10-for-her-complete-mask-system\\\/#primaryimage\",\"url\":\"https:\\\/\\\/respiart.ca\\\/wp-content\\\/uploads\\\/2025\\\/12\\\/resmed-airfit-p10-for-her.webp\",\"contentUrl\":\"https:\\\/\\\/respiart.ca\\\/wp-content\\\/uploads\\\/2025\\\/12\\\/resmed-airfit-p10-for-her.webp\",\"width\":800,\"height\":800},{\"@type\":\"BreadcrumbList\",\"@id\":\"https:\\\/\\\/respiart.ca\\\/shop\\\/airfit-p10-for-her-complete-mask-system\\\/#breadcrumb\",\"itemListElement\":[{\"@type\":\"ListItem\",\"position\":1,\"name\":\"Home\",\"item\":\"https:\\\/\\\/respiart.ca\\\/\"},{\"@type\":\"ListItem\",\"position\":2,\"name\":\"Shop CPAP\",\"item\":\"https:\\\/\\\/respiart.ca\\\/ar\\\/%d9%85%d8%aa%d8%ac%d8%b1-cpap\\\/\"},{\"@type\":\"ListItem\",\"position\":3,\"name\":\"AirFit\u2122 P10 for Her &#8211; Complete Mask System\"}]},{\"@type\":\"WebSite\",\"@id\":\"https:\\\/\\\/respiart.ca\\\/ar\\\/#website\",\"url\":\"https:\\\/\\\/respiart.ca\\\/ar\\\/\",\"name\":\"RespiArt - Sleep apnea & CPAPs\",\"description\":\"CPAPs and tests for sleep apnea, asthma, oximetry\",\"publisher\":{\"@id\":\"https:\\\/\\\/respiart.ca\\\/ar\\\/#organization\"},\"potentialAction\":[{\"@type\":\"SearchAction\",\"target\":{\"@type\":\"EntryPoint\",\"urlTemplate\":\"https:\\\/\\\/respiart.ca\\\/ar\\\/?s={search_term_string}\"},\"query-input\":{\"@type\":\"PropertyValueSpecification\",\"valueRequired\":true,\"valueName\":\"search_term_string\"}}],\"inLanguage\":\"fr-CA\"},{\"@type\":\"Organization\",\"@id\":\"https:\\\/\\\/respiart.ca\\\/ar\\\/#organization\",\"name\":\"RespiArt - Sleep apnea & CPAPs\",\"url\":\"https:\\\/\\\/respiart.ca\\\/ar\\\/\",\"logo\":{\"@type\":\"ImageObject\",\"inLanguage\":\"fr-CA\",\"@id\":\"https:\\\/\\\/respiart.ca\\\/ar\\\/#\\\/schema\\\/logo\\\/image\\\/\",\"url\":\"https:\\\/\\\/respiart.ca\\\/wp-content\\\/uploads\\\/2022\\\/05\\\/Respiart-logo-1-e1651540192142.png\",\"contentUrl\":\"https:\\\/\\\/respiart.ca\\\/wp-content\\\/uploads\\\/2022\\\/05\\\/Respiart-logo-1-e1651540192142.png\",\"width\":237,\"height\":61,\"caption\":\"RespiArt - Sleep apnea & CPAPs\"},\"image\":{\"@id\":\"https:\\\/\\\/respiart.ca\\\/ar\\\/#\\\/schema\\\/logo\\\/image\\\/\"}}]}<\/script>\n<!-- \/ Yoast SEO plugin. -->","yoast_head_json":{"title":"AirFit\u2122 P10 pour elle - Syst\u00e8me de masque complet | Respiart - Th\u00e9rapeute respiratoire Montr\u00e9al","description":"Le syst\u00e8me de masque complet AirFit\u2122 P10 pour femmes est un masque CPAP \u00e0 embouts nasaux l\u00e9ger, con\u00e7u sp\u00e9cifiquement pour les femmes. Il offre un ajustement confortable, silencieux et s\u00fbr, assurant un traitement efficace avec un contact minimal avec le visage.","robots":{"index":"index","follow":"follow","max-snippet":"max-snippet:-1","max-image-preview":"max-image-preview:large","max-video-preview":"max-video-preview:-1"},"canonical":"https:\/\/respiart.ca\/fr\/magasin\/systeme-de-masque-complet-airfit-p10-pour-elle\/","og_locale":"fr_CA","og_type":"article","og_title":"AirFit\u2122 P10 for Her - Complete Mask System | Respiart - Respiratory therapist Montreal","og_description":"The AirFit\u2122 P10 for Her Complete Mask System is a lightweight nasal pillows CPAP mask designed specifically for women. It offers a comfortable, quiet, and secure fit, providing effective therapy with minimal facial contact.","og_url":"https:\/\/respiart.ca\/fr\/magasin\/systeme-de-masque-complet-airfit-p10-pour-elle\/","og_site_name":"Respiart - Respiratory therapist Montreal","article_modified_time":"2025-12-22T02:13:55+00:00","og_image":[{"width":800,"height":800,"url":"https:\/\/respiart.ca\/wp-content\/uploads\/2025\/12\/resmed-airfit-p10-for-her.webp","type":"image\/webp"}],"twitter_card":"summary_large_image","twitter_misc":{"Estimation du temps de lecture":"1 minute"},"schema":{"@context":"https:\/\/schema.org","@graph":[{"@type":"WebPage","@id":"https:\/\/respiart.ca\/shop\/airfit-p10-for-her-complete-mask-system\/","url":"https:\/\/respiart.ca\/shop\/airfit-p10-for-her-complete-mask-system\/","name":"AirFit\u2122 P10 pour elle - Syst\u00e8me de masque complet | Respiart - Th\u00e9rapeute respiratoire Montr\u00e9al","isPartOf":{"@id":"https:\/\/respiart.ca\/ar\/#website"},"primaryImageOfPage":{"@id":"https:\/\/respiart.ca\/shop\/airfit-p10-for-her-complete-mask-system\/#primaryimage"},"image":{"@id":"https:\/\/respiart.ca\/shop\/airfit-p10-for-her-complete-mask-system\/#primaryimage"},"thumbnailUrl":"https:\/\/respiart.ca\/wp-content\/uploads\/2025\/12\/resmed-airfit-p10-for-her.webp","datePublished":"2025-12-19T11:45:23+00:00","dateModified":"2025-12-22T02:13:55+00:00","description":"Le syst\u00e8me de masque complet AirFit\u2122 P10 pour femmes est un masque CPAP \u00e0 embouts nasaux l\u00e9ger, con\u00e7u sp\u00e9cifiquement pour les femmes. Il offre un ajustement confortable, silencieux et s\u00fbr, assurant un traitement efficace avec un contact minimal avec le visage.","breadcrumb":{"@id":"https:\/\/respiart.ca\/shop\/airfit-p10-for-her-complete-mask-system\/#breadcrumb"},"inLanguage":"fr-CA","potentialAction":[{"@type":"ReadAction","target":["https:\/\/respiart.ca\/shop\/airfit-p10-for-her-complete-mask-system\/"]}]},{"@type":"ImageObject","inLanguage":"fr-CA","@id":"https:\/\/respiart.ca\/shop\/airfit-p10-for-her-complete-mask-system\/#primaryimage","url":"https:\/\/respiart.ca\/wp-content\/uploads\/2025\/12\/resmed-airfit-p10-for-her.webp","contentUrl":"https:\/\/respiart.ca\/wp-content\/uploads\/2025\/12\/resmed-airfit-p10-for-her.webp","width":800,"height":800},{"@type":"BreadcrumbList","@id":"https:\/\/respiart.ca\/shop\/airfit-p10-for-her-complete-mask-system\/#breadcrumb","itemListElement":[{"@type":"ListItem","position":1,"name":"Home","item":"https:\/\/respiart.ca\/"},{"@type":"ListItem","position":2,"name":"Shop CPAP","item":"https:\/\/respiart.ca\/ar\/%d9%85%d8%aa%d8%ac%d8%b1-cpap\/"},{"@type":"ListItem","position":3,"name":"AirFit\u2122 P10 for Her &#8211; Complete Mask System"}]},{"@type":"WebSite","@id":"https:\/\/respiart.ca\/ar\/#website","url":"https:\/\/respiart.ca\/ar\/","name":"RespiArt - Apn\u00e9e du sommeil et CPAP","description":"CPAP et tests pour l&#039;apn\u00e9e du sommeil, l&#039;asthme, l&#039;oxym\u00e9trie","publisher":{"@id":"https:\/\/respiart.ca\/ar\/#organization"},"potentialAction":[{"@type":"SearchAction","target":{"@type":"EntryPoint","urlTemplate":"https:\/\/respiart.ca\/ar\/?s={search_term_string}"},"query-input":{"@type":"PropertyValueSpecification","valueRequired":true,"valueName":"search_term_string"}}],"inLanguage":"fr-CA"},{"@type":"Organization","@id":"https:\/\/respiart.ca\/ar\/#organization","name":"RespiArt - Apn\u00e9e du sommeil et CPAP","url":"https:\/\/respiart.ca\/ar\/","logo":{"@type":"ImageObject","inLanguage":"fr-CA","@id":"https:\/\/respiart.ca\/ar\/#\/schema\/logo\/image\/","url":"https:\/\/respiart.ca\/wp-content\/uploads\/2022\/05\/Respiart-logo-1-e1651540192142.png","contentUrl":"https:\/\/respiart.ca\/wp-content\/uploads\/2022\/05\/Respiart-logo-1-e1651540192142.png","width":237,"height":61,"caption":"RespiArt - Sleep apnea & CPAPs"},"image":{"@id":"https:\/\/respiart.ca\/ar\/#\/schema\/logo\/image\/"}}]}},"_links":{"self":[{"href":"https:\/\/respiart.ca\/fr\/wp-json\/wp\/v2\/product\/5912","targetHints":{"allow":["GET"]}}],"collection":[{"href":"https:\/\/respiart.ca\/fr\/wp-json\/wp\/v2\/product"}],"about":[{"href":"https:\/\/respiart.ca\/fr\/wp-json\/wp\/v2\/types\/product"}],"replies":[{"embeddable":true,"href":"https:\/\/respiart.ca\/fr\/wp-json\/wp\/v2\/comments?post=5912"}],"wp:featuredmedia":[{"embeddable":true,"href":"https:\/\/respiart.ca\/fr\/wp-json\/wp\/v2\/media\/6158"}],"wp:attachment":[{"href":"https:\/\/respiart.ca\/fr\/wp-json\/wp\/v2\/media?parent=5912"}],"wp:term":[{"taxonomy":"product_brand","embeddable":true,"href":"https:\/\/respiart.ca\/fr\/wp-json\/wp\/v2\/product_brand?post=5912"},{"taxonomy":"product_cat","embeddable":true,"href":"https:\/\/respiart.ca\/fr\/wp-json\/wp\/v2\/product_cat?post=5912"},{"taxonomy":"product_tag","embeddable":true,"href":"https:\/\/respiart.ca\/fr\/wp-json\/wp\/v2\/product_tag?post=5912"}],"curies":[{"name":"wp","href":"https:\/\/api.w.org\/{rel}","templated":true}]}}