{"id":5920,"date":"2025-12-19T11:46:14","date_gmt":"2025-12-19T11:46:14","guid":{"rendered":"http:\/\/f4i.0cc.mytemp.website\/shop\/airfit-n20-complete-mask-system-small\/"},"modified":"2025-12-21T17:17:21","modified_gmt":"2025-12-21T17:17:21","slug":"systeme-de-masque-complet-airfit-n20","status":"publish","type":"product","link":"https:\/\/respiart.ca\/fr\/shop\/airfit-n20-complete-mask-system\/","title":{"rendered":"Syst\u00e8me de masque complet AirFit\u2122 N20"},"content":{"rendered":"<p data-start=\"563\" data-end=\"828\">Le syst\u00e8me de masque complet AirFit N20 est con\u00e7u pour les utilisateurs d&#039;appareils CPAP recherchant un masque nasal fiable alliant confort, stabilit\u00e9 et efficacit\u00e9 th\u00e9rapeutique constante. Son coussinet en silicone souple s&#039;adapte aux contours du nez, assurant une \u00e9tanch\u00e9it\u00e9 optimale sans serrer excessivement.<\/p>\n<p data-start=\"830\" data-end=\"1052\">Le cadre du masque est l\u00e9ger et offre un bon maintien, assurant ainsi sa stabilit\u00e9 quelle que soit la position de sommeil. Le raccord avant du tuyau est compatible avec les tubulures CPAP standard, permettant une grande libert\u00e9 de mouvement pendant le sommeil.<\/p>\n<p data-start=\"1054\" data-end=\"1217\">Id\u00e9al pour les nouveaux utilisateurs de CPAP ou ceux qui ont besoin d&#039;un ajustement sur mesure, le syst\u00e8me de masque complet AirFit N20 assure la constance du traitement et une meilleure qualit\u00e9 de sommeil.<\/p>\n<h2 data-start=\"1219\" data-end=\"1249\">Principales caract\u00e9ristiques et avantages<\/h2>\n<ul data-start=\"1250\" data-end=\"1565\">\n<li data-start=\"1250\" data-end=\"1323\">\n<p data-start=\"1252\" data-end=\"1323\">Le coussinet en silicone souple \u00e9pouse les contours du visage pour une \u00e9tanch\u00e9it\u00e9 fiable<\/p>\n<\/li>\n<li data-start=\"1324\" data-end=\"1399\">\n<p data-start=\"1326\" data-end=\"1399\">La monture l\u00e9g\u00e8re minimise la pression sur le visage tout en maintenant la stabilit\u00e9<\/p>\n<\/li>\n<li data-start=\"1400\" data-end=\"1450\">\n<p data-start=\"1402\" data-end=\"1450\">Le raccord avant du tuyau permet de dissimuler la tuyauterie.<\/p>\n<\/li>\n<li data-start=\"1451\" data-end=\"1515\">\n<p data-start=\"1453\" data-end=\"1515\">Un syst\u00e8me de ventilation silencieux r\u00e9duit le bruit de l&#039;air pour un sommeil r\u00e9parateur.<\/p>\n<\/li>\n<li data-start=\"1516\" data-end=\"1565\">\n<p data-start=\"1518\" data-end=\"1565\">Convient aux personnes dormant sur le c\u00f4t\u00e9, sur le dos et sur le ventre<\/p>\n<\/li>\n<\/ul>\n<h2 data-start=\"1567\" data-end=\"1607\">Tailles disponibles<\/h2>\n<div class=\"TyagGW_tableContainer\">\n<div class=\"group TyagGW_tableWrapper flex w-fit flex-col-reverse\" tabindex=\"-1\">\n<table class=\"w-fit min-w-(--thread-content-width)\" data-start=\"1609\" data-end=\"1841\">\n<thead data-start=\"1609\" data-end=\"1640\">\n<tr data-start=\"1609\" data-end=\"1640\">\n<th data-start=\"1609\" data-end=\"1621\" data-col-size=\"sm\">Taille du masque<\/th>\n<th data-start=\"1621\" data-end=\"1640\" data-col-size=\"md\">Taille recommand\u00e9e<\/th>\n<\/tr>\n<\/thead>\n<tbody data-start=\"1672\" data-end=\"1841\">\n<tr data-start=\"1672\" data-end=\"1731\">\n<td data-start=\"1672\" data-end=\"1680\" data-col-size=\"sm\">Petit<\/td>\n<td data-start=\"1680\" data-end=\"1731\" data-col-size=\"md\">Ar\u00eate nasale \u00e9troite ou structure faciale plus petite<\/td>\n<\/tr>\n<tr data-start=\"1732\" data-end=\"1781\">\n<td data-start=\"1732\" data-end=\"1741\" data-col-size=\"sm\">Moyen<\/td>\n<td data-start=\"1741\" data-end=\"1781\" data-col-size=\"md\">forme standard du pont nasal et du visage<\/td>\n<\/tr>\n<tr data-start=\"1782\" data-end=\"1841\">\n<td data-start=\"1782\" data-end=\"1790\" data-col-size=\"sm\">Grand<\/td>\n<td data-start=\"1790\" data-end=\"1841\" data-col-size=\"md\">Ar\u00eate nasale plus large ou structure faciale plus large<\/td>\n<\/tr>\n<\/tbody>\n<\/table>\n<\/div>\n<\/div>\n<p data-start=\"1843\" data-end=\"1928\">Chaque taille est vendue individuellement et peut \u00eatre configur\u00e9e comme une variante avec son propre prix.<\/p>\n<h2 data-start=\"1930\" data-end=\"1950\">Ce qui est inclus<\/h2>\n<ul data-start=\"1951\" data-end=\"2074\">\n<li data-start=\"1951\" data-end=\"1976\">\n<p data-start=\"1953\" data-end=\"1976\">Cadre de masque AirFit N20<\/p>\n<\/li>\n<li data-start=\"1977\" data-end=\"2018\">\n<p data-start=\"1979\" data-end=\"2018\">Coussin en silicone souple (taille sp\u00e9cifique)<\/p>\n<\/li>\n<li data-start=\"2019\" data-end=\"2042\">\n<p data-start=\"2021\" data-end=\"2042\">coiffe r\u00e9glable<\/p>\n<\/li>\n<li data-start=\"2043\" data-end=\"2074\">\n<p data-start=\"2045\" data-end=\"2074\">Raccord coud\u00e9 et pivotant<\/p>\n<\/li>\n<\/ul>\n<h2 data-start=\"2076\" data-end=\"2094\">Compatibilit\u00e9<\/h2>\n<ul data-start=\"2095\" data-end=\"2243\">\n<li data-start=\"2095\" data-end=\"2138\">\n<p data-start=\"2097\" data-end=\"2138\">Compatible avec la plupart des appareils CPAP et BiPAP<\/p>\n<\/li>\n<li data-start=\"2139\" data-end=\"2174\">\n<p data-start=\"2141\" data-end=\"2174\">Tuyau CPAP standard compatible<\/p>\n<\/li>\n<li data-start=\"2175\" data-end=\"2243\">\n<p data-start=\"2177\" data-end=\"2243\">Coussins et cadres interchangeables au sein de la s\u00e9rie AirFit N20<\/p>\n<\/li>\n<\/ul>\n<h2 data-start=\"2245\" data-end=\"2270\">Entretien et maintenance<\/h2>\n<ul data-start=\"2271\" data-end=\"2519\">\n<li data-start=\"2271\" data-end=\"2331\">\n<p data-start=\"2273\" data-end=\"2331\">Nettoyez r\u00e9guli\u00e8rement le coussin et le cadre en silicone avec un savon doux.<\/p>\n<\/li>\n<li data-start=\"2332\" data-end=\"2379\">\n<p data-start=\"2334\" data-end=\"2379\">Rincer abondamment et laisser s\u00e9cher \u00e0 l&#039;air libre, loin de toute source de chaleur.<\/p>\n<\/li>\n<li data-start=\"2380\" data-end=\"2446\">\n<p data-start=\"2382\" data-end=\"2446\">Remplacez les coussins et les composants conform\u00e9ment aux directives de ResMed.<\/p>\n<\/li>\n<li data-start=\"2447\" data-end=\"2519\">\n<p data-start=\"2449\" data-end=\"2519\">Un entretien r\u00e9gulier garantit l&#039;hygi\u00e8ne, le confort et la continuit\u00e9 de la th\u00e9rapie<\/p>\n<\/li>\n<\/ul>\n<h2 data-start=\"2521\" data-end=\"2552\">Foire aux questions<\/h2>\n<p data-start=\"2554\" data-end=\"2716\"><strong data-start=\"2554\" data-end=\"2614\">Quelle est la diff\u00e9rence entre les tailles S, M et L\u00a0?<\/strong><br data-start=\"2614\" data-end=\"2617\" \/>La taille de la monture et celle du coussin sont adapt\u00e9es \u00e0 la structure du visage pour assurer une \u00e9tanch\u00e9it\u00e9 s\u00fbre et confortable.<\/p>\n<p data-start=\"2718\" data-end=\"2832\"><strong data-start=\"2718\" data-end=\"2760\">Puis-je dormir sur le c\u00f4t\u00e9 avec ce masque ?<\/strong><br data-start=\"2760\" data-end=\"2763\" \/>Oui. La conception du cadre et du coussin convient aux personnes dormant sur le c\u00f4t\u00e9 et aux personnes qui bougent beaucoup.<\/p>\n<p data-start=\"2834\" data-end=\"2940\"><strong data-start=\"2834\" data-end=\"2870\">Ce masque comprend-il une coiffe ?<\/strong><br data-start=\"2870\" data-end=\"2873\" \/>Oui. Un harnais de t\u00eate r\u00e9glable est inclus dans le syst\u00e8me de masque complet.<\/p>\n<p data-start=\"2942\" data-end=\"3052\"><strong data-start=\"2942\" data-end=\"2981\">Des coussins de rechange sont-ils disponibles\u00a0?<\/strong><br data-start=\"2981\" data-end=\"2984\" \/>Oui. Les coussins sont vendus s\u00e9par\u00e9ment pour un confort et une hygi\u00e8ne optimaux.<\/p>\n<p data-start=\"3054\" data-end=\"3190\"><strong data-start=\"3054\" data-end=\"3106\">Ce masque convient-il aux personnes utilisant un appareil CPAP pour la premi\u00e8re fois\u00a0?<\/strong><br data-start=\"3106\" data-end=\"3109\" \/>Oui. Le syst\u00e8me de masque complet comprend tous les composants n\u00e9cessaires \u00e0 une utilisation imm\u00e9diate.<\/p>","protected":false},"excerpt":{"rendered":"<p>Le syst\u00e8me de masque complet ResMed AirFit N20 est un masque nasal CPAP qui assure une \u00e9tanch\u00e9it\u00e9 optimale et un confort durable pour une th\u00e9rapie efficace. Son coussinet en silicone souple et sa structure l\u00e9g\u00e8re offrent une grande stabilit\u00e9 tout en r\u00e9duisant la pression sur le visage. Disponible en tailles S, M et L pour un ajustement pr\u00e9cis.<\/p>","protected":false},"featured_media":6115,"comment_status":"open","ping_status":"closed","template":"","meta":[],"product_brand":[],"product_cat":[90,108],"product_tag":[],"class_list":{"0":"post-5920","1":"product","2":"type-product","3":"status-publish","4":"has-post-thumbnail","6":"product_cat-cpap-bipap-mask","7":"product_cat-resmed","9":"first","10":"instock","11":"sale","12":"taxable","13":"shipping-taxable","14":"purchasable","15":"product-type-variable","16":"has-default-attributes"},"yoast_head":"<!-- This site is optimized with the Yoast SEO plugin v27.3 - https:\/\/yoast.com\/product\/yoast-seo-wordpress\/ -->\n<title>AirFit\u2122 N20 Complete Mask System | Respiart - Respiratory therapist Montreal<\/title>\n<meta name=\"description\" content=\"The ResMed AirFit N20 Complete Mask System is a full nasal CPAP mask that delivers a secure, comfortable seal for effective therapy. Its soft silicone cushion and lightweight frame provide stability while reducing pressure on the face. Available in Small, Medium, and Large sizes for a precise fit.\" \/>\n<meta name=\"robots\" content=\"index, follow, max-snippet:-1, max-image-preview:large, max-video-preview:-1\" \/>\n<link rel=\"canonical\" href=\"https:\/\/respiart.ca\/fr\/magasin\/systeme-de-masque-complet-airfit-n20\/\" \/>\n<meta property=\"og:locale\" content=\"fr_CA\" \/>\n<meta property=\"og:type\" content=\"article\" \/>\n<meta property=\"og:title\" content=\"AirFit\u2122 N20 Complete Mask System | Respiart - Respiratory therapist Montreal\" \/>\n<meta property=\"og:description\" content=\"The ResMed AirFit N20 Complete Mask System is a full nasal CPAP mask that delivers a secure, comfortable seal for effective therapy. Its soft silicone cushion and lightweight frame provide stability while reducing pressure on the face. Available in Small, Medium, and Large sizes for a precise fit.\" \/>\n<meta property=\"og:url\" content=\"https:\/\/respiart.ca\/fr\/magasin\/systeme-de-masque-complet-airfit-n20\/\" \/>\n<meta property=\"og:site_name\" content=\"Respiart - Respiratory therapist Montreal\" \/>\n<meta property=\"article:modified_time\" content=\"2025-12-21T17:17:21+00:00\" \/>\n<meta name=\"twitter:card\" content=\"summary_large_image\" \/>\n<meta name=\"twitter:label1\" content=\"Estimation du temps de lecture\" \/>\n\t<meta name=\"twitter:data1\" content=\"1 minute\" \/>\n<script type=\"application\/ld+json\" class=\"yoast-schema-graph\">{\"@context\":\"https:\\\/\\\/schema.org\",\"@graph\":[{\"@type\":\"WebPage\",\"@id\":\"https:\\\/\\\/respiart.ca\\\/shop\\\/airfit-n20-complete-mask-system\\\/\",\"url\":\"https:\\\/\\\/respiart.ca\\\/shop\\\/airfit-n20-complete-mask-system\\\/\",\"name\":\"AirFit\u2122 N20 Complete Mask System | Respiart - Respiratory therapist Montreal\",\"isPartOf\":{\"@id\":\"https:\\\/\\\/respiart.ca\\\/ar\\\/#website\"},\"primaryImageOfPage\":{\"@id\":\"https:\\\/\\\/respiart.ca\\\/shop\\\/airfit-n20-complete-mask-system\\\/#primaryimage\"},\"image\":{\"@id\":\"https:\\\/\\\/respiart.ca\\\/shop\\\/airfit-n20-complete-mask-system\\\/#primaryimage\"},\"thumbnailUrl\":\"https:\\\/\\\/respiart.ca\\\/wp-content\\\/uploads\\\/2025\\\/12\\\/AirFit-N20-nasal-CPAP-mask-him-resmed-1.avif\",\"datePublished\":\"2025-12-19T11:46:14+00:00\",\"dateModified\":\"2025-12-21T17:17:21+00:00\",\"description\":\"The ResMed AirFit N20 Complete Mask System is a full nasal CPAP mask that delivers a secure, comfortable seal for effective therapy. Its soft silicone cushion and lightweight frame provide stability while reducing pressure on the face. Available in Small, Medium, and Large sizes for a precise fit.\",\"breadcrumb\":{\"@id\":\"https:\\\/\\\/respiart.ca\\\/shop\\\/airfit-n20-complete-mask-system\\\/#breadcrumb\"},\"inLanguage\":\"fr-CA\",\"potentialAction\":[{\"@type\":\"ReadAction\",\"target\":[\"https:\\\/\\\/respiart.ca\\\/shop\\\/airfit-n20-complete-mask-system\\\/\"]}]},{\"@type\":\"ImageObject\",\"inLanguage\":\"fr-CA\",\"@id\":\"https:\\\/\\\/respiart.ca\\\/shop\\\/airfit-n20-complete-mask-system\\\/#primaryimage\",\"url\":\"https:\\\/\\\/respiart.ca\\\/wp-content\\\/uploads\\\/2025\\\/12\\\/AirFit-N20-nasal-CPAP-mask-him-resmed-1.avif\",\"contentUrl\":\"https:\\\/\\\/respiart.ca\\\/wp-content\\\/uploads\\\/2025\\\/12\\\/AirFit-N20-nasal-CPAP-mask-him-resmed-1.avif\",\"width\":315,\"height\":315},{\"@type\":\"BreadcrumbList\",\"@id\":\"https:\\\/\\\/respiart.ca\\\/shop\\\/airfit-n20-complete-mask-system\\\/#breadcrumb\",\"itemListElement\":[{\"@type\":\"ListItem\",\"position\":1,\"name\":\"Home\",\"item\":\"https:\\\/\\\/respiart.ca\\\/\"},{\"@type\":\"ListItem\",\"position\":2,\"name\":\"Shop CPAP\",\"item\":\"https:\\\/\\\/respiart.ca\\\/ar\\\/%d9%85%d8%aa%d8%ac%d8%b1-cpap\\\/\"},{\"@type\":\"ListItem\",\"position\":3,\"name\":\"AirFit\u2122 N20 Complete Mask System\"}]},{\"@type\":\"WebSite\",\"@id\":\"https:\\\/\\\/respiart.ca\\\/ar\\\/#website\",\"url\":\"https:\\\/\\\/respiart.ca\\\/ar\\\/\",\"name\":\"RespiArt - Sleep apnea & CPAPs\",\"description\":\"CPAPs and tests for sleep apnea, asthma, oximetry\",\"publisher\":{\"@id\":\"https:\\\/\\\/respiart.ca\\\/ar\\\/#organization\"},\"potentialAction\":[{\"@type\":\"SearchAction\",\"target\":{\"@type\":\"EntryPoint\",\"urlTemplate\":\"https:\\\/\\\/respiart.ca\\\/ar\\\/?s={search_term_string}\"},\"query-input\":{\"@type\":\"PropertyValueSpecification\",\"valueRequired\":true,\"valueName\":\"search_term_string\"}}],\"inLanguage\":\"fr-CA\"},{\"@type\":\"Organization\",\"@id\":\"https:\\\/\\\/respiart.ca\\\/ar\\\/#organization\",\"name\":\"RespiArt - Sleep apnea & CPAPs\",\"url\":\"https:\\\/\\\/respiart.ca\\\/ar\\\/\",\"logo\":{\"@type\":\"ImageObject\",\"inLanguage\":\"fr-CA\",\"@id\":\"https:\\\/\\\/respiart.ca\\\/ar\\\/#\\\/schema\\\/logo\\\/image\\\/\",\"url\":\"https:\\\/\\\/respiart.ca\\\/wp-content\\\/uploads\\\/2022\\\/05\\\/Respiart-logo-1-e1651540192142.png\",\"contentUrl\":\"https:\\\/\\\/respiart.ca\\\/wp-content\\\/uploads\\\/2022\\\/05\\\/Respiart-logo-1-e1651540192142.png\",\"width\":237,\"height\":61,\"caption\":\"RespiArt - Sleep apnea & CPAPs\"},\"image\":{\"@id\":\"https:\\\/\\\/respiart.ca\\\/ar\\\/#\\\/schema\\\/logo\\\/image\\\/\"}}]}<\/script>\n<!-- \/ Yoast SEO plugin. -->","yoast_head_json":{"title":"Syst\u00e8me de masque complet AirFit\u2122 N20 | Respiart - Th\u00e9rapeute respiratoire Montr\u00e9al","description":"Le syst\u00e8me de masque complet ResMed AirFit N20 est un masque nasal CPAP qui assure une \u00e9tanch\u00e9it\u00e9 optimale et un confort durable pour une th\u00e9rapie efficace. Son coussinet en silicone souple et sa structure l\u00e9g\u00e8re offrent une grande stabilit\u00e9 tout en r\u00e9duisant la pression sur le visage. Disponible en tailles S, M et L pour un ajustement pr\u00e9cis.","robots":{"index":"index","follow":"follow","max-snippet":"max-snippet:-1","max-image-preview":"max-image-preview:large","max-video-preview":"max-video-preview:-1"},"canonical":"https:\/\/respiart.ca\/fr\/magasin\/systeme-de-masque-complet-airfit-n20\/","og_locale":"fr_CA","og_type":"article","og_title":"AirFit\u2122 N20 Complete Mask System | Respiart - Respiratory therapist Montreal","og_description":"The ResMed AirFit N20 Complete Mask System is a full nasal CPAP mask that delivers a secure, comfortable seal for effective therapy. Its soft silicone cushion and lightweight frame provide stability while reducing pressure on the face. Available in Small, Medium, and Large sizes for a precise fit.","og_url":"https:\/\/respiart.ca\/fr\/magasin\/systeme-de-masque-complet-airfit-n20\/","og_site_name":"Respiart - Respiratory therapist Montreal","article_modified_time":"2025-12-21T17:17:21+00:00","twitter_card":"summary_large_image","twitter_misc":{"Estimation du temps de lecture":"1 minute"},"schema":{"@context":"https:\/\/schema.org","@graph":[{"@type":"WebPage","@id":"https:\/\/respiart.ca\/shop\/airfit-n20-complete-mask-system\/","url":"https:\/\/respiart.ca\/shop\/airfit-n20-complete-mask-system\/","name":"Syst\u00e8me de masque complet AirFit\u2122 N20 | Respiart - Th\u00e9rapeute respiratoire Montr\u00e9al","isPartOf":{"@id":"https:\/\/respiart.ca\/ar\/#website"},"primaryImageOfPage":{"@id":"https:\/\/respiart.ca\/shop\/airfit-n20-complete-mask-system\/#primaryimage"},"image":{"@id":"https:\/\/respiart.ca\/shop\/airfit-n20-complete-mask-system\/#primaryimage"},"thumbnailUrl":"https:\/\/respiart.ca\/wp-content\/uploads\/2025\/12\/AirFit-N20-nasal-CPAP-mask-him-resmed-1.avif","datePublished":"2025-12-19T11:46:14+00:00","dateModified":"2025-12-21T17:17:21+00:00","description":"Le syst\u00e8me de masque complet ResMed AirFit N20 est un masque nasal CPAP qui assure une \u00e9tanch\u00e9it\u00e9 optimale et un confort durable pour une th\u00e9rapie efficace. Son coussinet en silicone souple et sa structure l\u00e9g\u00e8re offrent une grande stabilit\u00e9 tout en r\u00e9duisant la pression sur le visage. Disponible en tailles S, M et L pour un ajustement pr\u00e9cis.","breadcrumb":{"@id":"https:\/\/respiart.ca\/shop\/airfit-n20-complete-mask-system\/#breadcrumb"},"inLanguage":"fr-CA","potentialAction":[{"@type":"ReadAction","target":["https:\/\/respiart.ca\/shop\/airfit-n20-complete-mask-system\/"]}]},{"@type":"ImageObject","inLanguage":"fr-CA","@id":"https:\/\/respiart.ca\/shop\/airfit-n20-complete-mask-system\/#primaryimage","url":"https:\/\/respiart.ca\/wp-content\/uploads\/2025\/12\/AirFit-N20-nasal-CPAP-mask-him-resmed-1.avif","contentUrl":"https:\/\/respiart.ca\/wp-content\/uploads\/2025\/12\/AirFit-N20-nasal-CPAP-mask-him-resmed-1.avif","width":315,"height":315},{"@type":"BreadcrumbList","@id":"https:\/\/respiart.ca\/shop\/airfit-n20-complete-mask-system\/#breadcrumb","itemListElement":[{"@type":"ListItem","position":1,"name":"Home","item":"https:\/\/respiart.ca\/"},{"@type":"ListItem","position":2,"name":"Shop CPAP","item":"https:\/\/respiart.ca\/ar\/%d9%85%d8%aa%d8%ac%d8%b1-cpap\/"},{"@type":"ListItem","position":3,"name":"AirFit\u2122 N20 Complete Mask System"}]},{"@type":"WebSite","@id":"https:\/\/respiart.ca\/ar\/#website","url":"https:\/\/respiart.ca\/ar\/","name":"RespiArt - Apn\u00e9e du sommeil et CPAP","description":"CPAP et tests pour l&#039;apn\u00e9e du sommeil, l&#039;asthme, l&#039;oxym\u00e9trie","publisher":{"@id":"https:\/\/respiart.ca\/ar\/#organization"},"potentialAction":[{"@type":"SearchAction","target":{"@type":"EntryPoint","urlTemplate":"https:\/\/respiart.ca\/ar\/?s={search_term_string}"},"query-input":{"@type":"PropertyValueSpecification","valueRequired":true,"valueName":"search_term_string"}}],"inLanguage":"fr-CA"},{"@type":"Organization","@id":"https:\/\/respiart.ca\/ar\/#organization","name":"RespiArt - Apn\u00e9e du sommeil et CPAP","url":"https:\/\/respiart.ca\/ar\/","logo":{"@type":"ImageObject","inLanguage":"fr-CA","@id":"https:\/\/respiart.ca\/ar\/#\/schema\/logo\/image\/","url":"https:\/\/respiart.ca\/wp-content\/uploads\/2022\/05\/Respiart-logo-1-e1651540192142.png","contentUrl":"https:\/\/respiart.ca\/wp-content\/uploads\/2022\/05\/Respiart-logo-1-e1651540192142.png","width":237,"height":61,"caption":"RespiArt - Sleep apnea & CPAPs"},"image":{"@id":"https:\/\/respiart.ca\/ar\/#\/schema\/logo\/image\/"}}]}},"_links":{"self":[{"href":"https:\/\/respiart.ca\/fr\/wp-json\/wp\/v2\/product\/5920","targetHints":{"allow":["GET"]}}],"collection":[{"href":"https:\/\/respiart.ca\/fr\/wp-json\/wp\/v2\/product"}],"about":[{"href":"https:\/\/respiart.ca\/fr\/wp-json\/wp\/v2\/types\/product"}],"replies":[{"embeddable":true,"href":"https:\/\/respiart.ca\/fr\/wp-json\/wp\/v2\/comments?post=5920"}],"wp:featuredmedia":[{"embeddable":true,"href":"https:\/\/respiart.ca\/fr\/wp-json\/wp\/v2\/media\/6115"}],"wp:attachment":[{"href":"https:\/\/respiart.ca\/fr\/wp-json\/wp\/v2\/media?parent=5920"}],"wp:term":[{"taxonomy":"product_brand","embeddable":true,"href":"https:\/\/respiart.ca\/fr\/wp-json\/wp\/v2\/product_brand?post=5920"},{"taxonomy":"product_cat","embeddable":true,"href":"https:\/\/respiart.ca\/fr\/wp-json\/wp\/v2\/product_cat?post=5920"},{"taxonomy":"product_tag","embeddable":true,"href":"https:\/\/respiart.ca\/fr\/wp-json\/wp\/v2\/product_tag?post=5920"}],"curies":[{"name":"wp","href":"https:\/\/api.w.org\/{rel}","templated":true}]}}