{"id":5923,"date":"2025-12-19T11:46:31","date_gmt":"2025-12-19T11:46:31","guid":{"rendered":"http:\/\/f4i.0cc.mytemp.website\/shop\/airtouch-n20-mask-small\/"},"modified":"2025-12-21T17:18:32","modified_gmt":"2025-12-21T17:18:32","slug":"masque-airtouch-n20","status":"publish","type":"product","link":"https:\/\/respiart.ca\/fr\/shop\/airtouch-n20-mask\/","title":{"rendered":"Masque AirTouch\u2122 N20"},"content":{"rendered":"<p data-start=\"518\" data-end=\"792\">Le masque nasal AirTouch N20 est con\u00e7u pour les utilisateurs d&#039;appareils CPAP qui privil\u00e9gient le confort et une \u00e9tanch\u00e9it\u00e9 fiable. Son coussinet en mousse \u00e0 m\u00e9moire de forme UltraSoft s&#039;adapte aux contours du visage, r\u00e9duisant la pression sur l&#039;ar\u00eate nasale et les points de contact tout en maintenant une pression th\u00e9rapeutique constante.<\/p>\n<p data-start=\"794\" data-end=\"1017\">Le cadre du masque est l\u00e9ger et discret, assurant sa stabilit\u00e9 sans entraver les mouvements. La connexion du tube au sommet de la t\u00eate offre une grande libert\u00e9 de mouvement, le rendant adapt\u00e9 aux personnes dormant sur le c\u00f4t\u00e9, sur le dos ou ayant une position de sommeil active.<\/p>\n<p data-start=\"1019\" data-end=\"1204\">Ce masque est id\u00e9al pour les patients \u00e0 la peau sensible ou ceux qui ont \u00e9prouv\u00e9 une g\u00eane avec les coussinets en silicone, ainsi que pour les utilisateurs recherchant une solution CPAP s\u00fbre et performante.<\/p>\n<h2 data-start=\"1206\" data-end=\"1223\">Principaux avantages<\/h2>\n<p data-start=\"1224\" data-end=\"1322\">Le masque nasal AirTouch N20 offre une combinaison de confort, de stabilit\u00e9 et de th\u00e9rapie efficace\u00a0:<\/p>\n<ul data-start=\"1323\" data-end=\"1662\">\n<li data-start=\"1323\" data-end=\"1408\">\n<p data-start=\"1325\" data-end=\"1408\">Le coussin en mousse \u00e0 m\u00e9moire de forme UltraSoft s&#039;adapte aux contours du visage pour une \u00e9tanch\u00e9it\u00e9 douce et s\u00fbre<\/p>\n<\/li>\n<li data-start=\"1409\" data-end=\"1482\">\n<p data-start=\"1411\" data-end=\"1482\">La structure l\u00e9g\u00e8re minimise la pression tout en maintenant la stabilit\u00e9 du masque<\/p>\n<\/li>\n<li data-start=\"1483\" data-end=\"1547\">\n<p data-start=\"1485\" data-end=\"1547\">Le raccord de tuyauterie situ\u00e9 sur le dessus de la t\u00eate permet de d\u00e9gager les tuyaux.<\/p>\n<\/li>\n<li data-start=\"1548\" data-end=\"1612\">\n<p data-start=\"1550\" data-end=\"1612\">La ventilation silencieuse r\u00e9duit le bruit du flux d&#039;air pour un sommeil plus r\u00e9parateur.<\/p>\n<\/li>\n<li data-start=\"1613\" data-end=\"1662\">\n<p data-start=\"1615\" data-end=\"1662\">Convient aux personnes dormant sur le c\u00f4t\u00e9, sur le dos et sur le ventre<\/p>\n<\/li>\n<\/ul>\n<h2 data-start=\"1664\" data-end=\"1704\">Tailles disponibles (d\u00e9finies comme variantes)<\/h2>\n<div class=\"TyagGW_tableContainer\">\n<div class=\"group TyagGW_tableWrapper flex w-fit flex-col-reverse\" tabindex=\"-1\">\n<table class=\"w-fit min-w-(--thread-content-width)\" data-start=\"1706\" data-end=\"1944\">\n<thead data-start=\"1706\" data-end=\"1737\">\n<tr data-start=\"1706\" data-end=\"1737\">\n<th data-start=\"1706\" data-end=\"1718\" data-col-size=\"sm\">Taille du masque<\/th>\n<th data-start=\"1718\" data-end=\"1737\" data-col-size=\"md\">Taille recommand\u00e9e<\/th>\n<\/tr>\n<\/thead>\n<tbody data-start=\"1769\" data-end=\"1944\">\n<tr data-start=\"1769\" data-end=\"1828\">\n<td data-start=\"1769\" data-end=\"1777\" data-col-size=\"sm\">Petit<\/td>\n<td data-start=\"1777\" data-end=\"1828\" data-col-size=\"md\">Ar\u00eate nasale \u00e9troite ou structure faciale plus petite<\/td>\n<\/tr>\n<tr data-start=\"1829\" data-end=\"1884\">\n<td data-start=\"1829\" data-end=\"1838\" data-col-size=\"sm\">Moyen<\/td>\n<td data-start=\"1838\" data-end=\"1884\" data-col-size=\"md\">Structure faciale et ar\u00eate nasale standard<\/td>\n<\/tr>\n<tr data-start=\"1885\" data-end=\"1944\">\n<td data-start=\"1885\" data-end=\"1893\" data-col-size=\"sm\">Grand<\/td>\n<td data-col-size=\"md\" data-start=\"1893\" data-end=\"1944\">Structure faciale plus large ou ar\u00eate nasale plus prononc\u00e9e<\/td>\n<\/tr>\n<\/tbody>\n<\/table>\n<\/div>\n<\/div>\n<p data-start=\"1946\" data-end=\"2031\">Chaque taille est vendue individuellement et peut \u00eatre configur\u00e9e comme une variante avec son propre prix.<\/p>\n<h2 data-start=\"2033\" data-end=\"2057\">Composants inclus<\/h2>\n<ul data-start=\"2058\" data-end=\"2190\">\n<li data-start=\"2058\" data-end=\"2085\">\n<p data-start=\"2060\" data-end=\"2085\">Cadre de masque AirTouch N20<\/p>\n<\/li>\n<li data-start=\"2086\" data-end=\"2135\">\n<p data-start=\"2088\" data-end=\"2135\">Coussin en mousse \u00e0 m\u00e9moire de forme UltraSoft (taille sp\u00e9cifique)<\/p>\n<\/li>\n<li data-start=\"2136\" data-end=\"2159\">\n<p data-start=\"2138\" data-end=\"2159\">coiffe r\u00e9glable<\/p>\n<\/li>\n<li data-start=\"2160\" data-end=\"2190\">\n<p data-start=\"2162\" data-end=\"2190\">Connecteur coud\u00e9 et pivotant<\/p>\n<\/li>\n<\/ul>\n<h2 data-start=\"2192\" data-end=\"2210\">Compatibilit\u00e9<\/h2>\n<ul data-start=\"2211\" data-end=\"2364\">\n<li data-start=\"2211\" data-end=\"2284\">\n<p data-start=\"2213\" data-end=\"2284\">Compatible exclusivement avec le syst\u00e8me de masque nasal ResMed AirTouch N20<\/p>\n<\/li>\n<li data-start=\"2285\" data-end=\"2328\">\n<p data-start=\"2287\" data-end=\"2328\">Compatible avec la plupart des appareils CPAP et BiPAP<\/p>\n<\/li>\n<li data-start=\"2329\" data-end=\"2364\">\n<p data-start=\"2331\" data-end=\"2364\">Tuyau CPAP standard compatible<\/p>\n<\/li>\n<\/ul>\n<h2 data-start=\"2366\" data-end=\"2391\">Entretien et maintenance<\/h2>\n<ul data-start=\"2392\" data-end=\"2690\">\n<li data-start=\"2392\" data-end=\"2474\">\n<p data-start=\"2394\" data-end=\"2474\">Nettoyez quotidiennement le coussin en mousse \u00e0 m\u00e9moire de forme avec un chiffon l\u00e9g\u00e8rement humide\u00a0; ne le lavez pas et ne le trempez pas.<\/p>\n<\/li>\n<li data-start=\"2475\" data-end=\"2538\">\n<p data-start=\"2477\" data-end=\"2538\">Lavez le cadre et le harnais avec un savon doux et rincez abondamment.<\/p>\n<\/li>\n<li data-start=\"2539\" data-end=\"2599\">\n<p data-start=\"2541\" data-end=\"2599\">S\u00e9cher tous les composants \u00e0 l&#039;air libre, \u00e0 l&#039;abri de la lumi\u00e8re directe du soleil ou de la chaleur.<\/p>\n<\/li>\n<li data-start=\"2600\" data-end=\"2690\">\n<p data-start=\"2602\" data-end=\"2690\">Remplacez le coussin et les autres pi\u00e8ces conform\u00e9ment aux directives de ResMed afin de maintenir les performances.<\/p>\n<\/li>\n<\/ul>\n<h2 data-start=\"2692\" data-end=\"2723\">Foire aux questions<\/h2>\n<p data-start=\"2725\" data-end=\"2965\"><strong data-start=\"2725\" data-end=\"2795\">Qu\u2019est-ce qui diff\u00e9rencie le masque AirTouch N20 des autres masques nasaux\u00a0?<\/strong><br data-start=\"2795\" data-end=\"2798\" \/>Son coussin en mousse \u00e0 m\u00e9moire de forme UltraSoft offre un confort sup\u00e9rieur, s&#039;adapte naturellement aux contours du visage et r\u00e9duit les points de pression par rapport aux coussins en silicone standard.<\/p>\n<p data-start=\"2967\" data-end=\"3111\"><strong data-start=\"2967\" data-end=\"3009\">Puis-je dormir sur le c\u00f4t\u00e9 avec ce masque ?<\/strong><br data-start=\"3009\" data-end=\"3012\" \/>Oui. Le cadre l\u00e9ger et le tube sup\u00e9rieur permettent de dormir sur le c\u00f4t\u00e9 et en position active.<\/p>\n<p data-start=\"3113\" data-end=\"3190\"><strong data-start=\"3113\" data-end=\"3148\">Le masque comprend-il une coiffe\u00a0?<\/strong><br data-start=\"3148\" data-end=\"3151\" \/>Oui. Un harnais de t\u00eate r\u00e9glable est inclus.<\/p>\n<p data-start=\"3192\" data-end=\"3365\"><strong data-start=\"3192\" data-end=\"3247\">\u00c0 quelle fr\u00e9quence dois-je remplacer le coussin en mousse \u00e0 m\u00e9moire de forme\u00a0?<\/strong><br data-start=\"3247\" data-end=\"3250\" \/>ResMed recommande de remplacer le coussin environ tous les 30 jours ou plus t\u00f4t s&#039;il perd son \u00e9tanch\u00e9it\u00e9 ou s&#039;il pr\u00e9sente des signes d&#039;usure.<\/p>\n<p data-start=\"3367\" data-end=\"3504\"><strong data-start=\"3367\" data-end=\"3419\">Ce masque est-il compatible avec d&#039;autres masques ResMed\u00a0?<\/strong><br data-start=\"3419\" data-end=\"3422\" \/>Non. Le masque et le coussin AirTouch N20 sont con\u00e7us pour fonctionner ensemble comme un syst\u00e8me.<\/p>","protected":false},"excerpt":{"rendered":"<p>Le masque nasal ResMed AirTouch N20 allie le confort de la mousse \u00e0 m\u00e9moire de forme UltraSoft \u00e0 une structure l\u00e9g\u00e8re et discr\u00e8te pour une \u00e9tanch\u00e9it\u00e9 optimale et douce lors de la th\u00e9rapie CPAP. Disponible en tailles S, M et L pour s&#039;adapter \u00e0 diff\u00e9rentes morphologies faciales.<\/p>","protected":false},"featured_media":6106,"comment_status":"open","ping_status":"closed","template":"","meta":[],"product_brand":[],"product_cat":[90,108],"product_tag":[],"class_list":{"0":"post-5923","1":"product","2":"type-product","3":"status-publish","4":"has-post-thumbnail","6":"product_cat-cpap-bipap-mask","7":"product_cat-resmed","9":"first","10":"instock","11":"sale","12":"taxable","13":"shipping-taxable","14":"purchasable","15":"product-type-variable"},"yoast_head":"<!-- This site is optimized with the Yoast SEO plugin v27.4 - https:\/\/yoast.com\/product\/yoast-seo-wordpress\/ -->\n<title>AirTouch\u2122 N20 Mask | Respiart - Respiratory therapist Montreal<\/title>\n<meta name=\"description\" content=\"The ResMed AirTouch N20 Nasal Mask combines the comfort of UltraSoft memory foam with a lightweight, low-profile frame to provide a secure and gentle seal for CPAP therapy. Available in Small, Medium, and Large sizes to accommodate a range of facial structures.\" \/>\n<meta name=\"robots\" content=\"index, follow, max-snippet:-1, max-image-preview:large, max-video-preview:-1\" \/>\n<link rel=\"canonical\" href=\"https:\/\/respiart.ca\/fr\/magasin\/masque-airtouch-n20\/\" \/>\n<meta property=\"og:locale\" content=\"fr_CA\" \/>\n<meta property=\"og:type\" content=\"article\" \/>\n<meta property=\"og:title\" content=\"AirTouch\u2122 N20 Mask | Respiart - Respiratory therapist Montreal\" \/>\n<meta property=\"og:description\" content=\"The ResMed AirTouch N20 Nasal Mask combines the comfort of UltraSoft memory foam with a lightweight, low-profile frame to provide a secure and gentle seal for CPAP therapy. Available in Small, Medium, and Large sizes to accommodate a range of facial structures.\" \/>\n<meta property=\"og:url\" content=\"https:\/\/respiart.ca\/fr\/magasin\/masque-airtouch-n20\/\" \/>\n<meta property=\"og:site_name\" content=\"Respiart - Respiratory therapist Montreal\" \/>\n<meta property=\"article:modified_time\" content=\"2025-12-21T17:18:32+00:00\" \/>\n<meta property=\"og:image\" content=\"https:\/\/respiart.ca\/wp-content\/uploads\/2025\/12\/AirTouch\u2122-N20-Mask.webp\" \/>\n\t<meta property=\"og:image:width\" content=\"2048\" \/>\n\t<meta property=\"og:image:height\" content=\"2048\" \/>\n\t<meta property=\"og:image:type\" content=\"image\/webp\" \/>\n<meta name=\"twitter:card\" content=\"summary_large_image\" \/>\n<meta name=\"twitter:label1\" content=\"Estimation du temps de lecture\" \/>\n\t<meta name=\"twitter:data1\" content=\"3 minutes\" \/>\n<script type=\"application\/ld+json\" class=\"yoast-schema-graph\">{\"@context\":\"https:\\\/\\\/schema.org\",\"@graph\":[{\"@type\":\"WebPage\",\"@id\":\"https:\\\/\\\/respiart.ca\\\/shop\\\/airtouch-n20-mask\\\/\",\"url\":\"https:\\\/\\\/respiart.ca\\\/shop\\\/airtouch-n20-mask\\\/\",\"name\":\"AirTouch\u2122 N20 Mask | Respiart - Respiratory therapist Montreal\",\"isPartOf\":{\"@id\":\"https:\\\/\\\/respiart.ca\\\/ar\\\/#website\"},\"primaryImageOfPage\":{\"@id\":\"https:\\\/\\\/respiart.ca\\\/shop\\\/airtouch-n20-mask\\\/#primaryimage\"},\"image\":{\"@id\":\"https:\\\/\\\/respiart.ca\\\/shop\\\/airtouch-n20-mask\\\/#primaryimage\"},\"thumbnailUrl\":\"https:\\\/\\\/respiart.ca\\\/wp-content\\\/uploads\\\/2025\\\/12\\\/AirTouch\u2122-N20-Mask.webp\",\"datePublished\":\"2025-12-19T11:46:31+00:00\",\"dateModified\":\"2025-12-21T17:18:32+00:00\",\"description\":\"The ResMed AirTouch N20 Nasal Mask combines the comfort of UltraSoft memory foam with a lightweight, low-profile frame to provide a secure and gentle seal for CPAP therapy. Available in Small, Medium, and Large sizes to accommodate a range of facial structures.\",\"breadcrumb\":{\"@id\":\"https:\\\/\\\/respiart.ca\\\/shop\\\/airtouch-n20-mask\\\/#breadcrumb\"},\"inLanguage\":\"fr-CA\",\"potentialAction\":[{\"@type\":\"ReadAction\",\"target\":[\"https:\\\/\\\/respiart.ca\\\/shop\\\/airtouch-n20-mask\\\/\"]}]},{\"@type\":\"ImageObject\",\"inLanguage\":\"fr-CA\",\"@id\":\"https:\\\/\\\/respiart.ca\\\/shop\\\/airtouch-n20-mask\\\/#primaryimage\",\"url\":\"https:\\\/\\\/respiart.ca\\\/wp-content\\\/uploads\\\/2025\\\/12\\\/AirTouch\u2122-N20-Mask.webp\",\"contentUrl\":\"https:\\\/\\\/respiart.ca\\\/wp-content\\\/uploads\\\/2025\\\/12\\\/AirTouch\u2122-N20-Mask.webp\",\"width\":2048,\"height\":2048},{\"@type\":\"BreadcrumbList\",\"@id\":\"https:\\\/\\\/respiart.ca\\\/shop\\\/airtouch-n20-mask\\\/#breadcrumb\",\"itemListElement\":[{\"@type\":\"ListItem\",\"position\":1,\"name\":\"Home\",\"item\":\"https:\\\/\\\/respiart.ca\\\/\"},{\"@type\":\"ListItem\",\"position\":2,\"name\":\"Shop CPAP\",\"item\":\"https:\\\/\\\/respiart.ca\\\/ar\\\/%d9%85%d8%aa%d8%ac%d8%b1-cpap\\\/\"},{\"@type\":\"ListItem\",\"position\":3,\"name\":\"AirTouch\u2122 N20 Mask\"}]},{\"@type\":\"WebSite\",\"@id\":\"https:\\\/\\\/respiart.ca\\\/ar\\\/#website\",\"url\":\"https:\\\/\\\/respiart.ca\\\/ar\\\/\",\"name\":\"RespiArt - Sleep apnea & CPAPs\",\"description\":\"CPAPs and tests for sleep apnea, asthma, oximetry\",\"publisher\":{\"@id\":\"https:\\\/\\\/respiart.ca\\\/ar\\\/#organization\"},\"potentialAction\":[{\"@type\":\"SearchAction\",\"target\":{\"@type\":\"EntryPoint\",\"urlTemplate\":\"https:\\\/\\\/respiart.ca\\\/ar\\\/?s={search_term_string}\"},\"query-input\":{\"@type\":\"PropertyValueSpecification\",\"valueRequired\":true,\"valueName\":\"search_term_string\"}}],\"inLanguage\":\"fr-CA\"},{\"@type\":\"Organization\",\"@id\":\"https:\\\/\\\/respiart.ca\\\/ar\\\/#organization\",\"name\":\"RespiArt - Sleep apnea & CPAPs\",\"url\":\"https:\\\/\\\/respiart.ca\\\/ar\\\/\",\"logo\":{\"@type\":\"ImageObject\",\"inLanguage\":\"fr-CA\",\"@id\":\"https:\\\/\\\/respiart.ca\\\/ar\\\/#\\\/schema\\\/logo\\\/image\\\/\",\"url\":\"https:\\\/\\\/respiart.ca\\\/wp-content\\\/uploads\\\/2022\\\/05\\\/Respiart-logo-1-e1651540192142.png\",\"contentUrl\":\"https:\\\/\\\/respiart.ca\\\/wp-content\\\/uploads\\\/2022\\\/05\\\/Respiart-logo-1-e1651540192142.png\",\"width\":237,\"height\":61,\"caption\":\"RespiArt - Sleep apnea & CPAPs\"},\"image\":{\"@id\":\"https:\\\/\\\/respiart.ca\\\/ar\\\/#\\\/schema\\\/logo\\\/image\\\/\"}}]}<\/script>\n<!-- \/ Yoast SEO plugin. -->","yoast_head_json":{"title":"Masque AirTouch\u2122 N20 | Respiart - Th\u00e9rapeute respiratoire Montr\u00e9al","description":"Le masque nasal ResMed AirTouch N20 allie le confort de la mousse \u00e0 m\u00e9moire de forme UltraSoft \u00e0 une structure l\u00e9g\u00e8re et discr\u00e8te pour une \u00e9tanch\u00e9it\u00e9 optimale et douce lors de la th\u00e9rapie CPAP. Disponible en tailles S, M et L pour s&#039;adapter \u00e0 diff\u00e9rentes morphologies faciales.","robots":{"index":"index","follow":"follow","max-snippet":"max-snippet:-1","max-image-preview":"max-image-preview:large","max-video-preview":"max-video-preview:-1"},"canonical":"https:\/\/respiart.ca\/fr\/magasin\/masque-airtouch-n20\/","og_locale":"fr_CA","og_type":"article","og_title":"AirTouch\u2122 N20 Mask | Respiart - Respiratory therapist Montreal","og_description":"The ResMed AirTouch N20 Nasal Mask combines the comfort of UltraSoft memory foam with a lightweight, low-profile frame to provide a secure and gentle seal for CPAP therapy. Available in Small, Medium, and Large sizes to accommodate a range of facial structures.","og_url":"https:\/\/respiart.ca\/fr\/magasin\/masque-airtouch-n20\/","og_site_name":"Respiart - Respiratory therapist Montreal","article_modified_time":"2025-12-21T17:18:32+00:00","og_image":[{"width":2048,"height":2048,"url":"https:\/\/respiart.ca\/wp-content\/uploads\/2025\/12\/AirTouch\u2122-N20-Mask.webp","type":"image\/webp"}],"twitter_card":"summary_large_image","twitter_misc":{"Estimation du temps de lecture":"3 minutes"},"schema":{"@context":"https:\/\/schema.org","@graph":[{"@type":"WebPage","@id":"https:\/\/respiart.ca\/shop\/airtouch-n20-mask\/","url":"https:\/\/respiart.ca\/shop\/airtouch-n20-mask\/","name":"Masque AirTouch\u2122 N20 | Respiart - Th\u00e9rapeute respiratoire Montr\u00e9al","isPartOf":{"@id":"https:\/\/respiart.ca\/ar\/#website"},"primaryImageOfPage":{"@id":"https:\/\/respiart.ca\/shop\/airtouch-n20-mask\/#primaryimage"},"image":{"@id":"https:\/\/respiart.ca\/shop\/airtouch-n20-mask\/#primaryimage"},"thumbnailUrl":"https:\/\/respiart.ca\/wp-content\/uploads\/2025\/12\/AirTouch\u2122-N20-Mask.webp","datePublished":"2025-12-19T11:46:31+00:00","dateModified":"2025-12-21T17:18:32+00:00","description":"Le masque nasal ResMed AirTouch N20 allie le confort de la mousse \u00e0 m\u00e9moire de forme UltraSoft \u00e0 une structure l\u00e9g\u00e8re et discr\u00e8te pour une \u00e9tanch\u00e9it\u00e9 optimale et douce lors de la th\u00e9rapie CPAP. Disponible en tailles S, M et L pour s&#039;adapter \u00e0 diff\u00e9rentes morphologies faciales.","breadcrumb":{"@id":"https:\/\/respiart.ca\/shop\/airtouch-n20-mask\/#breadcrumb"},"inLanguage":"fr-CA","potentialAction":[{"@type":"ReadAction","target":["https:\/\/respiart.ca\/shop\/airtouch-n20-mask\/"]}]},{"@type":"ImageObject","inLanguage":"fr-CA","@id":"https:\/\/respiart.ca\/shop\/airtouch-n20-mask\/#primaryimage","url":"https:\/\/respiart.ca\/wp-content\/uploads\/2025\/12\/AirTouch\u2122-N20-Mask.webp","contentUrl":"https:\/\/respiart.ca\/wp-content\/uploads\/2025\/12\/AirTouch\u2122-N20-Mask.webp","width":2048,"height":2048},{"@type":"BreadcrumbList","@id":"https:\/\/respiart.ca\/shop\/airtouch-n20-mask\/#breadcrumb","itemListElement":[{"@type":"ListItem","position":1,"name":"Home","item":"https:\/\/respiart.ca\/"},{"@type":"ListItem","position":2,"name":"Shop CPAP","item":"https:\/\/respiart.ca\/ar\/%d9%85%d8%aa%d8%ac%d8%b1-cpap\/"},{"@type":"ListItem","position":3,"name":"AirTouch\u2122 N20 Mask"}]},{"@type":"WebSite","@id":"https:\/\/respiart.ca\/ar\/#website","url":"https:\/\/respiart.ca\/ar\/","name":"RespiArt - Apn\u00e9e du sommeil et CPAP","description":"CPAP et tests pour l&#039;apn\u00e9e du sommeil, l&#039;asthme, l&#039;oxym\u00e9trie","publisher":{"@id":"https:\/\/respiart.ca\/ar\/#organization"},"potentialAction":[{"@type":"SearchAction","target":{"@type":"EntryPoint","urlTemplate":"https:\/\/respiart.ca\/ar\/?s={search_term_string}"},"query-input":{"@type":"PropertyValueSpecification","valueRequired":true,"valueName":"search_term_string"}}],"inLanguage":"fr-CA"},{"@type":"Organization","@id":"https:\/\/respiart.ca\/ar\/#organization","name":"RespiArt - Apn\u00e9e du sommeil et CPAP","url":"https:\/\/respiart.ca\/ar\/","logo":{"@type":"ImageObject","inLanguage":"fr-CA","@id":"https:\/\/respiart.ca\/ar\/#\/schema\/logo\/image\/","url":"https:\/\/respiart.ca\/wp-content\/uploads\/2022\/05\/Respiart-logo-1-e1651540192142.png","contentUrl":"https:\/\/respiart.ca\/wp-content\/uploads\/2022\/05\/Respiart-logo-1-e1651540192142.png","width":237,"height":61,"caption":"RespiArt - Sleep apnea & CPAPs"},"image":{"@id":"https:\/\/respiart.ca\/ar\/#\/schema\/logo\/image\/"}}]}},"_links":{"self":[{"href":"https:\/\/respiart.ca\/fr\/wp-json\/wp\/v2\/product\/5923","targetHints":{"allow":["GET"]}}],"collection":[{"href":"https:\/\/respiart.ca\/fr\/wp-json\/wp\/v2\/product"}],"about":[{"href":"https:\/\/respiart.ca\/fr\/wp-json\/wp\/v2\/types\/product"}],"replies":[{"embeddable":true,"href":"https:\/\/respiart.ca\/fr\/wp-json\/wp\/v2\/comments?post=5923"}],"wp:featuredmedia":[{"embeddable":true,"href":"https:\/\/respiart.ca\/fr\/wp-json\/wp\/v2\/media\/6106"}],"wp:attachment":[{"href":"https:\/\/respiart.ca\/fr\/wp-json\/wp\/v2\/media?parent=5923"}],"wp:term":[{"taxonomy":"product_brand","embeddable":true,"href":"https:\/\/respiart.ca\/fr\/wp-json\/wp\/v2\/product_brand?post=5923"},{"taxonomy":"product_cat","embeddable":true,"href":"https:\/\/respiart.ca\/fr\/wp-json\/wp\/v2\/product_cat?post=5923"},{"taxonomy":"product_tag","embeddable":true,"href":"https:\/\/respiart.ca\/fr\/wp-json\/wp\/v2\/product_tag?post=5923"}],"curies":[{"name":"wp","href":"https:\/\/api.w.org\/{rel}","templated":true}]}}