{"id":5926,"date":"2025-12-19T11:46:52","date_gmt":"2025-12-19T11:46:52","guid":{"rendered":"http:\/\/f4i.0cc.mytemp.website\/shop\/airtouch-n20-cushion-small\/"},"modified":"2025-12-21T17:03:07","modified_gmt":"2025-12-21T17:03:07","slug":"coussin-airtouch-n20","status":"publish","type":"product","link":"https:\/\/respiart.ca\/fr\/shop\/airtouch-n20-cushion\/","title":{"rendered":"Coussin AirTouch\u2122 N20"},"content":{"rendered":"<h2 data-start=\"554\" data-end=\"567\">Aper\u00e7u<\/h2>\n<p data-start=\"568\" data-end=\"848\">Le coussin de remplacement AirTouch N20 offre une solution id\u00e9ale pour retrouver confort et efficacit\u00e9 avec votre masque nasal ResMed N20. Fabriqu\u00e9 en mousse \u00e0 m\u00e9moire de forme, il \u00e9pouse d\u00e9licatement les contours du visage et assure une \u00e9tanch\u00e9it\u00e9 optimale sans n\u00e9cessiter de serrage excessif.<\/p>\n<p data-start=\"850\" data-end=\"1130\">Contrairement aux coussinets en silicone classiques, la mousse \u00e0 m\u00e9moire de forme UltraSoft r\u00e9duit la pression sur l&#039;ar\u00eate du nez et les autres points de contact, ce qui la rend id\u00e9ale pour les peaux sensibles et une utilisation nocturne prolong\u00e9e. Un remplacement r\u00e9gulier contribue \u00e0 maintenir une bonne hygi\u00e8ne, la continuit\u00e9 du traitement et un confort durable.<\/p>\n<h2 data-start=\"1132\" data-end=\"1162\">Principales caract\u00e9ristiques et avantages<\/h2>\n<p data-start=\"1163\" data-end=\"1516\">Le coussin AirTouch N20 est bien plus qu&#039;une simple pi\u00e8ce de rechange. Sa mousse \u00e0 m\u00e9moire de forme s&#039;adapte dynamiquement aux contours du visage, assurant une \u00e9tanch\u00e9it\u00e9 douce et efficace qui am\u00e9liore l&#039;efficacit\u00e9 du traitement par PPC. L\u00e9ger et respirant, il garantit un confort optimal toute la nuit, tandis que sa durabilit\u00e9 assure des performances constantes dans le temps.<\/p>\n<p data-start=\"1518\" data-end=\"1744\">En r\u00e9duisant les points de pression et les irritations cutan\u00e9es, le coussin AirTouch N20 am\u00e9liore la qualit\u00e9 du sommeil et favorise une th\u00e9rapie ininterrompue, notamment pour les utilisateurs ayant connu des fuites ou un inconfort avec les alternatives en silicone.<\/p>\n<h2 data-start=\"1746\" data-end=\"1766\">Tailles disponibles<\/h2>\n<div class=\"TyagGW_tableContainer\">\n<div class=\"group TyagGW_tableWrapper flex w-fit flex-col-reverse\" tabindex=\"-1\">\n<table class=\"w-fit min-w-(--thread-content-width)\" data-start=\"1768\" data-end=\"2043\">\n<thead data-start=\"1768\" data-end=\"1802\">\n<tr data-start=\"1768\" data-end=\"1802\">\n<th data-start=\"1768\" data-end=\"1783\" data-col-size=\"sm\">Taille du coussin<\/th>\n<th data-start=\"1783\" data-end=\"1802\" data-col-size=\"md\">Taille recommand\u00e9e<\/th>\n<\/tr>\n<\/thead>\n<tbody data-start=\"1836\" data-end=\"2043\">\n<tr data-start=\"1836\" data-end=\"1907\">\n<td data-start=\"1836\" data-end=\"1844\" data-col-size=\"sm\">Petit<\/td>\n<td data-start=\"1844\" data-end=\"1907\" data-col-size=\"md\">Structures faciales \u00e9troites n\u00e9cessitant une \u00e9tanch\u00e9it\u00e9 s\u00fbre mais douce<\/td>\n<\/tr>\n<tr data-start=\"1908\" data-end=\"1968\">\n<td data-start=\"1908\" data-end=\"1917\" data-col-size=\"sm\">Moyen<\/td>\n<td data-start=\"1917\" data-end=\"1968\" data-col-size=\"md\">Pont nasal standard et formes faciales moyennes<\/td>\n<\/tr>\n<tr data-start=\"1969\" data-end=\"2043\">\n<td data-start=\"1969\" data-end=\"1977\" data-col-size=\"sm\">Grand<\/td>\n<td data-start=\"1977\" data-end=\"2043\" data-col-size=\"md\">Des structures faciales plus larges n\u00e9cessitent une couverture plus \u00e9tendue pour assurer la stabilit\u00e9.<\/td>\n<\/tr>\n<\/tbody>\n<\/table>\n<\/div>\n<\/div>\n<p data-start=\"2045\" data-end=\"2106\">Chaque taille est vendue individuellement et son prix varie en fonction de la coupe.<\/p>\n<h2 data-start=\"2108\" data-end=\"2126\">Compatibilit\u00e9<\/h2>\n<p data-start=\"2127\" data-end=\"2299\">\u2022 Con\u00e7ue exclusivement pour le syst\u00e8me de masque nasal ResMed AirTouch N20<br data-start=\"2195\" data-end=\"2198\" \/>\u2022 Non compatible avec les autres syst\u00e8mes de masques nasaux ou faciaux complets, y compris les masques AirFit N20 ou de la s\u00e9rie F<\/p>\n<h2 data-start=\"2301\" data-end=\"2326\">Entretien et maintenance<\/h2>\n<p data-start=\"2327\" data-end=\"2640\">\u2022 Essuyez quotidiennement le coussin en mousse \u00e0 m\u00e9moire de forme avec un chiffon l\u00e9g\u00e8rement humide\u00a0; ne le lavez pas et ne le trempez pas.<br data-start=\"2411\" data-end=\"2414\" \/>\u2022 S\u00e9cher \u00e0 l&#039;air libre, \u00e0 l&#039;abri de la lumi\u00e8re directe du soleil et des sources de chaleur.<br data-start=\"2465\" data-end=\"2468\" \/>\u2022 Remplacez le coussin tous les 30 jours, ou plus t\u00f4t si la mousse pr\u00e9sente des signes d&#039;usure ou une \u00e9tanch\u00e9it\u00e9 r\u00e9duite.<br data-start=\"2561\" data-end=\"2564\" \/>\u2022 Une inspection r\u00e9guli\u00e8re garantit l\u2019hygi\u00e8ne, le confort et la constance du traitement par PPC<\/p>\n<h2 data-start=\"2642\" data-end=\"2673\">Foire aux questions<\/h2>\n<p data-start=\"2675\" data-end=\"2918\"><strong data-start=\"2675\" data-end=\"2757\">Qu\u2019est-ce qui diff\u00e9rencie le coussin AirTouch N20 des coussins en silicone standard\u00a0?<\/strong><br data-start=\"2757\" data-end=\"2760\" \/>La mousse \u00e0 m\u00e9moire de forme UltraSoft s&#039;adapte aux contours du visage pour un ajustement plus naturel, r\u00e9duisant les points de pression et assurant une \u00e9tanch\u00e9it\u00e9 constante, contrairement au silicone.<\/p>\n<p data-start=\"2920\" data-end=\"3031\"><strong data-start=\"2920\" data-end=\"2947\">Puis-je laver le coussin ?<\/strong><br data-start=\"2947\" data-end=\"2950\" \/>Non. La mousse \u00e0 m\u00e9moire de forme ne doit pas \u00eatre tremp\u00e9e ni lav\u00e9e. Nettoyez-la d\u00e9licatement avec un chiffon humide.<\/p>\n<p data-start=\"3033\" data-end=\"3193\"><strong data-start=\"3033\" data-end=\"3076\">\u00c0 quelle fr\u00e9quence dois-je remplacer le coussin\u00a0?<\/strong><br data-start=\"3076\" data-end=\"3079\" \/>ResMed recommande un remplacement environ tous les 30 jours ou plus t\u00f4t si le coussin perd son \u00e9tanch\u00e9it\u00e9 ou pr\u00e9sente des signes d&#039;usure.<\/p>\n<p data-start=\"3195\" data-end=\"3350\"><strong data-start=\"3195\" data-end=\"3250\">Ce coussin est-il compatible avec d&#039;autres masques ResMed\u00a0?<\/strong><br data-start=\"3250\" data-end=\"3253\" \/>Non. Le coussin AirTouch N20 est exclusivement compatible avec le syst\u00e8me de masque nasal AirTouch N20.<\/p>\n<p data-start=\"3352\" data-end=\"3493\"><strong data-start=\"3352\" data-end=\"3409\">Ce produit comprend-il un harnais ou une armature de masque\u00a0?<\/strong><br data-start=\"3409\" data-end=\"3412\" \/>Non. Il s&#039;agit uniquement d&#039;un coussin de remplacement. Le harnais et le cadre sont vendus s\u00e9par\u00e9ment.<\/p>","protected":false},"excerpt":{"rendered":"<p>Le coussin de remplacement ResMed AirTouch N20 est con\u00e7u en mousse \u00e0 m\u00e9moire de forme UltraSoft pour un confort et un ajustement optimaux. Il assure une \u00e9tanch\u00e9it\u00e9 fiable pour la th\u00e9rapie CPAP tout en r\u00e9duisant les points de pression et les irritations du visage. Disponible en tailles S, M et L pour s&#039;adapter parfaitement \u00e0 votre masque.<\/p>","protected":false},"featured_media":6101,"comment_status":"open","ping_status":"closed","template":"","meta":[],"product_brand":[],"product_cat":[108],"product_tag":[],"class_list":{"0":"post-5926","1":"product","2":"type-product","3":"status-publish","4":"has-post-thumbnail","6":"product_cat-resmed","8":"first","9":"instock","10":"sale","11":"taxable","12":"shipping-taxable","13":"purchasable","14":"product-type-variable","15":"has-default-attributes"},"yoast_head":"<!-- This site is optimized with the Yoast SEO plugin v27.4 - https:\/\/yoast.com\/product\/yoast-seo-wordpress\/ -->\n<title>AirTouch\u2122 N20 Cushion | Respiart - Respiratory therapist Montreal<\/title>\n<meta name=\"description\" content=\"The ResMed AirTouch N20 Replacement Cushion is designed with UltraSoft memory foam for a comfortable and adaptive fit. It provides a reliable seal for CPAP therapy while reducing pressure points and facial irritation. Available in Small, Medium, and Large sizes to match your specific mask fit.\" \/>\n<meta name=\"robots\" content=\"index, follow, max-snippet:-1, max-image-preview:large, max-video-preview:-1\" \/>\n<link rel=\"canonical\" href=\"https:\/\/respiart.ca\/fr\/magasin\/coussin-airtouch-n20\/\" \/>\n<meta property=\"og:locale\" content=\"fr_CA\" \/>\n<meta property=\"og:type\" content=\"article\" \/>\n<meta property=\"og:title\" content=\"AirTouch\u2122 N20 Cushion | Respiart - Respiratory therapist Montreal\" \/>\n<meta property=\"og:description\" content=\"The ResMed AirTouch N20 Replacement Cushion is designed with UltraSoft memory foam for a comfortable and adaptive fit. It provides a reliable seal for CPAP therapy while reducing pressure points and facial irritation. Available in Small, Medium, and Large sizes to match your specific mask fit.\" \/>\n<meta property=\"og:url\" content=\"https:\/\/respiart.ca\/fr\/magasin\/coussin-airtouch-n20\/\" \/>\n<meta property=\"og:site_name\" content=\"Respiart - Respiratory therapist Montreal\" \/>\n<meta property=\"article:modified_time\" content=\"2025-12-21T17:03:07+00:00\" \/>\n<meta property=\"og:image\" content=\"https:\/\/respiart.ca\/wp-content\/uploads\/2025\/12\/AirTouch\u2122-N20-Cushion.jpg\" \/>\n\t<meta property=\"og:image:width\" content=\"225\" \/>\n\t<meta property=\"og:image:height\" content=\"225\" \/>\n\t<meta property=\"og:image:type\" content=\"image\/jpeg\" \/>\n<meta name=\"twitter:card\" content=\"summary_large_image\" \/>\n<meta name=\"twitter:label1\" content=\"Estimation du temps de lecture\" \/>\n\t<meta name=\"twitter:data1\" content=\"1 minute\" \/>\n<script type=\"application\/ld+json\" class=\"yoast-schema-graph\">{\"@context\":\"https:\\\/\\\/schema.org\",\"@graph\":[{\"@type\":\"WebPage\",\"@id\":\"https:\\\/\\\/respiart.ca\\\/shop\\\/airtouch-n20-cushion\\\/\",\"url\":\"https:\\\/\\\/respiart.ca\\\/shop\\\/airtouch-n20-cushion\\\/\",\"name\":\"AirTouch\u2122 N20 Cushion | Respiart - Respiratory therapist Montreal\",\"isPartOf\":{\"@id\":\"https:\\\/\\\/respiart.ca\\\/ar\\\/#website\"},\"primaryImageOfPage\":{\"@id\":\"https:\\\/\\\/respiart.ca\\\/shop\\\/airtouch-n20-cushion\\\/#primaryimage\"},\"image\":{\"@id\":\"https:\\\/\\\/respiart.ca\\\/shop\\\/airtouch-n20-cushion\\\/#primaryimage\"},\"thumbnailUrl\":\"https:\\\/\\\/respiart.ca\\\/wp-content\\\/uploads\\\/2025\\\/12\\\/AirTouch\u2122-N20-Cushion.jpg\",\"datePublished\":\"2025-12-19T11:46:52+00:00\",\"dateModified\":\"2025-12-21T17:03:07+00:00\",\"description\":\"The ResMed AirTouch N20 Replacement Cushion is designed with UltraSoft memory foam for a comfortable and adaptive fit. It provides a reliable seal for CPAP therapy while reducing pressure points and facial irritation. Available in Small, Medium, and Large sizes to match your specific mask fit.\",\"breadcrumb\":{\"@id\":\"https:\\\/\\\/respiart.ca\\\/shop\\\/airtouch-n20-cushion\\\/#breadcrumb\"},\"inLanguage\":\"fr-CA\",\"potentialAction\":[{\"@type\":\"ReadAction\",\"target\":[\"https:\\\/\\\/respiart.ca\\\/shop\\\/airtouch-n20-cushion\\\/\"]}]},{\"@type\":\"ImageObject\",\"inLanguage\":\"fr-CA\",\"@id\":\"https:\\\/\\\/respiart.ca\\\/shop\\\/airtouch-n20-cushion\\\/#primaryimage\",\"url\":\"https:\\\/\\\/respiart.ca\\\/wp-content\\\/uploads\\\/2025\\\/12\\\/AirTouch\u2122-N20-Cushion.jpg\",\"contentUrl\":\"https:\\\/\\\/respiart.ca\\\/wp-content\\\/uploads\\\/2025\\\/12\\\/AirTouch\u2122-N20-Cushion.jpg\",\"width\":225,\"height\":225},{\"@type\":\"BreadcrumbList\",\"@id\":\"https:\\\/\\\/respiart.ca\\\/shop\\\/airtouch-n20-cushion\\\/#breadcrumb\",\"itemListElement\":[{\"@type\":\"ListItem\",\"position\":1,\"name\":\"Home\",\"item\":\"https:\\\/\\\/respiart.ca\\\/\"},{\"@type\":\"ListItem\",\"position\":2,\"name\":\"Shop CPAP\",\"item\":\"https:\\\/\\\/respiart.ca\\\/shop-cpap\\\/\"},{\"@type\":\"ListItem\",\"position\":3,\"name\":\"AirTouch\u2122 N20 Cushion\"}]},{\"@type\":\"WebSite\",\"@id\":\"https:\\\/\\\/respiart.ca\\\/ar\\\/#website\",\"url\":\"https:\\\/\\\/respiart.ca\\\/ar\\\/\",\"name\":\"RespiArt - Sleep apnea & CPAPs\",\"description\":\"CPAPs and tests for sleep apnea, asthma, oximetry\",\"publisher\":{\"@id\":\"https:\\\/\\\/respiart.ca\\\/ar\\\/#organization\"},\"potentialAction\":[{\"@type\":\"SearchAction\",\"target\":{\"@type\":\"EntryPoint\",\"urlTemplate\":\"https:\\\/\\\/respiart.ca\\\/ar\\\/?s={search_term_string}\"},\"query-input\":{\"@type\":\"PropertyValueSpecification\",\"valueRequired\":true,\"valueName\":\"search_term_string\"}}],\"inLanguage\":\"fr-CA\"},{\"@type\":\"Organization\",\"@id\":\"https:\\\/\\\/respiart.ca\\\/ar\\\/#organization\",\"name\":\"RespiArt - Sleep apnea & CPAPs\",\"url\":\"https:\\\/\\\/respiart.ca\\\/ar\\\/\",\"logo\":{\"@type\":\"ImageObject\",\"inLanguage\":\"fr-CA\",\"@id\":\"https:\\\/\\\/respiart.ca\\\/ar\\\/#\\\/schema\\\/logo\\\/image\\\/\",\"url\":\"https:\\\/\\\/respiart.ca\\\/wp-content\\\/uploads\\\/2022\\\/05\\\/Respiart-logo-1-e1651540192142.png\",\"contentUrl\":\"https:\\\/\\\/respiart.ca\\\/wp-content\\\/uploads\\\/2022\\\/05\\\/Respiart-logo-1-e1651540192142.png\",\"width\":237,\"height\":61,\"caption\":\"RespiArt - Sleep apnea & CPAPs\"},\"image\":{\"@id\":\"https:\\\/\\\/respiart.ca\\\/ar\\\/#\\\/schema\\\/logo\\\/image\\\/\"}}]}<\/script>\n<!-- \/ Yoast SEO plugin. -->","yoast_head_json":{"title":"Coussin AirTouch\u2122 N20 | Respiart - Th\u00e9rapeute respiratoire Montr\u00e9al","description":"Le coussin de remplacement ResMed AirTouch N20 est con\u00e7u en mousse \u00e0 m\u00e9moire de forme UltraSoft pour un confort et un ajustement optimaux. Il assure une \u00e9tanch\u00e9it\u00e9 fiable pour la th\u00e9rapie CPAP tout en r\u00e9duisant les points de pression et les irritations du visage. Disponible en tailles S, M et L pour s&#039;adapter parfaitement \u00e0 votre masque.","robots":{"index":"index","follow":"follow","max-snippet":"max-snippet:-1","max-image-preview":"max-image-preview:large","max-video-preview":"max-video-preview:-1"},"canonical":"https:\/\/respiart.ca\/fr\/magasin\/coussin-airtouch-n20\/","og_locale":"fr_CA","og_type":"article","og_title":"AirTouch\u2122 N20 Cushion | Respiart - Respiratory therapist Montreal","og_description":"The ResMed AirTouch N20 Replacement Cushion is designed with UltraSoft memory foam for a comfortable and adaptive fit. It provides a reliable seal for CPAP therapy while reducing pressure points and facial irritation. Available in Small, Medium, and Large sizes to match your specific mask fit.","og_url":"https:\/\/respiart.ca\/fr\/magasin\/coussin-airtouch-n20\/","og_site_name":"Respiart - Respiratory therapist Montreal","article_modified_time":"2025-12-21T17:03:07+00:00","og_image":[{"width":225,"height":225,"url":"https:\/\/respiart.ca\/wp-content\/uploads\/2025\/12\/AirTouch\u2122-N20-Cushion.jpg","type":"image\/jpeg"}],"twitter_card":"summary_large_image","twitter_misc":{"Estimation du temps de lecture":"1 minute"},"schema":{"@context":"https:\/\/schema.org","@graph":[{"@type":"WebPage","@id":"https:\/\/respiart.ca\/shop\/airtouch-n20-cushion\/","url":"https:\/\/respiart.ca\/shop\/airtouch-n20-cushion\/","name":"Coussin AirTouch\u2122 N20 | Respiart - Th\u00e9rapeute respiratoire Montr\u00e9al","isPartOf":{"@id":"https:\/\/respiart.ca\/ar\/#website"},"primaryImageOfPage":{"@id":"https:\/\/respiart.ca\/shop\/airtouch-n20-cushion\/#primaryimage"},"image":{"@id":"https:\/\/respiart.ca\/shop\/airtouch-n20-cushion\/#primaryimage"},"thumbnailUrl":"https:\/\/respiart.ca\/wp-content\/uploads\/2025\/12\/AirTouch\u2122-N20-Cushion.jpg","datePublished":"2025-12-19T11:46:52+00:00","dateModified":"2025-12-21T17:03:07+00:00","description":"Le coussin de remplacement ResMed AirTouch N20 est con\u00e7u en mousse \u00e0 m\u00e9moire de forme UltraSoft pour un confort et un ajustement optimaux. Il assure une \u00e9tanch\u00e9it\u00e9 fiable pour la th\u00e9rapie CPAP tout en r\u00e9duisant les points de pression et les irritations du visage. Disponible en tailles S, M et L pour s&#039;adapter parfaitement \u00e0 votre masque.","breadcrumb":{"@id":"https:\/\/respiart.ca\/shop\/airtouch-n20-cushion\/#breadcrumb"},"inLanguage":"fr-CA","potentialAction":[{"@type":"ReadAction","target":["https:\/\/respiart.ca\/shop\/airtouch-n20-cushion\/"]}]},{"@type":"ImageObject","inLanguage":"fr-CA","@id":"https:\/\/respiart.ca\/shop\/airtouch-n20-cushion\/#primaryimage","url":"https:\/\/respiart.ca\/wp-content\/uploads\/2025\/12\/AirTouch\u2122-N20-Cushion.jpg","contentUrl":"https:\/\/respiart.ca\/wp-content\/uploads\/2025\/12\/AirTouch\u2122-N20-Cushion.jpg","width":225,"height":225},{"@type":"BreadcrumbList","@id":"https:\/\/respiart.ca\/shop\/airtouch-n20-cushion\/#breadcrumb","itemListElement":[{"@type":"ListItem","position":1,"name":"Home","item":"https:\/\/respiart.ca\/"},{"@type":"ListItem","position":2,"name":"Shop CPAP","item":"https:\/\/respiart.ca\/shop-cpap\/"},{"@type":"ListItem","position":3,"name":"AirTouch\u2122 N20 Cushion"}]},{"@type":"WebSite","@id":"https:\/\/respiart.ca\/ar\/#website","url":"https:\/\/respiart.ca\/ar\/","name":"RespiArt - Apn\u00e9e du sommeil et CPAP","description":"CPAP et tests pour l&#039;apn\u00e9e du sommeil, l&#039;asthme, l&#039;oxym\u00e9trie","publisher":{"@id":"https:\/\/respiart.ca\/ar\/#organization"},"potentialAction":[{"@type":"SearchAction","target":{"@type":"EntryPoint","urlTemplate":"https:\/\/respiart.ca\/ar\/?s={search_term_string}"},"query-input":{"@type":"PropertyValueSpecification","valueRequired":true,"valueName":"search_term_string"}}],"inLanguage":"fr-CA"},{"@type":"Organization","@id":"https:\/\/respiart.ca\/ar\/#organization","name":"RespiArt - Apn\u00e9e du sommeil et CPAP","url":"https:\/\/respiart.ca\/ar\/","logo":{"@type":"ImageObject","inLanguage":"fr-CA","@id":"https:\/\/respiart.ca\/ar\/#\/schema\/logo\/image\/","url":"https:\/\/respiart.ca\/wp-content\/uploads\/2022\/05\/Respiart-logo-1-e1651540192142.png","contentUrl":"https:\/\/respiart.ca\/wp-content\/uploads\/2022\/05\/Respiart-logo-1-e1651540192142.png","width":237,"height":61,"caption":"RespiArt - Sleep apnea & CPAPs"},"image":{"@id":"https:\/\/respiart.ca\/ar\/#\/schema\/logo\/image\/"}}]}},"_links":{"self":[{"href":"https:\/\/respiart.ca\/fr\/wp-json\/wp\/v2\/product\/5926","targetHints":{"allow":["GET"]}}],"collection":[{"href":"https:\/\/respiart.ca\/fr\/wp-json\/wp\/v2\/product"}],"about":[{"href":"https:\/\/respiart.ca\/fr\/wp-json\/wp\/v2\/types\/product"}],"replies":[{"embeddable":true,"href":"https:\/\/respiart.ca\/fr\/wp-json\/wp\/v2\/comments?post=5926"}],"wp:featuredmedia":[{"embeddable":true,"href":"https:\/\/respiart.ca\/fr\/wp-json\/wp\/v2\/media\/6101"}],"wp:attachment":[{"href":"https:\/\/respiart.ca\/fr\/wp-json\/wp\/v2\/media?parent=5926"}],"wp:term":[{"taxonomy":"product_brand","embeddable":true,"href":"https:\/\/respiart.ca\/fr\/wp-json\/wp\/v2\/product_brand?post=5926"},{"taxonomy":"product_cat","embeddable":true,"href":"https:\/\/respiart.ca\/fr\/wp-json\/wp\/v2\/product_cat?post=5926"},{"taxonomy":"product_tag","embeddable":true,"href":"https:\/\/respiart.ca\/fr\/wp-json\/wp\/v2\/product_tag?post=5926"}],"curies":[{"name":"wp","href":"https:\/\/api.w.org\/{rel}","templated":true}]}}