{"id":5934,"date":"2025-12-19T11:47:46","date_gmt":"2025-12-19T11:47:46","guid":{"rendered":"http:\/\/f4i.0cc.mytemp.website\/shop\/airfit-f40-system-m-lge\/"},"modified":"2025-12-21T16:43:46","modified_gmt":"2025-12-21T16:43:46","slug":"systeme-airfit-f40","status":"publish","type":"product","link":"https:\/\/respiart.ca\/fr\/shop\/airfit-f40-system\/","title":{"rendered":"Syst\u00e8me AirFit\u2122 F40"},"content":{"rendered":"<p data-start=\"540\" data-end=\"775\">Le syst\u00e8me de masque AirFit F40 associe une armature flexible \u00e0 des coussinets en silicone souple pour un maintien confortable et s\u00fbr. Son design discret et son raccord de tuyau frontal permettent \u00e0 l&#039;utilisateur de dormir dans diff\u00e9rentes positions tout en assurant une \u00e9tanch\u00e9it\u00e9 optimale.<\/p>\n<p data-start=\"777\" data-end=\"901\">Disponible en plusieurs combinaisons de cadre et de coussin, l&#039;AirFit F40 assure un ajustement et des performances optimales pour tous les utilisateurs de CPAP.<\/p>\n<h2 data-start=\"903\" data-end=\"920\">Principaux avantages<\/h2>\n<p data-start=\"921\" data-end=\"1167\">\u2022 Coussinet en silicone souple pour une \u00e9tanch\u00e9it\u00e9 fiable et un confort optimal<br data-start=\"974\" data-end=\"977\" \/>\u2022 La structure flexible r\u00e9duit la pression faciale<br data-start=\"1017\" data-end=\"1020\" \/>\u2022 Un syst\u00e8me de ventilation silencieux minimise les perturbations du sommeil<br data-start=\"1070\" data-end=\"1073\" \/>\u2022 Convient aux personnes dormant sur le c\u00f4t\u00e9, sur le dos et sur le ventre<br data-start=\"1120\" data-end=\"1123\" \/>\u2022 Serre-t\u00eate ajustable pour un ajustement personnalis\u00e9<\/p>\n<h2 data-start=\"1169\" data-end=\"1182\">Fonctionnalit\u00e9s<\/h2>\n<p data-start=\"1183\" data-end=\"1419\">\u2022 Coude \u00e0 d\u00e9gagement rapide pour un retrait facile du masque<br data-start=\"1226\" data-end=\"1229\" \/>\u2022 Raccord de tuyau avant compatible avec les tubulures CPAP standard<br data-start=\"1289\" data-end=\"1292\" \/>\u2022 Coussins con\u00e7us pour assurer une \u00e9tanch\u00e9it\u00e9 constante quelles que soient les pressions th\u00e9rapeutiques<br data-start=\"1359\" data-end=\"1362\" \/>\u2022 Le cadre assure la stabilit\u00e9 sans restreindre les mouvements<\/p>","protected":false},"excerpt":{"rendered":"<p>Le syst\u00e8me de masque ResMed AirFit F40 est un masque CPAP facial complet con\u00e7u pour le confort, la stabilit\u00e9 et une th\u00e9rapie fiable. Gr\u00e2ce \u00e0 ses coussinets en silicone souple et \u00e0 son harnais r\u00e9glable, il assure une \u00e9tanch\u00e9it\u00e9 optimale et s&#039;adapte \u00e0 diff\u00e9rentes morphologies de visage.<\/p>","protected":false},"featured_media":6082,"comment_status":"open","ping_status":"closed","template":"","meta":[],"product_brand":[],"product_cat":[108],"product_tag":[],"class_list":{"0":"post-5934","1":"product","2":"type-product","3":"status-publish","4":"has-post-thumbnail","6":"product_cat-resmed","8":"first","9":"instock","10":"sale","11":"taxable","12":"shipping-taxable","13":"purchasable","14":"product-type-variable"},"yoast_head":"<!-- This site is optimized with the Yoast SEO plugin v27.3 - https:\/\/yoast.com\/product\/yoast-seo-wordpress\/ -->\n<title>AirFit\u2122 F40 System | Respiart - Respiratory therapist Montreal<\/title>\n<meta name=\"description\" content=\"The ResMed AirFit F40 Mask System is a full face CPAP mask engineered for comfort, stability, and reliable therapy. With soft silicone cushions and adjustable headgear, it provides a secure seal while accommodating multiple face sizes and shapes.\" \/>\n<meta name=\"robots\" content=\"index, follow, max-snippet:-1, max-image-preview:large, max-video-preview:-1\" \/>\n<link rel=\"canonical\" href=\"https:\/\/respiart.ca\/fr\/magasin\/systeme-airfit-f40\/\" \/>\n<meta property=\"og:locale\" content=\"fr_CA\" \/>\n<meta property=\"og:type\" content=\"article\" \/>\n<meta property=\"og:title\" content=\"AirFit\u2122 F40 System | Respiart - Respiratory therapist Montreal\" \/>\n<meta property=\"og:description\" content=\"The ResMed AirFit F40 Mask System is a full face CPAP mask engineered for comfort, stability, and reliable therapy. With soft silicone cushions and adjustable headgear, it provides a secure seal while accommodating multiple face sizes and shapes.\" \/>\n<meta property=\"og:url\" content=\"https:\/\/respiart.ca\/fr\/magasin\/systeme-airfit-f40\/\" \/>\n<meta property=\"og:site_name\" content=\"Respiart - Respiratory therapist Montreal\" \/>\n<meta property=\"article:modified_time\" content=\"2025-12-21T16:43:46+00:00\" \/>\n<meta property=\"og:image\" content=\"https:\/\/respiart.ca\/wp-content\/uploads\/2025\/12\/AirFit_F40-Front-Standard_Headgear-Small_cushion-Diffuse_1.webp\" \/>\n\t<meta property=\"og:image:width\" content=\"600\" \/>\n\t<meta property=\"og:image:height\" content=\"600\" \/>\n\t<meta property=\"og:image:type\" content=\"image\/webp\" \/>\n<meta name=\"twitter:card\" content=\"summary_large_image\" \/>\n<meta name=\"twitter:label1\" content=\"Estimation du temps de lecture\" \/>\n\t<meta name=\"twitter:data1\" content=\"1 minute\" \/>\n<script type=\"application\/ld+json\" class=\"yoast-schema-graph\">{\"@context\":\"https:\\\/\\\/schema.org\",\"@graph\":[{\"@type\":\"WebPage\",\"@id\":\"https:\\\/\\\/respiart.ca\\\/shop\\\/airfit-f40-system\\\/\",\"url\":\"https:\\\/\\\/respiart.ca\\\/shop\\\/airfit-f40-system\\\/\",\"name\":\"AirFit\u2122 F40 System | Respiart - Respiratory therapist Montreal\",\"isPartOf\":{\"@id\":\"https:\\\/\\\/respiart.ca\\\/ar\\\/#website\"},\"primaryImageOfPage\":{\"@id\":\"https:\\\/\\\/respiart.ca\\\/shop\\\/airfit-f40-system\\\/#primaryimage\"},\"image\":{\"@id\":\"https:\\\/\\\/respiart.ca\\\/shop\\\/airfit-f40-system\\\/#primaryimage\"},\"thumbnailUrl\":\"https:\\\/\\\/respiart.ca\\\/wp-content\\\/uploads\\\/2025\\\/12\\\/AirFit_F40-Front-Standard_Headgear-Small_cushion-Diffuse_1.webp\",\"datePublished\":\"2025-12-19T11:47:46+00:00\",\"dateModified\":\"2025-12-21T16:43:46+00:00\",\"description\":\"The ResMed AirFit F40 Mask System is a full face CPAP mask engineered for comfort, stability, and reliable therapy. With soft silicone cushions and adjustable headgear, it provides a secure seal while accommodating multiple face sizes and shapes.\",\"breadcrumb\":{\"@id\":\"https:\\\/\\\/respiart.ca\\\/shop\\\/airfit-f40-system\\\/#breadcrumb\"},\"inLanguage\":\"fr-CA\",\"potentialAction\":[{\"@type\":\"ReadAction\",\"target\":[\"https:\\\/\\\/respiart.ca\\\/shop\\\/airfit-f40-system\\\/\"]}]},{\"@type\":\"ImageObject\",\"inLanguage\":\"fr-CA\",\"@id\":\"https:\\\/\\\/respiart.ca\\\/shop\\\/airfit-f40-system\\\/#primaryimage\",\"url\":\"https:\\\/\\\/respiart.ca\\\/wp-content\\\/uploads\\\/2025\\\/12\\\/AirFit_F40-Front-Standard_Headgear-Small_cushion-Diffuse_1.webp\",\"contentUrl\":\"https:\\\/\\\/respiart.ca\\\/wp-content\\\/uploads\\\/2025\\\/12\\\/AirFit_F40-Front-Standard_Headgear-Small_cushion-Diffuse_1.webp\",\"width\":600,\"height\":600},{\"@type\":\"BreadcrumbList\",\"@id\":\"https:\\\/\\\/respiart.ca\\\/shop\\\/airfit-f40-system\\\/#breadcrumb\",\"itemListElement\":[{\"@type\":\"ListItem\",\"position\":1,\"name\":\"Home\",\"item\":\"https:\\\/\\\/respiart.ca\\\/\"},{\"@type\":\"ListItem\",\"position\":2,\"name\":\"Shop CPAP\",\"item\":\"https:\\\/\\\/respiart.ca\\\/ar\\\/%d9%85%d8%aa%d8%ac%d8%b1-cpap\\\/\"},{\"@type\":\"ListItem\",\"position\":3,\"name\":\"AirFit\u2122 F40 System\"}]},{\"@type\":\"WebSite\",\"@id\":\"https:\\\/\\\/respiart.ca\\\/ar\\\/#website\",\"url\":\"https:\\\/\\\/respiart.ca\\\/ar\\\/\",\"name\":\"RespiArt - Sleep apnea & CPAPs\",\"description\":\"CPAPs and tests for sleep apnea, asthma, oximetry\",\"publisher\":{\"@id\":\"https:\\\/\\\/respiart.ca\\\/ar\\\/#organization\"},\"potentialAction\":[{\"@type\":\"SearchAction\",\"target\":{\"@type\":\"EntryPoint\",\"urlTemplate\":\"https:\\\/\\\/respiart.ca\\\/ar\\\/?s={search_term_string}\"},\"query-input\":{\"@type\":\"PropertyValueSpecification\",\"valueRequired\":true,\"valueName\":\"search_term_string\"}}],\"inLanguage\":\"fr-CA\"},{\"@type\":\"Organization\",\"@id\":\"https:\\\/\\\/respiart.ca\\\/ar\\\/#organization\",\"name\":\"RespiArt - Sleep apnea & CPAPs\",\"url\":\"https:\\\/\\\/respiart.ca\\\/ar\\\/\",\"logo\":{\"@type\":\"ImageObject\",\"inLanguage\":\"fr-CA\",\"@id\":\"https:\\\/\\\/respiart.ca\\\/ar\\\/#\\\/schema\\\/logo\\\/image\\\/\",\"url\":\"https:\\\/\\\/respiart.ca\\\/wp-content\\\/uploads\\\/2022\\\/05\\\/Respiart-logo-1-e1651540192142.png\",\"contentUrl\":\"https:\\\/\\\/respiart.ca\\\/wp-content\\\/uploads\\\/2022\\\/05\\\/Respiart-logo-1-e1651540192142.png\",\"width\":237,\"height\":61,\"caption\":\"RespiArt - Sleep apnea & CPAPs\"},\"image\":{\"@id\":\"https:\\\/\\\/respiart.ca\\\/ar\\\/#\\\/schema\\\/logo\\\/image\\\/\"}}]}<\/script>\n<!-- \/ Yoast SEO plugin. -->","yoast_head_json":{"title":"Syst\u00e8me AirFit\u2122 F40 | Respiart - Th\u00e9rapeute respiratoire Montr\u00e9al","description":"Le syst\u00e8me de masque ResMed AirFit F40 est un masque CPAP facial complet con\u00e7u pour le confort, la stabilit\u00e9 et une th\u00e9rapie fiable. Gr\u00e2ce \u00e0 ses coussinets en silicone souple et \u00e0 son harnais r\u00e9glable, il assure une \u00e9tanch\u00e9it\u00e9 optimale et s&#039;adapte \u00e0 diff\u00e9rentes morphologies de visage.","robots":{"index":"index","follow":"follow","max-snippet":"max-snippet:-1","max-image-preview":"max-image-preview:large","max-video-preview":"max-video-preview:-1"},"canonical":"https:\/\/respiart.ca\/fr\/magasin\/systeme-airfit-f40\/","og_locale":"fr_CA","og_type":"article","og_title":"AirFit\u2122 F40 System | Respiart - Respiratory therapist Montreal","og_description":"The ResMed AirFit F40 Mask System is a full face CPAP mask engineered for comfort, stability, and reliable therapy. With soft silicone cushions and adjustable headgear, it provides a secure seal while accommodating multiple face sizes and shapes.","og_url":"https:\/\/respiart.ca\/fr\/magasin\/systeme-airfit-f40\/","og_site_name":"Respiart - Respiratory therapist Montreal","article_modified_time":"2025-12-21T16:43:46+00:00","og_image":[{"width":600,"height":600,"url":"https:\/\/respiart.ca\/wp-content\/uploads\/2025\/12\/AirFit_F40-Front-Standard_Headgear-Small_cushion-Diffuse_1.webp","type":"image\/webp"}],"twitter_card":"summary_large_image","twitter_misc":{"Estimation du temps de lecture":"1 minute"},"schema":{"@context":"https:\/\/schema.org","@graph":[{"@type":"WebPage","@id":"https:\/\/respiart.ca\/shop\/airfit-f40-system\/","url":"https:\/\/respiart.ca\/shop\/airfit-f40-system\/","name":"Syst\u00e8me AirFit\u2122 F40 | Respiart - Th\u00e9rapeute respiratoire Montr\u00e9al","isPartOf":{"@id":"https:\/\/respiart.ca\/ar\/#website"},"primaryImageOfPage":{"@id":"https:\/\/respiart.ca\/shop\/airfit-f40-system\/#primaryimage"},"image":{"@id":"https:\/\/respiart.ca\/shop\/airfit-f40-system\/#primaryimage"},"thumbnailUrl":"https:\/\/respiart.ca\/wp-content\/uploads\/2025\/12\/AirFit_F40-Front-Standard_Headgear-Small_cushion-Diffuse_1.webp","datePublished":"2025-12-19T11:47:46+00:00","dateModified":"2025-12-21T16:43:46+00:00","description":"Le syst\u00e8me de masque ResMed AirFit F40 est un masque CPAP facial complet con\u00e7u pour le confort, la stabilit\u00e9 et une th\u00e9rapie fiable. Gr\u00e2ce \u00e0 ses coussinets en silicone souple et \u00e0 son harnais r\u00e9glable, il assure une \u00e9tanch\u00e9it\u00e9 optimale et s&#039;adapte \u00e0 diff\u00e9rentes morphologies de visage.","breadcrumb":{"@id":"https:\/\/respiart.ca\/shop\/airfit-f40-system\/#breadcrumb"},"inLanguage":"fr-CA","potentialAction":[{"@type":"ReadAction","target":["https:\/\/respiart.ca\/shop\/airfit-f40-system\/"]}]},{"@type":"ImageObject","inLanguage":"fr-CA","@id":"https:\/\/respiart.ca\/shop\/airfit-f40-system\/#primaryimage","url":"https:\/\/respiart.ca\/wp-content\/uploads\/2025\/12\/AirFit_F40-Front-Standard_Headgear-Small_cushion-Diffuse_1.webp","contentUrl":"https:\/\/respiart.ca\/wp-content\/uploads\/2025\/12\/AirFit_F40-Front-Standard_Headgear-Small_cushion-Diffuse_1.webp","width":600,"height":600},{"@type":"BreadcrumbList","@id":"https:\/\/respiart.ca\/shop\/airfit-f40-system\/#breadcrumb","itemListElement":[{"@type":"ListItem","position":1,"name":"Home","item":"https:\/\/respiart.ca\/"},{"@type":"ListItem","position":2,"name":"Shop CPAP","item":"https:\/\/respiart.ca\/ar\/%d9%85%d8%aa%d8%ac%d8%b1-cpap\/"},{"@type":"ListItem","position":3,"name":"AirFit\u2122 F40 System"}]},{"@type":"WebSite","@id":"https:\/\/respiart.ca\/ar\/#website","url":"https:\/\/respiart.ca\/ar\/","name":"RespiArt - Apn\u00e9e du sommeil et CPAP","description":"CPAP et tests pour l&#039;apn\u00e9e du sommeil, l&#039;asthme, l&#039;oxym\u00e9trie","publisher":{"@id":"https:\/\/respiart.ca\/ar\/#organization"},"potentialAction":[{"@type":"SearchAction","target":{"@type":"EntryPoint","urlTemplate":"https:\/\/respiart.ca\/ar\/?s={search_term_string}"},"query-input":{"@type":"PropertyValueSpecification","valueRequired":true,"valueName":"search_term_string"}}],"inLanguage":"fr-CA"},{"@type":"Organization","@id":"https:\/\/respiart.ca\/ar\/#organization","name":"RespiArt - Apn\u00e9e du sommeil et CPAP","url":"https:\/\/respiart.ca\/ar\/","logo":{"@type":"ImageObject","inLanguage":"fr-CA","@id":"https:\/\/respiart.ca\/ar\/#\/schema\/logo\/image\/","url":"https:\/\/respiart.ca\/wp-content\/uploads\/2022\/05\/Respiart-logo-1-e1651540192142.png","contentUrl":"https:\/\/respiart.ca\/wp-content\/uploads\/2022\/05\/Respiart-logo-1-e1651540192142.png","width":237,"height":61,"caption":"RespiArt - Sleep apnea & CPAPs"},"image":{"@id":"https:\/\/respiart.ca\/ar\/#\/schema\/logo\/image\/"}}]}},"_links":{"self":[{"href":"https:\/\/respiart.ca\/fr\/wp-json\/wp\/v2\/product\/5934","targetHints":{"allow":["GET"]}}],"collection":[{"href":"https:\/\/respiart.ca\/fr\/wp-json\/wp\/v2\/product"}],"about":[{"href":"https:\/\/respiart.ca\/fr\/wp-json\/wp\/v2\/types\/product"}],"replies":[{"embeddable":true,"href":"https:\/\/respiart.ca\/fr\/wp-json\/wp\/v2\/comments?post=5934"}],"wp:featuredmedia":[{"embeddable":true,"href":"https:\/\/respiart.ca\/fr\/wp-json\/wp\/v2\/media\/6082"}],"wp:attachment":[{"href":"https:\/\/respiart.ca\/fr\/wp-json\/wp\/v2\/media?parent=5934"}],"wp:term":[{"taxonomy":"product_brand","embeddable":true,"href":"https:\/\/respiart.ca\/fr\/wp-json\/wp\/v2\/product_brand?post=5934"},{"taxonomy":"product_cat","embeddable":true,"href":"https:\/\/respiart.ca\/fr\/wp-json\/wp\/v2\/product_cat?post=5934"},{"taxonomy":"product_tag","embeddable":true,"href":"https:\/\/respiart.ca\/fr\/wp-json\/wp\/v2\/product_tag?post=5934"}],"curies":[{"name":"wp","href":"https:\/\/api.w.org\/{rel}","templated":true}]}}