{"id":5937,"date":"2025-12-19T11:48:05","date_gmt":"2025-12-19T11:48:05","guid":{"rendered":"http:\/\/f4i.0cc.mytemp.website\/shop\/airfit-f30i-standard-mask-system-medium-cushion\/"},"modified":"2025-12-21T16:33:29","modified_gmt":"2025-12-21T16:33:29","slug":"airfit-f30i","status":"publish","type":"product","link":"https:\/\/respiart.ca\/fr\/shop\/airfit-f30i\/","title":{"rendered":"AirFit\u2122 F30i"},"content":{"rendered":"<p data-start=\"505\" data-end=\"759\">Le syst\u00e8me de masque AirFit F30i associe une structure flexible \u00e0 des coussinets en silicone souple pour un confort et une stabilit\u00e9 optimaux lors de la th\u00e9rapie CPAP. Son raccord de tuyau situ\u00e9 sur le dessus de la t\u00eate permet de d\u00e9gager le passage du tuyau, ce qui le rend id\u00e9al pour les personnes dormant sur le c\u00f4t\u00e9, sur le dos ou qui bougent beaucoup.<\/p>\n<p data-start=\"761\" data-end=\"885\">Le syst\u00e8me de masque est disponible en diff\u00e9rentes tailles avec des options de coussin sp\u00e9cifiques pour assurer un ajustement optimal et une performance th\u00e9rapeutique maximale.<\/p>\n<h2 data-start=\"887\" data-end=\"904\">Principaux avantages<\/h2>\n<p data-start=\"905\" data-end=\"1197\">\u2022 Le raccordement du tuyau sur le dessus de la t\u00eate permet une grande libert\u00e9 de mouvement<br data-start=\"965\" data-end=\"968\" \/>\u2022 Le coussinet en silicone souple s&#039;adapte aux contours du visage pour une \u00e9tanch\u00e9it\u00e9 optimale.<br data-start=\"1035\" data-end=\"1038\" \/>\u2022 Contact facial r\u00e9duit pour minimiser les points de pression<br data-start=\"1090\" data-end=\"1093\" \/>\u2022 Convient aux personnes dormant sur le c\u00f4t\u00e9, sur le dos et sur le ventre<br data-start=\"1140\" data-end=\"1143\" \/>\u2022 Syst\u00e8me de ventilation silencieux pour un minimum de perturbations du sommeil<\/p>\n<h2 data-start=\"1199\" data-end=\"1212\">Fonctionnalit\u00e9s<\/h2>\n<p data-start=\"1213\" data-end=\"1454\">\u2022 Cadre de masque flexible pour plus de confort et de stabilit\u00e9<br data-start=\"1260\" data-end=\"1263\" \/>\u2022 Coude \u00e0 d\u00e9gagement rapide pour une d\u00e9connexion facile<br data-start=\"1307\" data-end=\"1310\" \/>\u2022 Serre-t\u00eate ajustable pour un ajustement personnalis\u00e9<br data-start=\"1352\" data-end=\"1355\" \/>\u2022 Coussinets en silicone souple con\u00e7us pour une \u00e9tanch\u00e9it\u00e9 constante<br data-start=\"1411\" data-end=\"1414\" \/>\u2022 Compatible avec les tubulures CPAP standard<\/p>\n<h2 data-start=\"1456\" data-end=\"1496\">Tailles disponibles<\/h2>\n<div class=\"TyagGW_tableContainer\">\n<div class=\"group TyagGW_tableWrapper flex w-fit flex-col-reverse\" tabindex=\"-1\">\n<table class=\"w-fit min-w-(--thread-content-width)\" data-start=\"1498\" data-end=\"1613\">\n<thead data-start=\"1498\" data-end=\"1526\">\n<tr data-start=\"1498\" data-end=\"1526\">\n<th data-start=\"1498\" data-end=\"1510\" data-col-size=\"sm\">Taille du masque<\/th>\n<th data-start=\"1510\" data-end=\"1526\" data-col-size=\"sm\">Taille du coussin<\/th>\n<\/tr>\n<\/thead>\n<tbody data-start=\"1555\" data-end=\"1613\">\n<tr data-start=\"1555\" data-end=\"1573\">\n<td data-start=\"1555\" data-end=\"1563\" data-col-size=\"sm\">Grand<\/td>\n<td data-start=\"1563\" data-end=\"1573\" data-col-size=\"sm\">Moyen<\/td>\n<\/tr>\n<tr data-start=\"1574\" data-end=\"1591\">\n<td data-start=\"1574\" data-end=\"1582\" data-col-size=\"sm\">Petit<\/td>\n<td data-start=\"1582\" data-end=\"1591\" data-col-size=\"sm\">Petit<\/td>\n<\/tr>\n<tr data-start=\"1592\" data-end=\"1613\">\n<td data-start=\"1592\" data-end=\"1603\" data-col-size=\"sm\">Standard<\/td>\n<td data-start=\"1603\" data-end=\"1613\" data-col-size=\"sm\">Moyen<\/td>\n<\/tr>\n<\/tbody>\n<\/table>\n<\/div>\n<\/div>\n<p data-start=\"1615\" data-end=\"1688\">Chaque variante peut avoir un prix diff\u00e9rent en fonction de sa taille et de ses composants.<\/p>\n<h2 data-start=\"1690\" data-end=\"1715\">\u00c0 qui est destin\u00e9 ce masque ?<\/h2>\n<p data-start=\"1716\" data-end=\"1909\">\u2022 Les utilisateurs de CPAP qui n\u00e9cessitent une th\u00e9rapie faciale compl\u00e8te<br data-start=\"1758\" data-end=\"1761\" \/>\u2022 Les dormeurs actifs qui bougent pendant la nuit<br data-start=\"1804\" data-end=\"1807\" \/>\u2022 Les utilisateurs recherchant un masque stable et discret<br data-start=\"1849\" data-end=\"1852\" \/>\u2022 Patients n\u00e9cessitant une fermeture herm\u00e9tique pour une th\u00e9rapie continue<\/p>\n<h2 data-start=\"1911\" data-end=\"1931\">Ce qui est inclus<\/h2>\n<p data-start=\"1932\" data-end=\"2052\">\u2022 Cadre de masque AirFit F30i<br data-start=\"1956\" data-end=\"1959\" \/>\u2022 Coussin en silicone dans la taille s\u00e9lectionn\u00e9e<br data-start=\"1994\" data-end=\"1997\" \/>\u2022 Coiffe r\u00e9glable<br data-start=\"2018\" data-end=\"2021\" \/>\u2022 Raccord coud\u00e9 et pivotant<\/p>\n<h2 data-start=\"2054\" data-end=\"2072\">Compatibilit\u00e9<\/h2>\n<p data-start=\"2073\" data-end=\"2217\">\u2022 Compatible avec la plupart des appareils CPAP et BiPAP<br data-start=\"2114\" data-end=\"2117\" \/>\u2022 Compatible avec les tubulures CPAP standard<br data-start=\"2155\" data-end=\"2158\" \/>\u2022 La structure du masque est interchangeable avec les coussins AirFit F30i.<\/p>\n<h2 data-start=\"2219\" data-end=\"2244\">Entretien et maintenance<\/h2>\n<p data-start=\"2245\" data-end=\"2394\">\u2022 Lavez r\u00e9guli\u00e8rement le coussin et le cadre avec un savon doux<br data-start=\"2294\" data-end=\"2297\" \/>\u2022 Rincer abondamment et laisser s\u00e9cher \u00e0 l&#039;air libre, \u00e0 l&#039;abri de la chaleur.<br data-start=\"2342\" data-end=\"2345\" \/>\u2022 Remplacez le coussin et les composants comme recommand\u00e9<\/p>\n<h2 data-start=\"2396\" data-end=\"2405\">FAQ<\/h2>\n<p data-start=\"2407\" data-end=\"2585\"><strong data-start=\"2407\" data-end=\"2475\">Quelle est la diff\u00e9rence entre les masques de grande taille, de petite taille et de taille standard\u00a0?<\/strong><br data-start=\"2475\" data-end=\"2478\" \/>La diff\u00e9rence r\u00e9side dans la taille de l&#039;armature du masque. Choisissez-le en fonction de la morphologie de votre visage pour un maintien optimal et un confort maximal.<\/p>\n<p data-start=\"2587\" data-end=\"2711\"><strong data-start=\"2587\" data-end=\"2629\">Puis-je dormir sur le c\u00f4t\u00e9 avec ce masque ?<\/strong><br data-start=\"2629\" data-end=\"2632\" \/>Oui. Le raccordement tubulaire situ\u00e9 au-dessus de la t\u00eate permet aux dormeurs de dormir sur le c\u00f4t\u00e9 et de bouger activement.<\/p>\n<p data-start=\"2713\" data-end=\"2804\"><strong data-start=\"2713\" data-end=\"2749\">Ce masque comprend-il une coiffe ?<\/strong><br data-start=\"2749\" data-end=\"2752\" \/>Oui, tous les syst\u00e8mes de masques comprennent un harnais de t\u00eate r\u00e9glable.<\/p>\n<p data-start=\"2806\" data-end=\"2902\"><strong data-start=\"2806\" data-end=\"2846\">Le coussin en silicone est-il rempla\u00e7able\u00a0?<\/strong><br data-start=\"2846\" data-end=\"2849\" \/>Oui. Les coussins de rechange sont disponibles s\u00e9par\u00e9ment.<\/p>","protected":false},"excerpt":{"rendered":"<p>Le syst\u00e8me de masque ResMed AirFit F30i est un masque CPAP facial complet con\u00e7u pour le confort, la stabilit\u00e9 et une th\u00e9rapie constante. Dot\u00e9 d&#039;un raccord de tubulure au sommet de la t\u00eate et de coussinets en silicone souple, il assure une \u00e9tanch\u00e9it\u00e9 fiable tout en permettant une libert\u00e9 de mouvement pendant le sommeil.<\/p>","protected":false},"featured_media":6078,"comment_status":"open","ping_status":"closed","template":"","meta":[],"product_brand":[],"product_cat":[108],"product_tag":[],"class_list":{"0":"post-5937","1":"product","2":"type-product","3":"status-publish","4":"has-post-thumbnail","6":"product_cat-resmed","8":"first","9":"instock","10":"sale","11":"taxable","12":"shipping-taxable","13":"purchasable","14":"product-type-variable"},"yoast_head":"<!-- This site is optimized with the Yoast SEO plugin v27.4 - https:\/\/yoast.com\/product\/yoast-seo-wordpress\/ -->\n<title>AirFit\u2122 F30i | Respiart - Respiratory therapist Montreal<\/title>\n<meta name=\"description\" content=\"The ResMed AirFit F30i Mask System is a full face CPAP mask designed for comfort, stability, and consistent therapy. Featuring a top-of-the-head tubing connection and soft silicone cushions, it ensures a reliable seal while allowing freedom of movement during sleep.\" \/>\n<meta name=\"robots\" content=\"index, follow, max-snippet:-1, max-image-preview:large, max-video-preview:-1\" \/>\n<link rel=\"canonical\" href=\"https:\/\/respiart.ca\/fr\/magasin\/airfit-f30i\/\" \/>\n<meta property=\"og:locale\" content=\"fr_CA\" \/>\n<meta property=\"og:type\" content=\"article\" \/>\n<meta property=\"og:title\" content=\"AirFit\u2122 F30i | Respiart - Respiratory therapist Montreal\" \/>\n<meta property=\"og:description\" content=\"The ResMed AirFit F30i Mask System is a full face CPAP mask designed for comfort, stability, and consistent therapy. Featuring a top-of-the-head tubing connection and soft silicone cushions, it ensures a reliable seal while allowing freedom of movement during sleep.\" \/>\n<meta property=\"og:url\" content=\"https:\/\/respiart.ca\/fr\/magasin\/airfit-f30i\/\" \/>\n<meta property=\"og:site_name\" content=\"Respiart - Respiratory therapist Montreal\" \/>\n<meta property=\"article:modified_time\" content=\"2025-12-21T16:33:29+00:00\" \/>\n<meta name=\"twitter:card\" content=\"summary_large_image\" \/>\n<meta name=\"twitter:label1\" content=\"Estimation du temps de lecture\" \/>\n\t<meta name=\"twitter:data1\" content=\"1 minute\" \/>\n<script type=\"application\/ld+json\" class=\"yoast-schema-graph\">{\"@context\":\"https:\\\/\\\/schema.org\",\"@graph\":[{\"@type\":\"WebPage\",\"@id\":\"https:\\\/\\\/respiart.ca\\\/shop\\\/airfit-f30i\\\/\",\"url\":\"https:\\\/\\\/respiart.ca\\\/shop\\\/airfit-f30i\\\/\",\"name\":\"AirFit\u2122 F30i | Respiart - Respiratory therapist Montreal\",\"isPartOf\":{\"@id\":\"https:\\\/\\\/respiart.ca\\\/ar\\\/#website\"},\"primaryImageOfPage\":{\"@id\":\"https:\\\/\\\/respiart.ca\\\/shop\\\/airfit-f30i\\\/#primaryimage\"},\"image\":{\"@id\":\"https:\\\/\\\/respiart.ca\\\/shop\\\/airfit-f30i\\\/#primaryimage\"},\"thumbnailUrl\":\"https:\\\/\\\/respiart.ca\\\/wp-content\\\/uploads\\\/2025\\\/12\\\/AirFit\u2122-F30i.avif\",\"datePublished\":\"2025-12-19T11:48:05+00:00\",\"dateModified\":\"2025-12-21T16:33:29+00:00\",\"description\":\"The ResMed AirFit F30i Mask System is a full face CPAP mask designed for comfort, stability, and consistent therapy. Featuring a top-of-the-head tubing connection and soft silicone cushions, it ensures a reliable seal while allowing freedom of movement during sleep.\",\"breadcrumb\":{\"@id\":\"https:\\\/\\\/respiart.ca\\\/shop\\\/airfit-f30i\\\/#breadcrumb\"},\"inLanguage\":\"fr-CA\",\"potentialAction\":[{\"@type\":\"ReadAction\",\"target\":[\"https:\\\/\\\/respiart.ca\\\/shop\\\/airfit-f30i\\\/\"]}]},{\"@type\":\"ImageObject\",\"inLanguage\":\"fr-CA\",\"@id\":\"https:\\\/\\\/respiart.ca\\\/shop\\\/airfit-f30i\\\/#primaryimage\",\"url\":\"https:\\\/\\\/respiart.ca\\\/wp-content\\\/uploads\\\/2025\\\/12\\\/AirFit\u2122-F30i.avif\",\"contentUrl\":\"https:\\\/\\\/respiart.ca\\\/wp-content\\\/uploads\\\/2025\\\/12\\\/AirFit\u2122-F30i.avif\",\"width\":315,\"height\":315},{\"@type\":\"BreadcrumbList\",\"@id\":\"https:\\\/\\\/respiart.ca\\\/shop\\\/airfit-f30i\\\/#breadcrumb\",\"itemListElement\":[{\"@type\":\"ListItem\",\"position\":1,\"name\":\"Home\",\"item\":\"https:\\\/\\\/respiart.ca\\\/\"},{\"@type\":\"ListItem\",\"position\":2,\"name\":\"Shop CPAP\",\"item\":\"https:\\\/\\\/respiart.ca\\\/shop-cpap\\\/\"},{\"@type\":\"ListItem\",\"position\":3,\"name\":\"AirFit\u2122 F30i\"}]},{\"@type\":\"WebSite\",\"@id\":\"https:\\\/\\\/respiart.ca\\\/ar\\\/#website\",\"url\":\"https:\\\/\\\/respiart.ca\\\/ar\\\/\",\"name\":\"RespiArt - Sleep apnea & CPAPs\",\"description\":\"CPAPs and tests for sleep apnea, asthma, oximetry\",\"publisher\":{\"@id\":\"https:\\\/\\\/respiart.ca\\\/ar\\\/#organization\"},\"potentialAction\":[{\"@type\":\"SearchAction\",\"target\":{\"@type\":\"EntryPoint\",\"urlTemplate\":\"https:\\\/\\\/respiart.ca\\\/ar\\\/?s={search_term_string}\"},\"query-input\":{\"@type\":\"PropertyValueSpecification\",\"valueRequired\":true,\"valueName\":\"search_term_string\"}}],\"inLanguage\":\"fr-CA\"},{\"@type\":\"Organization\",\"@id\":\"https:\\\/\\\/respiart.ca\\\/ar\\\/#organization\",\"name\":\"RespiArt - Sleep apnea & CPAPs\",\"url\":\"https:\\\/\\\/respiart.ca\\\/ar\\\/\",\"logo\":{\"@type\":\"ImageObject\",\"inLanguage\":\"fr-CA\",\"@id\":\"https:\\\/\\\/respiart.ca\\\/ar\\\/#\\\/schema\\\/logo\\\/image\\\/\",\"url\":\"https:\\\/\\\/respiart.ca\\\/wp-content\\\/uploads\\\/2022\\\/05\\\/Respiart-logo-1-e1651540192142.png\",\"contentUrl\":\"https:\\\/\\\/respiart.ca\\\/wp-content\\\/uploads\\\/2022\\\/05\\\/Respiart-logo-1-e1651540192142.png\",\"width\":237,\"height\":61,\"caption\":\"RespiArt - Sleep apnea & CPAPs\"},\"image\":{\"@id\":\"https:\\\/\\\/respiart.ca\\\/ar\\\/#\\\/schema\\\/logo\\\/image\\\/\"}}]}<\/script>\n<!-- \/ Yoast SEO plugin. -->","yoast_head_json":{"title":"AirFit\u2122 F30i | Respiart - Th\u00e9rapeute respiratoire Montr\u00e9al","description":"Le syst\u00e8me de masque ResMed AirFit F30i est un masque CPAP facial complet con\u00e7u pour le confort, la stabilit\u00e9 et une th\u00e9rapie constante. Dot\u00e9 d&#039;un raccord de tubulure au sommet de la t\u00eate et de coussinets en silicone souple, il assure une \u00e9tanch\u00e9it\u00e9 fiable tout en permettant une libert\u00e9 de mouvement pendant le sommeil.","robots":{"index":"index","follow":"follow","max-snippet":"max-snippet:-1","max-image-preview":"max-image-preview:large","max-video-preview":"max-video-preview:-1"},"canonical":"https:\/\/respiart.ca\/fr\/magasin\/airfit-f30i\/","og_locale":"fr_CA","og_type":"article","og_title":"AirFit\u2122 F30i | Respiart - Respiratory therapist Montreal","og_description":"The ResMed AirFit F30i Mask System is a full face CPAP mask designed for comfort, stability, and consistent therapy. Featuring a top-of-the-head tubing connection and soft silicone cushions, it ensures a reliable seal while allowing freedom of movement during sleep.","og_url":"https:\/\/respiart.ca\/fr\/magasin\/airfit-f30i\/","og_site_name":"Respiart - Respiratory therapist Montreal","article_modified_time":"2025-12-21T16:33:29+00:00","twitter_card":"summary_large_image","twitter_misc":{"Estimation du temps de lecture":"1 minute"},"schema":{"@context":"https:\/\/schema.org","@graph":[{"@type":"WebPage","@id":"https:\/\/respiart.ca\/shop\/airfit-f30i\/","url":"https:\/\/respiart.ca\/shop\/airfit-f30i\/","name":"AirFit\u2122 F30i | Respiart - Th\u00e9rapeute respiratoire Montr\u00e9al","isPartOf":{"@id":"https:\/\/respiart.ca\/ar\/#website"},"primaryImageOfPage":{"@id":"https:\/\/respiart.ca\/shop\/airfit-f30i\/#primaryimage"},"image":{"@id":"https:\/\/respiart.ca\/shop\/airfit-f30i\/#primaryimage"},"thumbnailUrl":"https:\/\/respiart.ca\/wp-content\/uploads\/2025\/12\/AirFit\u2122-F30i.avif","datePublished":"2025-12-19T11:48:05+00:00","dateModified":"2025-12-21T16:33:29+00:00","description":"Le syst\u00e8me de masque ResMed AirFit F30i est un masque CPAP facial complet con\u00e7u pour le confort, la stabilit\u00e9 et une th\u00e9rapie constante. Dot\u00e9 d&#039;un raccord de tubulure au sommet de la t\u00eate et de coussinets en silicone souple, il assure une \u00e9tanch\u00e9it\u00e9 fiable tout en permettant une libert\u00e9 de mouvement pendant le sommeil.","breadcrumb":{"@id":"https:\/\/respiart.ca\/shop\/airfit-f30i\/#breadcrumb"},"inLanguage":"fr-CA","potentialAction":[{"@type":"ReadAction","target":["https:\/\/respiart.ca\/shop\/airfit-f30i\/"]}]},{"@type":"ImageObject","inLanguage":"fr-CA","@id":"https:\/\/respiart.ca\/shop\/airfit-f30i\/#primaryimage","url":"https:\/\/respiart.ca\/wp-content\/uploads\/2025\/12\/AirFit\u2122-F30i.avif","contentUrl":"https:\/\/respiart.ca\/wp-content\/uploads\/2025\/12\/AirFit\u2122-F30i.avif","width":315,"height":315},{"@type":"BreadcrumbList","@id":"https:\/\/respiart.ca\/shop\/airfit-f30i\/#breadcrumb","itemListElement":[{"@type":"ListItem","position":1,"name":"Home","item":"https:\/\/respiart.ca\/"},{"@type":"ListItem","position":2,"name":"Shop CPAP","item":"https:\/\/respiart.ca\/shop-cpap\/"},{"@type":"ListItem","position":3,"name":"AirFit\u2122 F30i"}]},{"@type":"WebSite","@id":"https:\/\/respiart.ca\/ar\/#website","url":"https:\/\/respiart.ca\/ar\/","name":"RespiArt - Apn\u00e9e du sommeil et CPAP","description":"CPAP et tests pour l&#039;apn\u00e9e du sommeil, l&#039;asthme, l&#039;oxym\u00e9trie","publisher":{"@id":"https:\/\/respiart.ca\/ar\/#organization"},"potentialAction":[{"@type":"SearchAction","target":{"@type":"EntryPoint","urlTemplate":"https:\/\/respiart.ca\/ar\/?s={search_term_string}"},"query-input":{"@type":"PropertyValueSpecification","valueRequired":true,"valueName":"search_term_string"}}],"inLanguage":"fr-CA"},{"@type":"Organization","@id":"https:\/\/respiart.ca\/ar\/#organization","name":"RespiArt - Apn\u00e9e du sommeil et CPAP","url":"https:\/\/respiart.ca\/ar\/","logo":{"@type":"ImageObject","inLanguage":"fr-CA","@id":"https:\/\/respiart.ca\/ar\/#\/schema\/logo\/image\/","url":"https:\/\/respiart.ca\/wp-content\/uploads\/2022\/05\/Respiart-logo-1-e1651540192142.png","contentUrl":"https:\/\/respiart.ca\/wp-content\/uploads\/2022\/05\/Respiart-logo-1-e1651540192142.png","width":237,"height":61,"caption":"RespiArt - Sleep apnea & CPAPs"},"image":{"@id":"https:\/\/respiart.ca\/ar\/#\/schema\/logo\/image\/"}}]}},"_links":{"self":[{"href":"https:\/\/respiart.ca\/fr\/wp-json\/wp\/v2\/product\/5937","targetHints":{"allow":["GET"]}}],"collection":[{"href":"https:\/\/respiart.ca\/fr\/wp-json\/wp\/v2\/product"}],"about":[{"href":"https:\/\/respiart.ca\/fr\/wp-json\/wp\/v2\/types\/product"}],"replies":[{"embeddable":true,"href":"https:\/\/respiart.ca\/fr\/wp-json\/wp\/v2\/comments?post=5937"}],"wp:featuredmedia":[{"embeddable":true,"href":"https:\/\/respiart.ca\/fr\/wp-json\/wp\/v2\/media\/6078"}],"wp:attachment":[{"href":"https:\/\/respiart.ca\/fr\/wp-json\/wp\/v2\/media?parent=5937"}],"wp:term":[{"taxonomy":"product_brand","embeddable":true,"href":"https:\/\/respiart.ca\/fr\/wp-json\/wp\/v2\/product_brand?post=5937"},{"taxonomy":"product_cat","embeddable":true,"href":"https:\/\/respiart.ca\/fr\/wp-json\/wp\/v2\/product_cat?post=5937"},{"taxonomy":"product_tag","embeddable":true,"href":"https:\/\/respiart.ca\/fr\/wp-json\/wp\/v2\/product_tag?post=5937"}],"curies":[{"name":"wp","href":"https:\/\/api.w.org\/{rel}","templated":true}]}}