{"id":5939,"date":"2025-12-19T11:48:19","date_gmt":"2025-12-19T11:48:19","guid":{"rendered":"http:\/\/f4i.0cc.mytemp.website\/shop\/airtouch-f20-full-face-complete-mask-large\/"},"modified":"2025-12-21T15:59:02","modified_gmt":"2025-12-21T15:59:02","slug":"masque-integral-airtouch-f20","status":"publish","type":"product","link":"https:\/\/respiart.ca\/fr\/shop\/airtouch-f20-full-face-complete-mask\/","title":{"rendered":"Masque int\u00e9gral AirTouch\u2122 F20"},"content":{"rendered":"<p data-start=\"799\" data-end=\"1087\">Le masque facial complet AirTouch F20 est con\u00e7u pour les utilisateurs d&#039;appareils CPAP recherchant une th\u00e9rapie faciale compl\u00e8te et un confort maximal. Son coussin en mousse \u00e0 m\u00e9moire de forme UltraSoft s&#039;adapte aux contours du visage, r\u00e9duisant les points de pression et am\u00e9liorant l&#039;\u00e9tanch\u00e9it\u00e9. Ce masque est id\u00e9al pour les personnes dormant sur le c\u00f4t\u00e9, sur le dos ou qui bougent beaucoup.<\/p>\n<h2 data-start=\"1089\" data-end=\"1106\">Principaux avantages<\/h2>\n<p data-start=\"1107\" data-end=\"1364\">\u2022 Coussin en mousse \u00e0 m\u00e9moire de forme UltraSoft pour une \u00e9tanch\u00e9it\u00e9 douce et confortable<br data-start=\"1170\" data-end=\"1173\" \/>\u2022 \u00c9tanch\u00e9it\u00e9 stable malgr\u00e9 les variations de pression des dispositifs CPAP et BiPAP<br data-start=\"1226\" data-end=\"1229\" \/>\u2022 Convient aux personnes dormant sur le c\u00f4t\u00e9, sur le dos et sur le ventre<br data-start=\"1276\" data-end=\"1279\" \/>\u2022 R\u00e9duction de la pression et des irritations du visage<br data-start=\"1319\" data-end=\"1322\" \/>\u2022 Syst\u00e8me de ventilation silencieux pour un sommeil r\u00e9parateur<\/p>\n<h2 data-start=\"1366\" data-end=\"1379\">Fonctionnalit\u00e9s<\/h2>\n<p data-start=\"1380\" data-end=\"1637\">\u2022 Coussin en mousse \u00e0 m\u00e9moire de forme qui s&#039;adapte \u00e0 la morphologie du visage<br data-start=\"1429\" data-end=\"1432\" \/>\u2022 Coude \u00e0 d\u00e9gagement rapide pour une d\u00e9connexion facile<br data-start=\"1476\" data-end=\"1479\" \/>\u2022 Clips magn\u00e9tiques pour casque permettant une mise en place et un retrait faciles<br data-start=\"1522\" data-end=\"1525\" \/>\u2022 Cadre de support con\u00e7u pour une \u00e9tanch\u00e9it\u00e9 constante<br data-start=\"1572\" data-end=\"1575\" \/>\u2022 Raccord de tuyau avant compatible avec les tubulures CPAP standard<\/p>\n<h2 data-start=\"1639\" data-end=\"1679\">Tailles disponibles (d\u00e9finies comme variantes)<\/h2>\n<p data-start=\"1680\" data-end=\"1700\">\u2022 Moyen<br data-start=\"1688\" data-end=\"1691\" \/>\u2022 Grand<\/p>\n<h2 data-start=\"1702\" data-end=\"1727\">\u00c0 qui est destin\u00e9 ce masque ?<\/h2>\n<p data-start=\"1728\" data-end=\"1933\">\u2022 Les utilisateurs qui respirent \u00e0 la fois par le nez et la bouche<br data-start=\"1775\" data-end=\"1778\" \/>\u2022 Les patients n\u00e9cessitant un traitement complet du visage avec une pression faciale minimale<br data-start=\"1844\" data-end=\"1847\" \/>\u2022 Utilisateurs sensibles aux coussins en silicone<br data-start=\"1885\" data-end=\"1888\" \/>\u2022 Les dormeurs actifs qui ont besoin d&#039;un masque stable<\/p>\n<h2 data-start=\"1935\" data-end=\"1959\">Composants inclus<\/h2>\n<p data-start=\"1960\" data-end=\"2094\">\u2022 Cadre de masque AirTouch F20<br data-start=\"1985\" data-end=\"1988\" \/>\u2022 Coussin en mousse \u00e0 m\u00e9moire de forme UltraSoft dans la taille s\u00e9lectionn\u00e9e<br data-start=\"2036\" data-end=\"2039\" \/>\u2022 Coiffe r\u00e9glable<br data-start=\"2060\" data-end=\"2063\" \/>\u2022 Raccord coud\u00e9 et pivotant<\/p>\n<h2 data-start=\"2096\" data-end=\"2121\">Entretien et maintenance<\/h2>\n<p data-start=\"2122\" data-end=\"2306\">\u2022 Essuyez quotidiennement le coussin en mousse \u00e0 m\u00e9moire de forme\u00a0; ne le lavez pas.<br data-start=\"2167\" data-end=\"2170\" \/>\u2022 Lavez r\u00e9guli\u00e8rement le cadre et le harnais avec un savon doux<br data-start=\"2220\" data-end=\"2223\" \/>\u2022 S\u00e9cher \u00e0 l&#039;air libre, \u00e0 l&#039;\u00e9cart de la chaleur directe<br data-start=\"2254\" data-end=\"2257\" \/>\u2022 Remplacez le coussin et les composants comme recommand\u00e9<\/p>\n<h2 data-start=\"2308\" data-end=\"2317\">FAQ<\/h2>\n<p data-start=\"2319\" data-end=\"2489\"><strong data-start=\"2319\" data-end=\"2373\">Qu&#039;est-ce qui diff\u00e9rencie l&#039;AirTouch F20 de l&#039;AirFit F20\u00a0?<\/strong><br data-start=\"2373\" data-end=\"2376\" \/>Le coussin en mousse \u00e0 m\u00e9moire de forme UltraSoft offre un confort sup\u00e9rieur et r\u00e9duit la pression par rapport aux coussins en silicone.<\/p>\n<p data-start=\"2491\" data-end=\"2638\"><strong data-start=\"2491\" data-end=\"2535\">Ce masque convient-il aux personnes dormant sur le c\u00f4t\u00e9\u00a0?<\/strong><br data-start=\"2535\" data-end=\"2538\" \/>Oui. Le cadre et le coussin en mousse \u00e0 m\u00e9moire de forme assurent une \u00e9tanch\u00e9it\u00e9 parfaite pour les personnes dormant sur le c\u00f4t\u00e9, sur le dos ou de mani\u00e8re active.<\/p>\n<p data-start=\"2640\" data-end=\"2719\"><strong data-start=\"2640\" data-end=\"2684\">Le masque complet comprend-il un couvre-chef\u00a0?<\/strong><br data-start=\"2684\" data-end=\"2687\" \/>Oui, le casque est inclus.<\/p>","protected":false},"excerpt":{"rendered":"<p>Le masque facial complet ResMed AirTouch F20 associe une structure de soutien \u00e0 un coussin en mousse \u00e0 m\u00e9moire de forme UltraSoft, assurant une \u00e9tanch\u00e9it\u00e9 optimale, un confort durable et une performance constante de la th\u00e9rapie CPAP. Disponible en plusieurs tailles pour un ajustement parfait.<\/p>","protected":false},"featured_media":6062,"comment_status":"open","ping_status":"closed","template":"","meta":[],"product_brand":[],"product_cat":[90,108],"product_tag":[],"class_list":{"0":"post-5939","1":"product","2":"type-product","3":"status-publish","4":"has-post-thumbnail","6":"product_cat-cpap-bipap-mask","7":"product_cat-resmed","9":"first","10":"instock","11":"sale","12":"taxable","13":"shipping-taxable","14":"purchasable","15":"product-type-variable"},"yoast_head":"<!-- This site is optimized with the Yoast SEO plugin v27.3 - https:\/\/yoast.com\/product\/yoast-seo-wordpress\/ -->\n<title>AirTouch\u2122 F20 Full Face Complete Mask | Respiart - Respiratory therapist Montreal<\/title>\n<meta name=\"description\" content=\"The ResMed AirTouch F20 Full Face Complete Mask combines a supportive frame with an UltraSoft memory foam cushion, delivering a secure seal, all-night comfort, and consistent CPAP therapy performance. Available in multiple sizes for optimal fit.\" \/>\n<meta name=\"robots\" content=\"index, follow, max-snippet:-1, max-image-preview:large, max-video-preview:-1\" \/>\n<link rel=\"canonical\" href=\"https:\/\/respiart.ca\/fr\/magasin\/masque-integral-airtouch-f20\/\" \/>\n<meta property=\"og:locale\" content=\"fr_CA\" \/>\n<meta property=\"og:type\" content=\"article\" \/>\n<meta property=\"og:title\" content=\"AirTouch\u2122 F20 Full Face Complete Mask | Respiart - Respiratory therapist Montreal\" \/>\n<meta property=\"og:description\" content=\"The ResMed AirTouch F20 Full Face Complete Mask combines a supportive frame with an UltraSoft memory foam cushion, delivering a secure seal, all-night comfort, and consistent CPAP therapy performance. Available in multiple sizes for optimal fit.\" \/>\n<meta property=\"og:url\" content=\"https:\/\/respiart.ca\/fr\/magasin\/masque-integral-airtouch-f20\/\" \/>\n<meta property=\"og:site_name\" content=\"Respiart - Respiratory therapist Montreal\" \/>\n<meta property=\"article:modified_time\" content=\"2025-12-21T15:59:02+00:00\" \/>\n<meta property=\"og:image\" content=\"https:\/\/respiart.ca\/wp-content\/uploads\/2025\/12\/AirTouch\u2122-F20-Full-Face-Complete-Mask.webp\" \/>\n\t<meta property=\"og:image:width\" content=\"1946\" \/>\n\t<meta property=\"og:image:height\" content=\"1946\" \/>\n\t<meta property=\"og:image:type\" content=\"image\/webp\" \/>\n<meta name=\"twitter:card\" content=\"summary_large_image\" \/>\n<meta name=\"twitter:label1\" content=\"Estimation du temps de lecture\" \/>\n\t<meta name=\"twitter:data1\" content=\"1 minute\" \/>\n<script type=\"application\/ld+json\" class=\"yoast-schema-graph\">{\"@context\":\"https:\\\/\\\/schema.org\",\"@graph\":[{\"@type\":\"WebPage\",\"@id\":\"https:\\\/\\\/respiart.ca\\\/shop\\\/airtouch-f20-full-face-complete-mask\\\/\",\"url\":\"https:\\\/\\\/respiart.ca\\\/shop\\\/airtouch-f20-full-face-complete-mask\\\/\",\"name\":\"AirTouch\u2122 F20 Full Face Complete Mask | Respiart - Respiratory therapist Montreal\",\"isPartOf\":{\"@id\":\"https:\\\/\\\/respiart.ca\\\/ar\\\/#website\"},\"primaryImageOfPage\":{\"@id\":\"https:\\\/\\\/respiart.ca\\\/shop\\\/airtouch-f20-full-face-complete-mask\\\/#primaryimage\"},\"image\":{\"@id\":\"https:\\\/\\\/respiart.ca\\\/shop\\\/airtouch-f20-full-face-complete-mask\\\/#primaryimage\"},\"thumbnailUrl\":\"https:\\\/\\\/respiart.ca\\\/wp-content\\\/uploads\\\/2025\\\/12\\\/AirTouch\u2122-F20-Full-Face-Complete-Mask.webp\",\"datePublished\":\"2025-12-19T11:48:19+00:00\",\"dateModified\":\"2025-12-21T15:59:02+00:00\",\"description\":\"The ResMed AirTouch F20 Full Face Complete Mask combines a supportive frame with an UltraSoft memory foam cushion, delivering a secure seal, all-night comfort, and consistent CPAP therapy performance. Available in multiple sizes for optimal fit.\",\"breadcrumb\":{\"@id\":\"https:\\\/\\\/respiart.ca\\\/shop\\\/airtouch-f20-full-face-complete-mask\\\/#breadcrumb\"},\"inLanguage\":\"fr-CA\",\"potentialAction\":[{\"@type\":\"ReadAction\",\"target\":[\"https:\\\/\\\/respiart.ca\\\/shop\\\/airtouch-f20-full-face-complete-mask\\\/\"]}]},{\"@type\":\"ImageObject\",\"inLanguage\":\"fr-CA\",\"@id\":\"https:\\\/\\\/respiart.ca\\\/shop\\\/airtouch-f20-full-face-complete-mask\\\/#primaryimage\",\"url\":\"https:\\\/\\\/respiart.ca\\\/wp-content\\\/uploads\\\/2025\\\/12\\\/AirTouch\u2122-F20-Full-Face-Complete-Mask.webp\",\"contentUrl\":\"https:\\\/\\\/respiart.ca\\\/wp-content\\\/uploads\\\/2025\\\/12\\\/AirTouch\u2122-F20-Full-Face-Complete-Mask.webp\",\"width\":1946,\"height\":1946},{\"@type\":\"BreadcrumbList\",\"@id\":\"https:\\\/\\\/respiart.ca\\\/shop\\\/airtouch-f20-full-face-complete-mask\\\/#breadcrumb\",\"itemListElement\":[{\"@type\":\"ListItem\",\"position\":1,\"name\":\"Home\",\"item\":\"https:\\\/\\\/respiart.ca\\\/\"},{\"@type\":\"ListItem\",\"position\":2,\"name\":\"Shop CPAP\",\"item\":\"https:\\\/\\\/respiart.ca\\\/ar\\\/%d9%85%d8%aa%d8%ac%d8%b1-cpap\\\/\"},{\"@type\":\"ListItem\",\"position\":3,\"name\":\"AirTouch\u2122 F20 Full Face Complete Mask\"}]},{\"@type\":\"WebSite\",\"@id\":\"https:\\\/\\\/respiart.ca\\\/ar\\\/#website\",\"url\":\"https:\\\/\\\/respiart.ca\\\/ar\\\/\",\"name\":\"RespiArt - Sleep apnea & CPAPs\",\"description\":\"CPAPs and tests for sleep apnea, asthma, oximetry\",\"publisher\":{\"@id\":\"https:\\\/\\\/respiart.ca\\\/ar\\\/#organization\"},\"potentialAction\":[{\"@type\":\"SearchAction\",\"target\":{\"@type\":\"EntryPoint\",\"urlTemplate\":\"https:\\\/\\\/respiart.ca\\\/ar\\\/?s={search_term_string}\"},\"query-input\":{\"@type\":\"PropertyValueSpecification\",\"valueRequired\":true,\"valueName\":\"search_term_string\"}}],\"inLanguage\":\"fr-CA\"},{\"@type\":\"Organization\",\"@id\":\"https:\\\/\\\/respiart.ca\\\/ar\\\/#organization\",\"name\":\"RespiArt - Sleep apnea & CPAPs\",\"url\":\"https:\\\/\\\/respiart.ca\\\/ar\\\/\",\"logo\":{\"@type\":\"ImageObject\",\"inLanguage\":\"fr-CA\",\"@id\":\"https:\\\/\\\/respiart.ca\\\/ar\\\/#\\\/schema\\\/logo\\\/image\\\/\",\"url\":\"https:\\\/\\\/respiart.ca\\\/wp-content\\\/uploads\\\/2022\\\/05\\\/Respiart-logo-1-e1651540192142.png\",\"contentUrl\":\"https:\\\/\\\/respiart.ca\\\/wp-content\\\/uploads\\\/2022\\\/05\\\/Respiart-logo-1-e1651540192142.png\",\"width\":237,\"height\":61,\"caption\":\"RespiArt - Sleep apnea & CPAPs\"},\"image\":{\"@id\":\"https:\\\/\\\/respiart.ca\\\/ar\\\/#\\\/schema\\\/logo\\\/image\\\/\"}}]}<\/script>\n<!-- \/ Yoast SEO plugin. -->","yoast_head_json":{"title":"Masque facial complet AirTouch\u2122 F20 | Respiart - Th\u00e9rapeute respiratoire Montr\u00e9al","description":"Le masque facial complet ResMed AirTouch F20 associe une structure de soutien \u00e0 un coussin en mousse \u00e0 m\u00e9moire de forme UltraSoft, assurant une \u00e9tanch\u00e9it\u00e9 optimale, un confort durable et une performance constante de la th\u00e9rapie CPAP. Disponible en plusieurs tailles pour un ajustement parfait.","robots":{"index":"index","follow":"follow","max-snippet":"max-snippet:-1","max-image-preview":"max-image-preview:large","max-video-preview":"max-video-preview:-1"},"canonical":"https:\/\/respiart.ca\/fr\/magasin\/masque-integral-airtouch-f20\/","og_locale":"fr_CA","og_type":"article","og_title":"AirTouch\u2122 F20 Full Face Complete Mask | Respiart - Respiratory therapist Montreal","og_description":"The ResMed AirTouch F20 Full Face Complete Mask combines a supportive frame with an UltraSoft memory foam cushion, delivering a secure seal, all-night comfort, and consistent CPAP therapy performance. Available in multiple sizes for optimal fit.","og_url":"https:\/\/respiart.ca\/fr\/magasin\/masque-integral-airtouch-f20\/","og_site_name":"Respiart - Respiratory therapist Montreal","article_modified_time":"2025-12-21T15:59:02+00:00","og_image":[{"width":1946,"height":1946,"url":"https:\/\/respiart.ca\/wp-content\/uploads\/2025\/12\/AirTouch\u2122-F20-Full-Face-Complete-Mask.webp","type":"image\/webp"}],"twitter_card":"summary_large_image","twitter_misc":{"Estimation du temps de lecture":"1 minute"},"schema":{"@context":"https:\/\/schema.org","@graph":[{"@type":"WebPage","@id":"https:\/\/respiart.ca\/shop\/airtouch-f20-full-face-complete-mask\/","url":"https:\/\/respiart.ca\/shop\/airtouch-f20-full-face-complete-mask\/","name":"Masque facial complet AirTouch\u2122 F20 | Respiart - Th\u00e9rapeute respiratoire Montr\u00e9al","isPartOf":{"@id":"https:\/\/respiart.ca\/ar\/#website"},"primaryImageOfPage":{"@id":"https:\/\/respiart.ca\/shop\/airtouch-f20-full-face-complete-mask\/#primaryimage"},"image":{"@id":"https:\/\/respiart.ca\/shop\/airtouch-f20-full-face-complete-mask\/#primaryimage"},"thumbnailUrl":"https:\/\/respiart.ca\/wp-content\/uploads\/2025\/12\/AirTouch\u2122-F20-Full-Face-Complete-Mask.webp","datePublished":"2025-12-19T11:48:19+00:00","dateModified":"2025-12-21T15:59:02+00:00","description":"Le masque facial complet ResMed AirTouch F20 associe une structure de soutien \u00e0 un coussin en mousse \u00e0 m\u00e9moire de forme UltraSoft, assurant une \u00e9tanch\u00e9it\u00e9 optimale, un confort durable et une performance constante de la th\u00e9rapie CPAP. Disponible en plusieurs tailles pour un ajustement parfait.","breadcrumb":{"@id":"https:\/\/respiart.ca\/shop\/airtouch-f20-full-face-complete-mask\/#breadcrumb"},"inLanguage":"fr-CA","potentialAction":[{"@type":"ReadAction","target":["https:\/\/respiart.ca\/shop\/airtouch-f20-full-face-complete-mask\/"]}]},{"@type":"ImageObject","inLanguage":"fr-CA","@id":"https:\/\/respiart.ca\/shop\/airtouch-f20-full-face-complete-mask\/#primaryimage","url":"https:\/\/respiart.ca\/wp-content\/uploads\/2025\/12\/AirTouch\u2122-F20-Full-Face-Complete-Mask.webp","contentUrl":"https:\/\/respiart.ca\/wp-content\/uploads\/2025\/12\/AirTouch\u2122-F20-Full-Face-Complete-Mask.webp","width":1946,"height":1946},{"@type":"BreadcrumbList","@id":"https:\/\/respiart.ca\/shop\/airtouch-f20-full-face-complete-mask\/#breadcrumb","itemListElement":[{"@type":"ListItem","position":1,"name":"Home","item":"https:\/\/respiart.ca\/"},{"@type":"ListItem","position":2,"name":"Shop CPAP","item":"https:\/\/respiart.ca\/ar\/%d9%85%d8%aa%d8%ac%d8%b1-cpap\/"},{"@type":"ListItem","position":3,"name":"AirTouch\u2122 F20 Full Face Complete Mask"}]},{"@type":"WebSite","@id":"https:\/\/respiart.ca\/ar\/#website","url":"https:\/\/respiart.ca\/ar\/","name":"RespiArt - Apn\u00e9e du sommeil et CPAP","description":"CPAP et tests pour l&#039;apn\u00e9e du sommeil, l&#039;asthme, l&#039;oxym\u00e9trie","publisher":{"@id":"https:\/\/respiart.ca\/ar\/#organization"},"potentialAction":[{"@type":"SearchAction","target":{"@type":"EntryPoint","urlTemplate":"https:\/\/respiart.ca\/ar\/?s={search_term_string}"},"query-input":{"@type":"PropertyValueSpecification","valueRequired":true,"valueName":"search_term_string"}}],"inLanguage":"fr-CA"},{"@type":"Organization","@id":"https:\/\/respiart.ca\/ar\/#organization","name":"RespiArt - Apn\u00e9e du sommeil et CPAP","url":"https:\/\/respiart.ca\/ar\/","logo":{"@type":"ImageObject","inLanguage":"fr-CA","@id":"https:\/\/respiart.ca\/ar\/#\/schema\/logo\/image\/","url":"https:\/\/respiart.ca\/wp-content\/uploads\/2022\/05\/Respiart-logo-1-e1651540192142.png","contentUrl":"https:\/\/respiart.ca\/wp-content\/uploads\/2022\/05\/Respiart-logo-1-e1651540192142.png","width":237,"height":61,"caption":"RespiArt - Sleep apnea & CPAPs"},"image":{"@id":"https:\/\/respiart.ca\/ar\/#\/schema\/logo\/image\/"}}]}},"_links":{"self":[{"href":"https:\/\/respiart.ca\/fr\/wp-json\/wp\/v2\/product\/5939","targetHints":{"allow":["GET"]}}],"collection":[{"href":"https:\/\/respiart.ca\/fr\/wp-json\/wp\/v2\/product"}],"about":[{"href":"https:\/\/respiart.ca\/fr\/wp-json\/wp\/v2\/types\/product"}],"replies":[{"embeddable":true,"href":"https:\/\/respiart.ca\/fr\/wp-json\/wp\/v2\/comments?post=5939"}],"wp:featuredmedia":[{"embeddable":true,"href":"https:\/\/respiart.ca\/fr\/wp-json\/wp\/v2\/media\/6062"}],"wp:attachment":[{"href":"https:\/\/respiart.ca\/fr\/wp-json\/wp\/v2\/media?parent=5939"}],"wp:term":[{"taxonomy":"product_brand","embeddable":true,"href":"https:\/\/respiart.ca\/fr\/wp-json\/wp\/v2\/product_brand?post=5939"},{"taxonomy":"product_cat","embeddable":true,"href":"https:\/\/respiart.ca\/fr\/wp-json\/wp\/v2\/product_cat?post=5939"},{"taxonomy":"product_tag","embeddable":true,"href":"https:\/\/respiart.ca\/fr\/wp-json\/wp\/v2\/product_tag?post=5939"}],"curies":[{"name":"wp","href":"https:\/\/api.w.org\/{rel}","templated":true}]}}