{"id":5945,"date":"2025-12-19T11:48:51","date_gmt":"2025-12-19T11:48:51","guid":{"rendered":"http:\/\/f4i.0cc.mytemp.website\/shop\/airfit-f20-complete-mask-system-small\/"},"modified":"2025-12-21T15:12:27","modified_gmt":"2025-12-21T15:12:27","slug":"systeme-de-masque-complet-airfit-f20","status":"publish","type":"product","link":"https:\/\/respiart.ca\/fr\/shop\/airfit-f20-complete-mask-system\/","title":{"rendered":"Syst\u00e8me de masque complet AirFit\u2122 F20"},"content":{"rendered":"<p data-start=\"390\" data-end=\"714\">Le syst\u00e8me de masque complet AirFit F20 est l&#039;un des masques faciaux int\u00e9graux les plus fiables de ResMed. Con\u00e7u pour assurer une \u00e9tanch\u00e9it\u00e9 optimale quelle que soit la morphologie du visage et la position de sommeil, son raccord de tuyau frontal traditionnel et sa structure de soutien en font une solution fiable pour les patients n\u00e9cessitant un traitement par PPC (pression positive continue) avec masque facial complet.<\/p>\n<p data-start=\"716\" data-end=\"863\">Ce syst\u00e8me complet comprend tous les composants essentiels n\u00e9cessaires pour commencer la th\u00e9rapie et est disponible en plusieurs tailles de coussins pour assurer un ajustement optimal.<\/p>\n<h2 data-start=\"865\" data-end=\"882\">Principaux avantages<\/h2>\n<p data-start=\"883\" data-end=\"1189\">\u2022 Le coussin InfinitySeal s&#039;adapte aux mouvements du visage et aux variations de pression.<br data-start=\"953\" data-end=\"956\" \/>\u2022 \u00c9tanch\u00e9it\u00e9 stable sur une large plage de pressions CPAP et BiPAP<br data-start=\"1017\" data-end=\"1020\" \/>\u2022 Convient aux personnes dormant sur le c\u00f4t\u00e9, sur le dos et aux dormeurs actifs.<br data-start=\"1066\" data-end=\"1069\" \/>\u2022 Un harnais souple con\u00e7u pour r\u00e9duire les points de pression du visage<br data-start=\"1126\" data-end=\"1129\" \/>\u2022 Diffusion d&#039;air silencieuse pour un environnement de sommeil plus r\u00e9parateur<\/p>\n<h2 data-start=\"1191\" data-end=\"1204\">Fonctionnalit\u00e9s<\/h2>\n<p data-start=\"1205\" data-end=\"1497\">\u2022 Coussinet en silicone InfinitySeal pour une \u00e9tanch\u00e9it\u00e9 \u00e9prouv\u00e9e<br data-start=\"1267\" data-end=\"1270\" \/>\u2022 Coude \u00e0 d\u00e9gagement rapide pour retirer facilement le masque pendant la nuit<br data-start=\"1330\" data-end=\"1333\" \/>\u2022 Clips magn\u00e9tiques pour serre-t\u00eate permettant une mise en place et un retrait faciles<br data-start=\"1380\" data-end=\"1383\" \/>\u2022 Cadre souple et offrant un bon soutien pour un confort durable<br data-start=\"1429\" data-end=\"1432\" \/>\u2022 Raccord de tuyau avant classique compatible avec les tubes standard<\/p>\n<h2 data-start=\"1499\" data-end=\"1519\">Tailles disponibles<\/h2>\n<div class=\"TyagGW_tableContainer\">\n<div class=\"group TyagGW_tableWrapper flex w-fit flex-col-reverse\" tabindex=\"-1\">\n<table class=\"w-fit min-w-(--thread-content-width)\" data-start=\"1521\" data-end=\"1584\">\n<thead data-start=\"1521\" data-end=\"1537\">\n<tr data-start=\"1521\" data-end=\"1537\">\n<th data-start=\"1521\" data-end=\"1537\" data-col-size=\"sm\">Taille du coussin<\/th>\n<\/tr>\n<\/thead>\n<tbody data-start=\"1554\" data-end=\"1584\">\n<tr data-start=\"1554\" data-end=\"1563\">\n<td data-start=\"1554\" data-end=\"1563\" data-col-size=\"sm\">Petit<\/td>\n<\/tr>\n<tr data-start=\"1564\" data-end=\"1574\">\n<td data-start=\"1564\" data-end=\"1574\" data-col-size=\"sm\">Moyen<\/td>\n<\/tr>\n<tr data-start=\"1575\" data-end=\"1584\">\n<td data-start=\"1575\" data-end=\"1584\" data-col-size=\"sm\">Grand<\/td>\n<\/tr>\n<\/tbody>\n<\/table>\n<\/div>\n<\/div>\n<p data-start=\"1586\" data-end=\"1660\">Chaque taille est vendue comme un syst\u00e8me de masque complet et son prix peut varier.<\/p>\n<h2 data-start=\"1662\" data-end=\"1687\">\u00c0 qui est destin\u00e9 ce masque ?<\/h2>\n<p data-start=\"1688\" data-end=\"1912\">\u2022 Les utilisateurs de CPAP qui respirent par le nez et la bouche<br data-start=\"1739\" data-end=\"1742\" \/>\u2022 Les patients n\u00e9cessitant une solution fiable pour masque facial complet<br data-start=\"1799\" data-end=\"1802\" \/>\u2022 Les utilisateurs qui pr\u00e9f\u00e8rent un raccordement de tuyau traditionnel<br data-start=\"1850\" data-end=\"1853\" \/>\u2022 Ceux qui n\u00e9cessitent une \u00e9tanch\u00e9it\u00e9 stable \u00e0 des pressions th\u00e9rapeutiques plus \u00e9lev\u00e9es<\/p>\n<h2 data-start=\"1914\" data-end=\"1934\">Ce qui est inclus<\/h2>\n<p data-start=\"1935\" data-end=\"2068\">\u2022 Cadre de masque AirFit F20<br data-start=\"1958\" data-end=\"1961\" \/>\u2022 Coussin facial int\u00e9gral InfinitySeal dans la taille s\u00e9lectionn\u00e9e<br data-start=\"2010\" data-end=\"2013\" \/>\u2022 Coiffe r\u00e9glable<br data-start=\"2034\" data-end=\"2037\" \/>\u2022 Raccord coud\u00e9 et pivotant<\/p>\n<h2 data-start=\"2070\" data-end=\"2088\">Compatibilit\u00e9<\/h2>\n<p data-start=\"2089\" data-end=\"2231\">\u2022 Compatible avec la plupart des appareils CPAP et BiPAP<br data-start=\"2135\" data-end=\"2138\" \/>\u2022 Compatible avec les tubulures CPAP standard<br data-start=\"2171\" data-end=\"2174\" \/>\u2022 Interchangeable avec les autres coussins de la s\u00e9rie AirFit F20<\/p>\n<h2 data-start=\"2233\" data-end=\"2258\">Entretien et maintenance<\/h2>\n<p data-start=\"2259\" data-end=\"2441\">\u2022 Lavez quotidiennement le coussin et le cadre avec un savon doux<br data-start=\"2304\" data-end=\"2307\" \/>\u2022 Laver les couvre-chefs chaque semaine<br data-start=\"2329\" data-end=\"2332\" \/>\u2022 Rincer abondamment et laisser s\u00e9cher \u00e0 l&#039;air libre, \u00e0 l&#039;abri de la chaleur.<br data-start=\"2377\" data-end=\"2380\" \/>\u2022 Remplacez les composants selon les recommandations afin de maintenir les performances<\/p>\n<h2 data-start=\"2443\" data-end=\"2452\">FAQ<\/h2>\n<p data-start=\"2454\" data-end=\"2630\"><strong data-start=\"2454\" data-end=\"2514\">Qu\u2019est-ce qui rend le casque AirFit F20 adapt\u00e9 \u00e0 de nombreuses formes de visage\u00a0?<\/strong><br data-start=\"2514\" data-end=\"2517\" \/>Le coussin InfinitySeal utilise une technologie d&#039;\u00e9tanch\u00e9it\u00e9 multicouche qui s&#039;adapte aux mouvements et aux diff\u00e9rents niveaux de pression.<\/p>\n<p data-start=\"2632\" data-end=\"2783\"><strong data-start=\"2632\" data-end=\"2682\">Puis-je utiliser ce masque \u00e0 des r\u00e9glages de pression \u00e9lev\u00e9s\u00a0?<\/strong><br data-start=\"2682\" data-end=\"2685\" \/>Oui. L&#039;AirFit F20 est con\u00e7u pour maintenir une \u00e9tanch\u00e9it\u00e9 optimale m\u00eame \u00e0 des pressions CPAP et BiPAP plus \u00e9lev\u00e9es.<\/p>\n<p data-start=\"2785\" data-end=\"2872\"><strong data-start=\"2785\" data-end=\"2821\">Ce masque comprend-il une coiffe ?<\/strong><br data-start=\"2821\" data-end=\"2824\" \/>Oui. Le syst\u00e8me de masque complet comprend un harnais de t\u00eate.<\/p>\n<p data-start=\"2874\" data-end=\"2972\"><strong data-start=\"2874\" data-end=\"2905\">Le coussin est-il rempla\u00e7able\u00a0?<\/strong><br data-start=\"2905\" data-end=\"2908\" \/>Oui. Les coussins de rechange sont disponibles s\u00e9par\u00e9ment dans toutes les tailles.<\/p>\n<p data-start=\"2974\" data-end=\"3086\"><strong data-start=\"2974\" data-end=\"2997\">Ce masque est-il bruyant ?<\/strong><br data-start=\"2997\" data-end=\"3000\" \/>Non. Le syst\u00e8me de ventilation avanc\u00e9 est con\u00e7u pour minimiser le bruit et les perturbations du flux d&#039;air.<\/p>","protected":false},"excerpt":{"rendered":"<p>Le syst\u00e8me de masque complet ResMed AirFit F20 est un masque CPAP facial int\u00e9gral con\u00e7u pour assurer une \u00e9tanch\u00e9it\u00e9 fiable, des performances constantes et un confort optimal toute la nuit. Gr\u00e2ce \u00e0 la technologie de coussin InfinitySeal de ResMed, il s&#039;adapte \u00e0 une grande vari\u00e9t\u00e9 de morphologies faciales et de pressions th\u00e9rapeutiques.<\/p>","protected":false},"featured_media":6058,"comment_status":"open","ping_status":"closed","template":"","meta":[],"product_brand":[],"product_cat":[90,108],"product_tag":[],"class_list":{"0":"post-5945","1":"product","2":"type-product","3":"status-publish","4":"has-post-thumbnail","6":"product_cat-cpap-bipap-mask","7":"product_cat-resmed","9":"first","10":"instock","11":"sale","12":"taxable","13":"shipping-taxable","14":"purchasable","15":"product-type-variable"},"yoast_head":"<!-- This site is optimized with the Yoast SEO plugin v27.3 - https:\/\/yoast.com\/product\/yoast-seo-wordpress\/ -->\n<title>AirFit\u2122 F20 Complete Mask System | Respiart - Respiratory therapist Montreal<\/title>\n<meta name=\"description\" content=\"The ResMed AirFit F20 Complete Mask System is a full face CPAP mask designed to deliver a reliable seal, consistent performance, and all-night comfort. Built with ResMed\u2019s InfinitySeal cushion technology, it adapts to a wide range of facial structures and therapy pressures.\" \/>\n<meta name=\"robots\" content=\"index, follow, max-snippet:-1, max-image-preview:large, max-video-preview:-1\" \/>\n<link rel=\"canonical\" href=\"https:\/\/respiart.ca\/fr\/magasin\/systeme-de-masque-complet-airfit-f20\/\" \/>\n<meta property=\"og:locale\" content=\"fr_CA\" \/>\n<meta property=\"og:type\" content=\"article\" \/>\n<meta property=\"og:title\" content=\"AirFit\u2122 F20 Complete Mask System | Respiart - Respiratory therapist Montreal\" \/>\n<meta property=\"og:description\" content=\"The ResMed AirFit F20 Complete Mask System is a full face CPAP mask designed to deliver a reliable seal, consistent performance, and all-night comfort. Built with ResMed\u2019s InfinitySeal cushion technology, it adapts to a wide range of facial structures and therapy pressures.\" \/>\n<meta property=\"og:url\" content=\"https:\/\/respiart.ca\/fr\/magasin\/systeme-de-masque-complet-airfit-f20\/\" \/>\n<meta property=\"og:site_name\" content=\"Respiart - Respiratory therapist Montreal\" \/>\n<meta property=\"article:modified_time\" content=\"2025-12-21T15:12:27+00:00\" \/>\n<meta property=\"og:image\" content=\"https:\/\/respiart.ca\/wp-content\/uploads\/2025\/12\/AIRFIT_F20_1000x.webp\" \/>\n\t<meta property=\"og:image:width\" content=\"1000\" \/>\n\t<meta property=\"og:image:height\" content=\"1000\" \/>\n\t<meta property=\"og:image:type\" content=\"image\/webp\" \/>\n<meta name=\"twitter:card\" content=\"summary_large_image\" \/>\n<meta name=\"twitter:label1\" content=\"Estimation du temps de lecture\" \/>\n\t<meta name=\"twitter:data1\" content=\"1 minute\" \/>\n<script type=\"application\/ld+json\" class=\"yoast-schema-graph\">{\"@context\":\"https:\\\/\\\/schema.org\",\"@graph\":[{\"@type\":\"WebPage\",\"@id\":\"https:\\\/\\\/respiart.ca\\\/shop\\\/airfit-f20-complete-mask-system\\\/\",\"url\":\"https:\\\/\\\/respiart.ca\\\/shop\\\/airfit-f20-complete-mask-system\\\/\",\"name\":\"AirFit\u2122 F20 Complete Mask System | Respiart - Respiratory therapist Montreal\",\"isPartOf\":{\"@id\":\"https:\\\/\\\/respiart.ca\\\/ar\\\/#website\"},\"primaryImageOfPage\":{\"@id\":\"https:\\\/\\\/respiart.ca\\\/shop\\\/airfit-f20-complete-mask-system\\\/#primaryimage\"},\"image\":{\"@id\":\"https:\\\/\\\/respiart.ca\\\/shop\\\/airfit-f20-complete-mask-system\\\/#primaryimage\"},\"thumbnailUrl\":\"https:\\\/\\\/respiart.ca\\\/wp-content\\\/uploads\\\/2025\\\/12\\\/AIRFIT_F20_1000x.webp\",\"datePublished\":\"2025-12-19T11:48:51+00:00\",\"dateModified\":\"2025-12-21T15:12:27+00:00\",\"description\":\"The ResMed AirFit F20 Complete Mask System is a full face CPAP mask designed to deliver a reliable seal, consistent performance, and all-night comfort. Built with ResMed\u2019s InfinitySeal cushion technology, it adapts to a wide range of facial structures and therapy pressures.\",\"breadcrumb\":{\"@id\":\"https:\\\/\\\/respiart.ca\\\/shop\\\/airfit-f20-complete-mask-system\\\/#breadcrumb\"},\"inLanguage\":\"fr-CA\",\"potentialAction\":[{\"@type\":\"ReadAction\",\"target\":[\"https:\\\/\\\/respiart.ca\\\/shop\\\/airfit-f20-complete-mask-system\\\/\"]}]},{\"@type\":\"ImageObject\",\"inLanguage\":\"fr-CA\",\"@id\":\"https:\\\/\\\/respiart.ca\\\/shop\\\/airfit-f20-complete-mask-system\\\/#primaryimage\",\"url\":\"https:\\\/\\\/respiart.ca\\\/wp-content\\\/uploads\\\/2025\\\/12\\\/AIRFIT_F20_1000x.webp\",\"contentUrl\":\"https:\\\/\\\/respiart.ca\\\/wp-content\\\/uploads\\\/2025\\\/12\\\/AIRFIT_F20_1000x.webp\",\"width\":1000,\"height\":1000},{\"@type\":\"BreadcrumbList\",\"@id\":\"https:\\\/\\\/respiart.ca\\\/shop\\\/airfit-f20-complete-mask-system\\\/#breadcrumb\",\"itemListElement\":[{\"@type\":\"ListItem\",\"position\":1,\"name\":\"Home\",\"item\":\"https:\\\/\\\/respiart.ca\\\/\"},{\"@type\":\"ListItem\",\"position\":2,\"name\":\"Shop CPAP\",\"item\":\"https:\\\/\\\/respiart.ca\\\/ar\\\/%d9%85%d8%aa%d8%ac%d8%b1-cpap\\\/\"},{\"@type\":\"ListItem\",\"position\":3,\"name\":\"AirFit\u2122 F20 Complete Mask System\"}]},{\"@type\":\"WebSite\",\"@id\":\"https:\\\/\\\/respiart.ca\\\/ar\\\/#website\",\"url\":\"https:\\\/\\\/respiart.ca\\\/ar\\\/\",\"name\":\"RespiArt - Sleep apnea & CPAPs\",\"description\":\"CPAPs and tests for sleep apnea, asthma, oximetry\",\"publisher\":{\"@id\":\"https:\\\/\\\/respiart.ca\\\/ar\\\/#organization\"},\"potentialAction\":[{\"@type\":\"SearchAction\",\"target\":{\"@type\":\"EntryPoint\",\"urlTemplate\":\"https:\\\/\\\/respiart.ca\\\/ar\\\/?s={search_term_string}\"},\"query-input\":{\"@type\":\"PropertyValueSpecification\",\"valueRequired\":true,\"valueName\":\"search_term_string\"}}],\"inLanguage\":\"fr-CA\"},{\"@type\":\"Organization\",\"@id\":\"https:\\\/\\\/respiart.ca\\\/ar\\\/#organization\",\"name\":\"RespiArt - Sleep apnea & CPAPs\",\"url\":\"https:\\\/\\\/respiart.ca\\\/ar\\\/\",\"logo\":{\"@type\":\"ImageObject\",\"inLanguage\":\"fr-CA\",\"@id\":\"https:\\\/\\\/respiart.ca\\\/ar\\\/#\\\/schema\\\/logo\\\/image\\\/\",\"url\":\"https:\\\/\\\/respiart.ca\\\/wp-content\\\/uploads\\\/2022\\\/05\\\/Respiart-logo-1-e1651540192142.png\",\"contentUrl\":\"https:\\\/\\\/respiart.ca\\\/wp-content\\\/uploads\\\/2022\\\/05\\\/Respiart-logo-1-e1651540192142.png\",\"width\":237,\"height\":61,\"caption\":\"RespiArt - Sleep apnea & CPAPs\"},\"image\":{\"@id\":\"https:\\\/\\\/respiart.ca\\\/ar\\\/#\\\/schema\\\/logo\\\/image\\\/\"}}]}<\/script>\n<!-- \/ Yoast SEO plugin. -->","yoast_head_json":{"title":"Syst\u00e8me de masque complet AirFit\u2122 F20 | Respiart - Th\u00e9rapeute respiratoire Montr\u00e9al","description":"Le syst\u00e8me de masque complet ResMed AirFit F20 est un masque CPAP facial int\u00e9gral con\u00e7u pour assurer une \u00e9tanch\u00e9it\u00e9 fiable, des performances constantes et un confort optimal toute la nuit. Gr\u00e2ce \u00e0 la technologie de coussin InfinitySeal de ResMed, il s&#039;adapte \u00e0 une grande vari\u00e9t\u00e9 de morphologies faciales et de pressions th\u00e9rapeutiques.","robots":{"index":"index","follow":"follow","max-snippet":"max-snippet:-1","max-image-preview":"max-image-preview:large","max-video-preview":"max-video-preview:-1"},"canonical":"https:\/\/respiart.ca\/fr\/magasin\/systeme-de-masque-complet-airfit-f20\/","og_locale":"fr_CA","og_type":"article","og_title":"AirFit\u2122 F20 Complete Mask System | Respiart - Respiratory therapist Montreal","og_description":"The ResMed AirFit F20 Complete Mask System is a full face CPAP mask designed to deliver a reliable seal, consistent performance, and all-night comfort. Built with ResMed\u2019s InfinitySeal cushion technology, it adapts to a wide range of facial structures and therapy pressures.","og_url":"https:\/\/respiart.ca\/fr\/magasin\/systeme-de-masque-complet-airfit-f20\/","og_site_name":"Respiart - Respiratory therapist Montreal","article_modified_time":"2025-12-21T15:12:27+00:00","og_image":[{"width":1000,"height":1000,"url":"https:\/\/respiart.ca\/wp-content\/uploads\/2025\/12\/AIRFIT_F20_1000x.webp","type":"image\/webp"}],"twitter_card":"summary_large_image","twitter_misc":{"Estimation du temps de lecture":"1 minute"},"schema":{"@context":"https:\/\/schema.org","@graph":[{"@type":"WebPage","@id":"https:\/\/respiart.ca\/shop\/airfit-f20-complete-mask-system\/","url":"https:\/\/respiart.ca\/shop\/airfit-f20-complete-mask-system\/","name":"Syst\u00e8me de masque complet AirFit\u2122 F20 | Respiart - Th\u00e9rapeute respiratoire Montr\u00e9al","isPartOf":{"@id":"https:\/\/respiart.ca\/ar\/#website"},"primaryImageOfPage":{"@id":"https:\/\/respiart.ca\/shop\/airfit-f20-complete-mask-system\/#primaryimage"},"image":{"@id":"https:\/\/respiart.ca\/shop\/airfit-f20-complete-mask-system\/#primaryimage"},"thumbnailUrl":"https:\/\/respiart.ca\/wp-content\/uploads\/2025\/12\/AIRFIT_F20_1000x.webp","datePublished":"2025-12-19T11:48:51+00:00","dateModified":"2025-12-21T15:12:27+00:00","description":"Le syst\u00e8me de masque complet ResMed AirFit F20 est un masque CPAP facial int\u00e9gral con\u00e7u pour assurer une \u00e9tanch\u00e9it\u00e9 fiable, des performances constantes et un confort optimal toute la nuit. Gr\u00e2ce \u00e0 la technologie de coussin InfinitySeal de ResMed, il s&#039;adapte \u00e0 une grande vari\u00e9t\u00e9 de morphologies faciales et de pressions th\u00e9rapeutiques.","breadcrumb":{"@id":"https:\/\/respiart.ca\/shop\/airfit-f20-complete-mask-system\/#breadcrumb"},"inLanguage":"fr-CA","potentialAction":[{"@type":"ReadAction","target":["https:\/\/respiart.ca\/shop\/airfit-f20-complete-mask-system\/"]}]},{"@type":"ImageObject","inLanguage":"fr-CA","@id":"https:\/\/respiart.ca\/shop\/airfit-f20-complete-mask-system\/#primaryimage","url":"https:\/\/respiart.ca\/wp-content\/uploads\/2025\/12\/AIRFIT_F20_1000x.webp","contentUrl":"https:\/\/respiart.ca\/wp-content\/uploads\/2025\/12\/AIRFIT_F20_1000x.webp","width":1000,"height":1000},{"@type":"BreadcrumbList","@id":"https:\/\/respiart.ca\/shop\/airfit-f20-complete-mask-system\/#breadcrumb","itemListElement":[{"@type":"ListItem","position":1,"name":"Home","item":"https:\/\/respiart.ca\/"},{"@type":"ListItem","position":2,"name":"Shop CPAP","item":"https:\/\/respiart.ca\/ar\/%d9%85%d8%aa%d8%ac%d8%b1-cpap\/"},{"@type":"ListItem","position":3,"name":"AirFit\u2122 F20 Complete Mask System"}]},{"@type":"WebSite","@id":"https:\/\/respiart.ca\/ar\/#website","url":"https:\/\/respiart.ca\/ar\/","name":"RespiArt - Apn\u00e9e du sommeil et CPAP","description":"CPAP et tests pour l&#039;apn\u00e9e du sommeil, l&#039;asthme, l&#039;oxym\u00e9trie","publisher":{"@id":"https:\/\/respiart.ca\/ar\/#organization"},"potentialAction":[{"@type":"SearchAction","target":{"@type":"EntryPoint","urlTemplate":"https:\/\/respiart.ca\/ar\/?s={search_term_string}"},"query-input":{"@type":"PropertyValueSpecification","valueRequired":true,"valueName":"search_term_string"}}],"inLanguage":"fr-CA"},{"@type":"Organization","@id":"https:\/\/respiart.ca\/ar\/#organization","name":"RespiArt - Apn\u00e9e du sommeil et CPAP","url":"https:\/\/respiart.ca\/ar\/","logo":{"@type":"ImageObject","inLanguage":"fr-CA","@id":"https:\/\/respiart.ca\/ar\/#\/schema\/logo\/image\/","url":"https:\/\/respiart.ca\/wp-content\/uploads\/2022\/05\/Respiart-logo-1-e1651540192142.png","contentUrl":"https:\/\/respiart.ca\/wp-content\/uploads\/2022\/05\/Respiart-logo-1-e1651540192142.png","width":237,"height":61,"caption":"RespiArt - Sleep apnea & CPAPs"},"image":{"@id":"https:\/\/respiart.ca\/ar\/#\/schema\/logo\/image\/"}}]}},"_links":{"self":[{"href":"https:\/\/respiart.ca\/fr\/wp-json\/wp\/v2\/product\/5945","targetHints":{"allow":["GET"]}}],"collection":[{"href":"https:\/\/respiart.ca\/fr\/wp-json\/wp\/v2\/product"}],"about":[{"href":"https:\/\/respiart.ca\/fr\/wp-json\/wp\/v2\/types\/product"}],"replies":[{"embeddable":true,"href":"https:\/\/respiart.ca\/fr\/wp-json\/wp\/v2\/comments?post=5945"}],"wp:featuredmedia":[{"embeddable":true,"href":"https:\/\/respiart.ca\/fr\/wp-json\/wp\/v2\/media\/6058"}],"wp:attachment":[{"href":"https:\/\/respiart.ca\/fr\/wp-json\/wp\/v2\/media?parent=5945"}],"wp:term":[{"taxonomy":"product_brand","embeddable":true,"href":"https:\/\/respiart.ca\/fr\/wp-json\/wp\/v2\/product_brand?post=5945"},{"taxonomy":"product_cat","embeddable":true,"href":"https:\/\/respiart.ca\/fr\/wp-json\/wp\/v2\/product_cat?post=5945"},{"taxonomy":"product_tag","embeddable":true,"href":"https:\/\/respiart.ca\/fr\/wp-json\/wp\/v2\/product_tag?post=5945"}],"curies":[{"name":"wp","href":"https:\/\/api.w.org\/{rel}","templated":true}]}}