{"id":5947,"date":"2025-12-19T11:49:02","date_gmt":"2025-12-19T11:49:02","guid":{"rendered":"http:\/\/f4i.0cc.mytemp.website\/shop\/airfit-x30i-standard-starter-pack\/"},"modified":"2026-04-23T19:11:46","modified_gmt":"2026-04-23T19:11:46","slug":"airfit-x30i","status":"publish","type":"product","link":"https:\/\/respiart.ca\/fr\/shop\/airfit-x30i\/","title":{"rendered":"AirFit\u2122 X30i"},"content":{"rendered":"<p data-start=\"399\" data-end=\"699\">Le kit de d\u00e9marrage AirFit X30i est con\u00e7u pour les utilisateurs d&#039;appareils CPAP qui recherchent un masque facial complet offrant un confort optimal tout en garantissant un traitement fiable. Son syst\u00e8me innovant de raccordement du tuyau au sommet de la t\u00eate permet de garder le tuyau hors de port\u00e9e et de changer facilement de position de sommeil sans compromettre l&#039;\u00e9tanch\u00e9it\u00e9.<\/p>\n<p data-start=\"701\" data-end=\"821\">Le format du kit de d\u00e9marrage le rend id\u00e9al pour les nouveaux utilisateurs ou les patients qui souhaitent une certaine flexibilit\u00e9 pour trouver la solution qui leur convient.<\/p>\n<h2 data-start=\"823\" data-end=\"840\">Principaux avantages<\/h2>\n<p data-start=\"841\" data-end=\"1148\">\u2022 Le raccord du tuyau situ\u00e9 sur le dessus de la t\u00eate maintient le tuyau \u00e9loign\u00e9 du visage.<br data-start=\"906\" data-end=\"909\" \/>\u2022 Joint d&#039;\u00e9tanch\u00e9it\u00e9 stable con\u00e7u pour les personnes qui dorment activement ou sur le c\u00f4t\u00e9<br data-start=\"960\" data-end=\"963\" \/>\u2022 Contact facial r\u00e9duit par rapport aux masques faciaux complets traditionnels<br data-start=\"1027\" data-end=\"1030\" \/>\u2022 Syst\u00e8me de ventilation silencieux pour un minimum de perturbation du sommeil<br data-start=\"1081\" data-end=\"1084\" \/>\u2022 Un champ de vision d\u00e9gag\u00e9 pour lire ou regarder la t\u00e9l\u00e9vision avant de dormir<\/p>\n<h2 data-start=\"1150\" data-end=\"1163\">Fonctionnalit\u00e9s<\/h2>\n<p data-start=\"1164\" data-end=\"1421\">\u2022 Conception \u00e0 cadre creux permettant la circulation de l&#039;air \u00e0 travers le cadre<br data-start=\"1220\" data-end=\"1223\" \/>\u2022 Coude \u00e0 d\u00e9gagement rapide pour une d\u00e9connexion facile<br data-start=\"1267\" data-end=\"1270\" \/>\u2022 Coussinet souple con\u00e7u pour le confort et une \u00e9tanch\u00e9it\u00e9 constante<br data-start=\"1328\" data-end=\"1331\" \/>\u2022 Serre-t\u00eate ajustable pour un ajustement personnalis\u00e9<br data-start=\"1373\" data-end=\"1376\" \/>\u2022 Un masque facial int\u00e9gral au design moderne et discret<\/p>\n<h2 data-start=\"1423\" data-end=\"1458\">Options de pack de d\u00e9marrage disponibles<\/h2>\n<div class=\"TyagGW_tableContainer\">\n<div class=\"group TyagGW_tableWrapper flex w-fit flex-col-reverse\" tabindex=\"-1\">\n<table class=\"w-fit min-w-(--thread-content-width)\" data-start=\"1460\" data-end=\"1688\">\n<thead data-start=\"1460\" data-end=\"1499\">\n<tr data-start=\"1460\" data-end=\"1499\">\n<th data-start=\"1460\" data-end=\"1483\" data-col-size=\"sm\">Version du pack de d\u00e9marrage<\/th>\n<th data-start=\"1483\" data-end=\"1499\" data-col-size=\"md\">Taille pr\u00e9vue<\/th>\n<\/tr>\n<\/thead>\n<tbody data-start=\"1539\" data-end=\"1688\">\n<tr data-start=\"1539\" data-end=\"1610\">\n<td data-start=\"1539\" data-end=\"1560\" data-col-size=\"sm\">Grand pack de d\u00e9marrage<\/td>\n<td data-start=\"1560\" data-end=\"1610\" data-col-size=\"md\">Con\u00e7u pour les utilisateurs n\u00e9cessitant une grande taille de cadre<\/td>\n<\/tr>\n<tr data-start=\"1611\" data-end=\"1688\">\n<td data-start=\"1611\" data-end=\"1635\" data-col-size=\"sm\">Pack de d\u00e9marrage standard<\/td>\n<td data-start=\"1635\" data-end=\"1688\" data-col-size=\"md\">Con\u00e7u pour les utilisateurs n\u00e9cessitant un cadre standard<\/td>\n<\/tr>\n<\/tbody>\n<\/table>\n<\/div>\n<\/div>\n<p data-start=\"1690\" data-end=\"1817\">Chaque kit de d\u00e9marrage comprend les \u00e9l\u00e9ments essentiels pour d\u00e9buter la th\u00e9rapie et son prix peut varier en fonction de sa configuration.<\/p>\n<h2 data-start=\"1819\" data-end=\"1844\">\u00c0 qui est destin\u00e9 ce masque ?<\/h2>\n<p data-start=\"1845\" data-end=\"2073\">\u2022 Les utilisateurs de CPAP qui respirent par le nez et la bouche<br data-start=\"1896\" data-end=\"1899\" \/>\u2022 Les dormeurs actifs qui changent de position pendant la nuit<br data-start=\"1954\" data-end=\"1957\" \/>\u2022 Les utilisateurs qui pr\u00e9f\u00e8rent une interf\u00e9rence minimale avec les tubes<br data-start=\"2003\" data-end=\"2006\" \/>\u2022 Patients recherchant une solution initiale avec une grande flexibilit\u00e9 de taille<\/p>\n<h2 data-start=\"2075\" data-end=\"2115\">Contenu du pack de d\u00e9marrage<\/h2>\n<p data-start=\"2116\" data-end=\"2274\">\u2022 Cadre AirFit X30i dans la taille s\u00e9lectionn\u00e9e<br data-start=\"2152\" data-end=\"2155\" \/>\u2022 Coussin(s) compatible(s) inclus dans la configuration de base<br data-start=\"2216\" data-end=\"2219\" \/>\u2022 Coiffe r\u00e9glable<br data-start=\"2240\" data-end=\"2243\" \/>\u2022 Raccord coud\u00e9 et pivotant<\/p>\n<p data-start=\"2276\" data-end=\"2335\">La composition exacte peut varier l\u00e9g\u00e8rement selon la version du pack de d\u00e9marrage.<\/p>\n<h2 data-start=\"2337\" data-end=\"2355\">Compatibilit\u00e9<\/h2>\n<p data-start=\"2356\" data-end=\"2496\">\u2022 Compatible avec les appareils CPAP et BiPAP standard<br data-start=\"2406\" data-end=\"2409\" \/>\u2022 Compatible avec les tubulures CPAP standard<br data-start=\"2442\" data-end=\"2445\" \/>\u2022 Con\u00e7u exclusivement pour le syst\u00e8me AirFit X30i<\/p>\n<h2 data-start=\"2498\" data-end=\"2523\">Entretien et maintenance<\/h2>\n<p data-start=\"2524\" data-end=\"2705\">\u2022 Lavez r\u00e9guli\u00e8rement le coussin, le cadre et le harnais avec un savon doux.<br data-start=\"2584\" data-end=\"2587\" \/>\u2022 Rincer abondamment et laisser s\u00e9cher \u00e0 l&#039;air libre, \u00e0 l&#039;abri de la chaleur directe.<br data-start=\"2639\" data-end=\"2642\" \/>\u2022 Inspectez r\u00e9guli\u00e8rement les composants pour d\u00e9tecter toute usure et remplacez-les au besoin.<\/p>\n<h2 data-start=\"2707\" data-end=\"2716\">FAQ<\/h2>\n<p data-start=\"2718\" data-end=\"2968\"><strong data-start=\"2718\" data-end=\"2789\">Quelle est la diff\u00e9rence entre le pack de d\u00e9marrage grand format et le pack de d\u00e9marrage standard\u00a0?<\/strong><br data-start=\"2789\" data-end=\"2792\" \/>La diff\u00e9rence r\u00e9side dans la taille de la monture. Le kit de d\u00e9marrage Large est con\u00e7u pour les personnes ayant besoin d&#039;une monture plus large, tandis que le kit de d\u00e9marrage Standard convient \u00e0 la plupart des visages.<\/p>\n<p data-start=\"2970\" data-end=\"3089\"><strong data-start=\"2970\" data-end=\"2999\">S&#039;agit-il d&#039;un masque couvrant tout le visage\u00a0?<\/strong><br data-start=\"2999\" data-end=\"3002\" \/>Oui. L&#039;AirFit X30i est con\u00e7u pour les utilisateurs qui respirent \u00e0 la fois par le nez et par la bouche.<\/p>\n<p data-start=\"3091\" data-end=\"3234\"><strong data-start=\"3091\" data-end=\"3133\">Puis-je dormir sur le c\u00f4t\u00e9 avec ce masque ?<\/strong><br data-start=\"3133\" data-end=\"3136\" \/>Oui. Le raccordement du tuyau en haut de la t\u00eate et la conception stable du cadre permettent une utilisation confortable sur le c\u00f4t\u00e9 et par les dormeurs actifs.<\/p>\n<p data-start=\"3236\" data-end=\"3336\"><strong data-start=\"3236\" data-end=\"3279\">Le kit de d\u00e9marrage comprend-il un couvre-chef\u00a0?<\/strong><br data-start=\"3279\" data-end=\"3282\" \/>Oui. Le casque est inclus dans le pack de d\u00e9marrage.<\/p>\n<p data-start=\"3338\" data-end=\"3477\"><strong data-start=\"3338\" data-end=\"3385\">Ce produit convient-il aux personnes utilisant un appareil CPAP pour la premi\u00e8re fois\u00a0?<\/strong><br data-start=\"3385\" data-end=\"3388\" \/>Oui. Le format de kit de d\u00e9marrage en fait une option pratique pour les utilisateurs d\u00e9butant un traitement par PPC.<\/p>","protected":false},"excerpt":{"rendered":"<p>Le pack de d\u00e9marrage AirFit X30i est con\u00e7u pour <a href=\"https:\/\/respiart.ca\/fr\/magasin-cpap\/\">PPC<\/a> Ce masque est id\u00e9al pour les utilisateurs recherchant un masque facial complet offrant une sensation de libert\u00e9 tout en garantissant une th\u00e9rapie efficace. Son syst\u00e8me innovant de raccordement du tuyau au sommet de la t\u00eate permet de garder le tuyau hors de port\u00e9e et de changer facilement de position de sommeil sans compromettre l&#039;\u00e9tanch\u00e9it\u00e9.<\/p>\n<p>Le format du kit de d\u00e9marrage le rend id\u00e9al pour les nouveaux utilisateurs ou les patients qui souhaitent une certaine flexibilit\u00e9 pour trouver la solution qui leur convient.<\/p>","protected":false},"featured_media":6050,"comment_status":"open","ping_status":"closed","template":"","meta":[],"product_brand":[],"product_cat":[108],"product_tag":[],"class_list":{"0":"post-5947","1":"product","2":"type-product","3":"status-publish","4":"has-post-thumbnail","6":"product_cat-resmed","8":"first","9":"instock","10":"sale","11":"taxable","12":"shipping-taxable","13":"purchasable","14":"product-type-variable"},"yoast_head":"<!-- This site is optimized with the Yoast SEO plugin v27.5 - https:\/\/yoast.com\/product\/yoast-seo-wordpress\/ -->\n<title>AirFit\u2122 X30i | Respiart - Respiratory therapist Montreal<\/title>\n<meta name=\"description\" content=\"The AirFit X30i Starter Pack is designed for CPAP users who want a full face mask that feels less restrictive while delivering reliable therapy. Its innovative top-of-the-head tubing connection keeps the hose out of the way, allowing you to change sleeping positions easily without breaking the seal.  The starter pack format makes it ideal for first-time users or patients who want flexibility when finding the right fit.\" \/>\n<meta name=\"robots\" content=\"index, follow, max-snippet:-1, max-image-preview:large, max-video-preview:-1\" \/>\n<link rel=\"canonical\" href=\"https:\/\/respiart.ca\/fr\/magasin\/airfit-x30i\/\" \/>\n<meta property=\"og:locale\" content=\"fr_CA\" \/>\n<meta property=\"og:type\" content=\"article\" \/>\n<meta property=\"og:title\" content=\"AirFit\u2122 X30i | Respiart - Respiratory therapist Montreal\" \/>\n<meta property=\"og:description\" content=\"The AirFit X30i Starter Pack is designed for CPAP users who want a full face mask that feels less restrictive while delivering reliable therapy. Its innovative top-of-the-head tubing connection keeps the hose out of the way, allowing you to change sleeping positions easily without breaking the seal.  The starter pack format makes it ideal for first-time users or patients who want flexibility when finding the right fit.\" \/>\n<meta property=\"og:url\" content=\"https:\/\/respiart.ca\/fr\/magasin\/airfit-x30i\/\" \/>\n<meta property=\"og:site_name\" content=\"Respiart - Respiratory therapist Montreal\" \/>\n<meta property=\"article:modified_time\" content=\"2026-04-23T19:11:46+00:00\" \/>\n<meta property=\"og:image\" content=\"https:\/\/respiart.ca\/wp-content\/uploads\/2025\/12\/sleep-apnea-airfit-x30i-right-side-view-1024x741-1.jpg\" \/>\n\t<meta property=\"og:image:width\" content=\"1024\" \/>\n\t<meta property=\"og:image:height\" content=\"741\" \/>\n\t<meta property=\"og:image:type\" content=\"image\/jpeg\" \/>\n<meta name=\"twitter:card\" content=\"summary_large_image\" \/>\n<meta name=\"twitter:label1\" content=\"Estimation du temps de lecture\" \/>\n\t<meta name=\"twitter:data1\" content=\"3 minutes\" \/>\n<script type=\"application\/ld+json\" class=\"yoast-schema-graph\">{\"@context\":\"https:\\\/\\\/schema.org\",\"@graph\":[{\"@type\":\"WebPage\",\"@id\":\"https:\\\/\\\/respiart.ca\\\/shop\\\/airfit-x30i\\\/\",\"url\":\"https:\\\/\\\/respiart.ca\\\/shop\\\/airfit-x30i\\\/\",\"name\":\"AirFit\u2122 X30i | Respiart - Respiratory therapist Montreal\",\"isPartOf\":{\"@id\":\"https:\\\/\\\/respiart.ca\\\/ar\\\/#website\"},\"primaryImageOfPage\":{\"@id\":\"https:\\\/\\\/respiart.ca\\\/shop\\\/airfit-x30i\\\/#primaryimage\"},\"image\":{\"@id\":\"https:\\\/\\\/respiart.ca\\\/shop\\\/airfit-x30i\\\/#primaryimage\"},\"thumbnailUrl\":\"https:\\\/\\\/respiart.ca\\\/wp-content\\\/uploads\\\/2025\\\/12\\\/sleep-apnea-airfit-x30i-right-side-view-1024x741-1.jpg\",\"datePublished\":\"2025-12-19T11:49:02+00:00\",\"dateModified\":\"2026-04-23T19:11:46+00:00\",\"description\":\"The AirFit X30i Starter Pack is designed for CPAP users who want a full face mask that feels less restrictive while delivering reliable therapy. Its innovative top-of-the-head tubing connection keeps the hose out of the way, allowing you to change sleeping positions easily without breaking the seal. The starter pack format makes it ideal for first-time users or patients who want flexibility when finding the right fit.\",\"breadcrumb\":{\"@id\":\"https:\\\/\\\/respiart.ca\\\/shop\\\/airfit-x30i\\\/#breadcrumb\"},\"inLanguage\":\"fr-CA\",\"potentialAction\":[{\"@type\":\"ReadAction\",\"target\":[\"https:\\\/\\\/respiart.ca\\\/shop\\\/airfit-x30i\\\/\"]}]},{\"@type\":\"ImageObject\",\"inLanguage\":\"fr-CA\",\"@id\":\"https:\\\/\\\/respiart.ca\\\/shop\\\/airfit-x30i\\\/#primaryimage\",\"url\":\"https:\\\/\\\/respiart.ca\\\/wp-content\\\/uploads\\\/2025\\\/12\\\/sleep-apnea-airfit-x30i-right-side-view-1024x741-1.jpg\",\"contentUrl\":\"https:\\\/\\\/respiart.ca\\\/wp-content\\\/uploads\\\/2025\\\/12\\\/sleep-apnea-airfit-x30i-right-side-view-1024x741-1.jpg\",\"width\":1024,\"height\":741},{\"@type\":\"BreadcrumbList\",\"@id\":\"https:\\\/\\\/respiart.ca\\\/shop\\\/airfit-x30i\\\/#breadcrumb\",\"itemListElement\":[{\"@type\":\"ListItem\",\"position\":1,\"name\":\"Home\",\"item\":\"https:\\\/\\\/respiart.ca\\\/\"},{\"@type\":\"ListItem\",\"position\":2,\"name\":\"Shop CPAP\",\"item\":\"https:\\\/\\\/respiart.ca\\\/shop-cpap\\\/\"},{\"@type\":\"ListItem\",\"position\":3,\"name\":\"AirFit\u2122 X30i\"}]},{\"@type\":\"WebSite\",\"@id\":\"https:\\\/\\\/respiart.ca\\\/ar\\\/#website\",\"url\":\"https:\\\/\\\/respiart.ca\\\/ar\\\/\",\"name\":\"RespiArt - Sleep apnea & CPAPs\",\"description\":\"CPAPs and tests for sleep apnea, asthma, oximetry\",\"publisher\":{\"@id\":\"https:\\\/\\\/respiart.ca\\\/ar\\\/#organization\"},\"potentialAction\":[{\"@type\":\"SearchAction\",\"target\":{\"@type\":\"EntryPoint\",\"urlTemplate\":\"https:\\\/\\\/respiart.ca\\\/ar\\\/?s={search_term_string}\"},\"query-input\":{\"@type\":\"PropertyValueSpecification\",\"valueRequired\":true,\"valueName\":\"search_term_string\"}}],\"inLanguage\":\"fr-CA\"},{\"@type\":\"Organization\",\"@id\":\"https:\\\/\\\/respiart.ca\\\/ar\\\/#organization\",\"name\":\"RespiArt - Sleep apnea & CPAPs\",\"url\":\"https:\\\/\\\/respiart.ca\\\/ar\\\/\",\"logo\":{\"@type\":\"ImageObject\",\"inLanguage\":\"fr-CA\",\"@id\":\"https:\\\/\\\/respiart.ca\\\/ar\\\/#\\\/schema\\\/logo\\\/image\\\/\",\"url\":\"https:\\\/\\\/respiart.ca\\\/wp-content\\\/uploads\\\/2022\\\/05\\\/Respiart-logo-1-e1651540192142.png\",\"contentUrl\":\"https:\\\/\\\/respiart.ca\\\/wp-content\\\/uploads\\\/2022\\\/05\\\/Respiart-logo-1-e1651540192142.png\",\"width\":237,\"height\":61,\"caption\":\"RespiArt - Sleep apnea & CPAPs\"},\"image\":{\"@id\":\"https:\\\/\\\/respiart.ca\\\/ar\\\/#\\\/schema\\\/logo\\\/image\\\/\"}}]}<\/script>\n<!-- \/ Yoast SEO plugin. -->","yoast_head_json":{"title":"AirFit\u2122 X30i | Respiart - Th\u00e9rapeute respiratoire Montr\u00e9al","description":"Le kit de d\u00e9marrage AirFit X30i est con\u00e7u pour les utilisateurs de PPC qui recherchent un masque facial complet offrant un confort optimal tout en garantissant un traitement fiable. Son syst\u00e8me innovant de raccordement du tuyau au sommet de la t\u00eate permet de garder le tuyau hors de port\u00e9e et de changer facilement de position de sommeil sans compromettre l&#039;\u00e9tanch\u00e9it\u00e9. Ce format de kit de d\u00e9marrage est id\u00e9al pour les nouveaux utilisateurs ou les patients souhaitant trouver le masque qui leur convient le mieux.","robots":{"index":"index","follow":"follow","max-snippet":"max-snippet:-1","max-image-preview":"max-image-preview:large","max-video-preview":"max-video-preview:-1"},"canonical":"https:\/\/respiart.ca\/fr\/magasin\/airfit-x30i\/","og_locale":"fr_CA","og_type":"article","og_title":"AirFit\u2122 X30i | Respiart - Respiratory therapist Montreal","og_description":"The AirFit X30i Starter Pack is designed for CPAP users who want a full face mask that feels less restrictive while delivering reliable therapy. Its innovative top-of-the-head tubing connection keeps the hose out of the way, allowing you to change sleeping positions easily without breaking the seal.  The starter pack format makes it ideal for first-time users or patients who want flexibility when finding the right fit.","og_url":"https:\/\/respiart.ca\/fr\/magasin\/airfit-x30i\/","og_site_name":"Respiart - Respiratory therapist Montreal","article_modified_time":"2026-04-23T19:11:46+00:00","og_image":[{"width":1024,"height":741,"url":"https:\/\/respiart.ca\/wp-content\/uploads\/2025\/12\/sleep-apnea-airfit-x30i-right-side-view-1024x741-1.jpg","type":"image\/jpeg"}],"twitter_card":"summary_large_image","twitter_misc":{"Estimation du temps de lecture":"3 minutes"},"schema":{"@context":"https:\/\/schema.org","@graph":[{"@type":"WebPage","@id":"https:\/\/respiart.ca\/shop\/airfit-x30i\/","url":"https:\/\/respiart.ca\/shop\/airfit-x30i\/","name":"AirFit\u2122 X30i | Respiart - Th\u00e9rapeute respiratoire Montr\u00e9al","isPartOf":{"@id":"https:\/\/respiart.ca\/ar\/#website"},"primaryImageOfPage":{"@id":"https:\/\/respiart.ca\/shop\/airfit-x30i\/#primaryimage"},"image":{"@id":"https:\/\/respiart.ca\/shop\/airfit-x30i\/#primaryimage"},"thumbnailUrl":"https:\/\/respiart.ca\/wp-content\/uploads\/2025\/12\/sleep-apnea-airfit-x30i-right-side-view-1024x741-1.jpg","datePublished":"2025-12-19T11:49:02+00:00","dateModified":"2026-04-23T19:11:46+00:00","description":"Le kit de d\u00e9marrage AirFit X30i est con\u00e7u pour les utilisateurs de PPC qui recherchent un masque facial complet offrant un confort optimal tout en garantissant un traitement fiable. Son syst\u00e8me innovant de connexion du tuyau au sommet de la t\u00eate permet de garder le tuyau hors de port\u00e9e et de changer facilement de position de sommeil sans compromettre l&#039;\u00e9tanch\u00e9it\u00e9. Ce format de kit de d\u00e9marrage est id\u00e9al pour les nouveaux utilisateurs ou les patients souhaitant trouver le masque qui leur convient le mieux.","breadcrumb":{"@id":"https:\/\/respiart.ca\/shop\/airfit-x30i\/#breadcrumb"},"inLanguage":"fr-CA","potentialAction":[{"@type":"ReadAction","target":["https:\/\/respiart.ca\/shop\/airfit-x30i\/"]}]},{"@type":"ImageObject","inLanguage":"fr-CA","@id":"https:\/\/respiart.ca\/shop\/airfit-x30i\/#primaryimage","url":"https:\/\/respiart.ca\/wp-content\/uploads\/2025\/12\/sleep-apnea-airfit-x30i-right-side-view-1024x741-1.jpg","contentUrl":"https:\/\/respiart.ca\/wp-content\/uploads\/2025\/12\/sleep-apnea-airfit-x30i-right-side-view-1024x741-1.jpg","width":1024,"height":741},{"@type":"BreadcrumbList","@id":"https:\/\/respiart.ca\/shop\/airfit-x30i\/#breadcrumb","itemListElement":[{"@type":"ListItem","position":1,"name":"Home","item":"https:\/\/respiart.ca\/"},{"@type":"ListItem","position":2,"name":"Shop CPAP","item":"https:\/\/respiart.ca\/shop-cpap\/"},{"@type":"ListItem","position":3,"name":"AirFit\u2122 X30i"}]},{"@type":"WebSite","@id":"https:\/\/respiart.ca\/ar\/#website","url":"https:\/\/respiart.ca\/ar\/","name":"RespiArt - Apn\u00e9e du sommeil et CPAP","description":"CPAP et tests pour l&#039;apn\u00e9e du sommeil, l&#039;asthme, l&#039;oxym\u00e9trie","publisher":{"@id":"https:\/\/respiart.ca\/ar\/#organization"},"potentialAction":[{"@type":"SearchAction","target":{"@type":"EntryPoint","urlTemplate":"https:\/\/respiart.ca\/ar\/?s={search_term_string}"},"query-input":{"@type":"PropertyValueSpecification","valueRequired":true,"valueName":"search_term_string"}}],"inLanguage":"fr-CA"},{"@type":"Organization","@id":"https:\/\/respiart.ca\/ar\/#organization","name":"RespiArt - Apn\u00e9e du sommeil et CPAP","url":"https:\/\/respiart.ca\/ar\/","logo":{"@type":"ImageObject","inLanguage":"fr-CA","@id":"https:\/\/respiart.ca\/ar\/#\/schema\/logo\/image\/","url":"https:\/\/respiart.ca\/wp-content\/uploads\/2022\/05\/Respiart-logo-1-e1651540192142.png","contentUrl":"https:\/\/respiart.ca\/wp-content\/uploads\/2022\/05\/Respiart-logo-1-e1651540192142.png","width":237,"height":61,"caption":"RespiArt - Sleep apnea & CPAPs"},"image":{"@id":"https:\/\/respiart.ca\/ar\/#\/schema\/logo\/image\/"}}]}},"_links":{"self":[{"href":"https:\/\/respiart.ca\/fr\/wp-json\/wp\/v2\/product\/5947","targetHints":{"allow":["GET"]}}],"collection":[{"href":"https:\/\/respiart.ca\/fr\/wp-json\/wp\/v2\/product"}],"about":[{"href":"https:\/\/respiart.ca\/fr\/wp-json\/wp\/v2\/types\/product"}],"replies":[{"embeddable":true,"href":"https:\/\/respiart.ca\/fr\/wp-json\/wp\/v2\/comments?post=5947"}],"wp:featuredmedia":[{"embeddable":true,"href":"https:\/\/respiart.ca\/fr\/wp-json\/wp\/v2\/media\/6050"}],"wp:attachment":[{"href":"https:\/\/respiart.ca\/fr\/wp-json\/wp\/v2\/media?parent=5947"}],"wp:term":[{"taxonomy":"product_brand","embeddable":true,"href":"https:\/\/respiart.ca\/fr\/wp-json\/wp\/v2\/product_brand?post=5947"},{"taxonomy":"product_cat","embeddable":true,"href":"https:\/\/respiart.ca\/fr\/wp-json\/wp\/v2\/product_cat?post=5947"},{"taxonomy":"product_tag","embeddable":true,"href":"https:\/\/respiart.ca\/fr\/wp-json\/wp\/v2\/product_tag?post=5947"}],"curies":[{"name":"wp","href":"https:\/\/api.w.org\/{rel}","templated":true}]}}