{"id":5948,"date":"2025-12-19T11:49:08","date_gmt":"2025-12-19T11:49:08","guid":{"rendered":"http:\/\/f4i.0cc.mytemp.website\/shop\/airtouch-f30i-comfort-mask-system-large-cushion-standard-frame\/"},"modified":"2026-04-23T19:12:30","modified_gmt":"2026-04-23T19:12:30","slug":"systeme-de-masque-de-confort-airtouch-f30i","status":"publish","type":"product","link":"https:\/\/respiart.ca\/fr\/shop\/airtouch-f30i-comfort-mask-system\/","title":{"rendered":"Syst\u00e8me de masque de confort AirTouch\u2122 F30i"},"content":{"rendered":"<p data-start=\"397\" data-end=\"710\">L&#039;AirTouch F30i <a href=\"https:\/\/respiart.ca\/fr\/categorie-produit\/masque-bipap-cpap\/\">masque de confort<\/a> Le syst\u00e8me combine <a href=\"https:\/\/respiart.ca\/fr\/categorie-produit\/marques\/resmed\/\">ResMed<\/a>\u2019Le cadre F30i de conception avanc\u00e9e est associ\u00e9 \u00e0 un coussin en mousse \u00e0 m\u00e9moire de forme UltraSoft d&#039;une douceur incomparable. Son syst\u00e8me innovant de raccordement du tuyau au sommet de la t\u00eate permet de maintenir le tuyau hors de port\u00e9e, offrant ainsi aux utilisateurs la possibilit\u00e9 de dormir dans n&#039;importe quelle position tout en garantissant une \u00e9tanch\u00e9it\u00e9 optimale et une th\u00e9rapie constante.<\/p>\n<p data-start=\"712\" data-end=\"856\">Ce masque est id\u00e9al pour les utilisateurs d&#039;appareils CPAP qui respirent par le nez et la bouche et qui souhaitent une alternative discr\u00e8te aux masques traditionnels. <a href=\"https:\/\/respiart.ca\/fr\/categorie-produit\/masque-bipap-cpap\/masque-facial-cpap-complet\/\">visage complet<\/a> masques.<\/p>\n<h2 data-start=\"858\" data-end=\"875\">Principaux avantages<\/h2>\n<p data-start=\"876\" data-end=\"1186\">\u2022 Fixation du tube de direction en haut pour une plus grande libert\u00e9 de mouvement<br data-start=\"941\" data-end=\"944\" \/>\u2022 Le coussin en mousse \u00e0 m\u00e9moire de forme s&#039;adapte aux contours du visage pour une \u00e9tanch\u00e9it\u00e9 optimale.<br data-start=\"1009\" data-end=\"1012\" \/>\u2022 R\u00e9duction du contact avec le visage pour minimiser les marques et les points de pression<br data-start=\"1079\" data-end=\"1082\" \/>\u2022 Conception de ventilation silencieuse pour un environnement de sommeil paisible<br data-start=\"1134\" data-end=\"1137\" \/>\u2022 Convient aux personnes dormant sur le c\u00f4t\u00e9, sur le dos et sur le ventre<\/p>\n<h2 data-start=\"1188\" data-end=\"1201\">Fonctionnalit\u00e9s<\/h2>\n<p data-start=\"1202\" data-end=\"1463\">\u2022 Coussin en mousse \u00e0 m\u00e9moire de forme UltraSoft pour un confort accru<br data-start=\"1254\" data-end=\"1257\" \/>\u2022 Conception \u00e0 cadre creux permettant la circulation de l&#039;air \u00e0 travers le cadre<br data-start=\"1313\" data-end=\"1316\" \/>\u2022 Coude \u00e0 d\u00e9gagement rapide pour un retrait facile du masque<br data-start=\"1359\" data-end=\"1362\" \/>\u2022 Clips magn\u00e9tiques pour serre-t\u00eate permettant une mise en place et un retrait faciles<br data-start=\"1409\" data-end=\"1412\" \/>\u2022 Un champ de vision d\u00e9gag\u00e9 pour lire ou regarder la t\u00e9l\u00e9vision<\/p>\n<h2 data-start=\"1465\" data-end=\"1494\">Configurations disponibles<\/h2>\n<p data-start=\"1495\" data-end=\"1640\">Le syst\u00e8me de masque de confort AirTouch F30i est disponible dans de multiples combinaisons de tailles de coussin et de cadre pour assurer un ajustement et des performances th\u00e9rapeutiques optimaux.<\/p>\n<div class=\"TyagGW_tableContainer\">\n<div class=\"group TyagGW_tableWrapper flex w-fit flex-col-reverse\" tabindex=\"-1\">\n<table class=\"w-fit min-w-(--thread-content-width)\" data-start=\"1642\" data-end=\"1798\">\n<thead data-start=\"1642\" data-end=\"1679\">\n<tr data-start=\"1642\" data-end=\"1679\">\n<th data-start=\"1642\" data-end=\"1657\" data-col-size=\"sm\">Taille du coussin<\/th>\n<th data-start=\"1657\" data-end=\"1679\" data-col-size=\"sm\">Options de taille de cadre<\/th>\n<\/tr>\n<\/thead>\n<tbody data-start=\"1716\" data-end=\"1798\">\n<tr data-start=\"1716\" data-end=\"1741\">\n<td data-start=\"1716\" data-end=\"1729\" data-col-size=\"sm\">Petit large<\/td>\n<td data-start=\"1729\" data-end=\"1741\" data-col-size=\"sm\">Standard<\/td>\n<\/tr>\n<tr data-start=\"1742\" data-end=\"1777\">\n<td data-start=\"1742\" data-end=\"1751\" data-col-size=\"sm\">Moyen<\/td>\n<td data-start=\"1751\" data-end=\"1777\" data-col-size=\"sm\">Petit, Standard, Grand<\/td>\n<\/tr>\n<tr data-start=\"1778\" data-end=\"1798\">\n<td data-start=\"1778\" data-end=\"1786\" data-col-size=\"sm\">Grand<\/td>\n<td data-start=\"1786\" data-end=\"1798\" data-col-size=\"sm\">Standard<\/td>\n<\/tr>\n<\/tbody>\n<\/table>\n<\/div>\n<\/div>\n<p data-start=\"1800\" data-end=\"1875\">Chaque configuration peut avoir un prix diff\u00e9rent en fonction de sa taille et de ses composants.<\/p>\n<h2 data-start=\"1877\" data-end=\"1902\">\u00c0 qui est destin\u00e9 ce masque ?<\/h2>\n<p data-start=\"1903\" data-end=\"2089\">\u2022 Les utilisateurs d&#039;appareil CPAP n\u00e9cessitant un masque facial complet<br data-start=\"1942\" data-end=\"1945\" \/>\u2022 Les patients qui bougent fr\u00e9quemment pendant leur sommeil<br data-start=\"1988\" data-end=\"1991\" \/>\u2022 Utilisateurs sensibles aux coussins en silicone<br data-start=\"2029\" data-end=\"2032\" \/>\u2022 Pour ceux qui recherchent un mod\u00e8le de masque facial int\u00e9gral \u00e0 contact minimal<\/p>\n<h2 data-start=\"2091\" data-end=\"2116\">Entretien et maintenance<\/h2>\n<p data-start=\"2117\" data-end=\"2331\">\u2022 Les coussins en mousse \u00e0 m\u00e9moire de forme ne doivent pas \u00eatre lav\u00e9s<br data-start=\"2160\" data-end=\"2163\" \/>\u2022 Essuyez le coussin quotidiennement avec un chiffon sec ou l\u00e9g\u00e8rement humide.<br data-start=\"2217\" data-end=\"2220\" \/>\u2022 Remplacez r\u00e9guli\u00e8rement le coussin conform\u00e9ment aux recommandations de ResMed<br data-start=\"2272\" data-end=\"2275\" \/>\u2022 Le cadre et le harnais peuvent \u00eatre lav\u00e9s \u00e0 la main avec du savon doux<\/p>\n<h2 data-start=\"2333\" data-end=\"2342\">FAQ<\/h2>\n<p data-start=\"2344\" data-end=\"2540\"><strong data-start=\"2344\" data-end=\"2408\">Qu&#039;est-ce qui diff\u00e9rencie l&#039;AirTouch F30i de l&#039;AirFit F30i\u00a0?<\/strong><br data-start=\"2408\" data-end=\"2411\" \/>Le coussin AirTouch F30i utilise une mousse \u00e0 m\u00e9moire de forme au lieu du silicone, offrant une sensation plus douce et un confort am\u00e9lior\u00e9 pour les peaux sensibles.<\/p>\n<p data-start=\"2542\" data-end=\"2676\"><strong data-start=\"2542\" data-end=\"2606\">Le raccord du tuyau est-il compatible avec les tubulures CPAP standard\u00a0?<\/strong><br data-start=\"2606\" data-end=\"2609\" \/>Oui. Le raccord sur le dessus de la t\u00eate est compatible avec les tuyaux CPAP standard.<\/p>\n<p data-start=\"2678\" data-end=\"2791\"><strong data-start=\"2678\" data-end=\"2724\">Puis-je utiliser ce masque si je dors sur le c\u00f4t\u00e9\u00a0?<\/strong><br data-start=\"2724\" data-end=\"2727\" \/>Oui. La conception du cadre et des tuyaux permet le couchage lat\u00e9ral et actif.<\/p>\n<p data-start=\"2793\" data-end=\"2910\"><strong data-start=\"2793\" data-end=\"2828\">Le masque comprend-il une coiffe\u00a0?<\/strong><br data-start=\"2828\" data-end=\"2831\" \/>Oui. Le syst\u00e8me de masque complet comprend la structure, le coussin, le harnais et le coude.<\/p>","protected":false},"excerpt":{"rendered":"<p>Le syst\u00e8me de masque de confort ResMed AirTouch F30i couvre tout le visage. <a href=\"https:\/\/respiart.ca\/fr\/magasin-cpap\/\">PPC<\/a> Masque con\u00e7u pour une libert\u00e9 de mouvement optimale, un fonctionnement silencieux et un confort exceptionnel. Dot\u00e9 d&#039;un raccord de tuyau sur le dessus de la t\u00eate et d&#039;un coussin en mousse \u00e0 m\u00e9moire de forme UltraSoft, il assure une \u00e9tanch\u00e9it\u00e9 parfaite avec un contact minimal avec le visage.<\/p>","protected":false},"featured_media":6043,"comment_status":"open","ping_status":"closed","template":"","meta":[],"product_brand":[],"product_cat":[108],"product_tag":[],"class_list":{"0":"post-5948","1":"product","2":"type-product","3":"status-publish","4":"has-post-thumbnail","6":"product_cat-resmed","8":"first","9":"instock","10":"sale","11":"taxable","12":"shipping-taxable","13":"purchasable","14":"product-type-variable","15":"has-default-attributes"},"yoast_head":"<!-- This site is optimized with the Yoast SEO plugin v27.4 - https:\/\/yoast.com\/product\/yoast-seo-wordpress\/ -->\n<title>AirTouch\u2122 F30i Comfort Mask System | Respiart - Respiratory therapist Montreal<\/title>\n<meta name=\"description\" content=\"The ResMed AirTouch F30i Comfort Mask System is a full face CPAP mask designed for freedom of movement, quiet performance, and exceptional comfort. Featuring a top-of-the-head hose connection and an UltraSoft memory foam cushion, it delivers a secure seal with minimal facial contact.\" \/>\n<meta name=\"robots\" content=\"index, follow, max-snippet:-1, max-image-preview:large, max-video-preview:-1\" \/>\n<link rel=\"canonical\" href=\"https:\/\/respiart.ca\/fr\/magasin\/systeme-de-masque-de-confort-airtouch-f30i\/\" \/>\n<meta property=\"og:locale\" content=\"fr_CA\" \/>\n<meta property=\"og:type\" content=\"article\" \/>\n<meta property=\"og:title\" content=\"AirTouch\u2122 F30i Comfort Mask System | Respiart - Respiratory therapist Montreal\" \/>\n<meta property=\"og:description\" content=\"The ResMed AirTouch F30i Comfort Mask System is a full face CPAP mask designed for freedom of movement, quiet performance, and exceptional comfort. Featuring a top-of-the-head hose connection and an UltraSoft memory foam cushion, it delivers a secure seal with minimal facial contact.\" \/>\n<meta property=\"og:url\" content=\"https:\/\/respiart.ca\/fr\/magasin\/systeme-de-masque-de-confort-airtouch-f30i\/\" \/>\n<meta property=\"og:site_name\" content=\"Respiart - Respiratory therapist Montreal\" \/>\n<meta property=\"article:modified_time\" content=\"2026-04-23T19:12:30+00:00\" \/>\n<meta property=\"og:image\" content=\"https:\/\/respiart.ca\/wp-content\/uploads\/2025\/12\/AirTouch\u2122-F30i.webp\" \/>\n\t<meta property=\"og:image:width\" content=\"1600\" \/>\n\t<meta property=\"og:image:height\" content=\"1600\" \/>\n\t<meta property=\"og:image:type\" content=\"image\/webp\" \/>\n<meta name=\"twitter:card\" content=\"summary_large_image\" \/>\n<meta name=\"twitter:label1\" content=\"Estimation du temps de lecture\" \/>\n\t<meta name=\"twitter:data1\" content=\"2 minutes\" \/>\n<script type=\"application\/ld+json\" class=\"yoast-schema-graph\">{\"@context\":\"https:\\\/\\\/schema.org\",\"@graph\":[{\"@type\":\"WebPage\",\"@id\":\"https:\\\/\\\/respiart.ca\\\/shop\\\/airtouch-f30i-comfort-mask-system\\\/\",\"url\":\"https:\\\/\\\/respiart.ca\\\/shop\\\/airtouch-f30i-comfort-mask-system\\\/\",\"name\":\"AirTouch\u2122 F30i Comfort Mask System | Respiart - Respiratory therapist Montreal\",\"isPartOf\":{\"@id\":\"https:\\\/\\\/respiart.ca\\\/ar\\\/#website\"},\"primaryImageOfPage\":{\"@id\":\"https:\\\/\\\/respiart.ca\\\/shop\\\/airtouch-f30i-comfort-mask-system\\\/#primaryimage\"},\"image\":{\"@id\":\"https:\\\/\\\/respiart.ca\\\/shop\\\/airtouch-f30i-comfort-mask-system\\\/#primaryimage\"},\"thumbnailUrl\":\"https:\\\/\\\/respiart.ca\\\/wp-content\\\/uploads\\\/2025\\\/12\\\/AirTouch\u2122-F30i.webp\",\"datePublished\":\"2025-12-19T11:49:08+00:00\",\"dateModified\":\"2026-04-23T19:12:30+00:00\",\"description\":\"The ResMed AirTouch F30i Comfort Mask System is a full face CPAP mask designed for freedom of movement, quiet performance, and exceptional comfort. Featuring a top-of-the-head hose connection and an UltraSoft memory foam cushion, it delivers a secure seal with minimal facial contact.\",\"breadcrumb\":{\"@id\":\"https:\\\/\\\/respiart.ca\\\/shop\\\/airtouch-f30i-comfort-mask-system\\\/#breadcrumb\"},\"inLanguage\":\"fr-CA\",\"potentialAction\":[{\"@type\":\"ReadAction\",\"target\":[\"https:\\\/\\\/respiart.ca\\\/shop\\\/airtouch-f30i-comfort-mask-system\\\/\"]}]},{\"@type\":\"ImageObject\",\"inLanguage\":\"fr-CA\",\"@id\":\"https:\\\/\\\/respiart.ca\\\/shop\\\/airtouch-f30i-comfort-mask-system\\\/#primaryimage\",\"url\":\"https:\\\/\\\/respiart.ca\\\/wp-content\\\/uploads\\\/2025\\\/12\\\/AirTouch\u2122-F30i.webp\",\"contentUrl\":\"https:\\\/\\\/respiart.ca\\\/wp-content\\\/uploads\\\/2025\\\/12\\\/AirTouch\u2122-F30i.webp\",\"width\":1600,\"height\":1600},{\"@type\":\"BreadcrumbList\",\"@id\":\"https:\\\/\\\/respiart.ca\\\/shop\\\/airtouch-f30i-comfort-mask-system\\\/#breadcrumb\",\"itemListElement\":[{\"@type\":\"ListItem\",\"position\":1,\"name\":\"Home\",\"item\":\"https:\\\/\\\/respiart.ca\\\/\"},{\"@type\":\"ListItem\",\"position\":2,\"name\":\"Shop CPAP\",\"item\":\"https:\\\/\\\/respiart.ca\\\/shop-cpap\\\/\"},{\"@type\":\"ListItem\",\"position\":3,\"name\":\"AirTouch\u2122 F30i Comfort Mask System\"}]},{\"@type\":\"WebSite\",\"@id\":\"https:\\\/\\\/respiart.ca\\\/ar\\\/#website\",\"url\":\"https:\\\/\\\/respiart.ca\\\/ar\\\/\",\"name\":\"RespiArt - Sleep apnea & CPAPs\",\"description\":\"CPAPs and tests for sleep apnea, asthma, oximetry\",\"publisher\":{\"@id\":\"https:\\\/\\\/respiart.ca\\\/ar\\\/#organization\"},\"potentialAction\":[{\"@type\":\"SearchAction\",\"target\":{\"@type\":\"EntryPoint\",\"urlTemplate\":\"https:\\\/\\\/respiart.ca\\\/ar\\\/?s={search_term_string}\"},\"query-input\":{\"@type\":\"PropertyValueSpecification\",\"valueRequired\":true,\"valueName\":\"search_term_string\"}}],\"inLanguage\":\"fr-CA\"},{\"@type\":\"Organization\",\"@id\":\"https:\\\/\\\/respiart.ca\\\/ar\\\/#organization\",\"name\":\"RespiArt - Sleep apnea & CPAPs\",\"url\":\"https:\\\/\\\/respiart.ca\\\/ar\\\/\",\"logo\":{\"@type\":\"ImageObject\",\"inLanguage\":\"fr-CA\",\"@id\":\"https:\\\/\\\/respiart.ca\\\/ar\\\/#\\\/schema\\\/logo\\\/image\\\/\",\"url\":\"https:\\\/\\\/respiart.ca\\\/wp-content\\\/uploads\\\/2022\\\/05\\\/Respiart-logo-1-e1651540192142.png\",\"contentUrl\":\"https:\\\/\\\/respiart.ca\\\/wp-content\\\/uploads\\\/2022\\\/05\\\/Respiart-logo-1-e1651540192142.png\",\"width\":237,\"height\":61,\"caption\":\"RespiArt - Sleep apnea & CPAPs\"},\"image\":{\"@id\":\"https:\\\/\\\/respiart.ca\\\/ar\\\/#\\\/schema\\\/logo\\\/image\\\/\"}}]}<\/script>\n<!-- \/ Yoast SEO plugin. -->","yoast_head_json":{"title":"Syst\u00e8me de masque de confort AirTouch\u2122 F30i | Respiart - Th\u00e9rapeute respiratoire Montr\u00e9al","description":"Le syst\u00e8me de masque de confort ResMed AirTouch F30i est un masque CPAP facial complet con\u00e7u pour une grande libert\u00e9 de mouvement, un fonctionnement silencieux et un confort exceptionnel. Dot\u00e9 d&#039;un raccord de tuyau sur le haut de la t\u00eate et d&#039;un coussin en mousse \u00e0 m\u00e9moire de forme UltraSoft, il assure une \u00e9tanch\u00e9it\u00e9 optimale avec un contact minimal avec le visage.","robots":{"index":"index","follow":"follow","max-snippet":"max-snippet:-1","max-image-preview":"max-image-preview:large","max-video-preview":"max-video-preview:-1"},"canonical":"https:\/\/respiart.ca\/fr\/magasin\/systeme-de-masque-de-confort-airtouch-f30i\/","og_locale":"fr_CA","og_type":"article","og_title":"AirTouch\u2122 F30i Comfort Mask System | Respiart - Respiratory therapist Montreal","og_description":"The ResMed AirTouch F30i Comfort Mask System is a full face CPAP mask designed for freedom of movement, quiet performance, and exceptional comfort. Featuring a top-of-the-head hose connection and an UltraSoft memory foam cushion, it delivers a secure seal with minimal facial contact.","og_url":"https:\/\/respiart.ca\/fr\/magasin\/systeme-de-masque-de-confort-airtouch-f30i\/","og_site_name":"Respiart - Respiratory therapist Montreal","article_modified_time":"2026-04-23T19:12:30+00:00","og_image":[{"width":1600,"height":1600,"url":"https:\/\/respiart.ca\/wp-content\/uploads\/2025\/12\/AirTouch\u2122-F30i.webp","type":"image\/webp"}],"twitter_card":"summary_large_image","twitter_misc":{"Estimation du temps de lecture":"2 minutes"},"schema":{"@context":"https:\/\/schema.org","@graph":[{"@type":"WebPage","@id":"https:\/\/respiart.ca\/shop\/airtouch-f30i-comfort-mask-system\/","url":"https:\/\/respiart.ca\/shop\/airtouch-f30i-comfort-mask-system\/","name":"Syst\u00e8me de masque de confort AirTouch\u2122 F30i | Respiart - Th\u00e9rapeute respiratoire Montr\u00e9al","isPartOf":{"@id":"https:\/\/respiart.ca\/ar\/#website"},"primaryImageOfPage":{"@id":"https:\/\/respiart.ca\/shop\/airtouch-f30i-comfort-mask-system\/#primaryimage"},"image":{"@id":"https:\/\/respiart.ca\/shop\/airtouch-f30i-comfort-mask-system\/#primaryimage"},"thumbnailUrl":"https:\/\/respiart.ca\/wp-content\/uploads\/2025\/12\/AirTouch\u2122-F30i.webp","datePublished":"2025-12-19T11:49:08+00:00","dateModified":"2026-04-23T19:12:30+00:00","description":"Le syst\u00e8me de masque de confort ResMed AirTouch F30i est un masque CPAP facial complet con\u00e7u pour une grande libert\u00e9 de mouvement, un fonctionnement silencieux et un confort exceptionnel. Dot\u00e9 d&#039;un raccord de tuyau sur le haut de la t\u00eate et d&#039;un coussin en mousse \u00e0 m\u00e9moire de forme UltraSoft, il assure une \u00e9tanch\u00e9it\u00e9 optimale avec un contact minimal avec le visage.","breadcrumb":{"@id":"https:\/\/respiart.ca\/shop\/airtouch-f30i-comfort-mask-system\/#breadcrumb"},"inLanguage":"fr-CA","potentialAction":[{"@type":"ReadAction","target":["https:\/\/respiart.ca\/shop\/airtouch-f30i-comfort-mask-system\/"]}]},{"@type":"ImageObject","inLanguage":"fr-CA","@id":"https:\/\/respiart.ca\/shop\/airtouch-f30i-comfort-mask-system\/#primaryimage","url":"https:\/\/respiart.ca\/wp-content\/uploads\/2025\/12\/AirTouch\u2122-F30i.webp","contentUrl":"https:\/\/respiart.ca\/wp-content\/uploads\/2025\/12\/AirTouch\u2122-F30i.webp","width":1600,"height":1600},{"@type":"BreadcrumbList","@id":"https:\/\/respiart.ca\/shop\/airtouch-f30i-comfort-mask-system\/#breadcrumb","itemListElement":[{"@type":"ListItem","position":1,"name":"Home","item":"https:\/\/respiart.ca\/"},{"@type":"ListItem","position":2,"name":"Shop CPAP","item":"https:\/\/respiart.ca\/shop-cpap\/"},{"@type":"ListItem","position":3,"name":"AirTouch\u2122 F30i Comfort Mask System"}]},{"@type":"WebSite","@id":"https:\/\/respiart.ca\/ar\/#website","url":"https:\/\/respiart.ca\/ar\/","name":"RespiArt - Apn\u00e9e du sommeil et CPAP","description":"CPAP et tests pour l&#039;apn\u00e9e du sommeil, l&#039;asthme, l&#039;oxym\u00e9trie","publisher":{"@id":"https:\/\/respiart.ca\/ar\/#organization"},"potentialAction":[{"@type":"SearchAction","target":{"@type":"EntryPoint","urlTemplate":"https:\/\/respiart.ca\/ar\/?s={search_term_string}"},"query-input":{"@type":"PropertyValueSpecification","valueRequired":true,"valueName":"search_term_string"}}],"inLanguage":"fr-CA"},{"@type":"Organization","@id":"https:\/\/respiart.ca\/ar\/#organization","name":"RespiArt - Apn\u00e9e du sommeil et CPAP","url":"https:\/\/respiart.ca\/ar\/","logo":{"@type":"ImageObject","inLanguage":"fr-CA","@id":"https:\/\/respiart.ca\/ar\/#\/schema\/logo\/image\/","url":"https:\/\/respiart.ca\/wp-content\/uploads\/2022\/05\/Respiart-logo-1-e1651540192142.png","contentUrl":"https:\/\/respiart.ca\/wp-content\/uploads\/2022\/05\/Respiart-logo-1-e1651540192142.png","width":237,"height":61,"caption":"RespiArt - Sleep apnea & CPAPs"},"image":{"@id":"https:\/\/respiart.ca\/ar\/#\/schema\/logo\/image\/"}}]}},"_links":{"self":[{"href":"https:\/\/respiart.ca\/fr\/wp-json\/wp\/v2\/product\/5948","targetHints":{"allow":["GET"]}}],"collection":[{"href":"https:\/\/respiart.ca\/fr\/wp-json\/wp\/v2\/product"}],"about":[{"href":"https:\/\/respiart.ca\/fr\/wp-json\/wp\/v2\/types\/product"}],"replies":[{"embeddable":true,"href":"https:\/\/respiart.ca\/fr\/wp-json\/wp\/v2\/comments?post=5948"}],"wp:featuredmedia":[{"embeddable":true,"href":"https:\/\/respiart.ca\/fr\/wp-json\/wp\/v2\/media\/6043"}],"wp:attachment":[{"href":"https:\/\/respiart.ca\/fr\/wp-json\/wp\/v2\/media?parent=5948"}],"wp:term":[{"taxonomy":"product_brand","embeddable":true,"href":"https:\/\/respiart.ca\/fr\/wp-json\/wp\/v2\/product_brand?post=5948"},{"taxonomy":"product_cat","embeddable":true,"href":"https:\/\/respiart.ca\/fr\/wp-json\/wp\/v2\/product_cat?post=5948"},{"taxonomy":"product_tag","embeddable":true,"href":"https:\/\/respiart.ca\/fr\/wp-json\/wp\/v2\/product_tag?post=5948"}],"curies":[{"name":"wp","href":"https:\/\/api.w.org\/{rel}","templated":true}]}}