{"id":5956,"date":"2025-12-19T11:50:05","date_gmt":"2025-12-19T11:50:05","guid":{"rendered":"http:\/\/f4i.0cc.mytemp.website\/shop\/ds2adv-auto-cpap-w-hht-p-flx-cell-btca\/"},"modified":"2026-04-22T19:20:08","modified_gmt":"2026-04-22T19:20:08","slug":"ds2adv-auto-cpap-avec-hht-p-flx-cell-btca","status":"publish","type":"product","link":"https:\/\/respiart.ca\/fr\/shop\/ds2adv-auto-cpap-w-hht-p-flx-cell-btca\/","title":{"rendered":"PPC automatique DS2Adv avec H+HT\/P-Flx\/cellule\/BT, CA"},"content":{"rendered":"<h3 data-start=\"586\" data-end=\"648\"><strong data-start=\"590\" data-end=\"646\">PPC automatique DS2Adv \u2013 Th\u00e9rapie avanc\u00e9e, confort maximal<\/strong><\/h3>\n<p data-start=\"650\" data-end=\"919\">La <strong data-start=\"654\" data-end=\"674\">CPAP automatique DS2Adv<\/strong> est un appareil de pointe con\u00e7u pour les personnes souffrant d&#039;apn\u00e9e du sommeil qui exigent \u00e0 la fois <strong data-start=\"764\" data-end=\"795\">performance et commodit\u00e9<\/strong>. Alliant technologie de pointe et fonctionnalit\u00e9s conviviales, cet appareil CPAP garantit des nuits reposantes et des matins plus \u00e9nergiques.<\/p>\n<h4 data-start=\"921\" data-end=\"945\"><strong data-start=\"926\" data-end=\"943\">Caract\u00e9ristiques principales :<\/strong><\/h4>\n<ul data-start=\"946\" data-end=\"1620\">\n<li data-start=\"946\" data-end=\"1079\">\n<p data-start=\"948\" data-end=\"1079\"><strong data-start=\"948\" data-end=\"984\">Th\u00e9rapie par pression auto-ajustable\u00a0:<\/strong> S&#039;adapte automatiquement \u00e0 votre rythme respiratoire pour un confort constant tout au long de la nuit.<\/p>\n<\/li>\n<li data-start=\"1080\" data-end=\"1179\">\n<p data-start=\"1082\" data-end=\"1179\"><strong data-start=\"1082\" data-end=\"1106\">Humidification (H+) :<\/strong> Humidificateur int\u00e9gr\u00e9 pour r\u00e9duire la s\u00e9cheresse et l&#039;irritation des voies respiratoires.<\/p>\n<\/li>\n<li data-start=\"1180\" data-end=\"1280\">\n<p data-start=\"1182\" data-end=\"1280\"><strong data-start=\"1182\" data-end=\"1205\">Tubes chauffants (HT) :<\/strong> Maintient une temp\u00e9rature d&#039;air optimale et emp\u00eache la condensation dans le tube.<\/p>\n<\/li>\n<li data-start=\"1281\" data-end=\"1389\">\n<p data-start=\"1283\" data-end=\"1389\"><strong data-start=\"1283\" data-end=\"1311\">Soupape de d\u00e9charge de pression (P-Flx)\u00a0:<\/strong> R\u00e9duit la pression \u00e0 l&#039;expiration pour une respiration plus naturelle.<\/p>\n<\/li>\n<li data-start=\"1390\" data-end=\"1526\">\n<p data-start=\"1392\" data-end=\"1419\"><strong data-start=\"1392\" data-end=\"1417\">Options de connectivit\u00e9\u00a0:<\/strong><\/p>\n<ul data-start=\"1422\" data-end=\"1526\">\n<li data-start=\"1422\" data-end=\"1526\">\n<p data-start=\"1424\" data-end=\"1526\"><strong data-start=\"1424\" data-end=\"1454\">R\u00e9seau cellulaire et Bluetooth (BT)\u00a0:<\/strong> Suivez vos donn\u00e9es de th\u00e9rapie, recevez des rappels et synchronisez-les avec les applications compatibles.<\/p>\n<\/li>\n<\/ul>\n<\/li>\n<li data-start=\"1527\" data-end=\"1620\">\n<p data-start=\"1529\" data-end=\"1620\"><strong data-start=\"1529\" data-end=\"1552\">Compact et portable :<\/strong> Un design \u00e9l\u00e9gant et pratique pour les voyages, sans compromis sur la fonctionnalit\u00e9.<\/p>\n<\/li>\n<\/ul>\n<h4 data-start=\"1622\" data-end=\"1642\"><strong data-start=\"1627\" data-end=\"1640\">Avantages:<\/strong><\/h4>\n<ul data-start=\"1643\" data-end=\"1888\">\n<li data-start=\"1643\" data-end=\"1694\">\n<p data-start=\"1645\" data-end=\"1694\">R\u00e9duit efficacement les ronflements et les \u00e9pisodes d&#039;apn\u00e9e.<\/p>\n<\/li>\n<li data-start=\"1695\" data-end=\"1744\">\n<p data-start=\"1697\" data-end=\"1744\">Am\u00e9liore la qualit\u00e9 du sommeil et la vigilance diurne.<\/p>\n<\/li>\n<li data-start=\"1745\" data-end=\"1806\">\n<p data-start=\"1747\" data-end=\"1806\">Param\u00e8tres personnalisables pour un confort optimal et une efficacit\u00e9 th\u00e9rapeutique accrue.<\/p>\n<\/li>\n<li data-start=\"1807\" data-end=\"1888\">\n<p data-start=\"1809\" data-end=\"1888\">Surveillance et assistance \u00e0 distance simplifi\u00e9es via connectivit\u00e9 cellulaire\/Bluetooth.<\/p>\n<\/li>\n<\/ul>\n<h4 data-start=\"1890\" data-end=\"1922\"><strong data-start=\"1895\" data-end=\"1920\">Tableau des sp\u00e9cifications :<\/strong><\/h4>\n<div class=\"TyagGW_tableContainer\">\n<div class=\"group TyagGW_tableWrapper flex w-fit flex-col-reverse\" tabindex=\"-1\">\n<table class=\"w-fit min-w-(--thread-content-width)\" data-start=\"1924\" data-end=\"2245\">\n<thead data-start=\"1924\" data-end=\"1945\">\n<tr data-start=\"1924\" data-end=\"1945\">\n<th data-start=\"1924\" data-end=\"1934\" data-col-size=\"sm\">Fonctionnalit\u00e9<\/th>\n<th data-start=\"1934\" data-end=\"1945\" data-col-size=\"sm\">D\u00e9tails<\/th>\n<\/tr>\n<\/thead>\n<tbody data-start=\"1968\" data-end=\"2245\">\n<tr data-start=\"1968\" data-end=\"1995\">\n<td data-start=\"1968\" data-end=\"1982\" data-col-size=\"sm\">Type d&#039;appareil<\/td>\n<td data-start=\"1982\" data-end=\"1995\" data-col-size=\"sm\">CPAP automatique<\/td>\n<\/tr>\n<tr data-start=\"1996\" data-end=\"2030\">\n<td data-start=\"1996\" data-end=\"2013\" data-col-size=\"sm\">Humidification<\/td>\n<td data-start=\"2013\" data-end=\"2030\" data-col-size=\"sm\">H+ Int\u00e9gr\u00e9<\/td>\n<\/tr>\n<tr data-start=\"2031\" data-end=\"2059\">\n<td data-start=\"2031\" data-end=\"2047\" data-col-size=\"sm\">Tubes chauffants<\/td>\n<td data-start=\"2047\" data-end=\"2059\" data-col-size=\"sm\">Oui (HT)<\/td>\n<\/tr>\n<tr data-start=\"2060\" data-end=\"2087\">\n<td data-start=\"2060\" data-end=\"2078\" data-col-size=\"sm\">Soulagement de la pression<\/td>\n<td data-start=\"2078\" data-end=\"2087\" data-col-size=\"sm\">P-Flx<\/td>\n<\/tr>\n<tr data-start=\"2088\" data-end=\"2127\">\n<td data-start=\"2088\" data-end=\"2103\" data-col-size=\"sm\">Connectivit\u00e9<\/td>\n<td data-start=\"2103\" data-end=\"2127\" data-col-size=\"sm\">R\u00e9seau cellulaire et Bluetooth<\/td>\n<\/tr>\n<tr data-start=\"2128\" data-end=\"2170\">\n<td data-start=\"2128\" data-end=\"2143\" data-col-size=\"sm\">Utilisateurs cibles<\/td>\n<td data-start=\"2143\" data-end=\"2170\" data-col-size=\"sm\">Adultes souffrant d&#039;apn\u00e9e du sommeil<\/td>\n<\/tr>\n<tr data-start=\"2171\" data-end=\"2206\">\n<td data-start=\"2171\" data-end=\"2184\" data-col-size=\"sm\">Dimensions<\/td>\n<td data-start=\"2184\" data-end=\"2206\" data-col-size=\"sm\">Compact et portable<\/td>\n<\/tr>\n<tr data-start=\"2207\" data-end=\"2245\">\n<td data-start=\"2207\" data-end=\"2215\" data-col-size=\"sm\">Pouvoir<\/td>\n<td data-start=\"2215\" data-end=\"2245\" data-col-size=\"sm\">Alimentation CPAP standard<\/td>\n<\/tr>\n<\/tbody>\n<\/table>\n<\/div>\n<\/div>\n<h4 data-start=\"2247\" data-end=\"2283\"><strong data-start=\"2252\" data-end=\"2281\">Qui devrait utiliser cet appareil CPAP\u00a0?<\/strong><\/h4>\n<p data-start=\"2284\" data-end=\"2500\">Id\u00e9al pour les personnes recherchant <strong data-start=\"2314\" data-end=\"2340\">th\u00e9rapie avanc\u00e9e du sommeil<\/strong> Dot\u00e9 de fonctionnalit\u00e9s de connectivit\u00e9 modernes. Id\u00e9al pour les utilisateurs f\u00e9rus de technologie, les voyageurs et tous ceux qui appr\u00e9cient <strong data-start=\"2439\" data-end=\"2497\">confort, facilit\u00e9 d&#039;utilisation et surveillance th\u00e9rapeutique en temps r\u00e9el<\/strong>.<\/p>","protected":false},"excerpt":{"rendered":"<p>La <strong data-start=\"123\" data-end=\"143\">CPAP automatique DS2Adv<\/strong> est un appareil de th\u00e9rapie du sommeil de pointe con\u00e7u pour un confort optimal et une gestion efficace de l&#039;apn\u00e9e. \u00c9quip\u00e9 de <strong data-start=\"258\" data-end=\"364\">Humidification (H+), tubes chauffants (HT), d\u00e9charge de pression (P-Flx), connectivit\u00e9 cellulaire et Bluetooth<\/strong>, Cet appareil CPAP offre une exp\u00e9rience personnalis\u00e9e et fluide pour un sommeil de meilleure qualit\u00e9. Id\u00e9al pour ceux qui recherchent praticit\u00e9, connectivit\u00e9 et fonctionnalit\u00e9s th\u00e9rapeutiques avanc\u00e9es dans un appareil compact.<\/p>","protected":false},"featured_media":6014,"comment_status":"open","ping_status":"closed","template":"","meta":[],"product_brand":[],"product_cat":[101,96,117],"product_tag":[],"class_list":{"0":"post-5956","1":"product","2":"type-product","3":"status-publish","4":"has-post-thumbnail","6":"product_cat-auto-cpap-apap-machines","7":"product_cat-cpap-bipap-machines","8":"product_cat-philips","10":"first","11":"instock","12":"sale","13":"taxable","14":"shipping-taxable","15":"purchasable","16":"product-type-simple"},"yoast_head":"<!-- This site is optimized with the Yoast SEO plugin v27.5 - https:\/\/yoast.com\/product\/yoast-seo-wordpress\/ -->\n<title>DS2Adv Auto CPAP w\/H+HT\/P-Flx\/cell\/BT,CA | Respiart - Respiratory therapist Montreal<\/title>\n<meta name=\"description\" content=\"The DS2Adv Auto CPAP is a cutting-edge sleep therapy device designed for optimal comfort and effective apnea management. Equipped with humidification (H+), heated tubing (HT), pressure relief (P-Flx), cellular connectivity, and Bluetooth, this CPAP provides a personalized, seamless experience for improved sleep quality. Ideal for those seeking convenience, connectivity, and advanced therapy features in one compact unit.\" \/>\n<meta name=\"robots\" content=\"index, follow, max-snippet:-1, max-image-preview:large, max-video-preview:-1\" \/>\n<link rel=\"canonical\" href=\"https:\/\/respiart.ca\/fr\/magasin\/ds2adv-auto-cpap-avec-hht-p-flx-cell-btca\/\" \/>\n<meta property=\"og:locale\" content=\"fr_CA\" \/>\n<meta property=\"og:type\" content=\"article\" \/>\n<meta property=\"og:title\" content=\"DS2Adv Auto CPAP w\/H+HT\/P-Flx\/cell\/BT,CA | Respiart - Respiratory therapist Montreal\" \/>\n<meta property=\"og:description\" content=\"The DS2Adv Auto CPAP is a cutting-edge sleep therapy device designed for optimal comfort and effective apnea management. Equipped with humidification (H+), heated tubing (HT), pressure relief (P-Flx), cellular connectivity, and Bluetooth, this CPAP provides a personalized, seamless experience for improved sleep quality. Ideal for those seeking convenience, connectivity, and advanced therapy features in one compact unit.\" \/>\n<meta property=\"og:url\" content=\"https:\/\/respiart.ca\/fr\/magasin\/ds2adv-auto-cpap-avec-hht-p-flx-cell-btca\/\" \/>\n<meta property=\"og:site_name\" content=\"Respiart - Respiratory therapist Montreal\" \/>\n<meta property=\"article:modified_time\" content=\"2026-04-22T19:20:08+00:00\" \/>\n<meta property=\"og:image\" content=\"https:\/\/respiart.ca\/wp-content\/uploads\/2025\/12\/Dreamstation2SideView.webp\" \/>\n\t<meta property=\"og:image:width\" content=\"1024\" \/>\n\t<meta property=\"og:image:height\" content=\"1024\" \/>\n\t<meta property=\"og:image:type\" content=\"image\/webp\" \/>\n<meta name=\"twitter:card\" content=\"summary_large_image\" \/>\n<meta name=\"twitter:label1\" content=\"Estimation du temps de lecture\" \/>\n\t<meta name=\"twitter:data1\" content=\"1 minute\" \/>\n<script type=\"application\/ld+json\" class=\"yoast-schema-graph\">{\"@context\":\"https:\\\/\\\/schema.org\",\"@graph\":[{\"@type\":\"WebPage\",\"@id\":\"https:\\\/\\\/respiart.ca\\\/shop\\\/ds2adv-auto-cpap-w-hht-p-flx-cell-btca\\\/\",\"url\":\"https:\\\/\\\/respiart.ca\\\/shop\\\/ds2adv-auto-cpap-w-hht-p-flx-cell-btca\\\/\",\"name\":\"DS2Adv Auto CPAP w\\\/H+HT\\\/P-Flx\\\/cell\\\/BT,CA | Respiart - Respiratory therapist Montreal\",\"isPartOf\":{\"@id\":\"https:\\\/\\\/respiart.ca\\\/ar\\\/#website\"},\"primaryImageOfPage\":{\"@id\":\"https:\\\/\\\/respiart.ca\\\/shop\\\/ds2adv-auto-cpap-w-hht-p-flx-cell-btca\\\/#primaryimage\"},\"image\":{\"@id\":\"https:\\\/\\\/respiart.ca\\\/shop\\\/ds2adv-auto-cpap-w-hht-p-flx-cell-btca\\\/#primaryimage\"},\"thumbnailUrl\":\"https:\\\/\\\/respiart.ca\\\/wp-content\\\/uploads\\\/2025\\\/12\\\/Dreamstation2SideView.webp\",\"datePublished\":\"2025-12-19T11:50:05+00:00\",\"dateModified\":\"2026-04-22T19:20:08+00:00\",\"description\":\"The DS2Adv Auto CPAP is a cutting-edge sleep therapy device designed for optimal comfort and effective apnea management. Equipped with humidification (H+), heated tubing (HT), pressure relief (P-Flx), cellular connectivity, and Bluetooth, this CPAP provides a personalized, seamless experience for improved sleep quality. Ideal for those seeking convenience, connectivity, and advanced therapy features in one compact unit.\",\"breadcrumb\":{\"@id\":\"https:\\\/\\\/respiart.ca\\\/shop\\\/ds2adv-auto-cpap-w-hht-p-flx-cell-btca\\\/#breadcrumb\"},\"inLanguage\":\"fr-CA\",\"potentialAction\":[{\"@type\":\"ReadAction\",\"target\":[\"https:\\\/\\\/respiart.ca\\\/shop\\\/ds2adv-auto-cpap-w-hht-p-flx-cell-btca\\\/\"]}]},{\"@type\":\"ImageObject\",\"inLanguage\":\"fr-CA\",\"@id\":\"https:\\\/\\\/respiart.ca\\\/shop\\\/ds2adv-auto-cpap-w-hht-p-flx-cell-btca\\\/#primaryimage\",\"url\":\"https:\\\/\\\/respiart.ca\\\/wp-content\\\/uploads\\\/2025\\\/12\\\/Dreamstation2SideView.webp\",\"contentUrl\":\"https:\\\/\\\/respiart.ca\\\/wp-content\\\/uploads\\\/2025\\\/12\\\/Dreamstation2SideView.webp\",\"width\":1024,\"height\":1024},{\"@type\":\"BreadcrumbList\",\"@id\":\"https:\\\/\\\/respiart.ca\\\/shop\\\/ds2adv-auto-cpap-w-hht-p-flx-cell-btca\\\/#breadcrumb\",\"itemListElement\":[{\"@type\":\"ListItem\",\"position\":1,\"name\":\"Home\",\"item\":\"https:\\\/\\\/respiart.ca\\\/\"},{\"@type\":\"ListItem\",\"position\":2,\"name\":\"Shop CPAP\",\"item\":\"https:\\\/\\\/respiart.ca\\\/shop-cpap\\\/\"},{\"@type\":\"ListItem\",\"position\":3,\"name\":\"DS2Adv Auto CPAP w\\\/H+HT\\\/P-Flx\\\/cell\\\/BT,CA\"}]},{\"@type\":\"WebSite\",\"@id\":\"https:\\\/\\\/respiart.ca\\\/ar\\\/#website\",\"url\":\"https:\\\/\\\/respiart.ca\\\/ar\\\/\",\"name\":\"RespiArt - Sleep apnea & CPAPs\",\"description\":\"CPAPs and tests for sleep apnea, asthma, oximetry\",\"publisher\":{\"@id\":\"https:\\\/\\\/respiart.ca\\\/ar\\\/#organization\"},\"potentialAction\":[{\"@type\":\"SearchAction\",\"target\":{\"@type\":\"EntryPoint\",\"urlTemplate\":\"https:\\\/\\\/respiart.ca\\\/ar\\\/?s={search_term_string}\"},\"query-input\":{\"@type\":\"PropertyValueSpecification\",\"valueRequired\":true,\"valueName\":\"search_term_string\"}}],\"inLanguage\":\"fr-CA\"},{\"@type\":\"Organization\",\"@id\":\"https:\\\/\\\/respiart.ca\\\/ar\\\/#organization\",\"name\":\"RespiArt - Sleep apnea & CPAPs\",\"url\":\"https:\\\/\\\/respiart.ca\\\/ar\\\/\",\"logo\":{\"@type\":\"ImageObject\",\"inLanguage\":\"fr-CA\",\"@id\":\"https:\\\/\\\/respiart.ca\\\/ar\\\/#\\\/schema\\\/logo\\\/image\\\/\",\"url\":\"https:\\\/\\\/respiart.ca\\\/wp-content\\\/uploads\\\/2022\\\/05\\\/Respiart-logo-1-e1651540192142.png\",\"contentUrl\":\"https:\\\/\\\/respiart.ca\\\/wp-content\\\/uploads\\\/2022\\\/05\\\/Respiart-logo-1-e1651540192142.png\",\"width\":237,\"height\":61,\"caption\":\"RespiArt - Sleep apnea & CPAPs\"},\"image\":{\"@id\":\"https:\\\/\\\/respiart.ca\\\/ar\\\/#\\\/schema\\\/logo\\\/image\\\/\"}}]}<\/script>\n<!-- \/ Yoast SEO plugin. -->","yoast_head_json":{"title":"Appareil CPAP automatique DS2Adv avec H+HT\/P-Flx\/cellule\/BT, CA | Respiart - Th\u00e9rapeute respiratoire Montr\u00e9al","description":"Le DS2Adv Auto CPAP est un appareil de pointe pour le traitement de l&#039;apn\u00e9e du sommeil, con\u00e7u pour un confort optimal et une gestion efficace de cette affection. Dot\u00e9 d&#039;un syst\u00e8me d&#039;humidification (H+), d&#039;un tuyau chauffant (HT), d&#039;un syst\u00e8me de soulagement de la pression (P-Flx), d&#039;une connectivit\u00e9 cellulaire et du Bluetooth, ce CPAP offre une exp\u00e9rience personnalis\u00e9e et fluide pour un sommeil de meilleure qualit\u00e9. Id\u00e9al pour ceux qui recherchent praticit\u00e9, connectivit\u00e9 et fonctionnalit\u00e9s th\u00e9rapeutiques avanc\u00e9es dans un appareil compact.","robots":{"index":"index","follow":"follow","max-snippet":"max-snippet:-1","max-image-preview":"max-image-preview:large","max-video-preview":"max-video-preview:-1"},"canonical":"https:\/\/respiart.ca\/fr\/magasin\/ds2adv-auto-cpap-avec-hht-p-flx-cell-btca\/","og_locale":"fr_CA","og_type":"article","og_title":"DS2Adv Auto CPAP w\/H+HT\/P-Flx\/cell\/BT,CA | Respiart - Respiratory therapist Montreal","og_description":"The DS2Adv Auto CPAP is a cutting-edge sleep therapy device designed for optimal comfort and effective apnea management. Equipped with humidification (H+), heated tubing (HT), pressure relief (P-Flx), cellular connectivity, and Bluetooth, this CPAP provides a personalized, seamless experience for improved sleep quality. Ideal for those seeking convenience, connectivity, and advanced therapy features in one compact unit.","og_url":"https:\/\/respiart.ca\/fr\/magasin\/ds2adv-auto-cpap-avec-hht-p-flx-cell-btca\/","og_site_name":"Respiart - Respiratory therapist Montreal","article_modified_time":"2026-04-22T19:20:08+00:00","og_image":[{"width":1024,"height":1024,"url":"https:\/\/respiart.ca\/wp-content\/uploads\/2025\/12\/Dreamstation2SideView.webp","type":"image\/webp"}],"twitter_card":"summary_large_image","twitter_misc":{"Estimation du temps de lecture":"1 minute"},"schema":{"@context":"https:\/\/schema.org","@graph":[{"@type":"WebPage","@id":"https:\/\/respiart.ca\/shop\/ds2adv-auto-cpap-w-hht-p-flx-cell-btca\/","url":"https:\/\/respiart.ca\/shop\/ds2adv-auto-cpap-w-hht-p-flx-cell-btca\/","name":"Appareil CPAP automatique DS2Adv avec H+HT\/P-Flx\/cellule\/BT, CA | Respiart - Th\u00e9rapeute respiratoire Montr\u00e9al","isPartOf":{"@id":"https:\/\/respiart.ca\/ar\/#website"},"primaryImageOfPage":{"@id":"https:\/\/respiart.ca\/shop\/ds2adv-auto-cpap-w-hht-p-flx-cell-btca\/#primaryimage"},"image":{"@id":"https:\/\/respiart.ca\/shop\/ds2adv-auto-cpap-w-hht-p-flx-cell-btca\/#primaryimage"},"thumbnailUrl":"https:\/\/respiart.ca\/wp-content\/uploads\/2025\/12\/Dreamstation2SideView.webp","datePublished":"2025-12-19T11:50:05+00:00","dateModified":"2026-04-22T19:20:08+00:00","description":"Le DS2Adv Auto CPAP est un appareil de pointe pour le traitement de l&#039;apn\u00e9e du sommeil, con\u00e7u pour un confort optimal et une gestion efficace de cette affection. Dot\u00e9 d&#039;un syst\u00e8me d&#039;humidification (H+), d&#039;un tuyau chauffant (HT), d&#039;un syst\u00e8me de soulagement de la pression (P-Flx), d&#039;une connectivit\u00e9 cellulaire et du Bluetooth, ce CPAP offre une exp\u00e9rience personnalis\u00e9e et fluide pour un sommeil de meilleure qualit\u00e9. Id\u00e9al pour ceux qui recherchent praticit\u00e9, connectivit\u00e9 et fonctionnalit\u00e9s th\u00e9rapeutiques avanc\u00e9es dans un appareil compact.","breadcrumb":{"@id":"https:\/\/respiart.ca\/shop\/ds2adv-auto-cpap-w-hht-p-flx-cell-btca\/#breadcrumb"},"inLanguage":"fr-CA","potentialAction":[{"@type":"ReadAction","target":["https:\/\/respiart.ca\/shop\/ds2adv-auto-cpap-w-hht-p-flx-cell-btca\/"]}]},{"@type":"ImageObject","inLanguage":"fr-CA","@id":"https:\/\/respiart.ca\/shop\/ds2adv-auto-cpap-w-hht-p-flx-cell-btca\/#primaryimage","url":"https:\/\/respiart.ca\/wp-content\/uploads\/2025\/12\/Dreamstation2SideView.webp","contentUrl":"https:\/\/respiart.ca\/wp-content\/uploads\/2025\/12\/Dreamstation2SideView.webp","width":1024,"height":1024},{"@type":"BreadcrumbList","@id":"https:\/\/respiart.ca\/shop\/ds2adv-auto-cpap-w-hht-p-flx-cell-btca\/#breadcrumb","itemListElement":[{"@type":"ListItem","position":1,"name":"Home","item":"https:\/\/respiart.ca\/"},{"@type":"ListItem","position":2,"name":"Shop CPAP","item":"https:\/\/respiart.ca\/shop-cpap\/"},{"@type":"ListItem","position":3,"name":"DS2Adv Auto CPAP w\/H+HT\/P-Flx\/cell\/BT,CA"}]},{"@type":"WebSite","@id":"https:\/\/respiart.ca\/ar\/#website","url":"https:\/\/respiart.ca\/ar\/","name":"RespiArt - Apn\u00e9e du sommeil et CPAP","description":"CPAP et tests pour l&#039;apn\u00e9e du sommeil, l&#039;asthme, l&#039;oxym\u00e9trie","publisher":{"@id":"https:\/\/respiart.ca\/ar\/#organization"},"potentialAction":[{"@type":"SearchAction","target":{"@type":"EntryPoint","urlTemplate":"https:\/\/respiart.ca\/ar\/?s={search_term_string}"},"query-input":{"@type":"PropertyValueSpecification","valueRequired":true,"valueName":"search_term_string"}}],"inLanguage":"fr-CA"},{"@type":"Organization","@id":"https:\/\/respiart.ca\/ar\/#organization","name":"RespiArt - Apn\u00e9e du sommeil et CPAP","url":"https:\/\/respiart.ca\/ar\/","logo":{"@type":"ImageObject","inLanguage":"fr-CA","@id":"https:\/\/respiart.ca\/ar\/#\/schema\/logo\/image\/","url":"https:\/\/respiart.ca\/wp-content\/uploads\/2022\/05\/Respiart-logo-1-e1651540192142.png","contentUrl":"https:\/\/respiart.ca\/wp-content\/uploads\/2022\/05\/Respiart-logo-1-e1651540192142.png","width":237,"height":61,"caption":"RespiArt - Sleep apnea & CPAPs"},"image":{"@id":"https:\/\/respiart.ca\/ar\/#\/schema\/logo\/image\/"}}]}},"_links":{"self":[{"href":"https:\/\/respiart.ca\/fr\/wp-json\/wp\/v2\/product\/5956","targetHints":{"allow":["GET"]}}],"collection":[{"href":"https:\/\/respiart.ca\/fr\/wp-json\/wp\/v2\/product"}],"about":[{"href":"https:\/\/respiart.ca\/fr\/wp-json\/wp\/v2\/types\/product"}],"replies":[{"embeddable":true,"href":"https:\/\/respiart.ca\/fr\/wp-json\/wp\/v2\/comments?post=5956"}],"wp:featuredmedia":[{"embeddable":true,"href":"https:\/\/respiart.ca\/fr\/wp-json\/wp\/v2\/media\/6014"}],"wp:attachment":[{"href":"https:\/\/respiart.ca\/fr\/wp-json\/wp\/v2\/media?parent=5956"}],"wp:term":[{"taxonomy":"product_brand","embeddable":true,"href":"https:\/\/respiart.ca\/fr\/wp-json\/wp\/v2\/product_brand?post=5956"},{"taxonomy":"product_cat","embeddable":true,"href":"https:\/\/respiart.ca\/fr\/wp-json\/wp\/v2\/product_cat?post=5956"},{"taxonomy":"product_tag","embeddable":true,"href":"https:\/\/respiart.ca\/fr\/wp-json\/wp\/v2\/product_tag?post=5956"}],"curies":[{"name":"wp","href":"https:\/\/api.w.org\/{rel}","templated":true}]}}