{"id":5958,"date":"2025-12-19T11:50:20","date_gmt":"2025-12-19T11:50:20","guid":{"rendered":"http:\/\/f4i.0cc.mytemp.website\/shop\/ds2-reusable-pollen-filter-1-pack\/"},"modified":"2025-12-21T00:34:31","modified_gmt":"2025-12-21T00:34:31","slug":"filtre-a-pollen-reutilisable-ds2-1-unite","status":"publish","type":"product","link":"https:\/\/respiart.ca\/fr\/shop\/ds2-reusable-pollen-filter-1-pack\/","title":{"rendered":"Filtre \u00e0 pollen r\u00e9utilisable DS2 \u2013 Lot de 1"},"content":{"rendered":"<h3 data-start=\"373\" data-end=\"436\"><strong data-start=\"377\" data-end=\"434\">Filtre \u00e0 pollen r\u00e9utilisable DS2 \u2013 Gardez l&#039;air de votre appareil CPAP propre<\/strong><\/h3>\n<p data-start=\"438\" data-end=\"674\">Prot\u00e9gez votre appareil CPAP et am\u00e9liorez votre exp\u00e9rience th\u00e9rapeutique gr\u00e2ce \u00e0 <strong data-start=\"509\" data-end=\"539\">Filtre \u00e0 pollen r\u00e9utilisable DS2<\/strong>. Con\u00e7u pour pi\u00e9ger le pollen, la poussi\u00e8re et autres particules, ce filtre garantit un air plus propre et plus sain pendant votre sommeil.<\/p>\n<h4 data-start=\"676\" data-end=\"700\"><strong data-start=\"681\" data-end=\"698\">Caract\u00e9ristiques principales :<\/strong><\/h4>\n<ul data-start=\"701\" data-end=\"1143\">\n<li data-start=\"701\" data-end=\"799\">\n<p data-start=\"703\" data-end=\"799\"><strong data-start=\"703\" data-end=\"723\">Conception r\u00e9utilisable\u00a0:<\/strong> Nettoyable et r\u00e9utilisable plusieurs fois, ce qui r\u00e9duit les d\u00e9chets et les co\u00fbts.<\/p>\n<\/li>\n<li data-start=\"800\" data-end=\"904\">\n<p data-start=\"802\" data-end=\"904\"><strong data-start=\"802\" data-end=\"827\">Filtration efficace :<\/strong> Capture le pollen, la poussi\u00e8re et les particules en suspension dans l&#039;air pour prot\u00e9ger votre appareil CPAP.<\/p>\n<\/li>\n<li data-start=\"905\" data-end=\"978\">\n<p data-start=\"907\" data-end=\"978\"><strong data-start=\"907\" data-end=\"927\">Facile \u00e0 installer :<\/strong> Sa conception simple \u00e0 clipser convient \u00e0 la plupart des mod\u00e8les CPAP DS2.<\/p>\n<\/li>\n<li data-start=\"979\" data-end=\"1057\">\n<p data-start=\"981\" data-end=\"1057\"><strong data-start=\"981\" data-end=\"1006\">Facile d&#039;entretien :<\/strong> Laver d\u00e9licatement \u00e0 l&#039;eau et laisser s\u00e9cher \u00e0 l&#039;air libre avant r\u00e9utilisation.<\/p>\n<\/li>\n<li data-start=\"1058\" data-end=\"1143\">\n<p data-start=\"1060\" data-end=\"1143\"><strong data-start=\"1060\" data-end=\"1071\">Paquet de 1 :<\/strong> Comprend un filtre de haute qualit\u00e9 pour un remplacement imm\u00e9diat ou en r\u00e9serve.<\/p>\n<\/li>\n<\/ul>\n<h4 data-start=\"1145\" data-end=\"1165\"><strong data-start=\"1150\" data-end=\"1163\">Avantages:<\/strong><\/h4>\n<ul data-start=\"1166\" data-end=\"1397\">\n<li data-start=\"1166\" data-end=\"1232\">\n<p data-start=\"1168\" data-end=\"1232\">Am\u00e9liore les performances de l&#039;appareil CPAP en pr\u00e9venant les blocages et l&#039;accumulation de r\u00e9sidus.<\/p>\n<\/li>\n<li data-start=\"1233\" data-end=\"1301\">\n<p data-start=\"1235\" data-end=\"1301\">Am\u00e9liore la qualit\u00e9 de l&#039;air pour un sommeil plus confortable et plus sain.<\/p>\n<\/li>\n<li data-start=\"1302\" data-end=\"1355\">\n<p data-start=\"1304\" data-end=\"1355\">Alternative \u00e9conomique aux filtres jetables.<\/p>\n<\/li>\n<li data-start=\"1356\" data-end=\"1397\">\n<p data-start=\"1358\" data-end=\"1397\">Prolonge la dur\u00e9e de vie de votre appareil CPAP.<\/p>\n<\/li>\n<\/ul>\n<h4 data-start=\"1399\" data-end=\"1431\"><strong data-start=\"1404\" data-end=\"1429\">Tableau des sp\u00e9cifications :<\/strong><\/h4>\n<div class=\"TyagGW_tableContainer\">\n<div class=\"group TyagGW_tableWrapper flex w-fit flex-col-reverse\" tabindex=\"-1\">\n<table class=\"w-fit min-w-(--thread-content-width)\" data-start=\"1433\" data-end=\"1698\">\n<thead data-start=\"1433\" data-end=\"1454\">\n<tr data-start=\"1433\" data-end=\"1454\">\n<th data-start=\"1433\" data-end=\"1443\" data-col-size=\"sm\">Fonctionnalit\u00e9<\/th>\n<th data-start=\"1443\" data-end=\"1454\" data-col-size=\"sm\">D\u00e9tails<\/th>\n<\/tr>\n<\/thead>\n<tbody data-start=\"1477\" data-end=\"1698\">\n<tr data-start=\"1477\" data-end=\"1510\">\n<td data-start=\"1477\" data-end=\"1484\" data-col-size=\"sm\">Taper<\/td>\n<td data-start=\"1484\" data-end=\"1510\" data-col-size=\"sm\">Filtre \u00e0 pollen r\u00e9utilisable<\/td>\n<\/tr>\n<tr data-start=\"1511\" data-end=\"1528\">\n<td data-start=\"1511\" data-end=\"1523\" data-col-size=\"sm\">Format de l&#039;emballage<\/td>\n<td data-col-size=\"sm\" data-start=\"1523\" data-end=\"1528\">1<\/td>\n<\/tr>\n<tr data-start=\"1529\" data-end=\"1565\">\n<td data-start=\"1529\" data-end=\"1545\" data-col-size=\"sm\">Compatibilit\u00e9<\/td>\n<td data-start=\"1545\" data-end=\"1565\" data-col-size=\"sm\">Appareils CPAP DS2<\/td>\n<\/tr>\n<tr data-start=\"1566\" data-end=\"1609\">\n<td data-start=\"1566\" data-end=\"1577\" data-col-size=\"sm\">Mat\u00e9riel<\/td>\n<td data-start=\"1577\" data-end=\"1609\" data-col-size=\"sm\">Fibre synth\u00e9tique de haute qualit\u00e9<\/td>\n<\/tr>\n<tr data-start=\"1610\" data-end=\"1649\">\n<td data-start=\"1610\" data-end=\"1624\" data-col-size=\"sm\">Entretien<\/td>\n<td data-start=\"1624\" data-end=\"1649\" data-col-size=\"sm\">Lavable et r\u00e9utilisable<\/td>\n<\/tr>\n<tr data-start=\"1650\" data-end=\"1698\">\n<td data-start=\"1650\" data-end=\"1660\" data-col-size=\"sm\">But<\/td>\n<td data-start=\"1660\" data-end=\"1698\" data-col-size=\"sm\">Filtrer la poussi\u00e8re, le pollen et les particules<\/td>\n<\/tr>\n<\/tbody>\n<\/table>\n<\/div>\n<\/div>\n<h4 data-start=\"1700\" data-end=\"1738\"><strong data-start=\"1705\" data-end=\"1736\">Qui devrait utiliser ce filtre\u00a0?<\/strong><\/h4>\n<p data-start=\"1739\" data-end=\"1929\">Id\u00e9al pour les utilisateurs de CPAP qui souhaitent <strong data-start=\"1769\" data-end=\"1838\">Un air plus pur, une dur\u00e9e de vie des appareils prolong\u00e9e et une solution \u00e9cologique<\/strong>. Id\u00e9al pour les personnes souffrant d&#039;allergies et pour tous ceux qui recherchent une th\u00e9rapie CPAP constante et de haute qualit\u00e9.<\/p>","protected":false},"excerpt":{"rendered":"<p>Le filtre \u00e0 pollen r\u00e9utilisable DS2 (1 unit\u00e9) contribue \u00e0 maintenir un flux d&#039;air propre dans votre appareil CPAP en pi\u00e9geant le pollen, la poussi\u00e8re et autres particules en suspension. Durable et facile \u00e0 nettoyer, il offre une protection fiable et assure une efficacit\u00e9 th\u00e9rapeutique constante.<\/p>","protected":false},"featured_media":6021,"comment_status":"open","ping_status":"closed","template":"","meta":[],"product_brand":[],"product_cat":[117],"product_tag":[],"class_list":{"0":"post-5958","1":"product","2":"type-product","3":"status-publish","4":"has-post-thumbnail","6":"product_cat-philips","8":"first","9":"instock","10":"taxable","11":"shipping-taxable","12":"purchasable","13":"product-type-simple"},"yoast_head":"<!-- This site is optimized with the Yoast SEO plugin v27.4 - https:\/\/yoast.com\/product\/yoast-seo-wordpress\/ -->\n<title>DS2 Reusable Pollen Filter \u2013 1-Pack | Respiart - Respiratory therapist Montreal<\/title>\n<meta name=\"description\" content=\"The DS2 Reusable Pollen Filter \u2013 1-Pack helps maintain clean airflow in your CPAP device by trapping pollen, dust, and other airborne particles. Durable and easy to clean, it provides reliable protection and supports consistent therapy performance.\" \/>\n<meta name=\"robots\" content=\"index, follow, max-snippet:-1, max-image-preview:large, max-video-preview:-1\" \/>\n<link rel=\"canonical\" href=\"https:\/\/respiart.ca\/fr\/magasin\/filtre-a-pollen-reutilisable-ds2-1-unite\/\" \/>\n<meta property=\"og:locale\" content=\"fr_CA\" \/>\n<meta property=\"og:type\" content=\"article\" \/>\n<meta property=\"og:title\" content=\"DS2 Reusable Pollen Filter \u2013 1-Pack | Respiart - Respiratory therapist Montreal\" \/>\n<meta property=\"og:description\" content=\"The DS2 Reusable Pollen Filter \u2013 1-Pack helps maintain clean airflow in your CPAP device by trapping pollen, dust, and other airborne particles. Durable and easy to clean, it provides reliable protection and supports consistent therapy performance.\" \/>\n<meta property=\"og:url\" content=\"https:\/\/respiart.ca\/fr\/magasin\/filtre-a-pollen-reutilisable-ds2-1-unite\/\" \/>\n<meta property=\"og:site_name\" content=\"Respiart - Respiratory therapist Montreal\" \/>\n<meta property=\"article:modified_time\" content=\"2025-12-21T00:34:31+00:00\" \/>\n<meta property=\"og:image\" content=\"https:\/\/respiart.ca\/wp-content\/uploads\/2025\/12\/DS2-Reusable-Pollen-Filter-\u2013-1-Pack.webp\" \/>\n\t<meta property=\"og:image:width\" content=\"300\" \/>\n\t<meta property=\"og:image:height\" content=\"294\" \/>\n\t<meta property=\"og:image:type\" content=\"image\/webp\" \/>\n<meta name=\"twitter:card\" content=\"summary_large_image\" \/>\n<meta name=\"twitter:label1\" content=\"Estimation du temps de lecture\" \/>\n\t<meta name=\"twitter:data1\" content=\"1 minute\" \/>\n<script type=\"application\/ld+json\" class=\"yoast-schema-graph\">{\"@context\":\"https:\\\/\\\/schema.org\",\"@graph\":[{\"@type\":\"WebPage\",\"@id\":\"https:\\\/\\\/respiart.ca\\\/shop\\\/ds2-reusable-pollen-filter-1-pack\\\/\",\"url\":\"https:\\\/\\\/respiart.ca\\\/shop\\\/ds2-reusable-pollen-filter-1-pack\\\/\",\"name\":\"DS2 Reusable Pollen Filter \u2013 1-Pack | Respiart - Respiratory therapist Montreal\",\"isPartOf\":{\"@id\":\"https:\\\/\\\/respiart.ca\\\/ar\\\/#website\"},\"primaryImageOfPage\":{\"@id\":\"https:\\\/\\\/respiart.ca\\\/shop\\\/ds2-reusable-pollen-filter-1-pack\\\/#primaryimage\"},\"image\":{\"@id\":\"https:\\\/\\\/respiart.ca\\\/shop\\\/ds2-reusable-pollen-filter-1-pack\\\/#primaryimage\"},\"thumbnailUrl\":\"https:\\\/\\\/respiart.ca\\\/wp-content\\\/uploads\\\/2025\\\/12\\\/DS2-Reusable-Pollen-Filter-\u2013-1-Pack.webp\",\"datePublished\":\"2025-12-19T11:50:20+00:00\",\"dateModified\":\"2025-12-21T00:34:31+00:00\",\"description\":\"The DS2 Reusable Pollen Filter \u2013 1-Pack helps maintain clean airflow in your CPAP device by trapping pollen, dust, and other airborne particles. Durable and easy to clean, it provides reliable protection and supports consistent therapy performance.\",\"breadcrumb\":{\"@id\":\"https:\\\/\\\/respiart.ca\\\/shop\\\/ds2-reusable-pollen-filter-1-pack\\\/#breadcrumb\"},\"inLanguage\":\"fr-CA\",\"potentialAction\":[{\"@type\":\"ReadAction\",\"target\":[\"https:\\\/\\\/respiart.ca\\\/shop\\\/ds2-reusable-pollen-filter-1-pack\\\/\"]}]},{\"@type\":\"ImageObject\",\"inLanguage\":\"fr-CA\",\"@id\":\"https:\\\/\\\/respiart.ca\\\/shop\\\/ds2-reusable-pollen-filter-1-pack\\\/#primaryimage\",\"url\":\"https:\\\/\\\/respiart.ca\\\/wp-content\\\/uploads\\\/2025\\\/12\\\/DS2-Reusable-Pollen-Filter-\u2013-1-Pack.webp\",\"contentUrl\":\"https:\\\/\\\/respiart.ca\\\/wp-content\\\/uploads\\\/2025\\\/12\\\/DS2-Reusable-Pollen-Filter-\u2013-1-Pack.webp\",\"width\":300,\"height\":294},{\"@type\":\"BreadcrumbList\",\"@id\":\"https:\\\/\\\/respiart.ca\\\/shop\\\/ds2-reusable-pollen-filter-1-pack\\\/#breadcrumb\",\"itemListElement\":[{\"@type\":\"ListItem\",\"position\":1,\"name\":\"Home\",\"item\":\"https:\\\/\\\/respiart.ca\\\/\"},{\"@type\":\"ListItem\",\"position\":2,\"name\":\"Shop CPAP\",\"item\":\"https:\\\/\\\/respiart.ca\\\/ar\\\/%d9%85%d8%aa%d8%ac%d8%b1-cpap\\\/\"},{\"@type\":\"ListItem\",\"position\":3,\"name\":\"DS2 Reusable Pollen Filter \u2013 1-Pack\"}]},{\"@type\":\"WebSite\",\"@id\":\"https:\\\/\\\/respiart.ca\\\/ar\\\/#website\",\"url\":\"https:\\\/\\\/respiart.ca\\\/ar\\\/\",\"name\":\"RespiArt - Sleep apnea & CPAPs\",\"description\":\"CPAPs and tests for sleep apnea, asthma, oximetry\",\"publisher\":{\"@id\":\"https:\\\/\\\/respiart.ca\\\/ar\\\/#organization\"},\"potentialAction\":[{\"@type\":\"SearchAction\",\"target\":{\"@type\":\"EntryPoint\",\"urlTemplate\":\"https:\\\/\\\/respiart.ca\\\/ar\\\/?s={search_term_string}\"},\"query-input\":{\"@type\":\"PropertyValueSpecification\",\"valueRequired\":true,\"valueName\":\"search_term_string\"}}],\"inLanguage\":\"fr-CA\"},{\"@type\":\"Organization\",\"@id\":\"https:\\\/\\\/respiart.ca\\\/ar\\\/#organization\",\"name\":\"RespiArt - Sleep apnea & CPAPs\",\"url\":\"https:\\\/\\\/respiart.ca\\\/ar\\\/\",\"logo\":{\"@type\":\"ImageObject\",\"inLanguage\":\"fr-CA\",\"@id\":\"https:\\\/\\\/respiart.ca\\\/ar\\\/#\\\/schema\\\/logo\\\/image\\\/\",\"url\":\"https:\\\/\\\/respiart.ca\\\/wp-content\\\/uploads\\\/2022\\\/05\\\/Respiart-logo-1-e1651540192142.png\",\"contentUrl\":\"https:\\\/\\\/respiart.ca\\\/wp-content\\\/uploads\\\/2022\\\/05\\\/Respiart-logo-1-e1651540192142.png\",\"width\":237,\"height\":61,\"caption\":\"RespiArt - Sleep apnea & CPAPs\"},\"image\":{\"@id\":\"https:\\\/\\\/respiart.ca\\\/ar\\\/#\\\/schema\\\/logo\\\/image\\\/\"}}]}<\/script>\n<!-- \/ Yoast SEO plugin. -->","yoast_head_json":{"title":"Filtre \u00e0 pollen r\u00e9utilisable DS2 \u2013 Paquet de 1 | Respiart - Th\u00e9rapeute respiratoire Montr\u00e9al","description":"Le filtre \u00e0 pollen r\u00e9utilisable DS2 (1 unit\u00e9) contribue \u00e0 maintenir un flux d&#039;air propre dans votre appareil CPAP en pi\u00e9geant le pollen, la poussi\u00e8re et autres particules en suspension. Durable et facile \u00e0 nettoyer, il offre une protection fiable et assure une efficacit\u00e9 th\u00e9rapeutique constante.","robots":{"index":"index","follow":"follow","max-snippet":"max-snippet:-1","max-image-preview":"max-image-preview:large","max-video-preview":"max-video-preview:-1"},"canonical":"https:\/\/respiart.ca\/fr\/magasin\/filtre-a-pollen-reutilisable-ds2-1-unite\/","og_locale":"fr_CA","og_type":"article","og_title":"DS2 Reusable Pollen Filter \u2013 1-Pack | Respiart - Respiratory therapist Montreal","og_description":"The DS2 Reusable Pollen Filter \u2013 1-Pack helps maintain clean airflow in your CPAP device by trapping pollen, dust, and other airborne particles. Durable and easy to clean, it provides reliable protection and supports consistent therapy performance.","og_url":"https:\/\/respiart.ca\/fr\/magasin\/filtre-a-pollen-reutilisable-ds2-1-unite\/","og_site_name":"Respiart - Respiratory therapist Montreal","article_modified_time":"2025-12-21T00:34:31+00:00","og_image":[{"width":300,"height":294,"url":"https:\/\/respiart.ca\/wp-content\/uploads\/2025\/12\/DS2-Reusable-Pollen-Filter-\u2013-1-Pack.webp","type":"image\/webp"}],"twitter_card":"summary_large_image","twitter_misc":{"Estimation du temps de lecture":"1 minute"},"schema":{"@context":"https:\/\/schema.org","@graph":[{"@type":"WebPage","@id":"https:\/\/respiart.ca\/shop\/ds2-reusable-pollen-filter-1-pack\/","url":"https:\/\/respiart.ca\/shop\/ds2-reusable-pollen-filter-1-pack\/","name":"Filtre \u00e0 pollen r\u00e9utilisable DS2 \u2013 Paquet de 1 | Respiart - Th\u00e9rapeute respiratoire Montr\u00e9al","isPartOf":{"@id":"https:\/\/respiart.ca\/ar\/#website"},"primaryImageOfPage":{"@id":"https:\/\/respiart.ca\/shop\/ds2-reusable-pollen-filter-1-pack\/#primaryimage"},"image":{"@id":"https:\/\/respiart.ca\/shop\/ds2-reusable-pollen-filter-1-pack\/#primaryimage"},"thumbnailUrl":"https:\/\/respiart.ca\/wp-content\/uploads\/2025\/12\/DS2-Reusable-Pollen-Filter-\u2013-1-Pack.webp","datePublished":"2025-12-19T11:50:20+00:00","dateModified":"2025-12-21T00:34:31+00:00","description":"Le filtre \u00e0 pollen r\u00e9utilisable DS2 (1 unit\u00e9) contribue \u00e0 maintenir un flux d&#039;air propre dans votre appareil CPAP en pi\u00e9geant le pollen, la poussi\u00e8re et autres particules en suspension. Durable et facile \u00e0 nettoyer, il offre une protection fiable et assure une efficacit\u00e9 th\u00e9rapeutique constante.","breadcrumb":{"@id":"https:\/\/respiart.ca\/shop\/ds2-reusable-pollen-filter-1-pack\/#breadcrumb"},"inLanguage":"fr-CA","potentialAction":[{"@type":"ReadAction","target":["https:\/\/respiart.ca\/shop\/ds2-reusable-pollen-filter-1-pack\/"]}]},{"@type":"ImageObject","inLanguage":"fr-CA","@id":"https:\/\/respiart.ca\/shop\/ds2-reusable-pollen-filter-1-pack\/#primaryimage","url":"https:\/\/respiart.ca\/wp-content\/uploads\/2025\/12\/DS2-Reusable-Pollen-Filter-\u2013-1-Pack.webp","contentUrl":"https:\/\/respiart.ca\/wp-content\/uploads\/2025\/12\/DS2-Reusable-Pollen-Filter-\u2013-1-Pack.webp","width":300,"height":294},{"@type":"BreadcrumbList","@id":"https:\/\/respiart.ca\/shop\/ds2-reusable-pollen-filter-1-pack\/#breadcrumb","itemListElement":[{"@type":"ListItem","position":1,"name":"Home","item":"https:\/\/respiart.ca\/"},{"@type":"ListItem","position":2,"name":"Shop CPAP","item":"https:\/\/respiart.ca\/ar\/%d9%85%d8%aa%d8%ac%d8%b1-cpap\/"},{"@type":"ListItem","position":3,"name":"DS2 Reusable Pollen Filter \u2013 1-Pack"}]},{"@type":"WebSite","@id":"https:\/\/respiart.ca\/ar\/#website","url":"https:\/\/respiart.ca\/ar\/","name":"RespiArt - Apn\u00e9e du sommeil et CPAP","description":"CPAP et tests pour l&#039;apn\u00e9e du sommeil, l&#039;asthme, l&#039;oxym\u00e9trie","publisher":{"@id":"https:\/\/respiart.ca\/ar\/#organization"},"potentialAction":[{"@type":"SearchAction","target":{"@type":"EntryPoint","urlTemplate":"https:\/\/respiart.ca\/ar\/?s={search_term_string}"},"query-input":{"@type":"PropertyValueSpecification","valueRequired":true,"valueName":"search_term_string"}}],"inLanguage":"fr-CA"},{"@type":"Organization","@id":"https:\/\/respiart.ca\/ar\/#organization","name":"RespiArt - Apn\u00e9e du sommeil et CPAP","url":"https:\/\/respiart.ca\/ar\/","logo":{"@type":"ImageObject","inLanguage":"fr-CA","@id":"https:\/\/respiart.ca\/ar\/#\/schema\/logo\/image\/","url":"https:\/\/respiart.ca\/wp-content\/uploads\/2022\/05\/Respiart-logo-1-e1651540192142.png","contentUrl":"https:\/\/respiart.ca\/wp-content\/uploads\/2022\/05\/Respiart-logo-1-e1651540192142.png","width":237,"height":61,"caption":"RespiArt - Sleep apnea & CPAPs"},"image":{"@id":"https:\/\/respiart.ca\/ar\/#\/schema\/logo\/image\/"}}]}},"_links":{"self":[{"href":"https:\/\/respiart.ca\/fr\/wp-json\/wp\/v2\/product\/5958","targetHints":{"allow":["GET"]}}],"collection":[{"href":"https:\/\/respiart.ca\/fr\/wp-json\/wp\/v2\/product"}],"about":[{"href":"https:\/\/respiart.ca\/fr\/wp-json\/wp\/v2\/types\/product"}],"replies":[{"embeddable":true,"href":"https:\/\/respiart.ca\/fr\/wp-json\/wp\/v2\/comments?post=5958"}],"wp:featuredmedia":[{"embeddable":true,"href":"https:\/\/respiart.ca\/fr\/wp-json\/wp\/v2\/media\/6021"}],"wp:attachment":[{"href":"https:\/\/respiart.ca\/fr\/wp-json\/wp\/v2\/media?parent=5958"}],"wp:term":[{"taxonomy":"product_brand","embeddable":true,"href":"https:\/\/respiart.ca\/fr\/wp-json\/wp\/v2\/product_brand?post=5958"},{"taxonomy":"product_cat","embeddable":true,"href":"https:\/\/respiart.ca\/fr\/wp-json\/wp\/v2\/product_cat?post=5958"},{"taxonomy":"product_tag","embeddable":true,"href":"https:\/\/respiart.ca\/fr\/wp-json\/wp\/v2\/product_tag?post=5958"}],"curies":[{"name":"wp","href":"https:\/\/api.w.org\/{rel}","templated":true}]}}