{"id":5961,"date":"2025-12-19T11:50:39","date_gmt":"2025-12-19T11:50:39","guid":{"rendered":"http:\/\/f4i.0cc.mytemp.website\/shop\/nova-micro-pillows-mask-fit-pack-sml-u\/"},"modified":"2025-12-20T12:59:57","modified_gmt":"2025-12-20T12:59:57","slug":"masque-nova-micro-pillows-format-voyage-taille-sml-u","status":"publish","type":"product","link":"https:\/\/respiart.ca\/fr\/shop\/nova-micro-pillows-mask-fit-pack-sml-u\/","title":{"rendered":"Masque Nova Micro Pillows, format voyage\/SML U"},"content":{"rendered":"<p data-start=\"506\" data-end=\"798\">Le kit d&#039;ajustement de masque Nova Micro Pillows est con\u00e7u pour am\u00e9liorer le confort et optimiser l&#039;efficacit\u00e9 du traitement pour les utilisateurs de PPC et d&#039;APAP. Contrairement aux masques traditionnels, ce kit utilise des micro-coussins qui reposent d\u00e9licatement sur les narines, r\u00e9duisant ainsi les marques de pression et permettant une libert\u00e9 de mouvement pendant le sommeil.<\/p>\n<p data-start=\"800\" data-end=\"849\"><strong data-start=\"800\" data-end=\"847\">Pourquoi choisir le pack d&#039;oreillers Nova Micro Pillows Fit Pack ?<\/strong><\/p>\n<ul data-start=\"850\" data-end=\"1313\">\n<li data-start=\"850\" data-end=\"968\">\n<p data-start=\"852\" data-end=\"968\"><strong data-start=\"852\" data-end=\"875\">Options de personnalisation :<\/strong> Comprend des tailles petites, moyennes et universelles pour s&#039;adapter \u00e0 diff\u00e9rentes structures faciales.<\/p>\n<\/li>\n<li data-start=\"969\" data-end=\"1079\">\n<p data-start=\"971\" data-end=\"1079\"><strong data-start=\"971\" data-end=\"993\">Design minimaliste :<\/strong> L\u00e9g\u00e8res et discr\u00e8tes pour un port sans g\u00eane et une exp\u00e9rience de sommeil naturelle.<\/p>\n<\/li>\n<li data-start=\"1080\" data-end=\"1202\">\n<p data-start=\"1082\" data-end=\"1202\"><strong data-start=\"1082\" data-end=\"1100\">Sceau renforc\u00e9\u00a0:<\/strong> Les coussinets nasaux souples forment une \u00e9tanch\u00e9it\u00e9 fiable avec un minimum de fuites, assurant ainsi une th\u00e9rapie par pression constante.<\/p>\n<\/li>\n<li data-start=\"1203\" data-end=\"1313\">\n<p data-start=\"1205\" data-end=\"1313\"><strong data-start=\"1205\" data-end=\"1226\">Entretien facile\u00a0:<\/strong> Les composants sont faciles \u00e0 d\u00e9tacher, \u00e0 nettoyer et \u00e0 remplacer, ce qui permet de maintenir des normes d&#039;hygi\u00e8ne \u00e9lev\u00e9es.<\/p>\n<\/li>\n<\/ul>\n<p data-start=\"1315\" data-end=\"1341\"><strong data-start=\"1315\" data-end=\"1339\">Composants inclus\u00a0:<\/strong><\/p>\n<ul data-start=\"1342\" data-end=\"1487\">\n<li data-start=\"1342\" data-end=\"1395\">\n<p data-start=\"1344\" data-end=\"1395\">Ensemble de petits, moyens et embouts nasaux universels<\/p>\n<\/li>\n<li data-start=\"1396\" data-end=\"1440\">\n<p data-start=\"1398\" data-end=\"1440\">Stabilisateurs de coussin pour un confort accru<\/p>\n<\/li>\n<li data-start=\"1441\" data-end=\"1487\">\n<p data-start=\"1443\" data-end=\"1487\">Connecteurs \u00e0 d\u00e9gagement rapide pour un assemblage facile<\/p>\n<\/li>\n<\/ul>\n<p data-start=\"1489\" data-end=\"1516\"><strong data-start=\"1489\" data-end=\"1514\">Points techniques importants\u00a0:<\/strong><\/p>\n<div class=\"TyagGW_tableContainer\">\n<div class=\"group TyagGW_tableWrapper flex w-fit flex-col-reverse\" tabindex=\"-1\">\n<table class=\"w-fit min-w-(--thread-content-width)\" data-start=\"1518\" data-end=\"1894\">\n<thead data-start=\"1518\" data-end=\"1538\">\n<tr data-start=\"1518\" data-end=\"1538\">\n<th data-start=\"1518\" data-end=\"1528\" data-col-size=\"sm\">Fonctionnalit\u00e9<\/th>\n<th data-start=\"1528\" data-end=\"1538\" data-col-size=\"md\">D\u00e9tail<\/th>\n<\/tr>\n<\/thead>\n<tbody data-start=\"1560\" data-end=\"1894\">\n<tr data-start=\"1560\" data-end=\"1598\">\n<td data-start=\"1560\" data-end=\"1572\" data-col-size=\"sm\">Type de masque<\/td>\n<td data-start=\"1572\" data-end=\"1598\" data-col-size=\"md\">Interface coussin nasal<\/td>\n<\/tr>\n<tr data-start=\"1599\" data-end=\"1637\">\n<td data-start=\"1599\" data-end=\"1607\" data-col-size=\"sm\">Tailles<\/td>\n<td data-start=\"1607\" data-end=\"1637\" data-col-size=\"md\">Petit \/ Moyen \/ Universel<\/td>\n<\/tr>\n<tr data-start=\"1638\" data-end=\"1681\">\n<td data-start=\"1638\" data-end=\"1649\" data-col-size=\"sm\">Mat\u00e9riel<\/td>\n<td data-start=\"1649\" data-end=\"1681\" data-col-size=\"md\">Silicone souple de qualit\u00e9 m\u00e9dicale<\/td>\n<\/tr>\n<tr data-start=\"1682\" data-end=\"1734\">\n<td data-start=\"1682\" data-end=\"1694\" data-col-size=\"sm\">Type de joint<\/td>\n<td data-col-size=\"md\" data-start=\"1694\" data-end=\"1734\">Conception de micro-coussins \u00e0 contact minimal<\/td>\n<\/tr>\n<tr data-start=\"1735\" data-end=\"1776\">\n<td data-start=\"1735\" data-end=\"1751\" data-col-size=\"sm\">Compatibilit\u00e9<\/td>\n<td data-start=\"1751\" data-end=\"1776\" data-col-size=\"md\">Appareils CPAP et APAP<\/td>\n<\/tr>\n<tr data-start=\"1777\" data-end=\"1829\">\n<td data-start=\"1777\" data-end=\"1791\" data-col-size=\"sm\">Entretien<\/td>\n<td data-start=\"1791\" data-end=\"1829\" data-col-size=\"md\">composants d\u00e9tachables et lavables<\/td>\n<\/tr>\n<tr data-start=\"1830\" data-end=\"1894\">\n<td data-start=\"1830\" data-end=\"1842\" data-col-size=\"sm\">Id\u00e9al pour<\/td>\n<td data-start=\"1842\" data-end=\"1894\" data-col-size=\"md\">Utilisateurs recherchant une th\u00e9rapie l\u00e9g\u00e8re et sans pression<\/td>\n<\/tr>\n<\/tbody>\n<\/table>\n<\/div>\n<\/div>\n<p data-start=\"1896\" data-end=\"2179\"><strong data-start=\"1896\" data-end=\"1916\">Exp\u00e9rience utilisateur\u00a0:<\/strong><br data-start=\"1916\" data-end=\"1919\" \/>Le pack d&#039;oreillers Nova Micro Pillows Fit Pack est id\u00e9al pour les patients qui ont des difficult\u00e9s avec les masques nasaux traditionnels, qui ont la peau sensible ou qui bougent beaucoup pendant leur sommeil. Son design discret garantit un sommeil paisible tout en assurant une th\u00e9rapie efficace et continue.<\/p>","protected":false},"excerpt":{"rendered":"<p>Le kit d&#039;ajustement de masques \u00e0 micro-coussins Nova (tailles S\/M\/Universelle) offre une solution sur mesure aux utilisateurs recherchant des interfaces nasales l\u00e9g\u00e8res et confortables. Con\u00e7u pour un ajustement pr\u00e9cis et un contact minimal avec la peau, ce kit assure une \u00e9tanch\u00e9it\u00e9 efficace et douce pour un traitement CPAP ou APAP constant.<\/p>","protected":false},"featured_media":5998,"comment_status":"open","ping_status":"closed","template":"","meta":[],"product_brand":[],"product_cat":[109],"product_tag":[],"class_list":{"0":"post-5961","1":"product","2":"type-product","3":"status-publish","4":"has-post-thumbnail","6":"product_cat-fisherpayckel","8":"first","9":"instock","10":"sale","11":"taxable","12":"shipping-taxable","13":"purchasable","14":"product-type-simple"},"yoast_head":"<!-- This site is optimized with the Yoast SEO plugin v27.3 - https:\/\/yoast.com\/product\/yoast-seo-wordpress\/ -->\n<title>Nova Micro Pillows Mask Fit Pack\/SML U | Respiart - Respiratory therapist Montreal<\/title>\n<meta name=\"description\" content=\"The Nova Micro Pillows Mask Fit Pack (Small\/Medium\/Universal) provides a tailored solution for users seeking lightweight, comfortable nasal pillow interfaces. Designed for precise fit and minimal skin contact, this pack ensures an effective and gentle seal for consistent CPAP or APAP therapy.\" \/>\n<meta name=\"robots\" content=\"index, follow, max-snippet:-1, max-image-preview:large, max-video-preview:-1\" \/>\n<link rel=\"canonical\" href=\"https:\/\/respiart.ca\/fr\/magasin\/masque-nova-micro-pillows-format-voyage-taille-sml-u\/\" \/>\n<meta property=\"og:locale\" content=\"fr_CA\" \/>\n<meta property=\"og:type\" content=\"article\" \/>\n<meta property=\"og:title\" content=\"Nova Micro Pillows Mask Fit Pack\/SML U | Respiart - Respiratory therapist Montreal\" \/>\n<meta property=\"og:description\" content=\"The Nova Micro Pillows Mask Fit Pack (Small\/Medium\/Universal) provides a tailored solution for users seeking lightweight, comfortable nasal pillow interfaces. Designed for precise fit and minimal skin contact, this pack ensures an effective and gentle seal for consistent CPAP or APAP therapy.\" \/>\n<meta property=\"og:url\" content=\"https:\/\/respiart.ca\/fr\/magasin\/masque-nova-micro-pillows-format-voyage-taille-sml-u\/\" \/>\n<meta property=\"og:site_name\" content=\"Respiart - Respiratory therapist Montreal\" \/>\n<meta property=\"article:modified_time\" content=\"2025-12-20T12:59:57+00:00\" \/>\n<meta property=\"og:image\" content=\"https:\/\/respiart.ca\/wp-content\/uploads\/2025\/12\/Fisher_Paykel_NovaMicroPillowsMask_FitPack_SML.webp\" \/>\n\t<meta property=\"og:image:width\" content=\"600\" \/>\n\t<meta property=\"og:image:height\" content=\"600\" \/>\n\t<meta property=\"og:image:type\" content=\"image\/webp\" \/>\n<meta name=\"twitter:card\" content=\"summary_large_image\" \/>\n<meta name=\"twitter:label1\" content=\"Estimation du temps de lecture\" \/>\n\t<meta name=\"twitter:data1\" content=\"1 minute\" \/>\n<script type=\"application\/ld+json\" class=\"yoast-schema-graph\">{\"@context\":\"https:\\\/\\\/schema.org\",\"@graph\":[{\"@type\":\"WebPage\",\"@id\":\"https:\\\/\\\/respiart.ca\\\/shop\\\/nova-micro-pillows-mask-fit-pack-sml-u\\\/\",\"url\":\"https:\\\/\\\/respiart.ca\\\/shop\\\/nova-micro-pillows-mask-fit-pack-sml-u\\\/\",\"name\":\"Nova Micro Pillows Mask Fit Pack\\\/SML U | Respiart - Respiratory therapist Montreal\",\"isPartOf\":{\"@id\":\"https:\\\/\\\/respiart.ca\\\/ar\\\/#website\"},\"primaryImageOfPage\":{\"@id\":\"https:\\\/\\\/respiart.ca\\\/shop\\\/nova-micro-pillows-mask-fit-pack-sml-u\\\/#primaryimage\"},\"image\":{\"@id\":\"https:\\\/\\\/respiart.ca\\\/shop\\\/nova-micro-pillows-mask-fit-pack-sml-u\\\/#primaryimage\"},\"thumbnailUrl\":\"https:\\\/\\\/respiart.ca\\\/wp-content\\\/uploads\\\/2025\\\/12\\\/Fisher_Paykel_NovaMicroPillowsMask_FitPack_SML.webp\",\"datePublished\":\"2025-12-19T11:50:39+00:00\",\"dateModified\":\"2025-12-20T12:59:57+00:00\",\"description\":\"The Nova Micro Pillows Mask Fit Pack (Small\\\/Medium\\\/Universal) provides a tailored solution for users seeking lightweight, comfortable nasal pillow interfaces. Designed for precise fit and minimal skin contact, this pack ensures an effective and gentle seal for consistent CPAP or APAP therapy.\",\"breadcrumb\":{\"@id\":\"https:\\\/\\\/respiart.ca\\\/shop\\\/nova-micro-pillows-mask-fit-pack-sml-u\\\/#breadcrumb\"},\"inLanguage\":\"fr-CA\",\"potentialAction\":[{\"@type\":\"ReadAction\",\"target\":[\"https:\\\/\\\/respiart.ca\\\/shop\\\/nova-micro-pillows-mask-fit-pack-sml-u\\\/\"]}]},{\"@type\":\"ImageObject\",\"inLanguage\":\"fr-CA\",\"@id\":\"https:\\\/\\\/respiart.ca\\\/shop\\\/nova-micro-pillows-mask-fit-pack-sml-u\\\/#primaryimage\",\"url\":\"https:\\\/\\\/respiart.ca\\\/wp-content\\\/uploads\\\/2025\\\/12\\\/Fisher_Paykel_NovaMicroPillowsMask_FitPack_SML.webp\",\"contentUrl\":\"https:\\\/\\\/respiart.ca\\\/wp-content\\\/uploads\\\/2025\\\/12\\\/Fisher_Paykel_NovaMicroPillowsMask_FitPack_SML.webp\",\"width\":600,\"height\":600},{\"@type\":\"BreadcrumbList\",\"@id\":\"https:\\\/\\\/respiart.ca\\\/shop\\\/nova-micro-pillows-mask-fit-pack-sml-u\\\/#breadcrumb\",\"itemListElement\":[{\"@type\":\"ListItem\",\"position\":1,\"name\":\"Home\",\"item\":\"https:\\\/\\\/respiart.ca\\\/\"},{\"@type\":\"ListItem\",\"position\":2,\"name\":\"Shop CPAP\",\"item\":\"https:\\\/\\\/respiart.ca\\\/ar\\\/%d9%85%d8%aa%d8%ac%d8%b1-cpap\\\/\"},{\"@type\":\"ListItem\",\"position\":3,\"name\":\"Nova Micro Pillows Mask Fit Pack\\\/SML U\"}]},{\"@type\":\"WebSite\",\"@id\":\"https:\\\/\\\/respiart.ca\\\/ar\\\/#website\",\"url\":\"https:\\\/\\\/respiart.ca\\\/ar\\\/\",\"name\":\"RespiArt - Sleep apnea & CPAPs\",\"description\":\"CPAPs and tests for sleep apnea, asthma, oximetry\",\"publisher\":{\"@id\":\"https:\\\/\\\/respiart.ca\\\/ar\\\/#organization\"},\"potentialAction\":[{\"@type\":\"SearchAction\",\"target\":{\"@type\":\"EntryPoint\",\"urlTemplate\":\"https:\\\/\\\/respiart.ca\\\/ar\\\/?s={search_term_string}\"},\"query-input\":{\"@type\":\"PropertyValueSpecification\",\"valueRequired\":true,\"valueName\":\"search_term_string\"}}],\"inLanguage\":\"fr-CA\"},{\"@type\":\"Organization\",\"@id\":\"https:\\\/\\\/respiart.ca\\\/ar\\\/#organization\",\"name\":\"RespiArt - Sleep apnea & CPAPs\",\"url\":\"https:\\\/\\\/respiart.ca\\\/ar\\\/\",\"logo\":{\"@type\":\"ImageObject\",\"inLanguage\":\"fr-CA\",\"@id\":\"https:\\\/\\\/respiart.ca\\\/ar\\\/#\\\/schema\\\/logo\\\/image\\\/\",\"url\":\"https:\\\/\\\/respiart.ca\\\/wp-content\\\/uploads\\\/2022\\\/05\\\/Respiart-logo-1-e1651540192142.png\",\"contentUrl\":\"https:\\\/\\\/respiart.ca\\\/wp-content\\\/uploads\\\/2022\\\/05\\\/Respiart-logo-1-e1651540192142.png\",\"width\":237,\"height\":61,\"caption\":\"RespiArt - Sleep apnea & CPAPs\"},\"image\":{\"@id\":\"https:\\\/\\\/respiart.ca\\\/ar\\\/#\\\/schema\\\/logo\\\/image\\\/\"}}]}<\/script>\n<!-- \/ Yoast SEO plugin. -->","yoast_head_json":{"title":"Masque \u00e0 micro-oreillers Nova, format SML U | Respiart - Th\u00e9rapeute respiratoire Montr\u00e9al","description":"Le kit d&#039;ajustement de masques \u00e0 micro-coussins Nova (tailles S\/M\/Universelle) offre une solution sur mesure aux utilisateurs recherchant des interfaces nasales l\u00e9g\u00e8res et confortables. Con\u00e7u pour un ajustement pr\u00e9cis et un contact minimal avec la peau, ce kit assure une \u00e9tanch\u00e9it\u00e9 efficace et douce pour un traitement CPAP ou APAP constant.","robots":{"index":"index","follow":"follow","max-snippet":"max-snippet:-1","max-image-preview":"max-image-preview:large","max-video-preview":"max-video-preview:-1"},"canonical":"https:\/\/respiart.ca\/fr\/magasin\/masque-nova-micro-pillows-format-voyage-taille-sml-u\/","og_locale":"fr_CA","og_type":"article","og_title":"Nova Micro Pillows Mask Fit Pack\/SML U | Respiart - Respiratory therapist Montreal","og_description":"The Nova Micro Pillows Mask Fit Pack (Small\/Medium\/Universal) provides a tailored solution for users seeking lightweight, comfortable nasal pillow interfaces. Designed for precise fit and minimal skin contact, this pack ensures an effective and gentle seal for consistent CPAP or APAP therapy.","og_url":"https:\/\/respiart.ca\/fr\/magasin\/masque-nova-micro-pillows-format-voyage-taille-sml-u\/","og_site_name":"Respiart - Respiratory therapist Montreal","article_modified_time":"2025-12-20T12:59:57+00:00","og_image":[{"width":600,"height":600,"url":"https:\/\/respiart.ca\/wp-content\/uploads\/2025\/12\/Fisher_Paykel_NovaMicroPillowsMask_FitPack_SML.webp","type":"image\/webp"}],"twitter_card":"summary_large_image","twitter_misc":{"Estimation du temps de lecture":"1 minute"},"schema":{"@context":"https:\/\/schema.org","@graph":[{"@type":"WebPage","@id":"https:\/\/respiart.ca\/shop\/nova-micro-pillows-mask-fit-pack-sml-u\/","url":"https:\/\/respiart.ca\/shop\/nova-micro-pillows-mask-fit-pack-sml-u\/","name":"Masque \u00e0 micro-oreillers Nova, format SML U | Respiart - Th\u00e9rapeute respiratoire Montr\u00e9al","isPartOf":{"@id":"https:\/\/respiart.ca\/ar\/#website"},"primaryImageOfPage":{"@id":"https:\/\/respiart.ca\/shop\/nova-micro-pillows-mask-fit-pack-sml-u\/#primaryimage"},"image":{"@id":"https:\/\/respiart.ca\/shop\/nova-micro-pillows-mask-fit-pack-sml-u\/#primaryimage"},"thumbnailUrl":"https:\/\/respiart.ca\/wp-content\/uploads\/2025\/12\/Fisher_Paykel_NovaMicroPillowsMask_FitPack_SML.webp","datePublished":"2025-12-19T11:50:39+00:00","dateModified":"2025-12-20T12:59:57+00:00","description":"Le kit d&#039;ajustement de masques \u00e0 micro-coussins Nova (tailles S\/M\/Universelle) offre une solution sur mesure aux utilisateurs recherchant des interfaces nasales l\u00e9g\u00e8res et confortables. Con\u00e7u pour un ajustement pr\u00e9cis et un contact minimal avec la peau, ce kit assure une \u00e9tanch\u00e9it\u00e9 efficace et douce pour un traitement CPAP ou APAP constant.","breadcrumb":{"@id":"https:\/\/respiart.ca\/shop\/nova-micro-pillows-mask-fit-pack-sml-u\/#breadcrumb"},"inLanguage":"fr-CA","potentialAction":[{"@type":"ReadAction","target":["https:\/\/respiart.ca\/shop\/nova-micro-pillows-mask-fit-pack-sml-u\/"]}]},{"@type":"ImageObject","inLanguage":"fr-CA","@id":"https:\/\/respiart.ca\/shop\/nova-micro-pillows-mask-fit-pack-sml-u\/#primaryimage","url":"https:\/\/respiart.ca\/wp-content\/uploads\/2025\/12\/Fisher_Paykel_NovaMicroPillowsMask_FitPack_SML.webp","contentUrl":"https:\/\/respiart.ca\/wp-content\/uploads\/2025\/12\/Fisher_Paykel_NovaMicroPillowsMask_FitPack_SML.webp","width":600,"height":600},{"@type":"BreadcrumbList","@id":"https:\/\/respiart.ca\/shop\/nova-micro-pillows-mask-fit-pack-sml-u\/#breadcrumb","itemListElement":[{"@type":"ListItem","position":1,"name":"Home","item":"https:\/\/respiart.ca\/"},{"@type":"ListItem","position":2,"name":"Shop CPAP","item":"https:\/\/respiart.ca\/ar\/%d9%85%d8%aa%d8%ac%d8%b1-cpap\/"},{"@type":"ListItem","position":3,"name":"Nova Micro Pillows Mask Fit Pack\/SML U"}]},{"@type":"WebSite","@id":"https:\/\/respiart.ca\/ar\/#website","url":"https:\/\/respiart.ca\/ar\/","name":"RespiArt - Apn\u00e9e du sommeil et CPAP","description":"CPAP et tests pour l&#039;apn\u00e9e du sommeil, l&#039;asthme, l&#039;oxym\u00e9trie","publisher":{"@id":"https:\/\/respiart.ca\/ar\/#organization"},"potentialAction":[{"@type":"SearchAction","target":{"@type":"EntryPoint","urlTemplate":"https:\/\/respiart.ca\/ar\/?s={search_term_string}"},"query-input":{"@type":"PropertyValueSpecification","valueRequired":true,"valueName":"search_term_string"}}],"inLanguage":"fr-CA"},{"@type":"Organization","@id":"https:\/\/respiart.ca\/ar\/#organization","name":"RespiArt - Apn\u00e9e du sommeil et CPAP","url":"https:\/\/respiart.ca\/ar\/","logo":{"@type":"ImageObject","inLanguage":"fr-CA","@id":"https:\/\/respiart.ca\/ar\/#\/schema\/logo\/image\/","url":"https:\/\/respiart.ca\/wp-content\/uploads\/2022\/05\/Respiart-logo-1-e1651540192142.png","contentUrl":"https:\/\/respiart.ca\/wp-content\/uploads\/2022\/05\/Respiart-logo-1-e1651540192142.png","width":237,"height":61,"caption":"RespiArt - Sleep apnea & CPAPs"},"image":{"@id":"https:\/\/respiart.ca\/ar\/#\/schema\/logo\/image\/"}}]}},"_links":{"self":[{"href":"https:\/\/respiart.ca\/fr\/wp-json\/wp\/v2\/product\/5961","targetHints":{"allow":["GET"]}}],"collection":[{"href":"https:\/\/respiart.ca\/fr\/wp-json\/wp\/v2\/product"}],"about":[{"href":"https:\/\/respiart.ca\/fr\/wp-json\/wp\/v2\/types\/product"}],"replies":[{"embeddable":true,"href":"https:\/\/respiart.ca\/fr\/wp-json\/wp\/v2\/comments?post=5961"}],"wp:featuredmedia":[{"embeddable":true,"href":"https:\/\/respiart.ca\/fr\/wp-json\/wp\/v2\/media\/5998"}],"wp:attachment":[{"href":"https:\/\/respiart.ca\/fr\/wp-json\/wp\/v2\/media?parent=5961"}],"wp:term":[{"taxonomy":"product_brand","embeddable":true,"href":"https:\/\/respiart.ca\/fr\/wp-json\/wp\/v2\/product_brand?post=5961"},{"taxonomy":"product_cat","embeddable":true,"href":"https:\/\/respiart.ca\/fr\/wp-json\/wp\/v2\/product_cat?post=5961"},{"taxonomy":"product_tag","embeddable":true,"href":"https:\/\/respiart.ca\/fr\/wp-json\/wp\/v2\/product_tag?post=5961"}],"curies":[{"name":"wp","href":"https:\/\/api.w.org\/{rel}","templated":true}]}}