{"id":5962,"date":"2025-12-19T11:50:46","date_gmt":"2025-12-19T11:50:46","guid":{"rendered":"http:\/\/f4i.0cc.mytemp.website\/shop\/evora-full-mask-fit-pack-xml-u-model\/"},"modified":"2026-04-23T20:15:35","modified_gmt":"2026-04-23T20:15:35","slug":"masque-integral-evora-kit-dajustement-xml-modele-u","status":"publish","type":"product","link":"https:\/\/respiart.ca\/fr\/shop\/evora-full-mask-fit-pack-xml-u-model\/","title":{"rendered":"Pack d&#039;ajustement du masque int\u00e9gral Evora\/Mod\u00e8le XML U"},"content":{"rendered":"<p data-start=\"438\" data-end=\"752\">Le masque complet Evora Fit Pack XML mod\u00e8le U allie un design innovant \u00e0 un confort ergonomique pour assurer une th\u00e9rapie CPAP ou APAP efficace tout au long de la nuit. <a href=\"https:\/\/respiart.ca\/fr\/categorie-produit\/masque-bipap-cpap\/masque-facial-cpap-complet\/\">visage complet<\/a> La couverture assure une administration fiable d&#039;oxyg\u00e8ne ou de pression, la rendant adapt\u00e9e aux personnes respirant par la bouche et aux patients n\u00e9cessitant un soutien de pression plus \u00e9lev\u00e9.<\/p>\n<p data-start=\"754\" data-end=\"773\"><strong data-start=\"754\" data-end=\"771\">Caract\u00e9ristiques principales :<\/strong><\/p>\n<ul data-start=\"774\" data-end=\"1323\">\n<li data-start=\"774\" data-end=\"927\">\n<p data-start=\"776\" data-end=\"927\"><strong data-start=\"776\" data-end=\"808\">Technologie de coussin adaptatif\u00a0:<\/strong> Des coussinets souples et flexibles \u00e9pousent les contours du visage, r\u00e9duisant les points de pression et assurant une \u00e9tanch\u00e9it\u00e9 parfaite.<\/p>\n<\/li>\n<li data-start=\"928\" data-end=\"1038\">\n<p data-start=\"930\" data-end=\"1038\"><strong data-start=\"930\" data-end=\"948\">Taille universelle :<\/strong> Con\u00e7u pour s&#039;adapter \u00e0 une grande vari\u00e9t\u00e9 de formes et de tailles de visage pour un confort personnalis\u00e9.<\/p>\n<\/li>\n<li data-start=\"1039\" data-end=\"1145\">\n<p data-start=\"1041\" data-end=\"1145\"><strong data-start=\"1041\" data-end=\"1065\">Cadre \u00e0 d\u00e9gagement rapide\u00a0:<\/strong> Simplifie le montage et le retrait du masque, facilitant ainsi l&#039;entretien et le nettoyage.<\/p>\n<\/li>\n<li data-start=\"1146\" data-end=\"1250\">\n<p data-start=\"1148\" data-end=\"1250\"><strong data-start=\"1148\" data-end=\"1174\">Stabilit\u00e9 et confort :<\/strong> Un casque l\u00e9ger r\u00e9partit la pression uniform\u00e9ment pour un sommeil ininterrompu.<\/p>\n<\/li>\n<li data-start=\"1251\" data-end=\"1323\">\n<p data-start=\"1253\" data-end=\"1323\"><strong data-start=\"1253\" data-end=\"1271\">Compatibilit\u00e9:<\/strong> Fonctionne parfaitement avec la plupart des appareils CPAP et APAP.<\/p>\n<\/li>\n<\/ul>\n<p data-start=\"1325\" data-end=\"1359\"><strong data-start=\"1325\" data-end=\"1357\">Contenu du pack :<\/strong><\/p>\n<ul data-start=\"1360\" data-end=\"1525\">\n<li data-start=\"1360\" data-end=\"1397\">\n<p data-start=\"1362\" data-end=\"1397\">Cadre du mod\u00e8le XML U du masque int\u00e9gral Evora<\/p>\n<\/li>\n<li data-start=\"1398\" data-end=\"1444\">\n<p data-start=\"1400\" data-end=\"1444\">Coussins de diff\u00e9rentes tailles pour un ajustement optimal<\/p>\n<\/li>\n<li data-start=\"1445\" data-end=\"1475\">\n<p data-start=\"1447\" data-end=\"1475\">Sangles de couvre-chef r\u00e9glables<\/p>\n<\/li>\n<li data-start=\"1476\" data-end=\"1525\">\n<p data-start=\"1478\" data-end=\"1525\">Composants \u00e0 d\u00e9gagement rapide pour un remplacement facile<\/p>\n<\/li>\n<\/ul>\n<p data-start=\"1527\" data-end=\"1558\"><strong data-start=\"1527\" data-end=\"1556\">Sp\u00e9cifications techniques :<\/strong><\/p>\n<div class=\"TyagGW_tableContainer\">\n<div class=\"group TyagGW_tableWrapper flex w-fit flex-col-reverse\" tabindex=\"-1\">\n<table class=\"w-fit min-w-(--thread-content-width)\" data-start=\"1560\" data-end=\"1916\">\n<thead data-start=\"1560\" data-end=\"1587\">\n<tr data-start=\"1560\" data-end=\"1587\">\n<th data-start=\"1560\" data-end=\"1570\" data-col-size=\"sm\">Fonctionnalit\u00e9<\/th>\n<th data-start=\"1570\" data-end=\"1587\" data-col-size=\"md\">sp\u00e9cification<\/th>\n<\/tr>\n<\/thead>\n<tbody data-start=\"1616\" data-end=\"1916\">\n<tr data-start=\"1616\" data-end=\"1656\">\n<td data-start=\"1616\" data-end=\"1628\" data-col-size=\"sm\">Type de masque<\/td>\n<td data-start=\"1628\" data-end=\"1656\" data-col-size=\"md\">Masque CPAP\/APAP facial complet<\/td>\n<\/tr>\n<tr data-start=\"1657\" data-end=\"1680\">\n<td data-start=\"1657\" data-end=\"1665\" data-col-size=\"sm\">Mod\u00e8le<\/td>\n<td data-start=\"1665\" data-end=\"1680\" data-col-size=\"md\">\u00c9vora XML U<\/td>\n<\/tr>\n<tr data-start=\"1681\" data-end=\"1718\">\n<td data-start=\"1681\" data-end=\"1691\" data-col-size=\"sm\">Coussin<\/td>\n<td data-start=\"1691\" data-end=\"1718\" data-col-size=\"md\">Silicone souple et adaptatif<\/td>\n<\/tr>\n<tr data-start=\"1719\" data-end=\"1775\">\n<td data-start=\"1719\" data-end=\"1727\" data-col-size=\"sm\">Tailles<\/td>\n<td data-start=\"1727\" data-end=\"1775\" data-col-size=\"md\">Plusieurs coussins inclus pour un ajustement universel<\/td>\n<\/tr>\n<tr data-start=\"1776\" data-end=\"1821\">\n<td data-start=\"1776\" data-end=\"1787\" data-col-size=\"sm\">Couvre-chef<\/td>\n<td data-start=\"1787\" data-end=\"1821\" data-col-size=\"md\">Bretelles l\u00e9g\u00e8res et r\u00e9glables<\/td>\n<\/tr>\n<tr data-start=\"1822\" data-end=\"1863\">\n<td data-start=\"1822\" data-end=\"1838\" data-col-size=\"sm\">Compatibilit\u00e9<\/td>\n<td data-start=\"1838\" data-end=\"1863\" data-col-size=\"md\">Appareils CPAP et APAP<\/td>\n<\/tr>\n<tr data-start=\"1864\" data-end=\"1916\">\n<td data-start=\"1864\" data-end=\"1878\" data-col-size=\"sm\">Entretien<\/td>\n<td data-start=\"1878\" data-end=\"1916\" data-col-size=\"md\">composants d\u00e9tachables et lavables<\/td>\n<\/tr>\n<\/tbody>\n<\/table>\n<\/div>\n<\/div>\n<p data-start=\"1918\" data-end=\"2249\"><strong data-start=\"1918\" data-end=\"1958\">Pourquoi choisir le pack d&#039;essai du masque int\u00e9gral Evora\u00a0:<\/strong><br data-start=\"1958\" data-end=\"1961\" \/>Ce masque est id\u00e9al pour les utilisateurs recherchant un confort optimal, une r\u00e9duction de la pression cutan\u00e9e et une \u00e9tanch\u00e9it\u00e9 parfaite pour la th\u00e9rapie par haute pression. Son coussin innovant et sa conception adaptable le rendent adapt\u00e9 \u00e0 une utilisation prolong\u00e9e, aux voyages et aux s\u00e9ances nocturnes, garantissant ainsi un sommeil r\u00e9parateur et efficace.<\/p>","protected":false},"excerpt":{"rendered":"<p>Le kit d&#039;ajustement du masque int\u00e9gral Evora (mod\u00e8le XML U) offre un confort optimal et une protection compl\u00e8te du visage. <a href=\"https:\/\/respiart.ca\/fr\/magasin-cpap\/\">PPC<\/a>Interface APAP avec coussinet de conception avanc\u00e9e. Elle est con\u00e7ue pour une \u00e9tanch\u00e9it\u00e9 optimale, un confort maximal et une adaptation \u00e0 diff\u00e9rentes morphologies faciales.<\/p>","protected":false},"featured_media":5999,"comment_status":"open","ping_status":"closed","template":"","meta":[],"product_brand":[],"product_cat":[109],"product_tag":[],"class_list":{"0":"post-5962","1":"product","2":"type-product","3":"status-publish","4":"has-post-thumbnail","6":"product_cat-fisherpayckel","8":"first","9":"instock","10":"sale","11":"taxable","12":"shipping-taxable","13":"purchasable","14":"product-type-simple"},"yoast_head":"<!-- This site is optimized with the Yoast SEO plugin v27.5 - https:\/\/yoast.com\/product\/yoast-seo-wordpress\/ -->\n<title>Evora Full Mask Fit Pack\/XML U Model | Respiart - Respiratory therapist Montreal<\/title>\n<meta name=\"description\" content=\"The Evora Full Mask Fit Pack (XML U Model) delivers a comfortable, full-face CPAP\/APAP interface with advanced cushion design. It is designed for secure sealing, maximum comfort, and adaptable fit for a variety of facial structures.\" \/>\n<meta name=\"robots\" content=\"index, follow, max-snippet:-1, max-image-preview:large, max-video-preview:-1\" \/>\n<link rel=\"canonical\" href=\"https:\/\/respiart.ca\/fr\/magasin\/masque-integral-evora-kit-dajustement-xml-modele-u\/\" \/>\n<meta property=\"og:locale\" content=\"fr_CA\" \/>\n<meta property=\"og:type\" content=\"article\" \/>\n<meta property=\"og:title\" content=\"Evora Full Mask Fit Pack\/XML U Model | Respiart - Respiratory therapist Montreal\" \/>\n<meta property=\"og:description\" content=\"The Evora Full Mask Fit Pack (XML U Model) delivers a comfortable, full-face CPAP\/APAP interface with advanced cushion design. It is designed for secure sealing, maximum comfort, and adaptable fit for a variety of facial structures.\" \/>\n<meta property=\"og:url\" content=\"https:\/\/respiart.ca\/fr\/magasin\/masque-integral-evora-kit-dajustement-xml-modele-u\/\" \/>\n<meta property=\"og:site_name\" content=\"Respiart - Respiratory therapist Montreal\" \/>\n<meta property=\"article:modified_time\" content=\"2026-04-23T20:15:35+00:00\" \/>\n<meta property=\"og:image\" content=\"https:\/\/respiart.ca\/wp-content\/uploads\/2025\/12\/Fisher_Paykel_EvoraFullFlaskFitPackVXMLUModel.webp\" \/>\n\t<meta property=\"og:image:width\" content=\"500\" \/>\n\t<meta property=\"og:image:height\" content=\"800\" \/>\n\t<meta property=\"og:image:type\" content=\"image\/webp\" \/>\n<meta name=\"twitter:card\" content=\"summary_large_image\" \/>\n<meta name=\"twitter:label1\" content=\"Estimation du temps de lecture\" \/>\n\t<meta name=\"twitter:data1\" content=\"2 minutes\" \/>\n<script type=\"application\/ld+json\" class=\"yoast-schema-graph\">{\"@context\":\"https:\\\/\\\/schema.org\",\"@graph\":[{\"@type\":\"WebPage\",\"@id\":\"https:\\\/\\\/respiart.ca\\\/shop\\\/evora-full-mask-fit-pack-xml-u-model\\\/\",\"url\":\"https:\\\/\\\/respiart.ca\\\/shop\\\/evora-full-mask-fit-pack-xml-u-model\\\/\",\"name\":\"Evora Full Mask Fit Pack\\\/XML U Model | Respiart - Respiratory therapist Montreal\",\"isPartOf\":{\"@id\":\"https:\\\/\\\/respiart.ca\\\/ar\\\/#website\"},\"primaryImageOfPage\":{\"@id\":\"https:\\\/\\\/respiart.ca\\\/shop\\\/evora-full-mask-fit-pack-xml-u-model\\\/#primaryimage\"},\"image\":{\"@id\":\"https:\\\/\\\/respiart.ca\\\/shop\\\/evora-full-mask-fit-pack-xml-u-model\\\/#primaryimage\"},\"thumbnailUrl\":\"https:\\\/\\\/respiart.ca\\\/wp-content\\\/uploads\\\/2025\\\/12\\\/Fisher_Paykel_EvoraFullFlaskFitPackVXMLUModel.webp\",\"datePublished\":\"2025-12-19T11:50:46+00:00\",\"dateModified\":\"2026-04-23T20:15:35+00:00\",\"description\":\"The Evora Full Mask Fit Pack (XML U Model) delivers a comfortable, full-face CPAP\\\/APAP interface with advanced cushion design. It is designed for secure sealing, maximum comfort, and adaptable fit for a variety of facial structures.\",\"breadcrumb\":{\"@id\":\"https:\\\/\\\/respiart.ca\\\/shop\\\/evora-full-mask-fit-pack-xml-u-model\\\/#breadcrumb\"},\"inLanguage\":\"fr-CA\",\"potentialAction\":[{\"@type\":\"ReadAction\",\"target\":[\"https:\\\/\\\/respiart.ca\\\/shop\\\/evora-full-mask-fit-pack-xml-u-model\\\/\"]}]},{\"@type\":\"ImageObject\",\"inLanguage\":\"fr-CA\",\"@id\":\"https:\\\/\\\/respiart.ca\\\/shop\\\/evora-full-mask-fit-pack-xml-u-model\\\/#primaryimage\",\"url\":\"https:\\\/\\\/respiart.ca\\\/wp-content\\\/uploads\\\/2025\\\/12\\\/Fisher_Paykel_EvoraFullFlaskFitPackVXMLUModel.webp\",\"contentUrl\":\"https:\\\/\\\/respiart.ca\\\/wp-content\\\/uploads\\\/2025\\\/12\\\/Fisher_Paykel_EvoraFullFlaskFitPackVXMLUModel.webp\",\"width\":500,\"height\":800},{\"@type\":\"BreadcrumbList\",\"@id\":\"https:\\\/\\\/respiart.ca\\\/shop\\\/evora-full-mask-fit-pack-xml-u-model\\\/#breadcrumb\",\"itemListElement\":[{\"@type\":\"ListItem\",\"position\":1,\"name\":\"Home\",\"item\":\"https:\\\/\\\/respiart.ca\\\/\"},{\"@type\":\"ListItem\",\"position\":2,\"name\":\"Shop CPAP\",\"item\":\"https:\\\/\\\/respiart.ca\\\/shop-cpap\\\/\"},{\"@type\":\"ListItem\",\"position\":3,\"name\":\"Evora Full Mask Fit Pack\\\/XML U Model\"}]},{\"@type\":\"WebSite\",\"@id\":\"https:\\\/\\\/respiart.ca\\\/ar\\\/#website\",\"url\":\"https:\\\/\\\/respiart.ca\\\/ar\\\/\",\"name\":\"RespiArt - Sleep apnea & CPAPs\",\"description\":\"CPAPs and tests for sleep apnea, asthma, oximetry\",\"publisher\":{\"@id\":\"https:\\\/\\\/respiart.ca\\\/ar\\\/#organization\"},\"potentialAction\":[{\"@type\":\"SearchAction\",\"target\":{\"@type\":\"EntryPoint\",\"urlTemplate\":\"https:\\\/\\\/respiart.ca\\\/ar\\\/?s={search_term_string}\"},\"query-input\":{\"@type\":\"PropertyValueSpecification\",\"valueRequired\":true,\"valueName\":\"search_term_string\"}}],\"inLanguage\":\"fr-CA\"},{\"@type\":\"Organization\",\"@id\":\"https:\\\/\\\/respiart.ca\\\/ar\\\/#organization\",\"name\":\"RespiArt - Sleep apnea & CPAPs\",\"url\":\"https:\\\/\\\/respiart.ca\\\/ar\\\/\",\"logo\":{\"@type\":\"ImageObject\",\"inLanguage\":\"fr-CA\",\"@id\":\"https:\\\/\\\/respiart.ca\\\/ar\\\/#\\\/schema\\\/logo\\\/image\\\/\",\"url\":\"https:\\\/\\\/respiart.ca\\\/wp-content\\\/uploads\\\/2022\\\/05\\\/Respiart-logo-1-e1651540192142.png\",\"contentUrl\":\"https:\\\/\\\/respiart.ca\\\/wp-content\\\/uploads\\\/2022\\\/05\\\/Respiart-logo-1-e1651540192142.png\",\"width\":237,\"height\":61,\"caption\":\"RespiArt - Sleep apnea & CPAPs\"},\"image\":{\"@id\":\"https:\\\/\\\/respiart.ca\\\/ar\\\/#\\\/schema\\\/logo\\\/image\\\/\"}}]}<\/script>\n<!-- \/ Yoast SEO plugin. -->","yoast_head_json":{"title":"Kit d&#039;ajustement du masque complet Evora\/Mod\u00e8le XML U | Respiart - Th\u00e9rapeute respiratoire Montr\u00e9al","description":"Le kit d&#039;ajustement du masque complet Evora (mod\u00e8le XML U) offre une interface CPAP\/APAP faciale compl\u00e8te et confortable gr\u00e2ce \u00e0 sa conception de coussin avanc\u00e9e. Il est con\u00e7u pour une \u00e9tanch\u00e9it\u00e9 optimale, un confort maximal et une adaptation \u00e0 diff\u00e9rentes morphologies faciales.","robots":{"index":"index","follow":"follow","max-snippet":"max-snippet:-1","max-image-preview":"max-image-preview:large","max-video-preview":"max-video-preview:-1"},"canonical":"https:\/\/respiart.ca\/fr\/magasin\/masque-integral-evora-kit-dajustement-xml-modele-u\/","og_locale":"fr_CA","og_type":"article","og_title":"Evora Full Mask Fit Pack\/XML U Model | Respiart - Respiratory therapist Montreal","og_description":"The Evora Full Mask Fit Pack (XML U Model) delivers a comfortable, full-face CPAP\/APAP interface with advanced cushion design. It is designed for secure sealing, maximum comfort, and adaptable fit for a variety of facial structures.","og_url":"https:\/\/respiart.ca\/fr\/magasin\/masque-integral-evora-kit-dajustement-xml-modele-u\/","og_site_name":"Respiart - Respiratory therapist Montreal","article_modified_time":"2026-04-23T20:15:35+00:00","og_image":[{"width":500,"height":800,"url":"https:\/\/respiart.ca\/wp-content\/uploads\/2025\/12\/Fisher_Paykel_EvoraFullFlaskFitPackVXMLUModel.webp","type":"image\/webp"}],"twitter_card":"summary_large_image","twitter_misc":{"Estimation du temps de lecture":"2 minutes"},"schema":{"@context":"https:\/\/schema.org","@graph":[{"@type":"WebPage","@id":"https:\/\/respiart.ca\/shop\/evora-full-mask-fit-pack-xml-u-model\/","url":"https:\/\/respiart.ca\/shop\/evora-full-mask-fit-pack-xml-u-model\/","name":"Kit d&#039;ajustement du masque complet Evora\/Mod\u00e8le XML U | Respiart - Th\u00e9rapeute respiratoire Montr\u00e9al","isPartOf":{"@id":"https:\/\/respiart.ca\/ar\/#website"},"primaryImageOfPage":{"@id":"https:\/\/respiart.ca\/shop\/evora-full-mask-fit-pack-xml-u-model\/#primaryimage"},"image":{"@id":"https:\/\/respiart.ca\/shop\/evora-full-mask-fit-pack-xml-u-model\/#primaryimage"},"thumbnailUrl":"https:\/\/respiart.ca\/wp-content\/uploads\/2025\/12\/Fisher_Paykel_EvoraFullFlaskFitPackVXMLUModel.webp","datePublished":"2025-12-19T11:50:46+00:00","dateModified":"2026-04-23T20:15:35+00:00","description":"Le kit d&#039;ajustement du masque complet Evora (mod\u00e8le XML U) offre une interface CPAP\/APAP faciale compl\u00e8te et confortable gr\u00e2ce \u00e0 sa conception de coussin avanc\u00e9e. Il est con\u00e7u pour une \u00e9tanch\u00e9it\u00e9 optimale, un confort maximal et une adaptation \u00e0 diff\u00e9rentes morphologies faciales.","breadcrumb":{"@id":"https:\/\/respiart.ca\/shop\/evora-full-mask-fit-pack-xml-u-model\/#breadcrumb"},"inLanguage":"fr-CA","potentialAction":[{"@type":"ReadAction","target":["https:\/\/respiart.ca\/shop\/evora-full-mask-fit-pack-xml-u-model\/"]}]},{"@type":"ImageObject","inLanguage":"fr-CA","@id":"https:\/\/respiart.ca\/shop\/evora-full-mask-fit-pack-xml-u-model\/#primaryimage","url":"https:\/\/respiart.ca\/wp-content\/uploads\/2025\/12\/Fisher_Paykel_EvoraFullFlaskFitPackVXMLUModel.webp","contentUrl":"https:\/\/respiart.ca\/wp-content\/uploads\/2025\/12\/Fisher_Paykel_EvoraFullFlaskFitPackVXMLUModel.webp","width":500,"height":800},{"@type":"BreadcrumbList","@id":"https:\/\/respiart.ca\/shop\/evora-full-mask-fit-pack-xml-u-model\/#breadcrumb","itemListElement":[{"@type":"ListItem","position":1,"name":"Home","item":"https:\/\/respiart.ca\/"},{"@type":"ListItem","position":2,"name":"Shop CPAP","item":"https:\/\/respiart.ca\/shop-cpap\/"},{"@type":"ListItem","position":3,"name":"Evora Full Mask Fit Pack\/XML U Model"}]},{"@type":"WebSite","@id":"https:\/\/respiart.ca\/ar\/#website","url":"https:\/\/respiart.ca\/ar\/","name":"RespiArt - Apn\u00e9e du sommeil et CPAP","description":"CPAP et tests pour l&#039;apn\u00e9e du sommeil, l&#039;asthme, l&#039;oxym\u00e9trie","publisher":{"@id":"https:\/\/respiart.ca\/ar\/#organization"},"potentialAction":[{"@type":"SearchAction","target":{"@type":"EntryPoint","urlTemplate":"https:\/\/respiart.ca\/ar\/?s={search_term_string}"},"query-input":{"@type":"PropertyValueSpecification","valueRequired":true,"valueName":"search_term_string"}}],"inLanguage":"fr-CA"},{"@type":"Organization","@id":"https:\/\/respiart.ca\/ar\/#organization","name":"RespiArt - Apn\u00e9e du sommeil et CPAP","url":"https:\/\/respiart.ca\/ar\/","logo":{"@type":"ImageObject","inLanguage":"fr-CA","@id":"https:\/\/respiart.ca\/ar\/#\/schema\/logo\/image\/","url":"https:\/\/respiart.ca\/wp-content\/uploads\/2022\/05\/Respiart-logo-1-e1651540192142.png","contentUrl":"https:\/\/respiart.ca\/wp-content\/uploads\/2022\/05\/Respiart-logo-1-e1651540192142.png","width":237,"height":61,"caption":"RespiArt - Sleep apnea & CPAPs"},"image":{"@id":"https:\/\/respiart.ca\/ar\/#\/schema\/logo\/image\/"}}]}},"_links":{"self":[{"href":"https:\/\/respiart.ca\/fr\/wp-json\/wp\/v2\/product\/5962","targetHints":{"allow":["GET"]}}],"collection":[{"href":"https:\/\/respiart.ca\/fr\/wp-json\/wp\/v2\/product"}],"about":[{"href":"https:\/\/respiart.ca\/fr\/wp-json\/wp\/v2\/types\/product"}],"replies":[{"embeddable":true,"href":"https:\/\/respiart.ca\/fr\/wp-json\/wp\/v2\/comments?post=5962"}],"wp:featuredmedia":[{"embeddable":true,"href":"https:\/\/respiart.ca\/fr\/wp-json\/wp\/v2\/media\/5999"}],"wp:attachment":[{"href":"https:\/\/respiart.ca\/fr\/wp-json\/wp\/v2\/media?parent=5962"}],"wp:term":[{"taxonomy":"product_brand","embeddable":true,"href":"https:\/\/respiart.ca\/fr\/wp-json\/wp\/v2\/product_brand?post=5962"},{"taxonomy":"product_cat","embeddable":true,"href":"https:\/\/respiart.ca\/fr\/wp-json\/wp\/v2\/product_cat?post=5962"},{"taxonomy":"product_tag","embeddable":true,"href":"https:\/\/respiart.ca\/fr\/wp-json\/wp\/v2\/product_tag?post=5962"}],"curies":[{"name":"wp","href":"https:\/\/api.w.org\/{rel}","templated":true}]}}