{"id":5966,"date":"2025-12-19T11:51:11","date_gmt":"2025-12-19T11:51:11","guid":{"rendered":"http:\/\/f4i.0cc.mytemp.website\/shop\/solo-pillows-mask-fitpack-sml-u-model\/"},"modified":"2025-12-20T23:27:31","modified_gmt":"2025-12-20T23:27:31","slug":"oreillers-solo-masque-fitpack-sml-modele-u","status":"publish","type":"product","link":"https:\/\/respiart.ca\/fr\/shop\/solo-pillows-mask-fitpack-sml-u-model\/","title":{"rendered":"Masque Solo Pillows Fitpack\/SML Mod\u00e8le U"},"content":{"rendered":"<h2 data-start=\"560\" data-end=\"601\">Masque Solo Pillows Fit Pack SML U<\/h2>\n<p data-start=\"603\" data-end=\"889\">Le kit d&#039;ajustement de masque Solo Pillows, mod\u00e8le SML U, est con\u00e7u pour les utilisateurs de PPC qui privil\u00e9gient un masque l\u00e9ger et \u00e0 contact minimal, tout en garantissant une administration efficace du traitement. Ce kit comprend des coussinets de diff\u00e9rentes tailles, permettant \u00e0 chaque utilisateur de trouver l&#039;ajustement le plus confortable et le plus s\u00fbr, sans t\u00e2tonnement.<\/p>\n<p data-start=\"891\" data-end=\"1099\">Le choix d&#039;un oreiller adapt\u00e9 est essentiel pour une \u00e9tanch\u00e9it\u00e9 optimale, la r\u00e9duction des fuites d&#039;air et une meilleure observance du traitement. Ce kit d&#039;ajustement offre flexibilit\u00e9 et s\u00e9r\u00e9nit\u00e9, notamment aux nouveaux utilisateurs d&#039;appareils CPAP.<\/p>\n<h2 data-start=\"1101\" data-end=\"1146\">Pack complet pour un confort personnalis\u00e9<\/h2>\n<p data-start=\"1148\" data-end=\"1279\">Le kit d&#039;essai comprend trois tailles de coussinets nasaux, permettant aux utilisateurs de tester et de s\u00e9lectionner la taille qui correspond le mieux \u00e0 leur structure nasale.<\/p>\n<ul data-start=\"1281\" data-end=\"1353\">\n<li data-start=\"1281\" data-end=\"1304\">\n<p data-start=\"1283\" data-end=\"1304\">petits embouts nasaux<\/p>\n<\/li>\n<li data-start=\"1305\" data-end=\"1329\">\n<p data-start=\"1307\" data-end=\"1329\">coussinets nasaux moyens<\/p>\n<\/li>\n<li data-start=\"1330\" data-end=\"1353\">\n<p data-start=\"1332\" data-end=\"1353\">Gros embouts nasaux<\/p>\n<\/li>\n<\/ul>\n<p data-start=\"1355\" data-end=\"1464\">Le fait de disposer de plusieurs tailles contribue \u00e0 am\u00e9liorer la qualit\u00e9 de l&#039;\u00e9tanch\u00e9it\u00e9 et r\u00e9duit l&#039;inconfort caus\u00e9 par un mauvais choix de taille.<\/p>\n<h2 data-start=\"1466\" data-end=\"1505\">Conception de coussinets nasaux \u00e0 contact minimal<\/h2>\n<p data-start=\"1507\" data-end=\"1720\">Le masque Solo Pillows est con\u00e7u pour reposer d\u00e9licatement sur les narines, minimisant ainsi le contact avec le visage et les points de pression. Ses coussinets moelleux assurent une \u00e9tanch\u00e9it\u00e9 confortable tout en permettant une libert\u00e9 de mouvement pendant le sommeil.<\/p>\n<p data-start=\"1722\" data-end=\"1813\">Ce mod\u00e8le est id\u00e9al pour les utilisateurs qui se sentent limit\u00e9s par les masques nasaux ou faciaux traditionnels.<\/p>\n<h2 data-start=\"1815\" data-end=\"1854\">D\u00e9bit d&#039;air silencieux et efficace<\/h2>\n<p data-start=\"1856\" data-end=\"2056\">Le syst\u00e8me de ventilation int\u00e9gr\u00e9 diffuse d\u00e9licatement l&#039;air expir\u00e9 afin de r\u00e9duire le bruit. Il favorise ainsi un environnement de sommeil plus silencieux tout en maintenant un flux d&#039;air constant, indispensable \u00e0 l&#039;efficacit\u00e9 du traitement par PPC.<\/p>\n<h2 data-start=\"2058\" data-end=\"2085\">Ajustement simple et utilisation quotidienne<\/h2>\n<p data-start=\"2087\" data-end=\"2302\">Le masque Solo Pillows est facile \u00e0 mettre en place, \u00e0 ajuster et \u00e0 entretenir. Son harnais r\u00e9glable permet une personnalisation rapide, tandis que sa conception simple facilite le nettoyage et l&#039;entretien r\u00e9gulier, encourageant ainsi une utilisation nocturne constante.<\/p>\n<h2 data-start=\"2304\" data-end=\"2332\">Principales caract\u00e9ristiques et avantages<\/h2>\n<ul data-start=\"2334\" data-end=\"2631\">\n<li data-start=\"2334\" data-end=\"2405\">\n<p data-start=\"2336\" data-end=\"2405\">Comprend des coussinets nasaux de petite, moyenne et grande taille pour un ajustement pr\u00e9cis.<\/p>\n<\/li>\n<li data-start=\"2406\" data-end=\"2453\">\n<p data-start=\"2408\" data-end=\"2453\">Conception \u00e0 contact minimal pour un confort accru<\/p>\n<\/li>\n<li data-start=\"2454\" data-end=\"2494\">\n<p data-start=\"2456\" data-end=\"2494\">Joint \u00e9tanche pour contribuer \u00e0 r\u00e9duire les fuites d&#039;air<\/p>\n<\/li>\n<li data-start=\"2495\" data-end=\"2546\">\n<p data-start=\"2497\" data-end=\"2546\">Diffusion silencieuse du flux d&#039;air pour un fonctionnement discret<\/p>\n<\/li>\n<li data-start=\"2547\" data-end=\"2591\">\n<p data-start=\"2549\" data-end=\"2591\">Construction l\u00e9g\u00e8re pour une utilisation nocturne<\/p>\n<\/li>\n<li data-start=\"2592\" data-end=\"2631\">\n<p data-start=\"2594\" data-end=\"2631\">Facile \u00e0 r\u00e9gler, \u00e0 assembler et \u00e0 nettoyer<\/p>\n<\/li>\n<\/ul>\n<h2 data-start=\"2843\" data-end=\"2869\">\u00c0 qui s&#039;adresse ce produit ?<\/h2>\n<ul data-start=\"2871\" data-end=\"3023\">\n<li data-start=\"2871\" data-end=\"2916\">\n<p data-start=\"2873\" data-end=\"2916\">Les utilisateurs de CPAP recherchant un masque \u00e0 contact minimal<\/p>\n<\/li>\n<li data-start=\"2917\" data-end=\"2965\">\n<p data-start=\"2919\" data-end=\"2965\">Les patients qui ne savent pas quelle est la taille de leur oreiller.<\/p>\n<\/li>\n<li data-start=\"2966\" data-end=\"3023\">\n<p data-start=\"2968\" data-end=\"3023\">Les utilisateurs qui privil\u00e9gient le confort, la stabilit\u00e9 et une th\u00e9rapie silencieuse<\/p>\n<\/li>\n<\/ul>\n<h2 data-start=\"3025\" data-end=\"3050\">Sp\u00e9cifications du produit<\/h2>\n<div class=\"TyagGW_tableContainer\">\n<div class=\"group TyagGW_tableWrapper flex w-fit flex-col-reverse\" tabindex=\"-1\">\n<table class=\"w-fit min-w-(--thread-content-width)\" data-start=\"3052\" data-end=\"3276\">\n<thead data-start=\"3052\" data-end=\"3073\">\n<tr data-start=\"3052\" data-end=\"3073\">\n<th data-start=\"3052\" data-end=\"3062\" data-col-size=\"sm\">Fonctionnalit\u00e9<\/th>\n<th data-start=\"3062\" data-end=\"3073\" data-col-size=\"sm\">D\u00e9tails<\/th>\n<\/tr>\n<\/thead>\n<tbody data-start=\"3092\" data-end=\"3276\">\n<tr data-start=\"3092\" data-end=\"3131\">\n<td data-start=\"3092\" data-end=\"3104\" data-col-size=\"sm\">Type de masque<\/td>\n<td data-start=\"3104\" data-end=\"3131\" data-col-size=\"sm\">Coussinets nasaux pour masque CPAP<\/td>\n<\/tr>\n<tr data-start=\"3132\" data-end=\"3148\">\n<td data-start=\"3132\" data-end=\"3140\" data-col-size=\"sm\">Mod\u00e8le<\/td>\n<td data-start=\"3140\" data-end=\"3148\" data-col-size=\"sm\">Solo<\/td>\n<\/tr>\n<tr data-start=\"3149\" data-end=\"3190\">\n<td data-start=\"3149\" data-end=\"3166\" data-col-size=\"sm\">Tailles des packs<\/td>\n<td data-col-size=\"sm\" data-start=\"3166\" data-end=\"3190\">Petit moyen grand<\/td>\n<\/tr>\n<tr data-start=\"3191\" data-end=\"3212\">\n<td data-start=\"3191\" data-end=\"3201\" data-col-size=\"sm\">Version<\/td>\n<td data-start=\"3201\" data-end=\"3212\" data-col-size=\"sm\">Mod\u00e8le U<\/td>\n<\/tr>\n<tr data-start=\"3213\" data-end=\"3254\">\n<td data-start=\"3213\" data-end=\"3237\" data-col-size=\"sm\">Compatibilit\u00e9 th\u00e9rapeutique<\/td>\n<td data-col-size=\"sm\" data-start=\"3237\" data-end=\"3254\">CPAP et APAP<\/td>\n<\/tr>\n<tr data-start=\"3255\" data-end=\"3276\">\n<td data-start=\"3255\" data-end=\"3267\" data-col-size=\"sm\">Type d&#039;utilisateur<\/td>\n<td data-start=\"3267\" data-end=\"3276\" data-col-size=\"sm\">Adulte<\/td>\n<\/tr>\n<\/tbody>\n<\/table>\n<\/div>\n<\/div>","protected":false},"excerpt":{"rendered":"<p>Le kit d&#039;ajustement de masque Solo Pillows (mod\u00e8le SML U) offre une solution compl\u00e8te d&#039;ajustement des embouts nasaux gr\u00e2ce \u00e0 ses trois tailles incluses (petite, moyenne et grande). Con\u00e7u pour un contact minimal avec le visage, une \u00e9tanch\u00e9it\u00e9 optimale et une th\u00e9rapie CPAP silencieuse, il permet \u00e0 l&#039;utilisateur de trouver l&#039;ajustement id\u00e9al pour un confort et une performance am\u00e9lior\u00e9s.<\/p>","protected":false},"featured_media":6011,"comment_status":"open","ping_status":"closed","template":"","meta":[],"product_brand":[],"product_cat":[109,99],"product_tag":[],"class_list":{"0":"post-5966","1":"product","2":"type-product","3":"status-publish","4":"has-post-thumbnail","6":"product_cat-fisherpayckel","7":"product_cat-nasal-cpap-mask","9":"first","10":"instock","11":"sale","12":"taxable","13":"shipping-taxable","14":"purchasable","15":"product-type-simple"},"yoast_head":"<!-- This site is optimized with the Yoast SEO plugin v27.3 - https:\/\/yoast.com\/product\/yoast-seo-wordpress\/ -->\n<title>Solo Pillows Mask Fitpack\/SML U Model | Respiart - Respiratory therapist Montreal<\/title>\n<meta name=\"description\" content=\"Solo Pillows Mask Fit Pack SML U Model provides a complete nasal pillows fitting solution with Small, Medium, and Large pillow sizes included. Designed for minimal facial contact, secure sealing, and quiet CPAP therapy, it allows users to find their ideal fit for improved comfort and performance.\" \/>\n<meta name=\"robots\" content=\"index, follow, max-snippet:-1, max-image-preview:large, max-video-preview:-1\" \/>\n<link rel=\"canonical\" href=\"https:\/\/respiart.ca\/fr\/magasin\/oreillers-solo-masque-fitpack-sml-modele-u\/\" \/>\n<meta property=\"og:locale\" content=\"fr_CA\" \/>\n<meta property=\"og:type\" content=\"article\" \/>\n<meta property=\"og:title\" content=\"Solo Pillows Mask Fitpack\/SML U Model | Respiart - Respiratory therapist Montreal\" \/>\n<meta property=\"og:description\" content=\"Solo Pillows Mask Fit Pack SML U Model provides a complete nasal pillows fitting solution with Small, Medium, and Large pillow sizes included. Designed for minimal facial contact, secure sealing, and quiet CPAP therapy, it allows users to find their ideal fit for improved comfort and performance.\" \/>\n<meta property=\"og:url\" content=\"https:\/\/respiart.ca\/fr\/magasin\/oreillers-solo-masque-fitpack-sml-modele-u\/\" \/>\n<meta property=\"og:site_name\" content=\"Respiart - Respiratory therapist Montreal\" \/>\n<meta property=\"article:modified_time\" content=\"2025-12-20T23:27:31+00:00\" \/>\n<meta property=\"og:image\" content=\"https:\/\/respiart.ca\/wp-content\/uploads\/2025\/12\/6148Rmo2LPL._AC_SX679_.jpg\" \/>\n\t<meta property=\"og:image:width\" content=\"679\" \/>\n\t<meta property=\"og:image:height\" content=\"699\" \/>\n\t<meta property=\"og:image:type\" content=\"image\/jpeg\" \/>\n<meta name=\"twitter:card\" content=\"summary_large_image\" \/>\n<meta name=\"twitter:label1\" content=\"Estimation du temps de lecture\" \/>\n\t<meta name=\"twitter:data1\" content=\"1 minute\" \/>\n<script type=\"application\/ld+json\" class=\"yoast-schema-graph\">{\"@context\":\"https:\\\/\\\/schema.org\",\"@graph\":[{\"@type\":\"WebPage\",\"@id\":\"https:\\\/\\\/respiart.ca\\\/shop\\\/solo-pillows-mask-fitpack-sml-u-model\\\/\",\"url\":\"https:\\\/\\\/respiart.ca\\\/shop\\\/solo-pillows-mask-fitpack-sml-u-model\\\/\",\"name\":\"Solo Pillows Mask Fitpack\\\/SML U Model | Respiart - Respiratory therapist Montreal\",\"isPartOf\":{\"@id\":\"https:\\\/\\\/respiart.ca\\\/ar\\\/#website\"},\"primaryImageOfPage\":{\"@id\":\"https:\\\/\\\/respiart.ca\\\/shop\\\/solo-pillows-mask-fitpack-sml-u-model\\\/#primaryimage\"},\"image\":{\"@id\":\"https:\\\/\\\/respiart.ca\\\/shop\\\/solo-pillows-mask-fitpack-sml-u-model\\\/#primaryimage\"},\"thumbnailUrl\":\"https:\\\/\\\/respiart.ca\\\/wp-content\\\/uploads\\\/2025\\\/12\\\/6148Rmo2LPL._AC_SX679_.jpg\",\"datePublished\":\"2025-12-19T11:51:11+00:00\",\"dateModified\":\"2025-12-20T23:27:31+00:00\",\"description\":\"Solo Pillows Mask Fit Pack SML U Model provides a complete nasal pillows fitting solution with Small, Medium, and Large pillow sizes included. Designed for minimal facial contact, secure sealing, and quiet CPAP therapy, it allows users to find their ideal fit for improved comfort and performance.\",\"breadcrumb\":{\"@id\":\"https:\\\/\\\/respiart.ca\\\/shop\\\/solo-pillows-mask-fitpack-sml-u-model\\\/#breadcrumb\"},\"inLanguage\":\"fr-CA\",\"potentialAction\":[{\"@type\":\"ReadAction\",\"target\":[\"https:\\\/\\\/respiart.ca\\\/shop\\\/solo-pillows-mask-fitpack-sml-u-model\\\/\"]}]},{\"@type\":\"ImageObject\",\"inLanguage\":\"fr-CA\",\"@id\":\"https:\\\/\\\/respiart.ca\\\/shop\\\/solo-pillows-mask-fitpack-sml-u-model\\\/#primaryimage\",\"url\":\"https:\\\/\\\/respiart.ca\\\/wp-content\\\/uploads\\\/2025\\\/12\\\/6148Rmo2LPL._AC_SX679_.jpg\",\"contentUrl\":\"https:\\\/\\\/respiart.ca\\\/wp-content\\\/uploads\\\/2025\\\/12\\\/6148Rmo2LPL._AC_SX679_.jpg\",\"width\":679,\"height\":699},{\"@type\":\"BreadcrumbList\",\"@id\":\"https:\\\/\\\/respiart.ca\\\/shop\\\/solo-pillows-mask-fitpack-sml-u-model\\\/#breadcrumb\",\"itemListElement\":[{\"@type\":\"ListItem\",\"position\":1,\"name\":\"Home\",\"item\":\"https:\\\/\\\/respiart.ca\\\/\"},{\"@type\":\"ListItem\",\"position\":2,\"name\":\"Shop CPAP\",\"item\":\"https:\\\/\\\/respiart.ca\\\/ar\\\/%d9%85%d8%aa%d8%ac%d8%b1-cpap\\\/\"},{\"@type\":\"ListItem\",\"position\":3,\"name\":\"Solo Pillows Mask Fitpack\\\/SML U Model\"}]},{\"@type\":\"WebSite\",\"@id\":\"https:\\\/\\\/respiart.ca\\\/ar\\\/#website\",\"url\":\"https:\\\/\\\/respiart.ca\\\/ar\\\/\",\"name\":\"RespiArt - Sleep apnea & CPAPs\",\"description\":\"CPAPs and tests for sleep apnea, asthma, oximetry\",\"publisher\":{\"@id\":\"https:\\\/\\\/respiart.ca\\\/ar\\\/#organization\"},\"potentialAction\":[{\"@type\":\"SearchAction\",\"target\":{\"@type\":\"EntryPoint\",\"urlTemplate\":\"https:\\\/\\\/respiart.ca\\\/ar\\\/?s={search_term_string}\"},\"query-input\":{\"@type\":\"PropertyValueSpecification\",\"valueRequired\":true,\"valueName\":\"search_term_string\"}}],\"inLanguage\":\"fr-CA\"},{\"@type\":\"Organization\",\"@id\":\"https:\\\/\\\/respiart.ca\\\/ar\\\/#organization\",\"name\":\"RespiArt - Sleep apnea & CPAPs\",\"url\":\"https:\\\/\\\/respiart.ca\\\/ar\\\/\",\"logo\":{\"@type\":\"ImageObject\",\"inLanguage\":\"fr-CA\",\"@id\":\"https:\\\/\\\/respiart.ca\\\/ar\\\/#\\\/schema\\\/logo\\\/image\\\/\",\"url\":\"https:\\\/\\\/respiart.ca\\\/wp-content\\\/uploads\\\/2022\\\/05\\\/Respiart-logo-1-e1651540192142.png\",\"contentUrl\":\"https:\\\/\\\/respiart.ca\\\/wp-content\\\/uploads\\\/2022\\\/05\\\/Respiart-logo-1-e1651540192142.png\",\"width\":237,\"height\":61,\"caption\":\"RespiArt - Sleep apnea & CPAPs\"},\"image\":{\"@id\":\"https:\\\/\\\/respiart.ca\\\/ar\\\/#\\\/schema\\\/logo\\\/image\\\/\"}}]}<\/script>\n<!-- \/ Yoast SEO plugin. -->","yoast_head_json":{"title":"Masque Solo Pillows Fitpack\/SML U | Respiart - Th\u00e9rapeute respiratoire Montr\u00e9al","description":"Le kit d&#039;ajustement de masque Solo Pillows (mod\u00e8le SML U) offre une solution compl\u00e8te d&#039;ajustement des embouts nasaux gr\u00e2ce \u00e0 ses trois tailles incluses (petite, moyenne et grande). Con\u00e7u pour un contact minimal avec le visage, une \u00e9tanch\u00e9it\u00e9 optimale et une th\u00e9rapie CPAP silencieuse, il permet \u00e0 l&#039;utilisateur de trouver l&#039;ajustement id\u00e9al pour un confort et une performance am\u00e9lior\u00e9s.","robots":{"index":"index","follow":"follow","max-snippet":"max-snippet:-1","max-image-preview":"max-image-preview:large","max-video-preview":"max-video-preview:-1"},"canonical":"https:\/\/respiart.ca\/fr\/magasin\/oreillers-solo-masque-fitpack-sml-modele-u\/","og_locale":"fr_CA","og_type":"article","og_title":"Solo Pillows Mask Fitpack\/SML U Model | Respiart - Respiratory therapist Montreal","og_description":"Solo Pillows Mask Fit Pack SML U Model provides a complete nasal pillows fitting solution with Small, Medium, and Large pillow sizes included. Designed for minimal facial contact, secure sealing, and quiet CPAP therapy, it allows users to find their ideal fit for improved comfort and performance.","og_url":"https:\/\/respiart.ca\/fr\/magasin\/oreillers-solo-masque-fitpack-sml-modele-u\/","og_site_name":"Respiart - Respiratory therapist Montreal","article_modified_time":"2025-12-20T23:27:31+00:00","og_image":[{"width":679,"height":699,"url":"https:\/\/respiart.ca\/wp-content\/uploads\/2025\/12\/6148Rmo2LPL._AC_SX679_.jpg","type":"image\/jpeg"}],"twitter_card":"summary_large_image","twitter_misc":{"Estimation du temps de lecture":"1 minute"},"schema":{"@context":"https:\/\/schema.org","@graph":[{"@type":"WebPage","@id":"https:\/\/respiart.ca\/shop\/solo-pillows-mask-fitpack-sml-u-model\/","url":"https:\/\/respiart.ca\/shop\/solo-pillows-mask-fitpack-sml-u-model\/","name":"Masque Solo Pillows Fitpack\/SML U | Respiart - Th\u00e9rapeute respiratoire Montr\u00e9al","isPartOf":{"@id":"https:\/\/respiart.ca\/ar\/#website"},"primaryImageOfPage":{"@id":"https:\/\/respiart.ca\/shop\/solo-pillows-mask-fitpack-sml-u-model\/#primaryimage"},"image":{"@id":"https:\/\/respiart.ca\/shop\/solo-pillows-mask-fitpack-sml-u-model\/#primaryimage"},"thumbnailUrl":"https:\/\/respiart.ca\/wp-content\/uploads\/2025\/12\/6148Rmo2LPL._AC_SX679_.jpg","datePublished":"2025-12-19T11:51:11+00:00","dateModified":"2025-12-20T23:27:31+00:00","description":"Le kit d&#039;ajustement de masque Solo Pillows (mod\u00e8le SML U) offre une solution compl\u00e8te d&#039;ajustement des embouts nasaux gr\u00e2ce \u00e0 ses trois tailles incluses (petite, moyenne et grande). Con\u00e7u pour un contact minimal avec le visage, une \u00e9tanch\u00e9it\u00e9 optimale et une th\u00e9rapie CPAP silencieuse, il permet \u00e0 l&#039;utilisateur de trouver l&#039;ajustement id\u00e9al pour un confort et une performance am\u00e9lior\u00e9s.","breadcrumb":{"@id":"https:\/\/respiart.ca\/shop\/solo-pillows-mask-fitpack-sml-u-model\/#breadcrumb"},"inLanguage":"fr-CA","potentialAction":[{"@type":"ReadAction","target":["https:\/\/respiart.ca\/shop\/solo-pillows-mask-fitpack-sml-u-model\/"]}]},{"@type":"ImageObject","inLanguage":"fr-CA","@id":"https:\/\/respiart.ca\/shop\/solo-pillows-mask-fitpack-sml-u-model\/#primaryimage","url":"https:\/\/respiart.ca\/wp-content\/uploads\/2025\/12\/6148Rmo2LPL._AC_SX679_.jpg","contentUrl":"https:\/\/respiart.ca\/wp-content\/uploads\/2025\/12\/6148Rmo2LPL._AC_SX679_.jpg","width":679,"height":699},{"@type":"BreadcrumbList","@id":"https:\/\/respiart.ca\/shop\/solo-pillows-mask-fitpack-sml-u-model\/#breadcrumb","itemListElement":[{"@type":"ListItem","position":1,"name":"Home","item":"https:\/\/respiart.ca\/"},{"@type":"ListItem","position":2,"name":"Shop CPAP","item":"https:\/\/respiart.ca\/ar\/%d9%85%d8%aa%d8%ac%d8%b1-cpap\/"},{"@type":"ListItem","position":3,"name":"Solo Pillows Mask Fitpack\/SML U Model"}]},{"@type":"WebSite","@id":"https:\/\/respiart.ca\/ar\/#website","url":"https:\/\/respiart.ca\/ar\/","name":"RespiArt - Apn\u00e9e du sommeil et CPAP","description":"CPAP et tests pour l&#039;apn\u00e9e du sommeil, l&#039;asthme, l&#039;oxym\u00e9trie","publisher":{"@id":"https:\/\/respiart.ca\/ar\/#organization"},"potentialAction":[{"@type":"SearchAction","target":{"@type":"EntryPoint","urlTemplate":"https:\/\/respiart.ca\/ar\/?s={search_term_string}"},"query-input":{"@type":"PropertyValueSpecification","valueRequired":true,"valueName":"search_term_string"}}],"inLanguage":"fr-CA"},{"@type":"Organization","@id":"https:\/\/respiart.ca\/ar\/#organization","name":"RespiArt - Apn\u00e9e du sommeil et CPAP","url":"https:\/\/respiart.ca\/ar\/","logo":{"@type":"ImageObject","inLanguage":"fr-CA","@id":"https:\/\/respiart.ca\/ar\/#\/schema\/logo\/image\/","url":"https:\/\/respiart.ca\/wp-content\/uploads\/2022\/05\/Respiart-logo-1-e1651540192142.png","contentUrl":"https:\/\/respiart.ca\/wp-content\/uploads\/2022\/05\/Respiart-logo-1-e1651540192142.png","width":237,"height":61,"caption":"RespiArt - Sleep apnea & CPAPs"},"image":{"@id":"https:\/\/respiart.ca\/ar\/#\/schema\/logo\/image\/"}}]}},"_links":{"self":[{"href":"https:\/\/respiart.ca\/fr\/wp-json\/wp\/v2\/product\/5966","targetHints":{"allow":["GET"]}}],"collection":[{"href":"https:\/\/respiart.ca\/fr\/wp-json\/wp\/v2\/product"}],"about":[{"href":"https:\/\/respiart.ca\/fr\/wp-json\/wp\/v2\/types\/product"}],"replies":[{"embeddable":true,"href":"https:\/\/respiart.ca\/fr\/wp-json\/wp\/v2\/comments?post=5966"}],"wp:featuredmedia":[{"embeddable":true,"href":"https:\/\/respiart.ca\/fr\/wp-json\/wp\/v2\/media\/6011"}],"wp:attachment":[{"href":"https:\/\/respiart.ca\/fr\/wp-json\/wp\/v2\/media?parent=5966"}],"wp:term":[{"taxonomy":"product_brand","embeddable":true,"href":"https:\/\/respiart.ca\/fr\/wp-json\/wp\/v2\/product_brand?post=5966"},{"taxonomy":"product_cat","embeddable":true,"href":"https:\/\/respiart.ca\/fr\/wp-json\/wp\/v2\/product_cat?post=5966"},{"taxonomy":"product_tag","embeddable":true,"href":"https:\/\/respiart.ca\/fr\/wp-json\/wp\/v2\/product_tag?post=5966"}],"curies":[{"name":"wp","href":"https:\/\/api.w.org\/{rel}","templated":true}]}}